{"id":84326,"date":"2025-06-05T09:53:05","date_gmt":"2025-06-05T07:53:05","guid":{"rendered":"https:\/\/magnetarmagnets.com\/?post_type=product&#038;p=84326"},"modified":"2026-04-04T07:14:03","modified_gmt":"2026-04-04T05:14:03","slug":"grappling-hook-xxl","status":"publish","type":"product","link":"https:\/\/magnetarmagnets.com\/no\/shop\/grappling-hook-xxl\/","title":{"rendered":"Grappling Hook XXL"},"content":{"rendered":"<h2><strong>Trenger jeg virkelig Grappling Hook XXL for magnetfiske?<\/strong><\/h2>\n\nDet er absolutt mulig \u00e5 drive med magnetfiske med bare en fiskemagnet og et p\u00e5litelig tau. Bruk av en Grappling Hook XXL er ikke et krav. Likevel anbefaler vi dedikerte magnetfiskere \u00e5 bruke dette tilbeh\u00f8ret. For \u00e5 kunne dra opp de mest spennende funnene, kreves det ofte mer enn bare en fiskemagnet. Steiner og andre ikke-magnetiske objekter kan gj\u00f8re at \u00f8nskede funn blir sittende fast. I slike tilfeller kan en grappling hook l\u00f8se situasjonen.\n\n<h2><strong>En stor grappling hook<\/strong><\/h2>\n\nMagnetar streber etter \u00e5 levere f\u00f8rsteklasses kvalitet. Ikke bare v\u00e5re fiskemagneter er av h\u00f8yeste kvalitet, men det er ogs\u00e5 alt tilbeh\u00f8r, inkludert v\u00e5re grappling hooks. Grappling hook XXL er ekstra stor og tung for \u00e5 garantere optimal effekt. Dette produktet er 24 cm h\u00f8yt og rett under 20 cm bredt. Kroken har en tyngde p\u00e5 over 600 g som gj\u00f8r at den lett synker i vannet. P\u00e5 denne m\u00e5ten f\u00e5r du best grep om objekter skjult under vann.\n\n\n\nGrappling hook XXL er helt laget av rustfritt st\u00e5l. Dette p\u00e5virker selvf\u00f8lgelig holdbarheten positivt. Bruken av rustfritt st\u00e5l sikrer ogs\u00e5 at grappling hook ikke er magnetisk og fungerer perfekt sammen med en fiskemagnet. De forsterkede punktene \u00f8ker sjansene for \u00e5 hekte p\u00e5 objektet du pr\u00f8ver \u00e5 dra opp av vannet.\n\n<h2><strong>Hvordan bruke Grappling Hook XXL?<\/strong><\/h2>\n\nGrappling hook XXL brukes sammen med et tau. Alle typer tau fungerer, men vi anbefaler \u00e5 bruke v\u00e5rt unike fiskemagnettau. Dette spesifikke tauet har en l\u00f8kke som gj\u00f8r det veldig enkelt \u00e5 knyte. Grappling hook har en \u00f8yeboltskrue p\u00e5 toppen som tauet kan festes i.\n\n\n\nN\u00e5r grappling hook brukes sammen med fiskemagneten, kast tilbeh\u00f8ret i samme retning som fiskemagneten. Fikk du tak i objektet? Dra deretter i begge tauene samtidig \u2013 b\u00e5de magneter og grappling hook. Trekk forsiktig for \u00e5 unng\u00e5 \u00e5 miste grepet.\n\n\n\nDu kan ogs\u00e5 bruke grappling hook til \u00e5 dra opp ikke-magnetiske objekter. Vent til grappling hook har sunket helt til bunnen, og dra tauet forsiktig opp. Husk \u00e5 bruke hansker for \u00e5 beskytte hendene mot friksjon fra tauet.\n\n<h2><strong>Hvilke materialer er ikke magnetiske?<\/strong><\/h2>\n\n<a href=\"https:\/\/magnetarmagnets.com\/collections\/fishing-magnets\">Fiskemagneter<\/a> er laget for \u00e5 trekke magnetiske objekter opp av vannet. Tenk p\u00e5 metallobjekter som potter, panner, n\u00f8kler og mange andre verkt\u00f8y. Objekter laget av nikkel er ogs\u00e5 magnetiske, samt mange historiske mynter laget av dette materialet. Dessuten kan fiskemagneten din dra opp gjenstander laget av kobolt og st\u00e5l.\n\n\n\nDenne ekstra store grappling hook kan brukes til ikke-magnetiske objekter. For eksempel gjenstander laget av aluminium, som bokser og andre bruksartikler. I tillegg er objekter laget av kobber, bly og gull ikke magnetiske og kan lett dras opp med en grappling hook.\n\n<h2><strong>En komplett magnetfiskepakke<\/strong><\/h2>\n\nSer du etter en magnetfiskepakke som inkluderer grappling hook? Magnetar tilbyr flere komplette sett med fiskemagnet, beskyttelsesdeksel, grappling hook, hansker, fiskemagnettau og metalllim. Alt du trenger ved vannkanten for \u00e5 dra opp de mest fantastiske objektene. Nysgjerrig? Ta en titt p\u00e5 v\u00e5r <a href=\"https:\/\/magnetarmagnets.com\/shop\/fishmagnet-package-pro\">Pro Package<\/a> eller v\u00e5r <a href=\"https:\/\/magnetarmagnets.com\/shop\/savage-package-3500-lb-1600-kg-allround-360\">Savage Package<\/a>.\n\n<h2><strong>Advarsel!<\/strong><\/h2>\n\nGrappling hook XXL m\u00e5 brukes forsiktig under magnetfiske. Vi anbefaler \u00e5 rengj\u00f8re produktet etter hver bruk for \u00e5 \u00f8ke verkt\u00f8yets levetid. V\u00e6r ogs\u00e5 forsiktig med de skarpe punktene p\u00e5 grappling hook. Oppbevar produktet slik at ingen kan komme til skade p\u00e5 de skarpe punktene.","protected":false},"excerpt":{"rendered":"<p>Kommer du noen ganger over gjenstander som er umulige \u00e5 trekke opp med fiskemagneten alene? <strong>Grappling Hook XXL<\/strong> er et <strong>essensielt<\/strong> tilbeh\u00f8r for magnetfiske. Dette verkt\u00f8yet gj\u00f8r det mulig \u00e5 <strong>f\u00e5 tak i ikke-magnetiske objekter<\/strong> som ligger begravet under vann. Grappling hook er helt laget av <strong>rustfritt st\u00e5l<\/strong> for \u00e5 sikre <strong>enkel bruk<\/strong> sammen med en Magnetar fiskemagnet.<\/p>\n","protected":false},"featured_media":75922,"comment_status":"open","ping_status":"closed","template":"","meta":{"_acf_changed":false,"inline_featured_image":false},"product_brand":[],"product_cat":[610,609],"product_tag":[],"class_list":{"0":"post-84326","1":"product","2":"type-product","3":"status-publish","4":"has-post-thumbnail","6":"product_cat-magnetfiskeutstyr","7":"product_cat-utstyr","9":"first","10":"instock","11":"sale","12":"taxable","13":"shipping-taxable","14":"purchasable","15":"product-type-simple"},"acf":[],"yoast_head":"<!-- This site is optimized with the Yoast SEO plugin v27.3 - https:\/\/yoast.com\/product\/yoast-seo-wordpress\/ -->\n<title>Grappling Hook XXL - Magnet fishing with a Magnetar fishing magnet<\/title>\n<meta name=\"description\" content=\"Grappling Hook XXL - Storskalafiske med Magnetar\" \/>\n<meta name=\"robots\" content=\"index, follow, max-snippet:-1, max-image-preview:large, max-video-preview:-1\" \/>\n<link rel=\"canonical\" href=\"https:\/\/magnetarmagnets.com\/no\/shop\/grappling-hook-xxl\/\" \/>\n<meta property=\"og:locale\" content=\"nb_NO\" \/>\n<meta property=\"og:type\" content=\"article\" \/>\n<meta property=\"og:title\" content=\"Grappling Hook XXL - Magnet fishing with a Magnetar fishing magnet\" \/>\n<meta property=\"og:description\" content=\"Grappling Hook XXL - Storskalafiske med Magnetar\" \/>\n<meta property=\"og:url\" content=\"https:\/\/magnetarmagnets.com\/no\/shop\/grappling-hook-xxl\/\" \/>\n<meta property=\"og:site_name\" content=\"Magnet fishing with a Magnetar fishing magnet\" \/>\n<meta property=\"article:publisher\" content=\"https:\/\/www.facebook.com\/fishingmagnets\/\" \/>\n<meta property=\"article:modified_time\" content=\"2026-04-04T05:14:03+00:00\" \/>\n<meta property=\"og:image\" content=\"https:\/\/magnetarmagnets.com\/wp-content\/uploads\/2015\/09\/werphaak-3.jpg\" \/>\n\t<meta property=\"og:image:width\" content=\"800\" \/>\n\t<meta property=\"og:image:height\" content=\"800\" \/>\n\t<meta property=\"og:image:type\" content=\"image\/jpeg\" \/>\n<meta name=\"twitter:card\" content=\"summary_large_image\" \/>\n<meta name=\"twitter:label1\" content=\"Ansl. lesetid\" \/>\n\t<meta name=\"twitter:data1\" content=\"3 minutter\" \/>\n<script type=\"application\/ld+json\" class=\"yoast-schema-graph\">{\"@context\":\"https:\\\/\\\/schema.org\",\"@graph\":[{\"@type\":[\"WebPage\",\"ItemPage\"],\"@id\":\"https:\\\/\\\/magnetarmagnets.com\\\/no\\\/shop\\\/grappling-hook-xxl\\\/\",\"url\":\"https:\\\/\\\/magnetarmagnets.com\\\/no\\\/shop\\\/grappling-hook-xxl\\\/\",\"name\":\"Grappling Hook XXL - Magnet fishing with a Magnetar fishing magnet\",\"isPartOf\":{\"@id\":\"https:\\\/\\\/magnetarmagnets.com\\\/no\\\/#website\"},\"primaryImageOfPage\":{\"@id\":\"https:\\\/\\\/magnetarmagnets.com\\\/no\\\/shop\\\/grappling-hook-xxl\\\/#primaryimage\"},\"image\":{\"@id\":\"https:\\\/\\\/magnetarmagnets.com\\\/no\\\/shop\\\/grappling-hook-xxl\\\/#primaryimage\"},\"thumbnailUrl\":\"https:\\\/\\\/magnetarmagnets.com\\\/wp-content\\\/uploads\\\/2015\\\/09\\\/werphaak-3.jpg\",\"datePublished\":\"2025-06-05T07:53:05+00:00\",\"dateModified\":\"2026-04-04T05:14:03+00:00\",\"description\":\"Grappling Hook XXL - Storskalafiske med Magnetar\",\"breadcrumb\":{\"@id\":\"https:\\\/\\\/magnetarmagnets.com\\\/no\\\/shop\\\/grappling-hook-xxl\\\/#breadcrumb\"},\"inLanguage\":\"nb-NO\",\"potentialAction\":[{\"@type\":\"ReadAction\",\"target\":[\"https:\\\/\\\/magnetarmagnets.com\\\/no\\\/shop\\\/grappling-hook-xxl\\\/\"]}]},{\"@type\":\"ImageObject\",\"inLanguage\":\"nb-NO\",\"@id\":\"https:\\\/\\\/magnetarmagnets.com\\\/no\\\/shop\\\/grappling-hook-xxl\\\/#primaryimage\",\"url\":\"https:\\\/\\\/magnetarmagnets.com\\\/wp-content\\\/uploads\\\/2015\\\/09\\\/werphaak-3.jpg\",\"contentUrl\":\"https:\\\/\\\/magnetarmagnets.com\\\/wp-content\\\/uploads\\\/2015\\\/09\\\/werphaak-3.jpg\",\"width\":800,\"height\":800,\"caption\":\"Dreghaak\"},{\"@type\":\"BreadcrumbList\",\"@id\":\"https:\\\/\\\/magnetarmagnets.com\\\/no\\\/shop\\\/grappling-hook-xxl\\\/#breadcrumb\",\"itemListElement\":[{\"@type\":\"ListItem\",\"position\":1,\"name\":\"Home\",\"item\":\"https:\\\/\\\/magnetarmagnets.com\\\/no\\\/\"},{\"@type\":\"ListItem\",\"position\":2,\"name\":\"Butikk\",\"item\":\"https:\\\/\\\/magnetarmagnets.com\\\/butikk\\\/\"},{\"@type\":\"ListItem\",\"position\":3,\"name\":\"Utstyr\",\"item\":\"https:\\\/\\\/magnetarmagnets.com\\\/no\\\/collections\\\/utstyr\\\/\"},{\"@type\":\"ListItem\",\"position\":4,\"name\":\"Magnetfiskeutstyr\",\"item\":\"https:\\\/\\\/magnetarmagnets.com\\\/no\\\/collections\\\/utstyr\\\/magnetfiskeutstyr\\\/\"},{\"@type\":\"ListItem\",\"position\":5,\"name\":\"Grappling Hook XXL\"}]},{\"@type\":\"WebSite\",\"@id\":\"https:\\\/\\\/magnetarmagnets.com\\\/no\\\/#website\",\"url\":\"https:\\\/\\\/magnetarmagnets.com\\\/no\\\/\",\"name\":\"Magnet fishing with a Magnetar fishing magnet\",\"description\":\"Kraftige magneter for magnetfiske\",\"publisher\":{\"@id\":\"https:\\\/\\\/magnetarmagnets.com\\\/no\\\/#organization\"},\"potentialAction\":[{\"@type\":\"SearchAction\",\"target\":{\"@type\":\"EntryPoint\",\"urlTemplate\":\"https:\\\/\\\/magnetarmagnets.com\\\/no\\\/?s={search_term_string}\"},\"query-input\":{\"@type\":\"PropertyValueSpecification\",\"valueRequired\":true,\"valueName\":\"search_term_string\"}}],\"inLanguage\":\"nb-NO\"},{\"@type\":\"Organization\",\"@id\":\"https:\\\/\\\/magnetarmagnets.com\\\/no\\\/#organization\",\"name\":\"Magnetar\",\"url\":\"https:\\\/\\\/magnetarmagnets.com\\\/no\\\/\",\"logo\":{\"@type\":\"ImageObject\",\"inLanguage\":\"nb-NO\",\"@id\":\"https:\\\/\\\/magnetarmagnets.com\\\/no\\\/#\\\/schema\\\/logo\\\/image\\\/\",\"url\":\"https:\\\/\\\/magnetarmagnets.com\\\/wp-content\\\/uploads\\\/2025\\\/05\\\/Logo-03_PNG-Black-scaled.png\",\"contentUrl\":\"https:\\\/\\\/magnetarmagnets.com\\\/wp-content\\\/uploads\\\/2025\\\/05\\\/Logo-03_PNG-Black-scaled.png\",\"width\":2560,\"height\":1658,\"caption\":\"Magnetar\"},\"image\":{\"@id\":\"https:\\\/\\\/magnetarmagnets.com\\\/no\\\/#\\\/schema\\\/logo\\\/image\\\/\"},\"sameAs\":[\"https:\\\/\\\/www.facebook.com\\\/fishingmagnets\\\/\",\"https:\\\/\\\/www.instagram.com\\\/magnetar_magnets\\\/\",\"https:\\\/\\\/www.linkedin.com\\\/company\\\/magnetarbv\\\/?originalSubdomain=nl\",\"https:\\\/\\\/www.youtube.com\\\/c\\\/MagnetarVismagneet\"]}]}<\/script>\n<!-- \/ Yoast SEO plugin. -->","yoast_head_json":{"title":"Grappling Hook XXL - Magnet fishing with a Magnetar fishing magnet","description":"Grappling Hook XXL - Storskalafiske med Magnetar","robots":{"index":"index","follow":"follow","max-snippet":"max-snippet:-1","max-image-preview":"max-image-preview:large","max-video-preview":"max-video-preview:-1"},"canonical":"https:\/\/magnetarmagnets.com\/no\/shop\/grappling-hook-xxl\/","og_locale":"nb_NO","og_type":"article","og_title":"Grappling Hook XXL - Magnet fishing with a Magnetar fishing magnet","og_description":"Grappling Hook XXL - Storskalafiske med Magnetar","og_url":"https:\/\/magnetarmagnets.com\/no\/shop\/grappling-hook-xxl\/","og_site_name":"Magnet fishing with a Magnetar fishing magnet","article_publisher":"https:\/\/www.facebook.com\/fishingmagnets\/","article_modified_time":"2026-04-04T05:14:03+00:00","og_image":[{"width":800,"height":800,"url":"https:\/\/magnetarmagnets.com\/wp-content\/uploads\/2015\/09\/werphaak-3.jpg","type":"image\/jpeg"}],"twitter_card":"summary_large_image","twitter_misc":{"Ansl. lesetid":"3 minutter"},"schema":{"@context":"https:\/\/schema.org","@graph":[{"@type":["WebPage","ItemPage"],"@id":"https:\/\/magnetarmagnets.com\/no\/shop\/grappling-hook-xxl\/","url":"https:\/\/magnetarmagnets.com\/no\/shop\/grappling-hook-xxl\/","name":"Grappling Hook XXL - Magnet fishing with a Magnetar fishing magnet","isPartOf":{"@id":"https:\/\/magnetarmagnets.com\/no\/#website"},"primaryImageOfPage":{"@id":"https:\/\/magnetarmagnets.com\/no\/shop\/grappling-hook-xxl\/#primaryimage"},"image":{"@id":"https:\/\/magnetarmagnets.com\/no\/shop\/grappling-hook-xxl\/#primaryimage"},"thumbnailUrl":"https:\/\/magnetarmagnets.com\/wp-content\/uploads\/2015\/09\/werphaak-3.jpg","datePublished":"2025-06-05T07:53:05+00:00","dateModified":"2026-04-04T05:14:03+00:00","description":"Grappling Hook XXL - Storskalafiske med Magnetar","breadcrumb":{"@id":"https:\/\/magnetarmagnets.com\/no\/shop\/grappling-hook-xxl\/#breadcrumb"},"inLanguage":"nb-NO","potentialAction":[{"@type":"ReadAction","target":["https:\/\/magnetarmagnets.com\/no\/shop\/grappling-hook-xxl\/"]}]},{"@type":"ImageObject","inLanguage":"nb-NO","@id":"https:\/\/magnetarmagnets.com\/no\/shop\/grappling-hook-xxl\/#primaryimage","url":"https:\/\/magnetarmagnets.com\/wp-content\/uploads\/2015\/09\/werphaak-3.jpg","contentUrl":"https:\/\/magnetarmagnets.com\/wp-content\/uploads\/2015\/09\/werphaak-3.jpg","width":800,"height":800,"caption":"Dreghaak"},{"@type":"BreadcrumbList","@id":"https:\/\/magnetarmagnets.com\/no\/shop\/grappling-hook-xxl\/#breadcrumb","itemListElement":[{"@type":"ListItem","position":1,"name":"Home","item":"https:\/\/magnetarmagnets.com\/no\/"},{"@type":"ListItem","position":2,"name":"Butikk","item":"https:\/\/magnetarmagnets.com\/butikk\/"},{"@type":"ListItem","position":3,"name":"Utstyr","item":"https:\/\/magnetarmagnets.com\/no\/collections\/utstyr\/"},{"@type":"ListItem","position":4,"name":"Magnetfiskeutstyr","item":"https:\/\/magnetarmagnets.com\/no\/collections\/utstyr\/magnetfiskeutstyr\/"},{"@type":"ListItem","position":5,"name":"Grappling Hook XXL"}]},{"@type":"WebSite","@id":"https:\/\/magnetarmagnets.com\/no\/#website","url":"https:\/\/magnetarmagnets.com\/no\/","name":"Magnet fishing with a Magnetar fishing magnet","description":"Kraftige magneter for magnetfiske","publisher":{"@id":"https:\/\/magnetarmagnets.com\/no\/#organization"},"potentialAction":[{"@type":"SearchAction","target":{"@type":"EntryPoint","urlTemplate":"https:\/\/magnetarmagnets.com\/no\/?s={search_term_string}"},"query-input":{"@type":"PropertyValueSpecification","valueRequired":true,"valueName":"search_term_string"}}],"inLanguage":"nb-NO"},{"@type":"Organization","@id":"https:\/\/magnetarmagnets.com\/no\/#organization","name":"Magnetar","url":"https:\/\/magnetarmagnets.com\/no\/","logo":{"@type":"ImageObject","inLanguage":"nb-NO","@id":"https:\/\/magnetarmagnets.com\/no\/#\/schema\/logo\/image\/","url":"https:\/\/magnetarmagnets.com\/wp-content\/uploads\/2025\/05\/Logo-03_PNG-Black-scaled.png","contentUrl":"https:\/\/magnetarmagnets.com\/wp-content\/uploads\/2025\/05\/Logo-03_PNG-Black-scaled.png","width":2560,"height":1658,"caption":"Magnetar"},"image":{"@id":"https:\/\/magnetarmagnets.com\/no\/#\/schema\/logo\/image\/"},"sameAs":["https:\/\/www.facebook.com\/fishingmagnets\/","https:\/\/www.instagram.com\/magnetar_magnets\/","https:\/\/www.linkedin.com\/company\/magnetarbv\/?originalSubdomain=nl","https:\/\/www.youtube.com\/c\/MagnetarVismagneet"]}]}},"_links":{"self":[{"href":"https:\/\/magnetarmagnets.com\/no\/wp-json\/wp\/v2\/product\/84326","targetHints":{"allow":["GET"]}}],"collection":[{"href":"https:\/\/magnetarmagnets.com\/no\/wp-json\/wp\/v2\/product"}],"about":[{"href":"https:\/\/magnetarmagnets.com\/no\/wp-json\/wp\/v2\/types\/product"}],"replies":[{"embeddable":true,"href":"https:\/\/magnetarmagnets.com\/no\/wp-json\/wp\/v2\/comments?post=84326"}],"version-history":[{"count":0,"href":"https:\/\/magnetarmagnets.com\/no\/wp-json\/wp\/v2\/product\/84326\/revisions"}],"wp:featuredmedia":[{"embeddable":true,"href":"https:\/\/magnetarmagnets.com\/no\/wp-json\/wp\/v2\/media\/75922"}],"wp:attachment":[{"href":"https:\/\/magnetarmagnets.com\/no\/wp-json\/wp\/v2\/media?parent=84326"}],"wp:term":[{"taxonomy":"product_brand","embeddable":true,"href":"https:\/\/magnetarmagnets.com\/no\/wp-json\/wp\/v2\/product_brand?post=84326"},{"taxonomy":"product_cat","embeddable":true,"href":"https:\/\/magnetarmagnets.com\/no\/wp-json\/wp\/v2\/product_cat?post=84326"},{"taxonomy":"product_tag","embeddable":true,"href":"https:\/\/magnetarmagnets.com\/no\/wp-json\/wp\/v2\/product_tag?post=84326"}],"curies":[{"name":"wp","href":"https:\/\/api.w.org\/{rel}","templated":true}]}}