{"id":84325,"date":"2025-06-05T09:53:05","date_gmt":"2025-06-05T07:53:05","guid":{"rendered":"https:\/\/magnetarmagnets.com\/?post_type=product&#038;p=84325"},"modified":"2026-05-16T09:27:20","modified_gmt":"2026-05-16T07:27:20","slug":"magnetisk-kost-2-0-for-intensiv-bruk","status":"publish","type":"product","link":"https:\/\/magnetarmagnets.com\/no\/shop\/magnetisk-kost-2-0-for-intensiv-bruk\/","title":{"rendered":"Magnetisk kost 2.0 &#8211; For intensiv bruk"},"content":{"rendered":"\t\t<div data-elementor-type=\"product-post\" data-elementor-id=\"84325\" class=\"elementor elementor-84325 elementor-66997\" data-elementor-post-type=\"product\">\n\t\t\t\t<div class=\"elementor-element elementor-element-7d4c9332 e-con-full e-flex e-con e-parent\" data-id=\"7d4c9332\" data-element_type=\"container\" data-e-type=\"container\" data-settings=\"{&quot;background_background&quot;:&quot;classic&quot;,&quot;animation_mobile&quot;:&quot;fadeInUp&quot;}\">\n\t\t\t\t<\/div>\n\t\t<div class=\"elementor-element elementor-element-17433bd7 e-con-full e-flex e-con e-parent\" data-id=\"17433bd7\" data-element_type=\"container\" data-e-type=\"container\" data-settings=\"{&quot;background_background&quot;:&quot;classic&quot;,&quot;animation_mobile&quot;:&quot;fadeInUp&quot;}\">\n\t\t\t\t<div class=\"elementor-element elementor-element-109a8885 elementor-hidden-desktop elementor-widget elementor-widget-spacer\" data-id=\"109a8885\" data-element_type=\"widget\" data-e-type=\"widget\" data-widget_type=\"spacer.default\">\n\t\t\t\t\t\t\t<div class=\"elementor-spacer\">\n\t\t\t<div class=\"elementor-spacer-inner\"><\/div>\n\t\t<\/div>\n\t\t\t\t\t\t<\/div>\n\t\t\t\t<div class=\"elementor-element elementor-element-3aeff4b5 elementor-widget elementor-widget-text-editor\" data-id=\"3aeff4b5\" data-element_type=\"widget\" data-e-type=\"widget\" data-settings=\"{&quot;_animation_mobile&quot;:&quot;slideInLeft&quot;}\" data-widget_type=\"text-editor.default\">\n\t\t\t\t\t\t\t\t\t<p data-start=\"0\" data-end=\"459\">Magnetic Broom 2.0 er konstruert for intensiv daglig rengj\u00f8ring i verksteder, lagerbygninger, parkeringsomr\u00e5der, idrettsanlegg og ved arrangementer. Du ruller den over overflaten og samler raskt opp spiker, skruer, spon, stifter og annet jernholdig avfall. Dette sparer tid, gj\u00f8r arbeidsomr\u00e5dene tryggere og reduserer manuell b\u00f8ying. Den oppdaterte modellen kombinerer sterk magnetisk oppsamling, smidig mobilitet og et praktisk utl\u00f8sersystem for rask og effektiv opprydding.<\/p>\t\t\t\t\t\t\t\t<\/div>\n\t\t\t\t<\/div>\n\t\t<div class=\"elementor-element elementor-element-1c83365a e-flex e-con-boxed e-con e-parent\" data-id=\"1c83365a\" data-element_type=\"container\" data-e-type=\"container\">\n\t\t\t\t\t<div class=\"e-con-inner\">\n\t\t\t\t<div class=\"elementor-element elementor-element-508ac3fd elementor-widget elementor-widget-spacer\" data-id=\"508ac3fd\" data-element_type=\"widget\" data-e-type=\"widget\" data-widget_type=\"spacer.default\">\n\t\t\t\t\t\t\t<div class=\"elementor-spacer\">\n\t\t\t<div class=\"elementor-spacer-inner\"><\/div>\n\t\t<\/div>\n\t\t\t\t\t\t<\/div>\n\t\t\t\t\t<\/div>\n\t\t\t\t<\/div>\n\t\t<div class=\"elementor-element elementor-element-72ae2f7c e-con-full e-flex e-con e-parent\" data-id=\"72ae2f7c\" data-element_type=\"container\" data-e-type=\"container\" data-settings=\"{&quot;background_background&quot;:&quot;classic&quot;,&quot;animation_mobile&quot;:&quot;fadeInUp&quot;}\">\n\t\t\t\t<\/div>\n\t\t<div class=\"elementor-element elementor-element-67df0ed1 e-flex e-con-boxed e-con e-parent\" data-id=\"67df0ed1\" data-element_type=\"container\" data-e-type=\"container\" data-settings=\"{&quot;background_background&quot;:&quot;classic&quot;,&quot;animation_mobile&quot;:&quot;fadeInUp&quot;}\">\n\t\t\t\t\t<div class=\"e-con-inner\">\n\t\t\t\t<div class=\"elementor-element elementor-element-755bbcac elementor-widget elementor-widget-text-editor\" data-id=\"755bbcac\" data-element_type=\"widget\" data-e-type=\"widget\" data-settings=\"{&quot;_animation_mobile&quot;:&quot;none&quot;}\" data-widget_type=\"text-editor.default\">\n\t\t\t\t\t\t\t\t\t<p data-start=\"511\" data-end=\"811\">Denne magnetiske kosten hjelper deg med \u00e5 fjerne metallrester i \u00e9n jevn bevegelse. Den egner seg for maskinister, trearbeidere, vedlikeholdsteam og anleggspersonell som trenger \u00e5 rydde gulv raskt. Den bidrar til \u00e5 holde arbeidsomr\u00e5det rent og tryggere, fra fine spon til skruer og spiker.<\/p>\t\t\t\t\t\t\t\t<\/div>\n\t\t\t\t<div class=\"elementor-element elementor-element-7fbc05bc elementor-widget elementor-widget-spacer\" data-id=\"7fbc05bc\" data-element_type=\"widget\" data-e-type=\"widget\" data-widget_type=\"spacer.default\">\n\t\t\t\t\t\t\t<div class=\"elementor-spacer\">\n\t\t\t<div class=\"elementor-spacer-inner\"><\/div>\n\t\t<\/div>\n\t\t\t\t\t\t<\/div>\n\t\t\t\t\t<\/div>\n\t\t\t\t<\/div>\n\t\t<div class=\"elementor-element elementor-element-8aefcf6 e-flex e-con-boxed e-con e-parent\" data-id=\"8aefcf6\" data-element_type=\"container\" data-e-type=\"container\" data-settings=\"{&quot;animation_mobile&quot;:&quot;fadeInUp&quot;}\">\n\t\t\t\t\t<div class=\"e-con-inner\">\n\t\t<div class=\"elementor-element elementor-element-2b3c6999 e-con-full e-flex e-con e-child\" data-id=\"2b3c6999\" data-element_type=\"container\" data-e-type=\"container\" data-settings=\"{&quot;background_background&quot;:&quot;classic&quot;}\">\n\t\t\t\t<\/div>\n\t\t<div class=\"elementor-element elementor-element-21b46500 e-con-full e-flex e-con e-child\" data-id=\"21b46500\" data-element_type=\"container\" data-e-type=\"container\">\n\t\t\t\t<div class=\"elementor-element elementor-element-543146a3 elementor-widget elementor-widget-text-editor\" data-id=\"543146a3\" data-element_type=\"widget\" data-e-type=\"widget\" data-settings=\"{&quot;_animation_mobile&quot;:&quot;slideInLeft&quot;}\" data-widget_type=\"text-editor.default\">\n\t\t\t\t\t\t\t\t\t<p data-start=\"813\" data-end=\"1078\">Den oppdaterte 2.0-modellen har en sterkere magnet som gir bedre pickup-ytelse, selv n\u00e5r metallstykker ligger litt over overflaten. Det gj\u00f8r den effektiv p\u00e5 b\u00e5de sm\u00e5biter og tyngre jernholdig avfall.<\/p>\t\t\t\t\t\t\t\t<\/div>\n\t\t\t\t<div class=\"elementor-element elementor-element-6c09d1f1 elementor-widget elementor-widget-text-editor\" data-id=\"6c09d1f1\" data-element_type=\"widget\" data-e-type=\"widget\" data-widget_type=\"text-editor.default\">\n\t\t\t\t\t\t\t\t\t<p data-start=\"1080\" data-end=\"1255\">Utl\u00f8sermekanismen er plassert p\u00e5 h\u00e5ndtaket, slik at du kan slippe oppsamlet materiale uten \u00e5 b\u00f8ye deg ned. Hjulene gj\u00f8r det ogs\u00e5 enklere \u00e5 bevege seg over betong og ujevnt underlag.<\/p>\t\t\t\t\t\t\t\t<\/div>\n\t\t\t\t<div class=\"elementor-element elementor-element-6679ff93 elementor-widget elementor-widget-spacer\" data-id=\"6679ff93\" data-element_type=\"widget\" data-e-type=\"widget\" data-widget_type=\"spacer.default\">\n\t\t\t\t\t\t\t<div class=\"elementor-spacer\">\n\t\t\t<div class=\"elementor-spacer-inner\"><\/div>\n\t\t<\/div>\n\t\t\t\t\t\t<\/div>\n\t\t\t\t<\/div>\n\t\t\t\t\t<\/div>\n\t\t\t\t<\/div>\n\t\t<div class=\"elementor-element elementor-element-65d4e93e e-flex e-con-boxed e-con e-parent\" data-id=\"65d4e93e\" data-element_type=\"container\" data-e-type=\"container\" data-settings=\"{&quot;animation_mobile&quot;:&quot;fadeInUp&quot;}\">\n\t\t\t\t\t<div class=\"e-con-inner\">\n\t\t\t\t<div class=\"elementor-element elementor-element-4b94614b elementor-widget elementor-widget-heading\" data-id=\"4b94614b\" data-element_type=\"widget\" data-e-type=\"widget\" data-settings=\"{&quot;_animation_mobile&quot;:&quot;slideInLeft&quot;}\" data-widget_type=\"heading.default\">\n\t\t\t\t\t<h2 class=\"elementor-heading-title elementor-size-default\">Hvorfor velge magnetkosten 2.0?<\/h2>\t\t\t\t<\/div>\n\t\t\t\t\t<\/div>\n\t\t\t\t<\/div>\n\t\t<div class=\"elementor-element elementor-element-51c78925 e-flex e-con-boxed e-con e-parent\" data-id=\"51c78925\" data-element_type=\"container\" data-e-type=\"container\" data-settings=\"{&quot;background_background&quot;:&quot;classic&quot;,&quot;animation_mobile&quot;:&quot;fadeInUp&quot;}\">\n\t\t\t\t\t<div class=\"e-con-inner\">\n\t\t\t\t\t<\/div>\n\t\t\t\t<\/div>\n\t\t<div class=\"elementor-element elementor-element-258ba405 e-flex e-con-boxed e-con e-parent\" data-id=\"258ba405\" data-element_type=\"container\" data-e-type=\"container\" data-settings=\"{&quot;animation_mobile&quot;:&quot;fadeInUp&quot;}\">\n\t\t\t\t\t<div class=\"e-con-inner\">\n\t\t\t\t<div class=\"elementor-element elementor-element-3bfc79ee elementor-widget elementor-widget-spacer\" data-id=\"3bfc79ee\" data-element_type=\"widget\" data-e-type=\"widget\" data-widget_type=\"spacer.default\">\n\t\t\t\t\t\t\t<div class=\"elementor-spacer\">\n\t\t\t<div class=\"elementor-spacer-inner\"><\/div>\n\t\t<\/div>\n\t\t\t\t\t\t<\/div>\n\t\t\t\t<div class=\"elementor-element elementor-element-2441e388 elementor-widget elementor-widget-text-editor\" data-id=\"2441e388\" data-element_type=\"widget\" data-e-type=\"widget\" data-settings=\"{&quot;_animation_mobile&quot;:&quot;slideInLeft&quot;}\" data-widget_type=\"text-editor.default\">\n\t\t\t\t\t\t\t\t\t<p><svg fill=\"none\" viewbox=\"0 0 24 24\" stroke-width=\"1.5\" stroke=\"currentColor\" style=\"width:18px;height:18px;vertical-align:middle;margin-right:6px;\"><path stroke-linecap=\"round\" stroke-linejoin=\"round\" d=\"M9 12.75 11.25 15 15 9.75M21 12a9 9 0 1 1-18 0 9 9 0 0 1 18 0Z\"><\/path><\/svg><strong>Raskere rengj\u00f8ring<\/strong><br>Dekker st\u00f8rre omr\u00e5der p\u00e5 kortere tid.<\/p> <p><svg fill=\"none\" viewbox=\"0 0 24 24\" stroke-width=\"1.5\" stroke=\"currentColor\" style=\"width:18px;height:18px;vertical-align:middle;margin-right:6px;\"><path stroke-linecap=\"round\" stroke-linejoin=\"round\" d=\"M9 12.75 11.25 15 15 9.75M21 12a9 9 0 1 1-18 0 9 9 0 0 1 18 0Z\"><\/path><\/svg><strong>Sterk pickup<\/strong><br>Samler enkelt opp spiker, skruer, spon og stifter.<\/p> <p><svg fill=\"none\" viewbox=\"0 0 24 24\" stroke-width=\"1.5\" stroke=\"currentColor\" style=\"width:18px;height:18px;vertical-align:middle;margin-right:6px;\"><path stroke-linecap=\"round\" stroke-linejoin=\"round\" d=\"M9 12.75 11.25 15 15 9.75M21 12a9 9 0 1 1-18 0 9 9 0 0 1 18 0Z\"><\/path><\/svg><strong>Mindre b\u00f8ying<\/strong><br>H\u00e5ndtakets utl\u00f8sersystem reduserer fysisk belastning.<\/p> <p><svg fill=\"none\" viewbox=\"0 0 24 24\" stroke-width=\"1.5\" stroke=\"currentColor\" style=\"width:18px;height:18px;vertical-align:middle;margin-right:6px;\"><path stroke-linecap=\"round\" stroke-linejoin=\"round\" d=\"M9 12.75 11.25 15 15 9.75M21 12a9 9 0 1 1-18 0 9 9 0 0 1 18 0Z\"><\/path><\/svg><strong>Oppdatert design<\/strong><br>Sterkere magnet forbedrer den daglige rengj\u00f8ringsytelsen.<\/p> <p><svg fill=\"none\" viewbox=\"0 0 24 24\" stroke-width=\"1.5\" stroke=\"currentColor\" style=\"width:18px;height:18px;vertical-align:middle;margin-right:6px;\"><path stroke-linecap=\"round\" stroke-linejoin=\"round\" d=\"M9 12.75 11.25 15 15 9.75M21 12a9 9 0 1 1-18 0 9 9 0 0 1 18 0Z\"><\/path><\/svg><strong>Easy \u00e5 flytte<\/strong><br>Hjulene ruller jevnt over flate og ujevne overflater.<\/p> <p><svg fill=\"none\" viewbox=\"0 0 24 24\" stroke-width=\"1.5\" stroke=\"currentColor\" style=\"width:18px;height:18px;vertical-align:middle;margin-right:6px;\"><path stroke-linecap=\"round\" stroke-linejoin=\"round\" d=\"M9 12.75 11.25 15 15 9.75M21 12a9 9 0 1 1-18 0 9 9 0 0 1 18 0Z\"><\/path><\/svg><strong>Bygget for profesjonelle<\/strong><br>Egnet for verksteder, lagerbygninger og utend\u00f8rsanlegg.<\/p> <p><svg fill=\"none\" viewbox=\"0 0 24 24\" stroke-width=\"1.5\" stroke=\"currentColor\" style=\"width:18px;height:18px;vertical-align:middle;margin-right:6px;\"><path stroke-linecap=\"round\" stroke-linejoin=\"round\" d=\"M9 12.75 11.25 15 15 9.75M21 12a9 9 0 1 1-18 0 9 9 0 0 1 18 0Z\"><\/path><\/svg><strong>Tryggere gulv<\/strong><br>Fjerner skarpe metallrester f\u00f8r de for\u00e5rsaker problemer.<\/p>\t\t\t\t\t\t\t\t<\/div>\n\t\t\t\t\t<\/div>\n\t\t\t\t<\/div>\n\t\t\t\t<\/div>\n\t\t","protected":false},"excerpt":{"rendered":"<p>Magnetic Broom 2.0 er det ideelle verkt\u00f8yet for \u00e5 fjerne u\u00f8nsket magnetisk materiale fra <strong>verksteder, idrettsbaner, lagerplasser eller parkeringsplasser<\/strong>.<\/p>\n<p>&nbsp;<\/p>\n","protected":false},"featured_media":80743,"comment_status":"open","ping_status":"closed","template":"","meta":{"_acf_changed":false,"inline_featured_image":false},"product_brand":[],"product_cat":[617,613,609],"product_tag":[],"class_list":{"0":"post-84325","1":"product","2":"type-product","3":"status-publish","4":"has-post-thumbnail","6":"product_cat-annet","7":"product_cat-magnetiske-tilbehor","8":"product_cat-utstyr","10":"first","11":"instock","12":"sale","13":"taxable","14":"shipping-taxable","15":"purchasable","16":"product-type-simple"},"acf":[],"yoast_head":"<!-- This site is optimized with the Yoast SEO plugin v27.6 - https:\/\/yoast.com\/product\/yoast-seo-wordpress\/ -->\n<title>Magnetisk kost 2.0 - For intensiv bruk - Magnet fishing with a Magnetar fishing magnet<\/title>\n<meta name=\"description\" content=\"Magnetic Broom 2.0 er det ideelle verkt\u00f8yet for \u00e5 fjerne u\u00f8nsket magnetisk materiale fra verksteder, idrettsbaner, lagerplasser eller parkeringsplasser.\" \/>\n<meta name=\"robots\" content=\"index, follow, max-snippet:-1, max-image-preview:large, max-video-preview:-1\" \/>\n<link rel=\"canonical\" href=\"https:\/\/magnetarmagnets.com\/no\/shop\/magnetisk-kost-2-0-for-intensiv-bruk\/\" \/>\n<meta property=\"og:locale\" content=\"nb_NO\" \/>\n<meta property=\"og:type\" content=\"article\" \/>\n<meta property=\"og:title\" content=\"Magnetisk kost 2.0 - For intensiv bruk - Magnet fishing with a Magnetar fishing magnet\" \/>\n<meta property=\"og:description\" content=\"Magnetic Broom 2.0 er det ideelle verkt\u00f8yet for \u00e5 fjerne u\u00f8nsket magnetisk materiale fra verksteder, idrettsbaner, lagerplasser eller parkeringsplasser.\" \/>\n<meta property=\"og:url\" content=\"https:\/\/magnetarmagnets.com\/no\/shop\/magnetisk-kost-2-0-for-intensiv-bruk\/\" \/>\n<meta property=\"og:site_name\" content=\"Magnet fishing with a Magnetar fishing magnet\" \/>\n<meta property=\"article:publisher\" content=\"https:\/\/www.facebook.com\/fishingmagnets\/\" \/>\n<meta property=\"article:modified_time\" content=\"2026-05-16T07:27:20+00:00\" \/>\n<meta property=\"og:image\" content=\"https:\/\/magnetarmagnets.com\/wp-content\/uploads\/2023\/08\/B0CMDF9D4B.MAIN_.jpg\" \/>\n\t<meta property=\"og:image:width\" content=\"1500\" \/>\n\t<meta property=\"og:image:height\" content=\"1500\" \/>\n\t<meta property=\"og:image:type\" content=\"image\/jpeg\" \/>\n<meta name=\"twitter:card\" content=\"summary_large_image\" \/>\n<meta name=\"twitter:label1\" content=\"Ansl. lesetid\" \/>\n\t<meta name=\"twitter:data1\" content=\"2 minutter\" \/>\n<script type=\"application\/ld+json\" class=\"yoast-schema-graph\">{\"@context\":\"https:\\\/\\\/schema.org\",\"@graph\":[{\"@type\":[\"WebPage\",\"ItemPage\"],\"@id\":\"https:\\\/\\\/magnetarmagnets.com\\\/no\\\/shop\\\/magnetisk-kost-2-0-for-intensiv-bruk\\\/\",\"url\":\"https:\\\/\\\/magnetarmagnets.com\\\/no\\\/shop\\\/magnetisk-kost-2-0-for-intensiv-bruk\\\/\",\"name\":\"Magnetisk kost 2.0 - For intensiv bruk - Magnet fishing with a Magnetar fishing magnet\",\"isPartOf\":{\"@id\":\"https:\\\/\\\/magnetarmagnets.com\\\/no\\\/#website\"},\"primaryImageOfPage\":{\"@id\":\"https:\\\/\\\/magnetarmagnets.com\\\/no\\\/shop\\\/magnetisk-kost-2-0-for-intensiv-bruk\\\/#primaryimage\"},\"image\":{\"@id\":\"https:\\\/\\\/magnetarmagnets.com\\\/no\\\/shop\\\/magnetisk-kost-2-0-for-intensiv-bruk\\\/#primaryimage\"},\"thumbnailUrl\":\"https:\\\/\\\/magnetarmagnets.com\\\/wp-content\\\/uploads\\\/2023\\\/08\\\/B0CMDF9D4B.MAIN_.jpg\",\"datePublished\":\"2025-06-05T07:53:05+00:00\",\"dateModified\":\"2026-05-16T07:27:20+00:00\",\"description\":\"Magnetic Broom 2.0 er det ideelle verkt\u00f8yet for \u00e5 fjerne u\u00f8nsket magnetisk materiale fra verksteder, idrettsbaner, lagerplasser eller parkeringsplasser.\",\"breadcrumb\":{\"@id\":\"https:\\\/\\\/magnetarmagnets.com\\\/no\\\/shop\\\/magnetisk-kost-2-0-for-intensiv-bruk\\\/#breadcrumb\"},\"inLanguage\":\"nb-NO\",\"potentialAction\":[{\"@type\":\"ReadAction\",\"target\":[\"https:\\\/\\\/magnetarmagnets.com\\\/no\\\/shop\\\/magnetisk-kost-2-0-for-intensiv-bruk\\\/\"]}]},{\"@type\":\"ImageObject\",\"inLanguage\":\"nb-NO\",\"@id\":\"https:\\\/\\\/magnetarmagnets.com\\\/no\\\/shop\\\/magnetisk-kost-2-0-for-intensiv-bruk\\\/#primaryimage\",\"url\":\"https:\\\/\\\/magnetarmagnets.com\\\/wp-content\\\/uploads\\\/2023\\\/08\\\/B0CMDF9D4B.MAIN_.jpg\",\"contentUrl\":\"https:\\\/\\\/magnetarmagnets.com\\\/wp-content\\\/uploads\\\/2023\\\/08\\\/B0CMDF9D4B.MAIN_.jpg\",\"width\":1500,\"height\":1500,\"caption\":\"Magnetkost 2.0\"},{\"@type\":\"BreadcrumbList\",\"@id\":\"https:\\\/\\\/magnetarmagnets.com\\\/no\\\/shop\\\/magnetisk-kost-2-0-for-intensiv-bruk\\\/#breadcrumb\",\"itemListElement\":[{\"@type\":\"ListItem\",\"position\":1,\"name\":\"Home\",\"item\":\"https:\\\/\\\/magnetarmagnets.com\\\/no\\\/\"},{\"@type\":\"ListItem\",\"position\":2,\"name\":\"Butikk\",\"item\":\"https:\\\/\\\/magnetarmagnets.com\\\/butikk\\\/\"},{\"@type\":\"ListItem\",\"position\":3,\"name\":\"Utstyr\",\"item\":\"https:\\\/\\\/magnetarmagnets.com\\\/no\\\/collections\\\/utstyr\\\/\"},{\"@type\":\"ListItem\",\"position\":4,\"name\":\"Magnetiske tilbeh\u00f8r\",\"item\":\"https:\\\/\\\/magnetarmagnets.com\\\/no\\\/collections\\\/utstyr\\\/magnetiske-tilbehor\\\/\"},{\"@type\":\"ListItem\",\"position\":5,\"name\":\"Magnetisk kost 2.0 &#8211; For intensiv bruk\"}]},{\"@type\":\"WebSite\",\"@id\":\"https:\\\/\\\/magnetarmagnets.com\\\/no\\\/#website\",\"url\":\"https:\\\/\\\/magnetarmagnets.com\\\/no\\\/\",\"name\":\"Magnet fishing with a Magnetar fishing magnet\",\"description\":\"Kraftige magneter for magnetfiske\",\"publisher\":{\"@id\":\"https:\\\/\\\/magnetarmagnets.com\\\/no\\\/#organization\"},\"potentialAction\":[{\"@type\":\"SearchAction\",\"target\":{\"@type\":\"EntryPoint\",\"urlTemplate\":\"https:\\\/\\\/magnetarmagnets.com\\\/no\\\/?s={search_term_string}\"},\"query-input\":{\"@type\":\"PropertyValueSpecification\",\"valueRequired\":true,\"valueName\":\"search_term_string\"}}],\"inLanguage\":\"nb-NO\"},{\"@type\":\"Organization\",\"@id\":\"https:\\\/\\\/magnetarmagnets.com\\\/no\\\/#organization\",\"name\":\"Magnetar\",\"url\":\"https:\\\/\\\/magnetarmagnets.com\\\/no\\\/\",\"logo\":{\"@type\":\"ImageObject\",\"inLanguage\":\"nb-NO\",\"@id\":\"https:\\\/\\\/magnetarmagnets.com\\\/no\\\/#\\\/schema\\\/logo\\\/image\\\/\",\"url\":\"https:\\\/\\\/magnetarmagnets.com\\\/wp-content\\\/uploads\\\/2025\\\/05\\\/Logo-03_PNG-Black-scaled.png\",\"contentUrl\":\"https:\\\/\\\/magnetarmagnets.com\\\/wp-content\\\/uploads\\\/2025\\\/05\\\/Logo-03_PNG-Black-scaled.png\",\"width\":2560,\"height\":1658,\"caption\":\"Magnetar\"},\"image\":{\"@id\":\"https:\\\/\\\/magnetarmagnets.com\\\/no\\\/#\\\/schema\\\/logo\\\/image\\\/\"},\"sameAs\":[\"https:\\\/\\\/www.facebook.com\\\/fishingmagnets\\\/\",\"https:\\\/\\\/www.instagram.com\\\/magnetar_magnets\\\/\",\"https:\\\/\\\/www.linkedin.com\\\/company\\\/magnetarbv\\\/?originalSubdomain=nl\",\"https:\\\/\\\/www.youtube.com\\\/c\\\/MagnetarVismagneet\"]}]}<\/script>\n<!-- \/ Yoast SEO plugin. -->","yoast_head_json":{"title":"Magnetisk kost 2.0 - For intensiv bruk - Magnet fishing with a Magnetar fishing magnet","description":"Magnetic Broom 2.0 er det ideelle verkt\u00f8yet for \u00e5 fjerne u\u00f8nsket magnetisk materiale fra verksteder, idrettsbaner, lagerplasser eller parkeringsplasser.","robots":{"index":"index","follow":"follow","max-snippet":"max-snippet:-1","max-image-preview":"max-image-preview:large","max-video-preview":"max-video-preview:-1"},"canonical":"https:\/\/magnetarmagnets.com\/no\/shop\/magnetisk-kost-2-0-for-intensiv-bruk\/","og_locale":"nb_NO","og_type":"article","og_title":"Magnetisk kost 2.0 - For intensiv bruk - Magnet fishing with a Magnetar fishing magnet","og_description":"Magnetic Broom 2.0 er det ideelle verkt\u00f8yet for \u00e5 fjerne u\u00f8nsket magnetisk materiale fra verksteder, idrettsbaner, lagerplasser eller parkeringsplasser.","og_url":"https:\/\/magnetarmagnets.com\/no\/shop\/magnetisk-kost-2-0-for-intensiv-bruk\/","og_site_name":"Magnet fishing with a Magnetar fishing magnet","article_publisher":"https:\/\/www.facebook.com\/fishingmagnets\/","article_modified_time":"2026-05-16T07:27:20+00:00","og_image":[{"width":1500,"height":1500,"url":"https:\/\/magnetarmagnets.com\/wp-content\/uploads\/2023\/08\/B0CMDF9D4B.MAIN_.jpg","type":"image\/jpeg"}],"twitter_card":"summary_large_image","twitter_misc":{"Ansl. lesetid":"2 minutter"},"schema":{"@context":"https:\/\/schema.org","@graph":[{"@type":["WebPage","ItemPage"],"@id":"https:\/\/magnetarmagnets.com\/no\/shop\/magnetisk-kost-2-0-for-intensiv-bruk\/","url":"https:\/\/magnetarmagnets.com\/no\/shop\/magnetisk-kost-2-0-for-intensiv-bruk\/","name":"Magnetisk kost 2.0 - For intensiv bruk - Magnet fishing with a Magnetar fishing magnet","isPartOf":{"@id":"https:\/\/magnetarmagnets.com\/no\/#website"},"primaryImageOfPage":{"@id":"https:\/\/magnetarmagnets.com\/no\/shop\/magnetisk-kost-2-0-for-intensiv-bruk\/#primaryimage"},"image":{"@id":"https:\/\/magnetarmagnets.com\/no\/shop\/magnetisk-kost-2-0-for-intensiv-bruk\/#primaryimage"},"thumbnailUrl":"https:\/\/magnetarmagnets.com\/wp-content\/uploads\/2023\/08\/B0CMDF9D4B.MAIN_.jpg","datePublished":"2025-06-05T07:53:05+00:00","dateModified":"2026-05-16T07:27:20+00:00","description":"Magnetic Broom 2.0 er det ideelle verkt\u00f8yet for \u00e5 fjerne u\u00f8nsket magnetisk materiale fra verksteder, idrettsbaner, lagerplasser eller parkeringsplasser.","breadcrumb":{"@id":"https:\/\/magnetarmagnets.com\/no\/shop\/magnetisk-kost-2-0-for-intensiv-bruk\/#breadcrumb"},"inLanguage":"nb-NO","potentialAction":[{"@type":"ReadAction","target":["https:\/\/magnetarmagnets.com\/no\/shop\/magnetisk-kost-2-0-for-intensiv-bruk\/"]}]},{"@type":"ImageObject","inLanguage":"nb-NO","@id":"https:\/\/magnetarmagnets.com\/no\/shop\/magnetisk-kost-2-0-for-intensiv-bruk\/#primaryimage","url":"https:\/\/magnetarmagnets.com\/wp-content\/uploads\/2023\/08\/B0CMDF9D4B.MAIN_.jpg","contentUrl":"https:\/\/magnetarmagnets.com\/wp-content\/uploads\/2023\/08\/B0CMDF9D4B.MAIN_.jpg","width":1500,"height":1500,"caption":"Magnetkost 2.0"},{"@type":"BreadcrumbList","@id":"https:\/\/magnetarmagnets.com\/no\/shop\/magnetisk-kost-2-0-for-intensiv-bruk\/#breadcrumb","itemListElement":[{"@type":"ListItem","position":1,"name":"Home","item":"https:\/\/magnetarmagnets.com\/no\/"},{"@type":"ListItem","position":2,"name":"Butikk","item":"https:\/\/magnetarmagnets.com\/butikk\/"},{"@type":"ListItem","position":3,"name":"Utstyr","item":"https:\/\/magnetarmagnets.com\/no\/collections\/utstyr\/"},{"@type":"ListItem","position":4,"name":"Magnetiske tilbeh\u00f8r","item":"https:\/\/magnetarmagnets.com\/no\/collections\/utstyr\/magnetiske-tilbehor\/"},{"@type":"ListItem","position":5,"name":"Magnetisk kost 2.0 &#8211; For intensiv bruk"}]},{"@type":"WebSite","@id":"https:\/\/magnetarmagnets.com\/no\/#website","url":"https:\/\/magnetarmagnets.com\/no\/","name":"Magnet fishing with a Magnetar fishing magnet","description":"Kraftige magneter for magnetfiske","publisher":{"@id":"https:\/\/magnetarmagnets.com\/no\/#organization"},"potentialAction":[{"@type":"SearchAction","target":{"@type":"EntryPoint","urlTemplate":"https:\/\/magnetarmagnets.com\/no\/?s={search_term_string}"},"query-input":{"@type":"PropertyValueSpecification","valueRequired":true,"valueName":"search_term_string"}}],"inLanguage":"nb-NO"},{"@type":"Organization","@id":"https:\/\/magnetarmagnets.com\/no\/#organization","name":"Magnetar","url":"https:\/\/magnetarmagnets.com\/no\/","logo":{"@type":"ImageObject","inLanguage":"nb-NO","@id":"https:\/\/magnetarmagnets.com\/no\/#\/schema\/logo\/image\/","url":"https:\/\/magnetarmagnets.com\/wp-content\/uploads\/2025\/05\/Logo-03_PNG-Black-scaled.png","contentUrl":"https:\/\/magnetarmagnets.com\/wp-content\/uploads\/2025\/05\/Logo-03_PNG-Black-scaled.png","width":2560,"height":1658,"caption":"Magnetar"},"image":{"@id":"https:\/\/magnetarmagnets.com\/no\/#\/schema\/logo\/image\/"},"sameAs":["https:\/\/www.facebook.com\/fishingmagnets\/","https:\/\/www.instagram.com\/magnetar_magnets\/","https:\/\/www.linkedin.com\/company\/magnetarbv\/?originalSubdomain=nl","https:\/\/www.youtube.com\/c\/MagnetarVismagneet"]}]}},"_links":{"self":[{"href":"https:\/\/magnetarmagnets.com\/no\/wp-json\/wp\/v2\/product\/84325","targetHints":{"allow":["GET"]}}],"collection":[{"href":"https:\/\/magnetarmagnets.com\/no\/wp-json\/wp\/v2\/product"}],"about":[{"href":"https:\/\/magnetarmagnets.com\/no\/wp-json\/wp\/v2\/types\/product"}],"replies":[{"embeddable":true,"href":"https:\/\/magnetarmagnets.com\/no\/wp-json\/wp\/v2\/comments?post=84325"}],"version-history":[{"count":2,"href":"https:\/\/magnetarmagnets.com\/no\/wp-json\/wp\/v2\/product\/84325\/revisions"}],"predecessor-version":[{"id":99797,"href":"https:\/\/magnetarmagnets.com\/no\/wp-json\/wp\/v2\/product\/84325\/revisions\/99797"}],"wp:featuredmedia":[{"embeddable":true,"href":"https:\/\/magnetarmagnets.com\/no\/wp-json\/wp\/v2\/media\/80743"}],"wp:attachment":[{"href":"https:\/\/magnetarmagnets.com\/no\/wp-json\/wp\/v2\/media?parent=84325"}],"wp:term":[{"taxonomy":"product_brand","embeddable":true,"href":"https:\/\/magnetarmagnets.com\/no\/wp-json\/wp\/v2\/product_brand?post=84325"},{"taxonomy":"product_cat","embeddable":true,"href":"https:\/\/magnetarmagnets.com\/no\/wp-json\/wp\/v2\/product_cat?post=84325"},{"taxonomy":"product_tag","embeddable":true,"href":"https:\/\/magnetarmagnets.com\/no\/wp-json\/wp\/v2\/product_tag?post=84325"}],"curies":[{"name":"wp","href":"https:\/\/api.w.org\/{rel}","templated":true}]}}