{"id":84323,"date":"2025-06-05T09:53:06","date_gmt":"2025-06-05T07:53:06","guid":{"rendered":"https:\/\/magnetarmagnets.com\/?post_type=product&#038;p=84323"},"modified":"2026-04-03T16:46:38","modified_gmt":"2026-04-03T14:46:38","slug":"magnetar-botte","status":"publish","type":"product","link":"https:\/\/magnetarmagnets.com\/no\/shop\/magnetar-botte\/","title":{"rendered":"Magnetar-b\u00f8tte"},"content":{"rendered":"Hos Magnetar mener vi at det \u00e5 holde milj\u00f8et v\u00e5rt rent er minst like viktig som \u00e5 finne unike gjenstander. Etter v\u00e5r mening er hver magnetfisker derfor ansvarlig for dette. Derfor tilbyr vi b\u00f8tter for magnetfiske. P\u00e5 denne m\u00e5ten bidrar du til renere vann og viser din st\u00f8tte til Magnetar!\n\n<h2>Magnetar-b\u00f8tte for magnetfiske<\/h2>\n\nGjenstander som har v\u00e6rt i vannet lenge, medf\u00f8rer ofte rusk og rask. <a href=\"https:\/\/magnetarmagnets.com\/\">Fiskemagnetene<\/a> trekker ogs\u00e5 til seg mye sm\u00e5s\u00f8ppel. Naturligvis \u00f8nsker du \u00e5 forhindre at alt dette blir liggende ved vannkanten. Hvor skal du da legge det? Etter v\u00e5r mening i en av Magnetar-b\u00f8ttene.\n\n\n\nMagnetar-b\u00f8tten har en kapasitet p\u00e5 ikke mindre enn tolv liter. Dette gir deg mulighet til \u00e5 samle ganske mye s\u00f8ppel f\u00f8r du m\u00e5 t\u00f8mme b\u00f8tten. B\u00f8tten er utstyrt med b\u00e6reh\u00e5ndtak og er laget av plast. Som f\u00f8lge av dette t\u00e5ler produktet harde tak.\n\n\n\nMagnetar har gitt b\u00f8tten attraktive klistremerker. Foran finner du den velkjente Magnetar-logoen, og bak er det en silhuett av en magnetfisker som er i ferd med \u00e5 kaste sin fiskemagnet i vannet.\n\n<h2>Et uunnv\u00e6rlig tilbeh\u00f8r<\/h2>\n\nMagnetar-b\u00f8tten er et uunnv\u00e6rlig tilbeh\u00f8r. Ved \u00e5 rydde opp rotet som magnetfisker bidrar du ikke bare til en renere verden, men ogs\u00e5 til et positivt bilde av denne fantastiske hobbyen. Den attraktive prisen gj\u00f8r den ogs\u00e5 til en utmerket gave.","protected":false},"excerpt":{"rendered":"<p>Holder du vannkanten ren under og etter magnetfiske? Med Magnetar-b\u00f8tten kan du enkelt rydde opp alt avfall!<\/p>\n","protected":false},"featured_media":79795,"comment_status":"open","ping_status":"closed","template":"","meta":{"_acf_changed":false,"inline_featured_image":false},"product_brand":[],"product_cat":[610,611,609],"product_tag":[],"class_list":{"0":"post-84323","1":"product","2":"type-product","3":"status-publish","4":"has-post-thumbnail","6":"product_cat-magnetfiskeutstyr","7":"product_cat-merch-no","8":"product_cat-utstyr","10":"first","11":"instock","12":"sale","13":"taxable","14":"shipping-taxable","15":"purchasable","16":"product-type-simple"},"acf":[],"yoast_head":"<!-- This site is optimized with the Yoast SEO plugin v27.3 - https:\/\/yoast.com\/product\/yoast-seo-wordpress\/ -->\n<title>Magnetar-b\u00f8tte - Magnet fishing with a Magnetar fishing magnet<\/title>\n<meta name=\"description\" content=\"Magnetar-b\u00f8tte - Praktisk fisketilbeh\u00f8r\" \/>\n<meta name=\"robots\" content=\"index, follow, max-snippet:-1, max-image-preview:large, max-video-preview:-1\" \/>\n<link rel=\"canonical\" href=\"https:\/\/magnetarmagnets.com\/no\/shop\/magnetar-botte\/\" \/>\n<meta property=\"og:locale\" content=\"nb_NO\" \/>\n<meta property=\"og:type\" content=\"article\" \/>\n<meta property=\"og:title\" content=\"Magnetar-b\u00f8tte - Magnet fishing with a Magnetar fishing magnet\" \/>\n<meta property=\"og:description\" content=\"Magnetar-b\u00f8tte - Praktisk fisketilbeh\u00f8r\" \/>\n<meta property=\"og:url\" content=\"https:\/\/magnetarmagnets.com\/no\/shop\/magnetar-botte\/\" \/>\n<meta property=\"og:site_name\" content=\"Magnet fishing with a Magnetar fishing magnet\" \/>\n<meta property=\"article:publisher\" content=\"https:\/\/www.facebook.com\/fishingmagnets\/\" \/>\n<meta property=\"article:modified_time\" content=\"2026-04-03T14:46:38+00:00\" \/>\n<meta property=\"og:image\" content=\"https:\/\/magnetarmagnets.com\/wp-content\/uploads\/2023\/09\/JNF-Magnetar-Bedrijfsfotografie-01-09-2023-Foto-0271.jpg\" \/>\n\t<meta property=\"og:image:width\" content=\"1000\" \/>\n\t<meta property=\"og:image:height\" content=\"1000\" \/>\n\t<meta property=\"og:image:type\" content=\"image\/jpeg\" \/>\n<meta name=\"twitter:card\" content=\"summary_large_image\" \/>\n<meta name=\"twitter:label1\" content=\"Ansl. lesetid\" \/>\n\t<meta name=\"twitter:data1\" content=\"2 minutter\" \/>\n<script type=\"application\/ld+json\" class=\"yoast-schema-graph\">{\"@context\":\"https:\\\/\\\/schema.org\",\"@graph\":[{\"@type\":[\"WebPage\",\"ItemPage\"],\"@id\":\"https:\\\/\\\/magnetarmagnets.com\\\/no\\\/shop\\\/magnetar-botte\\\/\",\"url\":\"https:\\\/\\\/magnetarmagnets.com\\\/no\\\/shop\\\/magnetar-botte\\\/\",\"name\":\"Magnetar-b\u00f8tte - Magnet fishing with a Magnetar fishing magnet\",\"isPartOf\":{\"@id\":\"https:\\\/\\\/magnetarmagnets.com\\\/no\\\/#website\"},\"primaryImageOfPage\":{\"@id\":\"https:\\\/\\\/magnetarmagnets.com\\\/no\\\/shop\\\/magnetar-botte\\\/#primaryimage\"},\"image\":{\"@id\":\"https:\\\/\\\/magnetarmagnets.com\\\/no\\\/shop\\\/magnetar-botte\\\/#primaryimage\"},\"thumbnailUrl\":\"https:\\\/\\\/magnetarmagnets.com\\\/wp-content\\\/uploads\\\/2023\\\/09\\\/JNF-Magnetar-Bedrijfsfotografie-01-09-2023-Foto-0271.jpg\",\"datePublished\":\"2025-06-05T07:53:06+00:00\",\"dateModified\":\"2026-04-03T14:46:38+00:00\",\"description\":\"Magnetar-b\u00f8tte - Praktisk fisketilbeh\u00f8r\",\"breadcrumb\":{\"@id\":\"https:\\\/\\\/magnetarmagnets.com\\\/no\\\/shop\\\/magnetar-botte\\\/#breadcrumb\"},\"inLanguage\":\"nb-NO\",\"potentialAction\":[{\"@type\":\"ReadAction\",\"target\":[\"https:\\\/\\\/magnetarmagnets.com\\\/no\\\/shop\\\/magnetar-botte\\\/\"]}]},{\"@type\":\"ImageObject\",\"inLanguage\":\"nb-NO\",\"@id\":\"https:\\\/\\\/magnetarmagnets.com\\\/no\\\/shop\\\/magnetar-botte\\\/#primaryimage\",\"url\":\"https:\\\/\\\/magnetarmagnets.com\\\/wp-content\\\/uploads\\\/2023\\\/09\\\/JNF-Magnetar-Bedrijfsfotografie-01-09-2023-Foto-0271.jpg\",\"contentUrl\":\"https:\\\/\\\/magnetarmagnets.com\\\/wp-content\\\/uploads\\\/2023\\\/09\\\/JNF-Magnetar-Bedrijfsfotografie-01-09-2023-Foto-0271.jpg\",\"width\":1000,\"height\":1000,\"caption\":\"The Magnetar bucket is ideal for magnet fishing\"},{\"@type\":\"BreadcrumbList\",\"@id\":\"https:\\\/\\\/magnetarmagnets.com\\\/no\\\/shop\\\/magnetar-botte\\\/#breadcrumb\",\"itemListElement\":[{\"@type\":\"ListItem\",\"position\":1,\"name\":\"Home\",\"item\":\"https:\\\/\\\/magnetarmagnets.com\\\/no\\\/\"},{\"@type\":\"ListItem\",\"position\":2,\"name\":\"Butikk\",\"item\":\"https:\\\/\\\/magnetarmagnets.com\\\/butikk\\\/\"},{\"@type\":\"ListItem\",\"position\":3,\"name\":\"Utstyr\",\"item\":\"https:\\\/\\\/magnetarmagnets.com\\\/no\\\/collections\\\/utstyr\\\/\"},{\"@type\":\"ListItem\",\"position\":4,\"name\":\"Magnetfiskeutstyr\",\"item\":\"https:\\\/\\\/magnetarmagnets.com\\\/no\\\/collections\\\/utstyr\\\/magnetfiskeutstyr\\\/\"},{\"@type\":\"ListItem\",\"position\":5,\"name\":\"Magnetar-b\u00f8tte\"}]},{\"@type\":\"WebSite\",\"@id\":\"https:\\\/\\\/magnetarmagnets.com\\\/no\\\/#website\",\"url\":\"https:\\\/\\\/magnetarmagnets.com\\\/no\\\/\",\"name\":\"Magnet fishing with a Magnetar fishing magnet\",\"description\":\"Kraftige magneter for magnetfiske\",\"publisher\":{\"@id\":\"https:\\\/\\\/magnetarmagnets.com\\\/no\\\/#organization\"},\"potentialAction\":[{\"@type\":\"SearchAction\",\"target\":{\"@type\":\"EntryPoint\",\"urlTemplate\":\"https:\\\/\\\/magnetarmagnets.com\\\/no\\\/?s={search_term_string}\"},\"query-input\":{\"@type\":\"PropertyValueSpecification\",\"valueRequired\":true,\"valueName\":\"search_term_string\"}}],\"inLanguage\":\"nb-NO\"},{\"@type\":\"Organization\",\"@id\":\"https:\\\/\\\/magnetarmagnets.com\\\/no\\\/#organization\",\"name\":\"Magnetar\",\"url\":\"https:\\\/\\\/magnetarmagnets.com\\\/no\\\/\",\"logo\":{\"@type\":\"ImageObject\",\"inLanguage\":\"nb-NO\",\"@id\":\"https:\\\/\\\/magnetarmagnets.com\\\/no\\\/#\\\/schema\\\/logo\\\/image\\\/\",\"url\":\"https:\\\/\\\/magnetarmagnets.com\\\/wp-content\\\/uploads\\\/2025\\\/05\\\/Logo-03_PNG-Black-scaled.png\",\"contentUrl\":\"https:\\\/\\\/magnetarmagnets.com\\\/wp-content\\\/uploads\\\/2025\\\/05\\\/Logo-03_PNG-Black-scaled.png\",\"width\":2560,\"height\":1658,\"caption\":\"Magnetar\"},\"image\":{\"@id\":\"https:\\\/\\\/magnetarmagnets.com\\\/no\\\/#\\\/schema\\\/logo\\\/image\\\/\"},\"sameAs\":[\"https:\\\/\\\/www.facebook.com\\\/fishingmagnets\\\/\",\"https:\\\/\\\/www.instagram.com\\\/magnetar_magnets\\\/\",\"https:\\\/\\\/www.linkedin.com\\\/company\\\/magnetarbv\\\/?originalSubdomain=nl\",\"https:\\\/\\\/www.youtube.com\\\/c\\\/MagnetarVismagneet\"]}]}<\/script>\n<!-- \/ Yoast SEO plugin. -->","yoast_head_json":{"title":"Magnetar-b\u00f8tte - Magnet fishing with a Magnetar fishing magnet","description":"Magnetar-b\u00f8tte - Praktisk fisketilbeh\u00f8r","robots":{"index":"index","follow":"follow","max-snippet":"max-snippet:-1","max-image-preview":"max-image-preview:large","max-video-preview":"max-video-preview:-1"},"canonical":"https:\/\/magnetarmagnets.com\/no\/shop\/magnetar-botte\/","og_locale":"nb_NO","og_type":"article","og_title":"Magnetar-b\u00f8tte - Magnet fishing with a Magnetar fishing magnet","og_description":"Magnetar-b\u00f8tte - Praktisk fisketilbeh\u00f8r","og_url":"https:\/\/magnetarmagnets.com\/no\/shop\/magnetar-botte\/","og_site_name":"Magnet fishing with a Magnetar fishing magnet","article_publisher":"https:\/\/www.facebook.com\/fishingmagnets\/","article_modified_time":"2026-04-03T14:46:38+00:00","og_image":[{"width":1000,"height":1000,"url":"https:\/\/magnetarmagnets.com\/wp-content\/uploads\/2023\/09\/JNF-Magnetar-Bedrijfsfotografie-01-09-2023-Foto-0271.jpg","type":"image\/jpeg"}],"twitter_card":"summary_large_image","twitter_misc":{"Ansl. lesetid":"2 minutter"},"schema":{"@context":"https:\/\/schema.org","@graph":[{"@type":["WebPage","ItemPage"],"@id":"https:\/\/magnetarmagnets.com\/no\/shop\/magnetar-botte\/","url":"https:\/\/magnetarmagnets.com\/no\/shop\/magnetar-botte\/","name":"Magnetar-b\u00f8tte - Magnet fishing with a Magnetar fishing magnet","isPartOf":{"@id":"https:\/\/magnetarmagnets.com\/no\/#website"},"primaryImageOfPage":{"@id":"https:\/\/magnetarmagnets.com\/no\/shop\/magnetar-botte\/#primaryimage"},"image":{"@id":"https:\/\/magnetarmagnets.com\/no\/shop\/magnetar-botte\/#primaryimage"},"thumbnailUrl":"https:\/\/magnetarmagnets.com\/wp-content\/uploads\/2023\/09\/JNF-Magnetar-Bedrijfsfotografie-01-09-2023-Foto-0271.jpg","datePublished":"2025-06-05T07:53:06+00:00","dateModified":"2026-04-03T14:46:38+00:00","description":"Magnetar-b\u00f8tte - Praktisk fisketilbeh\u00f8r","breadcrumb":{"@id":"https:\/\/magnetarmagnets.com\/no\/shop\/magnetar-botte\/#breadcrumb"},"inLanguage":"nb-NO","potentialAction":[{"@type":"ReadAction","target":["https:\/\/magnetarmagnets.com\/no\/shop\/magnetar-botte\/"]}]},{"@type":"ImageObject","inLanguage":"nb-NO","@id":"https:\/\/magnetarmagnets.com\/no\/shop\/magnetar-botte\/#primaryimage","url":"https:\/\/magnetarmagnets.com\/wp-content\/uploads\/2023\/09\/JNF-Magnetar-Bedrijfsfotografie-01-09-2023-Foto-0271.jpg","contentUrl":"https:\/\/magnetarmagnets.com\/wp-content\/uploads\/2023\/09\/JNF-Magnetar-Bedrijfsfotografie-01-09-2023-Foto-0271.jpg","width":1000,"height":1000,"caption":"The Magnetar bucket is ideal for magnet fishing"},{"@type":"BreadcrumbList","@id":"https:\/\/magnetarmagnets.com\/no\/shop\/magnetar-botte\/#breadcrumb","itemListElement":[{"@type":"ListItem","position":1,"name":"Home","item":"https:\/\/magnetarmagnets.com\/no\/"},{"@type":"ListItem","position":2,"name":"Butikk","item":"https:\/\/magnetarmagnets.com\/butikk\/"},{"@type":"ListItem","position":3,"name":"Utstyr","item":"https:\/\/magnetarmagnets.com\/no\/collections\/utstyr\/"},{"@type":"ListItem","position":4,"name":"Magnetfiskeutstyr","item":"https:\/\/magnetarmagnets.com\/no\/collections\/utstyr\/magnetfiskeutstyr\/"},{"@type":"ListItem","position":5,"name":"Magnetar-b\u00f8tte"}]},{"@type":"WebSite","@id":"https:\/\/magnetarmagnets.com\/no\/#website","url":"https:\/\/magnetarmagnets.com\/no\/","name":"Magnet fishing with a Magnetar fishing magnet","description":"Kraftige magneter for magnetfiske","publisher":{"@id":"https:\/\/magnetarmagnets.com\/no\/#organization"},"potentialAction":[{"@type":"SearchAction","target":{"@type":"EntryPoint","urlTemplate":"https:\/\/magnetarmagnets.com\/no\/?s={search_term_string}"},"query-input":{"@type":"PropertyValueSpecification","valueRequired":true,"valueName":"search_term_string"}}],"inLanguage":"nb-NO"},{"@type":"Organization","@id":"https:\/\/magnetarmagnets.com\/no\/#organization","name":"Magnetar","url":"https:\/\/magnetarmagnets.com\/no\/","logo":{"@type":"ImageObject","inLanguage":"nb-NO","@id":"https:\/\/magnetarmagnets.com\/no\/#\/schema\/logo\/image\/","url":"https:\/\/magnetarmagnets.com\/wp-content\/uploads\/2025\/05\/Logo-03_PNG-Black-scaled.png","contentUrl":"https:\/\/magnetarmagnets.com\/wp-content\/uploads\/2025\/05\/Logo-03_PNG-Black-scaled.png","width":2560,"height":1658,"caption":"Magnetar"},"image":{"@id":"https:\/\/magnetarmagnets.com\/no\/#\/schema\/logo\/image\/"},"sameAs":["https:\/\/www.facebook.com\/fishingmagnets\/","https:\/\/www.instagram.com\/magnetar_magnets\/","https:\/\/www.linkedin.com\/company\/magnetarbv\/?originalSubdomain=nl","https:\/\/www.youtube.com\/c\/MagnetarVismagneet"]}]}},"_links":{"self":[{"href":"https:\/\/magnetarmagnets.com\/no\/wp-json\/wp\/v2\/product\/84323","targetHints":{"allow":["GET"]}}],"collection":[{"href":"https:\/\/magnetarmagnets.com\/no\/wp-json\/wp\/v2\/product"}],"about":[{"href":"https:\/\/magnetarmagnets.com\/no\/wp-json\/wp\/v2\/types\/product"}],"replies":[{"embeddable":true,"href":"https:\/\/magnetarmagnets.com\/no\/wp-json\/wp\/v2\/comments?post=84323"}],"version-history":[{"count":0,"href":"https:\/\/magnetarmagnets.com\/no\/wp-json\/wp\/v2\/product\/84323\/revisions"}],"wp:featuredmedia":[{"embeddable":true,"href":"https:\/\/magnetarmagnets.com\/no\/wp-json\/wp\/v2\/media\/79795"}],"wp:attachment":[{"href":"https:\/\/magnetarmagnets.com\/no\/wp-json\/wp\/v2\/media?parent=84323"}],"wp:term":[{"taxonomy":"product_brand","embeddable":true,"href":"https:\/\/magnetarmagnets.com\/no\/wp-json\/wp\/v2\/product_brand?post=84323"},{"taxonomy":"product_cat","embeddable":true,"href":"https:\/\/magnetarmagnets.com\/no\/wp-json\/wp\/v2\/product_cat?post=84323"},{"taxonomy":"product_tag","embeddable":true,"href":"https:\/\/magnetarmagnets.com\/no\/wp-json\/wp\/v2\/product_tag?post=84323"}],"curies":[{"name":"wp","href":"https:\/\/api.w.org\/{rel}","templated":true}]}}