{"id":84322,"date":"2025-06-05T09:53:05","date_gmt":"2025-06-05T07:53:05","guid":{"rendered":"https:\/\/magnetarmagnets.com\/?post_type=product&#038;p=84322"},"modified":"2026-04-26T05:35:25","modified_gmt":"2026-04-26T03:35:25","slug":"double-impact","status":"publish","type":"product","link":"https:\/\/magnetarmagnets.com\/no\/shop\/double-impact\/","title":{"rendered":"Double Impact"},"content":{"rendered":"\u00c5 bruke ikke bare \u00e9n, men to magneter for magnetfiske? Det kan h\u00f8res litt rart ut, men du vil tenke annerledes etter \u00e5 ha brukt Double Impact! Dette produktet lar deg bruke to fiskemagneter fra Magnetar for \u00e5 lete etter vakre skatter under vann.\n\nEr du ute etter \u00e5 f\u00e5 alt p\u00e5 en gang? Ta en titt p\u00e5 v\u00e5re <a href=\"https:\/\/magnetarmagnets.com\/shop\/double-impact-package\">Double Impact-pakker<\/a>. Disse kommer med fiskemagneter, beskyttelsesdeksler, tau og annet tilbeh\u00f8r.\n\n<h2>\u00d8kt fangstpotensial med Double Impact<\/h2>\n\nHvis du bruker en fiskemagnet fra Magnetar, vet du at du kan hente opp de fleste gjenstander fra vannet uten problemer. Vi er imidlertid alltid p\u00e5 utkikk etter m\u00e5ter \u00e5 \u00f8ke fangstpotensialet for magnetfiskere. Her kommer Double Impact inn.\n\nDouble Impact er et nytt verkt\u00f8y for magnetfiske. Det er en ring som kobler to metalstenger sammen. Fiskemagneter fra Magnetar kan festes til disse stengene. Du kan bruke en ny magnet eller en du allerede eier.\n\nMed Double Impact har du dobbelt s\u00e5 stor sjanse for \u00e5 fange noe. De magnetiske feltene til fiskemagnetene frast\u00f8ter hverandre, noe som \u00f8ker det totale magnetfeltet betydelig, og det har en positiv effekt p\u00e5 fangstpotensialet ditt. I tillegg til det st\u00f8rre magnetfeltet gir dette produktet deg ogs\u00e5 to magneter som samarbeider om \u00e5 hente opp enda st\u00f8rre objekter fra vannet, forutsatt at du fester to fiskemagneter.\n\n<h2>Hvordan bruker jeg Double Impact?<\/h2>\n\nMagnetfiske kan gj\u00f8res p\u00e5 forskjellige m\u00e5ter, og Double Impact kan ogs\u00e5 brukes p\u00e5 ulike m\u00e5ter. Dette verkt\u00f8yet er imidlertid mest effektivt n\u00e5r det brukes p\u00e5 en slepende m\u00e5te. P\u00e5 denne m\u00e5ten kan du enkelt dekke et st\u00f8rre omr\u00e5de i vannet.\n\n<h2>Hva kan jeg feste til Double Impact?<\/h2>\n\nDouble Impact kan brukes i kombinasjon med ulike Magnetar-produkter. I prinsippet kan alle rundtg\u00e5ende 360\u00b0 fiskemagneter brukes. Vi anbefaler imidlertid bare bruk av <a href=\"https:\/\/magnetarmagnets.com\/shop\/easy-magnet\/?v=796834e7a283\">Easy<\/a> eller <a href=\"https:\/\/magnetarmagnets.com\/shop\/hardcore-magnet-2\/?v=796834e7a283\">Hardcore<\/a> magneter. Classic 110, 200 og 300 kan ogs\u00e5 brukes sammen med dette produktet.\n\nDu kan ogs\u00e5 enkelt feste en spesiell gripekrok til Double Impact. Dette lar deg for eksempel bruke b\u00e5de en fiskemagnet og en gripekrok samtidig. Det er viktig \u00e5 huske at dette produktet ikke leveres med fiskemagneter eller annet tilbeh\u00f8r.\n\n<h2>Sikkerhetsadvarsel<\/h2>\n\nHos Magnetar er sikkerhet v\u00e5r h\u00f8yeste prioritet. Derfor \u00f8nsker vi \u00e5 advare deg f\u00f8r du bruker Double Impact. Det \u00e5 bringe kraftige magneter sammen kan f\u00f8re til farlige situasjoner. Vennligst v\u00e6r oppmerksom p\u00e5 risikoene under montering av produktet. Magnetar kan ikke holdes ansvarlig for skader for\u00e5rsaket av uforsvarlig bruk.\n\nDet er teoretisk mulig \u00e5 bruke Double Impact sammen med <a href=\"https:\/\/magnetarmagnets.com\/shop\/exclusive-terror-magnet\">Terror<\/a>, <a href=\"https:\/\/magnetarmagnets.com\/shop\/beast-magnet\">Beast<\/a> og <a href=\"https:\/\/magnetarmagnets.com\/shop\/barbarian-magnet\">Barbarian<\/a>. I slike tilfeller kan ikke Magnetar holdes ansvarlig for eventuelle ulykker.","protected":false},"excerpt":{"rendered":"<p><strong>Dobbel sjanse<\/strong> for \u00e5 fange noe under magnetfiske med Double Impact fra Magnetar! Med dette tilbeh\u00f8ret kan du <strong>kombinere to fiskemagneter<\/strong> eller en fiskemagnet med en gripekrok. Magneter f\u00f8lger ikke med.<\/p>\n","protected":false},"featured_media":79723,"comment_status":"open","ping_status":"closed","template":"","meta":{"_acf_changed":false,"inline_featured_image":false},"product_brand":[],"product_cat":[610,616,609],"product_tag":[],"class_list":{"0":"post-84322","1":"product","2":"type-product","3":"status-publish","4":"has-post-thumbnail","6":"product_cat-magnetfiskeutstyr","7":"product_cat-profesjonelle","8":"product_cat-utstyr","10":"first","11":"instock","12":"sale","13":"taxable","14":"shipping-taxable","15":"purchasable","16":"product-type-simple"},"acf":[],"yoast_head":"<!-- This site is optimized with the Yoast SEO plugin v27.4 - https:\/\/yoast.com\/product\/yoast-seo-wordpress\/ -->\n<title>Double Impact - Magnet fishing with a Magnetar fishing magnet<\/title>\n<meta name=\"description\" content=\"Double Impact - Essensielt Magnetar fisketilbeh\u00f8r\" \/>\n<meta name=\"robots\" content=\"index, follow, max-snippet:-1, max-image-preview:large, max-video-preview:-1\" \/>\n<link rel=\"canonical\" href=\"https:\/\/magnetarmagnets.com\/no\/shop\/double-impact\/\" \/>\n<meta property=\"og:locale\" content=\"nb_NO\" \/>\n<meta property=\"og:type\" content=\"article\" \/>\n<meta property=\"og:title\" content=\"Double Impact - Magnet fishing with a Magnetar fishing magnet\" \/>\n<meta property=\"og:description\" content=\"Double Impact - Essensielt Magnetar fisketilbeh\u00f8r\" \/>\n<meta property=\"og:url\" content=\"https:\/\/magnetarmagnets.com\/no\/shop\/double-impact\/\" \/>\n<meta property=\"og:site_name\" content=\"Magnet fishing with a Magnetar fishing magnet\" \/>\n<meta property=\"article:publisher\" content=\"https:\/\/www.facebook.com\/fishingmagnets\/\" \/>\n<meta property=\"article:modified_time\" content=\"2026-04-26T03:35:25+00:00\" \/>\n<meta property=\"og:image\" content=\"https:\/\/magnetarmagnets.com\/wp-content\/uploads\/2023\/09\/JNF-Magnetar-Bedrijfsfotografie-01-09-2023-Foto-0158.jpg\" \/>\n\t<meta property=\"og:image:width\" content=\"1000\" \/>\n\t<meta property=\"og:image:height\" content=\"1000\" \/>\n\t<meta property=\"og:image:type\" content=\"image\/jpeg\" \/>\n<meta name=\"twitter:card\" content=\"summary_large_image\" \/>\n<meta name=\"twitter:label1\" content=\"Ansl. lesetid\" \/>\n\t<meta name=\"twitter:data1\" content=\"3 minutter\" \/>\n<script type=\"application\/ld+json\" class=\"yoast-schema-graph\">{\"@context\":\"https:\\\/\\\/schema.org\",\"@graph\":[{\"@type\":[\"WebPage\",\"ItemPage\"],\"@id\":\"https:\\\/\\\/magnetarmagnets.com\\\/no\\\/shop\\\/double-impact\\\/\",\"url\":\"https:\\\/\\\/magnetarmagnets.com\\\/no\\\/shop\\\/double-impact\\\/\",\"name\":\"Double Impact - Magnet fishing with a Magnetar fishing magnet\",\"isPartOf\":{\"@id\":\"https:\\\/\\\/magnetarmagnets.com\\\/no\\\/#website\"},\"primaryImageOfPage\":{\"@id\":\"https:\\\/\\\/magnetarmagnets.com\\\/no\\\/shop\\\/double-impact\\\/#primaryimage\"},\"image\":{\"@id\":\"https:\\\/\\\/magnetarmagnets.com\\\/no\\\/shop\\\/double-impact\\\/#primaryimage\"},\"thumbnailUrl\":\"https:\\\/\\\/magnetarmagnets.com\\\/wp-content\\\/uploads\\\/2023\\\/09\\\/JNF-Magnetar-Bedrijfsfotografie-01-09-2023-Foto-0158.jpg\",\"datePublished\":\"2025-06-05T07:53:05+00:00\",\"dateModified\":\"2026-04-26T03:35:25+00:00\",\"description\":\"Double Impact - Essensielt Magnetar fisketilbeh\u00f8r\",\"breadcrumb\":{\"@id\":\"https:\\\/\\\/magnetarmagnets.com\\\/no\\\/shop\\\/double-impact\\\/#breadcrumb\"},\"inLanguage\":\"nb-NO\",\"potentialAction\":[{\"@type\":\"ReadAction\",\"target\":[\"https:\\\/\\\/magnetarmagnets.com\\\/no\\\/shop\\\/double-impact\\\/\"]}]},{\"@type\":\"ImageObject\",\"inLanguage\":\"nb-NO\",\"@id\":\"https:\\\/\\\/magnetarmagnets.com\\\/no\\\/shop\\\/double-impact\\\/#primaryimage\",\"url\":\"https:\\\/\\\/magnetarmagnets.com\\\/wp-content\\\/uploads\\\/2023\\\/09\\\/JNF-Magnetar-Bedrijfsfotografie-01-09-2023-Foto-0158.jpg\",\"contentUrl\":\"https:\\\/\\\/magnetarmagnets.com\\\/wp-content\\\/uploads\\\/2023\\\/09\\\/JNF-Magnetar-Bedrijfsfotografie-01-09-2023-Foto-0158.jpg\",\"width\":1000,\"height\":1000,\"caption\":\"Magnetar's Double Impact allows you to combine two magnets while magnet fishing.\"},{\"@type\":\"BreadcrumbList\",\"@id\":\"https:\\\/\\\/magnetarmagnets.com\\\/no\\\/shop\\\/double-impact\\\/#breadcrumb\",\"itemListElement\":[{\"@type\":\"ListItem\",\"position\":1,\"name\":\"Home\",\"item\":\"https:\\\/\\\/magnetarmagnets.com\\\/no\\\/\"},{\"@type\":\"ListItem\",\"position\":2,\"name\":\"Butikk\",\"item\":\"https:\\\/\\\/magnetarmagnets.com\\\/butikk\\\/\"},{\"@type\":\"ListItem\",\"position\":3,\"name\":\"Utstyr\",\"item\":\"https:\\\/\\\/magnetarmagnets.com\\\/no\\\/collections\\\/utstyr\\\/\"},{\"@type\":\"ListItem\",\"position\":4,\"name\":\"Magnetfiskeutstyr\",\"item\":\"https:\\\/\\\/magnetarmagnets.com\\\/no\\\/collections\\\/utstyr\\\/magnetfiskeutstyr\\\/\"},{\"@type\":\"ListItem\",\"position\":5,\"name\":\"Double Impact\"}]},{\"@type\":\"WebSite\",\"@id\":\"https:\\\/\\\/magnetarmagnets.com\\\/no\\\/#website\",\"url\":\"https:\\\/\\\/magnetarmagnets.com\\\/no\\\/\",\"name\":\"Magnet fishing with a Magnetar fishing magnet\",\"description\":\"Kraftige magneter for magnetfiske\",\"publisher\":{\"@id\":\"https:\\\/\\\/magnetarmagnets.com\\\/no\\\/#organization\"},\"potentialAction\":[{\"@type\":\"SearchAction\",\"target\":{\"@type\":\"EntryPoint\",\"urlTemplate\":\"https:\\\/\\\/magnetarmagnets.com\\\/no\\\/?s={search_term_string}\"},\"query-input\":{\"@type\":\"PropertyValueSpecification\",\"valueRequired\":true,\"valueName\":\"search_term_string\"}}],\"inLanguage\":\"nb-NO\"},{\"@type\":\"Organization\",\"@id\":\"https:\\\/\\\/magnetarmagnets.com\\\/no\\\/#organization\",\"name\":\"Magnetar\",\"url\":\"https:\\\/\\\/magnetarmagnets.com\\\/no\\\/\",\"logo\":{\"@type\":\"ImageObject\",\"inLanguage\":\"nb-NO\",\"@id\":\"https:\\\/\\\/magnetarmagnets.com\\\/no\\\/#\\\/schema\\\/logo\\\/image\\\/\",\"url\":\"https:\\\/\\\/magnetarmagnets.com\\\/wp-content\\\/uploads\\\/2025\\\/05\\\/Logo-03_PNG-Black-scaled.png\",\"contentUrl\":\"https:\\\/\\\/magnetarmagnets.com\\\/wp-content\\\/uploads\\\/2025\\\/05\\\/Logo-03_PNG-Black-scaled.png\",\"width\":2560,\"height\":1658,\"caption\":\"Magnetar\"},\"image\":{\"@id\":\"https:\\\/\\\/magnetarmagnets.com\\\/no\\\/#\\\/schema\\\/logo\\\/image\\\/\"},\"sameAs\":[\"https:\\\/\\\/www.facebook.com\\\/fishingmagnets\\\/\",\"https:\\\/\\\/www.instagram.com\\\/magnetar_magnets\\\/\",\"https:\\\/\\\/www.linkedin.com\\\/company\\\/magnetarbv\\\/?originalSubdomain=nl\",\"https:\\\/\\\/www.youtube.com\\\/c\\\/MagnetarVismagneet\"]}]}<\/script>\n<!-- \/ Yoast SEO plugin. -->","yoast_head_json":{"title":"Double Impact - Magnet fishing with a Magnetar fishing magnet","description":"Double Impact - Essensielt Magnetar fisketilbeh\u00f8r","robots":{"index":"index","follow":"follow","max-snippet":"max-snippet:-1","max-image-preview":"max-image-preview:large","max-video-preview":"max-video-preview:-1"},"canonical":"https:\/\/magnetarmagnets.com\/no\/shop\/double-impact\/","og_locale":"nb_NO","og_type":"article","og_title":"Double Impact - Magnet fishing with a Magnetar fishing magnet","og_description":"Double Impact - Essensielt Magnetar fisketilbeh\u00f8r","og_url":"https:\/\/magnetarmagnets.com\/no\/shop\/double-impact\/","og_site_name":"Magnet fishing with a Magnetar fishing magnet","article_publisher":"https:\/\/www.facebook.com\/fishingmagnets\/","article_modified_time":"2026-04-26T03:35:25+00:00","og_image":[{"width":1000,"height":1000,"url":"https:\/\/magnetarmagnets.com\/wp-content\/uploads\/2023\/09\/JNF-Magnetar-Bedrijfsfotografie-01-09-2023-Foto-0158.jpg","type":"image\/jpeg"}],"twitter_card":"summary_large_image","twitter_misc":{"Ansl. lesetid":"3 minutter"},"schema":{"@context":"https:\/\/schema.org","@graph":[{"@type":["WebPage","ItemPage"],"@id":"https:\/\/magnetarmagnets.com\/no\/shop\/double-impact\/","url":"https:\/\/magnetarmagnets.com\/no\/shop\/double-impact\/","name":"Double Impact - Magnet fishing with a Magnetar fishing magnet","isPartOf":{"@id":"https:\/\/magnetarmagnets.com\/no\/#website"},"primaryImageOfPage":{"@id":"https:\/\/magnetarmagnets.com\/no\/shop\/double-impact\/#primaryimage"},"image":{"@id":"https:\/\/magnetarmagnets.com\/no\/shop\/double-impact\/#primaryimage"},"thumbnailUrl":"https:\/\/magnetarmagnets.com\/wp-content\/uploads\/2023\/09\/JNF-Magnetar-Bedrijfsfotografie-01-09-2023-Foto-0158.jpg","datePublished":"2025-06-05T07:53:05+00:00","dateModified":"2026-04-26T03:35:25+00:00","description":"Double Impact - Essensielt Magnetar fisketilbeh\u00f8r","breadcrumb":{"@id":"https:\/\/magnetarmagnets.com\/no\/shop\/double-impact\/#breadcrumb"},"inLanguage":"nb-NO","potentialAction":[{"@type":"ReadAction","target":["https:\/\/magnetarmagnets.com\/no\/shop\/double-impact\/"]}]},{"@type":"ImageObject","inLanguage":"nb-NO","@id":"https:\/\/magnetarmagnets.com\/no\/shop\/double-impact\/#primaryimage","url":"https:\/\/magnetarmagnets.com\/wp-content\/uploads\/2023\/09\/JNF-Magnetar-Bedrijfsfotografie-01-09-2023-Foto-0158.jpg","contentUrl":"https:\/\/magnetarmagnets.com\/wp-content\/uploads\/2023\/09\/JNF-Magnetar-Bedrijfsfotografie-01-09-2023-Foto-0158.jpg","width":1000,"height":1000,"caption":"Magnetar's Double Impact allows you to combine two magnets while magnet fishing."},{"@type":"BreadcrumbList","@id":"https:\/\/magnetarmagnets.com\/no\/shop\/double-impact\/#breadcrumb","itemListElement":[{"@type":"ListItem","position":1,"name":"Home","item":"https:\/\/magnetarmagnets.com\/no\/"},{"@type":"ListItem","position":2,"name":"Butikk","item":"https:\/\/magnetarmagnets.com\/butikk\/"},{"@type":"ListItem","position":3,"name":"Utstyr","item":"https:\/\/magnetarmagnets.com\/no\/collections\/utstyr\/"},{"@type":"ListItem","position":4,"name":"Magnetfiskeutstyr","item":"https:\/\/magnetarmagnets.com\/no\/collections\/utstyr\/magnetfiskeutstyr\/"},{"@type":"ListItem","position":5,"name":"Double Impact"}]},{"@type":"WebSite","@id":"https:\/\/magnetarmagnets.com\/no\/#website","url":"https:\/\/magnetarmagnets.com\/no\/","name":"Magnet fishing with a Magnetar fishing magnet","description":"Kraftige magneter for magnetfiske","publisher":{"@id":"https:\/\/magnetarmagnets.com\/no\/#organization"},"potentialAction":[{"@type":"SearchAction","target":{"@type":"EntryPoint","urlTemplate":"https:\/\/magnetarmagnets.com\/no\/?s={search_term_string}"},"query-input":{"@type":"PropertyValueSpecification","valueRequired":true,"valueName":"search_term_string"}}],"inLanguage":"nb-NO"},{"@type":"Organization","@id":"https:\/\/magnetarmagnets.com\/no\/#organization","name":"Magnetar","url":"https:\/\/magnetarmagnets.com\/no\/","logo":{"@type":"ImageObject","inLanguage":"nb-NO","@id":"https:\/\/magnetarmagnets.com\/no\/#\/schema\/logo\/image\/","url":"https:\/\/magnetarmagnets.com\/wp-content\/uploads\/2025\/05\/Logo-03_PNG-Black-scaled.png","contentUrl":"https:\/\/magnetarmagnets.com\/wp-content\/uploads\/2025\/05\/Logo-03_PNG-Black-scaled.png","width":2560,"height":1658,"caption":"Magnetar"},"image":{"@id":"https:\/\/magnetarmagnets.com\/no\/#\/schema\/logo\/image\/"},"sameAs":["https:\/\/www.facebook.com\/fishingmagnets\/","https:\/\/www.instagram.com\/magnetar_magnets\/","https:\/\/www.linkedin.com\/company\/magnetarbv\/?originalSubdomain=nl","https:\/\/www.youtube.com\/c\/MagnetarVismagneet"]}]}},"_links":{"self":[{"href":"https:\/\/magnetarmagnets.com\/no\/wp-json\/wp\/v2\/product\/84322","targetHints":{"allow":["GET"]}}],"collection":[{"href":"https:\/\/magnetarmagnets.com\/no\/wp-json\/wp\/v2\/product"}],"about":[{"href":"https:\/\/magnetarmagnets.com\/no\/wp-json\/wp\/v2\/types\/product"}],"replies":[{"embeddable":true,"href":"https:\/\/magnetarmagnets.com\/no\/wp-json\/wp\/v2\/comments?post=84322"}],"version-history":[{"count":0,"href":"https:\/\/magnetarmagnets.com\/no\/wp-json\/wp\/v2\/product\/84322\/revisions"}],"wp:featuredmedia":[{"embeddable":true,"href":"https:\/\/magnetarmagnets.com\/no\/wp-json\/wp\/v2\/media\/79723"}],"wp:attachment":[{"href":"https:\/\/magnetarmagnets.com\/no\/wp-json\/wp\/v2\/media?parent=84322"}],"wp:term":[{"taxonomy":"product_brand","embeddable":true,"href":"https:\/\/magnetarmagnets.com\/no\/wp-json\/wp\/v2\/product_brand?post=84322"},{"taxonomy":"product_cat","embeddable":true,"href":"https:\/\/magnetarmagnets.com\/no\/wp-json\/wp\/v2\/product_cat?post=84322"},{"taxonomy":"product_tag","embeddable":true,"href":"https:\/\/magnetarmagnets.com\/no\/wp-json\/wp\/v2\/product_tag?post=84322"}],"curies":[{"name":"wp","href":"https:\/\/api.w.org\/{rel}","templated":true}]}}