{"id":84321,"date":"2025-06-05T09:53:06","date_gmt":"2025-06-05T07:53:06","guid":{"rendered":"https:\/\/magnetarmagnets.com\/?post_type=product&#038;p=84321"},"modified":"2026-04-07T18:52:58","modified_gmt":"2026-04-07T16:52:58","slug":"magnetisk-kumlokk-lofter-med-hammer","status":"publish","type":"product","link":"https:\/\/magnetarmagnets.com\/no\/shop\/magnetisk-kumlokk-lofter-med-hammer\/","title":{"rendered":"Magnetisk kumlokk l\u00f8fter med hammer"},"content":{"rendered":"\u00c5pner du kumluker ofte? Denne magnetiske kumlokk l\u00f8fteren vil gj\u00f8re arbeidsflyten din mye enklere. \u00c5 \u00e5pne slukluker kan v\u00e6re en krevende oppgave. Derfor har vi lansert Magnetar THOR, designet for \u00e5 \u00e5pne flere typer kumluker med sin magnetiske kraft, lirke dem opp eller \u2013 n\u00e5r de sitter fast \u2013 l\u00f8sne dem med slag.\r\n\r\nMens tradisjonelle kumlokk l\u00f8ftere tvinger deg til \u00e5 b\u00f8ye deg, lar Magnetar THOR deg l\u00f8fte alle slags lokk fra en oppreist posisjon. Bruken av denne magnetiske kumlokk l\u00f8fteren med krok vil gj\u00f8re arbeidet ditt fysisk mindre belastende.\r\n<h2>Produktbeskrivelse<\/h2>\r\nMagnetar THOR er i en egen liga. Denne magnetiske kumlokk l\u00f8fteren er utstyrt med en kraftig neodymmi magnet. I tillegg har den en tradisjonell krok for l\u00f8fting av lokk og en hammer. Alle disse innebygde verkt\u00f8yene gj\u00f8r det enkelt \u00e5 l\u00f8fte, lirke eller sl\u00e5 l\u00f8s enhver type kumlokk. Alt dette fra en ergonomisk kroppsstilling, for \u00e5 gj\u00f8re denne repeterende oppgaven mindre krevende. Enkelt, ikke sant?\r\n<h2>Magnetar THOR, overg\u00e5r vanlige kumlokk l\u00f8ftere<\/h2>\r\nDe som jobber med mange kumluker, inspeksjonsluker, sluk eller andre store hull, har nok en tradisjonell krok eller l\u00f8fter. Bruk av slike verkt\u00f8y krever ofte mye kraft. \u00c5 \u00e5pne tunge lokk kan v\u00e6re slitsomt og ved noen tilfeller f\u00f8re til skader, noe du absolutt \u00f8nsker \u00e5 unng\u00e5.\r\n\r\nMagnetar THOR tar en annen tiln\u00e6rming. Ved \u00e5 bruke den kraftige magneten, er det mulig \u00e5 l\u00f8fte de fleste kumluker st\u00e5ende. Det betyr at du bruker langt mindre kraft i ben og rygg, noe som p\u00e5 lang sikt gagner helsen din.\r\n<h2>De tre funksjonene til Magnetar THOR<\/h2>\r\nMed Magnetar THOR kombinerer vi en krok, en l\u00f8fter og en hammer i ett produkt. Du blir dermed forberedt p\u00e5 enhver situasjon, unng\u00e5r fysisk belastning og sparer plass. Produktet kjennetegnes av disse tre funksjonene.\r\n<ul>\r\n \t<li>L\u00f8fting<\/li>\r\n \t<li>Lirkning<\/li>\r\n \t<li>Slag<\/li>\r\n<\/ul>\r\nSkal du \u00e5pne et kumlokk? I de fleste tilfeller kan du bruke den kraftige neodymmi magneten, lik de vi bruker som fiskemagneter. Disse magnetene har en trekkraft p\u00e5 ca. 660 lbs (300 kg). Ved \u00e5 snu THOR, ta tak i kroken og hammeren kan du enkelt l\u00f8fte lokket ut av ringen.\r\n\r\nBruk av magneten alene er ikke alltid nok. Kroken kan brukes til \u00e5 lirke opp fastsittende lokk. Dessuten gir lengden p\u00e5 stangen (67 cm) god l\u00f8ftekraft. Merker du at lokket beveger seg, kan du bruke magneten til \u00e5 l\u00f8fte.\r\n\r\nHvis lokket sitter skikkelig fast, kan du sl\u00e5 p\u00e5 det med hammeren. Dette lager litt slingringsmonn i ringen, slik at du kan lirke opp lokket og l\u00f8fte det med magneten.\r\n<h2>Egenskaper til den magnetiske kumlokk l\u00f8fteren<\/h2>\r\nMagnetar THOR er en kompakt magnetisk kumlokk l\u00f8fter med hammer. Verkt\u00f8yet har en lengde p\u00e5 67 cm og bredde p\u00e5 litt over 21 cm, noe som gj\u00f8r den enkel \u00e5 oppbevare og transportere. Utstyrt med galvanisert st\u00e5l og veier ca. 2 kg, er det et solid og sv\u00e6rt holdbart produkt. Stangens diameter p\u00e5 ca. 75 mm gir h\u00f8y motstandsdyktighet mot st\u00f8t.\r\n<h2>Oppbevaring av Magnetar THOR<\/h2>\r\nNeodym-magneten gj\u00f8r v\u00e5r magnetiske kumlokk l\u00f8fter ekstremt praktisk, men du m\u00e5 huske at verkt\u00f8yet ikke kan oppbevares hvor som helst. Du \u00f8nsker ikke at tilfeldige gjenstander eller kj\u00f8ret\u00f8y skal feste seg til magneten. N\u00e5r du oppbevarer Magnetar THOR i en firmabil, anbefales det \u00e5 henge magnet-siden fritt fra hindringer.\r\n<h2>N\u00e5r kan jeg forvente levering av min kumlokk l\u00f8fter?<\/h2>\r\nLevering innen USA, Canada og Mexico skjer innen 2\u20134 virkedager dersom vi mottar din bestilling p\u00e5 Magnetar THOR f\u00f8r <em>kl 14:00 EST.<\/em>\r\n<h2>Hva koster frakten?<\/h2>\r\nVennligst se v\u00e5r &#8216;Fraktinformasjon&#8217; side for detaljer om frakt av Magnetar THOR.","protected":false},"excerpt":{"rendered":"<p>H\u00e5ndterer du <strong>kumluker<\/strong> regelmessig? Da vil v\u00e5r <strong>magnetiske kulekrok for kumlokk med hammer<\/strong> gj\u00f8re jobben din mye enklere.<\/p>\n<p>Tradisjonelle l\u00f8ftere for kumlokk krever ofte at du b\u00f8yer deg ned, men Magnetar THOR gj\u00f8r det mulig \u00e5 <strong>\u00e5pne forskjellige kumluker st\u00e5ende<\/strong>. Ved \u00e5 bruke denne l\u00f8fteren med magnet og krok vil arbeidet ditt bli <strong>mindre fysisk krevende<\/strong>.<\/p>\n","protected":false},"featured_media":80010,"comment_status":"open","ping_status":"closed","template":"","meta":{"_acf_changed":false,"inline_featured_image":false},"product_brand":[],"product_cat":[721,613,727,609,718],"product_tag":[],"class_list":{"0":"post-84321","1":"product","2":"type-product","3":"status-publish","4":"has-post-thumbnail","6":"product_cat-magneettiset-lisavarusteet","7":"product_cat-magnetiske-tilbehor","8":"product_cat-muut","9":"product_cat-utstyr","10":"product_cat-varusteet","12":"first","13":"instock","14":"sale","15":"taxable","16":"shipping-taxable","17":"purchasable","18":"product-type-variable"},"acf":[],"yoast_head":"<!-- This site is optimized with the Yoast SEO plugin v27.3 - https:\/\/yoast.com\/product\/yoast-seo-wordpress\/ -->\n<title>Magnetisk kumlokk l\u00f8fter med hammer - Magnetar THOR<\/title>\n<meta name=\"description\" content=\"\u00c5pner du regelmessig kumluker? Den magnetiske kumlokk l\u00f8fteren Magnetar THOR vil gj\u00f8re arbeidsflyten din mye enklere.\" \/>\n<meta name=\"robots\" content=\"index, follow, max-snippet:-1, max-image-preview:large, max-video-preview:-1\" \/>\n<link rel=\"canonical\" href=\"https:\/\/magnetarmagnets.com\/no\/shop\/magnetisk-kumlokk-lofter-med-hammer\/\" \/>\n<meta property=\"og:locale\" content=\"nb_NO\" \/>\n<meta property=\"og:type\" content=\"article\" \/>\n<meta property=\"og:title\" content=\"Magnetisk kumlokk l\u00f8fter med hammer - Magnetar THOR\" \/>\n<meta property=\"og:description\" content=\"\u00c5pner du regelmessig kumluker? Den magnetiske kumlokk l\u00f8fteren Magnetar THOR vil gj\u00f8re arbeidsflyten din mye enklere.\" \/>\n<meta property=\"og:url\" content=\"https:\/\/magnetarmagnets.com\/no\/shop\/magnetisk-kumlokk-lofter-med-hammer\/\" \/>\n<meta property=\"og:site_name\" content=\"Magnet fishing with a Magnetar fishing magnet\" \/>\n<meta property=\"article:publisher\" content=\"https:\/\/www.facebook.com\/fishingmagnets\/\" \/>\n<meta property=\"article:modified_time\" content=\"2026-04-07T16:52:58+00:00\" \/>\n<meta property=\"og:image\" content=\"https:\/\/magnetarmagnets.com\/wp-content\/uploads\/2023\/09\/JNF-Magnetar-Bedrijfsfotografie-01-09-2023-Foto-9955.jpg\" \/>\n\t<meta property=\"og:image:width\" content=\"1000\" \/>\n\t<meta property=\"og:image:height\" content=\"1000\" \/>\n\t<meta property=\"og:image:type\" content=\"image\/jpeg\" \/>\n<meta name=\"twitter:card\" content=\"summary_large_image\" \/>\n<meta name=\"twitter:label1\" content=\"Ansl. lesetid\" \/>\n\t<meta name=\"twitter:data1\" content=\"3 minutter\" \/>\n<script type=\"application\/ld+json\" class=\"yoast-schema-graph\">{\"@context\":\"https:\\\/\\\/schema.org\",\"@graph\":[{\"@type\":[\"WebPage\",\"ItemPage\"],\"@id\":\"https:\\\/\\\/magnetarmagnets.com\\\/no\\\/shop\\\/magnetisk-kumlokk-lofter-med-hammer\\\/\",\"url\":\"https:\\\/\\\/magnetarmagnets.com\\\/no\\\/shop\\\/magnetisk-kumlokk-lofter-med-hammer\\\/\",\"name\":\"Magnetisk kumlokk l\u00f8fter med hammer - Magnetar THOR\",\"isPartOf\":{\"@id\":\"https:\\\/\\\/magnetarmagnets.com\\\/no\\\/#website\"},\"primaryImageOfPage\":{\"@id\":\"https:\\\/\\\/magnetarmagnets.com\\\/no\\\/shop\\\/magnetisk-kumlokk-lofter-med-hammer\\\/#primaryimage\"},\"image\":{\"@id\":\"https:\\\/\\\/magnetarmagnets.com\\\/no\\\/shop\\\/magnetisk-kumlokk-lofter-med-hammer\\\/#primaryimage\"},\"thumbnailUrl\":\"https:\\\/\\\/magnetarmagnets.com\\\/wp-content\\\/uploads\\\/2023\\\/09\\\/JNF-Magnetar-Bedrijfsfotografie-01-09-2023-Foto-9955.jpg\",\"datePublished\":\"2025-06-05T07:53:06+00:00\",\"dateModified\":\"2026-04-07T16:52:58+00:00\",\"description\":\"\u00c5pner du regelmessig kumluker? Den magnetiske kumlokk l\u00f8fteren Magnetar THOR vil gj\u00f8re arbeidsflyten din mye enklere.\",\"breadcrumb\":{\"@id\":\"https:\\\/\\\/magnetarmagnets.com\\\/no\\\/shop\\\/magnetisk-kumlokk-lofter-med-hammer\\\/#breadcrumb\"},\"inLanguage\":\"nb-NO\",\"potentialAction\":[{\"@type\":\"ReadAction\",\"target\":[\"https:\\\/\\\/magnetarmagnets.com\\\/no\\\/shop\\\/magnetisk-kumlokk-lofter-med-hammer\\\/\"]}]},{\"@type\":\"ImageObject\",\"inLanguage\":\"nb-NO\",\"@id\":\"https:\\\/\\\/magnetarmagnets.com\\\/no\\\/shop\\\/magnetisk-kumlokk-lofter-med-hammer\\\/#primaryimage\",\"url\":\"https:\\\/\\\/magnetarmagnets.com\\\/wp-content\\\/uploads\\\/2023\\\/09\\\/JNF-Magnetar-Bedrijfsfotografie-01-09-2023-Foto-9955.jpg\",\"contentUrl\":\"https:\\\/\\\/magnetarmagnets.com\\\/wp-content\\\/uploads\\\/2023\\\/09\\\/JNF-Magnetar-Bedrijfsfotografie-01-09-2023-Foto-9955.jpg\",\"width\":1000,\"height\":1000,\"caption\":\"The Magnetar THOR is the best magnetic manhole cover lifter.\"},{\"@type\":\"BreadcrumbList\",\"@id\":\"https:\\\/\\\/magnetarmagnets.com\\\/no\\\/shop\\\/magnetisk-kumlokk-lofter-med-hammer\\\/#breadcrumb\",\"itemListElement\":[{\"@type\":\"ListItem\",\"position\":1,\"name\":\"Home\",\"item\":\"https:\\\/\\\/magnetarmagnets.com\\\/no\\\/\"},{\"@type\":\"ListItem\",\"position\":2,\"name\":\"Butikk\",\"item\":\"https:\\\/\\\/magnetarmagnets.com\\\/butikk\\\/\"},{\"@type\":\"ListItem\",\"position\":3,\"name\":\"Utstyr\",\"item\":\"https:\\\/\\\/magnetarmagnets.com\\\/no\\\/collections\\\/utstyr\\\/\"},{\"@type\":\"ListItem\",\"position\":4,\"name\":\"Magnetiske tilbeh\u00f8r\",\"item\":\"https:\\\/\\\/magnetarmagnets.com\\\/no\\\/collections\\\/utstyr\\\/magnetiske-tilbehor\\\/\"},{\"@type\":\"ListItem\",\"position\":5,\"name\":\"Magnetisk kumlokk l\u00f8fter med hammer\"}]},{\"@type\":\"WebSite\",\"@id\":\"https:\\\/\\\/magnetarmagnets.com\\\/no\\\/#website\",\"url\":\"https:\\\/\\\/magnetarmagnets.com\\\/no\\\/\",\"name\":\"Magnet fishing with a Magnetar fishing magnet\",\"description\":\"Kraftige magneter for magnetfiske\",\"publisher\":{\"@id\":\"https:\\\/\\\/magnetarmagnets.com\\\/no\\\/#organization\"},\"potentialAction\":[{\"@type\":\"SearchAction\",\"target\":{\"@type\":\"EntryPoint\",\"urlTemplate\":\"https:\\\/\\\/magnetarmagnets.com\\\/no\\\/?s={search_term_string}\"},\"query-input\":{\"@type\":\"PropertyValueSpecification\",\"valueRequired\":true,\"valueName\":\"search_term_string\"}}],\"inLanguage\":\"nb-NO\"},{\"@type\":\"Organization\",\"@id\":\"https:\\\/\\\/magnetarmagnets.com\\\/no\\\/#organization\",\"name\":\"Magnetar\",\"url\":\"https:\\\/\\\/magnetarmagnets.com\\\/no\\\/\",\"logo\":{\"@type\":\"ImageObject\",\"inLanguage\":\"nb-NO\",\"@id\":\"https:\\\/\\\/magnetarmagnets.com\\\/no\\\/#\\\/schema\\\/logo\\\/image\\\/\",\"url\":\"https:\\\/\\\/magnetarmagnets.com\\\/wp-content\\\/uploads\\\/2025\\\/05\\\/Logo-03_PNG-Black-scaled.png\",\"contentUrl\":\"https:\\\/\\\/magnetarmagnets.com\\\/wp-content\\\/uploads\\\/2025\\\/05\\\/Logo-03_PNG-Black-scaled.png\",\"width\":2560,\"height\":1658,\"caption\":\"Magnetar\"},\"image\":{\"@id\":\"https:\\\/\\\/magnetarmagnets.com\\\/no\\\/#\\\/schema\\\/logo\\\/image\\\/\"},\"sameAs\":[\"https:\\\/\\\/www.facebook.com\\\/fishingmagnets\\\/\",\"https:\\\/\\\/www.instagram.com\\\/magnetar_magnets\\\/\",\"https:\\\/\\\/www.linkedin.com\\\/company\\\/magnetarbv\\\/?originalSubdomain=nl\",\"https:\\\/\\\/www.youtube.com\\\/c\\\/MagnetarVismagneet\"]}]}<\/script>\n<!-- \/ Yoast SEO plugin. -->","yoast_head_json":{"title":"Magnetisk kumlokk l\u00f8fter med hammer - Magnetar THOR","description":"\u00c5pner du regelmessig kumluker? Den magnetiske kumlokk l\u00f8fteren Magnetar THOR vil gj\u00f8re arbeidsflyten din mye enklere.","robots":{"index":"index","follow":"follow","max-snippet":"max-snippet:-1","max-image-preview":"max-image-preview:large","max-video-preview":"max-video-preview:-1"},"canonical":"https:\/\/magnetarmagnets.com\/no\/shop\/magnetisk-kumlokk-lofter-med-hammer\/","og_locale":"nb_NO","og_type":"article","og_title":"Magnetisk kumlokk l\u00f8fter med hammer - Magnetar THOR","og_description":"\u00c5pner du regelmessig kumluker? Den magnetiske kumlokk l\u00f8fteren Magnetar THOR vil gj\u00f8re arbeidsflyten din mye enklere.","og_url":"https:\/\/magnetarmagnets.com\/no\/shop\/magnetisk-kumlokk-lofter-med-hammer\/","og_site_name":"Magnet fishing with a Magnetar fishing magnet","article_publisher":"https:\/\/www.facebook.com\/fishingmagnets\/","article_modified_time":"2026-04-07T16:52:58+00:00","og_image":[{"width":1000,"height":1000,"url":"https:\/\/magnetarmagnets.com\/wp-content\/uploads\/2023\/09\/JNF-Magnetar-Bedrijfsfotografie-01-09-2023-Foto-9955.jpg","type":"image\/jpeg"}],"twitter_card":"summary_large_image","twitter_misc":{"Ansl. lesetid":"3 minutter"},"schema":{"@context":"https:\/\/schema.org","@graph":[{"@type":["WebPage","ItemPage"],"@id":"https:\/\/magnetarmagnets.com\/no\/shop\/magnetisk-kumlokk-lofter-med-hammer\/","url":"https:\/\/magnetarmagnets.com\/no\/shop\/magnetisk-kumlokk-lofter-med-hammer\/","name":"Magnetisk kumlokk l\u00f8fter med hammer - Magnetar THOR","isPartOf":{"@id":"https:\/\/magnetarmagnets.com\/no\/#website"},"primaryImageOfPage":{"@id":"https:\/\/magnetarmagnets.com\/no\/shop\/magnetisk-kumlokk-lofter-med-hammer\/#primaryimage"},"image":{"@id":"https:\/\/magnetarmagnets.com\/no\/shop\/magnetisk-kumlokk-lofter-med-hammer\/#primaryimage"},"thumbnailUrl":"https:\/\/magnetarmagnets.com\/wp-content\/uploads\/2023\/09\/JNF-Magnetar-Bedrijfsfotografie-01-09-2023-Foto-9955.jpg","datePublished":"2025-06-05T07:53:06+00:00","dateModified":"2026-04-07T16:52:58+00:00","description":"\u00c5pner du regelmessig kumluker? Den magnetiske kumlokk l\u00f8fteren Magnetar THOR vil gj\u00f8re arbeidsflyten din mye enklere.","breadcrumb":{"@id":"https:\/\/magnetarmagnets.com\/no\/shop\/magnetisk-kumlokk-lofter-med-hammer\/#breadcrumb"},"inLanguage":"nb-NO","potentialAction":[{"@type":"ReadAction","target":["https:\/\/magnetarmagnets.com\/no\/shop\/magnetisk-kumlokk-lofter-med-hammer\/"]}]},{"@type":"ImageObject","inLanguage":"nb-NO","@id":"https:\/\/magnetarmagnets.com\/no\/shop\/magnetisk-kumlokk-lofter-med-hammer\/#primaryimage","url":"https:\/\/magnetarmagnets.com\/wp-content\/uploads\/2023\/09\/JNF-Magnetar-Bedrijfsfotografie-01-09-2023-Foto-9955.jpg","contentUrl":"https:\/\/magnetarmagnets.com\/wp-content\/uploads\/2023\/09\/JNF-Magnetar-Bedrijfsfotografie-01-09-2023-Foto-9955.jpg","width":1000,"height":1000,"caption":"The Magnetar THOR is the best magnetic manhole cover lifter."},{"@type":"BreadcrumbList","@id":"https:\/\/magnetarmagnets.com\/no\/shop\/magnetisk-kumlokk-lofter-med-hammer\/#breadcrumb","itemListElement":[{"@type":"ListItem","position":1,"name":"Home","item":"https:\/\/magnetarmagnets.com\/no\/"},{"@type":"ListItem","position":2,"name":"Butikk","item":"https:\/\/magnetarmagnets.com\/butikk\/"},{"@type":"ListItem","position":3,"name":"Utstyr","item":"https:\/\/magnetarmagnets.com\/no\/collections\/utstyr\/"},{"@type":"ListItem","position":4,"name":"Magnetiske tilbeh\u00f8r","item":"https:\/\/magnetarmagnets.com\/no\/collections\/utstyr\/magnetiske-tilbehor\/"},{"@type":"ListItem","position":5,"name":"Magnetisk kumlokk l\u00f8fter med hammer"}]},{"@type":"WebSite","@id":"https:\/\/magnetarmagnets.com\/no\/#website","url":"https:\/\/magnetarmagnets.com\/no\/","name":"Magnet fishing with a Magnetar fishing magnet","description":"Kraftige magneter for magnetfiske","publisher":{"@id":"https:\/\/magnetarmagnets.com\/no\/#organization"},"potentialAction":[{"@type":"SearchAction","target":{"@type":"EntryPoint","urlTemplate":"https:\/\/magnetarmagnets.com\/no\/?s={search_term_string}"},"query-input":{"@type":"PropertyValueSpecification","valueRequired":true,"valueName":"search_term_string"}}],"inLanguage":"nb-NO"},{"@type":"Organization","@id":"https:\/\/magnetarmagnets.com\/no\/#organization","name":"Magnetar","url":"https:\/\/magnetarmagnets.com\/no\/","logo":{"@type":"ImageObject","inLanguage":"nb-NO","@id":"https:\/\/magnetarmagnets.com\/no\/#\/schema\/logo\/image\/","url":"https:\/\/magnetarmagnets.com\/wp-content\/uploads\/2025\/05\/Logo-03_PNG-Black-scaled.png","contentUrl":"https:\/\/magnetarmagnets.com\/wp-content\/uploads\/2025\/05\/Logo-03_PNG-Black-scaled.png","width":2560,"height":1658,"caption":"Magnetar"},"image":{"@id":"https:\/\/magnetarmagnets.com\/no\/#\/schema\/logo\/image\/"},"sameAs":["https:\/\/www.facebook.com\/fishingmagnets\/","https:\/\/www.instagram.com\/magnetar_magnets\/","https:\/\/www.linkedin.com\/company\/magnetarbv\/?originalSubdomain=nl","https:\/\/www.youtube.com\/c\/MagnetarVismagneet"]}]}},"_links":{"self":[{"href":"https:\/\/magnetarmagnets.com\/no\/wp-json\/wp\/v2\/product\/84321","targetHints":{"allow":["GET"]}}],"collection":[{"href":"https:\/\/magnetarmagnets.com\/no\/wp-json\/wp\/v2\/product"}],"about":[{"href":"https:\/\/magnetarmagnets.com\/no\/wp-json\/wp\/v2\/types\/product"}],"replies":[{"embeddable":true,"href":"https:\/\/magnetarmagnets.com\/no\/wp-json\/wp\/v2\/comments?post=84321"}],"version-history":[{"count":0,"href":"https:\/\/magnetarmagnets.com\/no\/wp-json\/wp\/v2\/product\/84321\/revisions"}],"wp:featuredmedia":[{"embeddable":true,"href":"https:\/\/magnetarmagnets.com\/no\/wp-json\/wp\/v2\/media\/80010"}],"wp:attachment":[{"href":"https:\/\/magnetarmagnets.com\/no\/wp-json\/wp\/v2\/media?parent=84321"}],"wp:term":[{"taxonomy":"product_brand","embeddable":true,"href":"https:\/\/magnetarmagnets.com\/no\/wp-json\/wp\/v2\/product_brand?post=84321"},{"taxonomy":"product_cat","embeddable":true,"href":"https:\/\/magnetarmagnets.com\/no\/wp-json\/wp\/v2\/product_cat?post=84321"},{"taxonomy":"product_tag","embeddable":true,"href":"https:\/\/magnetarmagnets.com\/no\/wp-json\/wp\/v2\/product_tag?post=84321"}],"curies":[{"name":"wp","href":"https:\/\/api.w.org\/{rel}","templated":true}]}}