{"id":84318,"date":"2025-06-05T09:53:47","date_gmt":"2025-06-05T07:53:47","guid":{"rendered":"https:\/\/magnetarmagnets.com\/?post_type=product&#038;p=84318"},"modified":"2026-04-07T06:18:45","modified_gmt":"2026-04-07T04:18:45","slug":"barnesett-360-280-kg-enkel-allround-360","status":"publish","type":"product","link":"https:\/\/magnetarmagnets.com\/no\/shop\/barnesett-360-280-kg-enkel-allround-360\/","title":{"rendered":"Barnesett 360\u00b0 &#8211; 280 kg &#8211; Enkel &#8211; Allround 360\u00b0"},"content":{"rendered":"Magnetfiske for barn? Den dr\u00f8mmen blir virkelig med Magnetars Easy-pakke. Dette komplette settet med fiskemagnet har alt du trenger for \u00e5 trekke opp de fineste funnene. V\u00e5r Easy magnet har en total magnetisk trekkraft p\u00e5 280 kg i en full 360\u00b0 vinkel. I tillegg til fiskemagneten f\u00e5r du ogs\u00e5 et beskyttende magnetdeksel, et par hansker og et tau spesielt designet for magnetfiske.\n<h2>Easy neodymmagnet for fisking<\/h2>\n<a href=\"https:\/\/magnetarmagnets.com\/shop\/easy-magnet\">Easy neodymmagnet for fisking<\/a> er kjent for sin lave kastvekt. Samtidig har produktet en sterk trekkraft, noe som gj\u00f8r Easy til et ideelt valg for nybegynnere og barn som tar hobbyen sin p\u00e5 alvor. Hver side av denne fiskemagneten er magnetisk, noe som \u00f8ker sjansen for \u00e5 trekke de mest fantastiske gjenstandene opp fra vannet.\n<h2>Er du klar for Easy?<\/h2>\nDenne fiskemagneten er v\u00e5r startmodell i serien med allround 360\u00b0 magneter. Hver side har en separat trekkraft p\u00e5 70 kg, noe som gir totalt 280 kg for hele magneten. Mindre gjenstander vil bevege seg mot magneten fra en avstand p\u00e5 10 cm, noe som optimaliserer sjansen for \u00e5 finne ting.\n\nMed Easy kan barn fra seks \u00e5r begynne med magnetfiske under tilsyn. \u00d8nsker du en fiskemagnet med h\u00f8yere trekkraft? Ta en titt p\u00e5 Hardcore eller Terror. Begge er en del av v\u00e5r allround 360\u00b0 serie og er sv\u00e6rt popul\u00e6re blant magnetfiskere over hele verden.\n<h2>Magnetutvikling<\/h2>\nMange <a href=\"https:\/\/magnetarmagnets.com\/?v=796834e7a283\" target=\"_blank\" rel=\"noopener\">fiskemagneter<\/a> har bare tiltrekningskraft p\u00e5 \u00e9n side. Denne ensidige magneten er den klassiske fiskemagneten. Magnetar var det f\u00f8rste selskapet som utviklet denne klassiske magneten til en <a href=\"https:\/\/magnetarmagnets.com\/double-sided-fishing-magnet\/?v=796834e7a283\" target=\"_blank\" rel=\"noopener\">dobbeltsidig fiskemagnet<\/a>. I 2016 utviklet Magnetar den allsidige fiskemagneten med 360\u00b0 magnetisk trekkraft. Magnetfiskere over hele EU har blitt tiltrukket av v\u00e5re 100 % neodymmagneter siden den gang, noe som gj\u00f8r oss til Europas nummer 1 leverand\u00f8r. V\u00e5re magneter er laget med h\u00f8y kvalitet, design og omsorg av et lite team av magnetfiskeentusiaster. Kundene v\u00e5re kommer tilbake fordi de vet at med Magnetar f\u00e5r de mer enn en magnet &#8211; de fanger skatter.\n<h2><strong>Kraftfull 360\u00b0 trekkraft<\/strong><\/h2>\nHardcore-magneten er en av de sterkeste magnetene vi tilbyr. Trekkraften til en ensidig magnet kan ikke sammenlignes med en ren neodymmagnet med 360\u00b0 trekkraft som Hardcore-magneten. Dette fordi st\u00e5lskallet p\u00e5 den ensidige magneten p\u00e5virker trekkraften, som ogs\u00e5 er rettet i \u00e9n retning. Dette gj\u00f8r at ensidige magneter kan oppn\u00e5 h\u00f8y trekkraft p\u00e5 flate metallplater p\u00e5 \u00e9n side, mens v\u00e5r eksklusive Allround 360\u00b0 magnet tiltrekker objekter fra \u00aballe kanter\u00bb da den har magnetisk trekkraft i hele omgivelsesomr\u00e5det. Nysgjerrig p\u00e5 hvordan vi m\u00e5ler trekkraften? <a href=\"https:\/\/www.youtube.com\/watch?v=2McW3RURDxs\" target=\"_blank\" rel=\"noopener\">Se v\u00e5r video om m\u00e5ling av trekkraft<\/a>.","protected":false},"excerpt":{"rendered":"<p>Kom i gang med dette <strong>rimelige<\/strong> 360\u00b0 magnetfiske-pakken for barn som inkluderer <strong>Easy magnet<\/strong>, Easy beskyttelsesdeksel, tau, lim og hansker.<\/p>\n","protected":false},"featured_media":81307,"comment_status":"open","ping_status":"closed","template":"","meta":{"_acf_changed":false,"inline_featured_image":false},"product_brand":[],"product_cat":[607,602,608,614],"product_tag":[],"class_list":{"0":"post-84318","1":"product","2":"type-product","3":"status-publish","4":"has-post-thumbnail","6":"product_cat-allround-fiskemagneter-360","7":"product_cat-fiskemagneter","8":"product_cat-magnetfiske-sett","9":"product_cat-nybegynnere-og-barn","11":"first","12":"instock","13":"sale","14":"taxable","15":"shipping-taxable","16":"purchasable","17":"product-type-simple"},"acf":[],"yoast_head":"<!-- This site is optimized with the Yoast SEO plugin v27.3 - https:\/\/yoast.com\/product\/yoast-seo-wordpress\/ -->\n<title>Barnesett 360\u00b0 - 280 kg - Enkel - Allround 360\u00b0 -<\/title>\n<meta name=\"description\" content=\"Magnetfiske for barn? Den dr\u00f8mmen blir virkelig med Magnetars Easy-pakke. Dette komplette settet inneholder alt du trenger.\" \/>\n<meta name=\"robots\" content=\"index, follow, max-snippet:-1, max-image-preview:large, max-video-preview:-1\" \/>\n<link rel=\"canonical\" href=\"https:\/\/magnetarmagnets.com\/no\/shop\/barnesett-360-280-kg-enkel-allround-360\/\" \/>\n<meta property=\"og:locale\" content=\"nb_NO\" \/>\n<meta property=\"og:type\" content=\"article\" \/>\n<meta property=\"og:title\" content=\"Barnesett 360\u00b0 - 280 kg - Enkel - Allround 360\u00b0 -\" \/>\n<meta property=\"og:description\" content=\"Magnetfiske for barn? Den dr\u00f8mmen blir virkelig med Magnetars Easy-pakke. Dette komplette settet inneholder alt du trenger.\" \/>\n<meta property=\"og:url\" content=\"https:\/\/magnetarmagnets.com\/no\/shop\/barnesett-360-280-kg-enkel-allround-360\/\" \/>\n<meta property=\"og:site_name\" content=\"Magnet fishing with a Magnetar fishing magnet\" \/>\n<meta property=\"article:publisher\" content=\"https:\/\/www.facebook.com\/fishingmagnets\/\" \/>\n<meta property=\"article:modified_time\" content=\"2026-04-07T04:18:45+00:00\" \/>\n<meta property=\"og:image\" content=\"https:\/\/magnetarmagnets.com\/wp-content\/uploads\/2025\/06\/easy-360-magnetar-pakket.png\" \/>\n\t<meta property=\"og:image:width\" content=\"1000\" \/>\n\t<meta property=\"og:image:height\" content=\"1000\" \/>\n\t<meta property=\"og:image:type\" content=\"image\/png\" \/>\n<meta name=\"twitter:card\" content=\"summary_large_image\" \/>\n<meta name=\"twitter:label1\" content=\"Ansl. lesetid\" \/>\n\t<meta name=\"twitter:data1\" content=\"5 minutter\" \/>\n<script type=\"application\/ld+json\" class=\"yoast-schema-graph\">{\"@context\":\"https:\\\/\\\/schema.org\",\"@graph\":[{\"@type\":[\"WebPage\",\"ItemPage\"],\"@id\":\"https:\\\/\\\/magnetarmagnets.com\\\/no\\\/shop\\\/barnesett-360-280-kg-enkel-allround-360\\\/\",\"url\":\"https:\\\/\\\/magnetarmagnets.com\\\/no\\\/shop\\\/barnesett-360-280-kg-enkel-allround-360\\\/\",\"name\":\"Barnesett 360\u00b0 - 280 kg - Enkel - Allround 360\u00b0 -\",\"isPartOf\":{\"@id\":\"https:\\\/\\\/magnetarmagnets.com\\\/no\\\/#website\"},\"primaryImageOfPage\":{\"@id\":\"https:\\\/\\\/magnetarmagnets.com\\\/no\\\/shop\\\/barnesett-360-280-kg-enkel-allround-360\\\/#primaryimage\"},\"image\":{\"@id\":\"https:\\\/\\\/magnetarmagnets.com\\\/no\\\/shop\\\/barnesett-360-280-kg-enkel-allround-360\\\/#primaryimage\"},\"thumbnailUrl\":\"https:\\\/\\\/magnetarmagnets.com\\\/wp-content\\\/uploads\\\/2025\\\/06\\\/easy-360-magnetar-pakket.png\",\"datePublished\":\"2025-06-05T07:53:47+00:00\",\"dateModified\":\"2026-04-07T04:18:45+00:00\",\"description\":\"Magnetfiske for barn? Den dr\u00f8mmen blir virkelig med Magnetars Easy-pakke. Dette komplette settet inneholder alt du trenger.\",\"breadcrumb\":{\"@id\":\"https:\\\/\\\/magnetarmagnets.com\\\/no\\\/shop\\\/barnesett-360-280-kg-enkel-allround-360\\\/#breadcrumb\"},\"inLanguage\":\"nb-NO\",\"potentialAction\":[{\"@type\":\"ReadAction\",\"target\":[\"https:\\\/\\\/magnetarmagnets.com\\\/no\\\/shop\\\/barnesett-360-280-kg-enkel-allround-360\\\/\"]}]},{\"@type\":\"ImageObject\",\"inLanguage\":\"nb-NO\",\"@id\":\"https:\\\/\\\/magnetarmagnets.com\\\/no\\\/shop\\\/barnesett-360-280-kg-enkel-allround-360\\\/#primaryimage\",\"url\":\"https:\\\/\\\/magnetarmagnets.com\\\/wp-content\\\/uploads\\\/2025\\\/06\\\/easy-360-magnetar-pakket.png\",\"contentUrl\":\"https:\\\/\\\/magnetarmagnets.com\\\/wp-content\\\/uploads\\\/2025\\\/06\\\/easy-360-magnetar-pakket.png\",\"width\":1000,\"height\":1000},{\"@type\":\"BreadcrumbList\",\"@id\":\"https:\\\/\\\/magnetarmagnets.com\\\/no\\\/shop\\\/barnesett-360-280-kg-enkel-allround-360\\\/#breadcrumb\",\"itemListElement\":[{\"@type\":\"ListItem\",\"position\":1,\"name\":\"Home\",\"item\":\"https:\\\/\\\/magnetarmagnets.com\\\/no\\\/\"},{\"@type\":\"ListItem\",\"position\":2,\"name\":\"Butikk\",\"item\":\"https:\\\/\\\/magnetarmagnets.com\\\/butikk\\\/\"},{\"@type\":\"ListItem\",\"position\":3,\"name\":\"All products\",\"item\":\"https:\\\/\\\/magnetarmagnets.com\\\/collections\\\/all-products\\\/\"},{\"@type\":\"ListItem\",\"position\":4,\"name\":\"Barnesett 360\u00b0 &#8211; 280 kg &#8211; Enkel &#8211; Allround 360\u00b0\"}]},{\"@type\":\"WebSite\",\"@id\":\"https:\\\/\\\/magnetarmagnets.com\\\/no\\\/#website\",\"url\":\"https:\\\/\\\/magnetarmagnets.com\\\/no\\\/\",\"name\":\"Magnet fishing with a Magnetar fishing magnet\",\"description\":\"Kraftige magneter for magnetfiske\",\"publisher\":{\"@id\":\"https:\\\/\\\/magnetarmagnets.com\\\/no\\\/#organization\"},\"potentialAction\":[{\"@type\":\"SearchAction\",\"target\":{\"@type\":\"EntryPoint\",\"urlTemplate\":\"https:\\\/\\\/magnetarmagnets.com\\\/no\\\/?s={search_term_string}\"},\"query-input\":{\"@type\":\"PropertyValueSpecification\",\"valueRequired\":true,\"valueName\":\"search_term_string\"}}],\"inLanguage\":\"nb-NO\"},{\"@type\":\"Organization\",\"@id\":\"https:\\\/\\\/magnetarmagnets.com\\\/no\\\/#organization\",\"name\":\"Magnetar\",\"url\":\"https:\\\/\\\/magnetarmagnets.com\\\/no\\\/\",\"logo\":{\"@type\":\"ImageObject\",\"inLanguage\":\"nb-NO\",\"@id\":\"https:\\\/\\\/magnetarmagnets.com\\\/no\\\/#\\\/schema\\\/logo\\\/image\\\/\",\"url\":\"https:\\\/\\\/magnetarmagnets.com\\\/wp-content\\\/uploads\\\/2025\\\/05\\\/Logo-03_PNG-Black-scaled.png\",\"contentUrl\":\"https:\\\/\\\/magnetarmagnets.com\\\/wp-content\\\/uploads\\\/2025\\\/05\\\/Logo-03_PNG-Black-scaled.png\",\"width\":2560,\"height\":1658,\"caption\":\"Magnetar\"},\"image\":{\"@id\":\"https:\\\/\\\/magnetarmagnets.com\\\/no\\\/#\\\/schema\\\/logo\\\/image\\\/\"},\"sameAs\":[\"https:\\\/\\\/www.facebook.com\\\/fishingmagnets\\\/\",\"https:\\\/\\\/www.instagram.com\\\/magnetar_magnets\\\/\",\"https:\\\/\\\/www.linkedin.com\\\/company\\\/magnetarbv\\\/?originalSubdomain=nl\",\"https:\\\/\\\/www.youtube.com\\\/c\\\/MagnetarVismagneet\"]}]}<\/script>\n<!-- \/ Yoast SEO plugin. -->","yoast_head_json":{"title":"Barnesett 360\u00b0 - 280 kg - Enkel - Allround 360\u00b0 -","description":"Magnetfiske for barn? Den dr\u00f8mmen blir virkelig med Magnetars Easy-pakke. Dette komplette settet inneholder alt du trenger.","robots":{"index":"index","follow":"follow","max-snippet":"max-snippet:-1","max-image-preview":"max-image-preview:large","max-video-preview":"max-video-preview:-1"},"canonical":"https:\/\/magnetarmagnets.com\/no\/shop\/barnesett-360-280-kg-enkel-allround-360\/","og_locale":"nb_NO","og_type":"article","og_title":"Barnesett 360\u00b0 - 280 kg - Enkel - Allround 360\u00b0 -","og_description":"Magnetfiske for barn? Den dr\u00f8mmen blir virkelig med Magnetars Easy-pakke. Dette komplette settet inneholder alt du trenger.","og_url":"https:\/\/magnetarmagnets.com\/no\/shop\/barnesett-360-280-kg-enkel-allround-360\/","og_site_name":"Magnet fishing with a Magnetar fishing magnet","article_publisher":"https:\/\/www.facebook.com\/fishingmagnets\/","article_modified_time":"2026-04-07T04:18:45+00:00","og_image":[{"width":1000,"height":1000,"url":"https:\/\/magnetarmagnets.com\/wp-content\/uploads\/2025\/06\/easy-360-magnetar-pakket.png","type":"image\/png"}],"twitter_card":"summary_large_image","twitter_misc":{"Ansl. lesetid":"5 minutter"},"schema":{"@context":"https:\/\/schema.org","@graph":[{"@type":["WebPage","ItemPage"],"@id":"https:\/\/magnetarmagnets.com\/no\/shop\/barnesett-360-280-kg-enkel-allround-360\/","url":"https:\/\/magnetarmagnets.com\/no\/shop\/barnesett-360-280-kg-enkel-allround-360\/","name":"Barnesett 360\u00b0 - 280 kg - Enkel - Allround 360\u00b0 -","isPartOf":{"@id":"https:\/\/magnetarmagnets.com\/no\/#website"},"primaryImageOfPage":{"@id":"https:\/\/magnetarmagnets.com\/no\/shop\/barnesett-360-280-kg-enkel-allround-360\/#primaryimage"},"image":{"@id":"https:\/\/magnetarmagnets.com\/no\/shop\/barnesett-360-280-kg-enkel-allround-360\/#primaryimage"},"thumbnailUrl":"https:\/\/magnetarmagnets.com\/wp-content\/uploads\/2025\/06\/easy-360-magnetar-pakket.png","datePublished":"2025-06-05T07:53:47+00:00","dateModified":"2026-04-07T04:18:45+00:00","description":"Magnetfiske for barn? Den dr\u00f8mmen blir virkelig med Magnetars Easy-pakke. Dette komplette settet inneholder alt du trenger.","breadcrumb":{"@id":"https:\/\/magnetarmagnets.com\/no\/shop\/barnesett-360-280-kg-enkel-allround-360\/#breadcrumb"},"inLanguage":"nb-NO","potentialAction":[{"@type":"ReadAction","target":["https:\/\/magnetarmagnets.com\/no\/shop\/barnesett-360-280-kg-enkel-allround-360\/"]}]},{"@type":"ImageObject","inLanguage":"nb-NO","@id":"https:\/\/magnetarmagnets.com\/no\/shop\/barnesett-360-280-kg-enkel-allround-360\/#primaryimage","url":"https:\/\/magnetarmagnets.com\/wp-content\/uploads\/2025\/06\/easy-360-magnetar-pakket.png","contentUrl":"https:\/\/magnetarmagnets.com\/wp-content\/uploads\/2025\/06\/easy-360-magnetar-pakket.png","width":1000,"height":1000},{"@type":"BreadcrumbList","@id":"https:\/\/magnetarmagnets.com\/no\/shop\/barnesett-360-280-kg-enkel-allround-360\/#breadcrumb","itemListElement":[{"@type":"ListItem","position":1,"name":"Home","item":"https:\/\/magnetarmagnets.com\/no\/"},{"@type":"ListItem","position":2,"name":"Butikk","item":"https:\/\/magnetarmagnets.com\/butikk\/"},{"@type":"ListItem","position":3,"name":"All products","item":"https:\/\/magnetarmagnets.com\/collections\/all-products\/"},{"@type":"ListItem","position":4,"name":"Barnesett 360\u00b0 &#8211; 280 kg &#8211; Enkel &#8211; Allround 360\u00b0"}]},{"@type":"WebSite","@id":"https:\/\/magnetarmagnets.com\/no\/#website","url":"https:\/\/magnetarmagnets.com\/no\/","name":"Magnet fishing with a Magnetar fishing magnet","description":"Kraftige magneter for magnetfiske","publisher":{"@id":"https:\/\/magnetarmagnets.com\/no\/#organization"},"potentialAction":[{"@type":"SearchAction","target":{"@type":"EntryPoint","urlTemplate":"https:\/\/magnetarmagnets.com\/no\/?s={search_term_string}"},"query-input":{"@type":"PropertyValueSpecification","valueRequired":true,"valueName":"search_term_string"}}],"inLanguage":"nb-NO"},{"@type":"Organization","@id":"https:\/\/magnetarmagnets.com\/no\/#organization","name":"Magnetar","url":"https:\/\/magnetarmagnets.com\/no\/","logo":{"@type":"ImageObject","inLanguage":"nb-NO","@id":"https:\/\/magnetarmagnets.com\/no\/#\/schema\/logo\/image\/","url":"https:\/\/magnetarmagnets.com\/wp-content\/uploads\/2025\/05\/Logo-03_PNG-Black-scaled.png","contentUrl":"https:\/\/magnetarmagnets.com\/wp-content\/uploads\/2025\/05\/Logo-03_PNG-Black-scaled.png","width":2560,"height":1658,"caption":"Magnetar"},"image":{"@id":"https:\/\/magnetarmagnets.com\/no\/#\/schema\/logo\/image\/"},"sameAs":["https:\/\/www.facebook.com\/fishingmagnets\/","https:\/\/www.instagram.com\/magnetar_magnets\/","https:\/\/www.linkedin.com\/company\/magnetarbv\/?originalSubdomain=nl","https:\/\/www.youtube.com\/c\/MagnetarVismagneet"]}]}},"_links":{"self":[{"href":"https:\/\/magnetarmagnets.com\/no\/wp-json\/wp\/v2\/product\/84318","targetHints":{"allow":["GET"]}}],"collection":[{"href":"https:\/\/magnetarmagnets.com\/no\/wp-json\/wp\/v2\/product"}],"about":[{"href":"https:\/\/magnetarmagnets.com\/no\/wp-json\/wp\/v2\/types\/product"}],"replies":[{"embeddable":true,"href":"https:\/\/magnetarmagnets.com\/no\/wp-json\/wp\/v2\/comments?post=84318"}],"version-history":[{"count":1,"href":"https:\/\/magnetarmagnets.com\/no\/wp-json\/wp\/v2\/product\/84318\/revisions"}],"predecessor-version":[{"id":95359,"href":"https:\/\/magnetarmagnets.com\/no\/wp-json\/wp\/v2\/product\/84318\/revisions\/95359"}],"wp:featuredmedia":[{"embeddable":true,"href":"https:\/\/magnetarmagnets.com\/no\/wp-json\/wp\/v2\/media\/81307"}],"wp:attachment":[{"href":"https:\/\/magnetarmagnets.com\/no\/wp-json\/wp\/v2\/media?parent=84318"}],"wp:term":[{"taxonomy":"product_brand","embeddable":true,"href":"https:\/\/magnetarmagnets.com\/no\/wp-json\/wp\/v2\/product_brand?post=84318"},{"taxonomy":"product_cat","embeddable":true,"href":"https:\/\/magnetarmagnets.com\/no\/wp-json\/wp\/v2\/product_cat?post=84318"},{"taxonomy":"product_tag","embeddable":true,"href":"https:\/\/magnetarmagnets.com\/no\/wp-json\/wp\/v2\/product_tag?post=84318"}],"curies":[{"name":"wp","href":"https:\/\/api.w.org\/{rel}","templated":true}]}}