{"id":84309,"date":"2025-06-05T09:53:46","date_gmt":"2025-06-05T07:53:46","guid":{"rendered":"https:\/\/magnetarmagnets.com\/?post_type=product&#038;p=84309"},"modified":"2026-04-03T16:18:44","modified_gmt":"2026-04-03T14:18:44","slug":"batteri-til-oppvarmet-klaer","status":"publish","type":"product","link":"https:\/\/magnetarmagnets.com\/no\/shop\/batteri-til-oppvarmet-klaer\/","title":{"rendered":"Batteri til oppvarmet kl\u00e6r"},"content":{"rendered":"Alle produkter fra Magnetar Heat leveres standard med en powerbank. Med dette batteriet til oppvarmet kl\u00e6r kan du varme opp jakker, bodywarmere og vester. P\u00e5 grunn av stor ettersp\u00f8rsel kan dette produktet n\u00e5 ogs\u00e5 kj\u00f8pes separat. Dette \u00f8ker levetiden p\u00e5 v\u00e5rt sortiment og lar deg nyte koselig varme i enda lengre perioder.\n\n<h2>Magnetar Heat Powerbank<\/h2>\n\nBatteriet til oppvarmet kl\u00e6r fra Magnetar Heat er en powerbank. Denne powerbanken har en kapasitet p\u00e5 6700 mAh. Som et resultat kan produktene i sortimentet gi varme i opptil ni timer. Den n\u00f8yaktige varigheten avhenger av de valgte varmeinnstillingene. Jo h\u00f8yere innstilling, desto raskere forbrukes kapasiteten.\n\n\n\nDette produktet har et kraftig 7,4V Li-Ion-batteri. Med dette batteriet kan kl\u00e6rne fra Magnetar Heat varmes opp raskere og mer effektivt enn med et standard 5V Li-Ion-batteri.\n\n<h2>Allsidig batteri til oppvarmet kl\u00e6r<\/h2>\n\nMagnetar Heat powerbanken er allsidig. Kundene bruker dette produktet ikke bare til \u00e5 varme opp kl\u00e6rne sine, men ogs\u00e5 til \u00e5 lade smarttelefon, nettbrett eller andre elektroniske enheter. Dette er mulig takket v\u00e6re de ulike utgangsvalgene. Powerbanken har USB, DC 4.0 og USB-C-utganger. Dette lar deg bruke den med det mest moderne utstyret.\n\n<h2>Magnetar Heat-kl\u00e6r<\/h2>\n\nMagnetar Heat-kl\u00e6r holder deg varm p\u00e5 kalde dager. Vulcan-jakken, Etna-vesten og Magma- og Lava-bodywarmerne har ulike varmesoner. Alle produktene v\u00e5re oppfyller CE-standarden (Conformit\u00e9 Europ\u00e9enne). Dette st\u00e5r for et trygt produkt som m\u00f8ter kravene i europeiske retningslinjer. Fordi vi st\u00e5r for h\u00f8y kvalitet, tilbyr vi v\u00e5re kunder ett \u00e5rs garanti p\u00e5 alle v\u00e5re oppvarmede kl\u00e6r. Er du klar for \u00e5 oppleve varmen fra Magnetar Heat?","protected":false},"excerpt":{"rendered":"<p>Den <strong>kraftige 13000 mAh powerbanken<\/strong> med et 7,4V Li-Ion-batteri som fungerer som batteri til <strong>Magnetar Heat-kl\u00e6r<\/strong>.<\/p>\n","protected":false},"featured_media":81167,"comment_status":"open","ping_status":"closed","template":"","meta":{"_acf_changed":false,"inline_featured_image":false},"product_brand":[],"product_cat":[612,609],"product_tag":[],"class_list":{"0":"post-84309","1":"product","2":"type-product","3":"status-publish","4":"has-post-thumbnail","6":"product_cat-oppvarmede-klaer","7":"product_cat-utstyr","9":"first","10":"instock","11":"taxable","12":"shipping-taxable","13":"purchasable","14":"product-type-simple"},"acf":[],"yoast_head":"<!-- This site is optimized with the Yoast SEO plugin v27.4 - https:\/\/yoast.com\/product\/yoast-seo-wordpress\/ -->\n<title>Batteri til oppvarmet kl\u00e6r - Magnet fishing with a Magnetar fishing magnet<\/title>\n<meta name=\"description\" content=\"Batteri til oppvarmet kl\u00e6r - Gi kraft til Magnetar-utstyret ditt\" \/>\n<meta name=\"robots\" content=\"index, follow, max-snippet:-1, max-image-preview:large, max-video-preview:-1\" \/>\n<link rel=\"canonical\" href=\"https:\/\/magnetarmagnets.com\/no\/shop\/batteri-til-oppvarmet-klaer\/\" \/>\n<meta property=\"og:locale\" content=\"nb_NO\" \/>\n<meta property=\"og:type\" content=\"article\" \/>\n<meta property=\"og:title\" content=\"Batteri til oppvarmet kl\u00e6r - Magnet fishing with a Magnetar fishing magnet\" \/>\n<meta property=\"og:description\" content=\"Batteri til oppvarmet kl\u00e6r - Gi kraft til Magnetar-utstyret ditt\" \/>\n<meta property=\"og:url\" content=\"https:\/\/magnetarmagnets.com\/no\/shop\/batteri-til-oppvarmet-klaer\/\" \/>\n<meta property=\"og:site_name\" content=\"Magnet fishing with a Magnetar fishing magnet\" \/>\n<meta property=\"article:publisher\" content=\"https:\/\/www.facebook.com\/fishingmagnets\/\" \/>\n<meta property=\"article:modified_time\" content=\"2026-04-03T14:18:44+00:00\" \/>\n<meta property=\"og:image\" content=\"https:\/\/magnetarmagnets.com\/wp-content\/uploads\/2023\/10\/H-AT.jpg\" \/>\n\t<meta property=\"og:image:width\" content=\"1000\" \/>\n\t<meta property=\"og:image:height\" content=\"1000\" \/>\n\t<meta property=\"og:image:type\" content=\"image\/jpeg\" \/>\n<meta name=\"twitter:card\" content=\"summary_large_image\" \/>\n<meta name=\"twitter:label1\" content=\"Ansl. lesetid\" \/>\n\t<meta name=\"twitter:data1\" content=\"2 minutter\" \/>\n<script type=\"application\/ld+json\" class=\"yoast-schema-graph\">{\"@context\":\"https:\\\/\\\/schema.org\",\"@graph\":[{\"@type\":[\"WebPage\",\"ItemPage\"],\"@id\":\"https:\\\/\\\/magnetarmagnets.com\\\/no\\\/shop\\\/batteri-til-oppvarmet-klaer\\\/\",\"url\":\"https:\\\/\\\/magnetarmagnets.com\\\/no\\\/shop\\\/batteri-til-oppvarmet-klaer\\\/\",\"name\":\"Batteri til oppvarmet kl\u00e6r - Magnet fishing with a Magnetar fishing magnet\",\"isPartOf\":{\"@id\":\"https:\\\/\\\/magnetarmagnets.com\\\/no\\\/#website\"},\"primaryImageOfPage\":{\"@id\":\"https:\\\/\\\/magnetarmagnets.com\\\/no\\\/shop\\\/batteri-til-oppvarmet-klaer\\\/#primaryimage\"},\"image\":{\"@id\":\"https:\\\/\\\/magnetarmagnets.com\\\/no\\\/shop\\\/batteri-til-oppvarmet-klaer\\\/#primaryimage\"},\"thumbnailUrl\":\"https:\\\/\\\/magnetarmagnets.com\\\/wp-content\\\/uploads\\\/2023\\\/10\\\/H-AT.jpg\",\"datePublished\":\"2025-06-05T07:53:46+00:00\",\"dateModified\":\"2026-04-03T14:18:44+00:00\",\"description\":\"Batteri til oppvarmet kl\u00e6r - Gi kraft til Magnetar-utstyret ditt\",\"breadcrumb\":{\"@id\":\"https:\\\/\\\/magnetarmagnets.com\\\/no\\\/shop\\\/batteri-til-oppvarmet-klaer\\\/#breadcrumb\"},\"inLanguage\":\"nb-NO\",\"potentialAction\":[{\"@type\":\"ReadAction\",\"target\":[\"https:\\\/\\\/magnetarmagnets.com\\\/no\\\/shop\\\/batteri-til-oppvarmet-klaer\\\/\"]}]},{\"@type\":\"ImageObject\",\"inLanguage\":\"nb-NO\",\"@id\":\"https:\\\/\\\/magnetarmagnets.com\\\/no\\\/shop\\\/batteri-til-oppvarmet-klaer\\\/#primaryimage\",\"url\":\"https:\\\/\\\/magnetarmagnets.com\\\/wp-content\\\/uploads\\\/2023\\\/10\\\/H-AT.jpg\",\"contentUrl\":\"https:\\\/\\\/magnetarmagnets.com\\\/wp-content\\\/uploads\\\/2023\\\/10\\\/H-AT.jpg\",\"width\":1000,\"height\":1000,\"caption\":\"Powerbank Heated Clothing\"},{\"@type\":\"BreadcrumbList\",\"@id\":\"https:\\\/\\\/magnetarmagnets.com\\\/no\\\/shop\\\/batteri-til-oppvarmet-klaer\\\/#breadcrumb\",\"itemListElement\":[{\"@type\":\"ListItem\",\"position\":1,\"name\":\"Home\",\"item\":\"https:\\\/\\\/magnetarmagnets.com\\\/no\\\/\"},{\"@type\":\"ListItem\",\"position\":2,\"name\":\"Butikk\",\"item\":\"https:\\\/\\\/magnetarmagnets.com\\\/butikk\\\/\"},{\"@type\":\"ListItem\",\"position\":3,\"name\":\"Utstyr\",\"item\":\"https:\\\/\\\/magnetarmagnets.com\\\/no\\\/collections\\\/utstyr\\\/\"},{\"@type\":\"ListItem\",\"position\":4,\"name\":\"Oppvarmede kl\u00e6r\",\"item\":\"https:\\\/\\\/magnetarmagnets.com\\\/no\\\/collections\\\/utstyr\\\/oppvarmede-klaer\\\/\"},{\"@type\":\"ListItem\",\"position\":5,\"name\":\"Batteri til oppvarmet kl\u00e6r\"}]},{\"@type\":\"WebSite\",\"@id\":\"https:\\\/\\\/magnetarmagnets.com\\\/no\\\/#website\",\"url\":\"https:\\\/\\\/magnetarmagnets.com\\\/no\\\/\",\"name\":\"Magnet fishing with a Magnetar fishing magnet\",\"description\":\"Kraftige magneter for magnetfiske\",\"publisher\":{\"@id\":\"https:\\\/\\\/magnetarmagnets.com\\\/no\\\/#organization\"},\"potentialAction\":[{\"@type\":\"SearchAction\",\"target\":{\"@type\":\"EntryPoint\",\"urlTemplate\":\"https:\\\/\\\/magnetarmagnets.com\\\/no\\\/?s={search_term_string}\"},\"query-input\":{\"@type\":\"PropertyValueSpecification\",\"valueRequired\":true,\"valueName\":\"search_term_string\"}}],\"inLanguage\":\"nb-NO\"},{\"@type\":\"Organization\",\"@id\":\"https:\\\/\\\/magnetarmagnets.com\\\/no\\\/#organization\",\"name\":\"Magnetar\",\"url\":\"https:\\\/\\\/magnetarmagnets.com\\\/no\\\/\",\"logo\":{\"@type\":\"ImageObject\",\"inLanguage\":\"nb-NO\",\"@id\":\"https:\\\/\\\/magnetarmagnets.com\\\/no\\\/#\\\/schema\\\/logo\\\/image\\\/\",\"url\":\"https:\\\/\\\/magnetarmagnets.com\\\/wp-content\\\/uploads\\\/2025\\\/05\\\/Logo-03_PNG-Black-scaled.png\",\"contentUrl\":\"https:\\\/\\\/magnetarmagnets.com\\\/wp-content\\\/uploads\\\/2025\\\/05\\\/Logo-03_PNG-Black-scaled.png\",\"width\":2560,\"height\":1658,\"caption\":\"Magnetar\"},\"image\":{\"@id\":\"https:\\\/\\\/magnetarmagnets.com\\\/no\\\/#\\\/schema\\\/logo\\\/image\\\/\"},\"sameAs\":[\"https:\\\/\\\/www.facebook.com\\\/fishingmagnets\\\/\",\"https:\\\/\\\/www.instagram.com\\\/magnetar_magnets\\\/\",\"https:\\\/\\\/www.linkedin.com\\\/company\\\/magnetarbv\\\/?originalSubdomain=nl\",\"https:\\\/\\\/www.youtube.com\\\/c\\\/MagnetarVismagneet\"]}]}<\/script>\n<!-- \/ Yoast SEO plugin. -->","yoast_head_json":{"title":"Batteri til oppvarmet kl\u00e6r - Magnet fishing with a Magnetar fishing magnet","description":"Batteri til oppvarmet kl\u00e6r - Gi kraft til Magnetar-utstyret ditt","robots":{"index":"index","follow":"follow","max-snippet":"max-snippet:-1","max-image-preview":"max-image-preview:large","max-video-preview":"max-video-preview:-1"},"canonical":"https:\/\/magnetarmagnets.com\/no\/shop\/batteri-til-oppvarmet-klaer\/","og_locale":"nb_NO","og_type":"article","og_title":"Batteri til oppvarmet kl\u00e6r - Magnet fishing with a Magnetar fishing magnet","og_description":"Batteri til oppvarmet kl\u00e6r - Gi kraft til Magnetar-utstyret ditt","og_url":"https:\/\/magnetarmagnets.com\/no\/shop\/batteri-til-oppvarmet-klaer\/","og_site_name":"Magnet fishing with a Magnetar fishing magnet","article_publisher":"https:\/\/www.facebook.com\/fishingmagnets\/","article_modified_time":"2026-04-03T14:18:44+00:00","og_image":[{"width":1000,"height":1000,"url":"https:\/\/magnetarmagnets.com\/wp-content\/uploads\/2023\/10\/H-AT.jpg","type":"image\/jpeg"}],"twitter_card":"summary_large_image","twitter_misc":{"Ansl. lesetid":"2 minutter"},"schema":{"@context":"https:\/\/schema.org","@graph":[{"@type":["WebPage","ItemPage"],"@id":"https:\/\/magnetarmagnets.com\/no\/shop\/batteri-til-oppvarmet-klaer\/","url":"https:\/\/magnetarmagnets.com\/no\/shop\/batteri-til-oppvarmet-klaer\/","name":"Batteri til oppvarmet kl\u00e6r - Magnet fishing with a Magnetar fishing magnet","isPartOf":{"@id":"https:\/\/magnetarmagnets.com\/no\/#website"},"primaryImageOfPage":{"@id":"https:\/\/magnetarmagnets.com\/no\/shop\/batteri-til-oppvarmet-klaer\/#primaryimage"},"image":{"@id":"https:\/\/magnetarmagnets.com\/no\/shop\/batteri-til-oppvarmet-klaer\/#primaryimage"},"thumbnailUrl":"https:\/\/magnetarmagnets.com\/wp-content\/uploads\/2023\/10\/H-AT.jpg","datePublished":"2025-06-05T07:53:46+00:00","dateModified":"2026-04-03T14:18:44+00:00","description":"Batteri til oppvarmet kl\u00e6r - Gi kraft til Magnetar-utstyret ditt","breadcrumb":{"@id":"https:\/\/magnetarmagnets.com\/no\/shop\/batteri-til-oppvarmet-klaer\/#breadcrumb"},"inLanguage":"nb-NO","potentialAction":[{"@type":"ReadAction","target":["https:\/\/magnetarmagnets.com\/no\/shop\/batteri-til-oppvarmet-klaer\/"]}]},{"@type":"ImageObject","inLanguage":"nb-NO","@id":"https:\/\/magnetarmagnets.com\/no\/shop\/batteri-til-oppvarmet-klaer\/#primaryimage","url":"https:\/\/magnetarmagnets.com\/wp-content\/uploads\/2023\/10\/H-AT.jpg","contentUrl":"https:\/\/magnetarmagnets.com\/wp-content\/uploads\/2023\/10\/H-AT.jpg","width":1000,"height":1000,"caption":"Powerbank Heated Clothing"},{"@type":"BreadcrumbList","@id":"https:\/\/magnetarmagnets.com\/no\/shop\/batteri-til-oppvarmet-klaer\/#breadcrumb","itemListElement":[{"@type":"ListItem","position":1,"name":"Home","item":"https:\/\/magnetarmagnets.com\/no\/"},{"@type":"ListItem","position":2,"name":"Butikk","item":"https:\/\/magnetarmagnets.com\/butikk\/"},{"@type":"ListItem","position":3,"name":"Utstyr","item":"https:\/\/magnetarmagnets.com\/no\/collections\/utstyr\/"},{"@type":"ListItem","position":4,"name":"Oppvarmede kl\u00e6r","item":"https:\/\/magnetarmagnets.com\/no\/collections\/utstyr\/oppvarmede-klaer\/"},{"@type":"ListItem","position":5,"name":"Batteri til oppvarmet kl\u00e6r"}]},{"@type":"WebSite","@id":"https:\/\/magnetarmagnets.com\/no\/#website","url":"https:\/\/magnetarmagnets.com\/no\/","name":"Magnet fishing with a Magnetar fishing magnet","description":"Kraftige magneter for magnetfiske","publisher":{"@id":"https:\/\/magnetarmagnets.com\/no\/#organization"},"potentialAction":[{"@type":"SearchAction","target":{"@type":"EntryPoint","urlTemplate":"https:\/\/magnetarmagnets.com\/no\/?s={search_term_string}"},"query-input":{"@type":"PropertyValueSpecification","valueRequired":true,"valueName":"search_term_string"}}],"inLanguage":"nb-NO"},{"@type":"Organization","@id":"https:\/\/magnetarmagnets.com\/no\/#organization","name":"Magnetar","url":"https:\/\/magnetarmagnets.com\/no\/","logo":{"@type":"ImageObject","inLanguage":"nb-NO","@id":"https:\/\/magnetarmagnets.com\/no\/#\/schema\/logo\/image\/","url":"https:\/\/magnetarmagnets.com\/wp-content\/uploads\/2025\/05\/Logo-03_PNG-Black-scaled.png","contentUrl":"https:\/\/magnetarmagnets.com\/wp-content\/uploads\/2025\/05\/Logo-03_PNG-Black-scaled.png","width":2560,"height":1658,"caption":"Magnetar"},"image":{"@id":"https:\/\/magnetarmagnets.com\/no\/#\/schema\/logo\/image\/"},"sameAs":["https:\/\/www.facebook.com\/fishingmagnets\/","https:\/\/www.instagram.com\/magnetar_magnets\/","https:\/\/www.linkedin.com\/company\/magnetarbv\/?originalSubdomain=nl","https:\/\/www.youtube.com\/c\/MagnetarVismagneet"]}]}},"_links":{"self":[{"href":"https:\/\/magnetarmagnets.com\/no\/wp-json\/wp\/v2\/product\/84309","targetHints":{"allow":["GET"]}}],"collection":[{"href":"https:\/\/magnetarmagnets.com\/no\/wp-json\/wp\/v2\/product"}],"about":[{"href":"https:\/\/magnetarmagnets.com\/no\/wp-json\/wp\/v2\/types\/product"}],"replies":[{"embeddable":true,"href":"https:\/\/magnetarmagnets.com\/no\/wp-json\/wp\/v2\/comments?post=84309"}],"version-history":[{"count":1,"href":"https:\/\/magnetarmagnets.com\/no\/wp-json\/wp\/v2\/product\/84309\/revisions"}],"predecessor-version":[{"id":95124,"href":"https:\/\/magnetarmagnets.com\/no\/wp-json\/wp\/v2\/product\/84309\/revisions\/95124"}],"wp:featuredmedia":[{"embeddable":true,"href":"https:\/\/magnetarmagnets.com\/no\/wp-json\/wp\/v2\/media\/81167"}],"wp:attachment":[{"href":"https:\/\/magnetarmagnets.com\/no\/wp-json\/wp\/v2\/media?parent=84309"}],"wp:term":[{"taxonomy":"product_brand","embeddable":true,"href":"https:\/\/magnetarmagnets.com\/no\/wp-json\/wp\/v2\/product_brand?post=84309"},{"taxonomy":"product_cat","embeddable":true,"href":"https:\/\/magnetarmagnets.com\/no\/wp-json\/wp\/v2\/product_cat?post=84309"},{"taxonomy":"product_tag","embeddable":true,"href":"https:\/\/magnetarmagnets.com\/no\/wp-json\/wp\/v2\/product_tag?post=84309"}],"curies":[{"name":"wp","href":"https:\/\/api.w.org\/{rel}","templated":true}]}}