{"id":84301,"date":"2025-06-05T09:53:45","date_gmt":"2025-06-05T07:53:45","guid":{"rendered":"https:\/\/magnetarmagnets.com\/?post_type=product&#038;p=84301"},"modified":"2026-04-08T19:31:14","modified_gmt":"2026-04-08T17:31:14","slug":"varm-jakke-vulcan-xxl","status":"publish","type":"product","link":"https:\/\/magnetarmagnets.com\/no\/shop\/varm-jakke-vulcan-xxl\/","title":{"rendered":"Varm jakke Vulcan XXL"},"content":{"rendered":"<img fetchpriority=\"high\" decoding=\"async\" class=\"aligncenter size-full wp-image-51844\" src=\"https:\/\/magnetarmagnets.com\/wp-content\/uploads\/2021\/02\/Softshell-engels.png\" alt=\"varm jakke, magnetar varme, softshell, varme, arbeidsjakke\" width=\"764\" height=\"436\" srcset=\"https:\/\/magnetarmagnets.com\/wp-content\/uploads\/2021\/02\/Softshell-engels.png 764w, https:\/\/magnetarmagnets.com\/wp-content\/uploads\/2021\/02\/Softshell-engels-600x342.png 600w, https:\/\/magnetarmagnets.com\/wp-content\/uploads\/2021\/02\/Softshell-engels-300x171.png 300w\" sizes=\"(max-width: 764px) 100vw, 764px\" \/>\r\n\r\n<h2>De beste varme jakkene<\/h2>\r\n\r\n<strong>En varm jakke?<\/strong> V\u00e5re varme jakker holder deg varm selv p\u00e5 de kaldere dagene. Denne batteridrevne varme jakken har tre varmeinnstillinger, slik at du alltid har den behagelige temperaturen. Skal du v\u00e6re ute hele dagen? Jobber du ute p\u00e5 en kald dag? En kj\u00f8lig sommerkveld? Denne komfortable, vind- og vanntette varme jakken holder deg varm.\r\n\r\n<h2>Produktinformasjon varm jakke<\/h2>\r\n\r\nDet medf\u00f8lgende batteriet er p\u00e5 st\u00f8rrelse med en mobiltelefon og kan holde deg varm i opptil <strong>10 timer<\/strong>, avhengig av varmeinnstillingen. Jakken leveres <strong>med batteri og lader<\/strong>. Jakken er laget av vind- og vannavst\u00f8tende stoff og har et ekstra mykt polar fleecef\u00f4r p\u00e5 innsiden, som gir deg full bevegelsesfrihet under utend\u00f8rsaktiviteter. Med denne jakken trenger du ikke pakke p\u00e5 deg flere lag med kl\u00e6r, for eksempel n\u00e5r du g\u00e5r tur, jobber i hagen, fisker eller sykler.\r\n\r\n\r\n\r\nVarmezonene gir deg behagelig varme akkurat der du trenger det, p\u00e5 brystet og ryggen. Lav, middels og h\u00f8y innstilling lar deg tilpasse varmen til omgivelsene og holde deg varm gjennom hele dagen. S\u00e5 bare lad opp batteriet p\u00e5 3-4 timer, s\u00e5 er du klar til \u00e5 dra.\r\n\r\n\r\n\r\nV\u00e5re jakker er laget av slitesterkt og h\u00f8ykvalitets materiale som er laget for \u00e5 holde deg varm under alle v\u00e6rforhold.\r\n\r\n<h2>CE-godkjente varme jakker<\/h2>\r\n\r\nVarme jakkene er CE-godkjente. Vi st\u00f8tter produktet v\u00e5rt fullt ut og tilbyr derfor <strong>1 \u00e5rs garanti<\/strong>.","protected":false},"excerpt":{"rendered":"<p>Dette er en varm jakke med varmeelement og 3 varmeinnstillinger. Holder deg varm n\u00e5r du trenger det.<\/p>\n","protected":false},"featured_media":77855,"comment_status":"open","ping_status":"closed","template":"","meta":{"_acf_changed":false,"inline_featured_image":false},"product_brand":[],"product_cat":[166],"product_tag":[],"class_list":{"0":"post-84301","1":"product","2":"type-product","3":"status-publish","4":"has-post-thumbnail","6":"product_cat-uncategorized","8":"first","9":"instock","10":"sale","11":"taxable","12":"shipping-taxable","13":"purchasable","14":"product-type-simple"},"acf":[],"yoast_head":"<!-- This site is optimized with the Yoast SEO plugin v27.3 - https:\/\/yoast.com\/product\/yoast-seo-wordpress\/ -->\n<title>Varm jakke Vulcan XXL - Magnet fishing with a Magnetar fishing magnet<\/title>\n<meta name=\"description\" content=\"Jobber du ute p\u00e5 en kald dag? En kj\u00f8lig sommerkveld? Denne komfortable, vind- og vanntette varme jakken holder deg varm.\" \/>\n<meta name=\"robots\" content=\"index, follow, max-snippet:-1, max-image-preview:large, max-video-preview:-1\" \/>\n<link rel=\"canonical\" href=\"https:\/\/magnetarmagnets.com\/no\/shop\/varm-jakke-vulcan-xxl\/\" \/>\n<meta property=\"og:locale\" content=\"nb_NO\" \/>\n<meta property=\"og:type\" content=\"article\" \/>\n<meta property=\"og:title\" content=\"Varm jakke Vulcan XXL - Magnet fishing with a Magnetar fishing magnet\" \/>\n<meta property=\"og:description\" content=\"Jobber du ute p\u00e5 en kald dag? En kj\u00f8lig sommerkveld? Denne komfortable, vind- og vanntette varme jakken holder deg varm.\" \/>\n<meta property=\"og:url\" content=\"https:\/\/magnetarmagnets.com\/no\/shop\/varm-jakke-vulcan-xxl\/\" \/>\n<meta property=\"og:site_name\" content=\"Magnet fishing with a Magnetar fishing magnet\" \/>\n<meta property=\"article:publisher\" content=\"https:\/\/www.facebook.com\/fishingmagnets\/\" \/>\n<meta property=\"article:modified_time\" content=\"2026-04-08T17:31:14+00:00\" \/>\n<meta property=\"og:image\" content=\"https:\/\/magnetarmagnets.com\/wp-content\/uploads\/2021\/02\/heated-jacket-scaled.jpg\" \/>\n\t<meta property=\"og:image:width\" content=\"2560\" \/>\n\t<meta property=\"og:image:height\" content=\"2560\" \/>\n\t<meta property=\"og:image:type\" content=\"image\/jpeg\" \/>\n<meta name=\"twitter:card\" content=\"summary_large_image\" \/>\n<meta name=\"twitter:label1\" content=\"Ansl. lesetid\" \/>\n\t<meta name=\"twitter:data1\" content=\"2 minutter\" \/>\n<script type=\"application\/ld+json\" class=\"yoast-schema-graph\">{\"@context\":\"https:\\\/\\\/schema.org\",\"@graph\":[{\"@type\":[\"WebPage\",\"ItemPage\"],\"@id\":\"https:\\\/\\\/magnetarmagnets.com\\\/no\\\/shop\\\/varm-jakke-vulcan-xxl\\\/\",\"url\":\"https:\\\/\\\/magnetarmagnets.com\\\/no\\\/shop\\\/varm-jakke-vulcan-xxl\\\/\",\"name\":\"Varm jakke Vulcan XXL - Magnet fishing with a Magnetar fishing magnet\",\"isPartOf\":{\"@id\":\"https:\\\/\\\/magnetarmagnets.com\\\/no\\\/#website\"},\"primaryImageOfPage\":{\"@id\":\"https:\\\/\\\/magnetarmagnets.com\\\/no\\\/shop\\\/varm-jakke-vulcan-xxl\\\/#primaryimage\"},\"image\":{\"@id\":\"https:\\\/\\\/magnetarmagnets.com\\\/no\\\/shop\\\/varm-jakke-vulcan-xxl\\\/#primaryimage\"},\"thumbnailUrl\":\"https:\\\/\\\/magnetarmagnets.com\\\/wp-content\\\/uploads\\\/2021\\\/02\\\/heated-jacket-scaled.jpg\",\"datePublished\":\"2025-06-05T07:53:45+00:00\",\"dateModified\":\"2026-04-08T17:31:14+00:00\",\"description\":\"Jobber du ute p\u00e5 en kald dag? En kj\u00f8lig sommerkveld? Denne komfortable, vind- og vanntette varme jakken holder deg varm.\",\"breadcrumb\":{\"@id\":\"https:\\\/\\\/magnetarmagnets.com\\\/no\\\/shop\\\/varm-jakke-vulcan-xxl\\\/#breadcrumb\"},\"inLanguage\":\"nb-NO\",\"potentialAction\":[{\"@type\":\"ReadAction\",\"target\":[\"https:\\\/\\\/magnetarmagnets.com\\\/no\\\/shop\\\/varm-jakke-vulcan-xxl\\\/\"]}]},{\"@type\":\"ImageObject\",\"inLanguage\":\"nb-NO\",\"@id\":\"https:\\\/\\\/magnetarmagnets.com\\\/no\\\/shop\\\/varm-jakke-vulcan-xxl\\\/#primaryimage\",\"url\":\"https:\\\/\\\/magnetarmagnets.com\\\/wp-content\\\/uploads\\\/2021\\\/02\\\/heated-jacket-scaled.jpg\",\"contentUrl\":\"https:\\\/\\\/magnetarmagnets.com\\\/wp-content\\\/uploads\\\/2021\\\/02\\\/heated-jacket-scaled.jpg\",\"width\":2560,\"height\":2560,\"caption\":\"heated jacket\"},{\"@type\":\"BreadcrumbList\",\"@id\":\"https:\\\/\\\/magnetarmagnets.com\\\/no\\\/shop\\\/varm-jakke-vulcan-xxl\\\/#breadcrumb\",\"itemListElement\":[{\"@type\":\"ListItem\",\"position\":1,\"name\":\"Home\",\"item\":\"https:\\\/\\\/magnetarmagnets.com\\\/no\\\/\"},{\"@type\":\"ListItem\",\"position\":2,\"name\":\"Butikk\",\"item\":\"https:\\\/\\\/magnetarmagnets.com\\\/butikk\\\/\"},{\"@type\":\"ListItem\",\"position\":3,\"name\":\"Uncategorized\",\"item\":\"https:\\\/\\\/magnetarmagnets.com\\\/collections\\\/uncategorized\\\/\"},{\"@type\":\"ListItem\",\"position\":4,\"name\":\"Varm jakke Vulcan XXL\"}]},{\"@type\":\"WebSite\",\"@id\":\"https:\\\/\\\/magnetarmagnets.com\\\/no\\\/#website\",\"url\":\"https:\\\/\\\/magnetarmagnets.com\\\/no\\\/\",\"name\":\"Magnet fishing with a Magnetar fishing magnet\",\"description\":\"Kraftige magneter for magnetfiske\",\"publisher\":{\"@id\":\"https:\\\/\\\/magnetarmagnets.com\\\/no\\\/#organization\"},\"potentialAction\":[{\"@type\":\"SearchAction\",\"target\":{\"@type\":\"EntryPoint\",\"urlTemplate\":\"https:\\\/\\\/magnetarmagnets.com\\\/no\\\/?s={search_term_string}\"},\"query-input\":{\"@type\":\"PropertyValueSpecification\",\"valueRequired\":true,\"valueName\":\"search_term_string\"}}],\"inLanguage\":\"nb-NO\"},{\"@type\":\"Organization\",\"@id\":\"https:\\\/\\\/magnetarmagnets.com\\\/no\\\/#organization\",\"name\":\"Magnetar\",\"url\":\"https:\\\/\\\/magnetarmagnets.com\\\/no\\\/\",\"logo\":{\"@type\":\"ImageObject\",\"inLanguage\":\"nb-NO\",\"@id\":\"https:\\\/\\\/magnetarmagnets.com\\\/no\\\/#\\\/schema\\\/logo\\\/image\\\/\",\"url\":\"https:\\\/\\\/magnetarmagnets.com\\\/wp-content\\\/uploads\\\/2025\\\/05\\\/Logo-03_PNG-Black-scaled.png\",\"contentUrl\":\"https:\\\/\\\/magnetarmagnets.com\\\/wp-content\\\/uploads\\\/2025\\\/05\\\/Logo-03_PNG-Black-scaled.png\",\"width\":2560,\"height\":1658,\"caption\":\"Magnetar\"},\"image\":{\"@id\":\"https:\\\/\\\/magnetarmagnets.com\\\/no\\\/#\\\/schema\\\/logo\\\/image\\\/\"},\"sameAs\":[\"https:\\\/\\\/www.facebook.com\\\/fishingmagnets\\\/\",\"https:\\\/\\\/www.instagram.com\\\/magnetar_magnets\\\/\",\"https:\\\/\\\/www.linkedin.com\\\/company\\\/magnetarbv\\\/?originalSubdomain=nl\",\"https:\\\/\\\/www.youtube.com\\\/c\\\/MagnetarVismagneet\"]}]}<\/script>\n<!-- \/ Yoast SEO plugin. -->","yoast_head_json":{"title":"Varm jakke Vulcan XXL - Magnet fishing with a Magnetar fishing magnet","description":"Jobber du ute p\u00e5 en kald dag? En kj\u00f8lig sommerkveld? Denne komfortable, vind- og vanntette varme jakken holder deg varm.","robots":{"index":"index","follow":"follow","max-snippet":"max-snippet:-1","max-image-preview":"max-image-preview:large","max-video-preview":"max-video-preview:-1"},"canonical":"https:\/\/magnetarmagnets.com\/no\/shop\/varm-jakke-vulcan-xxl\/","og_locale":"nb_NO","og_type":"article","og_title":"Varm jakke Vulcan XXL - Magnet fishing with a Magnetar fishing magnet","og_description":"Jobber du ute p\u00e5 en kald dag? En kj\u00f8lig sommerkveld? Denne komfortable, vind- og vanntette varme jakken holder deg varm.","og_url":"https:\/\/magnetarmagnets.com\/no\/shop\/varm-jakke-vulcan-xxl\/","og_site_name":"Magnet fishing with a Magnetar fishing magnet","article_publisher":"https:\/\/www.facebook.com\/fishingmagnets\/","article_modified_time":"2026-04-08T17:31:14+00:00","og_image":[{"width":2560,"height":2560,"url":"https:\/\/magnetarmagnets.com\/wp-content\/uploads\/2021\/02\/heated-jacket-scaled.jpg","type":"image\/jpeg"}],"twitter_card":"summary_large_image","twitter_misc":{"Ansl. lesetid":"2 minutter"},"schema":{"@context":"https:\/\/schema.org","@graph":[{"@type":["WebPage","ItemPage"],"@id":"https:\/\/magnetarmagnets.com\/no\/shop\/varm-jakke-vulcan-xxl\/","url":"https:\/\/magnetarmagnets.com\/no\/shop\/varm-jakke-vulcan-xxl\/","name":"Varm jakke Vulcan XXL - Magnet fishing with a Magnetar fishing magnet","isPartOf":{"@id":"https:\/\/magnetarmagnets.com\/no\/#website"},"primaryImageOfPage":{"@id":"https:\/\/magnetarmagnets.com\/no\/shop\/varm-jakke-vulcan-xxl\/#primaryimage"},"image":{"@id":"https:\/\/magnetarmagnets.com\/no\/shop\/varm-jakke-vulcan-xxl\/#primaryimage"},"thumbnailUrl":"https:\/\/magnetarmagnets.com\/wp-content\/uploads\/2021\/02\/heated-jacket-scaled.jpg","datePublished":"2025-06-05T07:53:45+00:00","dateModified":"2026-04-08T17:31:14+00:00","description":"Jobber du ute p\u00e5 en kald dag? En kj\u00f8lig sommerkveld? Denne komfortable, vind- og vanntette varme jakken holder deg varm.","breadcrumb":{"@id":"https:\/\/magnetarmagnets.com\/no\/shop\/varm-jakke-vulcan-xxl\/#breadcrumb"},"inLanguage":"nb-NO","potentialAction":[{"@type":"ReadAction","target":["https:\/\/magnetarmagnets.com\/no\/shop\/varm-jakke-vulcan-xxl\/"]}]},{"@type":"ImageObject","inLanguage":"nb-NO","@id":"https:\/\/magnetarmagnets.com\/no\/shop\/varm-jakke-vulcan-xxl\/#primaryimage","url":"https:\/\/magnetarmagnets.com\/wp-content\/uploads\/2021\/02\/heated-jacket-scaled.jpg","contentUrl":"https:\/\/magnetarmagnets.com\/wp-content\/uploads\/2021\/02\/heated-jacket-scaled.jpg","width":2560,"height":2560,"caption":"heated jacket"},{"@type":"BreadcrumbList","@id":"https:\/\/magnetarmagnets.com\/no\/shop\/varm-jakke-vulcan-xxl\/#breadcrumb","itemListElement":[{"@type":"ListItem","position":1,"name":"Home","item":"https:\/\/magnetarmagnets.com\/no\/"},{"@type":"ListItem","position":2,"name":"Butikk","item":"https:\/\/magnetarmagnets.com\/butikk\/"},{"@type":"ListItem","position":3,"name":"Uncategorized","item":"https:\/\/magnetarmagnets.com\/collections\/uncategorized\/"},{"@type":"ListItem","position":4,"name":"Varm jakke Vulcan XXL"}]},{"@type":"WebSite","@id":"https:\/\/magnetarmagnets.com\/no\/#website","url":"https:\/\/magnetarmagnets.com\/no\/","name":"Magnet fishing with a Magnetar fishing magnet","description":"Kraftige magneter for magnetfiske","publisher":{"@id":"https:\/\/magnetarmagnets.com\/no\/#organization"},"potentialAction":[{"@type":"SearchAction","target":{"@type":"EntryPoint","urlTemplate":"https:\/\/magnetarmagnets.com\/no\/?s={search_term_string}"},"query-input":{"@type":"PropertyValueSpecification","valueRequired":true,"valueName":"search_term_string"}}],"inLanguage":"nb-NO"},{"@type":"Organization","@id":"https:\/\/magnetarmagnets.com\/no\/#organization","name":"Magnetar","url":"https:\/\/magnetarmagnets.com\/no\/","logo":{"@type":"ImageObject","inLanguage":"nb-NO","@id":"https:\/\/magnetarmagnets.com\/no\/#\/schema\/logo\/image\/","url":"https:\/\/magnetarmagnets.com\/wp-content\/uploads\/2025\/05\/Logo-03_PNG-Black-scaled.png","contentUrl":"https:\/\/magnetarmagnets.com\/wp-content\/uploads\/2025\/05\/Logo-03_PNG-Black-scaled.png","width":2560,"height":1658,"caption":"Magnetar"},"image":{"@id":"https:\/\/magnetarmagnets.com\/no\/#\/schema\/logo\/image\/"},"sameAs":["https:\/\/www.facebook.com\/fishingmagnets\/","https:\/\/www.instagram.com\/magnetar_magnets\/","https:\/\/www.linkedin.com\/company\/magnetarbv\/?originalSubdomain=nl","https:\/\/www.youtube.com\/c\/MagnetarVismagneet"]}]}},"_links":{"self":[{"href":"https:\/\/magnetarmagnets.com\/no\/wp-json\/wp\/v2\/product\/84301","targetHints":{"allow":["GET"]}}],"collection":[{"href":"https:\/\/magnetarmagnets.com\/no\/wp-json\/wp\/v2\/product"}],"about":[{"href":"https:\/\/magnetarmagnets.com\/no\/wp-json\/wp\/v2\/types\/product"}],"replies":[{"embeddable":true,"href":"https:\/\/magnetarmagnets.com\/no\/wp-json\/wp\/v2\/comments?post=84301"}],"version-history":[{"count":1,"href":"https:\/\/magnetarmagnets.com\/no\/wp-json\/wp\/v2\/product\/84301\/revisions"}],"predecessor-version":[{"id":96137,"href":"https:\/\/magnetarmagnets.com\/no\/wp-json\/wp\/v2\/product\/84301\/revisions\/96137"}],"wp:featuredmedia":[{"embeddable":true,"href":"https:\/\/magnetarmagnets.com\/no\/wp-json\/wp\/v2\/media\/77855"}],"wp:attachment":[{"href":"https:\/\/magnetarmagnets.com\/no\/wp-json\/wp\/v2\/media?parent=84301"}],"wp:term":[{"taxonomy":"product_brand","embeddable":true,"href":"https:\/\/magnetarmagnets.com\/no\/wp-json\/wp\/v2\/product_brand?post=84301"},{"taxonomy":"product_cat","embeddable":true,"href":"https:\/\/magnetarmagnets.com\/no\/wp-json\/wp\/v2\/product_cat?post=84301"},{"taxonomy":"product_tag","embeddable":true,"href":"https:\/\/magnetarmagnets.com\/no\/wp-json\/wp\/v2\/product_tag?post=84301"}],"curies":[{"name":"wp","href":"https:\/\/api.w.org\/{rel}","templated":true}]}}