{"id":84293,"date":"2025-08-22T10:50:38","date_gmt":"2025-08-22T08:50:38","guid":{"rendered":"https:\/\/magnetarmagnets.com\/?post_type=product&#038;p=84293"},"modified":"2025-08-25T10:30:55","modified_gmt":"2025-08-25T08:30:55","slug":"oppvarmet-arbeidsvest-magma","status":"publish","type":"product","link":"https:\/\/magnetarmagnets.com\/no\/shop\/oppvarmet-arbeidsvest-magma\/","title":{"rendered":"Oppvarmet arbeidsvest Magma"},"content":{"rendered":"<h2><img fetchpriority=\"high\" decoding=\"async\" class=\"aligncenter size-full wp-image-51853\" src=\"https:\/\/magnetarmagnets.com\/wp-content\/uploads\/2021\/02\/work-vest-engels.png\" alt=\"arbeidsvest, oppvarmet vest, magnetar varme, varme kl\u00e6r, hettejakke, vest, oppvarmingskl\u00e6r\" width=\"765\" height=\"455\" srcset=\"https:\/\/magnetarmagnets.com\/wp-content\/uploads\/2021\/02\/work-vest-engels.png 765w, https:\/\/magnetarmagnets.com\/wp-content\/uploads\/2021\/02\/work-vest-engels-600x357.png 600w, https:\/\/magnetarmagnets.com\/wp-content\/uploads\/2021\/02\/work-vest-engels-300x178.png 300w\" sizes=\"(max-width: 765px) 100vw, 765px\" \/><\/h2>\n\n<h2>Den beste oppvarmede arbeidsvesten<\/h2>\n\n<strong>En oppvarmet arbeidsvest?<\/strong> V\u00e5re arbeidsvester holder deg varm selv p\u00e5 kalde dager. Denne batteridrevne arbeidsvesten har tre varmeinnstillinger, s\u00e5 du alltid kan finne en behagelig temperatur. Jobber du ute p\u00e5 en kald dag? En kj\u00f8lig sommerkveld? Jobber i vind eller sent p\u00e5 kvelden? Denne komfortable, vind- og vanntette oppvarmede arbeidsvesten holder deg varm. <strong>Magnetar Heat arbeidsvesten er stor i st\u00f8rrelsen, s\u00e5 bestill en mindre!<\/strong>\n\n<h2>Produktinformasjon Oppvarmet arbeidsvest<\/h2>\n\nDet inkluderte batteriet har st\u00f8rrelsen til en mobiltelefon og kan holde deg varm i opptil <strong>9 timer<\/strong>, avhengig av varmeinnstillingen. Arbeidsvesten <strong>leveres med batteri og lader.<\/strong> Arbeidsvesten er laget av vind- og vannavst\u00f8tende bomull, og det indre laget er laget av lett rengj\u00f8rbar nylon, noe som gir deg full bevegelsesfrihet under arbeidet. Med denne oppvarmede arbeidsvesten trenger du ikke \u00e5 pakke deg inn i flere lag kl\u00e6r, for eksempel n\u00e5r du jobber p\u00e5 g\u00e5rden, som veiarbeider, innen bygg og anlegg, som maler, p\u00e5 hesteg\u00e5rd, er p\u00e5 jakt, som gartner og s\u00e5 videre. Dette er en arbeidsvest som tilbyr h\u00f8y komfort og full bevegelsesfrihet.\n\n\n\nOppvarmingssonene gir deg behagelig varme akkurat der p\u00e5 overkroppen du trenger det, p\u00e5 brystet og ryggen. Lav, medium og h\u00f8y innstilling lar deg tilpasse varme etter milj\u00f8et og holde deg varm hele dagen. Bare lad opp batteriet i 3-4 timer, s\u00e5 er du klar til \u00e5 g\u00e5.\n\n\n\nV\u00e5re arbeidsvester er laget av slitesterkt og h\u00f8ykvalitets materiale som er laget for \u00e5 holde deg varm i all slags v\u00e6r.\n\n<h2>CE-godkjent oppvarmet vest<\/h2>\n\nDe oppvarmede arbeidsvestene er CE-godkjente. Vi st\u00f8tter produktet fullt ut og tilbyr derfor <strong>1 \u00e5rs garanti<\/strong>.\n\n\n\n<strong>Magnetar Heat arbeidsvesten er stor i st\u00f8rrelsen, s\u00e5 bestill en mindre!<\/strong>","protected":false},"excerpt":{"rendered":"<p>Dette er en oppvarmbar arbeidsvest med oppvarming og 3 varmeinnstillinger. Holder deg varm n\u00e5r du trenger det. Ekstra slitesterk.<\/p>\n","protected":false},"featured_media":61249,"comment_status":"open","ping_status":"closed","template":"","meta":{"_acf_changed":false,"inline_featured_image":false},"product_brand":[],"product_cat":[612,609],"product_tag":[],"class_list":{"0":"post-84293","1":"product","2":"type-product","3":"status-publish","4":"has-post-thumbnail","6":"product_cat-oppvarmede-klaer","7":"product_cat-utstyr","9":"first","10":"instock","11":"taxable","12":"shipping-taxable","13":"product-type-grouped"},"acf":[],"yoast_head":"<!-- This site is optimized with the Yoast SEO plugin v27.3 - https:\/\/yoast.com\/product\/yoast-seo-wordpress\/ -->\n<title>Oppvarmet arbeidsvest Magma - Magnet fishing with a Magnetar fishing magnet<\/title>\n<meta name=\"description\" content=\"Oppvarmet arbeidsvest Magma - Hold deg varm med Magnetar\" \/>\n<meta name=\"robots\" content=\"index, follow, max-snippet:-1, max-image-preview:large, max-video-preview:-1\" \/>\n<link rel=\"canonical\" href=\"https:\/\/magnetarmagnets.com\/no\/shop\/oppvarmet-arbeidsvest-magma\/\" \/>\n<meta property=\"og:locale\" content=\"nb_NO\" \/>\n<meta property=\"og:type\" content=\"article\" \/>\n<meta property=\"og:title\" content=\"Oppvarmet arbeidsvest Magma - Magnet fishing with a Magnetar fishing magnet\" \/>\n<meta property=\"og:description\" content=\"Oppvarmet arbeidsvest Magma - Hold deg varm med Magnetar\" \/>\n<meta property=\"og:url\" content=\"https:\/\/magnetarmagnets.com\/no\/shop\/oppvarmet-arbeidsvest-magma\/\" \/>\n<meta property=\"og:site_name\" content=\"Magnet fishing with a Magnetar fishing magnet\" \/>\n<meta property=\"article:publisher\" content=\"https:\/\/www.facebook.com\/fishingmagnets\/\" \/>\n<meta property=\"article:modified_time\" content=\"2025-08-25T08:30:55+00:00\" \/>\n<meta property=\"og:image\" content=\"https:\/\/magnetarmagnets.com\/wp-content\/uploads\/2023\/09\/1-2.jpg\" \/>\n\t<meta property=\"og:image:width\" content=\"1500\" \/>\n\t<meta property=\"og:image:height\" content=\"1500\" \/>\n\t<meta property=\"og:image:type\" content=\"image\/jpeg\" \/>\n<meta name=\"twitter:card\" content=\"summary_large_image\" \/>\n<meta name=\"twitter:label1\" content=\"Ansl. lesetid\" \/>\n\t<meta name=\"twitter:data1\" content=\"2 minutter\" \/>\n<script type=\"application\/ld+json\" class=\"yoast-schema-graph\">{\"@context\":\"https:\\\/\\\/schema.org\",\"@graph\":[{\"@type\":[\"WebPage\",\"ItemPage\"],\"@id\":\"https:\\\/\\\/magnetarmagnets.com\\\/no\\\/shop\\\/oppvarmet-arbeidsvest-magma\\\/\",\"url\":\"https:\\\/\\\/magnetarmagnets.com\\\/no\\\/shop\\\/oppvarmet-arbeidsvest-magma\\\/\",\"name\":\"Oppvarmet arbeidsvest Magma - Magnet fishing with a Magnetar fishing magnet\",\"isPartOf\":{\"@id\":\"https:\\\/\\\/magnetarmagnets.com\\\/no\\\/#website\"},\"primaryImageOfPage\":{\"@id\":\"https:\\\/\\\/magnetarmagnets.com\\\/no\\\/shop\\\/oppvarmet-arbeidsvest-magma\\\/#primaryimage\"},\"image\":{\"@id\":\"https:\\\/\\\/magnetarmagnets.com\\\/no\\\/shop\\\/oppvarmet-arbeidsvest-magma\\\/#primaryimage\"},\"thumbnailUrl\":\"https:\\\/\\\/magnetarmagnets.com\\\/wp-content\\\/uploads\\\/2023\\\/09\\\/1-2.jpg\",\"datePublished\":\"2025-08-22T08:50:38+00:00\",\"dateModified\":\"2025-08-25T08:30:55+00:00\",\"description\":\"Oppvarmet arbeidsvest Magma - Hold deg varm med Magnetar\",\"breadcrumb\":{\"@id\":\"https:\\\/\\\/magnetarmagnets.com\\\/no\\\/shop\\\/oppvarmet-arbeidsvest-magma\\\/#breadcrumb\"},\"inLanguage\":\"nb-NO\",\"potentialAction\":[{\"@type\":\"ReadAction\",\"target\":[\"https:\\\/\\\/magnetarmagnets.com\\\/no\\\/shop\\\/oppvarmet-arbeidsvest-magma\\\/\"]}]},{\"@type\":\"ImageObject\",\"inLanguage\":\"nb-NO\",\"@id\":\"https:\\\/\\\/magnetarmagnets.com\\\/no\\\/shop\\\/oppvarmet-arbeidsvest-magma\\\/#primaryimage\",\"url\":\"https:\\\/\\\/magnetarmagnets.com\\\/wp-content\\\/uploads\\\/2023\\\/09\\\/1-2.jpg\",\"contentUrl\":\"https:\\\/\\\/magnetarmagnets.com\\\/wp-content\\\/uploads\\\/2023\\\/09\\\/1-2.jpg\",\"width\":1500,\"height\":1500,\"caption\":\"MAGMA Heated work vest Magnetar Heat Front\"},{\"@type\":\"BreadcrumbList\",\"@id\":\"https:\\\/\\\/magnetarmagnets.com\\\/no\\\/shop\\\/oppvarmet-arbeidsvest-magma\\\/#breadcrumb\",\"itemListElement\":[{\"@type\":\"ListItem\",\"position\":1,\"name\":\"Home\",\"item\":\"https:\\\/\\\/magnetarmagnets.com\\\/no\\\/\"},{\"@type\":\"ListItem\",\"position\":2,\"name\":\"Butikk\",\"item\":\"https:\\\/\\\/magnetarmagnets.com\\\/butikk\\\/\"},{\"@type\":\"ListItem\",\"position\":3,\"name\":\"Utstyr\",\"item\":\"https:\\\/\\\/magnetarmagnets.com\\\/no\\\/collections\\\/utstyr\\\/\"},{\"@type\":\"ListItem\",\"position\":4,\"name\":\"Oppvarmede kl\u00e6r\",\"item\":\"https:\\\/\\\/magnetarmagnets.com\\\/no\\\/collections\\\/utstyr\\\/oppvarmede-klaer\\\/\"},{\"@type\":\"ListItem\",\"position\":5,\"name\":\"Oppvarmet arbeidsvest Magma\"}]},{\"@type\":\"WebSite\",\"@id\":\"https:\\\/\\\/magnetarmagnets.com\\\/no\\\/#website\",\"url\":\"https:\\\/\\\/magnetarmagnets.com\\\/no\\\/\",\"name\":\"Magnet fishing with a Magnetar fishing magnet\",\"description\":\"Kraftige magneter for magnetfiske\",\"publisher\":{\"@id\":\"https:\\\/\\\/magnetarmagnets.com\\\/no\\\/#organization\"},\"potentialAction\":[{\"@type\":\"SearchAction\",\"target\":{\"@type\":\"EntryPoint\",\"urlTemplate\":\"https:\\\/\\\/magnetarmagnets.com\\\/no\\\/?s={search_term_string}\"},\"query-input\":{\"@type\":\"PropertyValueSpecification\",\"valueRequired\":true,\"valueName\":\"search_term_string\"}}],\"inLanguage\":\"nb-NO\"},{\"@type\":\"Organization\",\"@id\":\"https:\\\/\\\/magnetarmagnets.com\\\/no\\\/#organization\",\"name\":\"Magnetar\",\"url\":\"https:\\\/\\\/magnetarmagnets.com\\\/no\\\/\",\"logo\":{\"@type\":\"ImageObject\",\"inLanguage\":\"nb-NO\",\"@id\":\"https:\\\/\\\/magnetarmagnets.com\\\/no\\\/#\\\/schema\\\/logo\\\/image\\\/\",\"url\":\"https:\\\/\\\/magnetarmagnets.com\\\/wp-content\\\/uploads\\\/2025\\\/05\\\/Logo-03_PNG-Black-scaled.png\",\"contentUrl\":\"https:\\\/\\\/magnetarmagnets.com\\\/wp-content\\\/uploads\\\/2025\\\/05\\\/Logo-03_PNG-Black-scaled.png\",\"width\":2560,\"height\":1658,\"caption\":\"Magnetar\"},\"image\":{\"@id\":\"https:\\\/\\\/magnetarmagnets.com\\\/no\\\/#\\\/schema\\\/logo\\\/image\\\/\"},\"sameAs\":[\"https:\\\/\\\/www.facebook.com\\\/fishingmagnets\\\/\",\"https:\\\/\\\/www.instagram.com\\\/magnetar_magnets\\\/\",\"https:\\\/\\\/www.linkedin.com\\\/company\\\/magnetarbv\\\/?originalSubdomain=nl\",\"https:\\\/\\\/www.youtube.com\\\/c\\\/MagnetarVismagneet\"]}]}<\/script>\n<!-- \/ Yoast SEO plugin. -->","yoast_head_json":{"title":"Oppvarmet arbeidsvest Magma - Magnet fishing with a Magnetar fishing magnet","description":"Oppvarmet arbeidsvest Magma - Hold deg varm med Magnetar","robots":{"index":"index","follow":"follow","max-snippet":"max-snippet:-1","max-image-preview":"max-image-preview:large","max-video-preview":"max-video-preview:-1"},"canonical":"https:\/\/magnetarmagnets.com\/no\/shop\/oppvarmet-arbeidsvest-magma\/","og_locale":"nb_NO","og_type":"article","og_title":"Oppvarmet arbeidsvest Magma - Magnet fishing with a Magnetar fishing magnet","og_description":"Oppvarmet arbeidsvest Magma - Hold deg varm med Magnetar","og_url":"https:\/\/magnetarmagnets.com\/no\/shop\/oppvarmet-arbeidsvest-magma\/","og_site_name":"Magnet fishing with a Magnetar fishing magnet","article_publisher":"https:\/\/www.facebook.com\/fishingmagnets\/","article_modified_time":"2025-08-25T08:30:55+00:00","og_image":[{"width":1500,"height":1500,"url":"https:\/\/magnetarmagnets.com\/wp-content\/uploads\/2023\/09\/1-2.jpg","type":"image\/jpeg"}],"twitter_card":"summary_large_image","twitter_misc":{"Ansl. lesetid":"2 minutter"},"schema":{"@context":"https:\/\/schema.org","@graph":[{"@type":["WebPage","ItemPage"],"@id":"https:\/\/magnetarmagnets.com\/no\/shop\/oppvarmet-arbeidsvest-magma\/","url":"https:\/\/magnetarmagnets.com\/no\/shop\/oppvarmet-arbeidsvest-magma\/","name":"Oppvarmet arbeidsvest Magma - Magnet fishing with a Magnetar fishing magnet","isPartOf":{"@id":"https:\/\/magnetarmagnets.com\/no\/#website"},"primaryImageOfPage":{"@id":"https:\/\/magnetarmagnets.com\/no\/shop\/oppvarmet-arbeidsvest-magma\/#primaryimage"},"image":{"@id":"https:\/\/magnetarmagnets.com\/no\/shop\/oppvarmet-arbeidsvest-magma\/#primaryimage"},"thumbnailUrl":"https:\/\/magnetarmagnets.com\/wp-content\/uploads\/2023\/09\/1-2.jpg","datePublished":"2025-08-22T08:50:38+00:00","dateModified":"2025-08-25T08:30:55+00:00","description":"Oppvarmet arbeidsvest Magma - Hold deg varm med Magnetar","breadcrumb":{"@id":"https:\/\/magnetarmagnets.com\/no\/shop\/oppvarmet-arbeidsvest-magma\/#breadcrumb"},"inLanguage":"nb-NO","potentialAction":[{"@type":"ReadAction","target":["https:\/\/magnetarmagnets.com\/no\/shop\/oppvarmet-arbeidsvest-magma\/"]}]},{"@type":"ImageObject","inLanguage":"nb-NO","@id":"https:\/\/magnetarmagnets.com\/no\/shop\/oppvarmet-arbeidsvest-magma\/#primaryimage","url":"https:\/\/magnetarmagnets.com\/wp-content\/uploads\/2023\/09\/1-2.jpg","contentUrl":"https:\/\/magnetarmagnets.com\/wp-content\/uploads\/2023\/09\/1-2.jpg","width":1500,"height":1500,"caption":"MAGMA Heated work vest Magnetar Heat Front"},{"@type":"BreadcrumbList","@id":"https:\/\/magnetarmagnets.com\/no\/shop\/oppvarmet-arbeidsvest-magma\/#breadcrumb","itemListElement":[{"@type":"ListItem","position":1,"name":"Home","item":"https:\/\/magnetarmagnets.com\/no\/"},{"@type":"ListItem","position":2,"name":"Butikk","item":"https:\/\/magnetarmagnets.com\/butikk\/"},{"@type":"ListItem","position":3,"name":"Utstyr","item":"https:\/\/magnetarmagnets.com\/no\/collections\/utstyr\/"},{"@type":"ListItem","position":4,"name":"Oppvarmede kl\u00e6r","item":"https:\/\/magnetarmagnets.com\/no\/collections\/utstyr\/oppvarmede-klaer\/"},{"@type":"ListItem","position":5,"name":"Oppvarmet arbeidsvest Magma"}]},{"@type":"WebSite","@id":"https:\/\/magnetarmagnets.com\/no\/#website","url":"https:\/\/magnetarmagnets.com\/no\/","name":"Magnet fishing with a Magnetar fishing magnet","description":"Kraftige magneter for magnetfiske","publisher":{"@id":"https:\/\/magnetarmagnets.com\/no\/#organization"},"potentialAction":[{"@type":"SearchAction","target":{"@type":"EntryPoint","urlTemplate":"https:\/\/magnetarmagnets.com\/no\/?s={search_term_string}"},"query-input":{"@type":"PropertyValueSpecification","valueRequired":true,"valueName":"search_term_string"}}],"inLanguage":"nb-NO"},{"@type":"Organization","@id":"https:\/\/magnetarmagnets.com\/no\/#organization","name":"Magnetar","url":"https:\/\/magnetarmagnets.com\/no\/","logo":{"@type":"ImageObject","inLanguage":"nb-NO","@id":"https:\/\/magnetarmagnets.com\/no\/#\/schema\/logo\/image\/","url":"https:\/\/magnetarmagnets.com\/wp-content\/uploads\/2025\/05\/Logo-03_PNG-Black-scaled.png","contentUrl":"https:\/\/magnetarmagnets.com\/wp-content\/uploads\/2025\/05\/Logo-03_PNG-Black-scaled.png","width":2560,"height":1658,"caption":"Magnetar"},"image":{"@id":"https:\/\/magnetarmagnets.com\/no\/#\/schema\/logo\/image\/"},"sameAs":["https:\/\/www.facebook.com\/fishingmagnets\/","https:\/\/www.instagram.com\/magnetar_magnets\/","https:\/\/www.linkedin.com\/company\/magnetarbv\/?originalSubdomain=nl","https:\/\/www.youtube.com\/c\/MagnetarVismagneet"]}]}},"_links":{"self":[{"href":"https:\/\/magnetarmagnets.com\/no\/wp-json\/wp\/v2\/product\/84293","targetHints":{"allow":["GET"]}}],"collection":[{"href":"https:\/\/magnetarmagnets.com\/no\/wp-json\/wp\/v2\/product"}],"about":[{"href":"https:\/\/magnetarmagnets.com\/no\/wp-json\/wp\/v2\/types\/product"}],"replies":[{"embeddable":true,"href":"https:\/\/magnetarmagnets.com\/no\/wp-json\/wp\/v2\/comments?post=84293"}],"version-history":[{"count":0,"href":"https:\/\/magnetarmagnets.com\/no\/wp-json\/wp\/v2\/product\/84293\/revisions"}],"wp:featuredmedia":[{"embeddable":true,"href":"https:\/\/magnetarmagnets.com\/no\/wp-json\/wp\/v2\/media\/61249"}],"wp:attachment":[{"href":"https:\/\/magnetarmagnets.com\/no\/wp-json\/wp\/v2\/media?parent=84293"}],"wp:term":[{"taxonomy":"product_brand","embeddable":true,"href":"https:\/\/magnetarmagnets.com\/no\/wp-json\/wp\/v2\/product_brand?post=84293"},{"taxonomy":"product_cat","embeddable":true,"href":"https:\/\/magnetarmagnets.com\/no\/wp-json\/wp\/v2\/product_cat?post=84293"},{"taxonomy":"product_tag","embeddable":true,"href":"https:\/\/magnetarmagnets.com\/no\/wp-json\/wp\/v2\/product_tag?post=84293"}],"curies":[{"name":"wp","href":"https:\/\/api.w.org\/{rel}","templated":true}]}}