{"id":84292,"date":"2025-08-22T10:50:37","date_gmt":"2025-08-22T08:50:37","guid":{"rendered":"https:\/\/magnetarmagnets.com\/?post_type=product&#038;p=84292"},"modified":"2025-08-25T10:31:09","modified_gmt":"2025-08-25T08:31:09","slug":"varm-jakke-vulcan","status":"publish","type":"product","link":"https:\/\/magnetarmagnets.com\/no\/shop\/varm-jakke-vulcan\/","title":{"rendered":"Varm jakke Vulcan"},"content":{"rendered":"<img fetchpriority=\"high\" decoding=\"async\" class=\"aligncenter size-full wp-image-51844\" src=\"https:\/\/magnetarmagnets.com\/wp-content\/uploads\/2021\/02\/Softshell-engels.png\" alt=\"varmedress, varm jakke, magnetar varme, softshell, varme, arbeidsjakke\" width=\"764\" height=\"436\" srcset=\"https:\/\/magnetarmagnets.com\/wp-content\/uploads\/2021\/02\/Softshell-engels.png 764w, https:\/\/magnetarmagnets.com\/wp-content\/uploads\/2021\/02\/Softshell-engels-600x342.png 600w, https:\/\/magnetarmagnets.com\/wp-content\/uploads\/2021\/02\/Softshell-engels-300x171.png 300w\" sizes=\"(max-width: 764px) 100vw, 764px\" \/>\n\n<h2>De beste varmedressene<\/h2>\n\n<strong>En varmedress?<\/strong> V\u00e5re varmedresser holder deg varm selv p\u00e5 kaldere dager. Denne batteridrevne varmedressen har tre varmeinnstillinger, slik at du alltid har en behagelig temperatur. Jobber du ute p\u00e5 en kald dag? En kj\u00f8lig sommerkveld? Denne komfortable, vindtette og vanntette varmedressen holder deg varm.\n\n<h2>Produktinformasjon varmedress<\/h2>\n\nDet medf\u00f8lgende batteriet har st\u00f8rrelsen som en mobiltelefon og kan holde deg varm i <strong>opptil 10 timer<\/strong>, avhengig av varmeinnstillingen. Jakken leveres <strong>med batteri og lader<\/strong>. Jakken er laget av vind- og vannavst\u00f8tende stoff og har et ekstra mykt fleecef\u00f4r p\u00e5 innsiden, som gir deg full bevegelsesfrihet under utend\u00f8rsaktiviteter. Med denne jakken trenger du ikke \u00e5 pakke deg inn i flere lag med kl\u00e6r, for eksempel n\u00e5r du g\u00e5r en tur, jobber i hagen, fisker eller sykler.\n\n\n\nVarmezonene gir deg behagelig varme akkurat der du trenger det p\u00e5 overkroppen, p\u00e5 brystet og ryggen. Lav, middels og h\u00f8y innstilling gj\u00f8r at du kan tilpasse deg omgivelsene og holde deg varm hele dagen. Deretter lader du bare batteriet p\u00e5 3-4 timer, og du er klar til \u00e5 g\u00e5 igjen.\n\n\n\nV\u00e5re jakker er laget av slitesterkt og h\u00f8ykvalitets materiale som er designet for \u00e5 holde deg varm under alle v\u00e6rforhold.\n\n<h2>CE-godkjente varmedresser<\/h2>\n\nVarmedressene er CE-godkjente. Vi st\u00e5r fullt inne for produktet v\u00e5rt og tilbyr derfor <strong>1 \u00e5rs garanti<\/strong>.","protected":false},"excerpt":{"rendered":"<p><span style=\"font-weight: 400;\">Dette er en varmedress med varmeelement og 3 varmeinnstillinger. Holder deg varm n\u00e5r du trenger det.<\/span><\/p>\n","protected":false},"featured_media":81070,"comment_status":"open","ping_status":"closed","template":"","meta":{"_acf_changed":false,"inline_featured_image":false},"product_brand":[],"product_cat":[723,718],"product_tag":[],"class_list":{"0":"post-84292","1":"product","2":"type-product","3":"status-publish","4":"has-post-thumbnail","6":"product_cat-lammitettavat-vaatteet","7":"product_cat-varusteet","9":"first","10":"instock","11":"taxable","12":"shipping-taxable","13":"product-type-grouped"},"acf":[],"yoast_head":"<!-- This site is optimized with the Yoast SEO plugin v27.3 - https:\/\/yoast.com\/product\/yoast-seo-wordpress\/ -->\n<title>Varm jakke Vulcan - Magnet fishing with a Magnetar fishing magnet<\/title>\n<meta name=\"description\" content=\"Varm jakke Vulcan - Hold deg varm med Magnetar\" \/>\n<meta name=\"robots\" content=\"index, follow, max-snippet:-1, max-image-preview:large, max-video-preview:-1\" \/>\n<link rel=\"canonical\" href=\"https:\/\/magnetarmagnets.com\/no\/shop\/varm-jakke-vulcan\/\" \/>\n<meta property=\"og:locale\" content=\"nb_NO\" \/>\n<meta property=\"og:type\" content=\"article\" \/>\n<meta property=\"og:title\" content=\"Varm jakke Vulcan - Magnet fishing with a Magnetar fishing magnet\" \/>\n<meta property=\"og:description\" content=\"Varm jakke Vulcan - Hold deg varm med Magnetar\" \/>\n<meta property=\"og:url\" content=\"https:\/\/magnetarmagnets.com\/no\/shop\/varm-jakke-vulcan\/\" \/>\n<meta property=\"og:site_name\" content=\"Magnet fishing with a Magnetar fishing magnet\" \/>\n<meta property=\"article:publisher\" content=\"https:\/\/www.facebook.com\/fishingmagnets\/\" \/>\n<meta property=\"article:modified_time\" content=\"2025-08-25T08:31:09+00:00\" \/>\n<meta property=\"og:image\" content=\"https:\/\/magnetarmagnets.com\/wp-content\/uploads\/2023\/09\/1-3.jpg\" \/>\n\t<meta property=\"og:image:width\" content=\"1500\" \/>\n\t<meta property=\"og:image:height\" content=\"1500\" \/>\n\t<meta property=\"og:image:type\" content=\"image\/jpeg\" \/>\n<meta name=\"twitter:card\" content=\"summary_large_image\" \/>\n<meta name=\"twitter:label1\" content=\"Ansl. lesetid\" \/>\n\t<meta name=\"twitter:data1\" content=\"2 minutter\" \/>\n<script type=\"application\/ld+json\" class=\"yoast-schema-graph\">{\"@context\":\"https:\\\/\\\/schema.org\",\"@graph\":[{\"@type\":[\"WebPage\",\"ItemPage\"],\"@id\":\"https:\\\/\\\/magnetarmagnets.com\\\/no\\\/shop\\\/varm-jakke-vulcan\\\/\",\"url\":\"https:\\\/\\\/magnetarmagnets.com\\\/no\\\/shop\\\/varm-jakke-vulcan\\\/\",\"name\":\"Varm jakke Vulcan - Magnet fishing with a Magnetar fishing magnet\",\"isPartOf\":{\"@id\":\"https:\\\/\\\/magnetarmagnets.com\\\/no\\\/#website\"},\"primaryImageOfPage\":{\"@id\":\"https:\\\/\\\/magnetarmagnets.com\\\/no\\\/shop\\\/varm-jakke-vulcan\\\/#primaryimage\"},\"image\":{\"@id\":\"https:\\\/\\\/magnetarmagnets.com\\\/no\\\/shop\\\/varm-jakke-vulcan\\\/#primaryimage\"},\"thumbnailUrl\":\"https:\\\/\\\/magnetarmagnets.com\\\/wp-content\\\/uploads\\\/2023\\\/09\\\/1-3.jpg\",\"datePublished\":\"2025-08-22T08:50:37+00:00\",\"dateModified\":\"2025-08-25T08:31:09+00:00\",\"description\":\"Varm jakke Vulcan - Hold deg varm med Magnetar\",\"breadcrumb\":{\"@id\":\"https:\\\/\\\/magnetarmagnets.com\\\/no\\\/shop\\\/varm-jakke-vulcan\\\/#breadcrumb\"},\"inLanguage\":\"nb-NO\",\"potentialAction\":[{\"@type\":\"ReadAction\",\"target\":[\"https:\\\/\\\/magnetarmagnets.com\\\/no\\\/shop\\\/varm-jakke-vulcan\\\/\"]}]},{\"@type\":\"ImageObject\",\"inLanguage\":\"nb-NO\",\"@id\":\"https:\\\/\\\/magnetarmagnets.com\\\/no\\\/shop\\\/varm-jakke-vulcan\\\/#primaryimage\",\"url\":\"https:\\\/\\\/magnetarmagnets.com\\\/wp-content\\\/uploads\\\/2023\\\/09\\\/1-3.jpg\",\"contentUrl\":\"https:\\\/\\\/magnetarmagnets.com\\\/wp-content\\\/uploads\\\/2023\\\/09\\\/1-3.jpg\",\"width\":1500,\"height\":1500,\"caption\":\"VULCAN Heated Jacket Magnetar Heat Front\"},{\"@type\":\"BreadcrumbList\",\"@id\":\"https:\\\/\\\/magnetarmagnets.com\\\/no\\\/shop\\\/varm-jakke-vulcan\\\/#breadcrumb\",\"itemListElement\":[{\"@type\":\"ListItem\",\"position\":1,\"name\":\"Home\",\"item\":\"https:\\\/\\\/magnetarmagnets.com\\\/no\\\/\"},{\"@type\":\"ListItem\",\"position\":2,\"name\":\"Butikk\",\"item\":\"https:\\\/\\\/magnetarmagnets.com\\\/butikk\\\/\"},{\"@type\":\"ListItem\",\"position\":3,\"name\":\"Utstyr\",\"item\":\"https:\\\/\\\/magnetarmagnets.com\\\/no\\\/collections\\\/utstyr\\\/\"},{\"@type\":\"ListItem\",\"position\":4,\"name\":\"Oppvarmede kl\u00e6r\",\"item\":\"https:\\\/\\\/magnetarmagnets.com\\\/no\\\/collections\\\/utstyr\\\/oppvarmede-klaer\\\/\"},{\"@type\":\"ListItem\",\"position\":5,\"name\":\"Varm jakke Vulcan\"}]},{\"@type\":\"WebSite\",\"@id\":\"https:\\\/\\\/magnetarmagnets.com\\\/no\\\/#website\",\"url\":\"https:\\\/\\\/magnetarmagnets.com\\\/no\\\/\",\"name\":\"Magnet fishing with a Magnetar fishing magnet\",\"description\":\"Kraftige magneter for magnetfiske\",\"publisher\":{\"@id\":\"https:\\\/\\\/magnetarmagnets.com\\\/no\\\/#organization\"},\"potentialAction\":[{\"@type\":\"SearchAction\",\"target\":{\"@type\":\"EntryPoint\",\"urlTemplate\":\"https:\\\/\\\/magnetarmagnets.com\\\/no\\\/?s={search_term_string}\"},\"query-input\":{\"@type\":\"PropertyValueSpecification\",\"valueRequired\":true,\"valueName\":\"search_term_string\"}}],\"inLanguage\":\"nb-NO\"},{\"@type\":\"Organization\",\"@id\":\"https:\\\/\\\/magnetarmagnets.com\\\/no\\\/#organization\",\"name\":\"Magnetar\",\"url\":\"https:\\\/\\\/magnetarmagnets.com\\\/no\\\/\",\"logo\":{\"@type\":\"ImageObject\",\"inLanguage\":\"nb-NO\",\"@id\":\"https:\\\/\\\/magnetarmagnets.com\\\/no\\\/#\\\/schema\\\/logo\\\/image\\\/\",\"url\":\"https:\\\/\\\/magnetarmagnets.com\\\/wp-content\\\/uploads\\\/2025\\\/05\\\/Logo-03_PNG-Black-scaled.png\",\"contentUrl\":\"https:\\\/\\\/magnetarmagnets.com\\\/wp-content\\\/uploads\\\/2025\\\/05\\\/Logo-03_PNG-Black-scaled.png\",\"width\":2560,\"height\":1658,\"caption\":\"Magnetar\"},\"image\":{\"@id\":\"https:\\\/\\\/magnetarmagnets.com\\\/no\\\/#\\\/schema\\\/logo\\\/image\\\/\"},\"sameAs\":[\"https:\\\/\\\/www.facebook.com\\\/fishingmagnets\\\/\",\"https:\\\/\\\/www.instagram.com\\\/magnetar_magnets\\\/\",\"https:\\\/\\\/www.linkedin.com\\\/company\\\/magnetarbv\\\/?originalSubdomain=nl\",\"https:\\\/\\\/www.youtube.com\\\/c\\\/MagnetarVismagneet\"]}]}<\/script>\n<!-- \/ Yoast SEO plugin. -->","yoast_head_json":{"title":"Varm jakke Vulcan - Magnet fishing with a Magnetar fishing magnet","description":"Varm jakke Vulcan - Hold deg varm med Magnetar","robots":{"index":"index","follow":"follow","max-snippet":"max-snippet:-1","max-image-preview":"max-image-preview:large","max-video-preview":"max-video-preview:-1"},"canonical":"https:\/\/magnetarmagnets.com\/no\/shop\/varm-jakke-vulcan\/","og_locale":"nb_NO","og_type":"article","og_title":"Varm jakke Vulcan - Magnet fishing with a Magnetar fishing magnet","og_description":"Varm jakke Vulcan - Hold deg varm med Magnetar","og_url":"https:\/\/magnetarmagnets.com\/no\/shop\/varm-jakke-vulcan\/","og_site_name":"Magnet fishing with a Magnetar fishing magnet","article_publisher":"https:\/\/www.facebook.com\/fishingmagnets\/","article_modified_time":"2025-08-25T08:31:09+00:00","og_image":[{"width":1500,"height":1500,"url":"https:\/\/magnetarmagnets.com\/wp-content\/uploads\/2023\/09\/1-3.jpg","type":"image\/jpeg"}],"twitter_card":"summary_large_image","twitter_misc":{"Ansl. lesetid":"2 minutter"},"schema":{"@context":"https:\/\/schema.org","@graph":[{"@type":["WebPage","ItemPage"],"@id":"https:\/\/magnetarmagnets.com\/no\/shop\/varm-jakke-vulcan\/","url":"https:\/\/magnetarmagnets.com\/no\/shop\/varm-jakke-vulcan\/","name":"Varm jakke Vulcan - Magnet fishing with a Magnetar fishing magnet","isPartOf":{"@id":"https:\/\/magnetarmagnets.com\/no\/#website"},"primaryImageOfPage":{"@id":"https:\/\/magnetarmagnets.com\/no\/shop\/varm-jakke-vulcan\/#primaryimage"},"image":{"@id":"https:\/\/magnetarmagnets.com\/no\/shop\/varm-jakke-vulcan\/#primaryimage"},"thumbnailUrl":"https:\/\/magnetarmagnets.com\/wp-content\/uploads\/2023\/09\/1-3.jpg","datePublished":"2025-08-22T08:50:37+00:00","dateModified":"2025-08-25T08:31:09+00:00","description":"Varm jakke Vulcan - Hold deg varm med Magnetar","breadcrumb":{"@id":"https:\/\/magnetarmagnets.com\/no\/shop\/varm-jakke-vulcan\/#breadcrumb"},"inLanguage":"nb-NO","potentialAction":[{"@type":"ReadAction","target":["https:\/\/magnetarmagnets.com\/no\/shop\/varm-jakke-vulcan\/"]}]},{"@type":"ImageObject","inLanguage":"nb-NO","@id":"https:\/\/magnetarmagnets.com\/no\/shop\/varm-jakke-vulcan\/#primaryimage","url":"https:\/\/magnetarmagnets.com\/wp-content\/uploads\/2023\/09\/1-3.jpg","contentUrl":"https:\/\/magnetarmagnets.com\/wp-content\/uploads\/2023\/09\/1-3.jpg","width":1500,"height":1500,"caption":"VULCAN Heated Jacket Magnetar Heat Front"},{"@type":"BreadcrumbList","@id":"https:\/\/magnetarmagnets.com\/no\/shop\/varm-jakke-vulcan\/#breadcrumb","itemListElement":[{"@type":"ListItem","position":1,"name":"Home","item":"https:\/\/magnetarmagnets.com\/no\/"},{"@type":"ListItem","position":2,"name":"Butikk","item":"https:\/\/magnetarmagnets.com\/butikk\/"},{"@type":"ListItem","position":3,"name":"Utstyr","item":"https:\/\/magnetarmagnets.com\/no\/collections\/utstyr\/"},{"@type":"ListItem","position":4,"name":"Oppvarmede kl\u00e6r","item":"https:\/\/magnetarmagnets.com\/no\/collections\/utstyr\/oppvarmede-klaer\/"},{"@type":"ListItem","position":5,"name":"Varm jakke Vulcan"}]},{"@type":"WebSite","@id":"https:\/\/magnetarmagnets.com\/no\/#website","url":"https:\/\/magnetarmagnets.com\/no\/","name":"Magnet fishing with a Magnetar fishing magnet","description":"Kraftige magneter for magnetfiske","publisher":{"@id":"https:\/\/magnetarmagnets.com\/no\/#organization"},"potentialAction":[{"@type":"SearchAction","target":{"@type":"EntryPoint","urlTemplate":"https:\/\/magnetarmagnets.com\/no\/?s={search_term_string}"},"query-input":{"@type":"PropertyValueSpecification","valueRequired":true,"valueName":"search_term_string"}}],"inLanguage":"nb-NO"},{"@type":"Organization","@id":"https:\/\/magnetarmagnets.com\/no\/#organization","name":"Magnetar","url":"https:\/\/magnetarmagnets.com\/no\/","logo":{"@type":"ImageObject","inLanguage":"nb-NO","@id":"https:\/\/magnetarmagnets.com\/no\/#\/schema\/logo\/image\/","url":"https:\/\/magnetarmagnets.com\/wp-content\/uploads\/2025\/05\/Logo-03_PNG-Black-scaled.png","contentUrl":"https:\/\/magnetarmagnets.com\/wp-content\/uploads\/2025\/05\/Logo-03_PNG-Black-scaled.png","width":2560,"height":1658,"caption":"Magnetar"},"image":{"@id":"https:\/\/magnetarmagnets.com\/no\/#\/schema\/logo\/image\/"},"sameAs":["https:\/\/www.facebook.com\/fishingmagnets\/","https:\/\/www.instagram.com\/magnetar_magnets\/","https:\/\/www.linkedin.com\/company\/magnetarbv\/?originalSubdomain=nl","https:\/\/www.youtube.com\/c\/MagnetarVismagneet"]}]}},"_links":{"self":[{"href":"https:\/\/magnetarmagnets.com\/no\/wp-json\/wp\/v2\/product\/84292","targetHints":{"allow":["GET"]}}],"collection":[{"href":"https:\/\/magnetarmagnets.com\/no\/wp-json\/wp\/v2\/product"}],"about":[{"href":"https:\/\/magnetarmagnets.com\/no\/wp-json\/wp\/v2\/types\/product"}],"replies":[{"embeddable":true,"href":"https:\/\/magnetarmagnets.com\/no\/wp-json\/wp\/v2\/comments?post=84292"}],"version-history":[{"count":0,"href":"https:\/\/magnetarmagnets.com\/no\/wp-json\/wp\/v2\/product\/84292\/revisions"}],"wp:featuredmedia":[{"embeddable":true,"href":"https:\/\/magnetarmagnets.com\/no\/wp-json\/wp\/v2\/media\/81070"}],"wp:attachment":[{"href":"https:\/\/magnetarmagnets.com\/no\/wp-json\/wp\/v2\/media?parent=84292"}],"wp:term":[{"taxonomy":"product_brand","embeddable":true,"href":"https:\/\/magnetarmagnets.com\/no\/wp-json\/wp\/v2\/product_brand?post=84292"},{"taxonomy":"product_cat","embeddable":true,"href":"https:\/\/magnetarmagnets.com\/no\/wp-json\/wp\/v2\/product_cat?post=84292"},{"taxonomy":"product_tag","embeddable":true,"href":"https:\/\/magnetarmagnets.com\/no\/wp-json\/wp\/v2\/product_tag?post=84292"}],"curies":[{"name":"wp","href":"https:\/\/api.w.org\/{rel}","templated":true}]}}