{"id":84290,"date":"2025-06-05T09:54:15","date_gmt":"2025-06-05T07:54:15","guid":{"rendered":"https:\/\/magnetarmagnets.com\/?post_type=product&#038;p=84290"},"modified":"2026-04-09T13:32:14","modified_gmt":"2026-04-09T11:32:14","slug":"magnetisk-fiskestang-3-meter","status":"publish","type":"product","link":"https:\/\/magnetarmagnets.com\/no\/shop\/magnetisk-fiskestang-3-meter\/","title":{"rendered":"Magnetisk fiskestang &#8211; 3 meter"},"content":{"rendered":"<strong>Magnetisk fiskestang \u00abLange Jan\u00bb<\/strong> lar deg fange objekter som din line ikke klarer \u00e5 l\u00f8fte. Den magnetiske fiskestangen kan demonteres, slik at du enkelt kan transportere den (ogs\u00e5 i en bil).\n\nMagnetisk fiskestang \u00abLange Jan\u00bb er et perfekt verkt\u00f8y for \u00e5 n\u00e5 dypere liggende gjenstander. Gamle objekter, som kanonkuler og utstyr fra andre verdenskrig, kan ha sunket over tid eller blitt dekket av blader og greiner. Med magnetstangen plukker du opp objekter der en vanlig line ikke strekker til.\n\n<strong>Hvem passer magnetstangen Lange Jan for?<\/strong>\n\nMagnetstangen Lange Jan er for personer som vil inn i vannet eller prikke fra land. Ved prikkemetoden kan du n\u00e5 dypere liggende objekter. Disse gjenstandene er ofte i utmerket stand fordi de har v\u00e6rt mindre utsatt for oksygen. Du trenger ikke \u00e5 v\u00e6re en erfaren fisker for \u00e5 bruke denne magnetstangen, den er egnet for alle.\n\nFiskestangen kan brukes sammen med de fleste av Magnetars fiskemagneter. Tilkoblingen til Classic Fishing Magnet 400, <a href=\"https:\/\/magnetarmagnets.com\/shop\/classic-fishing-magnet-1100lb-500kg\/\">Classic Fishing Magnet 500<\/a>, <a href=\"https:\/\/magnetarmagnets.com\/shop\/bulldog-500-double-sided\/\">Bulldog 500<\/a> <a href=\"https:\/\/magnetarmagnets.com\/shop\/bulldog-800-double-sided\/\">Bulldog 800<\/a>, <a href=\"https:\/\/magnetarmagnets.com\/shop\/cube\/\">CUBE<\/a> og <a href=\"https:\/\/magnetarmagnets.com\/shop\/megacube\/\">MEGACUBE<\/a> passer ikke med stang-spissen, s\u00e5 disse magnetene kan ikke brukes med denne stangen.\n\nIkke glem \u00e5 sjekke ut <a href=\"https:\/\/magnetarmagnets.com\/\" target=\"_blank\" rel=\"noopener\">de beste magnetfiskemagnetene<\/a> eller <a href=\"https:\/\/magnetarmagnets.com\/collections\/fishing-magnets\/magnet-fishing-kit\/\" target=\"_blank\" rel=\"noopener\">de beste magnetfiskesettene<\/a>.","protected":false},"excerpt":{"rendered":"<p>Med Magnetar\u00ae <strong>magnetiske fiskestang<\/strong> kan du sikte magneten med <strong>presisjon<\/strong> mot dyptliggende skatter!<\/p>\n","protected":false},"featured_media":78679,"comment_status":"open","ping_status":"closed","template":"","meta":{"_acf_changed":false,"inline_featured_image":false},"product_brand":[],"product_cat":[610,609],"product_tag":[],"class_list":{"0":"post-84290","1":"product","2":"type-product","3":"status-publish","4":"has-post-thumbnail","6":"product_cat-magnetfiskeutstyr","7":"product_cat-utstyr","9":"first","10":"instock","11":"sale","12":"taxable","13":"shipping-taxable","14":"purchasable","15":"product-type-simple"},"acf":[],"yoast_head":"<!-- This site is optimized with the Yoast SEO plugin v27.3 - https:\/\/yoast.com\/product\/yoast-seo-wordpress\/ -->\n<title>Magnetisk fiskestang - 3 meter - Magnet fishing with a Magnetar fishing magnet<\/title>\n<meta name=\"description\" content=\"Magnetisk fiskestang - Essensielt utstyr fra Magnetar\" \/>\n<meta name=\"robots\" content=\"index, follow, max-snippet:-1, max-image-preview:large, max-video-preview:-1\" \/>\n<link rel=\"canonical\" href=\"https:\/\/magnetarmagnets.com\/no\/shop\/magnetisk-fiskestang-3-meter\/\" \/>\n<meta property=\"og:locale\" content=\"nb_NO\" \/>\n<meta property=\"og:type\" content=\"article\" \/>\n<meta property=\"og:title\" content=\"Magnetisk fiskestang - 3 meter - Magnet fishing with a Magnetar fishing magnet\" \/>\n<meta property=\"og:description\" content=\"Magnetisk fiskestang - Essensielt utstyr fra Magnetar\" \/>\n<meta property=\"og:url\" content=\"https:\/\/magnetarmagnets.com\/no\/shop\/magnetisk-fiskestang-3-meter\/\" \/>\n<meta property=\"og:site_name\" content=\"Magnet fishing with a Magnetar fishing magnet\" \/>\n<meta property=\"article:publisher\" content=\"https:\/\/www.facebook.com\/fishingmagnets\/\" \/>\n<meta property=\"article:modified_time\" content=\"2026-04-09T11:32:14+00:00\" \/>\n<meta property=\"og:image\" content=\"https:\/\/magnetarmagnets.com\/wp-content\/uploads\/2020\/12\/P1001679.jpg\" \/>\n\t<meta property=\"og:image:width\" content=\"1000\" \/>\n\t<meta property=\"og:image:height\" content=\"1000\" \/>\n\t<meta property=\"og:image:type\" content=\"image\/jpeg\" \/>\n<meta name=\"twitter:card\" content=\"summary_large_image\" \/>\n<meta name=\"twitter:label1\" content=\"Ansl. lesetid\" \/>\n\t<meta name=\"twitter:data1\" content=\"2 minutter\" \/>\n<script type=\"application\/ld+json\" class=\"yoast-schema-graph\">{\"@context\":\"https:\\\/\\\/schema.org\",\"@graph\":[{\"@type\":[\"WebPage\",\"ItemPage\"],\"@id\":\"https:\\\/\\\/magnetarmagnets.com\\\/no\\\/shop\\\/magnetisk-fiskestang-3-meter\\\/\",\"url\":\"https:\\\/\\\/magnetarmagnets.com\\\/no\\\/shop\\\/magnetisk-fiskestang-3-meter\\\/\",\"name\":\"Magnetisk fiskestang - 3 meter - Magnet fishing with a Magnetar fishing magnet\",\"isPartOf\":{\"@id\":\"https:\\\/\\\/magnetarmagnets.com\\\/no\\\/#website\"},\"primaryImageOfPage\":{\"@id\":\"https:\\\/\\\/magnetarmagnets.com\\\/no\\\/shop\\\/magnetisk-fiskestang-3-meter\\\/#primaryimage\"},\"image\":{\"@id\":\"https:\\\/\\\/magnetarmagnets.com\\\/no\\\/shop\\\/magnetisk-fiskestang-3-meter\\\/#primaryimage\"},\"thumbnailUrl\":\"https:\\\/\\\/magnetarmagnets.com\\\/wp-content\\\/uploads\\\/2020\\\/12\\\/P1001679.jpg\",\"datePublished\":\"2025-06-05T07:54:15+00:00\",\"dateModified\":\"2026-04-09T11:32:14+00:00\",\"description\":\"Magnetisk fiskestang - Essensielt utstyr fra Magnetar\",\"breadcrumb\":{\"@id\":\"https:\\\/\\\/magnetarmagnets.com\\\/no\\\/shop\\\/magnetisk-fiskestang-3-meter\\\/#breadcrumb\"},\"inLanguage\":\"nb-NO\",\"potentialAction\":[{\"@type\":\"ReadAction\",\"target\":[\"https:\\\/\\\/magnetarmagnets.com\\\/no\\\/shop\\\/magnetisk-fiskestang-3-meter\\\/\"]}]},{\"@type\":\"ImageObject\",\"inLanguage\":\"nb-NO\",\"@id\":\"https:\\\/\\\/magnetarmagnets.com\\\/no\\\/shop\\\/magnetisk-fiskestang-3-meter\\\/#primaryimage\",\"url\":\"https:\\\/\\\/magnetarmagnets.com\\\/wp-content\\\/uploads\\\/2020\\\/12\\\/P1001679.jpg\",\"contentUrl\":\"https:\\\/\\\/magnetarmagnets.com\\\/wp-content\\\/uploads\\\/2020\\\/12\\\/P1001679.jpg\",\"width\":1000,\"height\":1000,\"caption\":\"Magnetic Fishing Spike, The magnetic spike Lange Jan, magnetic prick stick,\"},{\"@type\":\"BreadcrumbList\",\"@id\":\"https:\\\/\\\/magnetarmagnets.com\\\/no\\\/shop\\\/magnetisk-fiskestang-3-meter\\\/#breadcrumb\",\"itemListElement\":[{\"@type\":\"ListItem\",\"position\":1,\"name\":\"Home\",\"item\":\"https:\\\/\\\/magnetarmagnets.com\\\/no\\\/\"},{\"@type\":\"ListItem\",\"position\":2,\"name\":\"Butikk\",\"item\":\"https:\\\/\\\/magnetarmagnets.com\\\/butikk\\\/\"},{\"@type\":\"ListItem\",\"position\":3,\"name\":\"All products\",\"item\":\"https:\\\/\\\/magnetarmagnets.com\\\/collections\\\/all-products\\\/\"},{\"@type\":\"ListItem\",\"position\":4,\"name\":\"Magnetisk fiskestang &#8211; 3 meter\"}]},{\"@type\":\"WebSite\",\"@id\":\"https:\\\/\\\/magnetarmagnets.com\\\/no\\\/#website\",\"url\":\"https:\\\/\\\/magnetarmagnets.com\\\/no\\\/\",\"name\":\"Magnet fishing with a Magnetar fishing magnet\",\"description\":\"Kraftige magneter for magnetfiske\",\"publisher\":{\"@id\":\"https:\\\/\\\/magnetarmagnets.com\\\/no\\\/#organization\"},\"potentialAction\":[{\"@type\":\"SearchAction\",\"target\":{\"@type\":\"EntryPoint\",\"urlTemplate\":\"https:\\\/\\\/magnetarmagnets.com\\\/no\\\/?s={search_term_string}\"},\"query-input\":{\"@type\":\"PropertyValueSpecification\",\"valueRequired\":true,\"valueName\":\"search_term_string\"}}],\"inLanguage\":\"nb-NO\"},{\"@type\":\"Organization\",\"@id\":\"https:\\\/\\\/magnetarmagnets.com\\\/no\\\/#organization\",\"name\":\"Magnetar\",\"url\":\"https:\\\/\\\/magnetarmagnets.com\\\/no\\\/\",\"logo\":{\"@type\":\"ImageObject\",\"inLanguage\":\"nb-NO\",\"@id\":\"https:\\\/\\\/magnetarmagnets.com\\\/no\\\/#\\\/schema\\\/logo\\\/image\\\/\",\"url\":\"https:\\\/\\\/magnetarmagnets.com\\\/wp-content\\\/uploads\\\/2025\\\/05\\\/Logo-03_PNG-Black-scaled.png\",\"contentUrl\":\"https:\\\/\\\/magnetarmagnets.com\\\/wp-content\\\/uploads\\\/2025\\\/05\\\/Logo-03_PNG-Black-scaled.png\",\"width\":2560,\"height\":1658,\"caption\":\"Magnetar\"},\"image\":{\"@id\":\"https:\\\/\\\/magnetarmagnets.com\\\/no\\\/#\\\/schema\\\/logo\\\/image\\\/\"},\"sameAs\":[\"https:\\\/\\\/www.facebook.com\\\/fishingmagnets\\\/\",\"https:\\\/\\\/www.instagram.com\\\/magnetar_magnets\\\/\",\"https:\\\/\\\/www.linkedin.com\\\/company\\\/magnetarbv\\\/?originalSubdomain=nl\",\"https:\\\/\\\/www.youtube.com\\\/c\\\/MagnetarVismagneet\"]}]}<\/script>\n<!-- \/ Yoast SEO plugin. -->","yoast_head_json":{"title":"Magnetisk fiskestang - 3 meter - Magnet fishing with a Magnetar fishing magnet","description":"Magnetisk fiskestang - Essensielt utstyr fra Magnetar","robots":{"index":"index","follow":"follow","max-snippet":"max-snippet:-1","max-image-preview":"max-image-preview:large","max-video-preview":"max-video-preview:-1"},"canonical":"https:\/\/magnetarmagnets.com\/no\/shop\/magnetisk-fiskestang-3-meter\/","og_locale":"nb_NO","og_type":"article","og_title":"Magnetisk fiskestang - 3 meter - Magnet fishing with a Magnetar fishing magnet","og_description":"Magnetisk fiskestang - Essensielt utstyr fra Magnetar","og_url":"https:\/\/magnetarmagnets.com\/no\/shop\/magnetisk-fiskestang-3-meter\/","og_site_name":"Magnet fishing with a Magnetar fishing magnet","article_publisher":"https:\/\/www.facebook.com\/fishingmagnets\/","article_modified_time":"2026-04-09T11:32:14+00:00","og_image":[{"width":1000,"height":1000,"url":"https:\/\/magnetarmagnets.com\/wp-content\/uploads\/2020\/12\/P1001679.jpg","type":"image\/jpeg"}],"twitter_card":"summary_large_image","twitter_misc":{"Ansl. lesetid":"2 minutter"},"schema":{"@context":"https:\/\/schema.org","@graph":[{"@type":["WebPage","ItemPage"],"@id":"https:\/\/magnetarmagnets.com\/no\/shop\/magnetisk-fiskestang-3-meter\/","url":"https:\/\/magnetarmagnets.com\/no\/shop\/magnetisk-fiskestang-3-meter\/","name":"Magnetisk fiskestang - 3 meter - Magnet fishing with a Magnetar fishing magnet","isPartOf":{"@id":"https:\/\/magnetarmagnets.com\/no\/#website"},"primaryImageOfPage":{"@id":"https:\/\/magnetarmagnets.com\/no\/shop\/magnetisk-fiskestang-3-meter\/#primaryimage"},"image":{"@id":"https:\/\/magnetarmagnets.com\/no\/shop\/magnetisk-fiskestang-3-meter\/#primaryimage"},"thumbnailUrl":"https:\/\/magnetarmagnets.com\/wp-content\/uploads\/2020\/12\/P1001679.jpg","datePublished":"2025-06-05T07:54:15+00:00","dateModified":"2026-04-09T11:32:14+00:00","description":"Magnetisk fiskestang - Essensielt utstyr fra Magnetar","breadcrumb":{"@id":"https:\/\/magnetarmagnets.com\/no\/shop\/magnetisk-fiskestang-3-meter\/#breadcrumb"},"inLanguage":"nb-NO","potentialAction":[{"@type":"ReadAction","target":["https:\/\/magnetarmagnets.com\/no\/shop\/magnetisk-fiskestang-3-meter\/"]}]},{"@type":"ImageObject","inLanguage":"nb-NO","@id":"https:\/\/magnetarmagnets.com\/no\/shop\/magnetisk-fiskestang-3-meter\/#primaryimage","url":"https:\/\/magnetarmagnets.com\/wp-content\/uploads\/2020\/12\/P1001679.jpg","contentUrl":"https:\/\/magnetarmagnets.com\/wp-content\/uploads\/2020\/12\/P1001679.jpg","width":1000,"height":1000,"caption":"Magnetic Fishing Spike, The magnetic spike Lange Jan, magnetic prick stick,"},{"@type":"BreadcrumbList","@id":"https:\/\/magnetarmagnets.com\/no\/shop\/magnetisk-fiskestang-3-meter\/#breadcrumb","itemListElement":[{"@type":"ListItem","position":1,"name":"Home","item":"https:\/\/magnetarmagnets.com\/no\/"},{"@type":"ListItem","position":2,"name":"Butikk","item":"https:\/\/magnetarmagnets.com\/butikk\/"},{"@type":"ListItem","position":3,"name":"All products","item":"https:\/\/magnetarmagnets.com\/collections\/all-products\/"},{"@type":"ListItem","position":4,"name":"Magnetisk fiskestang &#8211; 3 meter"}]},{"@type":"WebSite","@id":"https:\/\/magnetarmagnets.com\/no\/#website","url":"https:\/\/magnetarmagnets.com\/no\/","name":"Magnet fishing with a Magnetar fishing magnet","description":"Kraftige magneter for magnetfiske","publisher":{"@id":"https:\/\/magnetarmagnets.com\/no\/#organization"},"potentialAction":[{"@type":"SearchAction","target":{"@type":"EntryPoint","urlTemplate":"https:\/\/magnetarmagnets.com\/no\/?s={search_term_string}"},"query-input":{"@type":"PropertyValueSpecification","valueRequired":true,"valueName":"search_term_string"}}],"inLanguage":"nb-NO"},{"@type":"Organization","@id":"https:\/\/magnetarmagnets.com\/no\/#organization","name":"Magnetar","url":"https:\/\/magnetarmagnets.com\/no\/","logo":{"@type":"ImageObject","inLanguage":"nb-NO","@id":"https:\/\/magnetarmagnets.com\/no\/#\/schema\/logo\/image\/","url":"https:\/\/magnetarmagnets.com\/wp-content\/uploads\/2025\/05\/Logo-03_PNG-Black-scaled.png","contentUrl":"https:\/\/magnetarmagnets.com\/wp-content\/uploads\/2025\/05\/Logo-03_PNG-Black-scaled.png","width":2560,"height":1658,"caption":"Magnetar"},"image":{"@id":"https:\/\/magnetarmagnets.com\/no\/#\/schema\/logo\/image\/"},"sameAs":["https:\/\/www.facebook.com\/fishingmagnets\/","https:\/\/www.instagram.com\/magnetar_magnets\/","https:\/\/www.linkedin.com\/company\/magnetarbv\/?originalSubdomain=nl","https:\/\/www.youtube.com\/c\/MagnetarVismagneet"]}]}},"_links":{"self":[{"href":"https:\/\/magnetarmagnets.com\/no\/wp-json\/wp\/v2\/product\/84290","targetHints":{"allow":["GET"]}}],"collection":[{"href":"https:\/\/magnetarmagnets.com\/no\/wp-json\/wp\/v2\/product"}],"about":[{"href":"https:\/\/magnetarmagnets.com\/no\/wp-json\/wp\/v2\/types\/product"}],"replies":[{"embeddable":true,"href":"https:\/\/magnetarmagnets.com\/no\/wp-json\/wp\/v2\/comments?post=84290"}],"version-history":[{"count":0,"href":"https:\/\/magnetarmagnets.com\/no\/wp-json\/wp\/v2\/product\/84290\/revisions"}],"wp:featuredmedia":[{"embeddable":true,"href":"https:\/\/magnetarmagnets.com\/no\/wp-json\/wp\/v2\/media\/78679"}],"wp:attachment":[{"href":"https:\/\/magnetarmagnets.com\/no\/wp-json\/wp\/v2\/media?parent=84290"}],"wp:term":[{"taxonomy":"product_brand","embeddable":true,"href":"https:\/\/magnetarmagnets.com\/no\/wp-json\/wp\/v2\/product_brand?post=84290"},{"taxonomy":"product_cat","embeddable":true,"href":"https:\/\/magnetarmagnets.com\/no\/wp-json\/wp\/v2\/product_cat?post=84290"},{"taxonomy":"product_tag","embeddable":true,"href":"https:\/\/magnetarmagnets.com\/no\/wp-json\/wp\/v2\/product_tag?post=84290"}],"curies":[{"name":"wp","href":"https:\/\/api.w.org\/{rel}","templated":true}]}}