{"id":84288,"date":"2025-06-05T09:53:47","date_gmt":"2025-06-05T07:53:47","guid":{"rendered":"https:\/\/magnetarmagnets.com\/?post_type=product&#038;p=84288"},"modified":"2026-04-12T01:43:16","modified_gmt":"2026-04-11T23:43:16","slug":"barnesett-110-kg-enkelsidig","status":"publish","type":"product","link":"https:\/\/magnetarmagnets.com\/no\/shop\/barnesett-110-kg-enkelsidig\/","title":{"rendered":"Barnesett &#8211; 110 kg &#8211; Enkelsidig"},"content":{"rendered":"Er barnet ditt ivrig etter \u00e5 begynne med magnetfiske? Dette barnesettet passer perfekt for dem. V\u00e5rt Barnesett inneholder en magnet som er egnet for barn opptil 10 \u00e5r. Moroa er uendelig med v\u00e5r\u00a0<a href=\"https:\/\/magnetarmagnets.com\/shop\/classic-fishing-magnet-240lb-110kg\/\"><strong>Classic Fishing Magnet 240 lb \/ 110 kg<\/strong><\/a>. Denne magneten leveres standard med beskyttende st\u00e5lhus, noe som gj\u00f8r den praktisk for yngre barn. Den perfekte vekten gj\u00f8r det mulig for de fleste barn fra 6 \u00e5r \u00e5 kaste magneten. Med pakkesalget blir det inkluderte tauet og metall-limet ekstra rimelig.\n\n<h2>Innhold i Barnesett 240 lb \/ 110 kg &#8211; enkelsidig<\/h2>\n\nClassic fiskemagnet 240 lb \/ 110 kg er et relativt rimelig alternativ for \u00e5 starte med magnetfiske. Den enkelsidige magneten har magnetisk trekk kun fra undersiden. Siden all magnetisk kraft er konsentrert i \u00e9n retning, kan denne magneten v\u00e6re ganske kraftig under riktige omstendigheter.\n\n\n\nDen magnetiske trekkraften p\u00e5 240 lb \/ 110 kg oppn\u00e5s kun under perfekte forhold. Dette skjer n\u00e5r magneten ber\u00f8rer en 2 cm tykk, uoksidert metallplate. Sjansen for at dette skjer mens du magnetfisker, er vanligvis ikke s\u00e5 stor. Vil du vite hvordan trekkraften til en fiskemagnet bestemmes? Se v\u00e5r video om <a href=\"https:\/\/www.youtube.com\/watch?v=2McW3RURDxs&amp;t=14s\"><strong>magnetisk trekkraft-test<\/strong><\/a> vi bruker.\n\n\n\nI de fleste tilfeller er Classic fiskemagnet 240 lb \/ 110 kg ikke like kraftig som de fleste av v\u00e5re andre modeller. Derfor er denne magneten perfekt for barn som fisker etter mindre gjenstander som tapte n\u00f8kler og mynter. Har du ten\u00e5ringer og \u00f8nsker en litt sterkere magnet for barna dine? Vurder v\u00e5r\u00a0<a href=\"https:\/\/magnetarmagnets.com\/shop\/starterpackage\/\"><strong>Startpakke<\/strong><\/a>!\n\n<h2>H\u00f8y kvalitet<\/h2>\n\nAlle Magnetars fiskemagneter er laget av neodymmagneter. Dette materialet sikrer en langvarig magnetisk kraft. Med riktig bruk og lagring mister disse magnetene bare \u00e9n prosent av kraften sin p\u00e5 100 \u00e5r. Derfor er vi sikre p\u00e5 at vi tilbyr de beste <a href=\"https:\/\/magnetarmagnets.com\/collections\/fishing-magnets\/\"><strong>fiskemagnetene<\/strong><\/a> p\u00e5 markedet.\n\n\n\nDe siste \u00e5rene har markedet blitt oversv\u00f8mmet med lavkvalitetsprodukter. Mange fiskemagneter fra andre selgere mister ofte kraften sin i l\u00f8pet av noen uker. Vanligvis ser vi st\u00f8rre magneter, men laget av neodymium av lavere kvalitet, markedsf\u00f8rt med villedende annonser. Slike produkter kan virke billige, men vil skuffe deg p\u00e5 lang sikt.\n\n\n\nMagnetar er en liten familiebedrift drevet av ekte magnetfiskeentusiaster. Kvalitet kommer f\u00f8rst hos oss, og det gjenspeiles i produktene v\u00e5re. Alle v\u00e5re fiskemagneter er designet internt for \u00e5 sikre produkter av h\u00f8y kvalitet. Ser du etter en p\u00e5litelig, effektiv og kvalitetsrik fiskemagnet? Velg et Magnetar!\n\n<h2>Advarsel:<\/h2>\n\nV\u00e5re neodymmagneter er sv\u00e6rt kraftige. Dette kan f\u00f8re til at andre gjenstander trekkes mot magneten med stor hastighet. Dette kan skape farlige situasjoner, da fingre kan komme i klem mellom magneten og en gjenstand. Vi anbefaler alltid \u00e5 h\u00e5ndtere disse magnetene forsiktig og understreker at du gj\u00f8r dette p\u00e5 egen risiko. Les v\u00e5re sikkerhetsadvarsler f\u00f8r bruk.\n\n\n\nIkke glem \u00e5 sjekke ut v\u00e5re <a href=\"https:\/\/magnetarmagnets.com\/\" target=\"_blank\" rel=\"noopener\">fiskemagneter til salgs<\/a> og v\u00e5re <a href=\"https:\/\/magnetarmagnets.com\/collections\/fishing-magnets\/magnet-fishing-kit\/\" target=\"_blank\" rel=\"noopener\">magnetfiske-sett<\/a>.","protected":false},"excerpt":{"rendered":"<p>Magnetfiske for <strong>barn<\/strong>? Det er mulig med <strong>barnepakken 110 kg<\/strong>. Med en <strong>enkelsidig fiskemagnet, tau og l\u00e5se-lim<\/strong> kan barn fra seks \u00e5r begynne under n\u00f8ye oppsyn av foreldre.<\/p>\n","protected":false},"featured_media":78895,"comment_status":"open","ping_status":"closed","template":"","meta":{"_acf_changed":false,"inline_featured_image":false},"product_brand":[],"product_cat":[605,602,608,614],"product_tag":[],"class_list":{"0":"post-84288","1":"product","2":"type-product","3":"status-publish","4":"has-post-thumbnail","6":"product_cat-ensidige-fiskemagneter","7":"product_cat-fiskemagneter","8":"product_cat-magnetfiske-sett","9":"product_cat-nybegynnere-og-barn","11":"first","12":"instock","13":"sale","14":"taxable","15":"shipping-taxable","16":"purchasable","17":"product-type-simple"},"acf":[],"yoast_head":"<!-- This site is optimized with the Yoast SEO plugin v27.4 - https:\/\/yoast.com\/product\/yoast-seo-wordpress\/ -->\n<title>Barnesett - 110 kg - Enkelsidig - Magnet fishing with a Magnetar fishing magnet<\/title>\n<meta name=\"description\" content=\"Barnesett - 110 kg enkelsidig - Magnetar\" \/>\n<meta name=\"robots\" content=\"index, follow, max-snippet:-1, max-image-preview:large, max-video-preview:-1\" \/>\n<link rel=\"canonical\" href=\"https:\/\/magnetarmagnets.com\/no\/shop\/barnesett-110-kg-enkelsidig\/\" \/>\n<meta property=\"og:locale\" content=\"nb_NO\" \/>\n<meta property=\"og:type\" content=\"article\" \/>\n<meta property=\"og:title\" content=\"Barnesett - 110 kg - Enkelsidig - Magnet fishing with a Magnetar fishing magnet\" \/>\n<meta property=\"og:description\" content=\"Barnesett - 110 kg enkelsidig - Magnetar\" \/>\n<meta property=\"og:url\" content=\"https:\/\/magnetarmagnets.com\/no\/shop\/barnesett-110-kg-enkelsidig\/\" \/>\n<meta property=\"og:site_name\" content=\"Magnet fishing with a Magnetar fishing magnet\" \/>\n<meta property=\"article:publisher\" content=\"https:\/\/www.facebook.com\/fishingmagnets\/\" \/>\n<meta property=\"article:modified_time\" content=\"2026-04-11T23:43:16+00:00\" \/>\n<meta property=\"og:image\" content=\"https:\/\/magnetarmagnets.com\/wp-content\/uploads\/2021\/10\/MAGNETAR-KINDER-SET-GOOGLE.jpg\" \/>\n\t<meta property=\"og:image:width\" content=\"1500\" \/>\n\t<meta property=\"og:image:height\" content=\"1500\" \/>\n\t<meta property=\"og:image:type\" content=\"image\/jpeg\" \/>\n<meta name=\"twitter:card\" content=\"summary_large_image\" \/>\n<meta name=\"twitter:label1\" content=\"Ansl. lesetid\" \/>\n\t<meta name=\"twitter:data1\" content=\"3 minutter\" \/>\n<script type=\"application\/ld+json\" class=\"yoast-schema-graph\">{\"@context\":\"https:\\\/\\\/schema.org\",\"@graph\":[{\"@type\":[\"WebPage\",\"ItemPage\"],\"@id\":\"https:\\\/\\\/magnetarmagnets.com\\\/no\\\/shop\\\/barnesett-110-kg-enkelsidig\\\/\",\"url\":\"https:\\\/\\\/magnetarmagnets.com\\\/no\\\/shop\\\/barnesett-110-kg-enkelsidig\\\/\",\"name\":\"Barnesett - 110 kg - Enkelsidig - Magnet fishing with a Magnetar fishing magnet\",\"isPartOf\":{\"@id\":\"https:\\\/\\\/magnetarmagnets.com\\\/no\\\/#website\"},\"primaryImageOfPage\":{\"@id\":\"https:\\\/\\\/magnetarmagnets.com\\\/no\\\/shop\\\/barnesett-110-kg-enkelsidig\\\/#primaryimage\"},\"image\":{\"@id\":\"https:\\\/\\\/magnetarmagnets.com\\\/no\\\/shop\\\/barnesett-110-kg-enkelsidig\\\/#primaryimage\"},\"thumbnailUrl\":\"https:\\\/\\\/magnetarmagnets.com\\\/wp-content\\\/uploads\\\/2021\\\/10\\\/MAGNETAR-KINDER-SET-GOOGLE.jpg\",\"datePublished\":\"2025-06-05T07:53:47+00:00\",\"dateModified\":\"2026-04-11T23:43:16+00:00\",\"description\":\"Barnesett - 110 kg enkelsidig - Magnetar\",\"breadcrumb\":{\"@id\":\"https:\\\/\\\/magnetarmagnets.com\\\/no\\\/shop\\\/barnesett-110-kg-enkelsidig\\\/#breadcrumb\"},\"inLanguage\":\"nb-NO\",\"potentialAction\":[{\"@type\":\"ReadAction\",\"target\":[\"https:\\\/\\\/magnetarmagnets.com\\\/no\\\/shop\\\/barnesett-110-kg-enkelsidig\\\/\"]}]},{\"@type\":\"ImageObject\",\"inLanguage\":\"nb-NO\",\"@id\":\"https:\\\/\\\/magnetarmagnets.com\\\/no\\\/shop\\\/barnesett-110-kg-enkelsidig\\\/#primaryimage\",\"url\":\"https:\\\/\\\/magnetarmagnets.com\\\/wp-content\\\/uploads\\\/2021\\\/10\\\/MAGNETAR-KINDER-SET-GOOGLE.jpg\",\"contentUrl\":\"https:\\\/\\\/magnetarmagnets.com\\\/wp-content\\\/uploads\\\/2021\\\/10\\\/MAGNETAR-KINDER-SET-GOOGLE.jpg\",\"width\":1500,\"height\":1500,\"caption\":\"MAGNETAR-KINDER-SET\"},{\"@type\":\"BreadcrumbList\",\"@id\":\"https:\\\/\\\/magnetarmagnets.com\\\/no\\\/shop\\\/barnesett-110-kg-enkelsidig\\\/#breadcrumb\",\"itemListElement\":[{\"@type\":\"ListItem\",\"position\":1,\"name\":\"Home\",\"item\":\"https:\\\/\\\/magnetarmagnets.com\\\/no\\\/\"},{\"@type\":\"ListItem\",\"position\":2,\"name\":\"Butikk\",\"item\":\"https:\\\/\\\/magnetarmagnets.com\\\/butikk\\\/\"},{\"@type\":\"ListItem\",\"position\":3,\"name\":\"Fiskemagneter\",\"item\":\"https:\\\/\\\/magnetarmagnets.com\\\/no\\\/collections\\\/fiskemagneter\\\/\"},{\"@type\":\"ListItem\",\"position\":4,\"name\":\"Magnetfiske-sett\",\"item\":\"https:\\\/\\\/magnetarmagnets.com\\\/no\\\/collections\\\/fiskemagneter\\\/magnetfiske-sett\\\/\"},{\"@type\":\"ListItem\",\"position\":5,\"name\":\"Barnesett &#8211; 110 kg &#8211; Enkelsidig\"}]},{\"@type\":\"WebSite\",\"@id\":\"https:\\\/\\\/magnetarmagnets.com\\\/no\\\/#website\",\"url\":\"https:\\\/\\\/magnetarmagnets.com\\\/no\\\/\",\"name\":\"Magnet fishing with a Magnetar fishing magnet\",\"description\":\"Kraftige magneter for magnetfiske\",\"publisher\":{\"@id\":\"https:\\\/\\\/magnetarmagnets.com\\\/no\\\/#organization\"},\"potentialAction\":[{\"@type\":\"SearchAction\",\"target\":{\"@type\":\"EntryPoint\",\"urlTemplate\":\"https:\\\/\\\/magnetarmagnets.com\\\/no\\\/?s={search_term_string}\"},\"query-input\":{\"@type\":\"PropertyValueSpecification\",\"valueRequired\":true,\"valueName\":\"search_term_string\"}}],\"inLanguage\":\"nb-NO\"},{\"@type\":\"Organization\",\"@id\":\"https:\\\/\\\/magnetarmagnets.com\\\/no\\\/#organization\",\"name\":\"Magnetar\",\"url\":\"https:\\\/\\\/magnetarmagnets.com\\\/no\\\/\",\"logo\":{\"@type\":\"ImageObject\",\"inLanguage\":\"nb-NO\",\"@id\":\"https:\\\/\\\/magnetarmagnets.com\\\/no\\\/#\\\/schema\\\/logo\\\/image\\\/\",\"url\":\"https:\\\/\\\/magnetarmagnets.com\\\/wp-content\\\/uploads\\\/2025\\\/05\\\/Logo-03_PNG-Black-scaled.png\",\"contentUrl\":\"https:\\\/\\\/magnetarmagnets.com\\\/wp-content\\\/uploads\\\/2025\\\/05\\\/Logo-03_PNG-Black-scaled.png\",\"width\":2560,\"height\":1658,\"caption\":\"Magnetar\"},\"image\":{\"@id\":\"https:\\\/\\\/magnetarmagnets.com\\\/no\\\/#\\\/schema\\\/logo\\\/image\\\/\"},\"sameAs\":[\"https:\\\/\\\/www.facebook.com\\\/fishingmagnets\\\/\",\"https:\\\/\\\/www.instagram.com\\\/magnetar_magnets\\\/\",\"https:\\\/\\\/www.linkedin.com\\\/company\\\/magnetarbv\\\/?originalSubdomain=nl\",\"https:\\\/\\\/www.youtube.com\\\/c\\\/MagnetarVismagneet\"]}]}<\/script>\n<!-- \/ Yoast SEO plugin. -->","yoast_head_json":{"title":"Barnesett - 110 kg - Enkelsidig - Magnet fishing with a Magnetar fishing magnet","description":"Barnesett - 110 kg enkelsidig - Magnetar","robots":{"index":"index","follow":"follow","max-snippet":"max-snippet:-1","max-image-preview":"max-image-preview:large","max-video-preview":"max-video-preview:-1"},"canonical":"https:\/\/magnetarmagnets.com\/no\/shop\/barnesett-110-kg-enkelsidig\/","og_locale":"nb_NO","og_type":"article","og_title":"Barnesett - 110 kg - Enkelsidig - Magnet fishing with a Magnetar fishing magnet","og_description":"Barnesett - 110 kg enkelsidig - Magnetar","og_url":"https:\/\/magnetarmagnets.com\/no\/shop\/barnesett-110-kg-enkelsidig\/","og_site_name":"Magnet fishing with a Magnetar fishing magnet","article_publisher":"https:\/\/www.facebook.com\/fishingmagnets\/","article_modified_time":"2026-04-11T23:43:16+00:00","og_image":[{"width":1500,"height":1500,"url":"https:\/\/magnetarmagnets.com\/wp-content\/uploads\/2021\/10\/MAGNETAR-KINDER-SET-GOOGLE.jpg","type":"image\/jpeg"}],"twitter_card":"summary_large_image","twitter_misc":{"Ansl. lesetid":"3 minutter"},"schema":{"@context":"https:\/\/schema.org","@graph":[{"@type":["WebPage","ItemPage"],"@id":"https:\/\/magnetarmagnets.com\/no\/shop\/barnesett-110-kg-enkelsidig\/","url":"https:\/\/magnetarmagnets.com\/no\/shop\/barnesett-110-kg-enkelsidig\/","name":"Barnesett - 110 kg - Enkelsidig - Magnet fishing with a Magnetar fishing magnet","isPartOf":{"@id":"https:\/\/magnetarmagnets.com\/no\/#website"},"primaryImageOfPage":{"@id":"https:\/\/magnetarmagnets.com\/no\/shop\/barnesett-110-kg-enkelsidig\/#primaryimage"},"image":{"@id":"https:\/\/magnetarmagnets.com\/no\/shop\/barnesett-110-kg-enkelsidig\/#primaryimage"},"thumbnailUrl":"https:\/\/magnetarmagnets.com\/wp-content\/uploads\/2021\/10\/MAGNETAR-KINDER-SET-GOOGLE.jpg","datePublished":"2025-06-05T07:53:47+00:00","dateModified":"2026-04-11T23:43:16+00:00","description":"Barnesett - 110 kg enkelsidig - Magnetar","breadcrumb":{"@id":"https:\/\/magnetarmagnets.com\/no\/shop\/barnesett-110-kg-enkelsidig\/#breadcrumb"},"inLanguage":"nb-NO","potentialAction":[{"@type":"ReadAction","target":["https:\/\/magnetarmagnets.com\/no\/shop\/barnesett-110-kg-enkelsidig\/"]}]},{"@type":"ImageObject","inLanguage":"nb-NO","@id":"https:\/\/magnetarmagnets.com\/no\/shop\/barnesett-110-kg-enkelsidig\/#primaryimage","url":"https:\/\/magnetarmagnets.com\/wp-content\/uploads\/2021\/10\/MAGNETAR-KINDER-SET-GOOGLE.jpg","contentUrl":"https:\/\/magnetarmagnets.com\/wp-content\/uploads\/2021\/10\/MAGNETAR-KINDER-SET-GOOGLE.jpg","width":1500,"height":1500,"caption":"MAGNETAR-KINDER-SET"},{"@type":"BreadcrumbList","@id":"https:\/\/magnetarmagnets.com\/no\/shop\/barnesett-110-kg-enkelsidig\/#breadcrumb","itemListElement":[{"@type":"ListItem","position":1,"name":"Home","item":"https:\/\/magnetarmagnets.com\/no\/"},{"@type":"ListItem","position":2,"name":"Butikk","item":"https:\/\/magnetarmagnets.com\/butikk\/"},{"@type":"ListItem","position":3,"name":"Fiskemagneter","item":"https:\/\/magnetarmagnets.com\/no\/collections\/fiskemagneter\/"},{"@type":"ListItem","position":4,"name":"Magnetfiske-sett","item":"https:\/\/magnetarmagnets.com\/no\/collections\/fiskemagneter\/magnetfiske-sett\/"},{"@type":"ListItem","position":5,"name":"Barnesett &#8211; 110 kg &#8211; Enkelsidig"}]},{"@type":"WebSite","@id":"https:\/\/magnetarmagnets.com\/no\/#website","url":"https:\/\/magnetarmagnets.com\/no\/","name":"Magnet fishing with a Magnetar fishing magnet","description":"Kraftige magneter for magnetfiske","publisher":{"@id":"https:\/\/magnetarmagnets.com\/no\/#organization"},"potentialAction":[{"@type":"SearchAction","target":{"@type":"EntryPoint","urlTemplate":"https:\/\/magnetarmagnets.com\/no\/?s={search_term_string}"},"query-input":{"@type":"PropertyValueSpecification","valueRequired":true,"valueName":"search_term_string"}}],"inLanguage":"nb-NO"},{"@type":"Organization","@id":"https:\/\/magnetarmagnets.com\/no\/#organization","name":"Magnetar","url":"https:\/\/magnetarmagnets.com\/no\/","logo":{"@type":"ImageObject","inLanguage":"nb-NO","@id":"https:\/\/magnetarmagnets.com\/no\/#\/schema\/logo\/image\/","url":"https:\/\/magnetarmagnets.com\/wp-content\/uploads\/2025\/05\/Logo-03_PNG-Black-scaled.png","contentUrl":"https:\/\/magnetarmagnets.com\/wp-content\/uploads\/2025\/05\/Logo-03_PNG-Black-scaled.png","width":2560,"height":1658,"caption":"Magnetar"},"image":{"@id":"https:\/\/magnetarmagnets.com\/no\/#\/schema\/logo\/image\/"},"sameAs":["https:\/\/www.facebook.com\/fishingmagnets\/","https:\/\/www.instagram.com\/magnetar_magnets\/","https:\/\/www.linkedin.com\/company\/magnetarbv\/?originalSubdomain=nl","https:\/\/www.youtube.com\/c\/MagnetarVismagneet"]}]}},"_links":{"self":[{"href":"https:\/\/magnetarmagnets.com\/no\/wp-json\/wp\/v2\/product\/84288","targetHints":{"allow":["GET"]}}],"collection":[{"href":"https:\/\/magnetarmagnets.com\/no\/wp-json\/wp\/v2\/product"}],"about":[{"href":"https:\/\/magnetarmagnets.com\/no\/wp-json\/wp\/v2\/types\/product"}],"replies":[{"embeddable":true,"href":"https:\/\/magnetarmagnets.com\/no\/wp-json\/wp\/v2\/comments?post=84288"}],"version-history":[{"count":0,"href":"https:\/\/magnetarmagnets.com\/no\/wp-json\/wp\/v2\/product\/84288\/revisions"}],"wp:featuredmedia":[{"embeddable":true,"href":"https:\/\/magnetarmagnets.com\/no\/wp-json\/wp\/v2\/media\/78895"}],"wp:attachment":[{"href":"https:\/\/magnetarmagnets.com\/no\/wp-json\/wp\/v2\/media?parent=84288"}],"wp:term":[{"taxonomy":"product_brand","embeddable":true,"href":"https:\/\/magnetarmagnets.com\/no\/wp-json\/wp\/v2\/product_brand?post=84288"},{"taxonomy":"product_cat","embeddable":true,"href":"https:\/\/magnetarmagnets.com\/no\/wp-json\/wp\/v2\/product_cat?post=84288"},{"taxonomy":"product_tag","embeddable":true,"href":"https:\/\/magnetarmagnets.com\/no\/wp-json\/wp\/v2\/product_tag?post=84288"}],"curies":[{"name":"wp","href":"https:\/\/api.w.org\/{rel}","templated":true}]}}