{"id":84287,"date":"2025-06-05T09:53:48","date_gmt":"2025-06-05T07:53:48","guid":{"rendered":"https:\/\/magnetarmagnets.com\/?post_type=product&#038;p=84287"},"modified":"2026-04-03T06:22:59","modified_gmt":"2026-04-03T04:22:59","slug":"magnetisk-kost","status":"publish","type":"product","link":"https:\/\/magnetarmagnets.com\/no\/shop\/magnetisk-kost\/","title":{"rendered":"Magnetisk kost"},"content":{"rendered":"<h2>Magnet p\u00e5 hjul<\/h2>\r\nDenne magneten p\u00e5 hjul er uunnv\u00e6rlig i alle verksteder! Plukk enkelt opp bolter, muttere og spiker uten \u00e5 anstrenge ryggen. Fjern jern og andre metaller fra arbeidsplassen, fortauet, gresset og parkeringsplassen p\u00e5 kort tid.\r\n\r\nDen hendige magnetkosten med hjul er utstyrt med en permanent magnet. P\u00e5 denne m\u00e5ten kan du straks begynne \u00e5 plukke opp magnetiske objekter. Den magnetiske kosten har hjul og et uttrekkbart h\u00e5ndtak, noe som gj\u00f8r kostingen s\u00e5 smidig som mulig.\r\n<h2>Magnetkost for alle verksteder<\/h2>\r\nDen magnetiske kosten plukker enkelt opp s\u00f8ppel fra bakken som skruer, spiker, slipest\u00f8v, spon, \u00f8lkapsler og holder dem fast i rustfritt st\u00e5lb\u00f8tte. N\u00e5r du er ferdig, kan du dra opp magneten med et h\u00e5ndtak. P\u00e5 denne m\u00e5ten slipper den magnetiske kosten alt p\u00e5 \u00f8nsket sted.\r\n<h2>Magnet for handy mennesker<\/h2>\r\nDen magnetiske kosten er et ideelt verkt\u00f8y for \u00e5 rydde opp verkstedet, idrettsbanen, lageromr\u00e5der og parkeringsplasser for u\u00f8nsket magnetisk materiale. En magnet som alle handy mennesker trenger!\r\n\r\n<strong>Bredde p\u00e5 magneten p\u00e5 hjul:<\/strong>\r\n\r\n<a href=\"https:\/\/magnetarmagnets.com\/?post_type=product&amp;p=52751&amp;preview=true\">45 cm \/ 18 tommer<\/a> ,\u00a0 \u00a0<a href=\"https:\/\/magnetarmagnets.com\/shop\/magnet-on-wheels-short\/\">60 cm \/ 24 tommer<\/a> eller <a href=\"https:\/\/magnetarmagnets.com\/shop\/magnet-on-wheels-long\/\">90 cm \/ 36 tommer<\/a>\r\n<h2>Andre magneter for handy mennesker<\/h2>\r\nTa en titt p\u00e5 v\u00e5r <a href=\"https:\/\/magnetarmagnets.com\/shop\/magnetic-tool-holder\/\">Magnetiske verkt\u00f8yholder<\/a>! Disse multifunksjonelle hengende krokene er praktiske og allsidige. Du kan bruke dem til nesten hva som helst. For eksempel kan du henge alt laget av jern p\u00e5 magnetene. Tenk p\u00e5 verkt\u00f8y, hageverkt\u00f8y, panner, spiker.. Magnetene med krok har en trekkraft p\u00e5 25 kg! Disse Neodym-magnetene har magnetiseringsgrad N50, som gj\u00f8r dem enda kraftigere enn f\u00f8r.","protected":false},"excerpt":{"rendered":"<p><span style=\"font-weight: 400;\">Den magnetiske kosten er et <strong>ideelt verkt\u00f8y<\/strong> for <strong>\u00e5 rydde opp i verkstedet, idrettsbanen, lageromr\u00e5der og parkeringsplasser<\/strong> for u\u00f8nsket magnetisk materiale.<\/span><\/p>\n","protected":false},"featured_media":64719,"comment_status":"open","ping_status":"closed","template":"","meta":{"_acf_changed":false,"inline_featured_image":false},"product_brand":[],"product_cat":[617,272,613,258,268,609,167],"product_tag":[],"class_list":{"0":"post-84287","1":"product","2":"type-product","3":"status-publish","4":"has-post-thumbnail","6":"product_cat-annet","7":"product_cat-magnetiska-tillbehor","8":"product_cat-magnetiske-tilbehor","9":"product_cat-ovrigt-tillbehor","10":"product_cat-utrustning","11":"product_cat-utstyr","12":"product_cat-okategoriserad","14":"first","15":"outofstock","16":"taxable","17":"shipping-taxable","18":"product-type-variable"},"acf":[],"yoast_head":"<!-- This site is optimized with the Yoast SEO plugin v27.3 - https:\/\/yoast.com\/product\/yoast-seo-wordpress\/ -->\n<title>Magnetisk kost - Magnet fishing with a Magnetar fishing magnet<\/title>\n<meta name=\"description\" content=\"Magnetkost - Essensielt rengj\u00f8ringsverkt\u00f8y fra Magnetar\" \/>\n<meta name=\"robots\" content=\"index, follow, max-snippet:-1, max-image-preview:large, max-video-preview:-1\" \/>\n<link rel=\"canonical\" href=\"https:\/\/magnetarmagnets.com\/no\/shop\/magnetisk-kost\/\" \/>\n<meta property=\"og:locale\" content=\"nb_NO\" \/>\n<meta property=\"og:type\" content=\"article\" \/>\n<meta property=\"og:title\" content=\"Magnetisk kost - Magnet fishing with a Magnetar fishing magnet\" \/>\n<meta property=\"og:description\" content=\"Magnetkost - Essensielt rengj\u00f8ringsverkt\u00f8y fra Magnetar\" \/>\n<meta property=\"og:url\" content=\"https:\/\/magnetarmagnets.com\/no\/shop\/magnetisk-kost\/\" \/>\n<meta property=\"og:site_name\" content=\"Magnet fishing with a Magnetar fishing magnet\" \/>\n<meta property=\"article:publisher\" content=\"https:\/\/www.facebook.com\/fishingmagnets\/\" \/>\n<meta property=\"article:modified_time\" content=\"2026-04-03T04:22:59+00:00\" \/>\n<meta property=\"og:image\" content=\"https:\/\/magnetarmagnets.com\/wp-content\/uploads\/2020\/10\/FOTO3200.jpg\" \/>\n\t<meta property=\"og:image:width\" content=\"1000\" \/>\n\t<meta property=\"og:image:height\" content=\"1000\" \/>\n\t<meta property=\"og:image:type\" content=\"image\/jpeg\" \/>\n<meta name=\"twitter:card\" content=\"summary_large_image\" \/>\n<meta name=\"twitter:label1\" content=\"Ansl. lesetid\" \/>\n\t<meta name=\"twitter:data1\" content=\"2 minutter\" \/>\n<script type=\"application\/ld+json\" class=\"yoast-schema-graph\">{\"@context\":\"https:\\\/\\\/schema.org\",\"@graph\":[{\"@type\":[\"WebPage\",\"ItemPage\"],\"@id\":\"https:\\\/\\\/magnetarmagnets.com\\\/no\\\/shop\\\/magnetisk-kost\\\/\",\"url\":\"https:\\\/\\\/magnetarmagnets.com\\\/no\\\/shop\\\/magnetisk-kost\\\/\",\"name\":\"Magnetisk kost - Magnet fishing with a Magnetar fishing magnet\",\"isPartOf\":{\"@id\":\"https:\\\/\\\/magnetarmagnets.com\\\/no\\\/#website\"},\"primaryImageOfPage\":{\"@id\":\"https:\\\/\\\/magnetarmagnets.com\\\/no\\\/shop\\\/magnetisk-kost\\\/#primaryimage\"},\"image\":{\"@id\":\"https:\\\/\\\/magnetarmagnets.com\\\/no\\\/shop\\\/magnetisk-kost\\\/#primaryimage\"},\"thumbnailUrl\":\"https:\\\/\\\/magnetarmagnets.com\\\/wp-content\\\/uploads\\\/2020\\\/10\\\/FOTO3200.jpg\",\"datePublished\":\"2025-06-05T07:53:48+00:00\",\"dateModified\":\"2026-04-03T04:22:59+00:00\",\"description\":\"Magnetkost - Essensielt rengj\u00f8ringsverkt\u00f8y fra Magnetar\",\"breadcrumb\":{\"@id\":\"https:\\\/\\\/magnetarmagnets.com\\\/no\\\/shop\\\/magnetisk-kost\\\/#breadcrumb\"},\"inLanguage\":\"nb-NO\",\"potentialAction\":[{\"@type\":\"ReadAction\",\"target\":[\"https:\\\/\\\/magnetarmagnets.com\\\/no\\\/shop\\\/magnetisk-kost\\\/\"]}]},{\"@type\":\"ImageObject\",\"inLanguage\":\"nb-NO\",\"@id\":\"https:\\\/\\\/magnetarmagnets.com\\\/no\\\/shop\\\/magnetisk-kost\\\/#primaryimage\",\"url\":\"https:\\\/\\\/magnetarmagnets.com\\\/wp-content\\\/uploads\\\/2020\\\/10\\\/FOTO3200.jpg\",\"contentUrl\":\"https:\\\/\\\/magnetarmagnets.com\\\/wp-content\\\/uploads\\\/2020\\\/10\\\/FOTO3200.jpg\",\"width\":1000,\"height\":1000},{\"@type\":\"BreadcrumbList\",\"@id\":\"https:\\\/\\\/magnetarmagnets.com\\\/no\\\/shop\\\/magnetisk-kost\\\/#breadcrumb\",\"itemListElement\":[{\"@type\":\"ListItem\",\"position\":1,\"name\":\"Home\",\"item\":\"https:\\\/\\\/magnetarmagnets.com\\\/no\\\/\"},{\"@type\":\"ListItem\",\"position\":2,\"name\":\"Butikk\",\"item\":\"https:\\\/\\\/magnetarmagnets.com\\\/butikk\\\/\"},{\"@type\":\"ListItem\",\"position\":3,\"name\":\"Annet\",\"item\":\"https:\\\/\\\/magnetarmagnets.com\\\/no\\\/collections\\\/annet\\\/\"},{\"@type\":\"ListItem\",\"position\":4,\"name\":\"Magnetisk kost\"}]},{\"@type\":\"WebSite\",\"@id\":\"https:\\\/\\\/magnetarmagnets.com\\\/no\\\/#website\",\"url\":\"https:\\\/\\\/magnetarmagnets.com\\\/no\\\/\",\"name\":\"Magnet fishing with a Magnetar fishing magnet\",\"description\":\"Kraftige magneter for magnetfiske\",\"publisher\":{\"@id\":\"https:\\\/\\\/magnetarmagnets.com\\\/no\\\/#organization\"},\"potentialAction\":[{\"@type\":\"SearchAction\",\"target\":{\"@type\":\"EntryPoint\",\"urlTemplate\":\"https:\\\/\\\/magnetarmagnets.com\\\/no\\\/?s={search_term_string}\"},\"query-input\":{\"@type\":\"PropertyValueSpecification\",\"valueRequired\":true,\"valueName\":\"search_term_string\"}}],\"inLanguage\":\"nb-NO\"},{\"@type\":\"Organization\",\"@id\":\"https:\\\/\\\/magnetarmagnets.com\\\/no\\\/#organization\",\"name\":\"Magnetar\",\"url\":\"https:\\\/\\\/magnetarmagnets.com\\\/no\\\/\",\"logo\":{\"@type\":\"ImageObject\",\"inLanguage\":\"nb-NO\",\"@id\":\"https:\\\/\\\/magnetarmagnets.com\\\/no\\\/#\\\/schema\\\/logo\\\/image\\\/\",\"url\":\"https:\\\/\\\/magnetarmagnets.com\\\/wp-content\\\/uploads\\\/2025\\\/05\\\/Logo-03_PNG-Black-scaled.png\",\"contentUrl\":\"https:\\\/\\\/magnetarmagnets.com\\\/wp-content\\\/uploads\\\/2025\\\/05\\\/Logo-03_PNG-Black-scaled.png\",\"width\":2560,\"height\":1658,\"caption\":\"Magnetar\"},\"image\":{\"@id\":\"https:\\\/\\\/magnetarmagnets.com\\\/no\\\/#\\\/schema\\\/logo\\\/image\\\/\"},\"sameAs\":[\"https:\\\/\\\/www.facebook.com\\\/fishingmagnets\\\/\",\"https:\\\/\\\/www.instagram.com\\\/magnetar_magnets\\\/\",\"https:\\\/\\\/www.linkedin.com\\\/company\\\/magnetarbv\\\/?originalSubdomain=nl\",\"https:\\\/\\\/www.youtube.com\\\/c\\\/MagnetarVismagneet\"]}]}<\/script>\n<!-- \/ Yoast SEO plugin. -->","yoast_head_json":{"title":"Magnetisk kost - Magnet fishing with a Magnetar fishing magnet","description":"Magnetkost - Essensielt rengj\u00f8ringsverkt\u00f8y fra Magnetar","robots":{"index":"index","follow":"follow","max-snippet":"max-snippet:-1","max-image-preview":"max-image-preview:large","max-video-preview":"max-video-preview:-1"},"canonical":"https:\/\/magnetarmagnets.com\/no\/shop\/magnetisk-kost\/","og_locale":"nb_NO","og_type":"article","og_title":"Magnetisk kost - Magnet fishing with a Magnetar fishing magnet","og_description":"Magnetkost - Essensielt rengj\u00f8ringsverkt\u00f8y fra Magnetar","og_url":"https:\/\/magnetarmagnets.com\/no\/shop\/magnetisk-kost\/","og_site_name":"Magnet fishing with a Magnetar fishing magnet","article_publisher":"https:\/\/www.facebook.com\/fishingmagnets\/","article_modified_time":"2026-04-03T04:22:59+00:00","og_image":[{"width":1000,"height":1000,"url":"https:\/\/magnetarmagnets.com\/wp-content\/uploads\/2020\/10\/FOTO3200.jpg","type":"image\/jpeg"}],"twitter_card":"summary_large_image","twitter_misc":{"Ansl. lesetid":"2 minutter"},"schema":{"@context":"https:\/\/schema.org","@graph":[{"@type":["WebPage","ItemPage"],"@id":"https:\/\/magnetarmagnets.com\/no\/shop\/magnetisk-kost\/","url":"https:\/\/magnetarmagnets.com\/no\/shop\/magnetisk-kost\/","name":"Magnetisk kost - Magnet fishing with a Magnetar fishing magnet","isPartOf":{"@id":"https:\/\/magnetarmagnets.com\/no\/#website"},"primaryImageOfPage":{"@id":"https:\/\/magnetarmagnets.com\/no\/shop\/magnetisk-kost\/#primaryimage"},"image":{"@id":"https:\/\/magnetarmagnets.com\/no\/shop\/magnetisk-kost\/#primaryimage"},"thumbnailUrl":"https:\/\/magnetarmagnets.com\/wp-content\/uploads\/2020\/10\/FOTO3200.jpg","datePublished":"2025-06-05T07:53:48+00:00","dateModified":"2026-04-03T04:22:59+00:00","description":"Magnetkost - Essensielt rengj\u00f8ringsverkt\u00f8y fra Magnetar","breadcrumb":{"@id":"https:\/\/magnetarmagnets.com\/no\/shop\/magnetisk-kost\/#breadcrumb"},"inLanguage":"nb-NO","potentialAction":[{"@type":"ReadAction","target":["https:\/\/magnetarmagnets.com\/no\/shop\/magnetisk-kost\/"]}]},{"@type":"ImageObject","inLanguage":"nb-NO","@id":"https:\/\/magnetarmagnets.com\/no\/shop\/magnetisk-kost\/#primaryimage","url":"https:\/\/magnetarmagnets.com\/wp-content\/uploads\/2020\/10\/FOTO3200.jpg","contentUrl":"https:\/\/magnetarmagnets.com\/wp-content\/uploads\/2020\/10\/FOTO3200.jpg","width":1000,"height":1000},{"@type":"BreadcrumbList","@id":"https:\/\/magnetarmagnets.com\/no\/shop\/magnetisk-kost\/#breadcrumb","itemListElement":[{"@type":"ListItem","position":1,"name":"Home","item":"https:\/\/magnetarmagnets.com\/no\/"},{"@type":"ListItem","position":2,"name":"Butikk","item":"https:\/\/magnetarmagnets.com\/butikk\/"},{"@type":"ListItem","position":3,"name":"Annet","item":"https:\/\/magnetarmagnets.com\/no\/collections\/annet\/"},{"@type":"ListItem","position":4,"name":"Magnetisk kost"}]},{"@type":"WebSite","@id":"https:\/\/magnetarmagnets.com\/no\/#website","url":"https:\/\/magnetarmagnets.com\/no\/","name":"Magnet fishing with a Magnetar fishing magnet","description":"Kraftige magneter for magnetfiske","publisher":{"@id":"https:\/\/magnetarmagnets.com\/no\/#organization"},"potentialAction":[{"@type":"SearchAction","target":{"@type":"EntryPoint","urlTemplate":"https:\/\/magnetarmagnets.com\/no\/?s={search_term_string}"},"query-input":{"@type":"PropertyValueSpecification","valueRequired":true,"valueName":"search_term_string"}}],"inLanguage":"nb-NO"},{"@type":"Organization","@id":"https:\/\/magnetarmagnets.com\/no\/#organization","name":"Magnetar","url":"https:\/\/magnetarmagnets.com\/no\/","logo":{"@type":"ImageObject","inLanguage":"nb-NO","@id":"https:\/\/magnetarmagnets.com\/no\/#\/schema\/logo\/image\/","url":"https:\/\/magnetarmagnets.com\/wp-content\/uploads\/2025\/05\/Logo-03_PNG-Black-scaled.png","contentUrl":"https:\/\/magnetarmagnets.com\/wp-content\/uploads\/2025\/05\/Logo-03_PNG-Black-scaled.png","width":2560,"height":1658,"caption":"Magnetar"},"image":{"@id":"https:\/\/magnetarmagnets.com\/no\/#\/schema\/logo\/image\/"},"sameAs":["https:\/\/www.facebook.com\/fishingmagnets\/","https:\/\/www.instagram.com\/magnetar_magnets\/","https:\/\/www.linkedin.com\/company\/magnetarbv\/?originalSubdomain=nl","https:\/\/www.youtube.com\/c\/MagnetarVismagneet"]}]}},"_links":{"self":[{"href":"https:\/\/magnetarmagnets.com\/no\/wp-json\/wp\/v2\/product\/84287","targetHints":{"allow":["GET"]}}],"collection":[{"href":"https:\/\/magnetarmagnets.com\/no\/wp-json\/wp\/v2\/product"}],"about":[{"href":"https:\/\/magnetarmagnets.com\/no\/wp-json\/wp\/v2\/types\/product"}],"replies":[{"embeddable":true,"href":"https:\/\/magnetarmagnets.com\/no\/wp-json\/wp\/v2\/comments?post=84287"}],"version-history":[{"count":0,"href":"https:\/\/magnetarmagnets.com\/no\/wp-json\/wp\/v2\/product\/84287\/revisions"}],"wp:featuredmedia":[{"embeddable":true,"href":"https:\/\/magnetarmagnets.com\/no\/wp-json\/wp\/v2\/media\/64719"}],"wp:attachment":[{"href":"https:\/\/magnetarmagnets.com\/no\/wp-json\/wp\/v2\/media?parent=84287"}],"wp:term":[{"taxonomy":"product_brand","embeddable":true,"href":"https:\/\/magnetarmagnets.com\/no\/wp-json\/wp\/v2\/product_brand?post=84287"},{"taxonomy":"product_cat","embeddable":true,"href":"https:\/\/magnetarmagnets.com\/no\/wp-json\/wp\/v2\/product_cat?post=84287"},{"taxonomy":"product_tag","embeddable":true,"href":"https:\/\/magnetarmagnets.com\/no\/wp-json\/wp\/v2\/product_tag?post=84287"}],"curies":[{"name":"wp","href":"https:\/\/api.w.org\/{rel}","templated":true}]}}