{"id":84274,"date":"2025-06-05T09:54:13","date_gmt":"2025-06-05T07:54:13","guid":{"rendered":"https:\/\/magnetarmagnets.com\/?post_type=product&#038;p=84274"},"modified":"2026-04-04T20:24:22","modified_gmt":"2026-04-04T18:24:22","slug":"bulldog-500-dobbeltsidig-500-kg","status":"publish","type":"product","link":"https:\/\/magnetarmagnets.com\/no\/shop\/bulldog-500-dobbeltsidig-500-kg\/","title":{"rendered":"Bulldog 500 &#8211; dobbeltsidig &#8211; 500 kg"},"content":{"rendered":"<span style=\"font-weight: 400;\">Magnetar <\/span>Bulldog 500<span style=\"font-weight: 400;\"> er lillebroren til Magnetar <\/span>Bulldog 800<span style=\"font-weight: 400;\"> dobbeltsidig fiskemagnet. V\u00e5r Bulldog-magnet til magnetfiske tiltrekker alle objekter som er i vannet. Dette skyldes den samlede magnetiske kraften p\u00e5 500 kg. Den magnetiske kraften er fordelt over to magneter med en trekkraft p\u00e5 550lb\/250kg hver: s\u00e5 du fisker alltid med en magnetisk trekkraft p\u00e5 550lb\/250kg p\u00e5 hver side. Dette \u00f8ker sjansen for \u00e5 finne gjenstander fordi det magnetiske feltet \u00f8kes. Bulldog har magnetkraftig dobbeltsidig trekkraft med beskyttende ringhylse som beskytter magneten. Ser du etter en kraftigere dobbeltsidig fiskemagnet? Sjekk ut v\u00e5r <\/span><a href=\"https:\/\/magnetarmagnets.com\/shop\/bulldog-800-double-sided\/\" target=\"_blank\" rel=\"noopener noreferrer\"><span style=\"font-weight: 400;\">Bulldog 800<\/span><\/a><span style=\"font-weight: 400;\"> her.\u00a0<\/span>\n\n<h2><strong>Den dobbeltsidige Bulldog 500<\/strong><\/h2>\n\n<span style=\"font-weight: 400;\">V\u00e5r Bulldog-magnet til magnetfiske tiltrekker alle objekter som er i vannet. Dette skyldes den samlede magnetiske kraften p\u00e5 500 kg. Den magnetiske kraften er fordelt over to magneter med en trekkraft p\u00e5 250 kg hver. Den lovede trekkraften p\u00e5 250 kg oppn\u00e5s kun under perfekte forhold. Disse er: flat metallflate med 2 cm tykkelse, ingen rust og ingen hindringer mellom magneten og metallet. Under disse forholdene kan du trekke 250 kg rett opp.<\/span>\n\n<span style=\"font-weight: 400;\">Forskjellen mellom <a href=\"https:\/\/magnetarmagnets.com\/double-sided-fishing-magnet\/\" target=\"_blank\" rel=\"noopener\">dobbeltsidig fiskemagnet<\/a> og enkeltsidige magneter er at du kan fiske p\u00e5 to m\u00e5ter i stedet for \u00e9n. Du kan feste de medf\u00f8lgende \u00f8yeboltene slik du \u00f8nsker. Hvis du \u00f8nsker \u00e5 dra magneten flatt gjennom vannet (noe som \u00f8ker sjansen for \u00e5 finne objekter), kan du feste \u00f8yebolten p\u00e5 siden av magneten. P\u00e5 grunn av de to magnetene p\u00e5 dobbeltsidige magneten, vil den alltid vende mot mulige skatter.<\/span>\n\n<span style=\"font-weight: 400;\">En negativ effekt ved horisontalt magnetfiske er at magneten kan ha redusert trekkraft p\u00e5 et objekt. Magnetkraften er best n\u00e5r man fisker vertikalt. Hvis du \u00f8nsker ekstra magnetkraft, b\u00f8r du feste \u00f8yebolten vertikalt p\u00e5 magnetens overflate. Da f\u00e5r du mulighet til \u00e5 trekke ut tyngre objekter, akkurat som v\u00e5re <\/span><span style=\"font-weight: 400;\">klassiske magneter<\/span><span style=\"font-weight: 400;\">. De ulike bruksmetodene gj\u00f8r denne fiskemagneten multifunksjonell.<\/span>\n\nIkke glem \u00e5 sjekke ut v\u00e5rt <a href=\"https:\/\/magnetarmagnets.com\/accessories\/\" target=\"_blank\" rel=\"noopener\">magnetfiskeutstyr<\/a> eller velg de <a href=\"https:\/\/magnetarmagnets.com\/magnet-fishing-kit\/\" target=\"_blank\" rel=\"noopener\">beste magnetfiskesettene<\/a>.\n\n<h2>H\u00f8y kvalitet<\/h2>\n\nV\u00e5re fiskemagneter er laget av beste neodymmateriale, noe som gj\u00f8r dem til noen av markedets <a href=\"https:\/\/magnetarmagnets.com\/\" target=\"_blank\" rel=\"noopener\">beste fiskemagneter<\/a>. Dette betyr at Magnetar-magnetene beholder sin magnetkraft og vil bare miste 1 % av denne kraften selv etter 100 \u00e5r! De fleste andre leverand\u00f8rer selger magneter som mister tilsvarende kraft p\u00e5 kun noen uker. Flere og flere av slike lavkvalitetsmagneter dukker opp, som inneholder neodym av lav kvalitet. Dette gj\u00f8res for \u00e5 redusere prisen og f\u00e5 magneten til \u00e5 se st\u00f8rre ut. N\u00e5r man kj\u00f8per en slik magnet, kaster man bort penger.\n\nAlle v\u00e5re magneter er personlig designet og tegnet for at du skal f\u00e5 mest mulig ut av magnetfiskeopplevelsen. Vi tester magnetene v\u00e5re med profesjonelt utstyr slik at oppgitt magnetkraft er n\u00f8yaktig. Vi vet n\u00f8yaktig hvordan man best designer en fiskemagnet, basert p\u00e5 v\u00e5r erfaring med magnetfiske. Du kan oppleve dette selv med v\u00e5re h\u00f8y kvalitet, kraftige og p\u00e5litelige neodymmagneter. Nysgjerrig p\u00e5 hvordan vi tester magnetkraften? Se v\u00e5r video <a href=\"https:\/\/www.youtube.com\/watch?v=2McW3RURDxs\" target=\"_blank\" rel=\"noopener noreferrer\">om m\u00e5ling av trekkraft<\/a>.\n\n<h2>Advarsel!<\/h2>\n\nV\u00e5re neodymmagneter er ekstremt kraftige og kan klikke raskt til metallgjenstander i n\u00e6rheten. Du vil absolutt ikke ha fingrene mellom magneten og en metallgjenstand. Med noen av v\u00e5re kraftigste magneter kan du lett knuse, brekke eller f\u00e5 blemmer p\u00e5 fingrene dersom de kommer i klem. V\u00e6r alltid forsiktig n\u00e5r du bruker v\u00e5re magneter. Advarsel: Bruk av v\u00e5re fiskemagneter skjer p\u00e5 eget ansvar. Les alltid v\u00e5re sikkerhetsadvarsler f\u00f8r bruk.","protected":false},"excerpt":{"rendered":"<p><span style=\"font-weight: 400;\">Dobbel attraktiv med 2 X 250 kg trekkraft. <strong>Dobler sjansen for \u00e5 fange noe<\/strong>!<\/span><\/p>\n","protected":false},"featured_media":74134,"comment_status":"open","ping_status":"closed","template":"","meta":{"_acf_changed":false,"inline_featured_image":false},"product_brand":[],"product_cat":[473,478,481,482],"product_tag":[],"class_list":{"0":"post-84274","1":"product","2":"type-product","3":"status-publish","4":"has-post-thumbnail","6":"product_cat-magneti-da-pesca","7":"product_cat-magneti-da-pesca-a-doppia-faccia","8":"product_cat-per-avventurieri-esperti","9":"product_cat-per-principianti-e-bambini","11":"first","12":"instock","13":"taxable","14":"shipping-taxable","15":"purchasable","16":"product-type-simple"},"acf":[],"yoast_head":"<!-- This site is optimized with the Yoast SEO plugin v27.3 - https:\/\/yoast.com\/product\/yoast-seo-wordpress\/ -->\n<title>Dobbeltsidig Bulldog 400 magnet fra Magnetar magnets<\/title>\n<meta name=\"description\" content=\"Denne magnetiske trekkraften er fordelt over to magneter med en trekkraft p\u00e5 250 kg hver: s\u00e5 du fisker alltid med en magnetisk trekkraft p\u00e5 250 kg p\u00e5 hver side.\" \/>\n<meta name=\"robots\" content=\"index, follow, max-snippet:-1, max-image-preview:large, max-video-preview:-1\" \/>\n<link rel=\"canonical\" href=\"https:\/\/magnetarmagnets.com\/no\/shop\/bulldog-500-dobbeltsidig-500-kg\/\" \/>\n<meta property=\"og:locale\" content=\"nb_NO\" \/>\n<meta property=\"og:type\" content=\"article\" \/>\n<meta property=\"og:title\" content=\"Dobbeltsidig Bulldog 400 magnet fra Magnetar magnets\" \/>\n<meta property=\"og:description\" content=\"Denne magnetiske trekkraften er fordelt over to magneter med en trekkraft p\u00e5 250 kg hver: s\u00e5 du fisker alltid med en magnetisk trekkraft p\u00e5 250 kg p\u00e5 hver side.\" \/>\n<meta property=\"og:url\" content=\"https:\/\/magnetarmagnets.com\/no\/shop\/bulldog-500-dobbeltsidig-500-kg\/\" \/>\n<meta property=\"og:site_name\" content=\"Magnet fishing with a Magnetar fishing magnet\" \/>\n<meta property=\"article:publisher\" content=\"https:\/\/www.facebook.com\/fishingmagnets\/\" \/>\n<meta property=\"article:modified_time\" content=\"2026-04-04T18:24:22+00:00\" \/>\n<meta property=\"og:image\" content=\"https:\/\/magnetarmagnets.com\/wp-content\/uploads\/2020\/05\/FOTO1491.jpg\" \/>\n\t<meta property=\"og:image:width\" content=\"1000\" \/>\n\t<meta property=\"og:image:height\" content=\"1000\" \/>\n\t<meta property=\"og:image:type\" content=\"image\/jpeg\" \/>\n<meta name=\"twitter:card\" content=\"summary_large_image\" \/>\n<meta name=\"twitter:label1\" content=\"Ansl. lesetid\" \/>\n\t<meta name=\"twitter:data1\" content=\"4 minutter\" \/>\n<script type=\"application\/ld+json\" class=\"yoast-schema-graph\">{\"@context\":\"https:\\\/\\\/schema.org\",\"@graph\":[{\"@type\":[\"WebPage\",\"ItemPage\"],\"@id\":\"https:\\\/\\\/magnetarmagnets.com\\\/no\\\/shop\\\/bulldog-500-dobbeltsidig-500-kg\\\/\",\"url\":\"https:\\\/\\\/magnetarmagnets.com\\\/no\\\/shop\\\/bulldog-500-dobbeltsidig-500-kg\\\/\",\"name\":\"Dobbeltsidig Bulldog 400 magnet fra Magnetar magnets\",\"isPartOf\":{\"@id\":\"https:\\\/\\\/magnetarmagnets.com\\\/no\\\/#website\"},\"primaryImageOfPage\":{\"@id\":\"https:\\\/\\\/magnetarmagnets.com\\\/no\\\/shop\\\/bulldog-500-dobbeltsidig-500-kg\\\/#primaryimage\"},\"image\":{\"@id\":\"https:\\\/\\\/magnetarmagnets.com\\\/no\\\/shop\\\/bulldog-500-dobbeltsidig-500-kg\\\/#primaryimage\"},\"thumbnailUrl\":\"https:\\\/\\\/magnetarmagnets.com\\\/wp-content\\\/uploads\\\/2020\\\/05\\\/FOTO1491.jpg\",\"datePublished\":\"2025-06-05T07:54:13+00:00\",\"dateModified\":\"2026-04-04T18:24:22+00:00\",\"description\":\"Denne magnetiske trekkraften er fordelt over to magneter med en trekkraft p\u00e5 250 kg hver: s\u00e5 du fisker alltid med en magnetisk trekkraft p\u00e5 250 kg p\u00e5 hver side.\",\"breadcrumb\":{\"@id\":\"https:\\\/\\\/magnetarmagnets.com\\\/no\\\/shop\\\/bulldog-500-dobbeltsidig-500-kg\\\/#breadcrumb\"},\"inLanguage\":\"nb-NO\",\"potentialAction\":[{\"@type\":\"ReadAction\",\"target\":[\"https:\\\/\\\/magnetarmagnets.com\\\/no\\\/shop\\\/bulldog-500-dobbeltsidig-500-kg\\\/\"]}]},{\"@type\":\"ImageObject\",\"inLanguage\":\"nb-NO\",\"@id\":\"https:\\\/\\\/magnetarmagnets.com\\\/no\\\/shop\\\/bulldog-500-dobbeltsidig-500-kg\\\/#primaryimage\",\"url\":\"https:\\\/\\\/magnetarmagnets.com\\\/wp-content\\\/uploads\\\/2020\\\/05\\\/FOTO1491.jpg\",\"contentUrl\":\"https:\\\/\\\/magnetarmagnets.com\\\/wp-content\\\/uploads\\\/2020\\\/05\\\/FOTO1491.jpg\",\"width\":1000,\"height\":1000,\"caption\":\"BULLDOG 500 fishing magnet\"},{\"@type\":\"BreadcrumbList\",\"@id\":\"https:\\\/\\\/magnetarmagnets.com\\\/no\\\/shop\\\/bulldog-500-dobbeltsidig-500-kg\\\/#breadcrumb\",\"itemListElement\":[{\"@type\":\"ListItem\",\"position\":1,\"name\":\"Home\",\"item\":\"https:\\\/\\\/magnetarmagnets.com\\\/no\\\/\"},{\"@type\":\"ListItem\",\"position\":2,\"name\":\"Butikk\",\"item\":\"https:\\\/\\\/magnetarmagnets.com\\\/butikk\\\/\"},{\"@type\":\"ListItem\",\"position\":3,\"name\":\"Fiskemagneter\",\"item\":\"https:\\\/\\\/magnetarmagnets.com\\\/no\\\/collections\\\/fiskemagneter\\\/\"},{\"@type\":\"ListItem\",\"position\":4,\"name\":\"Tosidige fiskemagneter\",\"item\":\"https:\\\/\\\/magnetarmagnets.com\\\/no\\\/collections\\\/fiskemagneter\\\/tosidige-fiskemagneter\\\/\"},{\"@type\":\"ListItem\",\"position\":5,\"name\":\"Bulldog 500 &#8211; dobbeltsidig &#8211; 500 kg\"}]},{\"@type\":\"WebSite\",\"@id\":\"https:\\\/\\\/magnetarmagnets.com\\\/no\\\/#website\",\"url\":\"https:\\\/\\\/magnetarmagnets.com\\\/no\\\/\",\"name\":\"Magnet fishing with a Magnetar fishing magnet\",\"description\":\"Kraftige magneter for magnetfiske\",\"publisher\":{\"@id\":\"https:\\\/\\\/magnetarmagnets.com\\\/no\\\/#organization\"},\"potentialAction\":[{\"@type\":\"SearchAction\",\"target\":{\"@type\":\"EntryPoint\",\"urlTemplate\":\"https:\\\/\\\/magnetarmagnets.com\\\/no\\\/?s={search_term_string}\"},\"query-input\":{\"@type\":\"PropertyValueSpecification\",\"valueRequired\":true,\"valueName\":\"search_term_string\"}}],\"inLanguage\":\"nb-NO\"},{\"@type\":\"Organization\",\"@id\":\"https:\\\/\\\/magnetarmagnets.com\\\/no\\\/#organization\",\"name\":\"Magnetar\",\"url\":\"https:\\\/\\\/magnetarmagnets.com\\\/no\\\/\",\"logo\":{\"@type\":\"ImageObject\",\"inLanguage\":\"nb-NO\",\"@id\":\"https:\\\/\\\/magnetarmagnets.com\\\/no\\\/#\\\/schema\\\/logo\\\/image\\\/\",\"url\":\"https:\\\/\\\/magnetarmagnets.com\\\/wp-content\\\/uploads\\\/2025\\\/05\\\/Logo-03_PNG-Black-scaled.png\",\"contentUrl\":\"https:\\\/\\\/magnetarmagnets.com\\\/wp-content\\\/uploads\\\/2025\\\/05\\\/Logo-03_PNG-Black-scaled.png\",\"width\":2560,\"height\":1658,\"caption\":\"Magnetar\"},\"image\":{\"@id\":\"https:\\\/\\\/magnetarmagnets.com\\\/no\\\/#\\\/schema\\\/logo\\\/image\\\/\"},\"sameAs\":[\"https:\\\/\\\/www.facebook.com\\\/fishingmagnets\\\/\",\"https:\\\/\\\/www.instagram.com\\\/magnetar_magnets\\\/\",\"https:\\\/\\\/www.linkedin.com\\\/company\\\/magnetarbv\\\/?originalSubdomain=nl\",\"https:\\\/\\\/www.youtube.com\\\/c\\\/MagnetarVismagneet\"]}]}<\/script>\n<!-- \/ Yoast SEO plugin. -->","yoast_head_json":{"title":"Dobbeltsidig Bulldog 400 magnet fra Magnetar magnets","description":"Denne magnetiske trekkraften er fordelt over to magneter med en trekkraft p\u00e5 250 kg hver: s\u00e5 du fisker alltid med en magnetisk trekkraft p\u00e5 250 kg p\u00e5 hver side.","robots":{"index":"index","follow":"follow","max-snippet":"max-snippet:-1","max-image-preview":"max-image-preview:large","max-video-preview":"max-video-preview:-1"},"canonical":"https:\/\/magnetarmagnets.com\/no\/shop\/bulldog-500-dobbeltsidig-500-kg\/","og_locale":"nb_NO","og_type":"article","og_title":"Dobbeltsidig Bulldog 400 magnet fra Magnetar magnets","og_description":"Denne magnetiske trekkraften er fordelt over to magneter med en trekkraft p\u00e5 250 kg hver: s\u00e5 du fisker alltid med en magnetisk trekkraft p\u00e5 250 kg p\u00e5 hver side.","og_url":"https:\/\/magnetarmagnets.com\/no\/shop\/bulldog-500-dobbeltsidig-500-kg\/","og_site_name":"Magnet fishing with a Magnetar fishing magnet","article_publisher":"https:\/\/www.facebook.com\/fishingmagnets\/","article_modified_time":"2026-04-04T18:24:22+00:00","og_image":[{"width":1000,"height":1000,"url":"https:\/\/magnetarmagnets.com\/wp-content\/uploads\/2020\/05\/FOTO1491.jpg","type":"image\/jpeg"}],"twitter_card":"summary_large_image","twitter_misc":{"Ansl. lesetid":"4 minutter"},"schema":{"@context":"https:\/\/schema.org","@graph":[{"@type":["WebPage","ItemPage"],"@id":"https:\/\/magnetarmagnets.com\/no\/shop\/bulldog-500-dobbeltsidig-500-kg\/","url":"https:\/\/magnetarmagnets.com\/no\/shop\/bulldog-500-dobbeltsidig-500-kg\/","name":"Dobbeltsidig Bulldog 400 magnet fra Magnetar magnets","isPartOf":{"@id":"https:\/\/magnetarmagnets.com\/no\/#website"},"primaryImageOfPage":{"@id":"https:\/\/magnetarmagnets.com\/no\/shop\/bulldog-500-dobbeltsidig-500-kg\/#primaryimage"},"image":{"@id":"https:\/\/magnetarmagnets.com\/no\/shop\/bulldog-500-dobbeltsidig-500-kg\/#primaryimage"},"thumbnailUrl":"https:\/\/magnetarmagnets.com\/wp-content\/uploads\/2020\/05\/FOTO1491.jpg","datePublished":"2025-06-05T07:54:13+00:00","dateModified":"2026-04-04T18:24:22+00:00","description":"Denne magnetiske trekkraften er fordelt over to magneter med en trekkraft p\u00e5 250 kg hver: s\u00e5 du fisker alltid med en magnetisk trekkraft p\u00e5 250 kg p\u00e5 hver side.","breadcrumb":{"@id":"https:\/\/magnetarmagnets.com\/no\/shop\/bulldog-500-dobbeltsidig-500-kg\/#breadcrumb"},"inLanguage":"nb-NO","potentialAction":[{"@type":"ReadAction","target":["https:\/\/magnetarmagnets.com\/no\/shop\/bulldog-500-dobbeltsidig-500-kg\/"]}]},{"@type":"ImageObject","inLanguage":"nb-NO","@id":"https:\/\/magnetarmagnets.com\/no\/shop\/bulldog-500-dobbeltsidig-500-kg\/#primaryimage","url":"https:\/\/magnetarmagnets.com\/wp-content\/uploads\/2020\/05\/FOTO1491.jpg","contentUrl":"https:\/\/magnetarmagnets.com\/wp-content\/uploads\/2020\/05\/FOTO1491.jpg","width":1000,"height":1000,"caption":"BULLDOG 500 fishing magnet"},{"@type":"BreadcrumbList","@id":"https:\/\/magnetarmagnets.com\/no\/shop\/bulldog-500-dobbeltsidig-500-kg\/#breadcrumb","itemListElement":[{"@type":"ListItem","position":1,"name":"Home","item":"https:\/\/magnetarmagnets.com\/no\/"},{"@type":"ListItem","position":2,"name":"Butikk","item":"https:\/\/magnetarmagnets.com\/butikk\/"},{"@type":"ListItem","position":3,"name":"Fiskemagneter","item":"https:\/\/magnetarmagnets.com\/no\/collections\/fiskemagneter\/"},{"@type":"ListItem","position":4,"name":"Tosidige fiskemagneter","item":"https:\/\/magnetarmagnets.com\/no\/collections\/fiskemagneter\/tosidige-fiskemagneter\/"},{"@type":"ListItem","position":5,"name":"Bulldog 500 &#8211; dobbeltsidig &#8211; 500 kg"}]},{"@type":"WebSite","@id":"https:\/\/magnetarmagnets.com\/no\/#website","url":"https:\/\/magnetarmagnets.com\/no\/","name":"Magnet fishing with a Magnetar fishing magnet","description":"Kraftige magneter for magnetfiske","publisher":{"@id":"https:\/\/magnetarmagnets.com\/no\/#organization"},"potentialAction":[{"@type":"SearchAction","target":{"@type":"EntryPoint","urlTemplate":"https:\/\/magnetarmagnets.com\/no\/?s={search_term_string}"},"query-input":{"@type":"PropertyValueSpecification","valueRequired":true,"valueName":"search_term_string"}}],"inLanguage":"nb-NO"},{"@type":"Organization","@id":"https:\/\/magnetarmagnets.com\/no\/#organization","name":"Magnetar","url":"https:\/\/magnetarmagnets.com\/no\/","logo":{"@type":"ImageObject","inLanguage":"nb-NO","@id":"https:\/\/magnetarmagnets.com\/no\/#\/schema\/logo\/image\/","url":"https:\/\/magnetarmagnets.com\/wp-content\/uploads\/2025\/05\/Logo-03_PNG-Black-scaled.png","contentUrl":"https:\/\/magnetarmagnets.com\/wp-content\/uploads\/2025\/05\/Logo-03_PNG-Black-scaled.png","width":2560,"height":1658,"caption":"Magnetar"},"image":{"@id":"https:\/\/magnetarmagnets.com\/no\/#\/schema\/logo\/image\/"},"sameAs":["https:\/\/www.facebook.com\/fishingmagnets\/","https:\/\/www.instagram.com\/magnetar_magnets\/","https:\/\/www.linkedin.com\/company\/magnetarbv\/?originalSubdomain=nl","https:\/\/www.youtube.com\/c\/MagnetarVismagneet"]}]}},"_links":{"self":[{"href":"https:\/\/magnetarmagnets.com\/no\/wp-json\/wp\/v2\/product\/84274","targetHints":{"allow":["GET"]}}],"collection":[{"href":"https:\/\/magnetarmagnets.com\/no\/wp-json\/wp\/v2\/product"}],"about":[{"href":"https:\/\/magnetarmagnets.com\/no\/wp-json\/wp\/v2\/types\/product"}],"replies":[{"embeddable":true,"href":"https:\/\/magnetarmagnets.com\/no\/wp-json\/wp\/v2\/comments?post=84274"}],"version-history":[{"count":1,"href":"https:\/\/magnetarmagnets.com\/no\/wp-json\/wp\/v2\/product\/84274\/revisions"}],"predecessor-version":[{"id":95387,"href":"https:\/\/magnetarmagnets.com\/no\/wp-json\/wp\/v2\/product\/84274\/revisions\/95387"}],"wp:featuredmedia":[{"embeddable":true,"href":"https:\/\/magnetarmagnets.com\/no\/wp-json\/wp\/v2\/media\/74134"}],"wp:attachment":[{"href":"https:\/\/magnetarmagnets.com\/no\/wp-json\/wp\/v2\/media?parent=84274"}],"wp:term":[{"taxonomy":"product_brand","embeddable":true,"href":"https:\/\/magnetarmagnets.com\/no\/wp-json\/wp\/v2\/product_brand?post=84274"},{"taxonomy":"product_cat","embeddable":true,"href":"https:\/\/magnetarmagnets.com\/no\/wp-json\/wp\/v2\/product_cat?post=84274"},{"taxonomy":"product_tag","embeddable":true,"href":"https:\/\/magnetarmagnets.com\/no\/wp-json\/wp\/v2\/product_tag?post=84274"}],"curies":[{"name":"wp","href":"https:\/\/api.w.org\/{rel}","templated":true}]}}