{"id":84272,"date":"2025-06-05T09:54:13","date_gmt":"2025-06-05T07:54:13","guid":{"rendered":"https:\/\/magnetarmagnets.com\/?post_type=product&#038;p=84272"},"modified":"2026-04-04T19:53:07","modified_gmt":"2026-04-04T17:53:07","slug":"dobbeltsidig-magnetsett-880kg-bulldog","status":"publish","type":"product","link":"https:\/\/magnetarmagnets.com\/no\/shop\/dobbeltsidig-magnetsett-880kg-bulldog\/","title":{"rendered":"Dobbeltsidig magnetsett \u2013 880kg \u2013 Bulldog"},"content":{"rendered":"Med Bulldog 800 vil du garantert begynne \u00e5 finne de mest unike undervannskattene. Denne alt-i-ett-pakken inneholder alt du trenger for \u00e5 unng\u00e5 u\u00f8nskede overraskelser ved vannkanten. V\u00e5r dobbeltsidige Bulldog 800 fiskemagnet, <a href=\"https:\/\/magnetarmagnets.com\/shop\/magnet-fishing-glove\/?v=796834e7a283\">hansker<\/a>, et <a href=\"https:\/\/magnetarmagnets.com\/shop\/magnet-fishing-rope\/?v=796834e7a283\">magnetfisketau<\/a> og metalllim er alle inkludert i dette komplette settet. Er du p\u00e5 jakt etter en 360\u00b0 allsidig magnet? Sjekk ut v\u00e5r <a href=\"https:\/\/magnetarmagnets.com\/shop\/fishmagnet-package-pro\/\"><strong>Pro Package<\/strong><\/a>.\n\n<h2>Bulldog 800 dobbeltsidig fiskemagnet<\/h2>\n\nAlle v\u00e5re Bulldog fiskemagneter har to magnetiske sider. Bulldog 800 har en total magnetisk trekkraft p\u00e5 1940 lb \/ 880 kg, effektivt 970 lb \/ 440 kg per side. Tunge gjenstander som safer, bildeler og trafikkskilt er ingen utfordring for denne kraftpakken. Sammenlignet med ensidige magneter \u00f8ker de to magnetiske sidene p\u00e5 denne magneten betydelig sjansen for \u00e5 finne flotte skatter.\n\n\n\nDobbeltsidige magneter kan brukes p\u00e5 flere m\u00e5ter. \u00d8nsker du \u00e5 trekke magneten flatt gjennom vannet? Monter \u00f8yebolten p\u00e5 siden av magneten. Vanligvis gir denne teknikken en h\u00f8yere sjanse for \u00e5 feste seg til skatten. Magnetens to magnetiske sider betyr at det alltid er en magnetisk kraft rettet mot potensielle skatter som ligger p\u00e5 bunnen. Ulempen er at den horisontale bevegelsen av magneten gir mindre trekkraft p\u00e5 gjenstandene som finnes. Vertikalt fiske gir derimot alltid en mer optimal magnetisk kraft.\n\n\n\nN\u00e5r du har funnet noe og vil bruke st\u00f8rre kraft, kan \u00f8yebolten festes vertikalt. Dette legger til rette for en sterkere vertikal kraft for \u00e5 trekke opp tyngre gjenstander. Den allsidige bruken av dobbeltsidige magneter, festet til et fiskesystem, gj\u00f8r dem til de mest flerbruksmagnetene vi har.\n\n\n\nEr du nybegynner og liker allsidigheten til denne magneten, men med litt mindre ekstreme krefter? Ta en titt p\u00e5 <a href=\"https:\/\/magnetarmagnets.com\/shop\/bulldog-500-kit\/\"><strong>Bulldog 500<\/strong><\/a>, en dobbeltsidig fiskemagnet med en samlet trekkraft p\u00e5 1100 lb \/ 500 kg. Har du h\u00f8rt om v\u00e5re 360 graders allsidige magneter? <a href=\"https:\/\/magnetarmagnets.com\/shop\/exclusive-terror-magnet\/\"><strong>Terror<\/strong><\/a> er et flott, sammenlignbart valg.\n\n<h2>H\u00f8y kvalitet<\/h2>\n\nAlle Magnetars fiskemagneter er laget av neodym. Dette materialet s\u00f8rger for en varig magnetisk kraft. Med riktig bruk og oppbevaring mister disse magnetene kun \u00e9n prosent av kraften p\u00e5 100 \u00e5r. Derfor er vi sikre p\u00e5 at vi tilbyr de beste <a href=\"https:\/\/magnetarmagnets.com\/collections\/fishing-magnets\/\"><strong>fiskemagnetene<\/strong><\/a> p\u00e5 markedet.\n\n\n\nDe siste \u00e5rene har markedet v\u00e6rt oversv\u00f8mmet med produkter av lav kvalitet. Mange fiskemagneter fra andre selgere mister ofte kraften innen noen uker. Ofte ser vi st\u00f8rre magneter, men laget av neodym av lavere kvalitet som markedsf\u00f8res med villedende annonser. Disse produktene kan virke billige, men vil gj\u00f8re deg misforn\u00f8yd p\u00e5 lang sikt.\n\n\n\nMagnetar er en liten familiedrevet virksomhet av ekte magnetfiskere. Kvalitet er f\u00f8rst hos oss, og det gjenspeiles i v\u00e5re produkter. Alle v\u00e5re fiskemagneter er designet internt for \u00e5 sikre produkter av h\u00f8y kvalitet. Er du p\u00e5 jakt etter en p\u00e5litelig, effektiv og kvalitetsrik fiskemagnet? Velg Magnetar! Vi er dedikert til \u00e5 selge deg de <a href=\"https:\/\/magnetarmagnets.com\/\" target=\"_blank\" rel=\"noopener\">beste fiskemagnetene<\/a>.\n\n<h2>Advarsel:<\/h2>\n\nV\u00e5re neodym fiskemagneter er sv\u00e6rt kraftige. Dette kan f\u00f8re til at andre gjenstander trekkes mot magneten med stor fart. Dette kan selvsagt f\u00f8re til potensielt farlige situasjoner, hvor fingre kan komme i klem mellom magneten og en gjenstand. Vi anbefaler at du alltid h\u00e5ndterer disse magnetene med forsiktighet og understreker at du gj\u00f8r det p\u00e5 egen risiko. Les v\u00e5r bruksanvisning f\u00f8r bruk.","protected":false},"excerpt":{"rendered":"<p>Med Bulldog 800 vil du garantert begynne \u00e5 finne de mest unike undervannskattene. Denne alt-i-ett-pakken inneholder alt du trenger for \u00e5 unng\u00e5 u\u00f8nskede overraskelser ved vannkanten. V\u00e5r dobbeltsidige Bulldog 800 fiskemagnet, hansker, et magnetfisketau og metalllim er alle inkludert i dette komplette settet. Er du p\u00e5 jakt etter en 360\u00b0 allsidig magnet? Sjekk ut v\u00e5r [&hellip;]<\/p>\n","protected":false},"featured_media":78875,"comment_status":"open","ping_status":"closed","template":"","meta":{"_acf_changed":false,"inline_featured_image":false},"product_brand":[],"product_cat":[615,602,608,616,604,606],"product_tag":[],"class_list":{"0":"post-84272","1":"product","2":"type-product","3":"status-publish","4":"has-post-thumbnail","6":"product_cat-erfarne-eventyrere","7":"product_cat-fiskemagneter","8":"product_cat-magnetfiske-sett","9":"product_cat-profesjonelle","10":"product_cat-sterkeste-fiskemagneter","11":"product_cat-tosidige-fiskemagneter","13":"first","14":"instock","15":"sale","16":"taxable","17":"shipping-taxable","18":"purchasable","19":"product-type-simple"},"acf":[],"yoast_head":"<!-- This site is optimized with the Yoast SEO plugin v27.4 - https:\/\/yoast.com\/product\/yoast-seo-wordpress\/ -->\n<title>Dobbeltsidig magnetsett \u2013 880kg \u2013 Bulldog - Magnet fishing with a Magnetar fishing magnet<\/title>\n<meta name=\"description\" content=\"Dobbeltsidig magnetsett \u2013 880 Kg - Bulldog - Magnetar\" \/>\n<meta name=\"robots\" content=\"index, follow, max-snippet:-1, max-image-preview:large, max-video-preview:-1\" \/>\n<link rel=\"canonical\" href=\"https:\/\/magnetarmagnets.com\/no\/shop\/dobbeltsidig-magnetsett-880kg-bulldog\/\" \/>\n<meta property=\"og:locale\" content=\"nb_NO\" \/>\n<meta property=\"og:type\" content=\"article\" \/>\n<meta property=\"og:title\" content=\"Dobbeltsidig magnetsett \u2013 880kg \u2013 Bulldog - Magnet fishing with a Magnetar fishing magnet\" \/>\n<meta property=\"og:description\" content=\"Dobbeltsidig magnetsett \u2013 880 Kg - Bulldog - Magnetar\" \/>\n<meta property=\"og:url\" content=\"https:\/\/magnetarmagnets.com\/no\/shop\/dobbeltsidig-magnetsett-880kg-bulldog\/\" \/>\n<meta property=\"og:site_name\" content=\"Magnet fishing with a Magnetar fishing magnet\" \/>\n<meta property=\"article:publisher\" content=\"https:\/\/www.facebook.com\/fishingmagnets\/\" \/>\n<meta property=\"article:modified_time\" content=\"2026-04-04T17:53:07+00:00\" \/>\n<meta property=\"og:image\" content=\"https:\/\/magnetarmagnets.com\/wp-content\/uploads\/2021\/10\/MAGNETAR-BULLDOG-800-KIT-GOOGLE.jpg\" \/>\n\t<meta property=\"og:image:width\" content=\"1500\" \/>\n\t<meta property=\"og:image:height\" content=\"1500\" \/>\n\t<meta property=\"og:image:type\" content=\"image\/jpeg\" \/>\n<meta name=\"twitter:card\" content=\"summary_large_image\" \/>\n<meta name=\"twitter:label1\" content=\"Ansl. lesetid\" \/>\n\t<meta name=\"twitter:data1\" content=\"3 minutter\" \/>\n<script type=\"application\/ld+json\" class=\"yoast-schema-graph\">{\"@context\":\"https:\\\/\\\/schema.org\",\"@graph\":[{\"@type\":[\"WebPage\",\"ItemPage\"],\"@id\":\"https:\\\/\\\/magnetarmagnets.com\\\/no\\\/shop\\\/dobbeltsidig-magnetsett-880kg-bulldog\\\/\",\"url\":\"https:\\\/\\\/magnetarmagnets.com\\\/no\\\/shop\\\/dobbeltsidig-magnetsett-880kg-bulldog\\\/\",\"name\":\"Dobbeltsidig magnetsett \u2013 880kg \u2013 Bulldog - Magnet fishing with a Magnetar fishing magnet\",\"isPartOf\":{\"@id\":\"https:\\\/\\\/magnetarmagnets.com\\\/no\\\/#website\"},\"primaryImageOfPage\":{\"@id\":\"https:\\\/\\\/magnetarmagnets.com\\\/no\\\/shop\\\/dobbeltsidig-magnetsett-880kg-bulldog\\\/#primaryimage\"},\"image\":{\"@id\":\"https:\\\/\\\/magnetarmagnets.com\\\/no\\\/shop\\\/dobbeltsidig-magnetsett-880kg-bulldog\\\/#primaryimage\"},\"thumbnailUrl\":\"https:\\\/\\\/magnetarmagnets.com\\\/wp-content\\\/uploads\\\/2021\\\/10\\\/MAGNETAR-BULLDOG-800-KIT-GOOGLE.jpg\",\"datePublished\":\"2025-06-05T07:54:13+00:00\",\"dateModified\":\"2026-04-04T17:53:07+00:00\",\"description\":\"Dobbeltsidig magnetsett \u2013 880 Kg - Bulldog - Magnetar\",\"breadcrumb\":{\"@id\":\"https:\\\/\\\/magnetarmagnets.com\\\/no\\\/shop\\\/dobbeltsidig-magnetsett-880kg-bulldog\\\/#breadcrumb\"},\"inLanguage\":\"nb-NO\",\"potentialAction\":[{\"@type\":\"ReadAction\",\"target\":[\"https:\\\/\\\/magnetarmagnets.com\\\/no\\\/shop\\\/dobbeltsidig-magnetsett-880kg-bulldog\\\/\"]}]},{\"@type\":\"ImageObject\",\"inLanguage\":\"nb-NO\",\"@id\":\"https:\\\/\\\/magnetarmagnets.com\\\/no\\\/shop\\\/dobbeltsidig-magnetsett-880kg-bulldog\\\/#primaryimage\",\"url\":\"https:\\\/\\\/magnetarmagnets.com\\\/wp-content\\\/uploads\\\/2021\\\/10\\\/MAGNETAR-BULLDOG-800-KIT-GOOGLE.jpg\",\"contentUrl\":\"https:\\\/\\\/magnetarmagnets.com\\\/wp-content\\\/uploads\\\/2021\\\/10\\\/MAGNETAR-BULLDOG-800-KIT-GOOGLE.jpg\",\"width\":1500,\"height\":1500,\"caption\":\"MAGNETAR-BULLDOG-800-KIT\"},{\"@type\":\"BreadcrumbList\",\"@id\":\"https:\\\/\\\/magnetarmagnets.com\\\/no\\\/shop\\\/dobbeltsidig-magnetsett-880kg-bulldog\\\/#breadcrumb\",\"itemListElement\":[{\"@type\":\"ListItem\",\"position\":1,\"name\":\"Home\",\"item\":\"https:\\\/\\\/magnetarmagnets.com\\\/no\\\/\"},{\"@type\":\"ListItem\",\"position\":2,\"name\":\"Butikk\",\"item\":\"https:\\\/\\\/magnetarmagnets.com\\\/butikk\\\/\"},{\"@type\":\"ListItem\",\"position\":3,\"name\":\"Fiskemagneter\",\"item\":\"https:\\\/\\\/magnetarmagnets.com\\\/no\\\/collections\\\/fiskemagneter\\\/\"},{\"@type\":\"ListItem\",\"position\":4,\"name\":\"Tosidige fiskemagneter\",\"item\":\"https:\\\/\\\/magnetarmagnets.com\\\/no\\\/collections\\\/fiskemagneter\\\/tosidige-fiskemagneter\\\/\"},{\"@type\":\"ListItem\",\"position\":5,\"name\":\"Dobbeltsidig magnetsett \u2013 880kg \u2013 Bulldog\"}]},{\"@type\":\"WebSite\",\"@id\":\"https:\\\/\\\/magnetarmagnets.com\\\/no\\\/#website\",\"url\":\"https:\\\/\\\/magnetarmagnets.com\\\/no\\\/\",\"name\":\"Magnet fishing with a Magnetar fishing magnet\",\"description\":\"Kraftige magneter for magnetfiske\",\"publisher\":{\"@id\":\"https:\\\/\\\/magnetarmagnets.com\\\/no\\\/#organization\"},\"potentialAction\":[{\"@type\":\"SearchAction\",\"target\":{\"@type\":\"EntryPoint\",\"urlTemplate\":\"https:\\\/\\\/magnetarmagnets.com\\\/no\\\/?s={search_term_string}\"},\"query-input\":{\"@type\":\"PropertyValueSpecification\",\"valueRequired\":true,\"valueName\":\"search_term_string\"}}],\"inLanguage\":\"nb-NO\"},{\"@type\":\"Organization\",\"@id\":\"https:\\\/\\\/magnetarmagnets.com\\\/no\\\/#organization\",\"name\":\"Magnetar\",\"url\":\"https:\\\/\\\/magnetarmagnets.com\\\/no\\\/\",\"logo\":{\"@type\":\"ImageObject\",\"inLanguage\":\"nb-NO\",\"@id\":\"https:\\\/\\\/magnetarmagnets.com\\\/no\\\/#\\\/schema\\\/logo\\\/image\\\/\",\"url\":\"https:\\\/\\\/magnetarmagnets.com\\\/wp-content\\\/uploads\\\/2025\\\/05\\\/Logo-03_PNG-Black-scaled.png\",\"contentUrl\":\"https:\\\/\\\/magnetarmagnets.com\\\/wp-content\\\/uploads\\\/2025\\\/05\\\/Logo-03_PNG-Black-scaled.png\",\"width\":2560,\"height\":1658,\"caption\":\"Magnetar\"},\"image\":{\"@id\":\"https:\\\/\\\/magnetarmagnets.com\\\/no\\\/#\\\/schema\\\/logo\\\/image\\\/\"},\"sameAs\":[\"https:\\\/\\\/www.facebook.com\\\/fishingmagnets\\\/\",\"https:\\\/\\\/www.instagram.com\\\/magnetar_magnets\\\/\",\"https:\\\/\\\/www.linkedin.com\\\/company\\\/magnetarbv\\\/?originalSubdomain=nl\",\"https:\\\/\\\/www.youtube.com\\\/c\\\/MagnetarVismagneet\"]}]}<\/script>\n<!-- \/ Yoast SEO plugin. -->","yoast_head_json":{"title":"Dobbeltsidig magnetsett \u2013 880kg \u2013 Bulldog - Magnet fishing with a Magnetar fishing magnet","description":"Dobbeltsidig magnetsett \u2013 880 Kg - Bulldog - Magnetar","robots":{"index":"index","follow":"follow","max-snippet":"max-snippet:-1","max-image-preview":"max-image-preview:large","max-video-preview":"max-video-preview:-1"},"canonical":"https:\/\/magnetarmagnets.com\/no\/shop\/dobbeltsidig-magnetsett-880kg-bulldog\/","og_locale":"nb_NO","og_type":"article","og_title":"Dobbeltsidig magnetsett \u2013 880kg \u2013 Bulldog - Magnet fishing with a Magnetar fishing magnet","og_description":"Dobbeltsidig magnetsett \u2013 880 Kg - Bulldog - Magnetar","og_url":"https:\/\/magnetarmagnets.com\/no\/shop\/dobbeltsidig-magnetsett-880kg-bulldog\/","og_site_name":"Magnet fishing with a Magnetar fishing magnet","article_publisher":"https:\/\/www.facebook.com\/fishingmagnets\/","article_modified_time":"2026-04-04T17:53:07+00:00","og_image":[{"width":1500,"height":1500,"url":"https:\/\/magnetarmagnets.com\/wp-content\/uploads\/2021\/10\/MAGNETAR-BULLDOG-800-KIT-GOOGLE.jpg","type":"image\/jpeg"}],"twitter_card":"summary_large_image","twitter_misc":{"Ansl. lesetid":"3 minutter"},"schema":{"@context":"https:\/\/schema.org","@graph":[{"@type":["WebPage","ItemPage"],"@id":"https:\/\/magnetarmagnets.com\/no\/shop\/dobbeltsidig-magnetsett-880kg-bulldog\/","url":"https:\/\/magnetarmagnets.com\/no\/shop\/dobbeltsidig-magnetsett-880kg-bulldog\/","name":"Dobbeltsidig magnetsett \u2013 880kg \u2013 Bulldog - Magnet fishing with a Magnetar fishing magnet","isPartOf":{"@id":"https:\/\/magnetarmagnets.com\/no\/#website"},"primaryImageOfPage":{"@id":"https:\/\/magnetarmagnets.com\/no\/shop\/dobbeltsidig-magnetsett-880kg-bulldog\/#primaryimage"},"image":{"@id":"https:\/\/magnetarmagnets.com\/no\/shop\/dobbeltsidig-magnetsett-880kg-bulldog\/#primaryimage"},"thumbnailUrl":"https:\/\/magnetarmagnets.com\/wp-content\/uploads\/2021\/10\/MAGNETAR-BULLDOG-800-KIT-GOOGLE.jpg","datePublished":"2025-06-05T07:54:13+00:00","dateModified":"2026-04-04T17:53:07+00:00","description":"Dobbeltsidig magnetsett \u2013 880 Kg - Bulldog - Magnetar","breadcrumb":{"@id":"https:\/\/magnetarmagnets.com\/no\/shop\/dobbeltsidig-magnetsett-880kg-bulldog\/#breadcrumb"},"inLanguage":"nb-NO","potentialAction":[{"@type":"ReadAction","target":["https:\/\/magnetarmagnets.com\/no\/shop\/dobbeltsidig-magnetsett-880kg-bulldog\/"]}]},{"@type":"ImageObject","inLanguage":"nb-NO","@id":"https:\/\/magnetarmagnets.com\/no\/shop\/dobbeltsidig-magnetsett-880kg-bulldog\/#primaryimage","url":"https:\/\/magnetarmagnets.com\/wp-content\/uploads\/2021\/10\/MAGNETAR-BULLDOG-800-KIT-GOOGLE.jpg","contentUrl":"https:\/\/magnetarmagnets.com\/wp-content\/uploads\/2021\/10\/MAGNETAR-BULLDOG-800-KIT-GOOGLE.jpg","width":1500,"height":1500,"caption":"MAGNETAR-BULLDOG-800-KIT"},{"@type":"BreadcrumbList","@id":"https:\/\/magnetarmagnets.com\/no\/shop\/dobbeltsidig-magnetsett-880kg-bulldog\/#breadcrumb","itemListElement":[{"@type":"ListItem","position":1,"name":"Home","item":"https:\/\/magnetarmagnets.com\/no\/"},{"@type":"ListItem","position":2,"name":"Butikk","item":"https:\/\/magnetarmagnets.com\/butikk\/"},{"@type":"ListItem","position":3,"name":"Fiskemagneter","item":"https:\/\/magnetarmagnets.com\/no\/collections\/fiskemagneter\/"},{"@type":"ListItem","position":4,"name":"Tosidige fiskemagneter","item":"https:\/\/magnetarmagnets.com\/no\/collections\/fiskemagneter\/tosidige-fiskemagneter\/"},{"@type":"ListItem","position":5,"name":"Dobbeltsidig magnetsett \u2013 880kg \u2013 Bulldog"}]},{"@type":"WebSite","@id":"https:\/\/magnetarmagnets.com\/no\/#website","url":"https:\/\/magnetarmagnets.com\/no\/","name":"Magnet fishing with a Magnetar fishing magnet","description":"Kraftige magneter for magnetfiske","publisher":{"@id":"https:\/\/magnetarmagnets.com\/no\/#organization"},"potentialAction":[{"@type":"SearchAction","target":{"@type":"EntryPoint","urlTemplate":"https:\/\/magnetarmagnets.com\/no\/?s={search_term_string}"},"query-input":{"@type":"PropertyValueSpecification","valueRequired":true,"valueName":"search_term_string"}}],"inLanguage":"nb-NO"},{"@type":"Organization","@id":"https:\/\/magnetarmagnets.com\/no\/#organization","name":"Magnetar","url":"https:\/\/magnetarmagnets.com\/no\/","logo":{"@type":"ImageObject","inLanguage":"nb-NO","@id":"https:\/\/magnetarmagnets.com\/no\/#\/schema\/logo\/image\/","url":"https:\/\/magnetarmagnets.com\/wp-content\/uploads\/2025\/05\/Logo-03_PNG-Black-scaled.png","contentUrl":"https:\/\/magnetarmagnets.com\/wp-content\/uploads\/2025\/05\/Logo-03_PNG-Black-scaled.png","width":2560,"height":1658,"caption":"Magnetar"},"image":{"@id":"https:\/\/magnetarmagnets.com\/no\/#\/schema\/logo\/image\/"},"sameAs":["https:\/\/www.facebook.com\/fishingmagnets\/","https:\/\/www.instagram.com\/magnetar_magnets\/","https:\/\/www.linkedin.com\/company\/magnetarbv\/?originalSubdomain=nl","https:\/\/www.youtube.com\/c\/MagnetarVismagneet"]}]}},"_links":{"self":[{"href":"https:\/\/magnetarmagnets.com\/no\/wp-json\/wp\/v2\/product\/84272","targetHints":{"allow":["GET"]}}],"collection":[{"href":"https:\/\/magnetarmagnets.com\/no\/wp-json\/wp\/v2\/product"}],"about":[{"href":"https:\/\/magnetarmagnets.com\/no\/wp-json\/wp\/v2\/types\/product"}],"replies":[{"embeddable":true,"href":"https:\/\/magnetarmagnets.com\/no\/wp-json\/wp\/v2\/comments?post=84272"}],"version-history":[{"count":0,"href":"https:\/\/magnetarmagnets.com\/no\/wp-json\/wp\/v2\/product\/84272\/revisions"}],"wp:featuredmedia":[{"embeddable":true,"href":"https:\/\/magnetarmagnets.com\/no\/wp-json\/wp\/v2\/media\/78875"}],"wp:attachment":[{"href":"https:\/\/magnetarmagnets.com\/no\/wp-json\/wp\/v2\/media?parent=84272"}],"wp:term":[{"taxonomy":"product_brand","embeddable":true,"href":"https:\/\/magnetarmagnets.com\/no\/wp-json\/wp\/v2\/product_brand?post=84272"},{"taxonomy":"product_cat","embeddable":true,"href":"https:\/\/magnetarmagnets.com\/no\/wp-json\/wp\/v2\/product_cat?post=84272"},{"taxonomy":"product_tag","embeddable":true,"href":"https:\/\/magnetarmagnets.com\/no\/wp-json\/wp\/v2\/product_tag?post=84272"}],"curies":[{"name":"wp","href":"https:\/\/api.w.org\/{rel}","templated":true}]}}