{"id":84270,"date":"2025-06-05T09:54:14","date_gmt":"2025-06-05T07:54:14","guid":{"rendered":"https:\/\/magnetarmagnets.com\/?post_type=product&#038;p=84270"},"modified":"2026-04-08T21:59:33","modified_gmt":"2026-04-08T19:59:33","slug":"dobbeltsidig-magnetsett-500-kg-bulldog","status":"publish","type":"product","link":"https:\/\/magnetarmagnets.com\/no\/shop\/dobbeltsidig-magnetsett-500-kg-bulldog\/","title":{"rendered":"Dobbeltsidig magnetsett &#8211; 500 kg &#8211; Bulldog"},"content":{"rendered":"","protected":false},"excerpt":{"rendered":"<p>Slipp l\u00f8s skattejaktpotensialet ditt med Bulldog 500, et kraftig dobbeltsidig fiskemagnetsett med en total trekkraft p\u00e5 880 kg. Klar til \u00e5 dykke ned i det? Bestill n\u00e5 og start magnetfiskeeventyret ditt i dag!<\/p>\n","protected":false},"featured_media":78871,"comment_status":"open","ping_status":"closed","template":"","meta":{"_acf_changed":false,"inline_featured_image":false},"product_brand":[],"product_cat":[594,581,587,593,585],"product_tag":[],"class_list":{"0":"post-84270","1":"product","2":"type-product","3":"status-publish","4":"has-post-thumbnail","6":"product_cat-zaawansowani-poszukiwacze-przygod","7":"product_cat-magnesy-do-lowienia","8":"product_cat-zestaw-do-lowienia-magnesem","9":"product_cat-poczatkujacy-i-dzieci","10":"product_cat-magnesy-do-lowienia-dwustronne","12":"first","13":"instock","14":"sale","15":"taxable","16":"shipping-taxable","17":"purchasable","18":"product-type-simple"},"acf":[],"yoast_head":"<!-- This site is optimized with the Yoast SEO plugin v27.3 - https:\/\/yoast.com\/product\/yoast-seo-wordpress\/ -->\n<title>Dobbeltsidig magnetsett - 500 kg - Bulldog - Magnet fishing with a Magnetar fishing magnet<\/title>\n<meta name=\"description\" content=\"Dobbeltsidig magnet - 500 Kg - Bulldog - Magnetar\" \/>\n<meta name=\"robots\" content=\"index, follow, max-snippet:-1, max-image-preview:large, max-video-preview:-1\" \/>\n<link rel=\"canonical\" href=\"https:\/\/magnetarmagnets.com\/no\/shop\/dobbeltsidig-magnetsett-500-kg-bulldog\/\" \/>\n<meta property=\"og:locale\" content=\"nb_NO\" \/>\n<meta property=\"og:type\" content=\"article\" \/>\n<meta property=\"og:title\" content=\"Dobbeltsidig magnetsett - 500 kg - Bulldog - Magnet fishing with a Magnetar fishing magnet\" \/>\n<meta property=\"og:description\" content=\"Dobbeltsidig magnet - 500 Kg - Bulldog - Magnetar\" \/>\n<meta property=\"og:url\" content=\"https:\/\/magnetarmagnets.com\/no\/shop\/dobbeltsidig-magnetsett-500-kg-bulldog\/\" \/>\n<meta property=\"og:site_name\" content=\"Magnet fishing with a Magnetar fishing magnet\" \/>\n<meta property=\"article:publisher\" content=\"https:\/\/www.facebook.com\/fishingmagnets\/\" \/>\n<meta property=\"article:modified_time\" content=\"2026-04-08T19:59:33+00:00\" \/>\n<meta property=\"og:image\" content=\"https:\/\/magnetarmagnets.com\/wp-content\/uploads\/2021\/10\/MAGNETAR-BULLDOG-500-KIT-GOOGLE.jpg\" \/>\n\t<meta property=\"og:image:width\" content=\"1500\" \/>\n\t<meta property=\"og:image:height\" content=\"1500\" \/>\n\t<meta property=\"og:image:type\" content=\"image\/jpeg\" \/>\n<meta name=\"twitter:card\" content=\"summary_large_image\" \/>\n<meta name=\"twitter:label1\" content=\"Ansl. lesetid\" \/>\n\t<meta name=\"twitter:data1\" content=\"3 minutter\" \/>\n<script type=\"application\/ld+json\" class=\"yoast-schema-graph\">{\"@context\":\"https:\\\/\\\/schema.org\",\"@graph\":[{\"@type\":[\"WebPage\",\"ItemPage\"],\"@id\":\"https:\\\/\\\/magnetarmagnets.com\\\/no\\\/shop\\\/dobbeltsidig-magnetsett-500-kg-bulldog\\\/\",\"url\":\"https:\\\/\\\/magnetarmagnets.com\\\/no\\\/shop\\\/dobbeltsidig-magnetsett-500-kg-bulldog\\\/\",\"name\":\"Dobbeltsidig magnetsett - 500 kg - Bulldog - Magnet fishing with a Magnetar fishing magnet\",\"isPartOf\":{\"@id\":\"https:\\\/\\\/magnetarmagnets.com\\\/no\\\/#website\"},\"primaryImageOfPage\":{\"@id\":\"https:\\\/\\\/magnetarmagnets.com\\\/no\\\/shop\\\/dobbeltsidig-magnetsett-500-kg-bulldog\\\/#primaryimage\"},\"image\":{\"@id\":\"https:\\\/\\\/magnetarmagnets.com\\\/no\\\/shop\\\/dobbeltsidig-magnetsett-500-kg-bulldog\\\/#primaryimage\"},\"thumbnailUrl\":\"https:\\\/\\\/magnetarmagnets.com\\\/wp-content\\\/uploads\\\/2021\\\/10\\\/MAGNETAR-BULLDOG-500-KIT-GOOGLE.jpg\",\"datePublished\":\"2025-06-05T07:54:14+00:00\",\"dateModified\":\"2026-04-08T19:59:33+00:00\",\"description\":\"Dobbeltsidig magnet - 500 Kg - Bulldog - Magnetar\",\"breadcrumb\":{\"@id\":\"https:\\\/\\\/magnetarmagnets.com\\\/no\\\/shop\\\/dobbeltsidig-magnetsett-500-kg-bulldog\\\/#breadcrumb\"},\"inLanguage\":\"nb-NO\",\"potentialAction\":[{\"@type\":\"ReadAction\",\"target\":[\"https:\\\/\\\/magnetarmagnets.com\\\/no\\\/shop\\\/dobbeltsidig-magnetsett-500-kg-bulldog\\\/\"]}]},{\"@type\":\"ImageObject\",\"inLanguage\":\"nb-NO\",\"@id\":\"https:\\\/\\\/magnetarmagnets.com\\\/no\\\/shop\\\/dobbeltsidig-magnetsett-500-kg-bulldog\\\/#primaryimage\",\"url\":\"https:\\\/\\\/magnetarmagnets.com\\\/wp-content\\\/uploads\\\/2021\\\/10\\\/MAGNETAR-BULLDOG-500-KIT-GOOGLE.jpg\",\"contentUrl\":\"https:\\\/\\\/magnetarmagnets.com\\\/wp-content\\\/uploads\\\/2021\\\/10\\\/MAGNETAR-BULLDOG-500-KIT-GOOGLE.jpg\",\"width\":1500,\"height\":1500,\"caption\":\"MAGNETAR-BULLDOG-500-KIT\"},{\"@type\":\"BreadcrumbList\",\"@id\":\"https:\\\/\\\/magnetarmagnets.com\\\/no\\\/shop\\\/dobbeltsidig-magnetsett-500-kg-bulldog\\\/#breadcrumb\",\"itemListElement\":[{\"@type\":\"ListItem\",\"position\":1,\"name\":\"Home\",\"item\":\"https:\\\/\\\/magnetarmagnets.com\\\/no\\\/\"},{\"@type\":\"ListItem\",\"position\":2,\"name\":\"Butikk\",\"item\":\"https:\\\/\\\/magnetarmagnets.com\\\/butikk\\\/\"},{\"@type\":\"ListItem\",\"position\":3,\"name\":\"Fiskemagneter\",\"item\":\"https:\\\/\\\/magnetarmagnets.com\\\/no\\\/collections\\\/fiskemagneter\\\/\"},{\"@type\":\"ListItem\",\"position\":4,\"name\":\"Magnetfiske-sett\",\"item\":\"https:\\\/\\\/magnetarmagnets.com\\\/no\\\/collections\\\/fiskemagneter\\\/magnetfiske-sett\\\/\"},{\"@type\":\"ListItem\",\"position\":5,\"name\":\"Dobbeltsidig magnetsett &#8211; 500 kg &#8211; Bulldog\"}]},{\"@type\":\"WebSite\",\"@id\":\"https:\\\/\\\/magnetarmagnets.com\\\/no\\\/#website\",\"url\":\"https:\\\/\\\/magnetarmagnets.com\\\/no\\\/\",\"name\":\"Magnet fishing with a Magnetar fishing magnet\",\"description\":\"Kraftige magneter for magnetfiske\",\"publisher\":{\"@id\":\"https:\\\/\\\/magnetarmagnets.com\\\/no\\\/#organization\"},\"potentialAction\":[{\"@type\":\"SearchAction\",\"target\":{\"@type\":\"EntryPoint\",\"urlTemplate\":\"https:\\\/\\\/magnetarmagnets.com\\\/no\\\/?s={search_term_string}\"},\"query-input\":{\"@type\":\"PropertyValueSpecification\",\"valueRequired\":true,\"valueName\":\"search_term_string\"}}],\"inLanguage\":\"nb-NO\"},{\"@type\":\"Organization\",\"@id\":\"https:\\\/\\\/magnetarmagnets.com\\\/no\\\/#organization\",\"name\":\"Magnetar\",\"url\":\"https:\\\/\\\/magnetarmagnets.com\\\/no\\\/\",\"logo\":{\"@type\":\"ImageObject\",\"inLanguage\":\"nb-NO\",\"@id\":\"https:\\\/\\\/magnetarmagnets.com\\\/no\\\/#\\\/schema\\\/logo\\\/image\\\/\",\"url\":\"https:\\\/\\\/magnetarmagnets.com\\\/wp-content\\\/uploads\\\/2025\\\/05\\\/Logo-03_PNG-Black-scaled.png\",\"contentUrl\":\"https:\\\/\\\/magnetarmagnets.com\\\/wp-content\\\/uploads\\\/2025\\\/05\\\/Logo-03_PNG-Black-scaled.png\",\"width\":2560,\"height\":1658,\"caption\":\"Magnetar\"},\"image\":{\"@id\":\"https:\\\/\\\/magnetarmagnets.com\\\/no\\\/#\\\/schema\\\/logo\\\/image\\\/\"},\"sameAs\":[\"https:\\\/\\\/www.facebook.com\\\/fishingmagnets\\\/\",\"https:\\\/\\\/www.instagram.com\\\/magnetar_magnets\\\/\",\"https:\\\/\\\/www.linkedin.com\\\/company\\\/magnetarbv\\\/?originalSubdomain=nl\",\"https:\\\/\\\/www.youtube.com\\\/c\\\/MagnetarVismagneet\"]}]}<\/script>\n<!-- \/ Yoast SEO plugin. -->","yoast_head_json":{"title":"Dobbeltsidig magnetsett - 500 kg - Bulldog - Magnet fishing with a Magnetar fishing magnet","description":"Dobbeltsidig magnet - 500 Kg - Bulldog - Magnetar","robots":{"index":"index","follow":"follow","max-snippet":"max-snippet:-1","max-image-preview":"max-image-preview:large","max-video-preview":"max-video-preview:-1"},"canonical":"https:\/\/magnetarmagnets.com\/no\/shop\/dobbeltsidig-magnetsett-500-kg-bulldog\/","og_locale":"nb_NO","og_type":"article","og_title":"Dobbeltsidig magnetsett - 500 kg - Bulldog - Magnet fishing with a Magnetar fishing magnet","og_description":"Dobbeltsidig magnet - 500 Kg - Bulldog - Magnetar","og_url":"https:\/\/magnetarmagnets.com\/no\/shop\/dobbeltsidig-magnetsett-500-kg-bulldog\/","og_site_name":"Magnet fishing with a Magnetar fishing magnet","article_publisher":"https:\/\/www.facebook.com\/fishingmagnets\/","article_modified_time":"2026-04-08T19:59:33+00:00","og_image":[{"width":1500,"height":1500,"url":"https:\/\/magnetarmagnets.com\/wp-content\/uploads\/2021\/10\/MAGNETAR-BULLDOG-500-KIT-GOOGLE.jpg","type":"image\/jpeg"}],"twitter_card":"summary_large_image","twitter_misc":{"Ansl. lesetid":"3 minutter"},"schema":{"@context":"https:\/\/schema.org","@graph":[{"@type":["WebPage","ItemPage"],"@id":"https:\/\/magnetarmagnets.com\/no\/shop\/dobbeltsidig-magnetsett-500-kg-bulldog\/","url":"https:\/\/magnetarmagnets.com\/no\/shop\/dobbeltsidig-magnetsett-500-kg-bulldog\/","name":"Dobbeltsidig magnetsett - 500 kg - Bulldog - Magnet fishing with a Magnetar fishing magnet","isPartOf":{"@id":"https:\/\/magnetarmagnets.com\/no\/#website"},"primaryImageOfPage":{"@id":"https:\/\/magnetarmagnets.com\/no\/shop\/dobbeltsidig-magnetsett-500-kg-bulldog\/#primaryimage"},"image":{"@id":"https:\/\/magnetarmagnets.com\/no\/shop\/dobbeltsidig-magnetsett-500-kg-bulldog\/#primaryimage"},"thumbnailUrl":"https:\/\/magnetarmagnets.com\/wp-content\/uploads\/2021\/10\/MAGNETAR-BULLDOG-500-KIT-GOOGLE.jpg","datePublished":"2025-06-05T07:54:14+00:00","dateModified":"2026-04-08T19:59:33+00:00","description":"Dobbeltsidig magnet - 500 Kg - Bulldog - Magnetar","breadcrumb":{"@id":"https:\/\/magnetarmagnets.com\/no\/shop\/dobbeltsidig-magnetsett-500-kg-bulldog\/#breadcrumb"},"inLanguage":"nb-NO","potentialAction":[{"@type":"ReadAction","target":["https:\/\/magnetarmagnets.com\/no\/shop\/dobbeltsidig-magnetsett-500-kg-bulldog\/"]}]},{"@type":"ImageObject","inLanguage":"nb-NO","@id":"https:\/\/magnetarmagnets.com\/no\/shop\/dobbeltsidig-magnetsett-500-kg-bulldog\/#primaryimage","url":"https:\/\/magnetarmagnets.com\/wp-content\/uploads\/2021\/10\/MAGNETAR-BULLDOG-500-KIT-GOOGLE.jpg","contentUrl":"https:\/\/magnetarmagnets.com\/wp-content\/uploads\/2021\/10\/MAGNETAR-BULLDOG-500-KIT-GOOGLE.jpg","width":1500,"height":1500,"caption":"MAGNETAR-BULLDOG-500-KIT"},{"@type":"BreadcrumbList","@id":"https:\/\/magnetarmagnets.com\/no\/shop\/dobbeltsidig-magnetsett-500-kg-bulldog\/#breadcrumb","itemListElement":[{"@type":"ListItem","position":1,"name":"Home","item":"https:\/\/magnetarmagnets.com\/no\/"},{"@type":"ListItem","position":2,"name":"Butikk","item":"https:\/\/magnetarmagnets.com\/butikk\/"},{"@type":"ListItem","position":3,"name":"Fiskemagneter","item":"https:\/\/magnetarmagnets.com\/no\/collections\/fiskemagneter\/"},{"@type":"ListItem","position":4,"name":"Magnetfiske-sett","item":"https:\/\/magnetarmagnets.com\/no\/collections\/fiskemagneter\/magnetfiske-sett\/"},{"@type":"ListItem","position":5,"name":"Dobbeltsidig magnetsett &#8211; 500 kg &#8211; Bulldog"}]},{"@type":"WebSite","@id":"https:\/\/magnetarmagnets.com\/no\/#website","url":"https:\/\/magnetarmagnets.com\/no\/","name":"Magnet fishing with a Magnetar fishing magnet","description":"Kraftige magneter for magnetfiske","publisher":{"@id":"https:\/\/magnetarmagnets.com\/no\/#organization"},"potentialAction":[{"@type":"SearchAction","target":{"@type":"EntryPoint","urlTemplate":"https:\/\/magnetarmagnets.com\/no\/?s={search_term_string}"},"query-input":{"@type":"PropertyValueSpecification","valueRequired":true,"valueName":"search_term_string"}}],"inLanguage":"nb-NO"},{"@type":"Organization","@id":"https:\/\/magnetarmagnets.com\/no\/#organization","name":"Magnetar","url":"https:\/\/magnetarmagnets.com\/no\/","logo":{"@type":"ImageObject","inLanguage":"nb-NO","@id":"https:\/\/magnetarmagnets.com\/no\/#\/schema\/logo\/image\/","url":"https:\/\/magnetarmagnets.com\/wp-content\/uploads\/2025\/05\/Logo-03_PNG-Black-scaled.png","contentUrl":"https:\/\/magnetarmagnets.com\/wp-content\/uploads\/2025\/05\/Logo-03_PNG-Black-scaled.png","width":2560,"height":1658,"caption":"Magnetar"},"image":{"@id":"https:\/\/magnetarmagnets.com\/no\/#\/schema\/logo\/image\/"},"sameAs":["https:\/\/www.facebook.com\/fishingmagnets\/","https:\/\/www.instagram.com\/magnetar_magnets\/","https:\/\/www.linkedin.com\/company\/magnetarbv\/?originalSubdomain=nl","https:\/\/www.youtube.com\/c\/MagnetarVismagneet"]}]}},"_links":{"self":[{"href":"https:\/\/magnetarmagnets.com\/no\/wp-json\/wp\/v2\/product\/84270","targetHints":{"allow":["GET"]}}],"collection":[{"href":"https:\/\/magnetarmagnets.com\/no\/wp-json\/wp\/v2\/product"}],"about":[{"href":"https:\/\/magnetarmagnets.com\/no\/wp-json\/wp\/v2\/types\/product"}],"replies":[{"embeddable":true,"href":"https:\/\/magnetarmagnets.com\/no\/wp-json\/wp\/v2\/comments?post=84270"}],"version-history":[{"count":2,"href":"https:\/\/magnetarmagnets.com\/no\/wp-json\/wp\/v2\/product\/84270\/revisions"}],"predecessor-version":[{"id":96194,"href":"https:\/\/magnetarmagnets.com\/no\/wp-json\/wp\/v2\/product\/84270\/revisions\/96194"}],"wp:featuredmedia":[{"embeddable":true,"href":"https:\/\/magnetarmagnets.com\/no\/wp-json\/wp\/v2\/media\/78871"}],"wp:attachment":[{"href":"https:\/\/magnetarmagnets.com\/no\/wp-json\/wp\/v2\/media?parent=84270"}],"wp:term":[{"taxonomy":"product_brand","embeddable":true,"href":"https:\/\/magnetarmagnets.com\/no\/wp-json\/wp\/v2\/product_brand?post=84270"},{"taxonomy":"product_cat","embeddable":true,"href":"https:\/\/magnetarmagnets.com\/no\/wp-json\/wp\/v2\/product_cat?post=84270"},{"taxonomy":"product_tag","embeddable":true,"href":"https:\/\/magnetarmagnets.com\/no\/wp-json\/wp\/v2\/product_tag?post=84270"}],"curies":[{"name":"wp","href":"https:\/\/api.w.org\/{rel}","templated":true}]}}