{"id":84262,"date":"2025-06-05T09:54:16","date_gmt":"2025-06-05T07:54:16","guid":{"rendered":"https:\/\/magnetarmagnets.com\/?post_type=product&#038;p=84262"},"modified":"2026-04-03T13:00:43","modified_gmt":"2026-04-03T11:00:43","slug":"krok-for-magnetfiskestang","status":"publish","type":"product","link":"https:\/\/magnetarmagnets.com\/no\/shop\/krok-for-magnetfiskestang\/","title":{"rendered":"Krok for magnetfiskestang"},"content":{"rendered":"Noen ganger kan du komme over en gjenstand i vannet som du ikke kan hente med bare en fiskemagnet. Hva gj\u00f8r du da? Du bruker en krok fra Magnetar! Med dette tilbeh\u00f8ret f\u00e5r du et fast grep om selv de mest utfordrende objektene. Denne kroken har en gjengedende, som gj\u00f8r at den kan festes til v\u00e5r &#8220;Lange Jan&#8221;, en sonderingsstang laget for magnetfiske.\n\n<h2>H\u00f8ykvalitets krok med gjengedende<\/h2>\n\nDenne kroken for magnetfiske er laget helt i rustfritt st\u00e5l. Det sikrer at selve kroken er ikke-magnetisk og rustresistent, eller ruster sv\u00e6rt lite. Du kan bruke dette tilbeh\u00f8ret sammen med din Magnetar magnet kraftig uten problemer. Veldig praktisk, ikke sant?\n\n\n\nDette verkt\u00f8yet er spesielt designet for bruk med Lange Jan. Lange Jan er en sonderingsstang som vanligvis brukes sammen med en Magnetar <a href=\"https:\/\/magnetarmagnets.com\/strong-fishing-magnets\">fiskemagnet<\/a>. N\u00e5 kan du ogs\u00e5 montere en krok p\u00e5 Lange Jan, noe som gj\u00f8r det lettere \u00e5 n\u00e5 m\u00e5l under vann enn med bare et tau.\n\n<h2>Hvordan bruker jeg den gjengede kroken?<\/h2>\n\nDu bruker kroken f\u00f8rst og fremst til \u00e5 hente ikke-magnetiske gjenstander fra vannet. Med sonderingsstangen kan du pr\u00f8ve \u00e5 hekte en av krokspissene bak objektet. Trekk deretter forsiktig opp gjenstanden.\n\n\n\nNoen ganger f\u00e5r du kanskje ikke godt nok grep om en gjenstand med fiskemagnet alene. Da kommer Magnetar-kroken til unnsetning. Senk kroken forsiktig ned og pr\u00f8v \u00e5 hekte den bak gjenstanden. Trekk deretter opp b\u00e5de fiskemagneten og kroken samtidig.\n\n<h2>Magnetar-kvalitet<\/h2>\n\nMagnetar er en liten familiebedrift ledet av ekte magnetfiske-entusiaster. Kvalitet er v\u00e5r h\u00f8yeste prioritet, og det merker du p\u00e5 produktene v\u00e5re. Alle produkter er designet av v\u00e5rt eget team for \u00e5 garantere kvalitet. Ser du etter p\u00e5litelig, effektivt og h\u00f8ykvalitets utstyr for magnetfiske? Da har du kommet til rett sted hos Magnetar!\n\n<h2>Vennligst merk!<\/h2>\n\nDen gjengede kroken b\u00f8r brukes forsiktig under og etter magnetfiske. Det anbefales \u00e5 rengj\u00f8re produktet etter bruk for \u00e5 forlenge levetiden. V\u00e6r ogs\u00e5 oppmerksom p\u00e5 de skarpe krokspissene. S\u00f8rg for at produktet oppbevares slik at disse punktene ikke utgj\u00f8r noen fare.","protected":false},"excerpt":{"rendered":"<p>Du monterer denne <strong>gjengede kroken<\/strong> p\u00e5 v\u00e5r magnetfiskestang &#8220;Lange Jan&#8221;. Dette gj\u00f8r at du kan bruke en <strong>krok<\/strong> enda <strong>mer effektivt<\/strong>.<\/p>\n","protected":false},"featured_media":79734,"comment_status":"open","ping_status":"closed","template":"","meta":{"_acf_changed":false,"inline_featured_image":false},"product_brand":[],"product_cat":[720,718],"product_tag":[],"class_list":{"0":"post-84262","1":"product","2":"type-product","3":"status-publish","4":"has-post-thumbnail","6":"product_cat-kalastusmagneettivarusteet","7":"product_cat-varusteet","9":"first","10":"instock","11":"taxable","12":"shipping-taxable","13":"purchasable","14":"product-type-simple"},"acf":[],"yoast_head":"<!-- This site is optimized with the Yoast SEO plugin v27.3 - https:\/\/yoast.com\/product\/yoast-seo-wordpress\/ -->\n<title>Krok for magnetfiskestang<\/title>\n<meta name=\"description\" content=\"Krok for magnetfiske - Magnetar essentials\" \/>\n<meta name=\"robots\" content=\"index, follow, max-snippet:-1, max-image-preview:large, max-video-preview:-1\" \/>\n<link rel=\"canonical\" href=\"https:\/\/magnetarmagnets.com\/no\/shop\/krok-for-magnetfiskestang\/\" \/>\n<meta property=\"og:locale\" content=\"nb_NO\" \/>\n<meta property=\"og:type\" content=\"article\" \/>\n<meta property=\"og:title\" content=\"Krok for magnetfiskestang\" \/>\n<meta property=\"og:description\" content=\"Krok for magnetfiske - Magnetar essentials\" \/>\n<meta property=\"og:url\" content=\"https:\/\/magnetarmagnets.com\/no\/shop\/krok-for-magnetfiskestang\/\" \/>\n<meta property=\"og:site_name\" content=\"Magnet fishing with a Magnetar fishing magnet\" \/>\n<meta property=\"article:publisher\" content=\"https:\/\/www.facebook.com\/fishingmagnets\/\" \/>\n<meta property=\"article:modified_time\" content=\"2026-04-03T11:00:43+00:00\" \/>\n<meta property=\"og:image\" content=\"https:\/\/magnetarmagnets.com\/wp-content\/uploads\/2023\/09\/JNF-Magnetar-Bedrijfsfotografie-01-09-2023-Foto-0172.jpg\" \/>\n\t<meta property=\"og:image:width\" content=\"1000\" \/>\n\t<meta property=\"og:image:height\" content=\"1000\" \/>\n\t<meta property=\"og:image:type\" content=\"image\/jpeg\" \/>\n<meta name=\"twitter:card\" content=\"summary_large_image\" \/>\n<meta name=\"twitter:label1\" content=\"Ansl. lesetid\" \/>\n\t<meta name=\"twitter:data1\" content=\"2 minutter\" \/>\n<script type=\"application\/ld+json\" class=\"yoast-schema-graph\">{\"@context\":\"https:\\\/\\\/schema.org\",\"@graph\":[{\"@type\":[\"WebPage\",\"ItemPage\"],\"@id\":\"https:\\\/\\\/magnetarmagnets.com\\\/no\\\/shop\\\/krok-for-magnetfiskestang\\\/\",\"url\":\"https:\\\/\\\/magnetarmagnets.com\\\/no\\\/shop\\\/krok-for-magnetfiskestang\\\/\",\"name\":\"Krok for magnetfiskestang\",\"isPartOf\":{\"@id\":\"https:\\\/\\\/magnetarmagnets.com\\\/no\\\/#website\"},\"primaryImageOfPage\":{\"@id\":\"https:\\\/\\\/magnetarmagnets.com\\\/no\\\/shop\\\/krok-for-magnetfiskestang\\\/#primaryimage\"},\"image\":{\"@id\":\"https:\\\/\\\/magnetarmagnets.com\\\/no\\\/shop\\\/krok-for-magnetfiskestang\\\/#primaryimage\"},\"thumbnailUrl\":\"https:\\\/\\\/magnetarmagnets.com\\\/wp-content\\\/uploads\\\/2023\\\/09\\\/JNF-Magnetar-Bedrijfsfotografie-01-09-2023-Foto-0172.jpg\",\"datePublished\":\"2025-06-05T07:54:16+00:00\",\"dateModified\":\"2026-04-03T11:00:43+00:00\",\"description\":\"Krok for magnetfiske - Magnetar essentials\",\"breadcrumb\":{\"@id\":\"https:\\\/\\\/magnetarmagnets.com\\\/no\\\/shop\\\/krok-for-magnetfiskestang\\\/#breadcrumb\"},\"inLanguage\":\"nb-NO\",\"potentialAction\":[{\"@type\":\"ReadAction\",\"target\":[\"https:\\\/\\\/magnetarmagnets.com\\\/no\\\/shop\\\/krok-for-magnetfiskestang\\\/\"]}]},{\"@type\":\"ImageObject\",\"inLanguage\":\"nb-NO\",\"@id\":\"https:\\\/\\\/magnetarmagnets.com\\\/no\\\/shop\\\/krok-for-magnetfiskestang\\\/#primaryimage\",\"url\":\"https:\\\/\\\/magnetarmagnets.com\\\/wp-content\\\/uploads\\\/2023\\\/09\\\/JNF-Magnetar-Bedrijfsfotografie-01-09-2023-Foto-0172.jpg\",\"contentUrl\":\"https:\\\/\\\/magnetarmagnets.com\\\/wp-content\\\/uploads\\\/2023\\\/09\\\/JNF-Magnetar-Bedrijfsfotografie-01-09-2023-Foto-0172.jpg\",\"width\":1000,\"height\":1000,\"caption\":\"The grappling hook with a thread for magnet fishing\"},{\"@type\":\"BreadcrumbList\",\"@id\":\"https:\\\/\\\/magnetarmagnets.com\\\/no\\\/shop\\\/krok-for-magnetfiskestang\\\/#breadcrumb\",\"itemListElement\":[{\"@type\":\"ListItem\",\"position\":1,\"name\":\"Home\",\"item\":\"https:\\\/\\\/magnetarmagnets.com\\\/no\\\/\"},{\"@type\":\"ListItem\",\"position\":2,\"name\":\"Butikk\",\"item\":\"https:\\\/\\\/magnetarmagnets.com\\\/butikk\\\/\"},{\"@type\":\"ListItem\",\"position\":3,\"name\":\"Utstyr\",\"item\":\"https:\\\/\\\/magnetarmagnets.com\\\/no\\\/collections\\\/utstyr\\\/\"},{\"@type\":\"ListItem\",\"position\":4,\"name\":\"Magnetfiskeutstyr\",\"item\":\"https:\\\/\\\/magnetarmagnets.com\\\/no\\\/collections\\\/utstyr\\\/magnetfiskeutstyr\\\/\"},{\"@type\":\"ListItem\",\"position\":5,\"name\":\"Krok for magnetfiskestang\"}]},{\"@type\":\"WebSite\",\"@id\":\"https:\\\/\\\/magnetarmagnets.com\\\/no\\\/#website\",\"url\":\"https:\\\/\\\/magnetarmagnets.com\\\/no\\\/\",\"name\":\"Magnet fishing with a Magnetar fishing magnet\",\"description\":\"Kraftige magneter for magnetfiske\",\"publisher\":{\"@id\":\"https:\\\/\\\/magnetarmagnets.com\\\/no\\\/#organization\"},\"potentialAction\":[{\"@type\":\"SearchAction\",\"target\":{\"@type\":\"EntryPoint\",\"urlTemplate\":\"https:\\\/\\\/magnetarmagnets.com\\\/no\\\/?s={search_term_string}\"},\"query-input\":{\"@type\":\"PropertyValueSpecification\",\"valueRequired\":true,\"valueName\":\"search_term_string\"}}],\"inLanguage\":\"nb-NO\"},{\"@type\":\"Organization\",\"@id\":\"https:\\\/\\\/magnetarmagnets.com\\\/no\\\/#organization\",\"name\":\"Magnetar\",\"url\":\"https:\\\/\\\/magnetarmagnets.com\\\/no\\\/\",\"logo\":{\"@type\":\"ImageObject\",\"inLanguage\":\"nb-NO\",\"@id\":\"https:\\\/\\\/magnetarmagnets.com\\\/no\\\/#\\\/schema\\\/logo\\\/image\\\/\",\"url\":\"https:\\\/\\\/magnetarmagnets.com\\\/wp-content\\\/uploads\\\/2025\\\/05\\\/Logo-03_PNG-Black-scaled.png\",\"contentUrl\":\"https:\\\/\\\/magnetarmagnets.com\\\/wp-content\\\/uploads\\\/2025\\\/05\\\/Logo-03_PNG-Black-scaled.png\",\"width\":2560,\"height\":1658,\"caption\":\"Magnetar\"},\"image\":{\"@id\":\"https:\\\/\\\/magnetarmagnets.com\\\/no\\\/#\\\/schema\\\/logo\\\/image\\\/\"},\"sameAs\":[\"https:\\\/\\\/www.facebook.com\\\/fishingmagnets\\\/\",\"https:\\\/\\\/www.instagram.com\\\/magnetar_magnets\\\/\",\"https:\\\/\\\/www.linkedin.com\\\/company\\\/magnetarbv\\\/?originalSubdomain=nl\",\"https:\\\/\\\/www.youtube.com\\\/c\\\/MagnetarVismagneet\"]}]}<\/script>\n<!-- \/ Yoast SEO plugin. -->","yoast_head_json":{"title":"Krok for magnetfiskestang","description":"Krok for magnetfiske - Magnetar essentials","robots":{"index":"index","follow":"follow","max-snippet":"max-snippet:-1","max-image-preview":"max-image-preview:large","max-video-preview":"max-video-preview:-1"},"canonical":"https:\/\/magnetarmagnets.com\/no\/shop\/krok-for-magnetfiskestang\/","og_locale":"nb_NO","og_type":"article","og_title":"Krok for magnetfiskestang","og_description":"Krok for magnetfiske - Magnetar essentials","og_url":"https:\/\/magnetarmagnets.com\/no\/shop\/krok-for-magnetfiskestang\/","og_site_name":"Magnet fishing with a Magnetar fishing magnet","article_publisher":"https:\/\/www.facebook.com\/fishingmagnets\/","article_modified_time":"2026-04-03T11:00:43+00:00","og_image":[{"width":1000,"height":1000,"url":"https:\/\/magnetarmagnets.com\/wp-content\/uploads\/2023\/09\/JNF-Magnetar-Bedrijfsfotografie-01-09-2023-Foto-0172.jpg","type":"image\/jpeg"}],"twitter_card":"summary_large_image","twitter_misc":{"Ansl. lesetid":"2 minutter"},"schema":{"@context":"https:\/\/schema.org","@graph":[{"@type":["WebPage","ItemPage"],"@id":"https:\/\/magnetarmagnets.com\/no\/shop\/krok-for-magnetfiskestang\/","url":"https:\/\/magnetarmagnets.com\/no\/shop\/krok-for-magnetfiskestang\/","name":"Krok for magnetfiskestang","isPartOf":{"@id":"https:\/\/magnetarmagnets.com\/no\/#website"},"primaryImageOfPage":{"@id":"https:\/\/magnetarmagnets.com\/no\/shop\/krok-for-magnetfiskestang\/#primaryimage"},"image":{"@id":"https:\/\/magnetarmagnets.com\/no\/shop\/krok-for-magnetfiskestang\/#primaryimage"},"thumbnailUrl":"https:\/\/magnetarmagnets.com\/wp-content\/uploads\/2023\/09\/JNF-Magnetar-Bedrijfsfotografie-01-09-2023-Foto-0172.jpg","datePublished":"2025-06-05T07:54:16+00:00","dateModified":"2026-04-03T11:00:43+00:00","description":"Krok for magnetfiske - Magnetar essentials","breadcrumb":{"@id":"https:\/\/magnetarmagnets.com\/no\/shop\/krok-for-magnetfiskestang\/#breadcrumb"},"inLanguage":"nb-NO","potentialAction":[{"@type":"ReadAction","target":["https:\/\/magnetarmagnets.com\/no\/shop\/krok-for-magnetfiskestang\/"]}]},{"@type":"ImageObject","inLanguage":"nb-NO","@id":"https:\/\/magnetarmagnets.com\/no\/shop\/krok-for-magnetfiskestang\/#primaryimage","url":"https:\/\/magnetarmagnets.com\/wp-content\/uploads\/2023\/09\/JNF-Magnetar-Bedrijfsfotografie-01-09-2023-Foto-0172.jpg","contentUrl":"https:\/\/magnetarmagnets.com\/wp-content\/uploads\/2023\/09\/JNF-Magnetar-Bedrijfsfotografie-01-09-2023-Foto-0172.jpg","width":1000,"height":1000,"caption":"The grappling hook with a thread for magnet fishing"},{"@type":"BreadcrumbList","@id":"https:\/\/magnetarmagnets.com\/no\/shop\/krok-for-magnetfiskestang\/#breadcrumb","itemListElement":[{"@type":"ListItem","position":1,"name":"Home","item":"https:\/\/magnetarmagnets.com\/no\/"},{"@type":"ListItem","position":2,"name":"Butikk","item":"https:\/\/magnetarmagnets.com\/butikk\/"},{"@type":"ListItem","position":3,"name":"Utstyr","item":"https:\/\/magnetarmagnets.com\/no\/collections\/utstyr\/"},{"@type":"ListItem","position":4,"name":"Magnetfiskeutstyr","item":"https:\/\/magnetarmagnets.com\/no\/collections\/utstyr\/magnetfiskeutstyr\/"},{"@type":"ListItem","position":5,"name":"Krok for magnetfiskestang"}]},{"@type":"WebSite","@id":"https:\/\/magnetarmagnets.com\/no\/#website","url":"https:\/\/magnetarmagnets.com\/no\/","name":"Magnet fishing with a Magnetar fishing magnet","description":"Kraftige magneter for magnetfiske","publisher":{"@id":"https:\/\/magnetarmagnets.com\/no\/#organization"},"potentialAction":[{"@type":"SearchAction","target":{"@type":"EntryPoint","urlTemplate":"https:\/\/magnetarmagnets.com\/no\/?s={search_term_string}"},"query-input":{"@type":"PropertyValueSpecification","valueRequired":true,"valueName":"search_term_string"}}],"inLanguage":"nb-NO"},{"@type":"Organization","@id":"https:\/\/magnetarmagnets.com\/no\/#organization","name":"Magnetar","url":"https:\/\/magnetarmagnets.com\/no\/","logo":{"@type":"ImageObject","inLanguage":"nb-NO","@id":"https:\/\/magnetarmagnets.com\/no\/#\/schema\/logo\/image\/","url":"https:\/\/magnetarmagnets.com\/wp-content\/uploads\/2025\/05\/Logo-03_PNG-Black-scaled.png","contentUrl":"https:\/\/magnetarmagnets.com\/wp-content\/uploads\/2025\/05\/Logo-03_PNG-Black-scaled.png","width":2560,"height":1658,"caption":"Magnetar"},"image":{"@id":"https:\/\/magnetarmagnets.com\/no\/#\/schema\/logo\/image\/"},"sameAs":["https:\/\/www.facebook.com\/fishingmagnets\/","https:\/\/www.instagram.com\/magnetar_magnets\/","https:\/\/www.linkedin.com\/company\/magnetarbv\/?originalSubdomain=nl","https:\/\/www.youtube.com\/c\/MagnetarVismagneet"]}]}},"_links":{"self":[{"href":"https:\/\/magnetarmagnets.com\/no\/wp-json\/wp\/v2\/product\/84262","targetHints":{"allow":["GET"]}}],"collection":[{"href":"https:\/\/magnetarmagnets.com\/no\/wp-json\/wp\/v2\/product"}],"about":[{"href":"https:\/\/magnetarmagnets.com\/no\/wp-json\/wp\/v2\/types\/product"}],"replies":[{"embeddable":true,"href":"https:\/\/magnetarmagnets.com\/no\/wp-json\/wp\/v2\/comments?post=84262"}],"version-history":[{"count":0,"href":"https:\/\/magnetarmagnets.com\/no\/wp-json\/wp\/v2\/product\/84262\/revisions"}],"wp:featuredmedia":[{"embeddable":true,"href":"https:\/\/magnetarmagnets.com\/no\/wp-json\/wp\/v2\/media\/79734"}],"wp:attachment":[{"href":"https:\/\/magnetarmagnets.com\/no\/wp-json\/wp\/v2\/media?parent=84262"}],"wp:term":[{"taxonomy":"product_brand","embeddable":true,"href":"https:\/\/magnetarmagnets.com\/no\/wp-json\/wp\/v2\/product_brand?post=84262"},{"taxonomy":"product_cat","embeddable":true,"href":"https:\/\/magnetarmagnets.com\/no\/wp-json\/wp\/v2\/product_cat?post=84262"},{"taxonomy":"product_tag","embeddable":true,"href":"https:\/\/magnetarmagnets.com\/no\/wp-json\/wp\/v2\/product_tag?post=84262"}],"curies":[{"name":"wp","href":"https:\/\/api.w.org\/{rel}","templated":true}]}}