{"id":84261,"date":"2025-06-05T09:54:16","date_gmt":"2025-06-05T07:54:16","guid":{"rendered":"https:\/\/magnetarmagnets.com\/?post_type=product&#038;p=84261"},"modified":"2026-04-03T20:48:02","modified_gmt":"2026-04-03T18:48:02","slug":"fiskestangpakke-2-0-1000-kg-terror-allround-360","status":"publish","type":"product","link":"https:\/\/magnetarmagnets.com\/no\/shop\/fiskestangpakke-2-0-1000-kg-terror-allround-360\/","title":{"rendered":"Fiskestangpakke 2.0 &#8211; 1000 kg &#8211; Terror &#8211; Allround 360\u00b0"},"content":{"rendered":"<ul>\n \t<li style=\"font-weight: 400;\"><span style=\"font-weight: 400;\">Ekstra lang prikkingstav: 3 meter (3&#215;1 meter)<\/span><\/li>\n \t<li style=\"font-weight: 400;\"><span style=\"font-weight: 400;\">Rask montering\/demontering<\/span><\/li>\n \t<li style=\"font-weight: 400;\"><span style=\"font-weight: 400;\">Finner dyptliggende gjenstander<\/span><\/li>\n \t<li style=\"font-weight: 400;\"><span style=\"font-weight: 400;\">Fullt utstyrt for magnetfiske<\/span><\/li>\n \t<li style=\"font-weight: 400;\"><span style=\"font-weight: 400;\">Aluminiumstav som ikke ruster og er ekstra lett<\/span><\/li>\n \t<li style=\"font-weight: 400;\"><span style=\"font-weight: 400;\">Perfekt vekt p\u00e5 1,3 kg<\/span><\/li>\n \t<li style=\"font-weight: 400;\"><span style=\"font-weight: 400;\">Enkel \u00e5 transportere<\/span><\/li>\n \t<li style=\"font-weight: 400;\"><span style=\"font-weight: 400;\">Inkluderer oppbevaringspose<\/span><\/li>\n \t<li style=\"font-weight: 400;\"><span style=\"font-weight: 400;\">Festemidler for tau er inkludert<\/span><\/li>\n \t<li style=\"font-weight: 400;\"><span style=\"font-weight: 400;\">Ekstrapakke-rabatt!<\/span><\/li>\n<\/ul>\n<span style=\"font-weight: 400;\"><strong>Vil du starte med magnetfiske og leter etter riktig utstyr?<\/strong> Da er prikkingstavpakken perfekt for deg! Pakken inkluderer prikkingstaven \u2018Lange Jan\u2019, Terror fiskemagneten, vanntette hansker, l\u00e5sekl\u00e6r og oppbevaringsposen for prikkingstaven. Med \u2018Lange Jan\u2019 kommer du lenger ut i gj\u00f8rmen enn med tau, s\u00e5 mulighetene for \u00e5 finne gjenstander dypt i gj\u00f8rmen \u00f8ker.<\/span>\n\n<h2><strong>Prikkingstav for magnetfiske?<\/strong><\/h2>\n\n<span style=\"font-weight: 400;\">Du kjenner sikkert til magnetfiske med tau, men har du noen gang h\u00f8rt om magnetfiske med prikkingstav? Dette er en lettere m\u00e5te \u00e5 n\u00e5 gjenstander som ligger dypt under gj\u00f8rmen eller mellom sivet. Med en fiskemagnet og tau kommer du aldri en meter ned i gj\u00f8rma, men med Magnetar sin prikkingstav kan du det. Vil du at disse skattene skal forbli skjult? Eller \u00f8nsker du \u00e5 bruke v\u00e5r prikkingstav og fiskemagnet for \u00e5 hente opp alle skattene?<\/span>\n\n\n<a href=\"https:\/\/www.youtube.com\/watch?v=zK9xbaohgCw\">Klikk her for instruksjonsvideo.<\/a>\n\n<h2><b>Beskyttelsesdeksel<\/b><\/h2>\n\nBeskyttelsesdekselet som f\u00f8lger med i denne pakken er det perfekte tilbeh\u00f8ret for magnetfiskere som \u00f8nsker \u00e5 beskytte sine neodymmagneter under bruk. Disse holdbare dekslene er spesielt designet for \u00e5 passe perfekt p\u00e5 magneten og gir et ekstra lag beskyttelse mot riper, brudd og annen type skade. V\u00e5re beskyttelsesdeksler er laget for \u00e5 vare og t\u00e5ler t\u00f8ffe forhold. Dekselet er laget av rustfritt st\u00e5l. Dette s\u00f8rger for at magneten beholder sin magnetkraft 360\u00b0. Med v\u00e5re beskyttelsesdeksler kan du magnetfiske uten \u00e5 bekymre deg for skader p\u00e5 din verdifulle fiskemagnet.\n\n\n(Vennligst v\u00e6r klar over at undersiden av magneten ikke er beskyttet av dekselet)","protected":false},"excerpt":{"rendered":"<p>Vil du magnetfiske med <strong>presisjon<\/strong>? Det kan du med <strong>Fishing Pole Package 2.0<\/strong>! <strong>Kombiner<\/strong> den allsidige 360\u00b0 Terror fiskemagneten med v\u00e5r Magnetstang.<\/p>\n","protected":false},"featured_media":78883,"comment_status":"open","ping_status":"closed","template":"","meta":{"_acf_changed":false,"inline_featured_image":false},"product_brand":[],"product_cat":[607,615,602,608,616],"product_tag":[],"class_list":{"0":"post-84261","1":"product","2":"type-product","3":"status-publish","4":"has-post-thumbnail","6":"product_cat-allround-fiskemagneter-360","7":"product_cat-erfarne-eventyrere","8":"product_cat-fiskemagneter","9":"product_cat-magnetfiske-sett","10":"product_cat-profesjonelle","12":"first","13":"instock","14":"sale","15":"taxable","16":"shipping-taxable","17":"purchasable","18":"product-type-simple"},"acf":[],"yoast_head":"<!-- This site is optimized with the Yoast SEO plugin v27.3 - https:\/\/yoast.com\/product\/yoast-seo-wordpress\/ -->\n<title>Fiskestangpakke 2.0 - 1000 kg - Terror - Allround 360\u00b0 - Magnet fishing with a Magnetar fishing magnet<\/title>\n<meta name=\"description\" content=\"Fiskestangkit - 1000 Kg Terror - Magnetar\" \/>\n<meta name=\"robots\" content=\"index, follow, max-snippet:-1, max-image-preview:large, max-video-preview:-1\" \/>\n<link rel=\"canonical\" href=\"https:\/\/magnetarmagnets.com\/no\/shop\/fiskestangpakke-2-0-1000-kg-terror-allround-360\/\" \/>\n<meta property=\"og:locale\" content=\"nb_NO\" \/>\n<meta property=\"og:type\" content=\"article\" \/>\n<meta property=\"og:title\" content=\"Fiskestangpakke 2.0 - 1000 kg - Terror - Allround 360\u00b0 - Magnet fishing with a Magnetar fishing magnet\" \/>\n<meta property=\"og:description\" content=\"Fiskestangkit - 1000 Kg Terror - Magnetar\" \/>\n<meta property=\"og:url\" content=\"https:\/\/magnetarmagnets.com\/no\/shop\/fiskestangpakke-2-0-1000-kg-terror-allround-360\/\" \/>\n<meta property=\"og:site_name\" content=\"Magnet fishing with a Magnetar fishing magnet\" \/>\n<meta property=\"article:publisher\" content=\"https:\/\/www.facebook.com\/fishingmagnets\/\" \/>\n<meta property=\"article:modified_time\" content=\"2026-04-03T18:48:02+00:00\" \/>\n<meta property=\"og:image\" content=\"https:\/\/magnetarmagnets.com\/wp-content\/uploads\/2021\/10\/MAGNETAR-DEEP-SEEKER-2.0-KIT-GOOGLE.jpg\" \/>\n\t<meta property=\"og:image:width\" content=\"1500\" \/>\n\t<meta property=\"og:image:height\" content=\"1500\" \/>\n\t<meta property=\"og:image:type\" content=\"image\/jpeg\" \/>\n<meta name=\"twitter:card\" content=\"summary_large_image\" \/>\n<meta name=\"twitter:label1\" content=\"Ansl. lesetid\" \/>\n\t<meta name=\"twitter:data1\" content=\"2 minutter\" \/>\n<script type=\"application\/ld+json\" class=\"yoast-schema-graph\">{\"@context\":\"https:\\\/\\\/schema.org\",\"@graph\":[{\"@type\":[\"WebPage\",\"ItemPage\"],\"@id\":\"https:\\\/\\\/magnetarmagnets.com\\\/no\\\/shop\\\/fiskestangpakke-2-0-1000-kg-terror-allround-360\\\/\",\"url\":\"https:\\\/\\\/magnetarmagnets.com\\\/no\\\/shop\\\/fiskestangpakke-2-0-1000-kg-terror-allround-360\\\/\",\"name\":\"Fiskestangpakke 2.0 - 1000 kg - Terror - Allround 360\u00b0 - Magnet fishing with a Magnetar fishing magnet\",\"isPartOf\":{\"@id\":\"https:\\\/\\\/magnetarmagnets.com\\\/no\\\/#website\"},\"primaryImageOfPage\":{\"@id\":\"https:\\\/\\\/magnetarmagnets.com\\\/no\\\/shop\\\/fiskestangpakke-2-0-1000-kg-terror-allround-360\\\/#primaryimage\"},\"image\":{\"@id\":\"https:\\\/\\\/magnetarmagnets.com\\\/no\\\/shop\\\/fiskestangpakke-2-0-1000-kg-terror-allround-360\\\/#primaryimage\"},\"thumbnailUrl\":\"https:\\\/\\\/magnetarmagnets.com\\\/wp-content\\\/uploads\\\/2021\\\/10\\\/MAGNETAR-DEEP-SEEKER-2.0-KIT-GOOGLE.jpg\",\"datePublished\":\"2025-06-05T07:54:16+00:00\",\"dateModified\":\"2026-04-03T18:48:02+00:00\",\"description\":\"Fiskestangkit - 1000 Kg Terror - Magnetar\",\"breadcrumb\":{\"@id\":\"https:\\\/\\\/magnetarmagnets.com\\\/no\\\/shop\\\/fiskestangpakke-2-0-1000-kg-terror-allround-360\\\/#breadcrumb\"},\"inLanguage\":\"nb-NO\",\"potentialAction\":[{\"@type\":\"ReadAction\",\"target\":[\"https:\\\/\\\/magnetarmagnets.com\\\/no\\\/shop\\\/fiskestangpakke-2-0-1000-kg-terror-allround-360\\\/\"]}]},{\"@type\":\"ImageObject\",\"inLanguage\":\"nb-NO\",\"@id\":\"https:\\\/\\\/magnetarmagnets.com\\\/no\\\/shop\\\/fiskestangpakke-2-0-1000-kg-terror-allround-360\\\/#primaryimage\",\"url\":\"https:\\\/\\\/magnetarmagnets.com\\\/wp-content\\\/uploads\\\/2021\\\/10\\\/MAGNETAR-DEEP-SEEKER-2.0-KIT-GOOGLE.jpg\",\"contentUrl\":\"https:\\\/\\\/magnetarmagnets.com\\\/wp-content\\\/uploads\\\/2021\\\/10\\\/MAGNETAR-DEEP-SEEKER-2.0-KIT-GOOGLE.jpg\",\"width\":1500,\"height\":1500,\"caption\":\"MAGNETAR-DEEP-SEEKER-2.0-KIT\"},{\"@type\":\"BreadcrumbList\",\"@id\":\"https:\\\/\\\/magnetarmagnets.com\\\/no\\\/shop\\\/fiskestangpakke-2-0-1000-kg-terror-allround-360\\\/#breadcrumb\",\"itemListElement\":[{\"@type\":\"ListItem\",\"position\":1,\"name\":\"Home\",\"item\":\"https:\\\/\\\/magnetarmagnets.com\\\/no\\\/\"},{\"@type\":\"ListItem\",\"position\":2,\"name\":\"Butikk\",\"item\":\"https:\\\/\\\/magnetarmagnets.com\\\/butikk\\\/\"},{\"@type\":\"ListItem\",\"position\":3,\"name\":\"Fiskemagneter\",\"item\":\"https:\\\/\\\/magnetarmagnets.com\\\/no\\\/collections\\\/fiskemagneter\\\/\"},{\"@type\":\"ListItem\",\"position\":4,\"name\":\"Allround fiskemagneter 360\u00b0\",\"item\":\"https:\\\/\\\/magnetarmagnets.com\\\/no\\\/collections\\\/fiskemagneter\\\/allround-fiskemagneter-360\\\/\"},{\"@type\":\"ListItem\",\"position\":5,\"name\":\"Fiskestangpakke 2.0 &#8211; 1000 kg &#8211; Terror &#8211; Allround 360\u00b0\"}]},{\"@type\":\"WebSite\",\"@id\":\"https:\\\/\\\/magnetarmagnets.com\\\/no\\\/#website\",\"url\":\"https:\\\/\\\/magnetarmagnets.com\\\/no\\\/\",\"name\":\"Magnet fishing with a Magnetar fishing magnet\",\"description\":\"Kraftige magneter for magnetfiske\",\"publisher\":{\"@id\":\"https:\\\/\\\/magnetarmagnets.com\\\/no\\\/#organization\"},\"potentialAction\":[{\"@type\":\"SearchAction\",\"target\":{\"@type\":\"EntryPoint\",\"urlTemplate\":\"https:\\\/\\\/magnetarmagnets.com\\\/no\\\/?s={search_term_string}\"},\"query-input\":{\"@type\":\"PropertyValueSpecification\",\"valueRequired\":true,\"valueName\":\"search_term_string\"}}],\"inLanguage\":\"nb-NO\"},{\"@type\":\"Organization\",\"@id\":\"https:\\\/\\\/magnetarmagnets.com\\\/no\\\/#organization\",\"name\":\"Magnetar\",\"url\":\"https:\\\/\\\/magnetarmagnets.com\\\/no\\\/\",\"logo\":{\"@type\":\"ImageObject\",\"inLanguage\":\"nb-NO\",\"@id\":\"https:\\\/\\\/magnetarmagnets.com\\\/no\\\/#\\\/schema\\\/logo\\\/image\\\/\",\"url\":\"https:\\\/\\\/magnetarmagnets.com\\\/wp-content\\\/uploads\\\/2025\\\/05\\\/Logo-03_PNG-Black-scaled.png\",\"contentUrl\":\"https:\\\/\\\/magnetarmagnets.com\\\/wp-content\\\/uploads\\\/2025\\\/05\\\/Logo-03_PNG-Black-scaled.png\",\"width\":2560,\"height\":1658,\"caption\":\"Magnetar\"},\"image\":{\"@id\":\"https:\\\/\\\/magnetarmagnets.com\\\/no\\\/#\\\/schema\\\/logo\\\/image\\\/\"},\"sameAs\":[\"https:\\\/\\\/www.facebook.com\\\/fishingmagnets\\\/\",\"https:\\\/\\\/www.instagram.com\\\/magnetar_magnets\\\/\",\"https:\\\/\\\/www.linkedin.com\\\/company\\\/magnetarbv\\\/?originalSubdomain=nl\",\"https:\\\/\\\/www.youtube.com\\\/c\\\/MagnetarVismagneet\"]}]}<\/script>\n<!-- \/ Yoast SEO plugin. -->","yoast_head_json":{"title":"Fiskestangpakke 2.0 - 1000 kg - Terror - Allround 360\u00b0 - Magnet fishing with a Magnetar fishing magnet","description":"Fiskestangkit - 1000 Kg Terror - Magnetar","robots":{"index":"index","follow":"follow","max-snippet":"max-snippet:-1","max-image-preview":"max-image-preview:large","max-video-preview":"max-video-preview:-1"},"canonical":"https:\/\/magnetarmagnets.com\/no\/shop\/fiskestangpakke-2-0-1000-kg-terror-allround-360\/","og_locale":"nb_NO","og_type":"article","og_title":"Fiskestangpakke 2.0 - 1000 kg - Terror - Allround 360\u00b0 - Magnet fishing with a Magnetar fishing magnet","og_description":"Fiskestangkit - 1000 Kg Terror - Magnetar","og_url":"https:\/\/magnetarmagnets.com\/no\/shop\/fiskestangpakke-2-0-1000-kg-terror-allround-360\/","og_site_name":"Magnet fishing with a Magnetar fishing magnet","article_publisher":"https:\/\/www.facebook.com\/fishingmagnets\/","article_modified_time":"2026-04-03T18:48:02+00:00","og_image":[{"width":1500,"height":1500,"url":"https:\/\/magnetarmagnets.com\/wp-content\/uploads\/2021\/10\/MAGNETAR-DEEP-SEEKER-2.0-KIT-GOOGLE.jpg","type":"image\/jpeg"}],"twitter_card":"summary_large_image","twitter_misc":{"Ansl. lesetid":"2 minutter"},"schema":{"@context":"https:\/\/schema.org","@graph":[{"@type":["WebPage","ItemPage"],"@id":"https:\/\/magnetarmagnets.com\/no\/shop\/fiskestangpakke-2-0-1000-kg-terror-allround-360\/","url":"https:\/\/magnetarmagnets.com\/no\/shop\/fiskestangpakke-2-0-1000-kg-terror-allround-360\/","name":"Fiskestangpakke 2.0 - 1000 kg - Terror - Allround 360\u00b0 - Magnet fishing with a Magnetar fishing magnet","isPartOf":{"@id":"https:\/\/magnetarmagnets.com\/no\/#website"},"primaryImageOfPage":{"@id":"https:\/\/magnetarmagnets.com\/no\/shop\/fiskestangpakke-2-0-1000-kg-terror-allround-360\/#primaryimage"},"image":{"@id":"https:\/\/magnetarmagnets.com\/no\/shop\/fiskestangpakke-2-0-1000-kg-terror-allround-360\/#primaryimage"},"thumbnailUrl":"https:\/\/magnetarmagnets.com\/wp-content\/uploads\/2021\/10\/MAGNETAR-DEEP-SEEKER-2.0-KIT-GOOGLE.jpg","datePublished":"2025-06-05T07:54:16+00:00","dateModified":"2026-04-03T18:48:02+00:00","description":"Fiskestangkit - 1000 Kg Terror - Magnetar","breadcrumb":{"@id":"https:\/\/magnetarmagnets.com\/no\/shop\/fiskestangpakke-2-0-1000-kg-terror-allround-360\/#breadcrumb"},"inLanguage":"nb-NO","potentialAction":[{"@type":"ReadAction","target":["https:\/\/magnetarmagnets.com\/no\/shop\/fiskestangpakke-2-0-1000-kg-terror-allround-360\/"]}]},{"@type":"ImageObject","inLanguage":"nb-NO","@id":"https:\/\/magnetarmagnets.com\/no\/shop\/fiskestangpakke-2-0-1000-kg-terror-allround-360\/#primaryimage","url":"https:\/\/magnetarmagnets.com\/wp-content\/uploads\/2021\/10\/MAGNETAR-DEEP-SEEKER-2.0-KIT-GOOGLE.jpg","contentUrl":"https:\/\/magnetarmagnets.com\/wp-content\/uploads\/2021\/10\/MAGNETAR-DEEP-SEEKER-2.0-KIT-GOOGLE.jpg","width":1500,"height":1500,"caption":"MAGNETAR-DEEP-SEEKER-2.0-KIT"},{"@type":"BreadcrumbList","@id":"https:\/\/magnetarmagnets.com\/no\/shop\/fiskestangpakke-2-0-1000-kg-terror-allround-360\/#breadcrumb","itemListElement":[{"@type":"ListItem","position":1,"name":"Home","item":"https:\/\/magnetarmagnets.com\/no\/"},{"@type":"ListItem","position":2,"name":"Butikk","item":"https:\/\/magnetarmagnets.com\/butikk\/"},{"@type":"ListItem","position":3,"name":"Fiskemagneter","item":"https:\/\/magnetarmagnets.com\/no\/collections\/fiskemagneter\/"},{"@type":"ListItem","position":4,"name":"Allround fiskemagneter 360\u00b0","item":"https:\/\/magnetarmagnets.com\/no\/collections\/fiskemagneter\/allround-fiskemagneter-360\/"},{"@type":"ListItem","position":5,"name":"Fiskestangpakke 2.0 &#8211; 1000 kg &#8211; Terror &#8211; Allround 360\u00b0"}]},{"@type":"WebSite","@id":"https:\/\/magnetarmagnets.com\/no\/#website","url":"https:\/\/magnetarmagnets.com\/no\/","name":"Magnet fishing with a Magnetar fishing magnet","description":"Kraftige magneter for magnetfiske","publisher":{"@id":"https:\/\/magnetarmagnets.com\/no\/#organization"},"potentialAction":[{"@type":"SearchAction","target":{"@type":"EntryPoint","urlTemplate":"https:\/\/magnetarmagnets.com\/no\/?s={search_term_string}"},"query-input":{"@type":"PropertyValueSpecification","valueRequired":true,"valueName":"search_term_string"}}],"inLanguage":"nb-NO"},{"@type":"Organization","@id":"https:\/\/magnetarmagnets.com\/no\/#organization","name":"Magnetar","url":"https:\/\/magnetarmagnets.com\/no\/","logo":{"@type":"ImageObject","inLanguage":"nb-NO","@id":"https:\/\/magnetarmagnets.com\/no\/#\/schema\/logo\/image\/","url":"https:\/\/magnetarmagnets.com\/wp-content\/uploads\/2025\/05\/Logo-03_PNG-Black-scaled.png","contentUrl":"https:\/\/magnetarmagnets.com\/wp-content\/uploads\/2025\/05\/Logo-03_PNG-Black-scaled.png","width":2560,"height":1658,"caption":"Magnetar"},"image":{"@id":"https:\/\/magnetarmagnets.com\/no\/#\/schema\/logo\/image\/"},"sameAs":["https:\/\/www.facebook.com\/fishingmagnets\/","https:\/\/www.instagram.com\/magnetar_magnets\/","https:\/\/www.linkedin.com\/company\/magnetarbv\/?originalSubdomain=nl","https:\/\/www.youtube.com\/c\/MagnetarVismagneet"]}]}},"_links":{"self":[{"href":"https:\/\/magnetarmagnets.com\/no\/wp-json\/wp\/v2\/product\/84261","targetHints":{"allow":["GET"]}}],"collection":[{"href":"https:\/\/magnetarmagnets.com\/no\/wp-json\/wp\/v2\/product"}],"about":[{"href":"https:\/\/magnetarmagnets.com\/no\/wp-json\/wp\/v2\/types\/product"}],"replies":[{"embeddable":true,"href":"https:\/\/magnetarmagnets.com\/no\/wp-json\/wp\/v2\/comments?post=84261"}],"version-history":[{"count":0,"href":"https:\/\/magnetarmagnets.com\/no\/wp-json\/wp\/v2\/product\/84261\/revisions"}],"wp:featuredmedia":[{"embeddable":true,"href":"https:\/\/magnetarmagnets.com\/no\/wp-json\/wp\/v2\/media\/78883"}],"wp:attachment":[{"href":"https:\/\/magnetarmagnets.com\/no\/wp-json\/wp\/v2\/media?parent=84261"}],"wp:term":[{"taxonomy":"product_brand","embeddable":true,"href":"https:\/\/magnetarmagnets.com\/no\/wp-json\/wp\/v2\/product_brand?post=84261"},{"taxonomy":"product_cat","embeddable":true,"href":"https:\/\/magnetarmagnets.com\/no\/wp-json\/wp\/v2\/product_cat?post=84261"},{"taxonomy":"product_tag","embeddable":true,"href":"https:\/\/magnetarmagnets.com\/no\/wp-json\/wp\/v2\/product_tag?post=84261"}],"curies":[{"name":"wp","href":"https:\/\/api.w.org\/{rel}","templated":true}]}}