{"id":84260,"date":"2025-06-05T09:54:16","date_gmt":"2025-06-05T07:54:16","guid":{"rendered":"https:\/\/magnetarmagnets.com\/?post_type=product&#038;p=84260"},"modified":"2026-04-13T01:11:46","modified_gmt":"2026-04-12T23:11:46","slug":"girl-power-kit-600kg-hardcore-allround-360","status":"publish","type":"product","link":"https:\/\/magnetarmagnets.com\/no\/shop\/girl-power-kit-600kg-hardcore-allround-360\/","title":{"rendered":"Girl power kit &#8211; 600kg \u2013 Hardcore \u2013 Allround 360\u00b0"},"content":{"rendered":"Er du kvinne som elsker <a href=\"https:\/\/magnetarmagnets.com\/\" target=\"_blank\" rel=\"noopener\">magnetfiske<\/a>? Og \u00f8nsker du \u00e5 bli en proff? V\u00e5rt Girl Power Kit er veien \u00e5 g\u00e5 og har alt du trenger for \u00e5 komme i gang (og f\u00e5 rabatt p\u00e5 pakken!). Denne pakken inkluderer v\u00e5r bestselger <a href=\"https:\/\/magnetarmagnets.com\/shop\/hardcore-magnet-2\/\" target=\"_blank\" rel=\"noopener\">Hardcore<\/a> allround 360\u00b0 magnet. Den inneholder ogs\u00e5 Hardcore beskyttelsesetui, hansker p\u00e5 8 mm, 10 ml lim og en rosa Magnetar caps.\n\n<h2>Hardcore: en Neodymmagnet for fisking<\/h2>\n\nV\u00e5r allsidige 360\u00b0 Neodymmagnet er kjent for sin kraftige magnetkraft. Dette er en av de beste og mest prisgunstige fiskemagnetene p\u00e5 markedet, om vi selv skal si det. Magneten har en tiltrekningskraft p\u00e5 14 cm, noe som \u00f8ker sjansene for \u00e5 finne st\u00f8rre og bedre skatter.\n\nDerfor er mange magnetfiskere sv\u00e6rt forn\u00f8yde med dette produktet. Nysgjerrig p\u00e5 hva andre entusiaster synes om Hardcore magneten? Finn det ut i denne videoen p\u00e5 <a href=\"https:\/\/www.youtube.com\/watch?v=1izvqgYbtd8\">YouTube<\/a>! Vil du oppgradere fra en ensidig fiskemagnet? Da kan Hardcore v\u00e6re et godt valg.\n\n<h2>Klar for \u00e5 oppgradere til Hardcore?<\/h2>\n\nDenne kraftige fiskemagneten vil gj\u00f8re deg til en ekte proff. Grunnen er at magneten plukker opp objekter p\u00e5 begge sider, noe som gj\u00f8r det enklere \u00e5 finne skatter. Det b\u00f8r nevnes at produktet har en behagelig kastvekt, noe som gj\u00f8r den generelt egnet for kvinnelige magnetfiskere.\n\nErfarne magnetfiskere liker Hardcore-magneten, som har vokst til \u00e5 bli en av v\u00e5re bestselgere. Magneten er laget av Neodymium, den kraftigste typen permanent magnet. Den kan l\u00f8fte mer enn andre magnetmaterialer av samme st\u00f8rrelse. Dette utvider variasjonen av gjenstander du kan finne og den samlede tiltrekningen fra alle kanter.\n\n<h2>Den mest komplette fiskemagneten<\/h2>\n\nMange magneter som brukes til fisking har tiltrekningskraft kun p\u00e5 \u00e9n side. Disse fiskemagnetene fungerer bra for mange. Men for de st\u00f8rste magnetfiskeentusiastene kom vi opp med noe nytt. Vi var det f\u00f8rste selskapet som redesignet denne klassiske magneten til en dobbeltsidig fiskemagnet. I 2016 skapte Magnetar en allround fiskemagnet med en magnetisk kraft p\u00e5 360 grader. Mange magnetfiskere over hele Europa elsker v\u00e5re 100 % Neodymium allround-magneter, noe som gj\u00f8r oss til den mest popul\u00e6re leverand\u00f8ren i Europa.\n\nFor \u00e5 sikre at vi leverer komplette produkter, designes v\u00e5re produkter av et lite team av magnetfiskeentusiaster og er laget av materialer av h\u00f8yeste kvalitet. Heldigvis kommer kundene stadig tilbake til Magnetar.\n\n<h2>Kraftig og revolusjonerende dragkraft<\/h2>\n\nDe allround fiskemagnetene vi tilbyr har en sterk 360\u00b0 dragkraft. Selvf\u00f8lgelig kan ikke dragkraften til 100 % Neodymium-magneter sammenlignes med tradisjonelle produkter. Tradisjonelle ensidige magneter har et st\u00e5ldeksel som p\u00e5virker dragkraften. I tillegg er dragkraften rettet i \u00e9n retning. Resultatet er at disse produktene oppn\u00e5r h\u00f8y dragkraft mot en flat metallplate, mens v\u00e5re unike allround 360\u00b0 magneter oppn\u00e5r h\u00f8y dragkraft i hele omgivelsen. Vil du vite hvordan vi m\u00e5ler dette? Vi forklarer det i denne <a href=\"https:\/\/www.youtube.com\/watch?v=2McW3RURDxs\">videoen<\/a>.\n\n<h2>Kvalitetsstandarder<\/h2>\n\nHos Magnetar streber vi etter h\u00f8y kvalitet. Derfor er v\u00e5re magneter laget av neodymium, noe som gj\u00f8r at de beholder sin magnetkraft i flere ti\u00e5r!\n\nVi har lagt merke til at mange fiskemagneter p\u00e5 markedet mister sin kraft etter bare noen f\u00e5 uker. Dette skyldes ofte bruk av d\u00e5rlig kvalitet og d\u00e5rlig produksjonsprosess. Hvis du kj\u00f8per slike produkter fra st\u00f8rre selskaper, kan du risikere \u00e5 bli skuffet.\n\nMagnetar er et lite familieeid selskap fylt med magnetfiskeentusiaster som prioriterer h\u00f8ye kvalitetsstandarder i alt vi gj\u00f8r. Vi designer produktene selv for \u00e5 sikre at du f\u00e5r et kvalitetsprodukt, som lar deg nyte hobbyen fullt ut.\n\n<h2>Viktigheten av beskyttelse<\/h2>\n\nBeskyttelse av din 100 % Neodymium Hardcore magnet er viktig. Bruk kan f\u00f8re til riper, brudd eller annen skade. Derfor har vi inkludert et beskyttelsesdeksel i dette Girl Power Kit. Det er laget av rustfritt st\u00e5l, noe som sikrer at magneten forblir magnetisk. V\u00e6r oppmerksom p\u00e5 at bunnen av magneten fortsatt er s\u00e5rbar.\n\n<h2>Bruk dette produktet med forsiktighet<\/h2>\n\nBruken av Neodymium i v\u00e5re produkter resulterer i sv\u00e6rt sterke magneter. I n\u00e6r avstand kan jernobjekter trekkes raskt mot magneten. V\u00e6r forsiktig slik at ikke h\u00e5nd eller fingre havner mellom to magnetiske gjenstander. Bruk av disse magnetene skjer p\u00e5 egen risiko og barn b\u00f8r alltid v\u00e6re under foreldres tilsyn. Det er klokt \u00e5 lese v\u00e5re <a href=\"https:\/\/magnetarmagnets.com\/how-do-you-use-fishing-magnets-in-a-safe-way\/?v=796834e7a283\">sikkerhetsadvarsler<\/a> f\u00f8r bruk.\n\n<h2>Ser du etter mer?<\/h2>\n\nKlar for en enda st\u00f8rre allround magnet i en komplett pakke? Se v\u00e5r <a href=\"https:\/\/magnetarmagnets.com\/shop\/expert-package\/\" target=\"_blank\" rel=\"noopener\">Expert-pakke<\/a> med en av de sterkeste magnetene vi tilbyr: Terror fiskemagnet. Leter du etter en passende pakke for barn? Se <a href=\"https:\/\/magnetarmagnets.com\/shop\/kids-package\/\" target=\"_blank\" rel=\"noopener\">barnepakken<\/a> for de yngste eller startpakken for eldre barn.\n\nIkke glem \u00e5 sjekke ut de <a href=\"https:\/\/magnetarmagnets.com\/magnet-fishing-kit\/\" target=\"_blank\" rel=\"noopener\">beste magnetfiskesettene<\/a> og v\u00e5rt <a href=\"https:\/\/magnetarmagnets.com\/accessories\/\" target=\"_blank\" rel=\"noopener\">magnetfiskeutstyr<\/a>.","protected":false},"excerpt":{"rendered":"<p>Kom i gang med Girl Power Kit. Denne pakken inneholder den <strong>600 kg Hardcore Allround 360\u00b0 magneten<\/strong>, Hardcore beskyttelsesetui, rosa Magnetar caps, 8 mm tau, hansker og lim. <strong>Alt du trenger<\/strong> for \u00e5 starte ditt magnetfiske-eventyr!<\/p>\n","protected":false},"featured_media":80647,"comment_status":"open","ping_status":"closed","template":"","meta":{"_acf_changed":false,"inline_featured_image":false},"product_brand":[],"product_cat":[607,615,602,608,614],"product_tag":[],"class_list":{"0":"post-84260","1":"product","2":"type-product","3":"status-publish","4":"has-post-thumbnail","6":"product_cat-allround-fiskemagneter-360","7":"product_cat-erfarne-eventyrere","8":"product_cat-fiskemagneter","9":"product_cat-magnetfiske-sett","10":"product_cat-nybegynnere-og-barn","12":"first","13":"onbackorder","14":"sale","15":"taxable","16":"shipping-taxable","17":"purchasable","18":"product-type-simple"},"acf":[],"yoast_head":"<!-- This site is optimized with the Yoast SEO plugin v27.4 - https:\/\/yoast.com\/product\/yoast-seo-wordpress\/ -->\n<title>Girl power kit - 1300 lb \/ 600 kg - Hardcore Allround 360\u00b0<\/title>\n<meta name=\"description\" content=\"Magnetfiske for jenter? V\u00e5rt Girl Power Kit passer godt for kvinner som \u00f8nsker \u00e5 ta skattejakthobbyen til neste niv\u00e5!\" \/>\n<meta name=\"robots\" content=\"index, follow, max-snippet:-1, max-image-preview:large, max-video-preview:-1\" \/>\n<link rel=\"canonical\" href=\"https:\/\/magnetarmagnets.com\/no\/shop\/girl-power-kit-600kg-hardcore-allround-360\/\" \/>\n<meta property=\"og:locale\" content=\"nb_NO\" \/>\n<meta property=\"og:type\" content=\"article\" \/>\n<meta property=\"og:title\" content=\"Girl power kit - 1300 lb \/ 600 kg - Hardcore Allround 360\u00b0\" \/>\n<meta property=\"og:description\" content=\"Magnetfiske for jenter? V\u00e5rt Girl Power Kit passer godt for kvinner som \u00f8nsker \u00e5 ta skattejakthobbyen til neste niv\u00e5!\" \/>\n<meta property=\"og:url\" content=\"https:\/\/magnetarmagnets.com\/no\/shop\/girl-power-kit-600kg-hardcore-allround-360\/\" \/>\n<meta property=\"og:site_name\" content=\"Magnet fishing with a Magnetar fishing magnet\" \/>\n<meta property=\"article:publisher\" content=\"https:\/\/www.facebook.com\/fishingmagnets\/\" \/>\n<meta property=\"article:modified_time\" content=\"2026-04-12T23:11:46+00:00\" \/>\n<meta property=\"og:image\" content=\"https:\/\/magnetarmagnets.com\/wp-content\/uploads\/2021\/10\/Kopie-van-MAGNETAR-KIT-CANVA-1.png\" \/>\n\t<meta property=\"og:image:width\" content=\"1500\" \/>\n\t<meta property=\"og:image:height\" content=\"1500\" \/>\n\t<meta property=\"og:image:type\" content=\"image\/png\" \/>\n<meta name=\"twitter:card\" content=\"summary_large_image\" \/>\n<meta name=\"twitter:label1\" content=\"Ansl. lesetid\" \/>\n\t<meta name=\"twitter:data1\" content=\"4 minutter\" \/>\n<script type=\"application\/ld+json\" class=\"yoast-schema-graph\">{\"@context\":\"https:\\\/\\\/schema.org\",\"@graph\":[{\"@type\":[\"WebPage\",\"ItemPage\"],\"@id\":\"https:\\\/\\\/magnetarmagnets.com\\\/no\\\/shop\\\/girl-power-kit-600kg-hardcore-allround-360\\\/\",\"url\":\"https:\\\/\\\/magnetarmagnets.com\\\/no\\\/shop\\\/girl-power-kit-600kg-hardcore-allround-360\\\/\",\"name\":\"Girl power kit - 1300 lb \\\/ 600 kg - Hardcore Allround 360\u00b0\",\"isPartOf\":{\"@id\":\"https:\\\/\\\/magnetarmagnets.com\\\/no\\\/#website\"},\"primaryImageOfPage\":{\"@id\":\"https:\\\/\\\/magnetarmagnets.com\\\/no\\\/shop\\\/girl-power-kit-600kg-hardcore-allround-360\\\/#primaryimage\"},\"image\":{\"@id\":\"https:\\\/\\\/magnetarmagnets.com\\\/no\\\/shop\\\/girl-power-kit-600kg-hardcore-allround-360\\\/#primaryimage\"},\"thumbnailUrl\":\"https:\\\/\\\/magnetarmagnets.com\\\/wp-content\\\/uploads\\\/2021\\\/10\\\/Kopie-van-MAGNETAR-KIT-CANVA-1.png\",\"datePublished\":\"2025-06-05T07:54:16+00:00\",\"dateModified\":\"2026-04-12T23:11:46+00:00\",\"description\":\"Magnetfiske for jenter? V\u00e5rt Girl Power Kit passer godt for kvinner som \u00f8nsker \u00e5 ta skattejakthobbyen til neste niv\u00e5!\",\"breadcrumb\":{\"@id\":\"https:\\\/\\\/magnetarmagnets.com\\\/no\\\/shop\\\/girl-power-kit-600kg-hardcore-allround-360\\\/#breadcrumb\"},\"inLanguage\":\"nb-NO\",\"potentialAction\":[{\"@type\":\"ReadAction\",\"target\":[\"https:\\\/\\\/magnetarmagnets.com\\\/no\\\/shop\\\/girl-power-kit-600kg-hardcore-allround-360\\\/\"]}]},{\"@type\":\"ImageObject\",\"inLanguage\":\"nb-NO\",\"@id\":\"https:\\\/\\\/magnetarmagnets.com\\\/no\\\/shop\\\/girl-power-kit-600kg-hardcore-allround-360\\\/#primaryimage\",\"url\":\"https:\\\/\\\/magnetarmagnets.com\\\/wp-content\\\/uploads\\\/2021\\\/10\\\/Kopie-van-MAGNETAR-KIT-CANVA-1.png\",\"contentUrl\":\"https:\\\/\\\/magnetarmagnets.com\\\/wp-content\\\/uploads\\\/2021\\\/10\\\/Kopie-van-MAGNETAR-KIT-CANVA-1.png\",\"width\":1500,\"height\":1500,\"caption\":\"Girl Power Package - Hardcore Fishing Magnet\"},{\"@type\":\"BreadcrumbList\",\"@id\":\"https:\\\/\\\/magnetarmagnets.com\\\/no\\\/shop\\\/girl-power-kit-600kg-hardcore-allround-360\\\/#breadcrumb\",\"itemListElement\":[{\"@type\":\"ListItem\",\"position\":1,\"name\":\"Home\",\"item\":\"https:\\\/\\\/magnetarmagnets.com\\\/no\\\/\"},{\"@type\":\"ListItem\",\"position\":2,\"name\":\"Butikk\",\"item\":\"https:\\\/\\\/magnetarmagnets.com\\\/butikk\\\/\"},{\"@type\":\"ListItem\",\"position\":3,\"name\":\"Fiskemagneter\",\"item\":\"https:\\\/\\\/magnetarmagnets.com\\\/no\\\/collections\\\/fiskemagneter\\\/\"},{\"@type\":\"ListItem\",\"position\":4,\"name\":\"Allround fiskemagneter 360\u00b0\",\"item\":\"https:\\\/\\\/magnetarmagnets.com\\\/no\\\/collections\\\/fiskemagneter\\\/allround-fiskemagneter-360\\\/\"},{\"@type\":\"ListItem\",\"position\":5,\"name\":\"Girl power kit &#8211; 600kg \u2013 Hardcore \u2013 Allround 360\u00b0\"}]},{\"@type\":\"WebSite\",\"@id\":\"https:\\\/\\\/magnetarmagnets.com\\\/no\\\/#website\",\"url\":\"https:\\\/\\\/magnetarmagnets.com\\\/no\\\/\",\"name\":\"Magnet fishing with a Magnetar fishing magnet\",\"description\":\"Kraftige magneter for magnetfiske\",\"publisher\":{\"@id\":\"https:\\\/\\\/magnetarmagnets.com\\\/no\\\/#organization\"},\"potentialAction\":[{\"@type\":\"SearchAction\",\"target\":{\"@type\":\"EntryPoint\",\"urlTemplate\":\"https:\\\/\\\/magnetarmagnets.com\\\/no\\\/?s={search_term_string}\"},\"query-input\":{\"@type\":\"PropertyValueSpecification\",\"valueRequired\":true,\"valueName\":\"search_term_string\"}}],\"inLanguage\":\"nb-NO\"},{\"@type\":\"Organization\",\"@id\":\"https:\\\/\\\/magnetarmagnets.com\\\/no\\\/#organization\",\"name\":\"Magnetar\",\"url\":\"https:\\\/\\\/magnetarmagnets.com\\\/no\\\/\",\"logo\":{\"@type\":\"ImageObject\",\"inLanguage\":\"nb-NO\",\"@id\":\"https:\\\/\\\/magnetarmagnets.com\\\/no\\\/#\\\/schema\\\/logo\\\/image\\\/\",\"url\":\"https:\\\/\\\/magnetarmagnets.com\\\/wp-content\\\/uploads\\\/2025\\\/05\\\/Logo-03_PNG-Black-scaled.png\",\"contentUrl\":\"https:\\\/\\\/magnetarmagnets.com\\\/wp-content\\\/uploads\\\/2025\\\/05\\\/Logo-03_PNG-Black-scaled.png\",\"width\":2560,\"height\":1658,\"caption\":\"Magnetar\"},\"image\":{\"@id\":\"https:\\\/\\\/magnetarmagnets.com\\\/no\\\/#\\\/schema\\\/logo\\\/image\\\/\"},\"sameAs\":[\"https:\\\/\\\/www.facebook.com\\\/fishingmagnets\\\/\",\"https:\\\/\\\/www.instagram.com\\\/magnetar_magnets\\\/\",\"https:\\\/\\\/www.linkedin.com\\\/company\\\/magnetarbv\\\/?originalSubdomain=nl\",\"https:\\\/\\\/www.youtube.com\\\/c\\\/MagnetarVismagneet\"]}]}<\/script>\n<!-- \/ Yoast SEO plugin. -->","yoast_head_json":{"title":"Girl power kit - 1300 lb \/ 600 kg - Hardcore Allround 360\u00b0","description":"Magnetfiske for jenter? V\u00e5rt Girl Power Kit passer godt for kvinner som \u00f8nsker \u00e5 ta skattejakthobbyen til neste niv\u00e5!","robots":{"index":"index","follow":"follow","max-snippet":"max-snippet:-1","max-image-preview":"max-image-preview:large","max-video-preview":"max-video-preview:-1"},"canonical":"https:\/\/magnetarmagnets.com\/no\/shop\/girl-power-kit-600kg-hardcore-allround-360\/","og_locale":"nb_NO","og_type":"article","og_title":"Girl power kit - 1300 lb \/ 600 kg - Hardcore Allround 360\u00b0","og_description":"Magnetfiske for jenter? V\u00e5rt Girl Power Kit passer godt for kvinner som \u00f8nsker \u00e5 ta skattejakthobbyen til neste niv\u00e5!","og_url":"https:\/\/magnetarmagnets.com\/no\/shop\/girl-power-kit-600kg-hardcore-allround-360\/","og_site_name":"Magnet fishing with a Magnetar fishing magnet","article_publisher":"https:\/\/www.facebook.com\/fishingmagnets\/","article_modified_time":"2026-04-12T23:11:46+00:00","og_image":[{"width":1500,"height":1500,"url":"https:\/\/magnetarmagnets.com\/wp-content\/uploads\/2021\/10\/Kopie-van-MAGNETAR-KIT-CANVA-1.png","type":"image\/png"}],"twitter_card":"summary_large_image","twitter_misc":{"Ansl. lesetid":"4 minutter"},"schema":{"@context":"https:\/\/schema.org","@graph":[{"@type":["WebPage","ItemPage"],"@id":"https:\/\/magnetarmagnets.com\/no\/shop\/girl-power-kit-600kg-hardcore-allround-360\/","url":"https:\/\/magnetarmagnets.com\/no\/shop\/girl-power-kit-600kg-hardcore-allround-360\/","name":"Girl power kit - 1300 lb \/ 600 kg - Hardcore Allround 360\u00b0","isPartOf":{"@id":"https:\/\/magnetarmagnets.com\/no\/#website"},"primaryImageOfPage":{"@id":"https:\/\/magnetarmagnets.com\/no\/shop\/girl-power-kit-600kg-hardcore-allround-360\/#primaryimage"},"image":{"@id":"https:\/\/magnetarmagnets.com\/no\/shop\/girl-power-kit-600kg-hardcore-allround-360\/#primaryimage"},"thumbnailUrl":"https:\/\/magnetarmagnets.com\/wp-content\/uploads\/2021\/10\/Kopie-van-MAGNETAR-KIT-CANVA-1.png","datePublished":"2025-06-05T07:54:16+00:00","dateModified":"2026-04-12T23:11:46+00:00","description":"Magnetfiske for jenter? V\u00e5rt Girl Power Kit passer godt for kvinner som \u00f8nsker \u00e5 ta skattejakthobbyen til neste niv\u00e5!","breadcrumb":{"@id":"https:\/\/magnetarmagnets.com\/no\/shop\/girl-power-kit-600kg-hardcore-allround-360\/#breadcrumb"},"inLanguage":"nb-NO","potentialAction":[{"@type":"ReadAction","target":["https:\/\/magnetarmagnets.com\/no\/shop\/girl-power-kit-600kg-hardcore-allround-360\/"]}]},{"@type":"ImageObject","inLanguage":"nb-NO","@id":"https:\/\/magnetarmagnets.com\/no\/shop\/girl-power-kit-600kg-hardcore-allround-360\/#primaryimage","url":"https:\/\/magnetarmagnets.com\/wp-content\/uploads\/2021\/10\/Kopie-van-MAGNETAR-KIT-CANVA-1.png","contentUrl":"https:\/\/magnetarmagnets.com\/wp-content\/uploads\/2021\/10\/Kopie-van-MAGNETAR-KIT-CANVA-1.png","width":1500,"height":1500,"caption":"Girl Power Package - Hardcore Fishing Magnet"},{"@type":"BreadcrumbList","@id":"https:\/\/magnetarmagnets.com\/no\/shop\/girl-power-kit-600kg-hardcore-allround-360\/#breadcrumb","itemListElement":[{"@type":"ListItem","position":1,"name":"Home","item":"https:\/\/magnetarmagnets.com\/no\/"},{"@type":"ListItem","position":2,"name":"Butikk","item":"https:\/\/magnetarmagnets.com\/butikk\/"},{"@type":"ListItem","position":3,"name":"Fiskemagneter","item":"https:\/\/magnetarmagnets.com\/no\/collections\/fiskemagneter\/"},{"@type":"ListItem","position":4,"name":"Allround fiskemagneter 360\u00b0","item":"https:\/\/magnetarmagnets.com\/no\/collections\/fiskemagneter\/allround-fiskemagneter-360\/"},{"@type":"ListItem","position":5,"name":"Girl power kit &#8211; 600kg \u2013 Hardcore \u2013 Allround 360\u00b0"}]},{"@type":"WebSite","@id":"https:\/\/magnetarmagnets.com\/no\/#website","url":"https:\/\/magnetarmagnets.com\/no\/","name":"Magnet fishing with a Magnetar fishing magnet","description":"Kraftige magneter for magnetfiske","publisher":{"@id":"https:\/\/magnetarmagnets.com\/no\/#organization"},"potentialAction":[{"@type":"SearchAction","target":{"@type":"EntryPoint","urlTemplate":"https:\/\/magnetarmagnets.com\/no\/?s={search_term_string}"},"query-input":{"@type":"PropertyValueSpecification","valueRequired":true,"valueName":"search_term_string"}}],"inLanguage":"nb-NO"},{"@type":"Organization","@id":"https:\/\/magnetarmagnets.com\/no\/#organization","name":"Magnetar","url":"https:\/\/magnetarmagnets.com\/no\/","logo":{"@type":"ImageObject","inLanguage":"nb-NO","@id":"https:\/\/magnetarmagnets.com\/no\/#\/schema\/logo\/image\/","url":"https:\/\/magnetarmagnets.com\/wp-content\/uploads\/2025\/05\/Logo-03_PNG-Black-scaled.png","contentUrl":"https:\/\/magnetarmagnets.com\/wp-content\/uploads\/2025\/05\/Logo-03_PNG-Black-scaled.png","width":2560,"height":1658,"caption":"Magnetar"},"image":{"@id":"https:\/\/magnetarmagnets.com\/no\/#\/schema\/logo\/image\/"},"sameAs":["https:\/\/www.facebook.com\/fishingmagnets\/","https:\/\/www.instagram.com\/magnetar_magnets\/","https:\/\/www.linkedin.com\/company\/magnetarbv\/?originalSubdomain=nl","https:\/\/www.youtube.com\/c\/MagnetarVismagneet"]}]}},"_links":{"self":[{"href":"https:\/\/magnetarmagnets.com\/no\/wp-json\/wp\/v2\/product\/84260","targetHints":{"allow":["GET"]}}],"collection":[{"href":"https:\/\/magnetarmagnets.com\/no\/wp-json\/wp\/v2\/product"}],"about":[{"href":"https:\/\/magnetarmagnets.com\/no\/wp-json\/wp\/v2\/types\/product"}],"replies":[{"embeddable":true,"href":"https:\/\/magnetarmagnets.com\/no\/wp-json\/wp\/v2\/comments?post=84260"}],"version-history":[{"count":1,"href":"https:\/\/magnetarmagnets.com\/no\/wp-json\/wp\/v2\/product\/84260\/revisions"}],"predecessor-version":[{"id":95286,"href":"https:\/\/magnetarmagnets.com\/no\/wp-json\/wp\/v2\/product\/84260\/revisions\/95286"}],"wp:featuredmedia":[{"embeddable":true,"href":"https:\/\/magnetarmagnets.com\/no\/wp-json\/wp\/v2\/media\/80647"}],"wp:attachment":[{"href":"https:\/\/magnetarmagnets.com\/no\/wp-json\/wp\/v2\/media?parent=84260"}],"wp:term":[{"taxonomy":"product_brand","embeddable":true,"href":"https:\/\/magnetarmagnets.com\/no\/wp-json\/wp\/v2\/product_brand?post=84260"},{"taxonomy":"product_cat","embeddable":true,"href":"https:\/\/magnetarmagnets.com\/no\/wp-json\/wp\/v2\/product_cat?post=84260"},{"taxonomy":"product_tag","embeddable":true,"href":"https:\/\/magnetarmagnets.com\/no\/wp-json\/wp\/v2\/product_tag?post=84260"}],"curies":[{"name":"wp","href":"https:\/\/api.w.org\/{rel}","templated":true}]}}