{"id":84257,"date":"2025-06-05T09:54:16","date_gmt":"2025-06-05T07:54:16","guid":{"rendered":"https:\/\/magnetarmagnets.com\/?post_type=product&#038;p=84257"},"modified":"2026-04-12T16:09:36","modified_gmt":"2026-04-12T14:09:36","slug":"beast-magnet-1400-kg-allround-360","status":"publish","type":"product","link":"https:\/\/magnetarmagnets.com\/no\/shop\/beast-magnet-1400-kg-allround-360\/","title":{"rendered":"Beast Magnet &#8211; 1400 kg &#8211; Allround 360\u00b0"},"content":{"rendered":"<span style=\"font-weight: 400;\">* Beskytt magneten med en\u00a0<a href=\"https:\/\/magnetarmagnets.com\/shop\/protection-cover-beast\/\" target=\"_blank\" rel=\"noopener\"><b>beskyttelsesdeksel<\/b><\/a>\u00a0under fisking. Uten beskyttelsesdeksel kan magneten bli skadet ved st\u00f8t mot harde gjenstander. Beskyttelsesdekselet er ikke inkludert med magneten.<\/span>\n\n<h2><b>Beast Neodymmagnet til magnetfiske<\/b><\/h2>\n\n<span style=\"font-weight: 400;\">De positive tilbakemeldingene p\u00e5 v\u00e5re <a href=\"https:\/\/magnetarmagnets.com\/shop\/hardcore-magnet-2\/\" target=\"_blank\" rel=\"noopener\">Hardcore<\/a> og <a href=\"https:\/\/magnetarmagnets.com\/shop\/exclusive-terror-magnet\/\" target=\"_blank\" rel=\"noopener\">Terror<\/a> magneter inspirerte oss til \u00e5 utvikle en ny superkraft, Beast! Beast er enda kraftigere enn v\u00e5re Hardcore &amp; Terror magneter; den er ikke bare sterk, den er BEASTLY sterk. Beast fiskemagnet er den st\u00f8rre etterf\u00f8lgeren til den velkjente Terror magneten. Fordi magneten er tyngre, synker den ekstra dypt ned i gj\u00f8rme og slam. Dette gj\u00f8r at magneten kan n\u00e5 dypere og vanskeligere tilgjengelige objekter.<\/span>\n\n<span style=\"font-weight: 400;\">Som en allround fiskemagnet har Beast en magnetisk trekkraft p\u00e5 omtrent 350 kg p\u00e5 hver side. Laget av 100 % neodymmagnet, det sterkeste permanente magnetiske jordmetallet, gir Beast den optimale sjansen til \u00e5 samle metallobjekter n\u00e6r og langt unna.<\/span>\n\n<b>Er du en legendarisk magnetfisker?<\/b> <span style=\"font-weight: 400;\">Eller \u00f8nsker du \u00e5 bli en legende? V\u00e5r <\/span><a href=\"https:\/\/magnetarmagnets.com\/shop\/legend-package\/\" target=\"_blank\" rel=\"noopener\"><span style=\"font-weight: 400;\">Legend Package<\/span><\/a><span style=\"font-weight: 400;\"> er veien \u00e5 g\u00e5 og inkluderer alt du trenger for \u00e5 komme i gang (og f\u00e5 pakketilbud!). Denne pakken inkluderer v\u00e5r Beast allround 360\u00b0 magnet. I pakken f\u00f8lger ogs\u00e5 et sterkt tau p\u00e5 10 mm med karabinkroker, vanntette hansker, et Legend beskyttelsesdeksel, lim og en ekstra stor kjettingkrok i rustfritt st\u00e5l. Vil du ta det til neste niv\u00e5? Sjekk ut v\u00e5r <\/span><a href=\"https:\/\/magnetarmagnets.com\/shop\/warrior-package\/\" target=\"_blank\" rel=\"noopener\"><span style=\"font-weight: 400;\">Warrior Package<\/span><\/a><span style=\"font-weight: 400;\">!<\/span>\n\n<h2><b>Er du klar til \u00e5 pr\u00f8ve Beast?<\/b><\/h2>\n\n<span style=\"font-weight: 400;\">Navnet p\u00e5 magneten sier alt, dette er en Beast! Beast fiskemagnet har en 360\u00b0 magnetisk trekkraft p\u00e5 1400 kg. Gjenstander trekkes til alle sider av magneten gjennom ulike forhold under vann (gj\u00f8rme, slam, str\u00f8m, stein), og den hekter seg ikke lett fast p\u00e5 steiner. Magneten er designet for den avanserte magnetfiskeren og krever ekstra forsiktighet og omtanke.<\/span>\n\n<span style=\"font-weight: 400;\">Beast er for kraftige magnetfiskere som vet hva de gj\u00f8r. Magneten er s\u00e5 kraftig at den beveger seg under vann og s\u00f8ker etter objekter p\u00e5 egen h\u00e5nd. Den er s\u00e5 tung at den graver gjennom gj\u00f8rme og kan n\u00e5 noen av de dypeste, eldste og mest skjulte objektene. Oppgrader ditt <a href=\"https:\/\/magnetarmagnets.com\/accessories\/\" target=\"_blank\" rel=\"noopener\">magnetfiskeutstyr<\/a> for \u00e5 finne de tyngste skattene som store pengeskap, v\u00e5pen, bildeler, scootere, el-sykler med mer.<\/span>\n\n\n\nHvis du er ute etter et komplett sett, ikke glem \u00e5 sjekke ut v\u00e5re <a href=\"https:\/\/magnetarmagnets.com\/collections\/fishing-magnets\/magnet-fishing-kit\/\" target=\"_blank\" rel=\"noopener\">magnetfiske-sett<\/a>.\n\n<h2><b>Magnetutvikling<\/b><\/h2>\n\n<span style=\"font-weight: 400;\">Mange magneter har bare tiltrekningskraft p\u00e5 \u00e9n side. Denne ensidige magneten er den klassiske fiskemagneten. Magnetar var f\u00f8rst ute med \u00e5 videreutvikle denne klassiske magneten til en tosidig magnet. I 2016 utviklet Magnetar den allsidige fiskemagneten med 360\u00b0 magnetisk trekkraft. Magnetfiskere over hele EU har siden blitt tiltrukket av v\u00e5re 100 % neodymmagneter, noe som har gjort oss til Europas ledende leverand\u00f8r. V\u00e5re magneter er laget med h\u00f8yeste kvalitet, design og omsorg av et lite team av magnetfiskeentusiaster. Kundene v\u00e5re kommer tilbake fordi de vet at hos Magnetar f\u00e5r de mer enn bare en magnet \u2013 de finner skatter.<\/span>\n\n<h2><strong>Kraftfull 360\u00b0 trekkraft<\/strong><\/h2>\n\n<span style=\"font-weight: 400;\">Beast magneten er en av de sterkeste magnetene vi tilbyr, med en trekkraft p\u00e5 opptil 1400 kg. Trekkraften er kraftfull og tiltrekker objekter fra hele omgivelsene, i motsetning til en ensidig magnet innkapslet i et st\u00e5lhus som retter kraften i \u00e9n retning. Nysgjerrig p\u00e5 hvordan vi m\u00e5ler trekkraft? <\/span><a href=\"https:\/\/www.youtube.com\/watch?v=2McW3RURDxs\" target=\"_blank\" rel=\"noopener\"><span style=\"font-weight: 400;\">Se v\u00e5r video<\/span><\/a><span style=\"font-weight: 400\">.<\/span>","protected":false},"excerpt":{"rendered":"<p><strong>Veldig kraftig<\/strong>, v\u00e5r 360\u00b0 allsidige fiskemagnet er perfekt for en <strong>erfaren magnetfisker<\/strong>. Beast har en <strong>utrolig sterk magnetisk tiltrekning<\/strong> og tiltrekker alle magnetiske objekter p\u00e5 lang avstand, selv om de er runde, rustne eller nedsenket. Denne fiskemagneten er s\u00e5 <strong>kraftig<\/strong> at du m\u00e5 ta ekstra forholdsregler ved oppbevaring, transport og bruk.<\/p>\n","protected":false},"featured_media":78495,"comment_status":"open","ping_status":"closed","template":"","meta":{"_acf_changed":false,"inline_featured_image":false},"product_brand":[],"product_cat":[607,602,604],"product_tag":[],"class_list":{"0":"post-84257","1":"product","2":"type-product","3":"status-publish","4":"has-post-thumbnail","6":"product_cat-allround-fiskemagneter-360","7":"product_cat-fiskemagneter","8":"product_cat-sterkeste-fiskemagneter","10":"first","11":"outofstock","12":"sale","13":"taxable","14":"shipping-taxable","15":"purchasable","16":"product-type-simple"},"acf":[],"yoast_head":"<!-- This site is optimized with the Yoast SEO plugin v27.4 - https:\/\/yoast.com\/product\/yoast-seo-wordpress\/ -->\n<title>Beast Magnet - 1400 kg - Allround 360\u00b0<\/title>\n<meta name=\"description\" content=\"Beast fiskemagnet er ikke bare sterk, den er BEASTLY STERK noe \u00e5 v\u00e6re redd for! Magnetar, din spesialist p\u00e5 magnetfiskemagneter!\" \/>\n<meta name=\"robots\" content=\"index, follow, max-snippet:-1, max-image-preview:large, max-video-preview:-1\" \/>\n<link rel=\"canonical\" href=\"https:\/\/magnetarmagnets.com\/no\/shop\/beast-magnet-1400-kg-allround-360\/\" \/>\n<meta property=\"og:locale\" content=\"nb_NO\" \/>\n<meta property=\"og:type\" content=\"article\" \/>\n<meta property=\"og:title\" content=\"Beast Magnet - 1400 kg - Allround 360\u00b0\" \/>\n<meta property=\"og:description\" content=\"Beast fiskemagnet er ikke bare sterk, den er BEASTLY STERK noe \u00e5 v\u00e6re redd for! Magnetar, din spesialist p\u00e5 magnetfiskemagneter!\" \/>\n<meta property=\"og:url\" content=\"https:\/\/magnetarmagnets.com\/no\/shop\/beast-magnet-1400-kg-allround-360\/\" \/>\n<meta property=\"og:site_name\" content=\"Magnet fishing with a Magnetar fishing magnet\" \/>\n<meta property=\"article:publisher\" content=\"https:\/\/www.facebook.com\/fishingmagnets\/\" \/>\n<meta property=\"article:modified_time\" content=\"2026-04-12T14:09:36+00:00\" \/>\n<meta property=\"og:image\" content=\"https:\/\/magnetarmagnets.com\/wp-content\/uploads\/2019\/12\/Beast-magnet-360-Degrees-Neodymium.jpeg\" \/>\n\t<meta property=\"og:image:width\" content=\"1000\" \/>\n\t<meta property=\"og:image:height\" content=\"1000\" \/>\n\t<meta property=\"og:image:type\" content=\"image\/jpeg\" \/>\n<meta name=\"twitter:card\" content=\"summary_large_image\" \/>\n<meta name=\"twitter:label1\" content=\"Ansl. lesetid\" \/>\n\t<meta name=\"twitter:data1\" content=\"5 minutter\" \/>\n<script type=\"application\/ld+json\" class=\"yoast-schema-graph\">{\"@context\":\"https:\\\/\\\/schema.org\",\"@graph\":[{\"@type\":[\"WebPage\",\"ItemPage\"],\"@id\":\"https:\\\/\\\/magnetarmagnets.com\\\/no\\\/shop\\\/beast-magnet-1400-kg-allround-360\\\/\",\"url\":\"https:\\\/\\\/magnetarmagnets.com\\\/no\\\/shop\\\/beast-magnet-1400-kg-allround-360\\\/\",\"name\":\"Beast Magnet - 1400 kg - Allround 360\u00b0\",\"isPartOf\":{\"@id\":\"https:\\\/\\\/magnetarmagnets.com\\\/no\\\/#website\"},\"primaryImageOfPage\":{\"@id\":\"https:\\\/\\\/magnetarmagnets.com\\\/no\\\/shop\\\/beast-magnet-1400-kg-allround-360\\\/#primaryimage\"},\"image\":{\"@id\":\"https:\\\/\\\/magnetarmagnets.com\\\/no\\\/shop\\\/beast-magnet-1400-kg-allround-360\\\/#primaryimage\"},\"thumbnailUrl\":\"https:\\\/\\\/magnetarmagnets.com\\\/wp-content\\\/uploads\\\/2019\\\/12\\\/Beast-magnet-360-Degrees-Neodymium.jpeg\",\"datePublished\":\"2025-06-05T07:54:16+00:00\",\"dateModified\":\"2026-04-12T14:09:36+00:00\",\"description\":\"Beast fiskemagnet er ikke bare sterk, den er BEASTLY STERK noe \u00e5 v\u00e6re redd for! Magnetar, din spesialist p\u00e5 magnetfiskemagneter!\",\"breadcrumb\":{\"@id\":\"https:\\\/\\\/magnetarmagnets.com\\\/no\\\/shop\\\/beast-magnet-1400-kg-allround-360\\\/#breadcrumb\"},\"inLanguage\":\"nb-NO\",\"potentialAction\":[{\"@type\":\"ReadAction\",\"target\":[\"https:\\\/\\\/magnetarmagnets.com\\\/no\\\/shop\\\/beast-magnet-1400-kg-allround-360\\\/\"]}]},{\"@type\":\"ImageObject\",\"inLanguage\":\"nb-NO\",\"@id\":\"https:\\\/\\\/magnetarmagnets.com\\\/no\\\/shop\\\/beast-magnet-1400-kg-allround-360\\\/#primaryimage\",\"url\":\"https:\\\/\\\/magnetarmagnets.com\\\/wp-content\\\/uploads\\\/2019\\\/12\\\/Beast-magnet-360-Degrees-Neodymium.jpeg\",\"contentUrl\":\"https:\\\/\\\/magnetarmagnets.com\\\/wp-content\\\/uploads\\\/2019\\\/12\\\/Beast-magnet-360-Degrees-Neodymium.jpeg\",\"width\":1000,\"height\":1000,\"caption\":\"Beast fishing magnet 360 Degree 100 procent Neodymium\"},{\"@type\":\"BreadcrumbList\",\"@id\":\"https:\\\/\\\/magnetarmagnets.com\\\/no\\\/shop\\\/beast-magnet-1400-kg-allround-360\\\/#breadcrumb\",\"itemListElement\":[{\"@type\":\"ListItem\",\"position\":1,\"name\":\"Home\",\"item\":\"https:\\\/\\\/magnetarmagnets.com\\\/no\\\/\"},{\"@type\":\"ListItem\",\"position\":2,\"name\":\"Butikk\",\"item\":\"https:\\\/\\\/magnetarmagnets.com\\\/butikk\\\/\"},{\"@type\":\"ListItem\",\"position\":3,\"name\":\"All products\",\"item\":\"https:\\\/\\\/magnetarmagnets.com\\\/collections\\\/all-products\\\/\"},{\"@type\":\"ListItem\",\"position\":4,\"name\":\"Beast Magnet &#8211; 1400 kg &#8211; Allround 360\u00b0\"}]},{\"@type\":\"WebSite\",\"@id\":\"https:\\\/\\\/magnetarmagnets.com\\\/no\\\/#website\",\"url\":\"https:\\\/\\\/magnetarmagnets.com\\\/no\\\/\",\"name\":\"Magnet fishing with a Magnetar fishing magnet\",\"description\":\"Kraftige magneter for magnetfiske\",\"publisher\":{\"@id\":\"https:\\\/\\\/magnetarmagnets.com\\\/no\\\/#organization\"},\"potentialAction\":[{\"@type\":\"SearchAction\",\"target\":{\"@type\":\"EntryPoint\",\"urlTemplate\":\"https:\\\/\\\/magnetarmagnets.com\\\/no\\\/?s={search_term_string}\"},\"query-input\":{\"@type\":\"PropertyValueSpecification\",\"valueRequired\":true,\"valueName\":\"search_term_string\"}}],\"inLanguage\":\"nb-NO\"},{\"@type\":\"Organization\",\"@id\":\"https:\\\/\\\/magnetarmagnets.com\\\/no\\\/#organization\",\"name\":\"Magnetar\",\"url\":\"https:\\\/\\\/magnetarmagnets.com\\\/no\\\/\",\"logo\":{\"@type\":\"ImageObject\",\"inLanguage\":\"nb-NO\",\"@id\":\"https:\\\/\\\/magnetarmagnets.com\\\/no\\\/#\\\/schema\\\/logo\\\/image\\\/\",\"url\":\"https:\\\/\\\/magnetarmagnets.com\\\/wp-content\\\/uploads\\\/2025\\\/05\\\/Logo-03_PNG-Black-scaled.png\",\"contentUrl\":\"https:\\\/\\\/magnetarmagnets.com\\\/wp-content\\\/uploads\\\/2025\\\/05\\\/Logo-03_PNG-Black-scaled.png\",\"width\":2560,\"height\":1658,\"caption\":\"Magnetar\"},\"image\":{\"@id\":\"https:\\\/\\\/magnetarmagnets.com\\\/no\\\/#\\\/schema\\\/logo\\\/image\\\/\"},\"sameAs\":[\"https:\\\/\\\/www.facebook.com\\\/fishingmagnets\\\/\",\"https:\\\/\\\/www.instagram.com\\\/magnetar_magnets\\\/\",\"https:\\\/\\\/www.linkedin.com\\\/company\\\/magnetarbv\\\/?originalSubdomain=nl\",\"https:\\\/\\\/www.youtube.com\\\/c\\\/MagnetarVismagneet\"]}]}<\/script>\n<!-- \/ Yoast SEO plugin. -->","yoast_head_json":{"title":"Beast Magnet - 1400 kg - Allround 360\u00b0","description":"Beast fiskemagnet er ikke bare sterk, den er BEASTLY STERK noe \u00e5 v\u00e6re redd for! Magnetar, din spesialist p\u00e5 magnetfiskemagneter!","robots":{"index":"index","follow":"follow","max-snippet":"max-snippet:-1","max-image-preview":"max-image-preview:large","max-video-preview":"max-video-preview:-1"},"canonical":"https:\/\/magnetarmagnets.com\/no\/shop\/beast-magnet-1400-kg-allround-360\/","og_locale":"nb_NO","og_type":"article","og_title":"Beast Magnet - 1400 kg - Allround 360\u00b0","og_description":"Beast fiskemagnet er ikke bare sterk, den er BEASTLY STERK noe \u00e5 v\u00e6re redd for! Magnetar, din spesialist p\u00e5 magnetfiskemagneter!","og_url":"https:\/\/magnetarmagnets.com\/no\/shop\/beast-magnet-1400-kg-allround-360\/","og_site_name":"Magnet fishing with a Magnetar fishing magnet","article_publisher":"https:\/\/www.facebook.com\/fishingmagnets\/","article_modified_time":"2026-04-12T14:09:36+00:00","og_image":[{"width":1000,"height":1000,"url":"https:\/\/magnetarmagnets.com\/wp-content\/uploads\/2019\/12\/Beast-magnet-360-Degrees-Neodymium.jpeg","type":"image\/jpeg"}],"twitter_card":"summary_large_image","twitter_misc":{"Ansl. lesetid":"5 minutter"},"schema":{"@context":"https:\/\/schema.org","@graph":[{"@type":["WebPage","ItemPage"],"@id":"https:\/\/magnetarmagnets.com\/no\/shop\/beast-magnet-1400-kg-allround-360\/","url":"https:\/\/magnetarmagnets.com\/no\/shop\/beast-magnet-1400-kg-allround-360\/","name":"Beast Magnet - 1400 kg - Allround 360\u00b0","isPartOf":{"@id":"https:\/\/magnetarmagnets.com\/no\/#website"},"primaryImageOfPage":{"@id":"https:\/\/magnetarmagnets.com\/no\/shop\/beast-magnet-1400-kg-allround-360\/#primaryimage"},"image":{"@id":"https:\/\/magnetarmagnets.com\/no\/shop\/beast-magnet-1400-kg-allround-360\/#primaryimage"},"thumbnailUrl":"https:\/\/magnetarmagnets.com\/wp-content\/uploads\/2019\/12\/Beast-magnet-360-Degrees-Neodymium.jpeg","datePublished":"2025-06-05T07:54:16+00:00","dateModified":"2026-04-12T14:09:36+00:00","description":"Beast fiskemagnet er ikke bare sterk, den er BEASTLY STERK noe \u00e5 v\u00e6re redd for! Magnetar, din spesialist p\u00e5 magnetfiskemagneter!","breadcrumb":{"@id":"https:\/\/magnetarmagnets.com\/no\/shop\/beast-magnet-1400-kg-allround-360\/#breadcrumb"},"inLanguage":"nb-NO","potentialAction":[{"@type":"ReadAction","target":["https:\/\/magnetarmagnets.com\/no\/shop\/beast-magnet-1400-kg-allround-360\/"]}]},{"@type":"ImageObject","inLanguage":"nb-NO","@id":"https:\/\/magnetarmagnets.com\/no\/shop\/beast-magnet-1400-kg-allround-360\/#primaryimage","url":"https:\/\/magnetarmagnets.com\/wp-content\/uploads\/2019\/12\/Beast-magnet-360-Degrees-Neodymium.jpeg","contentUrl":"https:\/\/magnetarmagnets.com\/wp-content\/uploads\/2019\/12\/Beast-magnet-360-Degrees-Neodymium.jpeg","width":1000,"height":1000,"caption":"Beast fishing magnet 360 Degree 100 procent Neodymium"},{"@type":"BreadcrumbList","@id":"https:\/\/magnetarmagnets.com\/no\/shop\/beast-magnet-1400-kg-allround-360\/#breadcrumb","itemListElement":[{"@type":"ListItem","position":1,"name":"Home","item":"https:\/\/magnetarmagnets.com\/no\/"},{"@type":"ListItem","position":2,"name":"Butikk","item":"https:\/\/magnetarmagnets.com\/butikk\/"},{"@type":"ListItem","position":3,"name":"All products","item":"https:\/\/magnetarmagnets.com\/collections\/all-products\/"},{"@type":"ListItem","position":4,"name":"Beast Magnet &#8211; 1400 kg &#8211; Allround 360\u00b0"}]},{"@type":"WebSite","@id":"https:\/\/magnetarmagnets.com\/no\/#website","url":"https:\/\/magnetarmagnets.com\/no\/","name":"Magnet fishing with a Magnetar fishing magnet","description":"Kraftige magneter for magnetfiske","publisher":{"@id":"https:\/\/magnetarmagnets.com\/no\/#organization"},"potentialAction":[{"@type":"SearchAction","target":{"@type":"EntryPoint","urlTemplate":"https:\/\/magnetarmagnets.com\/no\/?s={search_term_string}"},"query-input":{"@type":"PropertyValueSpecification","valueRequired":true,"valueName":"search_term_string"}}],"inLanguage":"nb-NO"},{"@type":"Organization","@id":"https:\/\/magnetarmagnets.com\/no\/#organization","name":"Magnetar","url":"https:\/\/magnetarmagnets.com\/no\/","logo":{"@type":"ImageObject","inLanguage":"nb-NO","@id":"https:\/\/magnetarmagnets.com\/no\/#\/schema\/logo\/image\/","url":"https:\/\/magnetarmagnets.com\/wp-content\/uploads\/2025\/05\/Logo-03_PNG-Black-scaled.png","contentUrl":"https:\/\/magnetarmagnets.com\/wp-content\/uploads\/2025\/05\/Logo-03_PNG-Black-scaled.png","width":2560,"height":1658,"caption":"Magnetar"},"image":{"@id":"https:\/\/magnetarmagnets.com\/no\/#\/schema\/logo\/image\/"},"sameAs":["https:\/\/www.facebook.com\/fishingmagnets\/","https:\/\/www.instagram.com\/magnetar_magnets\/","https:\/\/www.linkedin.com\/company\/magnetarbv\/?originalSubdomain=nl","https:\/\/www.youtube.com\/c\/MagnetarVismagneet"]}]}},"_links":{"self":[{"href":"https:\/\/magnetarmagnets.com\/no\/wp-json\/wp\/v2\/product\/84257","targetHints":{"allow":["GET"]}}],"collection":[{"href":"https:\/\/magnetarmagnets.com\/no\/wp-json\/wp\/v2\/product"}],"about":[{"href":"https:\/\/magnetarmagnets.com\/no\/wp-json\/wp\/v2\/types\/product"}],"replies":[{"embeddable":true,"href":"https:\/\/magnetarmagnets.com\/no\/wp-json\/wp\/v2\/comments?post=84257"}],"version-history":[{"count":0,"href":"https:\/\/magnetarmagnets.com\/no\/wp-json\/wp\/v2\/product\/84257\/revisions"}],"wp:featuredmedia":[{"embeddable":true,"href":"https:\/\/magnetarmagnets.com\/no\/wp-json\/wp\/v2\/media\/78495"}],"wp:attachment":[{"href":"https:\/\/magnetarmagnets.com\/no\/wp-json\/wp\/v2\/media?parent=84257"}],"wp:term":[{"taxonomy":"product_brand","embeddable":true,"href":"https:\/\/magnetarmagnets.com\/no\/wp-json\/wp\/v2\/product_brand?post=84257"},{"taxonomy":"product_cat","embeddable":true,"href":"https:\/\/magnetarmagnets.com\/no\/wp-json\/wp\/v2\/product_cat?post=84257"},{"taxonomy":"product_tag","embeddable":true,"href":"https:\/\/magnetarmagnets.com\/no\/wp-json\/wp\/v2\/product_tag?post=84257"}],"curies":[{"name":"wp","href":"https:\/\/api.w.org\/{rel}","templated":true}]}}