{"id":84256,"date":"2025-06-05T09:54:17","date_gmt":"2025-06-05T07:54:17","guid":{"rendered":"https:\/\/magnetarmagnets.com\/?post_type=product&#038;p=84256"},"modified":"2026-04-27T16:13:29","modified_gmt":"2026-04-27T14:13:29","slug":"barbarian-magnet-1600-kg-allround-360","status":"publish","type":"product","link":"https:\/\/magnetarmagnets.com\/no\/shop\/barbarian-magnet-1600-kg-allround-360\/","title":{"rendered":"Barbarian Magnet &#8211; 1600 kg &#8211; Allround 360\u00b0"},"content":{"rendered":"* Beskytt magneten med et\u00a0<a href=\"https:\/\/magnetarmagnets.com\/shop\/the-barbarian-protection\/\" target=\"_blank\" rel=\"noopener\"><b>beskyttelsesdeksel<\/b><\/a>\u00a0under fisking. Uten et beskyttelsesdeksel kan magneten ta skade n\u00e5r den treffer harde gjenstander. Beskyttelsesdekselet medf\u00f8lger ikke magneten.\n\n\n\n<span style=\"font-weight: 400;\">De positive reaksjonene p\u00e5 v\u00e5re <\/span><a href=\"https:\/\/magnetarmagnets.com\/shop\/hardcore-magnet-2\/\" target=\"_blank\" rel=\"noopener\"><b>Hardcore,<\/b><\/a> <a href=\"https:\/\/magnetarmagnets.com\/shop\/exclusive-terror-magnet\/\" target=\"_blank\" rel=\"noopener\"><b>Terror<\/b><\/a><span style=\"font-weight: 400;\"> og <\/span><a href=\"https:\/\/magnetarmagnets.com\/shop\/beast-magnet\/\" target=\"_blank\" rel=\"noopener\"><b>Beast<\/b><\/a><span style=\"font-weight: 400;\"> magneter motiverte oss til \u00e5 utvikle en ny superkraft, THE BARBARIAN! Denne 100 % neodymmiummagneten er spesielt designet for de mest avanserte, profesjonelle magnetfiskerne. Den st\u00f8rre etterf\u00f8lgeren til den velkjente Beast-magneten, Barbarian har en ekstra stor diameter og kombinert trekkraft p\u00e5 alle sider av magneten opptil 3500 lbs\/1600 kg. Fordi magneten er s\u00e5 tung, synker den ekstra dypt ned i gj\u00f8rmen\/sletten for \u00e5 n\u00e5 de mest skjulte, vanskelig tilgjengelige skattene.<\/span>\n\n\n\n<span style=\"font-weight: 400;\">V\u00e6r forsiktig, dette er ikke barnslek! Denne fiskemagneten er s\u00e5 kraftig at du m\u00e5 bruke denne magneten med omhu. Denne magneten er ikke egnet for barn! Magneten har en utrolig sterk magnetisk tiltrekning og vil derfor trekke til seg alle magnetiske objekter fra lang avstand. Denne Barbarian-magneten har derfor ingen problemer med \u00e5 fiske opp gjenstander, selv om gjenstandene er runde, rustne eller ligger begravet i silt. N\u00e5r du kj\u00f8per flere sterke magneter, anbefaler vi at du bruker dem med rimelig avstand fra hverandre og oppbevarer dem adskilt.<\/span>\n\n<h2><b>Er du klar for Barbarian-magneten?<\/b><\/h2>\n\n<span style=\"font-weight: 400;\">Barbarian fiskemagnet har 360\u00b0 magnetisk trekkraft p\u00e5 3500 lbs \/ 1600 kg. Gjenstander trekkes til alle sider av magneten gjennom alle forhold under vann (gj\u00f8rme, silt, str\u00f8m, steiner), og den fester seg ikke lett p\u00e5 steiner. Designet for den mest avanserte magnetfiskeren krever denne magneten ekstrem forsiktighet og omtanke.<\/span>\n\n\n\n<span style=\"font-weight: 400;\">Denne tungvektsmagneten er kun egnet for profesjonelle magnetfiskere. P\u00e5 grunn av vekten kan den ikke kastes veldig langt, men det den mangler i avstand tar den igjen i alle terreng, dybder, farvann og skattejakt. Dette er den st\u00f8rste og sterkeste fiskemagneten som finnes. Den kan hente opp alle skatter p\u00e5 ett kast: pengeskap, v\u00e5pen, bildeler, scootere, elsykler og mye mer.\u00a0<\/span>\n\n<h2><b>Magnetutvikling<\/b><\/h2>\n\n<span style=\"font-weight: 400;\">Mange magneter har bare tiltrekningskraft p\u00e5 \u00e9n side. Denne ensidige magneten er den klassiske fiskemagneten. Magnetar var det f\u00f8rste selskapet som utviklet denne klassiske magneten til en <a href=\"https:\/\/magnetarmagnets.com\/double-sided-fishing-magnet\/\" target=\"_blank\" rel=\"noopener\">dobbeltsidig magnet<\/a>. S\u00e5 i 2016 utviklet Magnetar den allround fiskemagneten med 360\u00b0 magnetisk trekkraft. Magnetfiskere over hele EU har blitt trukket til v\u00e5re 100 % neodymmiummagneter siden da, noe som gj\u00f8r oss til Europas ledende leverand\u00f8r. V\u00e5re magneter er laget av h\u00f8yeste kvalitet, design og omsorg av et lite team med magnetfiske-entusiaster. V\u00e5re kunder kommer alltid tilbake fordi de vet at med Magnetar f\u00e5r de mer enn en magnet, de fanger skatter.<\/span>\n\n<h2><b>Kraftig 360\u00b0 trekkraft<\/b><\/h2>\n\nBarbarian-magneten er den sterkeste magneten vi tilbyr med en trekkraft opptil 3500 lbs\/1600 kg. Trekkraften til Barbarian er kraftfull og i stand til \u00e5 tiltrekke gjenstander fra hele omgivelsesomr\u00e5det, i motsetning til en ensidig magnet innkapslet i et st\u00e5ldeksel som retter trekkraften i \u00e9n retning. Nysgjerrig p\u00e5 hvordan vi m\u00e5ler trekkraft? <a href=\"https:\/\/www.youtube.com\/watch?v=2McW3RURDxs\" target=\"_blank\" rel=\"noopener\">Se v\u00e5r video<\/a>.\n\n<h2><b>H\u00f8y kvalitet<\/b><\/h2>\n\n<span style=\"font-weight: 400;\">V\u00e5re fiskemagneter er laget av Neodymium. Magnetar-magneter beholder sin magnetiske trekkraft i flere ti\u00e5r med kun 1 % tap hvert 100. \u00e5r (med riktig oppbevaring, pleie og beskyttelse).<\/span>\n\n\n\n<span style=\"font-weight: 400;\">De fleste andre magnetleverand\u00f8rer viser allerede tap av trekkstyrke etter noen f\u00e5 uker. De siste \u00e5rene har vi lagt merke til at det blir flere lavkvalitetsmagneter p\u00e5 markedet: st\u00f8rre magneter med lavere trekkstyrke, lavkvalitets neodymium, falsk reklame. N\u00e5r du kj\u00f8per en av disse magnetene for lavere pris eller fra en stor konsernvirksomhet, vil du ende opp skuffet, selv om du sparte noen penger.<\/span>\n\n\n\n<span style=\"font-weight: 400;\">Magnetar er en liten familiebedrift som setter kvalitet f\u00f8rst i alt vi gj\u00f8r. Vi er <a href=\"https:\/\/magnetarmagnets.com\/\" target=\"_blank\" rel=\"noopener\">magnetfiske<\/a>-entusiaster, og alle v\u00e5re magneter er tegnet, designet og laget av v\u00e5rt team for \u00e5 sikre at du f\u00e5r mest mulig verdi for pengene (eller skatter fra magneten!). Hvis du vil ha en p\u00e5litelig, effektiv og kraftig fiskemagnet, har du kommet til rett sted. V\u00e5rt team hjelper deg gjerne, <a href=\"mailto:info@magnetarmagnets.com\" target=\"_blank\" rel=\"noopener\">kontakt oss her<\/a>.\u00a0<\/span>\n\n\n\nIkke glem \u00e5 sjekke ut v\u00e5re <a href=\"https:\/\/magnetarmagnets.com\/magnet-fishing-kit\/\" target=\"_blank\" rel=\"noopener\">magnetfiskekit<\/a> eller v\u00e5re <a href=\"https:\/\/magnetarmagnets.com\/accessories\/\" target=\"_blank\" rel=\"noopener\">magnetfiske-tilbeh\u00f8r<\/a>.\n\n<h2><b>Beskyttelsesdeksel<\/b><\/h2>\n\nBeskyttelsesdeksler er det perfekte tilbeh\u00f8ret for magnetfiskere som \u00f8nsker \u00e5 beskytte neodymiummagneter under bruk. Disse robuste dekslene er spesielt designet for \u00e5 passe perfekt p\u00e5 magneten og gir et ekstra lag beskyttelse mot riper, brudd og andre typer skader. V\u00e5re beskyttelsesdeksler er bygget for \u00e5 vare og t\u00e5ler de t\u00f8ffeste forhold. Beskyttelsesdekselet er laget av rustfritt st\u00e5l. Dette sikrer at magneten din forblir magnetisk 360\u00b0. Med v\u00e5re beskyttelsesdeksler kan du nyte magnetfiske uten \u00e5 bekymre deg for skader p\u00e5 din verdifulle fiskemagnet. Dekselet kan legges til separat for denne magneten.\n\n\n\n(Vennligst v\u00e6r oppmerksom p\u00e5 at bunnen av magneten ikke er beskyttet av dekselet)\n\n<h2><b>Bruk Barbarian-magneten med forsiktighet<\/b><\/h2>\n\n<span style=\"font-weight: 400;\">V\u00e5re neodymiummagneter er veldig kraftige og kan trekkes mot jernobjekter med h\u00f8y hastighet n\u00e5r de er i n\u00e6rheten. Med de sterkere magnetene som 360\u00b0 allround kan det hende at fingrene dine blir klemt mellom magneten og andre objekter. H\u00e5ndter magnetene med forsiktighet og bruk dem p\u00e5 egen risiko. Les alltid v\u00e5re sikkerhetsadvarsler f\u00f8r bruk.<\/span>\n\n\n\n<span style=\"font-weight: 400;\">* Barn m\u00e5 bruke magneten under tilsyn av voksne.<\/span>","protected":false},"excerpt":{"rendered":"<p><span style=\"font-weight: 400;\">Den <strong>Barbarian-magneten<\/strong> er en ekstremt stor fiskemagnet spesielt designet for profesjonelle og barbarian magnetfiskere.<\/span><\/p>\n<p><span style=\"font-weight: 400;\">Det er den kraftigste <strong>allround 360\u00b0 magneten<\/strong> i verden med en trekkraft p\u00e5 <strong>1600 kg<\/strong>! Laget av 100 % rent Neodymium av h\u00f8yeste kvalitet, er denne magneten enda mer ekstrem enn v\u00e5r velkjente Beast-magnet.<\/span><\/p>\n<p><span style=\"font-weight: 400;\">Denne magneten kommer med ekstra risiko. H\u00e5ndter og oppbevar denne magneten med ekstrem forsiktighet. Hold den unna barn.<\/span><\/p>\n","protected":false},"featured_media":78499,"comment_status":"open","ping_status":"closed","template":"","meta":{"_acf_changed":false,"inline_featured_image":false},"product_brand":[],"product_cat":[703,698,93,701],"product_tag":[],"class_list":{"0":"post-84256","1":"product","2":"type-product","3":"status-publish","4":"has-post-thumbnail","6":"product_cat-allround-magnets-360","7":"product_cat-fishing-magnets","8":"product_cat-advanced","9":"product_cat-strongest-fishing-magnets","11":"first","12":"instock","13":"taxable","14":"shipping-taxable","15":"purchasable","16":"product-type-simple"},"acf":[],"yoast_head":"<!-- This site is optimized with the Yoast SEO plugin v27.4 - https:\/\/yoast.com\/product\/yoast-seo-wordpress\/ -->\n<title>Barbarian Magnet - 1600 kg - Allround 360\u00b0<\/title>\n<meta name=\"description\" content=\"Barbarian fiskemagnet: den mest ekstreme fiskemagneten fra Europa! Bestill de beste magnetene hos din magnetfiskespesialist: Magnetar!\" \/>\n<meta name=\"robots\" content=\"index, follow, max-snippet:-1, max-image-preview:large, max-video-preview:-1\" \/>\n<link rel=\"canonical\" href=\"https:\/\/magnetarmagnets.com\/no\/shop\/barbarian-magnet-1600-kg-allround-360\/\" \/>\n<meta property=\"og:locale\" content=\"nb_NO\" \/>\n<meta property=\"og:type\" content=\"article\" \/>\n<meta property=\"og:title\" content=\"Barbarian Magnet - 1600 kg - Allround 360\u00b0\" \/>\n<meta property=\"og:description\" content=\"Barbarian fiskemagnet: den mest ekstreme fiskemagneten fra Europa! Bestill de beste magnetene hos din magnetfiskespesialist: Magnetar!\" \/>\n<meta property=\"og:url\" content=\"https:\/\/magnetarmagnets.com\/no\/shop\/barbarian-magnet-1600-kg-allround-360\/\" \/>\n<meta property=\"og:site_name\" content=\"Magnet fishing with a Magnetar fishing magnet\" \/>\n<meta property=\"article:publisher\" content=\"https:\/\/www.facebook.com\/fishingmagnets\/\" \/>\n<meta property=\"article:modified_time\" content=\"2026-04-27T14:13:29+00:00\" \/>\n<meta property=\"og:image\" content=\"https:\/\/magnetarmagnets.com\/wp-content\/uploads\/2020\/06\/Barbarian-magnet-360-Degrees-Neodymium.jpeg\" \/>\n\t<meta property=\"og:image:width\" content=\"1000\" \/>\n\t<meta property=\"og:image:height\" content=\"1000\" \/>\n\t<meta property=\"og:image:type\" content=\"image\/jpeg\" \/>\n<meta name=\"twitter:card\" content=\"summary_large_image\" \/>\n<meta name=\"twitter:label1\" content=\"Ansl. lesetid\" \/>\n\t<meta name=\"twitter:data1\" content=\"5 minutter\" \/>\n<script type=\"application\/ld+json\" class=\"yoast-schema-graph\">{\"@context\":\"https:\\\/\\\/schema.org\",\"@graph\":[{\"@type\":[\"WebPage\",\"ItemPage\"],\"@id\":\"https:\\\/\\\/magnetarmagnets.com\\\/no\\\/shop\\\/barbarian-magnet-1600-kg-allround-360\\\/\",\"url\":\"https:\\\/\\\/magnetarmagnets.com\\\/no\\\/shop\\\/barbarian-magnet-1600-kg-allround-360\\\/\",\"name\":\"Barbarian Magnet - 1600 kg - Allround 360\u00b0\",\"isPartOf\":{\"@id\":\"https:\\\/\\\/magnetarmagnets.com\\\/no\\\/#website\"},\"primaryImageOfPage\":{\"@id\":\"https:\\\/\\\/magnetarmagnets.com\\\/no\\\/shop\\\/barbarian-magnet-1600-kg-allround-360\\\/#primaryimage\"},\"image\":{\"@id\":\"https:\\\/\\\/magnetarmagnets.com\\\/no\\\/shop\\\/barbarian-magnet-1600-kg-allround-360\\\/#primaryimage\"},\"thumbnailUrl\":\"https:\\\/\\\/magnetarmagnets.com\\\/wp-content\\\/uploads\\\/2020\\\/06\\\/Barbarian-magnet-360-Degrees-Neodymium.jpeg\",\"datePublished\":\"2025-06-05T07:54:17+00:00\",\"dateModified\":\"2026-04-27T14:13:29+00:00\",\"description\":\"Barbarian fiskemagnet: den mest ekstreme fiskemagneten fra Europa! Bestill de beste magnetene hos din magnetfiskespesialist: Magnetar!\",\"breadcrumb\":{\"@id\":\"https:\\\/\\\/magnetarmagnets.com\\\/no\\\/shop\\\/barbarian-magnet-1600-kg-allround-360\\\/#breadcrumb\"},\"inLanguage\":\"nb-NO\",\"potentialAction\":[{\"@type\":\"ReadAction\",\"target\":[\"https:\\\/\\\/magnetarmagnets.com\\\/no\\\/shop\\\/barbarian-magnet-1600-kg-allround-360\\\/\"]}]},{\"@type\":\"ImageObject\",\"inLanguage\":\"nb-NO\",\"@id\":\"https:\\\/\\\/magnetarmagnets.com\\\/no\\\/shop\\\/barbarian-magnet-1600-kg-allround-360\\\/#primaryimage\",\"url\":\"https:\\\/\\\/magnetarmagnets.com\\\/wp-content\\\/uploads\\\/2020\\\/06\\\/Barbarian-magnet-360-Degrees-Neodymium.jpeg\",\"contentUrl\":\"https:\\\/\\\/magnetarmagnets.com\\\/wp-content\\\/uploads\\\/2020\\\/06\\\/Barbarian-magnet-360-Degrees-Neodymium.jpeg\",\"width\":1000,\"height\":1000,\"caption\":\"Barbarian for magnet fishing with 360 Degrees Neodymium power\"},{\"@type\":\"BreadcrumbList\",\"@id\":\"https:\\\/\\\/magnetarmagnets.com\\\/no\\\/shop\\\/barbarian-magnet-1600-kg-allround-360\\\/#breadcrumb\",\"itemListElement\":[{\"@type\":\"ListItem\",\"position\":1,\"name\":\"Home\",\"item\":\"https:\\\/\\\/magnetarmagnets.com\\\/no\\\/\"},{\"@type\":\"ListItem\",\"position\":2,\"name\":\"Butikk\",\"item\":\"https:\\\/\\\/magnetarmagnets.com\\\/butikk\\\/\"},{\"@type\":\"ListItem\",\"position\":3,\"name\":\"All products\",\"item\":\"https:\\\/\\\/magnetarmagnets.com\\\/collections\\\/all-products\\\/\"},{\"@type\":\"ListItem\",\"position\":4,\"name\":\"Barbarian Magnet &#8211; 1600 kg &#8211; Allround 360\u00b0\"}]},{\"@type\":\"WebSite\",\"@id\":\"https:\\\/\\\/magnetarmagnets.com\\\/no\\\/#website\",\"url\":\"https:\\\/\\\/magnetarmagnets.com\\\/no\\\/\",\"name\":\"Magnet fishing with a Magnetar fishing magnet\",\"description\":\"Kraftige magneter for magnetfiske\",\"publisher\":{\"@id\":\"https:\\\/\\\/magnetarmagnets.com\\\/no\\\/#organization\"},\"potentialAction\":[{\"@type\":\"SearchAction\",\"target\":{\"@type\":\"EntryPoint\",\"urlTemplate\":\"https:\\\/\\\/magnetarmagnets.com\\\/no\\\/?s={search_term_string}\"},\"query-input\":{\"@type\":\"PropertyValueSpecification\",\"valueRequired\":true,\"valueName\":\"search_term_string\"}}],\"inLanguage\":\"nb-NO\"},{\"@type\":\"Organization\",\"@id\":\"https:\\\/\\\/magnetarmagnets.com\\\/no\\\/#organization\",\"name\":\"Magnetar\",\"url\":\"https:\\\/\\\/magnetarmagnets.com\\\/no\\\/\",\"logo\":{\"@type\":\"ImageObject\",\"inLanguage\":\"nb-NO\",\"@id\":\"https:\\\/\\\/magnetarmagnets.com\\\/no\\\/#\\\/schema\\\/logo\\\/image\\\/\",\"url\":\"https:\\\/\\\/magnetarmagnets.com\\\/wp-content\\\/uploads\\\/2025\\\/05\\\/Logo-03_PNG-Black-scaled.png\",\"contentUrl\":\"https:\\\/\\\/magnetarmagnets.com\\\/wp-content\\\/uploads\\\/2025\\\/05\\\/Logo-03_PNG-Black-scaled.png\",\"width\":2560,\"height\":1658,\"caption\":\"Magnetar\"},\"image\":{\"@id\":\"https:\\\/\\\/magnetarmagnets.com\\\/no\\\/#\\\/schema\\\/logo\\\/image\\\/\"},\"sameAs\":[\"https:\\\/\\\/www.facebook.com\\\/fishingmagnets\\\/\",\"https:\\\/\\\/www.instagram.com\\\/magnetar_magnets\\\/\",\"https:\\\/\\\/www.linkedin.com\\\/company\\\/magnetarbv\\\/?originalSubdomain=nl\",\"https:\\\/\\\/www.youtube.com\\\/c\\\/MagnetarVismagneet\"]}]}<\/script>\n<!-- \/ Yoast SEO plugin. -->","yoast_head_json":{"title":"Barbarian Magnet - 1600 kg - Allround 360\u00b0","description":"Barbarian fiskemagnet: den mest ekstreme fiskemagneten fra Europa! Bestill de beste magnetene hos din magnetfiskespesialist: Magnetar!","robots":{"index":"index","follow":"follow","max-snippet":"max-snippet:-1","max-image-preview":"max-image-preview:large","max-video-preview":"max-video-preview:-1"},"canonical":"https:\/\/magnetarmagnets.com\/no\/shop\/barbarian-magnet-1600-kg-allround-360\/","og_locale":"nb_NO","og_type":"article","og_title":"Barbarian Magnet - 1600 kg - Allround 360\u00b0","og_description":"Barbarian fiskemagnet: den mest ekstreme fiskemagneten fra Europa! Bestill de beste magnetene hos din magnetfiskespesialist: Magnetar!","og_url":"https:\/\/magnetarmagnets.com\/no\/shop\/barbarian-magnet-1600-kg-allround-360\/","og_site_name":"Magnet fishing with a Magnetar fishing magnet","article_publisher":"https:\/\/www.facebook.com\/fishingmagnets\/","article_modified_time":"2026-04-27T14:13:29+00:00","og_image":[{"width":1000,"height":1000,"url":"https:\/\/magnetarmagnets.com\/wp-content\/uploads\/2020\/06\/Barbarian-magnet-360-Degrees-Neodymium.jpeg","type":"image\/jpeg"}],"twitter_card":"summary_large_image","twitter_misc":{"Ansl. lesetid":"5 minutter"},"schema":{"@context":"https:\/\/schema.org","@graph":[{"@type":["WebPage","ItemPage"],"@id":"https:\/\/magnetarmagnets.com\/no\/shop\/barbarian-magnet-1600-kg-allround-360\/","url":"https:\/\/magnetarmagnets.com\/no\/shop\/barbarian-magnet-1600-kg-allround-360\/","name":"Barbarian Magnet - 1600 kg - Allround 360\u00b0","isPartOf":{"@id":"https:\/\/magnetarmagnets.com\/no\/#website"},"primaryImageOfPage":{"@id":"https:\/\/magnetarmagnets.com\/no\/shop\/barbarian-magnet-1600-kg-allround-360\/#primaryimage"},"image":{"@id":"https:\/\/magnetarmagnets.com\/no\/shop\/barbarian-magnet-1600-kg-allround-360\/#primaryimage"},"thumbnailUrl":"https:\/\/magnetarmagnets.com\/wp-content\/uploads\/2020\/06\/Barbarian-magnet-360-Degrees-Neodymium.jpeg","datePublished":"2025-06-05T07:54:17+00:00","dateModified":"2026-04-27T14:13:29+00:00","description":"Barbarian fiskemagnet: den mest ekstreme fiskemagneten fra Europa! Bestill de beste magnetene hos din magnetfiskespesialist: Magnetar!","breadcrumb":{"@id":"https:\/\/magnetarmagnets.com\/no\/shop\/barbarian-magnet-1600-kg-allround-360\/#breadcrumb"},"inLanguage":"nb-NO","potentialAction":[{"@type":"ReadAction","target":["https:\/\/magnetarmagnets.com\/no\/shop\/barbarian-magnet-1600-kg-allround-360\/"]}]},{"@type":"ImageObject","inLanguage":"nb-NO","@id":"https:\/\/magnetarmagnets.com\/no\/shop\/barbarian-magnet-1600-kg-allround-360\/#primaryimage","url":"https:\/\/magnetarmagnets.com\/wp-content\/uploads\/2020\/06\/Barbarian-magnet-360-Degrees-Neodymium.jpeg","contentUrl":"https:\/\/magnetarmagnets.com\/wp-content\/uploads\/2020\/06\/Barbarian-magnet-360-Degrees-Neodymium.jpeg","width":1000,"height":1000,"caption":"Barbarian for magnet fishing with 360 Degrees Neodymium power"},{"@type":"BreadcrumbList","@id":"https:\/\/magnetarmagnets.com\/no\/shop\/barbarian-magnet-1600-kg-allround-360\/#breadcrumb","itemListElement":[{"@type":"ListItem","position":1,"name":"Home","item":"https:\/\/magnetarmagnets.com\/no\/"},{"@type":"ListItem","position":2,"name":"Butikk","item":"https:\/\/magnetarmagnets.com\/butikk\/"},{"@type":"ListItem","position":3,"name":"All products","item":"https:\/\/magnetarmagnets.com\/collections\/all-products\/"},{"@type":"ListItem","position":4,"name":"Barbarian Magnet &#8211; 1600 kg &#8211; Allround 360\u00b0"}]},{"@type":"WebSite","@id":"https:\/\/magnetarmagnets.com\/no\/#website","url":"https:\/\/magnetarmagnets.com\/no\/","name":"Magnet fishing with a Magnetar fishing magnet","description":"Kraftige magneter for magnetfiske","publisher":{"@id":"https:\/\/magnetarmagnets.com\/no\/#organization"},"potentialAction":[{"@type":"SearchAction","target":{"@type":"EntryPoint","urlTemplate":"https:\/\/magnetarmagnets.com\/no\/?s={search_term_string}"},"query-input":{"@type":"PropertyValueSpecification","valueRequired":true,"valueName":"search_term_string"}}],"inLanguage":"nb-NO"},{"@type":"Organization","@id":"https:\/\/magnetarmagnets.com\/no\/#organization","name":"Magnetar","url":"https:\/\/magnetarmagnets.com\/no\/","logo":{"@type":"ImageObject","inLanguage":"nb-NO","@id":"https:\/\/magnetarmagnets.com\/no\/#\/schema\/logo\/image\/","url":"https:\/\/magnetarmagnets.com\/wp-content\/uploads\/2025\/05\/Logo-03_PNG-Black-scaled.png","contentUrl":"https:\/\/magnetarmagnets.com\/wp-content\/uploads\/2025\/05\/Logo-03_PNG-Black-scaled.png","width":2560,"height":1658,"caption":"Magnetar"},"image":{"@id":"https:\/\/magnetarmagnets.com\/no\/#\/schema\/logo\/image\/"},"sameAs":["https:\/\/www.facebook.com\/fishingmagnets\/","https:\/\/www.instagram.com\/magnetar_magnets\/","https:\/\/www.linkedin.com\/company\/magnetarbv\/?originalSubdomain=nl","https:\/\/www.youtube.com\/c\/MagnetarVismagneet"]}]}},"_links":{"self":[{"href":"https:\/\/magnetarmagnets.com\/no\/wp-json\/wp\/v2\/product\/84256","targetHints":{"allow":["GET"]}}],"collection":[{"href":"https:\/\/magnetarmagnets.com\/no\/wp-json\/wp\/v2\/product"}],"about":[{"href":"https:\/\/magnetarmagnets.com\/no\/wp-json\/wp\/v2\/types\/product"}],"replies":[{"embeddable":true,"href":"https:\/\/magnetarmagnets.com\/no\/wp-json\/wp\/v2\/comments?post=84256"}],"version-history":[{"count":0,"href":"https:\/\/magnetarmagnets.com\/no\/wp-json\/wp\/v2\/product\/84256\/revisions"}],"wp:featuredmedia":[{"embeddable":true,"href":"https:\/\/magnetarmagnets.com\/no\/wp-json\/wp\/v2\/media\/78499"}],"wp:attachment":[{"href":"https:\/\/magnetarmagnets.com\/no\/wp-json\/wp\/v2\/media?parent=84256"}],"wp:term":[{"taxonomy":"product_brand","embeddable":true,"href":"https:\/\/magnetarmagnets.com\/no\/wp-json\/wp\/v2\/product_brand?post=84256"},{"taxonomy":"product_cat","embeddable":true,"href":"https:\/\/magnetarmagnets.com\/no\/wp-json\/wp\/v2\/product_cat?post=84256"},{"taxonomy":"product_tag","embeddable":true,"href":"https:\/\/magnetarmagnets.com\/no\/wp-json\/wp\/v2\/product_tag?post=84256"}],"curies":[{"name":"wp","href":"https:\/\/api.w.org\/{rel}","templated":true}]}}