{"id":84254,"date":"2025-06-05T09:54:38","date_gmt":"2025-06-05T07:54:38","guid":{"rendered":"https:\/\/magnetarmagnets.com\/?post_type=product&#038;p=84254"},"modified":"2026-04-03T18:31:31","modified_gmt":"2026-04-03T16:31:31","slug":"magnetoppbevaringskasse","status":"publish","type":"product","link":"https:\/\/magnetarmagnets.com\/no\/shop\/magnetoppbevaringskasse\/","title":{"rendered":"Magnetoppbevaringskasse"},"content":{"rendered":"<h2>Magnetoppbevaringskasse &#8211; STOR<\/h2>\nI denne store og luksuri\u00f8se etuiet for magnetiske fiskemagneter kan du enkelt ta med magnetene dine i bil, scooter eller p\u00e5 sykkel. P\u00e5 denne m\u00e5ten er magnetene godt beskyttet, og du kan lett transportere dem til ditt nye magnetfiske-sted. Dette etuiet \u00f8ker moroa ved magnetfiske og er uunnv\u00e6rlig for enhver magnetfisker! Alt utstyret samlet p\u00e5 ett sted. Det er et solid etui av fremragende kvalitet.\n\nL 16\u2019\u2019 x B 14,5\u2019\u2019 x H 6,25\u2019\u2019\n\nDenne beskyttende kofferten er robust og enkel \u00e5 \u00e5pne og lukke. I denne plastkofferten kan du lagre magnetene dine, men ogs\u00e5 verkt\u00f8y eller andre gjenstander. Dette praktiske etuiet fra Magnetar er perfekt for \u00e5 oppbevare hele fiskemagnetsettet ditt p\u00e5 en sikker og enkel m\u00e5te. Ta med deg hele settet og dra ut p\u00e5 eventyr. Etter <a href=\"https:\/\/magnetarmagnets.com\/\" target=\"_blank\" rel=\"noopener\">magnetfiske<\/a> kan du oppbevare alt p\u00e5 et ryddig og sikkert sted igjen. Tips: t\u00f8rk alt godt f\u00f8r du legger det i etuiet.\n\nIkke glem \u00e5 sjekke ut de <a href=\"https:\/\/magnetarmagnets.com\/collections\/fishing-magnets\/magnet-fishing-kit\/\" target=\"_blank\" rel=\"noopener\">beste magnetfiskekitene<\/a> eller v\u00e5rt <a href=\"https:\/\/magnetarmagnets.com\/accessories\/\" target=\"_blank\" rel=\"noopener\">magnetfiskeutstyr<\/a>.","protected":false},"excerpt":{"rendered":"<p>Magnetar\u00ae-etuiet er utviklet for <strong>robust beskyttelse<\/strong> til en <strong>rimelig pris<\/strong>. Dette magnetfiskeetuiet b\u00e6rer enkelt en <strong>magnet og flere tilbeh\u00f8r<\/strong>.<\/p>\n<p>Passer for alle <strong><a href=\"https:\/\/magnetarmagnets.com\/shop\/magnet-fishing-rope\/\">tau<\/a><\/strong>, <strong><a href=\"https:\/\/magnetarmagnets.com\/shop\/magnet-fishing-glove\/\">hansker<\/a><\/strong> og <strong><a href=\"https:\/\/magnetarmagnets.com\/collections\/fishing-magnets\/\">magneter<\/a><\/strong> fra Magnetar-serien.<\/p>\n","protected":false},"featured_media":81139,"comment_status":"open","ping_status":"closed","template":"","meta":{"_acf_changed":false,"inline_featured_image":false},"product_brand":[],"product_cat":[610,611,609],"product_tag":[],"class_list":{"0":"post-84254","1":"product","2":"type-product","3":"status-publish","4":"has-post-thumbnail","6":"product_cat-magnetfiskeutstyr","7":"product_cat-merch-no","8":"product_cat-utstyr","10":"first","11":"instock","12":"taxable","13":"shipping-taxable","14":"purchasable","15":"product-type-simple"},"acf":[],"yoast_head":"<!-- This site is optimized with the Yoast SEO plugin v27.3 - https:\/\/yoast.com\/product\/yoast-seo-wordpress\/ -->\n<title>Magnetoppbevaringskasse - Magnet fishing with a Magnetar fishing magnet<\/title>\n<meta name=\"description\" content=\"Magnetoppbevaringskasse - Beskytt Magnetar-utstyret ditt\" \/>\n<meta name=\"robots\" content=\"index, follow, max-snippet:-1, max-image-preview:large, max-video-preview:-1\" \/>\n<link rel=\"canonical\" href=\"https:\/\/magnetarmagnets.com\/no\/shop\/magnetoppbevaringskasse\/\" \/>\n<meta property=\"og:locale\" content=\"nb_NO\" \/>\n<meta property=\"og:type\" content=\"article\" \/>\n<meta property=\"og:title\" content=\"Magnetoppbevaringskasse - Magnet fishing with a Magnetar fishing magnet\" \/>\n<meta property=\"og:description\" content=\"Magnetoppbevaringskasse - Beskytt Magnetar-utstyret ditt\" \/>\n<meta property=\"og:url\" content=\"https:\/\/magnetarmagnets.com\/no\/shop\/magnetoppbevaringskasse\/\" \/>\n<meta property=\"og:site_name\" content=\"Magnet fishing with a Magnetar fishing magnet\" \/>\n<meta property=\"article:publisher\" content=\"https:\/\/www.facebook.com\/fishingmagnets\/\" \/>\n<meta property=\"article:modified_time\" content=\"2026-04-03T16:31:31+00:00\" \/>\n<meta property=\"og:image\" content=\"https:\/\/magnetarmagnets.com\/wp-content\/uploads\/2021\/11\/JNF-Magnetar-B.V.-Productfotografie-07-04-2024-Foto-0357-scaled.jpg\" \/>\n\t<meta property=\"og:image:width\" content=\"2560\" \/>\n\t<meta property=\"og:image:height\" content=\"2560\" \/>\n\t<meta property=\"og:image:type\" content=\"image\/jpeg\" \/>\n<meta name=\"twitter:card\" content=\"summary_large_image\" \/>\n<meta name=\"twitter:label1\" content=\"Ansl. lesetid\" \/>\n\t<meta name=\"twitter:data1\" content=\"1 minutt\" \/>\n<script type=\"application\/ld+json\" class=\"yoast-schema-graph\">{\"@context\":\"https:\\\/\\\/schema.org\",\"@graph\":[{\"@type\":[\"WebPage\",\"ItemPage\"],\"@id\":\"https:\\\/\\\/magnetarmagnets.com\\\/no\\\/shop\\\/magnetoppbevaringskasse\\\/\",\"url\":\"https:\\\/\\\/magnetarmagnets.com\\\/no\\\/shop\\\/magnetoppbevaringskasse\\\/\",\"name\":\"Magnetoppbevaringskasse - Magnet fishing with a Magnetar fishing magnet\",\"isPartOf\":{\"@id\":\"https:\\\/\\\/magnetarmagnets.com\\\/no\\\/#website\"},\"primaryImageOfPage\":{\"@id\":\"https:\\\/\\\/magnetarmagnets.com\\\/no\\\/shop\\\/magnetoppbevaringskasse\\\/#primaryimage\"},\"image\":{\"@id\":\"https:\\\/\\\/magnetarmagnets.com\\\/no\\\/shop\\\/magnetoppbevaringskasse\\\/#primaryimage\"},\"thumbnailUrl\":\"https:\\\/\\\/magnetarmagnets.com\\\/wp-content\\\/uploads\\\/2021\\\/11\\\/JNF-Magnetar-B.V.-Productfotografie-07-04-2024-Foto-0357-scaled.jpg\",\"datePublished\":\"2025-06-05T07:54:38+00:00\",\"dateModified\":\"2026-04-03T16:31:31+00:00\",\"description\":\"Magnetoppbevaringskasse - Beskytt Magnetar-utstyret ditt\",\"breadcrumb\":{\"@id\":\"https:\\\/\\\/magnetarmagnets.com\\\/no\\\/shop\\\/magnetoppbevaringskasse\\\/#breadcrumb\"},\"inLanguage\":\"nb-NO\",\"potentialAction\":[{\"@type\":\"ReadAction\",\"target\":[\"https:\\\/\\\/magnetarmagnets.com\\\/no\\\/shop\\\/magnetoppbevaringskasse\\\/\"]}]},{\"@type\":\"ImageObject\",\"inLanguage\":\"nb-NO\",\"@id\":\"https:\\\/\\\/magnetarmagnets.com\\\/no\\\/shop\\\/magnetoppbevaringskasse\\\/#primaryimage\",\"url\":\"https:\\\/\\\/magnetarmagnets.com\\\/wp-content\\\/uploads\\\/2021\\\/11\\\/JNF-Magnetar-B.V.-Productfotografie-07-04-2024-Foto-0357-scaled.jpg\",\"contentUrl\":\"https:\\\/\\\/magnetarmagnets.com\\\/wp-content\\\/uploads\\\/2021\\\/11\\\/JNF-Magnetar-B.V.-Productfotografie-07-04-2024-Foto-0357-scaled.jpg\",\"width\":2560,\"height\":2560,\"caption\":\"Magnetar Fishing Magnet Case\"},{\"@type\":\"BreadcrumbList\",\"@id\":\"https:\\\/\\\/magnetarmagnets.com\\\/no\\\/shop\\\/magnetoppbevaringskasse\\\/#breadcrumb\",\"itemListElement\":[{\"@type\":\"ListItem\",\"position\":1,\"name\":\"Home\",\"item\":\"https:\\\/\\\/magnetarmagnets.com\\\/no\\\/\"},{\"@type\":\"ListItem\",\"position\":2,\"name\":\"Butikk\",\"item\":\"https:\\\/\\\/magnetarmagnets.com\\\/butikk\\\/\"},{\"@type\":\"ListItem\",\"position\":3,\"name\":\"Utstyr\",\"item\":\"https:\\\/\\\/magnetarmagnets.com\\\/no\\\/collections\\\/utstyr\\\/\"},{\"@type\":\"ListItem\",\"position\":4,\"name\":\"Magnetfiskeutstyr\",\"item\":\"https:\\\/\\\/magnetarmagnets.com\\\/no\\\/collections\\\/utstyr\\\/magnetfiskeutstyr\\\/\"},{\"@type\":\"ListItem\",\"position\":5,\"name\":\"Magnetoppbevaringskasse\"}]},{\"@type\":\"WebSite\",\"@id\":\"https:\\\/\\\/magnetarmagnets.com\\\/no\\\/#website\",\"url\":\"https:\\\/\\\/magnetarmagnets.com\\\/no\\\/\",\"name\":\"Magnet fishing with a Magnetar fishing magnet\",\"description\":\"Kraftige magneter for magnetfiske\",\"publisher\":{\"@id\":\"https:\\\/\\\/magnetarmagnets.com\\\/no\\\/#organization\"},\"potentialAction\":[{\"@type\":\"SearchAction\",\"target\":{\"@type\":\"EntryPoint\",\"urlTemplate\":\"https:\\\/\\\/magnetarmagnets.com\\\/no\\\/?s={search_term_string}\"},\"query-input\":{\"@type\":\"PropertyValueSpecification\",\"valueRequired\":true,\"valueName\":\"search_term_string\"}}],\"inLanguage\":\"nb-NO\"},{\"@type\":\"Organization\",\"@id\":\"https:\\\/\\\/magnetarmagnets.com\\\/no\\\/#organization\",\"name\":\"Magnetar\",\"url\":\"https:\\\/\\\/magnetarmagnets.com\\\/no\\\/\",\"logo\":{\"@type\":\"ImageObject\",\"inLanguage\":\"nb-NO\",\"@id\":\"https:\\\/\\\/magnetarmagnets.com\\\/no\\\/#\\\/schema\\\/logo\\\/image\\\/\",\"url\":\"https:\\\/\\\/magnetarmagnets.com\\\/wp-content\\\/uploads\\\/2025\\\/05\\\/Logo-03_PNG-Black-scaled.png\",\"contentUrl\":\"https:\\\/\\\/magnetarmagnets.com\\\/wp-content\\\/uploads\\\/2025\\\/05\\\/Logo-03_PNG-Black-scaled.png\",\"width\":2560,\"height\":1658,\"caption\":\"Magnetar\"},\"image\":{\"@id\":\"https:\\\/\\\/magnetarmagnets.com\\\/no\\\/#\\\/schema\\\/logo\\\/image\\\/\"},\"sameAs\":[\"https:\\\/\\\/www.facebook.com\\\/fishingmagnets\\\/\",\"https:\\\/\\\/www.instagram.com\\\/magnetar_magnets\\\/\",\"https:\\\/\\\/www.linkedin.com\\\/company\\\/magnetarbv\\\/?originalSubdomain=nl\",\"https:\\\/\\\/www.youtube.com\\\/c\\\/MagnetarVismagneet\"]}]}<\/script>\n<!-- \/ Yoast SEO plugin. -->","yoast_head_json":{"title":"Magnetoppbevaringskasse - Magnet fishing with a Magnetar fishing magnet","description":"Magnetoppbevaringskasse - Beskytt Magnetar-utstyret ditt","robots":{"index":"index","follow":"follow","max-snippet":"max-snippet:-1","max-image-preview":"max-image-preview:large","max-video-preview":"max-video-preview:-1"},"canonical":"https:\/\/magnetarmagnets.com\/no\/shop\/magnetoppbevaringskasse\/","og_locale":"nb_NO","og_type":"article","og_title":"Magnetoppbevaringskasse - Magnet fishing with a Magnetar fishing magnet","og_description":"Magnetoppbevaringskasse - Beskytt Magnetar-utstyret ditt","og_url":"https:\/\/magnetarmagnets.com\/no\/shop\/magnetoppbevaringskasse\/","og_site_name":"Magnet fishing with a Magnetar fishing magnet","article_publisher":"https:\/\/www.facebook.com\/fishingmagnets\/","article_modified_time":"2026-04-03T16:31:31+00:00","og_image":[{"width":2560,"height":2560,"url":"https:\/\/magnetarmagnets.com\/wp-content\/uploads\/2021\/11\/JNF-Magnetar-B.V.-Productfotografie-07-04-2024-Foto-0357-scaled.jpg","type":"image\/jpeg"}],"twitter_card":"summary_large_image","twitter_misc":{"Ansl. lesetid":"1 minutt"},"schema":{"@context":"https:\/\/schema.org","@graph":[{"@type":["WebPage","ItemPage"],"@id":"https:\/\/magnetarmagnets.com\/no\/shop\/magnetoppbevaringskasse\/","url":"https:\/\/magnetarmagnets.com\/no\/shop\/magnetoppbevaringskasse\/","name":"Magnetoppbevaringskasse - Magnet fishing with a Magnetar fishing magnet","isPartOf":{"@id":"https:\/\/magnetarmagnets.com\/no\/#website"},"primaryImageOfPage":{"@id":"https:\/\/magnetarmagnets.com\/no\/shop\/magnetoppbevaringskasse\/#primaryimage"},"image":{"@id":"https:\/\/magnetarmagnets.com\/no\/shop\/magnetoppbevaringskasse\/#primaryimage"},"thumbnailUrl":"https:\/\/magnetarmagnets.com\/wp-content\/uploads\/2021\/11\/JNF-Magnetar-B.V.-Productfotografie-07-04-2024-Foto-0357-scaled.jpg","datePublished":"2025-06-05T07:54:38+00:00","dateModified":"2026-04-03T16:31:31+00:00","description":"Magnetoppbevaringskasse - Beskytt Magnetar-utstyret ditt","breadcrumb":{"@id":"https:\/\/magnetarmagnets.com\/no\/shop\/magnetoppbevaringskasse\/#breadcrumb"},"inLanguage":"nb-NO","potentialAction":[{"@type":"ReadAction","target":["https:\/\/magnetarmagnets.com\/no\/shop\/magnetoppbevaringskasse\/"]}]},{"@type":"ImageObject","inLanguage":"nb-NO","@id":"https:\/\/magnetarmagnets.com\/no\/shop\/magnetoppbevaringskasse\/#primaryimage","url":"https:\/\/magnetarmagnets.com\/wp-content\/uploads\/2021\/11\/JNF-Magnetar-B.V.-Productfotografie-07-04-2024-Foto-0357-scaled.jpg","contentUrl":"https:\/\/magnetarmagnets.com\/wp-content\/uploads\/2021\/11\/JNF-Magnetar-B.V.-Productfotografie-07-04-2024-Foto-0357-scaled.jpg","width":2560,"height":2560,"caption":"Magnetar Fishing Magnet Case"},{"@type":"BreadcrumbList","@id":"https:\/\/magnetarmagnets.com\/no\/shop\/magnetoppbevaringskasse\/#breadcrumb","itemListElement":[{"@type":"ListItem","position":1,"name":"Home","item":"https:\/\/magnetarmagnets.com\/no\/"},{"@type":"ListItem","position":2,"name":"Butikk","item":"https:\/\/magnetarmagnets.com\/butikk\/"},{"@type":"ListItem","position":3,"name":"Utstyr","item":"https:\/\/magnetarmagnets.com\/no\/collections\/utstyr\/"},{"@type":"ListItem","position":4,"name":"Magnetfiskeutstyr","item":"https:\/\/magnetarmagnets.com\/no\/collections\/utstyr\/magnetfiskeutstyr\/"},{"@type":"ListItem","position":5,"name":"Magnetoppbevaringskasse"}]},{"@type":"WebSite","@id":"https:\/\/magnetarmagnets.com\/no\/#website","url":"https:\/\/magnetarmagnets.com\/no\/","name":"Magnet fishing with a Magnetar fishing magnet","description":"Kraftige magneter for magnetfiske","publisher":{"@id":"https:\/\/magnetarmagnets.com\/no\/#organization"},"potentialAction":[{"@type":"SearchAction","target":{"@type":"EntryPoint","urlTemplate":"https:\/\/magnetarmagnets.com\/no\/?s={search_term_string}"},"query-input":{"@type":"PropertyValueSpecification","valueRequired":true,"valueName":"search_term_string"}}],"inLanguage":"nb-NO"},{"@type":"Organization","@id":"https:\/\/magnetarmagnets.com\/no\/#organization","name":"Magnetar","url":"https:\/\/magnetarmagnets.com\/no\/","logo":{"@type":"ImageObject","inLanguage":"nb-NO","@id":"https:\/\/magnetarmagnets.com\/no\/#\/schema\/logo\/image\/","url":"https:\/\/magnetarmagnets.com\/wp-content\/uploads\/2025\/05\/Logo-03_PNG-Black-scaled.png","contentUrl":"https:\/\/magnetarmagnets.com\/wp-content\/uploads\/2025\/05\/Logo-03_PNG-Black-scaled.png","width":2560,"height":1658,"caption":"Magnetar"},"image":{"@id":"https:\/\/magnetarmagnets.com\/no\/#\/schema\/logo\/image\/"},"sameAs":["https:\/\/www.facebook.com\/fishingmagnets\/","https:\/\/www.instagram.com\/magnetar_magnets\/","https:\/\/www.linkedin.com\/company\/magnetarbv\/?originalSubdomain=nl","https:\/\/www.youtube.com\/c\/MagnetarVismagneet"]}]}},"_links":{"self":[{"href":"https:\/\/magnetarmagnets.com\/no\/wp-json\/wp\/v2\/product\/84254","targetHints":{"allow":["GET"]}}],"collection":[{"href":"https:\/\/magnetarmagnets.com\/no\/wp-json\/wp\/v2\/product"}],"about":[{"href":"https:\/\/magnetarmagnets.com\/no\/wp-json\/wp\/v2\/types\/product"}],"replies":[{"embeddable":true,"href":"https:\/\/magnetarmagnets.com\/no\/wp-json\/wp\/v2\/comments?post=84254"}],"version-history":[{"count":1,"href":"https:\/\/magnetarmagnets.com\/no\/wp-json\/wp\/v2\/product\/84254\/revisions"}],"predecessor-version":[{"id":95183,"href":"https:\/\/magnetarmagnets.com\/no\/wp-json\/wp\/v2\/product\/84254\/revisions\/95183"}],"wp:featuredmedia":[{"embeddable":true,"href":"https:\/\/magnetarmagnets.com\/no\/wp-json\/wp\/v2\/media\/81139"}],"wp:attachment":[{"href":"https:\/\/magnetarmagnets.com\/no\/wp-json\/wp\/v2\/media?parent=84254"}],"wp:term":[{"taxonomy":"product_brand","embeddable":true,"href":"https:\/\/magnetarmagnets.com\/no\/wp-json\/wp\/v2\/product_brand?post=84254"},{"taxonomy":"product_cat","embeddable":true,"href":"https:\/\/magnetarmagnets.com\/no\/wp-json\/wp\/v2\/product_cat?post=84254"},{"taxonomy":"product_tag","embeddable":true,"href":"https:\/\/magnetarmagnets.com\/no\/wp-json\/wp\/v2\/product_tag?post=84254"}],"curies":[{"name":"wp","href":"https:\/\/api.w.org\/{rel}","templated":true}]}}