{"id":84253,"date":"2025-06-05T09:54:17","date_gmt":"2025-06-05T07:54:17","guid":{"rendered":"https:\/\/magnetarmagnets.com\/?post_type=product&#038;p=84253"},"modified":"2026-04-14T11:32:53","modified_gmt":"2026-04-14T09:32:53","slug":"legend-pakke-1400-kg-beast-allround-360","status":"publish","type":"product","link":"https:\/\/magnetarmagnets.com\/no\/shop\/legend-pakke-1400-kg-beast-allround-360\/","title":{"rendered":"Legend-pakke &#8211; 1400 kg &#8211; Beast &#8211; Allround 360\u00b0"},"content":{"rendered":"<b>\u200b\u200bEr du en legendarisk magnetfisker?<\/b>\u00a0Eller \u00f8nsker du \u00e5 bli en legende? V\u00e5r\u00a0<a href=\"https:\/\/magnetarmagnets.com\/shop\/legend-package\/\" target=\"_blank\" rel=\"noopener\">Legend Package<\/a>\u00a0er veien \u00e5 g\u00e5 og inkluderer alt du trenger for \u00e5 komme i gang (og f\u00e5 samlerabatt!). Denne pakken inneholder v\u00e5r Beast allround 360\u00b0 fiskemagnet. Pakken inkluderer ogs\u00e5 en sterk tau med diameter p\u00e5 10 mm med karabinkrok, et par vanntette hansker, et Legend beskyttelsesdeksel, lim, og en ekstra stor grapplingkrok i rustfritt st\u00e5l. Vil du oppgradere? Sjekk ut v\u00e5r <a href=\"https:\/\/magnetarmagnets.com\/shop\/warrior-package\/\" target=\"_blank\" rel=\"noopener\">Warrior Package<\/a>!\n\n<h2><b>Beast Neodymmagnet for magnetfiske<\/b><\/h2>\n\nDe positive reaksjonene p\u00e5 v\u00e5re <a href=\"https:\/\/magnetarmagnets.com\/shop\/hardcore-magnet-2\/\" target=\"_blank\" rel=\"noopener\">Hardcore<\/a> og <a href=\"https:\/\/magnetarmagnets.com\/shop\/exclusive-terror-magnet\/\" target=\"_blank\" rel=\"noopener\">Terror<\/a> magneter motiverte oss til \u00e5 utvikle en ny superkraft, Beast! Beast er enda kraftigere enn v\u00e5re Hardcore og Terror magneter, den er ikke bare sterk, den er BEASTLY sterk. Beast fiskemagnet er den st\u00f8rre etterf\u00f8lgeren til den kjente Terror-magneten. Fordi magneten er tyngre, synker den dypere ned i gj\u00f8rme og silt. Dette gj\u00f8r at magneten n\u00e5r dypere, vanskeligere \u00e5 finne objekter.\n\nSom en allround fiskemagnet har Beast en magnetisk trekkraft p\u00e5 omtrent 350 kg p\u00e5 hver side. Laget av 100% neodymium, det sterkeste permanente magnetiske sjeldne jordmaterialet, gir Beast optimale muligheter for \u00e5 fange metallgjenstander b\u00e5de n\u00e6r og fjern.\n\n<h2><b>Er du klar til \u00e5 pr\u00f8ve Beast?<\/b><\/h2>\n\nNavnet p\u00e5 magneten sier alt, denne magneten er en Beast! Beast fiskemagnet har en 360\u00b0 magnetisk trekkraft p\u00e5 1400 kg og er en av de <a href=\"https:\/\/magnetarmagnets.com\/\" target=\"_blank\" rel=\"noopener\">beste fiskemagnetene<\/a> vi tilbyr. Gjenstander trekkes til alle sider av magneten gjennom alle slags undervannsforhold (gj\u00f8rme, silt, str\u00f8m, steinete) og den setter seg ikke lett fast p\u00e5 steiner. Designet for den avanserte magnetfiskeren, krever denne magneten ekstra forsiktighet og omtanke.\n\nBeast er for kraftfulle magnetfiskere som vet hva de gj\u00f8r. Denne magneten er s\u00e5 sterk at den beveger seg under vann og s\u00f8ker etter objekter p\u00e5 egen h\u00e5nd. Magneten er s\u00e5 tung at den graver gjennom gj\u00f8rme og er i stand til \u00e5 n\u00e5 noen av de dypeste, eldste og mest skjulte gjenstandene. Oppgrader utstyret ditt for \u00e5 finne de tyngste skattene som store sikkerhetsskaper, v\u00e5pen, bildeler, scootere, el-sykler og mye mer.\n\n<h2><b>Magnetens evolusjon<\/b><\/h2>\n\nMange magneter har bare en tiltrekkende kraft p\u00e5 \u00e9n side. Denne ensidige magneten er den klassiske fiskemagneten. Magnetar var det f\u00f8rste selskapet til \u00e5 videreutvikle denne klassiske magneten til en dobbeltsidig magnet. S\u00e5 i 2016 utviklet Magnetar den allround fiskemagneten med 360\u00b0 magnetisk trekkraft. Magnetfiskere over hele EU har v\u00e6rt tiltrukket av v\u00e5re 100% neodymmagneter siden da, noe som har gjort oss til Europas nummer \u00e9n leverand\u00f8r. V\u00e5re magneter er laget med h\u00f8yeste kvalitet, design og omsorg av et lite team med magnetfiskeentusiaster. V\u00e5re kunder kommer stadig tilbake fordi de vet at med Magnetar f\u00e5r de mer enn en magnet, de fanger skatter.\n\n<h2><strong>Kraftfull 360\u00b0 trekkraft<\/strong><\/h2>\n\nBeast magneten er en av de kraftigste magnetene vi tilbyr med en trekkraft p\u00e5 opptil 1400 kg. Trekkraften til Beast er kraftfull og i stand til \u00e5 tiltrekke objekter fra hele omr\u00e5det rundt, i motsetning til en ensidig magnet innkapslet i et st\u00e5lhylster som retter trekkraften i \u00e9n retning. Nysgjerrig p\u00e5 hvordan vi m\u00e5ler trekkraft?\u00a0<a href=\"https:\/\/www.youtube.com\/watch?v=2McW3RURDxs\" target=\"_blank\" rel=\"noopener\">Se v\u00e5r video om m\u00e5ling av trekkraft<\/a>.\n\n<h2><b>H\u00f8y kvalitet<\/b><\/h2>\n\nV\u00e5re fiskemagneter er laget av 100% neodymium. Magnetar magneter beholder sin magnetiske trekkraft i flere ti\u00e5r med kun 1% tap hvert 100. \u00e5r (med riktig lagring, pleie og beskyttelse).\n\n\n\nDe fleste andre magnetleverand\u00f8rer viser allerede tap i trekkstyrke etter noen uker. De siste \u00e5rene har vi lagt merke til at det er flere og flere lavkvalitetsmagneter p\u00e5 markedet: st\u00f8rre magneter med lavere trekkstyrke, lavkvalitets neodymium, falsk reklame. N\u00e5r du kj\u00f8per en av disse magnetene til lavere pris eller fra et stort konsern, ender du opp skuffet selv om du sparte litt penger.\n\n\n\nMagnetar er en liten familiebedrift som setter kvalitet f\u00f8rst i alt vi gj\u00f8r. Vi er magnetfiske-entusiaster, og alle v\u00e5re magneter er tegnet, designet og produsert av v\u00e5rt team for \u00e5 sikre at du f\u00e5r mest mulig verdi (eller skatter) fra magneten din! Hvis du \u00f8nsker en p\u00e5litelig, effektiv og kraftig fiskemagnet, har du kommet til rett sted. V\u00e5rt team vil gjerne h\u00f8re fra deg, <a href=\"mailto:info@magnetarmagnets.com\">kontakt oss her<\/a>.\n\n<h2><b>Beskyttelsesdeksel<\/b><\/h2>\n\nBeskyttelsesdekselet som f\u00f8lger med i denne pakken er det perfekte tilbeh\u00f8ret for magnetfiskere som \u00f8nsker \u00e5 beskytte sine neodymmi magneter under bruk. Disse holdbare dekslene er spesielt designet for \u00e5 passe perfekt p\u00e5 magneten og gir et ekstra lag med beskyttelse mot riper, brudd og andre typer skader. V\u00e5re beskyttelsesdeksler er laget for \u00e5 vare og t\u00e5ler de t\u00f8ffeste forholdene. Beskyttelsesdekselet er laget av rustfritt st\u00e5l. Dette sikrer at magneten din beholder sin 360\u00b0 magnetisme. Med v\u00e5re beskyttelsesdeksler kan du nyte magnetfiske uten \u00e5 bekymre deg for skader p\u00e5 din verdifulle fiskemagnet.\n\n\n\n(V\u00e6r oppmerksom p\u00e5 at bunnen av magneten ikke er beskyttet av dekselet)\n\n<h2><b>Bruk med forsiktighet<\/b><\/h2>\n\nV\u00e5re neodymmagneter er de <a href=\"https:\/\/magnetarmagnets.com\/strong-fishing-magnets\/\" target=\"_blank\" rel=\"noopener\">sterkeste fiskemagnetene<\/a> og kan bli dratt til jernobjekter med h\u00f8y hastighet n\u00e5r de er p\u00e5 n\u00e6rt hold. Med sterkere magneter som 360\u00b0 allround, er det mulig at fingrene dine kan bli fanget mellom magneten og andre gjenstander. H\u00e5ndter magnetene forsiktig og bruk dem p\u00e5 egen risiko. Les alltid v\u00e5re sikkerhetsadvarsler f\u00f8r bruk.\n\n\n\n* Barn m\u00e5 bruke magneten under tilsyn av voksne.\n\n\n\nIkke glem \u00e5 sjekke ut v\u00e5re <a href=\"https:\/\/magnetarmagnets.com\/collections\/fishing-magnets\/magnet-fishing-kit\/\" target=\"_blank\" rel=\"noopener\">magnetfiskesett<\/a> eller <a href=\"https:\/\/magnetarmagnets.com\/accessories\/\" target=\"_blank\" rel=\"noopener\">magnetfiskeutstyr<\/a>.","protected":false},"excerpt":{"rendered":"<p><span style=\"font-weight: 400;\"><strong>Ekstrem<\/strong> og <strong>komplett<\/strong> ved vannkanten med <strong>allround 360\u00b0 Beast fiskemagnet<\/strong> og tilbeh\u00f8r, for den <strong>ekte Legend<\/strong>!<\/span><\/p>\n","protected":false},"featured_media":78899,"comment_status":"open","ping_status":"closed","template":"","meta":{"_acf_changed":false,"inline_featured_image":false},"product_brand":[],"product_cat":[607,602,608,616],"product_tag":[],"class_list":{"0":"post-84253","1":"product","2":"type-product","3":"status-publish","4":"has-post-thumbnail","6":"product_cat-allround-fiskemagneter-360","7":"product_cat-fiskemagneter","8":"product_cat-magnetfiske-sett","9":"product_cat-profesjonelle","11":"first","12":"onbackorder","13":"sale","14":"taxable","15":"shipping-taxable","16":"purchasable","17":"product-type-simple"},"acf":[],"yoast_head":"<!-- This site is optimized with the Yoast SEO plugin v27.4 - https:\/\/yoast.com\/product\/yoast-seo-wordpress\/ -->\n<title>Legend-pakke - 1400 kg - Beast - Allround 360\u00b0 - Magnet fishing with a Magnetar fishing magnet<\/title>\n<meta name=\"description\" content=\"Legend-pakke - 3100 lb \/1400 Kg Beast - Magnetfiske Magnetar\" \/>\n<meta name=\"robots\" content=\"index, follow, max-snippet:-1, max-image-preview:large, max-video-preview:-1\" \/>\n<link rel=\"canonical\" href=\"https:\/\/magnetarmagnets.com\/no\/shop\/legend-pakke-1400-kg-beast-allround-360\/\" \/>\n<meta property=\"og:locale\" content=\"nb_NO\" \/>\n<meta property=\"og:type\" content=\"article\" \/>\n<meta property=\"og:title\" content=\"Legend-pakke - 1400 kg - Beast - Allround 360\u00b0 - Magnet fishing with a Magnetar fishing magnet\" \/>\n<meta property=\"og:description\" content=\"Legend-pakke - 3100 lb \/1400 Kg Beast - Magnetfiske Magnetar\" \/>\n<meta property=\"og:url\" content=\"https:\/\/magnetarmagnets.com\/no\/shop\/legend-pakke-1400-kg-beast-allround-360\/\" \/>\n<meta property=\"og:site_name\" content=\"Magnet fishing with a Magnetar fishing magnet\" \/>\n<meta property=\"article:publisher\" content=\"https:\/\/www.facebook.com\/fishingmagnets\/\" \/>\n<meta property=\"article:modified_time\" content=\"2026-04-14T09:32:53+00:00\" \/>\n<meta property=\"og:image\" content=\"https:\/\/magnetarmagnets.com\/wp-content\/uploads\/2021\/10\/MAGNETAR-LEGEND-KIT-GOOGLE.jpg\" \/>\n\t<meta property=\"og:image:width\" content=\"1500\" \/>\n\t<meta property=\"og:image:height\" content=\"1500\" \/>\n\t<meta property=\"og:image:type\" content=\"image\/jpeg\" \/>\n<meta name=\"twitter:card\" content=\"summary_large_image\" \/>\n<meta name=\"twitter:label1\" content=\"Ansl. lesetid\" \/>\n\t<meta name=\"twitter:data1\" content=\"5 minutter\" \/>\n<script type=\"application\/ld+json\" class=\"yoast-schema-graph\">{\"@context\":\"https:\\\/\\\/schema.org\",\"@graph\":[{\"@type\":[\"WebPage\",\"ItemPage\"],\"@id\":\"https:\\\/\\\/magnetarmagnets.com\\\/no\\\/shop\\\/legend-pakke-1400-kg-beast-allround-360\\\/\",\"url\":\"https:\\\/\\\/magnetarmagnets.com\\\/no\\\/shop\\\/legend-pakke-1400-kg-beast-allround-360\\\/\",\"name\":\"Legend-pakke - 1400 kg - Beast - Allround 360\u00b0 - Magnet fishing with a Magnetar fishing magnet\",\"isPartOf\":{\"@id\":\"https:\\\/\\\/magnetarmagnets.com\\\/no\\\/#website\"},\"primaryImageOfPage\":{\"@id\":\"https:\\\/\\\/magnetarmagnets.com\\\/no\\\/shop\\\/legend-pakke-1400-kg-beast-allround-360\\\/#primaryimage\"},\"image\":{\"@id\":\"https:\\\/\\\/magnetarmagnets.com\\\/no\\\/shop\\\/legend-pakke-1400-kg-beast-allround-360\\\/#primaryimage\"},\"thumbnailUrl\":\"https:\\\/\\\/magnetarmagnets.com\\\/wp-content\\\/uploads\\\/2021\\\/10\\\/MAGNETAR-LEGEND-KIT-GOOGLE.jpg\",\"datePublished\":\"2025-06-05T07:54:17+00:00\",\"dateModified\":\"2026-04-14T09:32:53+00:00\",\"description\":\"Legend-pakke - 3100 lb \\\/1400 Kg Beast - Magnetfiske Magnetar\",\"breadcrumb\":{\"@id\":\"https:\\\/\\\/magnetarmagnets.com\\\/no\\\/shop\\\/legend-pakke-1400-kg-beast-allround-360\\\/#breadcrumb\"},\"inLanguage\":\"nb-NO\",\"potentialAction\":[{\"@type\":\"ReadAction\",\"target\":[\"https:\\\/\\\/magnetarmagnets.com\\\/no\\\/shop\\\/legend-pakke-1400-kg-beast-allround-360\\\/\"]}]},{\"@type\":\"ImageObject\",\"inLanguage\":\"nb-NO\",\"@id\":\"https:\\\/\\\/magnetarmagnets.com\\\/no\\\/shop\\\/legend-pakke-1400-kg-beast-allround-360\\\/#primaryimage\",\"url\":\"https:\\\/\\\/magnetarmagnets.com\\\/wp-content\\\/uploads\\\/2021\\\/10\\\/MAGNETAR-LEGEND-KIT-GOOGLE.jpg\",\"contentUrl\":\"https:\\\/\\\/magnetarmagnets.com\\\/wp-content\\\/uploads\\\/2021\\\/10\\\/MAGNETAR-LEGEND-KIT-GOOGLE.jpg\",\"width\":1500,\"height\":1500,\"caption\":\"MAGNETAR-LEGEND-KIT\"},{\"@type\":\"BreadcrumbList\",\"@id\":\"https:\\\/\\\/magnetarmagnets.com\\\/no\\\/shop\\\/legend-pakke-1400-kg-beast-allround-360\\\/#breadcrumb\",\"itemListElement\":[{\"@type\":\"ListItem\",\"position\":1,\"name\":\"Home\",\"item\":\"https:\\\/\\\/magnetarmagnets.com\\\/no\\\/\"},{\"@type\":\"ListItem\",\"position\":2,\"name\":\"Butikk\",\"item\":\"https:\\\/\\\/magnetarmagnets.com\\\/butikk\\\/\"},{\"@type\":\"ListItem\",\"position\":3,\"name\":\"Fiskemagneter\",\"item\":\"https:\\\/\\\/magnetarmagnets.com\\\/no\\\/collections\\\/fiskemagneter\\\/\"},{\"@type\":\"ListItem\",\"position\":4,\"name\":\"Allround fiskemagneter 360\u00b0\",\"item\":\"https:\\\/\\\/magnetarmagnets.com\\\/no\\\/collections\\\/fiskemagneter\\\/allround-fiskemagneter-360\\\/\"},{\"@type\":\"ListItem\",\"position\":5,\"name\":\"Legend-pakke &#8211; 1400 kg &#8211; Beast &#8211; Allround 360\u00b0\"}]},{\"@type\":\"WebSite\",\"@id\":\"https:\\\/\\\/magnetarmagnets.com\\\/no\\\/#website\",\"url\":\"https:\\\/\\\/magnetarmagnets.com\\\/no\\\/\",\"name\":\"Magnet fishing with a Magnetar fishing magnet\",\"description\":\"Kraftige magneter for magnetfiske\",\"publisher\":{\"@id\":\"https:\\\/\\\/magnetarmagnets.com\\\/no\\\/#organization\"},\"potentialAction\":[{\"@type\":\"SearchAction\",\"target\":{\"@type\":\"EntryPoint\",\"urlTemplate\":\"https:\\\/\\\/magnetarmagnets.com\\\/no\\\/?s={search_term_string}\"},\"query-input\":{\"@type\":\"PropertyValueSpecification\",\"valueRequired\":true,\"valueName\":\"search_term_string\"}}],\"inLanguage\":\"nb-NO\"},{\"@type\":\"Organization\",\"@id\":\"https:\\\/\\\/magnetarmagnets.com\\\/no\\\/#organization\",\"name\":\"Magnetar\",\"url\":\"https:\\\/\\\/magnetarmagnets.com\\\/no\\\/\",\"logo\":{\"@type\":\"ImageObject\",\"inLanguage\":\"nb-NO\",\"@id\":\"https:\\\/\\\/magnetarmagnets.com\\\/no\\\/#\\\/schema\\\/logo\\\/image\\\/\",\"url\":\"https:\\\/\\\/magnetarmagnets.com\\\/wp-content\\\/uploads\\\/2025\\\/05\\\/Logo-03_PNG-Black-scaled.png\",\"contentUrl\":\"https:\\\/\\\/magnetarmagnets.com\\\/wp-content\\\/uploads\\\/2025\\\/05\\\/Logo-03_PNG-Black-scaled.png\",\"width\":2560,\"height\":1658,\"caption\":\"Magnetar\"},\"image\":{\"@id\":\"https:\\\/\\\/magnetarmagnets.com\\\/no\\\/#\\\/schema\\\/logo\\\/image\\\/\"},\"sameAs\":[\"https:\\\/\\\/www.facebook.com\\\/fishingmagnets\\\/\",\"https:\\\/\\\/www.instagram.com\\\/magnetar_magnets\\\/\",\"https:\\\/\\\/www.linkedin.com\\\/company\\\/magnetarbv\\\/?originalSubdomain=nl\",\"https:\\\/\\\/www.youtube.com\\\/c\\\/MagnetarVismagneet\"]}]}<\/script>\n<!-- \/ Yoast SEO plugin. -->","yoast_head_json":{"title":"Legend-pakke - 1400 kg - Beast - Allround 360\u00b0 - Magnet fishing with a Magnetar fishing magnet","description":"Legend-pakke - 3100 lb \/1400 Kg Beast - Magnetfiske Magnetar","robots":{"index":"index","follow":"follow","max-snippet":"max-snippet:-1","max-image-preview":"max-image-preview:large","max-video-preview":"max-video-preview:-1"},"canonical":"https:\/\/magnetarmagnets.com\/no\/shop\/legend-pakke-1400-kg-beast-allround-360\/","og_locale":"nb_NO","og_type":"article","og_title":"Legend-pakke - 1400 kg - Beast - Allround 360\u00b0 - Magnet fishing with a Magnetar fishing magnet","og_description":"Legend-pakke - 3100 lb \/1400 Kg Beast - Magnetfiske Magnetar","og_url":"https:\/\/magnetarmagnets.com\/no\/shop\/legend-pakke-1400-kg-beast-allround-360\/","og_site_name":"Magnet fishing with a Magnetar fishing magnet","article_publisher":"https:\/\/www.facebook.com\/fishingmagnets\/","article_modified_time":"2026-04-14T09:32:53+00:00","og_image":[{"width":1500,"height":1500,"url":"https:\/\/magnetarmagnets.com\/wp-content\/uploads\/2021\/10\/MAGNETAR-LEGEND-KIT-GOOGLE.jpg","type":"image\/jpeg"}],"twitter_card":"summary_large_image","twitter_misc":{"Ansl. lesetid":"5 minutter"},"schema":{"@context":"https:\/\/schema.org","@graph":[{"@type":["WebPage","ItemPage"],"@id":"https:\/\/magnetarmagnets.com\/no\/shop\/legend-pakke-1400-kg-beast-allround-360\/","url":"https:\/\/magnetarmagnets.com\/no\/shop\/legend-pakke-1400-kg-beast-allround-360\/","name":"Legend-pakke - 1400 kg - Beast - Allround 360\u00b0 - Magnet fishing with a Magnetar fishing magnet","isPartOf":{"@id":"https:\/\/magnetarmagnets.com\/no\/#website"},"primaryImageOfPage":{"@id":"https:\/\/magnetarmagnets.com\/no\/shop\/legend-pakke-1400-kg-beast-allround-360\/#primaryimage"},"image":{"@id":"https:\/\/magnetarmagnets.com\/no\/shop\/legend-pakke-1400-kg-beast-allround-360\/#primaryimage"},"thumbnailUrl":"https:\/\/magnetarmagnets.com\/wp-content\/uploads\/2021\/10\/MAGNETAR-LEGEND-KIT-GOOGLE.jpg","datePublished":"2025-06-05T07:54:17+00:00","dateModified":"2026-04-14T09:32:53+00:00","description":"Legend-pakke - 3100 lb \/1400 Kg Beast - Magnetfiske Magnetar","breadcrumb":{"@id":"https:\/\/magnetarmagnets.com\/no\/shop\/legend-pakke-1400-kg-beast-allround-360\/#breadcrumb"},"inLanguage":"nb-NO","potentialAction":[{"@type":"ReadAction","target":["https:\/\/magnetarmagnets.com\/no\/shop\/legend-pakke-1400-kg-beast-allround-360\/"]}]},{"@type":"ImageObject","inLanguage":"nb-NO","@id":"https:\/\/magnetarmagnets.com\/no\/shop\/legend-pakke-1400-kg-beast-allround-360\/#primaryimage","url":"https:\/\/magnetarmagnets.com\/wp-content\/uploads\/2021\/10\/MAGNETAR-LEGEND-KIT-GOOGLE.jpg","contentUrl":"https:\/\/magnetarmagnets.com\/wp-content\/uploads\/2021\/10\/MAGNETAR-LEGEND-KIT-GOOGLE.jpg","width":1500,"height":1500,"caption":"MAGNETAR-LEGEND-KIT"},{"@type":"BreadcrumbList","@id":"https:\/\/magnetarmagnets.com\/no\/shop\/legend-pakke-1400-kg-beast-allround-360\/#breadcrumb","itemListElement":[{"@type":"ListItem","position":1,"name":"Home","item":"https:\/\/magnetarmagnets.com\/no\/"},{"@type":"ListItem","position":2,"name":"Butikk","item":"https:\/\/magnetarmagnets.com\/butikk\/"},{"@type":"ListItem","position":3,"name":"Fiskemagneter","item":"https:\/\/magnetarmagnets.com\/no\/collections\/fiskemagneter\/"},{"@type":"ListItem","position":4,"name":"Allround fiskemagneter 360\u00b0","item":"https:\/\/magnetarmagnets.com\/no\/collections\/fiskemagneter\/allround-fiskemagneter-360\/"},{"@type":"ListItem","position":5,"name":"Legend-pakke &#8211; 1400 kg &#8211; Beast &#8211; Allround 360\u00b0"}]},{"@type":"WebSite","@id":"https:\/\/magnetarmagnets.com\/no\/#website","url":"https:\/\/magnetarmagnets.com\/no\/","name":"Magnet fishing with a Magnetar fishing magnet","description":"Kraftige magneter for magnetfiske","publisher":{"@id":"https:\/\/magnetarmagnets.com\/no\/#organization"},"potentialAction":[{"@type":"SearchAction","target":{"@type":"EntryPoint","urlTemplate":"https:\/\/magnetarmagnets.com\/no\/?s={search_term_string}"},"query-input":{"@type":"PropertyValueSpecification","valueRequired":true,"valueName":"search_term_string"}}],"inLanguage":"nb-NO"},{"@type":"Organization","@id":"https:\/\/magnetarmagnets.com\/no\/#organization","name":"Magnetar","url":"https:\/\/magnetarmagnets.com\/no\/","logo":{"@type":"ImageObject","inLanguage":"nb-NO","@id":"https:\/\/magnetarmagnets.com\/no\/#\/schema\/logo\/image\/","url":"https:\/\/magnetarmagnets.com\/wp-content\/uploads\/2025\/05\/Logo-03_PNG-Black-scaled.png","contentUrl":"https:\/\/magnetarmagnets.com\/wp-content\/uploads\/2025\/05\/Logo-03_PNG-Black-scaled.png","width":2560,"height":1658,"caption":"Magnetar"},"image":{"@id":"https:\/\/magnetarmagnets.com\/no\/#\/schema\/logo\/image\/"},"sameAs":["https:\/\/www.facebook.com\/fishingmagnets\/","https:\/\/www.instagram.com\/magnetar_magnets\/","https:\/\/www.linkedin.com\/company\/magnetarbv\/?originalSubdomain=nl","https:\/\/www.youtube.com\/c\/MagnetarVismagneet"]}]}},"_links":{"self":[{"href":"https:\/\/magnetarmagnets.com\/no\/wp-json\/wp\/v2\/product\/84253","targetHints":{"allow":["GET"]}}],"collection":[{"href":"https:\/\/magnetarmagnets.com\/no\/wp-json\/wp\/v2\/product"}],"about":[{"href":"https:\/\/magnetarmagnets.com\/no\/wp-json\/wp\/v2\/types\/product"}],"replies":[{"embeddable":true,"href":"https:\/\/magnetarmagnets.com\/no\/wp-json\/wp\/v2\/comments?post=84253"}],"version-history":[{"count":1,"href":"https:\/\/magnetarmagnets.com\/no\/wp-json\/wp\/v2\/product\/84253\/revisions"}],"predecessor-version":[{"id":94515,"href":"https:\/\/magnetarmagnets.com\/no\/wp-json\/wp\/v2\/product\/84253\/revisions\/94515"}],"wp:featuredmedia":[{"embeddable":true,"href":"https:\/\/magnetarmagnets.com\/no\/wp-json\/wp\/v2\/media\/78899"}],"wp:attachment":[{"href":"https:\/\/magnetarmagnets.com\/no\/wp-json\/wp\/v2\/media?parent=84253"}],"wp:term":[{"taxonomy":"product_brand","embeddable":true,"href":"https:\/\/magnetarmagnets.com\/no\/wp-json\/wp\/v2\/product_brand?post=84253"},{"taxonomy":"product_cat","embeddable":true,"href":"https:\/\/magnetarmagnets.com\/no\/wp-json\/wp\/v2\/product_cat?post=84253"},{"taxonomy":"product_tag","embeddable":true,"href":"https:\/\/magnetarmagnets.com\/no\/wp-json\/wp\/v2\/product_tag?post=84253"}],"curies":[{"name":"wp","href":"https:\/\/api.w.org\/{rel}","templated":true}]}}