{"id":84251,"date":"2025-06-05T09:54:38","date_gmt":"2025-06-05T07:54:38","guid":{"rendered":"https:\/\/magnetarmagnets.com\/?post_type=product&#038;p=84251"},"modified":"2026-04-07T06:20:04","modified_gmt":"2026-04-07T04:20:04","slug":"pro-pakke-600-kg-hardcore-allround-360","status":"publish","type":"product","link":"https:\/\/magnetarmagnets.com\/no\/shop\/pro-pakke-600-kg-hardcore-allround-360\/","title":{"rendered":"Pro-pakke &#8211; 600 kg &#8211; Hardcore &#8211; Allround 360\u00b0"},"content":{"rendered":"<b>Er du en profesjonell magnetfisker?<\/b> Eller \u00f8nsker du \u00e5 bli en proff? V\u00e5r Pro-pakke er veien \u00e5 g\u00e5 og inkluderer alt du trenger for \u00e5 komme i gang (og f\u00e5 pakketilbud!). Denne pakken inkluderer v\u00e5r bestselger Hardcore allround 360\u00b0 magnet. Pakken inneholder ogs\u00e5 et sterkt tau med diameter p\u00e5 8 mm med karabinkrok, et par vanntette hansker, et Hardcore beskyttelsesdeksel, lim og en ekstra stor magnetfiskekrok i rustfritt st\u00e5l <a href=\"https:\/\/magnetarmagnets.com\/shop\/stainless-steel-hook-for-magnet-fishing\/\" target=\"_blank\" rel=\"noopener\">her<\/a>. Vil du oppgradere? Sjekk ut v\u00e5rt <a href=\"https:\/\/magnetarmagnets.com\/shop\/expert-package\/\" target=\"_blank\" rel=\"noopener\">Expert Package!<\/a>\n\n<h2><b>Hardcore Neodymium fiskemagnet<\/b><\/h2>\n\n<span style=\"font-weight: 400;\">V\u00e5r allround 360\u00b0 Neodymmagnet har en enorm magnetisk trekkraft! Dette er en av de sterkeste og mest konkurransedyktige fiskemagnetene tilgjengelig. <\/span><b>Med en tiltrekningskraft p\u00e5 14 cm rundt magneten<\/b><span style=\"font-weight: 400;\"> gir langdistansetrekken deg en stor sjanse til \u00e5 fange st\u00f8rre og bedre skatter. Mange magnetfiskere roser allround hardcore magneten for sine effektive fangstresultater &#8211; se hva proffene sier p\u00e5 <\/span><a href=\"https:\/\/www.youtube.com\/watch?v=1izvqgYbtd8\" target=\"_blank\" rel=\"noopener\"><span style=\"font-weight: 400;\">YouTube<\/span><\/a><span style=\"font-weight: 400;\">! Den allround Hardcore fiskemagneten er perfekt for magnetfiskere som \u00f8nsker \u00e5 oppgradere sin <a href=\"https:\/\/magnetarmagnets.com\/collections\/fishing-magnets\/single-sided-classic\/\" target=\"_blank\" rel=\"noopener\">en-sidige fiskemagnet<\/a> eller to-sidige fiskemagnet med enda h\u00f8yere total trekkraft. <\/span>\n\n<h2><b>Er du klar for \u00e5 g\u00e5 Hardcore?<\/b><\/h2>\n\n<span style=\"font-weight: 400;\">Bli en Hardcore magnetfisker! Navnet sier alt: denne magneten er veldig sterk! Hardcore fiskemagneten fester seg til alle objekter fra alle sider, gjennom gj\u00f8rme, og setter seg ikke lett fast p\u00e5 steiner. Ikke for tung, ikke for lett; du kan kaste denne magneten i timevis uten problemer.\u00a0<\/span>\n\n\n\n<span style=\"font-weight: 400;\">Hardcore magneten har blitt en av v\u00e5re bestselgere og er mest popul\u00e6r blant avanserte magnetfiskere. Magneten er laget av 100% ren Neodymium &#8211; den kraftigste permanente magneten som kan l\u00f8fte mer enn andre magnetmaterialer av samme st\u00f8rrelse. Dette \u00f8ker den totale tiltrekningen fra alle retninger og \u00f8ker rekkevidden av objekter du kan finne.<\/span>\n\n<h2><b>Magnetutvikling<\/b><\/h2>\n\nMange <a href=\"https:\/\/magnetarmagnets.com\/\" target=\"_blank\" rel=\"noopener\">fiskemagneter<\/a> har kun tiltrekningskraft p\u00e5 \u00e9n side av magneten. Denne ensidige magneten er den klassiske fiskemagneten. Magnetar var det f\u00f8rste selskapet som utviklet denne klassiske magneten til en <a href=\"https:\/\/magnetarmagnets.com\/double-sided-fishing-magnet\/\" target=\"_blank\" rel=\"noopener\">tosidig fiskemagnet<\/a>. Deretter, i 2016, utviklet Magnetar den allsidige fiskemagneten med 360\u00b0 magnetisk trekkraft. Magnetfiskere over hele EU har siden blitt tiltrukket av v\u00e5re 100% Neodymmagneter, noe som har gjort oss til Europas ledende leverand\u00f8r. V\u00e5re magneter er laget med h\u00f8y kvalitet, design og omsorg av et lite team av magnetfiskeentusiaster. V\u00e5re kunder kommer stadig tilbake fordi de vet at med Magnetar f\u00e5r de mer enn en magnet, de fanger skatter.\n\n<h2><strong>Kraftig 360\u00b0 trekkraft<\/strong><\/h2>\n\n<span style=\"font-weight: 400;\">Hardcore magneten er en av de sterkeste magnetene vi tilbyr. Trekkraften til en ensidig magnet kan ikke sammenlignes med en ren neodymium 360\u00b0 magnet som Hardcore magneten. Dette skyldes at st\u00e5lkappen p\u00e5 en ensidig magnet p\u00e5virker trekkraften og retter den i \u00e9n retning. Dette tillater ensidige magneter \u00e5 oppn\u00e5 h\u00f8y trekkraft p\u00e5 flate metallplater p\u00e5 \u00e9n side, men v\u00e5r eksklusive Allround 360\u00b0 magnet tiltrekker objekter fra \u00aballe kanter\u00bb da magneten har magnetisk trekkraft i hele omr\u00e5det rundt. Nysgjerrig p\u00e5 hvordan vi m\u00e5ler trekkraft? <\/span><a href=\"https:\/\/www.youtube.com\/watch?v=2McW3RURDxs\" target=\"_blank\" rel=\"noopener\"><span style=\"font-weight: 400;\">Se v\u00e5r video om m\u00e5ling av trekkraft<\/span><\/a><span style=\"font-weight: 400;\">.<\/span>\n\n<h2><b>H\u00f8y kvalitet<\/b><\/h2>\n\n<span style=\"font-weight: 400;\">V\u00e5re fiskemagneter er laget av Neodymium. Magnetar magneter beholder sin magnetiske trekkraft i flere ti\u00e5r med kun 1 % tap hvert 100. \u00e5r (ved riktig lagring, pleie og beskyttelse).\u00a0<\/span>\n\n\n\n<span style=\"font-weight: 400;\">De fleste andre magnetleverand\u00f8rer viser reduksjon i trekkstyrke etter noen uker. De siste \u00e5rene har vi merket flere og flere lavkvalitetsmagneter p\u00e5 markedet: st\u00f8rre magneter med lavere trekkstyrke, neodymium av lav kvalitet og villedende markedsf\u00f8ring. N\u00e5r du kj\u00f8per slike magneter til lavere pris eller fra store konsernselskaper, blir du gjerne skuffet selv om du sparte penger.\u00a0<\/span>\n\n\n\n<span style=\"font-weight: 400;\">Magnetar er et lite familiedrevet selskap som setter kvalitet f\u00f8rst i alt vi gj\u00f8r. Vi er magnetfiskeentusiaster, og alle v\u00e5re magneter er tegnet, designet og laget av v\u00e5rt team for \u00e5 sikre at du f\u00e5r mest mulig verdi (eller skatter fra magneten!). Hvis du \u00f8nsker en p\u00e5litelig, effektiv og kraftig fiskemagnet, har du kommet til riktig sted. V\u00e5rt team vil gjerne h\u00f8re fra deg, <a href=\"mailto:info@magnetarmagnets.nl\">kontakt oss her<\/a>.<\/span>\n\n<h2><b>Beskyttelsesdeksel<\/b><\/h2>\n\nBeskyttelsesdekselet som f\u00f8lger med i denne pakken, er det perfekte tilbeh\u00f8ret for magnetfiskere som \u00f8nsker \u00e5 beskytte sine neodymmagneter under bruk. Disse holdbare dekslene er spesielt designet for \u00e5 passe perfekt p\u00e5 magneten og gir et ekstra lag beskyttelse mot riper, brudd og annen skade. V\u00e5re beskyttelsesdeksler er laget for \u00e5 vare og t\u00e5ler t\u00f8ffe forhold. Beskyttelsesdekselet er laget av rustfritt st\u00e5l. Dette sikrer at magneten din forblir magnetisk 360\u00b0. Med v\u00e5re beskyttelsesdeksler kan du nyte magnetfiske uten \u00e5 bekymre deg for skader p\u00e5 din verdifulle fiskemagnet. \n\n(V\u00e6r oppmerksom p\u00e5 at bunnen av magneten ikke er beskyttet av dekselet)\n\n<h2><b>Bruk med forsiktighet<\/b><\/h2>\n\n<span style=\"font-weight: 400;\">V\u00e5re neodymmagneter er sv\u00e6rt <a href=\"https:\/\/magnetarmagnets.com\/strong-fishing-magnets\/\" target=\"_blank\" rel=\"noopener\">kraftige fiskemagneter<\/a> og kan tiltrekke seg jernobjekter med stor hastighet n\u00e5r de er i n\u00e6r avstand. Med de sterkere magnetene som 360\u00b0 allround, er det mulig at fingrene dine kan bli fanget mellom magneten og andre objekter. H\u00e5ndter magnetene med forsiktighet og bruk dem p\u00e5 eget ansvar. Les alltid v\u00e5re sikkerhetsadvarsler f\u00f8r bruk.<\/span>\n\n\n\n<span style=\"font-weight: 400;\">* Barn m\u00e5 bruke magneten under tilsyn av voksne.<\/span>\n\n\n\nIkke glem \u00e5 sjekke ut v\u00e5re <a href=\"https:\/\/magnetarmagnets.com\/magnet-fishing-kit\/\" target=\"_blank\" rel=\"noopener\">magnetfiske-sett<\/a> og <a href=\"https:\/\/magnetarmagnets.com\/accessories\/\" target=\"_blank\" rel=\"noopener\">magnetfiske-tilbeh\u00f8r<\/a>.","protected":false},"excerpt":{"rendered":"<p><span style=\"font-weight: 400;\">Kom i gang helt med <strong>pakkerabatt<\/strong> og den <strong>ekte 360\u00b0 Hardcore fiskemagneten<\/strong>.<\/span><\/p>\n","protected":false},"featured_media":80419,"comment_status":"open","ping_status":"closed","template":"","meta":{"_acf_changed":false,"inline_featured_image":false},"product_brand":[],"product_cat":[607,615,602,608,614],"product_tag":[],"class_list":{"0":"post-84251","1":"product","2":"type-product","3":"status-publish","4":"has-post-thumbnail","6":"product_cat-allround-fiskemagneter-360","7":"product_cat-erfarne-eventyrere","8":"product_cat-fiskemagneter","9":"product_cat-magnetfiske-sett","10":"product_cat-nybegynnere-og-barn","12":"first","13":"instock","14":"sale","15":"taxable","16":"shipping-taxable","17":"purchasable","18":"product-type-simple"},"acf":[],"yoast_head":"<!-- This site is optimized with the Yoast SEO plugin v27.3 - https:\/\/yoast.com\/product\/yoast-seo-wordpress\/ -->\n<title>Pro-pakke - 600 kg - Hardcore - Allround 360\u00b0 - Magnet fishing with a Magnetar fishing magnet<\/title>\n<meta name=\"description\" content=\"Pro-pakke - 600 Kg Hardcore - Magnetar\" \/>\n<meta name=\"robots\" content=\"index, follow, max-snippet:-1, max-image-preview:large, max-video-preview:-1\" \/>\n<link rel=\"canonical\" href=\"https:\/\/magnetarmagnets.com\/no\/shop\/pro-pakke-600-kg-hardcore-allround-360\/\" \/>\n<meta property=\"og:locale\" content=\"nb_NO\" \/>\n<meta property=\"og:type\" content=\"article\" \/>\n<meta property=\"og:title\" content=\"Pro-pakke - 600 kg - Hardcore - Allround 360\u00b0 - Magnet fishing with a Magnetar fishing magnet\" \/>\n<meta property=\"og:description\" content=\"Pro-pakke - 600 Kg Hardcore - Magnetar\" \/>\n<meta property=\"og:url\" content=\"https:\/\/magnetarmagnets.com\/no\/shop\/pro-pakke-600-kg-hardcore-allround-360\/\" \/>\n<meta property=\"og:site_name\" content=\"Magnet fishing with a Magnetar fishing magnet\" \/>\n<meta property=\"article:publisher\" content=\"https:\/\/www.facebook.com\/fishingmagnets\/\" \/>\n<meta property=\"article:modified_time\" content=\"2026-04-07T04:20:04+00:00\" \/>\n<meta property=\"og:image\" content=\"https:\/\/magnetarmagnets.com\/wp-content\/uploads\/2019\/11\/pro-pakket.jpg\" \/>\n\t<meta property=\"og:image:width\" content=\"1500\" \/>\n\t<meta property=\"og:image:height\" content=\"1500\" \/>\n\t<meta property=\"og:image:type\" content=\"image\/jpeg\" \/>\n<meta name=\"twitter:card\" content=\"summary_large_image\" \/>\n<meta name=\"twitter:label1\" content=\"Ansl. lesetid\" \/>\n\t<meta name=\"twitter:data1\" content=\"5 minutter\" \/>\n<script type=\"application\/ld+json\" class=\"yoast-schema-graph\">{\"@context\":\"https:\\\/\\\/schema.org\",\"@graph\":[{\"@type\":[\"WebPage\",\"ItemPage\"],\"@id\":\"https:\\\/\\\/magnetarmagnets.com\\\/no\\\/shop\\\/pro-pakke-600-kg-hardcore-allround-360\\\/\",\"url\":\"https:\\\/\\\/magnetarmagnets.com\\\/no\\\/shop\\\/pro-pakke-600-kg-hardcore-allround-360\\\/\",\"name\":\"Pro-pakke - 600 kg - Hardcore - Allround 360\u00b0 - Magnet fishing with a Magnetar fishing magnet\",\"isPartOf\":{\"@id\":\"https:\\\/\\\/magnetarmagnets.com\\\/no\\\/#website\"},\"primaryImageOfPage\":{\"@id\":\"https:\\\/\\\/magnetarmagnets.com\\\/no\\\/shop\\\/pro-pakke-600-kg-hardcore-allround-360\\\/#primaryimage\"},\"image\":{\"@id\":\"https:\\\/\\\/magnetarmagnets.com\\\/no\\\/shop\\\/pro-pakke-600-kg-hardcore-allround-360\\\/#primaryimage\"},\"thumbnailUrl\":\"https:\\\/\\\/magnetarmagnets.com\\\/wp-content\\\/uploads\\\/2019\\\/11\\\/pro-pakket.jpg\",\"datePublished\":\"2025-06-05T07:54:38+00:00\",\"dateModified\":\"2026-04-07T04:20:04+00:00\",\"description\":\"Pro-pakke - 600 Kg Hardcore - Magnetar\",\"breadcrumb\":{\"@id\":\"https:\\\/\\\/magnetarmagnets.com\\\/no\\\/shop\\\/pro-pakke-600-kg-hardcore-allround-360\\\/#breadcrumb\"},\"inLanguage\":\"nb-NO\",\"potentialAction\":[{\"@type\":\"ReadAction\",\"target\":[\"https:\\\/\\\/magnetarmagnets.com\\\/no\\\/shop\\\/pro-pakke-600-kg-hardcore-allround-360\\\/\"]}]},{\"@type\":\"ImageObject\",\"inLanguage\":\"nb-NO\",\"@id\":\"https:\\\/\\\/magnetarmagnets.com\\\/no\\\/shop\\\/pro-pakke-600-kg-hardcore-allround-360\\\/#primaryimage\",\"url\":\"https:\\\/\\\/magnetarmagnets.com\\\/wp-content\\\/uploads\\\/2019\\\/11\\\/pro-pakket.jpg\",\"contentUrl\":\"https:\\\/\\\/magnetarmagnets.com\\\/wp-content\\\/uploads\\\/2019\\\/11\\\/pro-pakket.jpg\",\"width\":1500,\"height\":1500,\"caption\":\"Pro Package for magnet fishing\"},{\"@type\":\"BreadcrumbList\",\"@id\":\"https:\\\/\\\/magnetarmagnets.com\\\/no\\\/shop\\\/pro-pakke-600-kg-hardcore-allround-360\\\/#breadcrumb\",\"itemListElement\":[{\"@type\":\"ListItem\",\"position\":1,\"name\":\"Home\",\"item\":\"https:\\\/\\\/magnetarmagnets.com\\\/no\\\/\"},{\"@type\":\"ListItem\",\"position\":2,\"name\":\"Butikk\",\"item\":\"https:\\\/\\\/magnetarmagnets.com\\\/butikk\\\/\"},{\"@type\":\"ListItem\",\"position\":3,\"name\":\"All products\",\"item\":\"https:\\\/\\\/magnetarmagnets.com\\\/collections\\\/all-products\\\/\"},{\"@type\":\"ListItem\",\"position\":4,\"name\":\"Pro-pakke &#8211; 600 kg &#8211; Hardcore &#8211; Allround 360\u00b0\"}]},{\"@type\":\"WebSite\",\"@id\":\"https:\\\/\\\/magnetarmagnets.com\\\/no\\\/#website\",\"url\":\"https:\\\/\\\/magnetarmagnets.com\\\/no\\\/\",\"name\":\"Magnet fishing with a Magnetar fishing magnet\",\"description\":\"Kraftige magneter for magnetfiske\",\"publisher\":{\"@id\":\"https:\\\/\\\/magnetarmagnets.com\\\/no\\\/#organization\"},\"potentialAction\":[{\"@type\":\"SearchAction\",\"target\":{\"@type\":\"EntryPoint\",\"urlTemplate\":\"https:\\\/\\\/magnetarmagnets.com\\\/no\\\/?s={search_term_string}\"},\"query-input\":{\"@type\":\"PropertyValueSpecification\",\"valueRequired\":true,\"valueName\":\"search_term_string\"}}],\"inLanguage\":\"nb-NO\"},{\"@type\":\"Organization\",\"@id\":\"https:\\\/\\\/magnetarmagnets.com\\\/no\\\/#organization\",\"name\":\"Magnetar\",\"url\":\"https:\\\/\\\/magnetarmagnets.com\\\/no\\\/\",\"logo\":{\"@type\":\"ImageObject\",\"inLanguage\":\"nb-NO\",\"@id\":\"https:\\\/\\\/magnetarmagnets.com\\\/no\\\/#\\\/schema\\\/logo\\\/image\\\/\",\"url\":\"https:\\\/\\\/magnetarmagnets.com\\\/wp-content\\\/uploads\\\/2025\\\/05\\\/Logo-03_PNG-Black-scaled.png\",\"contentUrl\":\"https:\\\/\\\/magnetarmagnets.com\\\/wp-content\\\/uploads\\\/2025\\\/05\\\/Logo-03_PNG-Black-scaled.png\",\"width\":2560,\"height\":1658,\"caption\":\"Magnetar\"},\"image\":{\"@id\":\"https:\\\/\\\/magnetarmagnets.com\\\/no\\\/#\\\/schema\\\/logo\\\/image\\\/\"},\"sameAs\":[\"https:\\\/\\\/www.facebook.com\\\/fishingmagnets\\\/\",\"https:\\\/\\\/www.instagram.com\\\/magnetar_magnets\\\/\",\"https:\\\/\\\/www.linkedin.com\\\/company\\\/magnetarbv\\\/?originalSubdomain=nl\",\"https:\\\/\\\/www.youtube.com\\\/c\\\/MagnetarVismagneet\"]}]}<\/script>\n<!-- \/ Yoast SEO plugin. -->","yoast_head_json":{"title":"Pro-pakke - 600 kg - Hardcore - Allround 360\u00b0 - Magnet fishing with a Magnetar fishing magnet","description":"Pro-pakke - 600 Kg Hardcore - Magnetar","robots":{"index":"index","follow":"follow","max-snippet":"max-snippet:-1","max-image-preview":"max-image-preview:large","max-video-preview":"max-video-preview:-1"},"canonical":"https:\/\/magnetarmagnets.com\/no\/shop\/pro-pakke-600-kg-hardcore-allround-360\/","og_locale":"nb_NO","og_type":"article","og_title":"Pro-pakke - 600 kg - Hardcore - Allround 360\u00b0 - Magnet fishing with a Magnetar fishing magnet","og_description":"Pro-pakke - 600 Kg Hardcore - Magnetar","og_url":"https:\/\/magnetarmagnets.com\/no\/shop\/pro-pakke-600-kg-hardcore-allround-360\/","og_site_name":"Magnet fishing with a Magnetar fishing magnet","article_publisher":"https:\/\/www.facebook.com\/fishingmagnets\/","article_modified_time":"2026-04-07T04:20:04+00:00","og_image":[{"width":1500,"height":1500,"url":"https:\/\/magnetarmagnets.com\/wp-content\/uploads\/2019\/11\/pro-pakket.jpg","type":"image\/jpeg"}],"twitter_card":"summary_large_image","twitter_misc":{"Ansl. lesetid":"5 minutter"},"schema":{"@context":"https:\/\/schema.org","@graph":[{"@type":["WebPage","ItemPage"],"@id":"https:\/\/magnetarmagnets.com\/no\/shop\/pro-pakke-600-kg-hardcore-allround-360\/","url":"https:\/\/magnetarmagnets.com\/no\/shop\/pro-pakke-600-kg-hardcore-allround-360\/","name":"Pro-pakke - 600 kg - Hardcore - Allround 360\u00b0 - Magnet fishing with a Magnetar fishing magnet","isPartOf":{"@id":"https:\/\/magnetarmagnets.com\/no\/#website"},"primaryImageOfPage":{"@id":"https:\/\/magnetarmagnets.com\/no\/shop\/pro-pakke-600-kg-hardcore-allround-360\/#primaryimage"},"image":{"@id":"https:\/\/magnetarmagnets.com\/no\/shop\/pro-pakke-600-kg-hardcore-allround-360\/#primaryimage"},"thumbnailUrl":"https:\/\/magnetarmagnets.com\/wp-content\/uploads\/2019\/11\/pro-pakket.jpg","datePublished":"2025-06-05T07:54:38+00:00","dateModified":"2026-04-07T04:20:04+00:00","description":"Pro-pakke - 600 Kg Hardcore - Magnetar","breadcrumb":{"@id":"https:\/\/magnetarmagnets.com\/no\/shop\/pro-pakke-600-kg-hardcore-allround-360\/#breadcrumb"},"inLanguage":"nb-NO","potentialAction":[{"@type":"ReadAction","target":["https:\/\/magnetarmagnets.com\/no\/shop\/pro-pakke-600-kg-hardcore-allround-360\/"]}]},{"@type":"ImageObject","inLanguage":"nb-NO","@id":"https:\/\/magnetarmagnets.com\/no\/shop\/pro-pakke-600-kg-hardcore-allround-360\/#primaryimage","url":"https:\/\/magnetarmagnets.com\/wp-content\/uploads\/2019\/11\/pro-pakket.jpg","contentUrl":"https:\/\/magnetarmagnets.com\/wp-content\/uploads\/2019\/11\/pro-pakket.jpg","width":1500,"height":1500,"caption":"Pro Package for magnet fishing"},{"@type":"BreadcrumbList","@id":"https:\/\/magnetarmagnets.com\/no\/shop\/pro-pakke-600-kg-hardcore-allround-360\/#breadcrumb","itemListElement":[{"@type":"ListItem","position":1,"name":"Home","item":"https:\/\/magnetarmagnets.com\/no\/"},{"@type":"ListItem","position":2,"name":"Butikk","item":"https:\/\/magnetarmagnets.com\/butikk\/"},{"@type":"ListItem","position":3,"name":"All products","item":"https:\/\/magnetarmagnets.com\/collections\/all-products\/"},{"@type":"ListItem","position":4,"name":"Pro-pakke &#8211; 600 kg &#8211; Hardcore &#8211; Allround 360\u00b0"}]},{"@type":"WebSite","@id":"https:\/\/magnetarmagnets.com\/no\/#website","url":"https:\/\/magnetarmagnets.com\/no\/","name":"Magnet fishing with a Magnetar fishing magnet","description":"Kraftige magneter for magnetfiske","publisher":{"@id":"https:\/\/magnetarmagnets.com\/no\/#organization"},"potentialAction":[{"@type":"SearchAction","target":{"@type":"EntryPoint","urlTemplate":"https:\/\/magnetarmagnets.com\/no\/?s={search_term_string}"},"query-input":{"@type":"PropertyValueSpecification","valueRequired":true,"valueName":"search_term_string"}}],"inLanguage":"nb-NO"},{"@type":"Organization","@id":"https:\/\/magnetarmagnets.com\/no\/#organization","name":"Magnetar","url":"https:\/\/magnetarmagnets.com\/no\/","logo":{"@type":"ImageObject","inLanguage":"nb-NO","@id":"https:\/\/magnetarmagnets.com\/no\/#\/schema\/logo\/image\/","url":"https:\/\/magnetarmagnets.com\/wp-content\/uploads\/2025\/05\/Logo-03_PNG-Black-scaled.png","contentUrl":"https:\/\/magnetarmagnets.com\/wp-content\/uploads\/2025\/05\/Logo-03_PNG-Black-scaled.png","width":2560,"height":1658,"caption":"Magnetar"},"image":{"@id":"https:\/\/magnetarmagnets.com\/no\/#\/schema\/logo\/image\/"},"sameAs":["https:\/\/www.facebook.com\/fishingmagnets\/","https:\/\/www.instagram.com\/magnetar_magnets\/","https:\/\/www.linkedin.com\/company\/magnetarbv\/?originalSubdomain=nl","https:\/\/www.youtube.com\/c\/MagnetarVismagneet"]}]}},"_links":{"self":[{"href":"https:\/\/magnetarmagnets.com\/no\/wp-json\/wp\/v2\/product\/84251","targetHints":{"allow":["GET"]}}],"collection":[{"href":"https:\/\/magnetarmagnets.com\/no\/wp-json\/wp\/v2\/product"}],"about":[{"href":"https:\/\/magnetarmagnets.com\/no\/wp-json\/wp\/v2\/types\/product"}],"replies":[{"embeddable":true,"href":"https:\/\/magnetarmagnets.com\/no\/wp-json\/wp\/v2\/comments?post=84251"}],"version-history":[{"count":0,"href":"https:\/\/magnetarmagnets.com\/no\/wp-json\/wp\/v2\/product\/84251\/revisions"}],"wp:featuredmedia":[{"embeddable":true,"href":"https:\/\/magnetarmagnets.com\/no\/wp-json\/wp\/v2\/media\/80419"}],"wp:attachment":[{"href":"https:\/\/magnetarmagnets.com\/no\/wp-json\/wp\/v2\/media?parent=84251"}],"wp:term":[{"taxonomy":"product_brand","embeddable":true,"href":"https:\/\/magnetarmagnets.com\/no\/wp-json\/wp\/v2\/product_brand?post=84251"},{"taxonomy":"product_cat","embeddable":true,"href":"https:\/\/magnetarmagnets.com\/no\/wp-json\/wp\/v2\/product_cat?post=84251"},{"taxonomy":"product_tag","embeddable":true,"href":"https:\/\/magnetarmagnets.com\/no\/wp-json\/wp\/v2\/product_tag?post=84251"}],"curies":[{"name":"wp","href":"https:\/\/api.w.org\/{rel}","templated":true}]}}