{"id":84250,"date":"2025-06-05T09:54:38","date_gmt":"2025-06-05T07:54:38","guid":{"rendered":"https:\/\/magnetarmagnets.com\/?post_type=product&#038;p=84250"},"modified":"2026-04-07T06:19:42","modified_gmt":"2026-04-07T04:19:42","slug":"ekspertpakke-1000-kg-terror-allround-360","status":"publish","type":"product","link":"https:\/\/magnetarmagnets.com\/no\/shop\/ekspertpakke-1000-kg-terror-allround-360\/","title":{"rendered":"Ekspertpakke &#8211; 1000 kg &#8211; Terror &#8211; Allround 360\u00b0"},"content":{"rendered":"Er du en avansert magnetfisker? Eller ser du etter det perfekte utstyret som nybegynner? Ekspertpakken er veien \u00e5 g\u00e5. Denne pakken inkluderer v\u00e5r Terror allround 360\u00b0 fiskemagnet. Pakken inneholder ogs\u00e5 en sterk 8mm tau med karabinkrok, et par vanntette hansker, et Terror beskyttelsesdeksel, lim, og en ekstra stor grapplingkrok i rustfritt st\u00e5l. \u00d8nsker du en ekte kraftpakke? Med denne pakken er du fullt utstyrt for magnetfiske! Vil du ta niv\u00e5et opp? Sjekk ut v\u00e5r <a href=\"https:\/\/magnetarmagnets.com\/shop\/legend-package\/\" target=\"_blank\" rel=\"noopener\">Legend Package!<\/a>\n\n<h2><b>Terror Neodymmagnet for Magnetfiske<\/b><\/h2>\n\nVi utviklet Terror fiskemagnet etter suksessen med v\u00e5r Hardcore fiskemagnet. Terror magneten tilbyr enda flere fangstmuligheter med en ekstremt kraftig magnetisk trekkraft opptil 1000 kg. Dette \u00f8ker sjansen betydelig for \u00e5 finne st\u00f8rre og bedre skatter. Magneten er ogs\u00e5 tyngre, noe som gj\u00f8r at den kan synke dypere ned i gj\u00f8rme og n\u00e5 skjulte, sunkne gjenstander. Som alle v\u00e5re fiskmagneter er Terror 100 % Neodymmagnet med kraftig trekkraft p\u00e5 alle sider.\n\n<h2><b>Er du klar for Terror?<\/b><\/h2>\n\nNavnet beskriver alt \u2013 denne magneten er veldig sterk! Terror fiskemagnet fester seg til objekter fra alle sider, ogs\u00e5 gjennom gj\u00f8rme, og setter seg ikke lett fast p\u00e5 steiner. Tung nok til \u00e5 synke i gj\u00f8rme eller slam, men lett nok til \u00e5 kastes i vannet; du kan kaste denne magneten i timevis uten problemer. I middels vektklasse er den kastbar og kan n\u00e5 bunnen av gj\u00f8rmete kanaler og elver til tross for str\u00f8m i vannet.\n\n\n\nTerror er for fiskere med erfaring som \u00f8nsker gevinst p\u00e5 magnetinvesteringen. Den er perfekt for \u00e5 hente b\u00e5de lette og tunge skatter som safer, st\u00f8rre v\u00e5pen, bildeler, scootere og elsykler.\n\n<h2><b>Magnetutvikling<\/b><\/h2>\n\nMange <a href=\"https:\/\/magnetarmagnets.com\/\" target=\"_blank\" rel=\"noopener\">fiskmagneter<\/a> har bare trekkraft p\u00e5 \u00e9n side. Denne en-sidige magneten er den klassiske fiskemagneten. Magnetar var det f\u00f8rste selskapet som utviklet dette klassiske konseptet til en dobbeltsidig magnet. I 2016 utviklet Magnetar allround fiskemagnet med 360\u00b0 magnetisk trekkraft. Magnetfiskere over hele EU har blitt tiltrukket av v\u00e5re 100 % Neodymmagneter siden da, noe som gj\u00f8r oss til den ledende leverand\u00f8ren i Europa. V\u00e5re magneter er laget med h\u00f8yeste kvalitet, design og omsorg av et lite team entusiastiske magnetfiskere. Kundene v\u00e5re kommer stadig tilbake fordi de vet at med Magnetar f\u00e5r de mer enn bare en magnet \u2013 de fanger skatter.\n\n<h2><b>Kraftig 360\u00b0 trekkraft<\/b><\/h2>\n\nTerror magneten er en av de sterkeste vi tilbyr, med trekkraft opptil 1000 kg. Trekkraften er kraftfull og tiltrekker seg objekter fra hele omgivelsene, i motsetning til en ensidig magnet i st\u00e5l som retter trekkraften i \u00e9n retning. Nysgjerrig p\u00e5 hvordan vi m\u00e5ler trekkraft? <a href=\"https:\/\/www.youtube.com\/watch?v=2McW3RURDxs\" target=\"_blank\" rel=\"noopener\">Se videoen v\u00e5r om trekkraftm\u00e5linger<\/a>.\n\n<h2><b>H\u00f8y kvalitet<\/b><\/h2>\n\nV\u00e5re fiskmagneter er laget av 100 % Neodymium. Magnetar magneter beholder sin magnetiske trekkraft i flere ti\u00e5r med bare 1 % tap hvert 100. \u00e5r (ved korrekt lagring, pleie og beskyttelse).\n\n\n\nDe fleste andre magnetleverand\u00f8rer viser allerede tap i trekkstyrke etter noen uker. De siste \u00e5rene har vi opplevd at det kommer flere lavkvalitetsmagneter p\u00e5 markedet: st\u00f8rre magneter med lavere trekkstyrke, neodymium av d\u00e5rlig kvalitet, og feilaktig markedsf\u00f8ring. N\u00e5r du kj\u00f8per slike magneter billigere eller fra store selskap, ender du ofte opp skuffet, selv om du sparte litt penger.\n\n\n\nMagnetar er en liten familiebedrift som setter kvalitet f\u00f8rst i alt vi gj\u00f8r. Vi er magnetfiskeentusiaster, og alle v\u00e5re magneter er tegnet, designet og laget av v\u00e5rt team for \u00e5 sikre at du f\u00e5r mest mulig igjen for pengene (eller skatter fra magneten!). Hvis du vil ha en p\u00e5litelig, effektiv og kraftig fiskemagnet, har du kommet til rett sted. Vi h\u00f8rer gjerne fra deg, <a href=\"mailto:info@magnetarmagnets.com\">kontakt oss her<\/a>.\n\n<h2><b>Beskyttelsesdeksel<\/b><\/h2>\n\nBeskyttelsesdekselet i denne pakken er det perfekte tilbeh\u00f8ret for magnetfiskere som vil beskytte neodymmagnetene sine under bruk. Disse holdbare dekslene er spesiallaget for \u00e5 passe perfekt p\u00e5 magneten og gir et ekstra lag beskyttelse mot riper, brudd og annen skade. V\u00e5rt beskyttelsesdeksel er laget av rustfritt st\u00e5l og sikrer at magneten din beholder sin magnetkraft 360\u00b0. Med v\u00e5re deksler kan du nyte magnetfiske uten bekymring for skade p\u00e5 din verdifulle fiskemagnet.\n\n\n\n(V\u00e6r oppmerksom p\u00e5 at bunnen av magneten ikke er dekket av dekselet)\n\n<h2><b>Bruk med forsiktighet<\/b><\/h2>\n\nV\u00e5re neodymmagneter er veldig kraftige og kan tiltrekke seg jernobjekter med h\u00f8y hastighet p\u00e5 kort avstand. Med sterkere magneter som 360\u00b0 allround kan fingrene dine havne i klem mellom magneten og andre objekter. H\u00e5ndter magnetene med forsiktighet og bruk dem p\u00e5 egen risiko. Les alltid v\u00e5re sikkerhetsadvarsler f\u00f8r bruk.\n\n\n\n* Barn m\u00e5 bruke magneten under tilsyn av voksne.\n\n\n\nIkke glem \u00e5 sjekke ut v\u00e5re <a href=\"https:\/\/magnetarmagnets.com\/magnet-fishing-kit\/\" target=\"_blank\" rel=\"noopener\">magnetfiske-kits<\/a> og <a href=\"https:\/\/magnetarmagnets.com\/accessories\/\" target=\"_blank\" rel=\"noopener\">magnetfiskeutstyr<\/a>.","protected":false},"excerpt":{"rendered":"<p><span style=\"font-weight: 400;\">Kom komplett med 360\u00b0 Terror magnet og utstyr. <strong>Beviste resultater<\/strong>!<\/span><\/p>\n","protected":false},"featured_media":78887,"comment_status":"open","ping_status":"closed","template":"","meta":{"_acf_changed":false,"inline_featured_image":false},"product_brand":[],"product_cat":[607,615,602,608,616],"product_tag":[],"class_list":{"0":"post-84250","1":"product","2":"type-product","3":"status-publish","4":"has-post-thumbnail","6":"product_cat-allround-fiskemagneter-360","7":"product_cat-erfarne-eventyrere","8":"product_cat-fiskemagneter","9":"product_cat-magnetfiske-sett","10":"product_cat-profesjonelle","12":"first","13":"instock","14":"sale","15":"taxable","16":"shipping-taxable","17":"purchasable","18":"product-type-simple"},"acf":[],"yoast_head":"<!-- This site is optimized with the Yoast SEO plugin v27.3 - https:\/\/yoast.com\/product\/yoast-seo-wordpress\/ -->\n<title>Ekspertpakke - 1000 kg - Terror - Allround 360\u00b0 - Magnet fishing with a Magnetar fishing magnet<\/title>\n<meta name=\"description\" content=\"Ekspertpakke - 1000 Kg Terror - Magnetar\" \/>\n<meta name=\"robots\" content=\"index, follow, max-snippet:-1, max-image-preview:large, max-video-preview:-1\" \/>\n<link rel=\"canonical\" href=\"https:\/\/magnetarmagnets.com\/no\/shop\/ekspertpakke-1000-kg-terror-allround-360\/\" \/>\n<meta property=\"og:locale\" content=\"nb_NO\" \/>\n<meta property=\"og:type\" content=\"article\" \/>\n<meta property=\"og:title\" content=\"Ekspertpakke - 1000 kg - Terror - Allround 360\u00b0 - Magnet fishing with a Magnetar fishing magnet\" \/>\n<meta property=\"og:description\" content=\"Ekspertpakke - 1000 Kg Terror - Magnetar\" \/>\n<meta property=\"og:url\" content=\"https:\/\/magnetarmagnets.com\/no\/shop\/ekspertpakke-1000-kg-terror-allround-360\/\" \/>\n<meta property=\"og:site_name\" content=\"Magnet fishing with a Magnetar fishing magnet\" \/>\n<meta property=\"article:publisher\" content=\"https:\/\/www.facebook.com\/fishingmagnets\/\" \/>\n<meta property=\"article:modified_time\" content=\"2026-04-07T04:19:42+00:00\" \/>\n<meta property=\"og:image\" content=\"https:\/\/magnetarmagnets.com\/wp-content\/uploads\/2021\/10\/MAGNETAR-EXPERT-KIT-GOOGLE.jpg\" \/>\n\t<meta property=\"og:image:width\" content=\"1500\" \/>\n\t<meta property=\"og:image:height\" content=\"1500\" \/>\n\t<meta property=\"og:image:type\" content=\"image\/jpeg\" \/>\n<meta name=\"twitter:card\" content=\"summary_large_image\" \/>\n<meta name=\"twitter:label1\" content=\"Ansl. lesetid\" \/>\n\t<meta name=\"twitter:data1\" content=\"5 minutter\" \/>\n<script type=\"application\/ld+json\" class=\"yoast-schema-graph\">{\"@context\":\"https:\\\/\\\/schema.org\",\"@graph\":[{\"@type\":[\"WebPage\",\"ItemPage\"],\"@id\":\"https:\\\/\\\/magnetarmagnets.com\\\/no\\\/shop\\\/ekspertpakke-1000-kg-terror-allround-360\\\/\",\"url\":\"https:\\\/\\\/magnetarmagnets.com\\\/no\\\/shop\\\/ekspertpakke-1000-kg-terror-allround-360\\\/\",\"name\":\"Ekspertpakke - 1000 kg - Terror - Allround 360\u00b0 - Magnet fishing with a Magnetar fishing magnet\",\"isPartOf\":{\"@id\":\"https:\\\/\\\/magnetarmagnets.com\\\/no\\\/#website\"},\"primaryImageOfPage\":{\"@id\":\"https:\\\/\\\/magnetarmagnets.com\\\/no\\\/shop\\\/ekspertpakke-1000-kg-terror-allround-360\\\/#primaryimage\"},\"image\":{\"@id\":\"https:\\\/\\\/magnetarmagnets.com\\\/no\\\/shop\\\/ekspertpakke-1000-kg-terror-allround-360\\\/#primaryimage\"},\"thumbnailUrl\":\"https:\\\/\\\/magnetarmagnets.com\\\/wp-content\\\/uploads\\\/2021\\\/10\\\/MAGNETAR-EXPERT-KIT-GOOGLE.jpg\",\"datePublished\":\"2025-06-05T07:54:38+00:00\",\"dateModified\":\"2026-04-07T04:19:42+00:00\",\"description\":\"Ekspertpakke - 1000 Kg Terror - Magnetar\",\"breadcrumb\":{\"@id\":\"https:\\\/\\\/magnetarmagnets.com\\\/no\\\/shop\\\/ekspertpakke-1000-kg-terror-allround-360\\\/#breadcrumb\"},\"inLanguage\":\"nb-NO\",\"potentialAction\":[{\"@type\":\"ReadAction\",\"target\":[\"https:\\\/\\\/magnetarmagnets.com\\\/no\\\/shop\\\/ekspertpakke-1000-kg-terror-allround-360\\\/\"]}]},{\"@type\":\"ImageObject\",\"inLanguage\":\"nb-NO\",\"@id\":\"https:\\\/\\\/magnetarmagnets.com\\\/no\\\/shop\\\/ekspertpakke-1000-kg-terror-allround-360\\\/#primaryimage\",\"url\":\"https:\\\/\\\/magnetarmagnets.com\\\/wp-content\\\/uploads\\\/2021\\\/10\\\/MAGNETAR-EXPERT-KIT-GOOGLE.jpg\",\"contentUrl\":\"https:\\\/\\\/magnetarmagnets.com\\\/wp-content\\\/uploads\\\/2021\\\/10\\\/MAGNETAR-EXPERT-KIT-GOOGLE.jpg\",\"width\":1500,\"height\":1500,\"caption\":\"MAGNETAR-EXPERT-KIT\"},{\"@type\":\"BreadcrumbList\",\"@id\":\"https:\\\/\\\/magnetarmagnets.com\\\/no\\\/shop\\\/ekspertpakke-1000-kg-terror-allround-360\\\/#breadcrumb\",\"itemListElement\":[{\"@type\":\"ListItem\",\"position\":1,\"name\":\"Home\",\"item\":\"https:\\\/\\\/magnetarmagnets.com\\\/no\\\/\"},{\"@type\":\"ListItem\",\"position\":2,\"name\":\"Butikk\",\"item\":\"https:\\\/\\\/magnetarmagnets.com\\\/butikk\\\/\"},{\"@type\":\"ListItem\",\"position\":3,\"name\":\"Fiskemagneter\",\"item\":\"https:\\\/\\\/magnetarmagnets.com\\\/no\\\/collections\\\/fiskemagneter\\\/\"},{\"@type\":\"ListItem\",\"position\":4,\"name\":\"Allround fiskemagneter 360\u00b0\",\"item\":\"https:\\\/\\\/magnetarmagnets.com\\\/no\\\/collections\\\/fiskemagneter\\\/allround-fiskemagneter-360\\\/\"},{\"@type\":\"ListItem\",\"position\":5,\"name\":\"Ekspertpakke &#8211; 1000 kg &#8211; Terror &#8211; Allround 360\u00b0\"}]},{\"@type\":\"WebSite\",\"@id\":\"https:\\\/\\\/magnetarmagnets.com\\\/no\\\/#website\",\"url\":\"https:\\\/\\\/magnetarmagnets.com\\\/no\\\/\",\"name\":\"Magnet fishing with a Magnetar fishing magnet\",\"description\":\"Kraftige magneter for magnetfiske\",\"publisher\":{\"@id\":\"https:\\\/\\\/magnetarmagnets.com\\\/no\\\/#organization\"},\"potentialAction\":[{\"@type\":\"SearchAction\",\"target\":{\"@type\":\"EntryPoint\",\"urlTemplate\":\"https:\\\/\\\/magnetarmagnets.com\\\/no\\\/?s={search_term_string}\"},\"query-input\":{\"@type\":\"PropertyValueSpecification\",\"valueRequired\":true,\"valueName\":\"search_term_string\"}}],\"inLanguage\":\"nb-NO\"},{\"@type\":\"Organization\",\"@id\":\"https:\\\/\\\/magnetarmagnets.com\\\/no\\\/#organization\",\"name\":\"Magnetar\",\"url\":\"https:\\\/\\\/magnetarmagnets.com\\\/no\\\/\",\"logo\":{\"@type\":\"ImageObject\",\"inLanguage\":\"nb-NO\",\"@id\":\"https:\\\/\\\/magnetarmagnets.com\\\/no\\\/#\\\/schema\\\/logo\\\/image\\\/\",\"url\":\"https:\\\/\\\/magnetarmagnets.com\\\/wp-content\\\/uploads\\\/2025\\\/05\\\/Logo-03_PNG-Black-scaled.png\",\"contentUrl\":\"https:\\\/\\\/magnetarmagnets.com\\\/wp-content\\\/uploads\\\/2025\\\/05\\\/Logo-03_PNG-Black-scaled.png\",\"width\":2560,\"height\":1658,\"caption\":\"Magnetar\"},\"image\":{\"@id\":\"https:\\\/\\\/magnetarmagnets.com\\\/no\\\/#\\\/schema\\\/logo\\\/image\\\/\"},\"sameAs\":[\"https:\\\/\\\/www.facebook.com\\\/fishingmagnets\\\/\",\"https:\\\/\\\/www.instagram.com\\\/magnetar_magnets\\\/\",\"https:\\\/\\\/www.linkedin.com\\\/company\\\/magnetarbv\\\/?originalSubdomain=nl\",\"https:\\\/\\\/www.youtube.com\\\/c\\\/MagnetarVismagneet\"]}]}<\/script>\n<!-- \/ Yoast SEO plugin. -->","yoast_head_json":{"title":"Ekspertpakke - 1000 kg - Terror - Allround 360\u00b0 - Magnet fishing with a Magnetar fishing magnet","description":"Ekspertpakke - 1000 Kg Terror - Magnetar","robots":{"index":"index","follow":"follow","max-snippet":"max-snippet:-1","max-image-preview":"max-image-preview:large","max-video-preview":"max-video-preview:-1"},"canonical":"https:\/\/magnetarmagnets.com\/no\/shop\/ekspertpakke-1000-kg-terror-allround-360\/","og_locale":"nb_NO","og_type":"article","og_title":"Ekspertpakke - 1000 kg - Terror - Allround 360\u00b0 - Magnet fishing with a Magnetar fishing magnet","og_description":"Ekspertpakke - 1000 Kg Terror - Magnetar","og_url":"https:\/\/magnetarmagnets.com\/no\/shop\/ekspertpakke-1000-kg-terror-allround-360\/","og_site_name":"Magnet fishing with a Magnetar fishing magnet","article_publisher":"https:\/\/www.facebook.com\/fishingmagnets\/","article_modified_time":"2026-04-07T04:19:42+00:00","og_image":[{"width":1500,"height":1500,"url":"https:\/\/magnetarmagnets.com\/wp-content\/uploads\/2021\/10\/MAGNETAR-EXPERT-KIT-GOOGLE.jpg","type":"image\/jpeg"}],"twitter_card":"summary_large_image","twitter_misc":{"Ansl. lesetid":"5 minutter"},"schema":{"@context":"https:\/\/schema.org","@graph":[{"@type":["WebPage","ItemPage"],"@id":"https:\/\/magnetarmagnets.com\/no\/shop\/ekspertpakke-1000-kg-terror-allround-360\/","url":"https:\/\/magnetarmagnets.com\/no\/shop\/ekspertpakke-1000-kg-terror-allround-360\/","name":"Ekspertpakke - 1000 kg - Terror - Allround 360\u00b0 - Magnet fishing with a Magnetar fishing magnet","isPartOf":{"@id":"https:\/\/magnetarmagnets.com\/no\/#website"},"primaryImageOfPage":{"@id":"https:\/\/magnetarmagnets.com\/no\/shop\/ekspertpakke-1000-kg-terror-allround-360\/#primaryimage"},"image":{"@id":"https:\/\/magnetarmagnets.com\/no\/shop\/ekspertpakke-1000-kg-terror-allround-360\/#primaryimage"},"thumbnailUrl":"https:\/\/magnetarmagnets.com\/wp-content\/uploads\/2021\/10\/MAGNETAR-EXPERT-KIT-GOOGLE.jpg","datePublished":"2025-06-05T07:54:38+00:00","dateModified":"2026-04-07T04:19:42+00:00","description":"Ekspertpakke - 1000 Kg Terror - Magnetar","breadcrumb":{"@id":"https:\/\/magnetarmagnets.com\/no\/shop\/ekspertpakke-1000-kg-terror-allround-360\/#breadcrumb"},"inLanguage":"nb-NO","potentialAction":[{"@type":"ReadAction","target":["https:\/\/magnetarmagnets.com\/no\/shop\/ekspertpakke-1000-kg-terror-allround-360\/"]}]},{"@type":"ImageObject","inLanguage":"nb-NO","@id":"https:\/\/magnetarmagnets.com\/no\/shop\/ekspertpakke-1000-kg-terror-allround-360\/#primaryimage","url":"https:\/\/magnetarmagnets.com\/wp-content\/uploads\/2021\/10\/MAGNETAR-EXPERT-KIT-GOOGLE.jpg","contentUrl":"https:\/\/magnetarmagnets.com\/wp-content\/uploads\/2021\/10\/MAGNETAR-EXPERT-KIT-GOOGLE.jpg","width":1500,"height":1500,"caption":"MAGNETAR-EXPERT-KIT"},{"@type":"BreadcrumbList","@id":"https:\/\/magnetarmagnets.com\/no\/shop\/ekspertpakke-1000-kg-terror-allround-360\/#breadcrumb","itemListElement":[{"@type":"ListItem","position":1,"name":"Home","item":"https:\/\/magnetarmagnets.com\/no\/"},{"@type":"ListItem","position":2,"name":"Butikk","item":"https:\/\/magnetarmagnets.com\/butikk\/"},{"@type":"ListItem","position":3,"name":"Fiskemagneter","item":"https:\/\/magnetarmagnets.com\/no\/collections\/fiskemagneter\/"},{"@type":"ListItem","position":4,"name":"Allround fiskemagneter 360\u00b0","item":"https:\/\/magnetarmagnets.com\/no\/collections\/fiskemagneter\/allround-fiskemagneter-360\/"},{"@type":"ListItem","position":5,"name":"Ekspertpakke &#8211; 1000 kg &#8211; Terror &#8211; Allround 360\u00b0"}]},{"@type":"WebSite","@id":"https:\/\/magnetarmagnets.com\/no\/#website","url":"https:\/\/magnetarmagnets.com\/no\/","name":"Magnet fishing with a Magnetar fishing magnet","description":"Kraftige magneter for magnetfiske","publisher":{"@id":"https:\/\/magnetarmagnets.com\/no\/#organization"},"potentialAction":[{"@type":"SearchAction","target":{"@type":"EntryPoint","urlTemplate":"https:\/\/magnetarmagnets.com\/no\/?s={search_term_string}"},"query-input":{"@type":"PropertyValueSpecification","valueRequired":true,"valueName":"search_term_string"}}],"inLanguage":"nb-NO"},{"@type":"Organization","@id":"https:\/\/magnetarmagnets.com\/no\/#organization","name":"Magnetar","url":"https:\/\/magnetarmagnets.com\/no\/","logo":{"@type":"ImageObject","inLanguage":"nb-NO","@id":"https:\/\/magnetarmagnets.com\/no\/#\/schema\/logo\/image\/","url":"https:\/\/magnetarmagnets.com\/wp-content\/uploads\/2025\/05\/Logo-03_PNG-Black-scaled.png","contentUrl":"https:\/\/magnetarmagnets.com\/wp-content\/uploads\/2025\/05\/Logo-03_PNG-Black-scaled.png","width":2560,"height":1658,"caption":"Magnetar"},"image":{"@id":"https:\/\/magnetarmagnets.com\/no\/#\/schema\/logo\/image\/"},"sameAs":["https:\/\/www.facebook.com\/fishingmagnets\/","https:\/\/www.instagram.com\/magnetar_magnets\/","https:\/\/www.linkedin.com\/company\/magnetarbv\/?originalSubdomain=nl","https:\/\/www.youtube.com\/c\/MagnetarVismagneet"]}]}},"_links":{"self":[{"href":"https:\/\/magnetarmagnets.com\/no\/wp-json\/wp\/v2\/product\/84250","targetHints":{"allow":["GET"]}}],"collection":[{"href":"https:\/\/magnetarmagnets.com\/no\/wp-json\/wp\/v2\/product"}],"about":[{"href":"https:\/\/magnetarmagnets.com\/no\/wp-json\/wp\/v2\/types\/product"}],"replies":[{"embeddable":true,"href":"https:\/\/magnetarmagnets.com\/no\/wp-json\/wp\/v2\/comments?post=84250"}],"version-history":[{"count":0,"href":"https:\/\/magnetarmagnets.com\/no\/wp-json\/wp\/v2\/product\/84250\/revisions"}],"wp:featuredmedia":[{"embeddable":true,"href":"https:\/\/magnetarmagnets.com\/no\/wp-json\/wp\/v2\/media\/78887"}],"wp:attachment":[{"href":"https:\/\/magnetarmagnets.com\/no\/wp-json\/wp\/v2\/media?parent=84250"}],"wp:term":[{"taxonomy":"product_brand","embeddable":true,"href":"https:\/\/magnetarmagnets.com\/no\/wp-json\/wp\/v2\/product_brand?post=84250"},{"taxonomy":"product_cat","embeddable":true,"href":"https:\/\/magnetarmagnets.com\/no\/wp-json\/wp\/v2\/product_cat?post=84250"},{"taxonomy":"product_tag","embeddable":true,"href":"https:\/\/magnetarmagnets.com\/no\/wp-json\/wp\/v2\/product_tag?post=84250"}],"curies":[{"name":"wp","href":"https:\/\/api.w.org\/{rel}","templated":true}]}}