{"id":84249,"date":"2025-06-05T09:54:39","date_gmt":"2025-06-05T07:54:39","guid":{"rendered":"https:\/\/magnetarmagnets.com\/?post_type=product&#038;p=84249"},"modified":"2026-04-03T12:30:04","modified_gmt":"2026-04-03T10:30:04","slug":"startpakke-200-kg-ensidig","status":"publish","type":"product","link":"https:\/\/magnetarmagnets.com\/no\/shop\/startpakke-200-kg-ensidig\/","title":{"rendered":"Startpakke &#8211; 200 kg &#8211; Ensidig"},"content":{"rendered":"Hvordan starte med magnetfiske? Med Magnetars Startpakke &#8211; 450 lb \/ 200 kg &#8211; ensidig f\u00e5r du den beste starten mulig. Denne pakken inneholder v\u00e5r Classic 200, en ensidig fiskemagnet, og vi har lagt til en krokgripe, fiskemagnettau og magnetlim for \u00e5 komplettere settet. P\u00e5 denne m\u00e5ten vil du v\u00e6re forberedt p\u00e5 nesten alt du kan finne ved vannkanten.\n\n<h2>Startpakke &#8211; 450 lb \/ 200 kg &#8211; ensidig<\/h2>\n\n<a href=\"https:\/\/magnetarmagnets.com\/shop\/classic-fishing-magnet-440lb-200kg\/\"><strong>Classic Fiskemagnet 440 lb \/ 200 kg<\/strong><\/a> er en perfekt fiskemagnet for nybegynnere og barn. Med st\u00e5lhus vil produktet v\u00e6re beskyttet mot skader fra fall eller st\u00f8t, for \u00e5 v\u00e6re p\u00e5 den sikre siden. Denne ensidige magneten har magnetisk trekkraft p\u00e5 bare \u00e9n side. Den fulle magnetiske kraften er fokusert i \u00e9n retning, noe som gj\u00f8r denne fiskemagneten sv\u00e6rt kraftig under riktige forhold.\n\n\n\n450 lb \/ 200 kg trekkraft oppn\u00e5s kun n\u00e5r omstendighetene er perfekte, som n\u00e5r magneten ber\u00f8rer en 2 cm tykk uoksidert metallplate. Sjansen for at dette skjer under magnetfiske, er vanligvis ikke h\u00f8y. Vil du vite hvordan trekkraften til en fiskemagnet bestemmes? Se v\u00e5r video om <a href=\"https:\/\/www.youtube.com\/watch?v=2McW3RURDxs&amp;t=14s\"><strong>magnetisk dragetest<\/strong><\/a> vi bruker.\n\n\n\nDet medf\u00f8lgende tauet er laget for magnetfiske. Tauet har b\u00e5de en forh\u00e5ndsmontert l\u00f8kke og en karabinkrok, slik at du slipper vanskelige knuter. En ideell l\u00f8sning for nybegynnere og barn! I tillegg inneholder pakken en krokgripe for \u00e5 dra tunge, st\u00f8rre, ikke-magnetiske gjenstander opp av vannet. Til slutt medf\u00f8lger en flaske magnetlim for \u00e5 sikre at \u00f8ye-muttere og bolter holdes trygt fast til magneten.\n\n\n\nLeter du etter en helt annen pakke med en sterkere ensidig fiskemagnet? Sjekk ut v\u00e5r <a href=\"https:\/\/magnetarmagnets.com\/shop\/advanced-package\/\"><strong>Avansert pakke<\/strong><\/a>. Eller \u00f8nsker du en 360\u00b0 allround magnet? V\u00e5r <a href=\"https:\/\/magnetarmagnets.com\/shop\/fishmagnet-package-pro\/\"><strong>Pro Pakke<\/strong><\/a> med <a href=\"https:\/\/magnetarmagnets.com\/shop\/hardcore-magnet-2\/\"><strong>Hardcore<\/strong><\/a>-magneten kan v\u00e6re noe for deg.\n\n<h2>H\u00f8y kvalitet<\/h2>\n\nAlle Magnetars fiskemagneter er laget av neodymmagneter. Dette materialet sikrer langvarig magnetkraft. Ved riktig bruk og oppbevaring mister disse magnetene bare \u00e9n prosent av kraften p\u00e5 100 \u00e5r. Derfor er vi sikre p\u00e5 at vi tilbyr markedets h\u00f8yeste kvalitet p\u00e5 <a href=\"https:\/\/magnetarmagnets.com\/collections\/fishing-magnets\/\"><strong>fiskemagneter<\/strong><\/a>.\n\n\n\nI l\u00f8pet av de siste \u00e5rene har markedet blitt oversv\u00f8mmet med produkter av lav kvalitet. Mange fiskemagneter fra andre selgere mister ofte kraften innen uker. Vanligvis ser vi st\u00f8rre magneter, men laget av lavkvalitets neodym som markedsf\u00f8res med villedende annonser. Slike produkter kan virke billige, men vil skuffe deg p\u00e5 lang sikt.\n\n\n\nMagnetar er en liten familieeid virksomhet drevet av ekte magnetfiskeentusiaster. Kvalitet kommer f\u00f8rst hos oss, og det reflekteres i v\u00e5re produkter. Alle v\u00e5re fiskemagneter er designet internt for \u00e5 sikre produkter av h\u00f8y kvalitet. Ser du etter en p\u00e5litelig, effektiv og kvalitetsrik fiskemagnet? Se etter Magnetar!\n\n<h2>Advarsel:<\/h2>\n\nV\u00e5re neodymmagneter for magnetfiske er sv\u00e6rt kraftige. Dette kan f\u00f8re til at andre gjenstander blir trukket mot magneten med stor hastighet. Det f\u00f8rer \u00e5penbart til potensielt farlige situasjoner, da fingre kan komme i klem mellom magneten og en gjenstand. Vi anbefaler alltid \u00e5 h\u00e5ndtere disse magnetene forsiktig og understreker at du gj\u00f8r det p\u00e5 egen risiko. Les v\u00e5re sikkerhetsadvarsler f\u00f8r bruk.","protected":false},"excerpt":{"rendered":"<p><span style=\"font-weight: 400;\"><strong>Kom i gang<\/strong> ved vannkanten med dette <strong>rimelige<\/strong> fiskemagnetsettet for <strong>nybegynnere<\/strong>.<\/span><\/p>\n","protected":false},"featured_media":79487,"comment_status":"open","ping_status":"closed","template":"","meta":{"_acf_changed":false,"inline_featured_image":false},"product_brand":[],"product_cat":[605,602,608,614],"product_tag":[599,600],"class_list":{"0":"post-84249","1":"product","2":"type-product","3":"status-publish","4":"has-post-thumbnail","6":"product_cat-ensidige-fiskemagneter","7":"product_cat-fiskemagneter","8":"product_cat-magnetfiske-sett","9":"product_cat-nybegynnere-og-barn","10":"product_tag-gratis-frakt","11":"product_tag-inkluderer-fiskemagnettau","13":"first","14":"instock","15":"sale","16":"taxable","17":"shipping-taxable","18":"purchasable","19":"product-type-simple"},"acf":[],"yoast_head":"<!-- This site is optimized with the Yoast SEO plugin v27.3 - https:\/\/yoast.com\/product\/yoast-seo-wordpress\/ -->\n<title>Startpakke - 200 kg - Ensidig - Magnet fishing with a Magnetar fishing magnet<\/title>\n<meta name=\"description\" content=\"Startpakke - 200 kg ensidig - Magnetar\" \/>\n<meta name=\"robots\" content=\"index, follow, max-snippet:-1, max-image-preview:large, max-video-preview:-1\" \/>\n<link rel=\"canonical\" href=\"https:\/\/magnetarmagnets.com\/no\/shop\/startpakke-200-kg-ensidig\/\" \/>\n<meta property=\"og:locale\" content=\"nb_NO\" \/>\n<meta property=\"og:type\" content=\"article\" \/>\n<meta property=\"og:title\" content=\"Startpakke - 200 kg - Ensidig - Magnet fishing with a Magnetar fishing magnet\" \/>\n<meta property=\"og:description\" content=\"Startpakke - 200 kg ensidig - Magnetar\" \/>\n<meta property=\"og:url\" content=\"https:\/\/magnetarmagnets.com\/no\/shop\/startpakke-200-kg-ensidig\/\" \/>\n<meta property=\"og:site_name\" content=\"Magnet fishing with a Magnetar fishing magnet\" \/>\n<meta property=\"article:publisher\" content=\"https:\/\/www.facebook.com\/fishingmagnets\/\" \/>\n<meta property=\"article:modified_time\" content=\"2026-04-03T10:30:04+00:00\" \/>\n<meta property=\"og:image\" content=\"https:\/\/magnetarmagnets.com\/wp-content\/uploads\/2018\/05\/MAGNETAR-STARTER-SET-GOOGLE.jpg\" \/>\n\t<meta property=\"og:image:width\" content=\"1500\" \/>\n\t<meta property=\"og:image:height\" content=\"1500\" \/>\n\t<meta property=\"og:image:type\" content=\"image\/jpeg\" \/>\n<meta name=\"twitter:card\" content=\"summary_large_image\" \/>\n<meta name=\"twitter:label1\" content=\"Ansl. lesetid\" \/>\n\t<meta name=\"twitter:data1\" content=\"3 minutter\" \/>\n<script type=\"application\/ld+json\" class=\"yoast-schema-graph\">{\"@context\":\"https:\\\/\\\/schema.org\",\"@graph\":[{\"@type\":[\"WebPage\",\"ItemPage\"],\"@id\":\"https:\\\/\\\/magnetarmagnets.com\\\/no\\\/shop\\\/startpakke-200-kg-ensidig\\\/\",\"url\":\"https:\\\/\\\/magnetarmagnets.com\\\/no\\\/shop\\\/startpakke-200-kg-ensidig\\\/\",\"name\":\"Startpakke - 200 kg - Ensidig - Magnet fishing with a Magnetar fishing magnet\",\"isPartOf\":{\"@id\":\"https:\\\/\\\/magnetarmagnets.com\\\/no\\\/#website\"},\"primaryImageOfPage\":{\"@id\":\"https:\\\/\\\/magnetarmagnets.com\\\/no\\\/shop\\\/startpakke-200-kg-ensidig\\\/#primaryimage\"},\"image\":{\"@id\":\"https:\\\/\\\/magnetarmagnets.com\\\/no\\\/shop\\\/startpakke-200-kg-ensidig\\\/#primaryimage\"},\"thumbnailUrl\":\"https:\\\/\\\/magnetarmagnets.com\\\/wp-content\\\/uploads\\\/2018\\\/05\\\/MAGNETAR-STARTER-SET-GOOGLE.jpg\",\"datePublished\":\"2025-06-05T07:54:39+00:00\",\"dateModified\":\"2026-04-03T10:30:04+00:00\",\"description\":\"Startpakke - 200 kg ensidig - Magnetar\",\"breadcrumb\":{\"@id\":\"https:\\\/\\\/magnetarmagnets.com\\\/no\\\/shop\\\/startpakke-200-kg-ensidig\\\/#breadcrumb\"},\"inLanguage\":\"nb-NO\",\"potentialAction\":[{\"@type\":\"ReadAction\",\"target\":[\"https:\\\/\\\/magnetarmagnets.com\\\/no\\\/shop\\\/startpakke-200-kg-ensidig\\\/\"]}]},{\"@type\":\"ImageObject\",\"inLanguage\":\"nb-NO\",\"@id\":\"https:\\\/\\\/magnetarmagnets.com\\\/no\\\/shop\\\/startpakke-200-kg-ensidig\\\/#primaryimage\",\"url\":\"https:\\\/\\\/magnetarmagnets.com\\\/wp-content\\\/uploads\\\/2018\\\/05\\\/MAGNETAR-STARTER-SET-GOOGLE.jpg\",\"contentUrl\":\"https:\\\/\\\/magnetarmagnets.com\\\/wp-content\\\/uploads\\\/2018\\\/05\\\/MAGNETAR-STARTER-SET-GOOGLE.jpg\",\"width\":1500,\"height\":1500},{\"@type\":\"BreadcrumbList\",\"@id\":\"https:\\\/\\\/magnetarmagnets.com\\\/no\\\/shop\\\/startpakke-200-kg-ensidig\\\/#breadcrumb\",\"itemListElement\":[{\"@type\":\"ListItem\",\"position\":1,\"name\":\"Home\",\"item\":\"https:\\\/\\\/magnetarmagnets.com\\\/no\\\/\"},{\"@type\":\"ListItem\",\"position\":2,\"name\":\"Butikk\",\"item\":\"https:\\\/\\\/magnetarmagnets.com\\\/butikk\\\/\"},{\"@type\":\"ListItem\",\"position\":3,\"name\":\"Fiskemagneter\",\"item\":\"https:\\\/\\\/magnetarmagnets.com\\\/no\\\/collections\\\/fiskemagneter\\\/\"},{\"@type\":\"ListItem\",\"position\":4,\"name\":\"Ensidige fiskemagneter\",\"item\":\"https:\\\/\\\/magnetarmagnets.com\\\/no\\\/collections\\\/fiskemagneter\\\/ensidige-fiskemagneter\\\/\"},{\"@type\":\"ListItem\",\"position\":5,\"name\":\"Startpakke &#8211; 200 kg &#8211; Ensidig\"}]},{\"@type\":\"WebSite\",\"@id\":\"https:\\\/\\\/magnetarmagnets.com\\\/no\\\/#website\",\"url\":\"https:\\\/\\\/magnetarmagnets.com\\\/no\\\/\",\"name\":\"Magnet fishing with a Magnetar fishing magnet\",\"description\":\"Kraftige magneter for magnetfiske\",\"publisher\":{\"@id\":\"https:\\\/\\\/magnetarmagnets.com\\\/no\\\/#organization\"},\"potentialAction\":[{\"@type\":\"SearchAction\",\"target\":{\"@type\":\"EntryPoint\",\"urlTemplate\":\"https:\\\/\\\/magnetarmagnets.com\\\/no\\\/?s={search_term_string}\"},\"query-input\":{\"@type\":\"PropertyValueSpecification\",\"valueRequired\":true,\"valueName\":\"search_term_string\"}}],\"inLanguage\":\"nb-NO\"},{\"@type\":\"Organization\",\"@id\":\"https:\\\/\\\/magnetarmagnets.com\\\/no\\\/#organization\",\"name\":\"Magnetar\",\"url\":\"https:\\\/\\\/magnetarmagnets.com\\\/no\\\/\",\"logo\":{\"@type\":\"ImageObject\",\"inLanguage\":\"nb-NO\",\"@id\":\"https:\\\/\\\/magnetarmagnets.com\\\/no\\\/#\\\/schema\\\/logo\\\/image\\\/\",\"url\":\"https:\\\/\\\/magnetarmagnets.com\\\/wp-content\\\/uploads\\\/2025\\\/05\\\/Logo-03_PNG-Black-scaled.png\",\"contentUrl\":\"https:\\\/\\\/magnetarmagnets.com\\\/wp-content\\\/uploads\\\/2025\\\/05\\\/Logo-03_PNG-Black-scaled.png\",\"width\":2560,\"height\":1658,\"caption\":\"Magnetar\"},\"image\":{\"@id\":\"https:\\\/\\\/magnetarmagnets.com\\\/no\\\/#\\\/schema\\\/logo\\\/image\\\/\"},\"sameAs\":[\"https:\\\/\\\/www.facebook.com\\\/fishingmagnets\\\/\",\"https:\\\/\\\/www.instagram.com\\\/magnetar_magnets\\\/\",\"https:\\\/\\\/www.linkedin.com\\\/company\\\/magnetarbv\\\/?originalSubdomain=nl\",\"https:\\\/\\\/www.youtube.com\\\/c\\\/MagnetarVismagneet\"]}]}<\/script>\n<!-- \/ Yoast SEO plugin. -->","yoast_head_json":{"title":"Startpakke - 200 kg - Ensidig - Magnet fishing with a Magnetar fishing magnet","description":"Startpakke - 200 kg ensidig - Magnetar","robots":{"index":"index","follow":"follow","max-snippet":"max-snippet:-1","max-image-preview":"max-image-preview:large","max-video-preview":"max-video-preview:-1"},"canonical":"https:\/\/magnetarmagnets.com\/no\/shop\/startpakke-200-kg-ensidig\/","og_locale":"nb_NO","og_type":"article","og_title":"Startpakke - 200 kg - Ensidig - Magnet fishing with a Magnetar fishing magnet","og_description":"Startpakke - 200 kg ensidig - Magnetar","og_url":"https:\/\/magnetarmagnets.com\/no\/shop\/startpakke-200-kg-ensidig\/","og_site_name":"Magnet fishing with a Magnetar fishing magnet","article_publisher":"https:\/\/www.facebook.com\/fishingmagnets\/","article_modified_time":"2026-04-03T10:30:04+00:00","og_image":[{"width":1500,"height":1500,"url":"https:\/\/magnetarmagnets.com\/wp-content\/uploads\/2018\/05\/MAGNETAR-STARTER-SET-GOOGLE.jpg","type":"image\/jpeg"}],"twitter_card":"summary_large_image","twitter_misc":{"Ansl. lesetid":"3 minutter"},"schema":{"@context":"https:\/\/schema.org","@graph":[{"@type":["WebPage","ItemPage"],"@id":"https:\/\/magnetarmagnets.com\/no\/shop\/startpakke-200-kg-ensidig\/","url":"https:\/\/magnetarmagnets.com\/no\/shop\/startpakke-200-kg-ensidig\/","name":"Startpakke - 200 kg - Ensidig - Magnet fishing with a Magnetar fishing magnet","isPartOf":{"@id":"https:\/\/magnetarmagnets.com\/no\/#website"},"primaryImageOfPage":{"@id":"https:\/\/magnetarmagnets.com\/no\/shop\/startpakke-200-kg-ensidig\/#primaryimage"},"image":{"@id":"https:\/\/magnetarmagnets.com\/no\/shop\/startpakke-200-kg-ensidig\/#primaryimage"},"thumbnailUrl":"https:\/\/magnetarmagnets.com\/wp-content\/uploads\/2018\/05\/MAGNETAR-STARTER-SET-GOOGLE.jpg","datePublished":"2025-06-05T07:54:39+00:00","dateModified":"2026-04-03T10:30:04+00:00","description":"Startpakke - 200 kg ensidig - Magnetar","breadcrumb":{"@id":"https:\/\/magnetarmagnets.com\/no\/shop\/startpakke-200-kg-ensidig\/#breadcrumb"},"inLanguage":"nb-NO","potentialAction":[{"@type":"ReadAction","target":["https:\/\/magnetarmagnets.com\/no\/shop\/startpakke-200-kg-ensidig\/"]}]},{"@type":"ImageObject","inLanguage":"nb-NO","@id":"https:\/\/magnetarmagnets.com\/no\/shop\/startpakke-200-kg-ensidig\/#primaryimage","url":"https:\/\/magnetarmagnets.com\/wp-content\/uploads\/2018\/05\/MAGNETAR-STARTER-SET-GOOGLE.jpg","contentUrl":"https:\/\/magnetarmagnets.com\/wp-content\/uploads\/2018\/05\/MAGNETAR-STARTER-SET-GOOGLE.jpg","width":1500,"height":1500},{"@type":"BreadcrumbList","@id":"https:\/\/magnetarmagnets.com\/no\/shop\/startpakke-200-kg-ensidig\/#breadcrumb","itemListElement":[{"@type":"ListItem","position":1,"name":"Home","item":"https:\/\/magnetarmagnets.com\/no\/"},{"@type":"ListItem","position":2,"name":"Butikk","item":"https:\/\/magnetarmagnets.com\/butikk\/"},{"@type":"ListItem","position":3,"name":"Fiskemagneter","item":"https:\/\/magnetarmagnets.com\/no\/collections\/fiskemagneter\/"},{"@type":"ListItem","position":4,"name":"Ensidige fiskemagneter","item":"https:\/\/magnetarmagnets.com\/no\/collections\/fiskemagneter\/ensidige-fiskemagneter\/"},{"@type":"ListItem","position":5,"name":"Startpakke &#8211; 200 kg &#8211; Ensidig"}]},{"@type":"WebSite","@id":"https:\/\/magnetarmagnets.com\/no\/#website","url":"https:\/\/magnetarmagnets.com\/no\/","name":"Magnet fishing with a Magnetar fishing magnet","description":"Kraftige magneter for magnetfiske","publisher":{"@id":"https:\/\/magnetarmagnets.com\/no\/#organization"},"potentialAction":[{"@type":"SearchAction","target":{"@type":"EntryPoint","urlTemplate":"https:\/\/magnetarmagnets.com\/no\/?s={search_term_string}"},"query-input":{"@type":"PropertyValueSpecification","valueRequired":true,"valueName":"search_term_string"}}],"inLanguage":"nb-NO"},{"@type":"Organization","@id":"https:\/\/magnetarmagnets.com\/no\/#organization","name":"Magnetar","url":"https:\/\/magnetarmagnets.com\/no\/","logo":{"@type":"ImageObject","inLanguage":"nb-NO","@id":"https:\/\/magnetarmagnets.com\/no\/#\/schema\/logo\/image\/","url":"https:\/\/magnetarmagnets.com\/wp-content\/uploads\/2025\/05\/Logo-03_PNG-Black-scaled.png","contentUrl":"https:\/\/magnetarmagnets.com\/wp-content\/uploads\/2025\/05\/Logo-03_PNG-Black-scaled.png","width":2560,"height":1658,"caption":"Magnetar"},"image":{"@id":"https:\/\/magnetarmagnets.com\/no\/#\/schema\/logo\/image\/"},"sameAs":["https:\/\/www.facebook.com\/fishingmagnets\/","https:\/\/www.instagram.com\/magnetar_magnets\/","https:\/\/www.linkedin.com\/company\/magnetarbv\/?originalSubdomain=nl","https:\/\/www.youtube.com\/c\/MagnetarVismagneet"]}]}},"_links":{"self":[{"href":"https:\/\/magnetarmagnets.com\/no\/wp-json\/wp\/v2\/product\/84249","targetHints":{"allow":["GET"]}}],"collection":[{"href":"https:\/\/magnetarmagnets.com\/no\/wp-json\/wp\/v2\/product"}],"about":[{"href":"https:\/\/magnetarmagnets.com\/no\/wp-json\/wp\/v2\/types\/product"}],"replies":[{"embeddable":true,"href":"https:\/\/magnetarmagnets.com\/no\/wp-json\/wp\/v2\/comments?post=84249"}],"version-history":[{"count":0,"href":"https:\/\/magnetarmagnets.com\/no\/wp-json\/wp\/v2\/product\/84249\/revisions"}],"wp:featuredmedia":[{"embeddable":true,"href":"https:\/\/magnetarmagnets.com\/no\/wp-json\/wp\/v2\/media\/79487"}],"wp:attachment":[{"href":"https:\/\/magnetarmagnets.com\/no\/wp-json\/wp\/v2\/media?parent=84249"}],"wp:term":[{"taxonomy":"product_brand","embeddable":true,"href":"https:\/\/magnetarmagnets.com\/no\/wp-json\/wp\/v2\/product_brand?post=84249"},{"taxonomy":"product_cat","embeddable":true,"href":"https:\/\/magnetarmagnets.com\/no\/wp-json\/wp\/v2\/product_cat?post=84249"},{"taxonomy":"product_tag","embeddable":true,"href":"https:\/\/magnetarmagnets.com\/no\/wp-json\/wp\/v2\/product_tag?post=84249"}],"curies":[{"name":"wp","href":"https:\/\/api.w.org\/{rel}","templated":true}]}}