{"id":84248,"date":"2025-06-05T09:54:39","date_gmt":"2025-06-05T07:54:39","guid":{"rendered":"https:\/\/magnetarmagnets.com\/?post_type=product&#038;p=84248"},"modified":"2026-04-03T10:14:32","modified_gmt":"2026-04-03T08:14:32","slug":"terror-magnet-1000kg-allround-360","status":"publish","type":"product","link":"https:\/\/magnetarmagnets.com\/no\/shop\/terror-magnet-1000kg-allround-360\/","title":{"rendered":"Terror Magnet \u00ae &#8211; 1000kg &#8211; Allround 360\u00b0"},"content":{"rendered":"<span style=\"font-weight: 400;\">* Beskytt magneten med et <a href=\"https:\/\/magnetarmagnets.com\/shop\/protection-cover-terror\/\" target=\"_blank\" rel=\"noopener\"><b>beskyttelsesdeksel<\/b><\/a> under fisking. Uten beskyttelsesdeksel kan magneten bli skadet n\u00e5r den treffer harde gjenstander. Beskyttelsesdekselet f\u00f8lger ikke med magneten.<\/span>\n\n<h2><b>Terror Neodymmagnet for Magnetfiske<\/b><\/h2>\n\n<span style=\"font-weight: 400;\">Vi utviklet Terror fiskemagneten etter suksessen med v\u00e5r Hardcore fiskemagnet. Terror magneten gir enda flere muligheter enn Hardcore magneten med en utrolig kraftig magnetisk trekkraft p\u00e5 opptil 2200 lbs\/1000 kg. Dette \u00f8ker sjansen for \u00e5 finne st\u00f8rre og bedre skatter betydelig. Magneten er ogs\u00e5 tyngre, noe som gj\u00f8r at den kan synke dypere i gj\u00f8rme og n\u00e5 skjulte, sunkne gjenstander. Som alle v\u00e5re magneter er Terror en 100% Neodymmagnet med kraftig trekkraft p\u00e5 alle sider av magneten.<\/span>\n\n\n\n<span style=\"font-weight: 400;\">\u200b\u200b<\/span><b>Er du en ekspert p\u00e5 magnetfiske? <\/b><span style=\"font-weight: 400;\">Eller \u00f8nsker du \u00e5 bli det? V\u00e5rt <\/span><a href=\"https:\/\/magnetarmagnets.com\/shop\/expert-package\/\" target=\"_blank\" rel=\"noopener\"><span style=\"font-weight: 400;\">Expert Package<\/span><\/a><span style=\"font-weight: 400;\"> er midt i blinken og inneholder alt du trenger for \u00e5 komme i gang (og gir deg pakketilbud!). Denne pakken inkluderer v\u00e5r Terror allround 360\u00b0 magnet. Pakken inneholder ogs\u00e5 en sterk tau \u2153\u2019\u2019 diameter \/ 8mm med karabin, et par vanntette hansker, et Expert beskyttelsesdeksel, lim og en ekstra stor grappling krok i rustfritt st\u00e5l. Vil du ta det til neste niv\u00e5? Sjekk ut v\u00e5r <\/span><a href=\"https:\/\/magnetarmagnets.com\/shop\/legend-package\/\" target=\"_blank\" rel=\"noopener\"><span style=\"font-weight: 400;\">Legend Package<\/span><\/a><span style=\"font-weight: 400;\">!<\/span>\n\n<h2><b>Er du klar for Terror?<\/b><\/h2>\n\n<span style=\"font-weight: 400;\">Navnet p\u00e5 magneten sier alt, denne magneten er veldig sterk! Terror fiskemagneten fester seg til alle gjenstander fra alle sider, gjennom gj\u00f8rme og setter seg ikke lett fast p\u00e5 steiner. Den er tung nok til \u00e5 synke i gj\u00f8rme eller slam, lett nok til \u00e5 kastes i vannet, og du kan kaste denne magneten i timevis uten problemer. I mellomvektsklassen er den kastbar og kan n\u00e5 bunnen av gj\u00f8rmete kanaler og elver uansett vannstr\u00f8m.<\/span>\n\n\n\n<span style=\"font-weight: 400;\">Terror er for fiskere med erfaring som \u00f8nsker \u00e5 tjene p\u00e5 magnetinvesteringen sin. Den er perfekt for \u00e5 hente opp lette, men ogs\u00e5 tunge skatter som safer, st\u00f8rre v\u00e5pen, bildeler, scootere, elsykler.<\/span>\n\n<h2><b>Magnetutvikling<\/b><\/h2>\n\n<span style=\"font-weight: 400;\">Mange magneter har bare tiltrekningskraft p\u00e5 \u00e9n side. Denne enkeltsidige magneten er klassikeren innen fiskemagneter. Magnetar var det f\u00f8rste selskapet som videreutviklet denne klassiske magneten til en dobbeltsidig magnet. I 2016 utviklet Magnetar den allsidige fiskemagneten med 360\u00b0 magnetisk trekkraft. Magnetfiskere over hele EU har siden blitt tiltrukket av v\u00e5re 100% Neodym-magneter, noe som har gjort oss til Europas ledende leverand\u00f8r. V\u00e5re magneter lages med h\u00f8yeste kvalitet, design og omsorg av et lite team med magnetfiskere. Kundene v\u00e5re kommer alltid tilbake fordi de vet at med Magnetar f\u00e5r de mer enn en magnet \u2013 de fanger skatter.<\/span>\n\n<h2><b>Kraftig 360\u00b0 trekkraft<\/b><\/h2>\n\n<span style=\"font-weight: 400;\">Terror magneten er en av de sterkeste magnetene vi tilbyr med en trekkraft p\u00e5 opptil 2200 lbs\/1000 kg. Trekkraften til Terror er kraftfull og klarer \u00e5 tiltrekke objekter fra hele omr\u00e5det rundt, i motsetning til en ensidig magnet innkapslet i en st\u00e5lhylse som fokuserer trekkraften i \u00e9n retning. Nysgjerrig p\u00e5 v\u00e5r m\u00e5ling av trekkraft? <\/span><a href=\"https:\/\/www.youtube.com\/watch?v=2McW3RURDxs\" target=\"_blank\" rel=\"noopener\"><span style=\"font-weight: 400;\">Se v\u00e5r video<\/span><\/a><span style=\"font-weight: 400\">.<\/span>\n\n<h2><b>H\u00f8y kvalitet<\/b><\/h2>\n\n<span style=\"font-weight: 400;\">V\u00e5re <a href=\"https:\/\/magnetarmagnets.com\/\">fiskemagneter<\/a> er laget av 100% Neodymium. Magnetar magneter beholder sin magnetiske trekkraft i flere ti\u00e5r med kun 1% tap hvert 100. \u00e5r (med riktig lagring, pleie og beskyttelse).<\/span>\n\n\n\n<span style=\"font-weight: 400;\">De fleste andre magnetleverand\u00f8rer viser allerede tap av trekkraft etter noen uker. De siste \u00e5rene har vi sett flere og flere magneter av lav kvalitet p\u00e5 markedet: st\u00f8rre magneter med d\u00e5rligere trekkraft, lavkvalitets neodymium, falsk reklame. N\u00e5r du kj\u00f8per en av disse magnetene til lavere pris eller fra store konsernselskaper, vil du ende opp med skuffelse, selv om du sparte noen penger.<\/span>\n\n\n\n<span style=\"font-weight: 400;\">Magnetar er en liten familiebedrift som setter kvalitet f\u00f8rst i alt vi gj\u00f8r. Vi er magnetfiskeentusiaster, og alle v\u00e5re magneter er tegnet, designet og laget av v\u00e5rt team for \u00e5 sikre at du f\u00e5r mest mulig for pengene dine (eller skattene fra magneten!). Hvis du vil ha en p\u00e5litelig, effektiv og kraftig fiskemagnet, har du kommet til rett sted. V\u00e5rt team h\u00f8rer gjerne fra deg, <a href=\"mailto:info@magnetarmagnets.com\">kontakt oss her<\/a>.<\/span>\n\n<h2><b>Beskyttelsesdeksel<\/b><\/h2>\n\nBeskyttelsesdeksler er det perfekte tilbeh\u00f8ret for magnetfiskere som \u00f8nsker \u00e5 beskytte sine neodymmagneter under bruk. Disse holdbare dekslene er spesielt designet for \u00e5 passe perfekt p\u00e5 magneten og gir et ekstra lag med beskyttelse mot riper, sprekker og annen skade. V\u00e5re beskyttelsesdeksler er laget for \u00e5 vare og t\u00e5ler t\u00f8ffe forhold. Beskyttelsesdekselet er laget av rustfritt st\u00e5l og sikrer at magneten din beholder sin 360\u00b0 magnetisme. Med v\u00e5re beskyttelsesdeksler kan du nyte magnetfiske uten bekymring for skader p\u00e5 din verdifulle fiskemagnet. Dekselet kan kj\u00f8pes separat til denne magneten.\n\n\n\n(V\u00e6r oppmerksom p\u00e5 at bunnen av magneten ikke er beskyttet av dekselet)\n\n<h2><b>Bruk med forsiktighet<\/b><\/h2>\n\n<span style=\"font-weight: 400;\">V\u00e5re neodymmagneter er sv\u00e6rt kraftige og kan tiltrekke seg jernobjekter med h\u00f8y hastighet n\u00e5r de er i n\u00e6rheten. Med sterkere magneter som 360\u00b0 allround, er det mulig at fingrene dine kan bli klemt mellom magneten og andre objekter. H\u00e5ndter magnetene forsiktig og bruk p\u00e5 eget ansvar. Les alltid v\u00e5re sikkerhetsadvarsler f\u00f8r bruk.<\/span>\n\n\n\nFor \u00f8vrig, med v\u00e5re <a href=\"https:\/\/magnetarmagnets.com\/magnet-fishing-kit\/\" target=\"_blank\" rel=\"noopener\">magnetfiskesett<\/a> f\u00e5r du alt du trenger!\n\n\n\n<span style=\"font-weight: 400;\">* Barn m\u00e5 bruke magneten under tilsyn av voksne.<\/span>","protected":false},"excerpt":{"rendered":"<p><span style=\"font-weight: 400;\">V\u00e5r Terror magnet er for avanserte og modige magnetfiskere som \u00f8nsker \u00e5 fange det ingen magnetfisker har fanget f\u00f8r. Med et 360\u00b0 magnetfelt er denne rene Neodymmagneten ekstremt kraftig med en trekkraft p\u00e5 opptil 1000 kg. Advarsel: denne magneten er ikke for de lettskremte!<\/span><\/p>\n","protected":false},"featured_media":78491,"comment_status":"open","ping_status":"closed","template":"","meta":{"_acf_changed":false,"inline_featured_image":false},"product_brand":[],"product_cat":[607,602],"product_tag":[],"class_list":{"0":"post-84248","1":"product","2":"type-product","3":"status-publish","4":"has-post-thumbnail","6":"product_cat-allround-fiskemagneter-360","7":"product_cat-fiskemagneter","9":"first","10":"instock","11":"taxable","12":"shipping-taxable","13":"purchasable","14":"product-type-simple"},"acf":[],"yoast_head":"<!-- This site is optimized with the Yoast SEO plugin v27.3 - https:\/\/yoast.com\/product\/yoast-seo-wordpress\/ -->\n<title>Terror Magnet \u00ae - 1000kg - Allround 360\u00b0<\/title>\n<meta name=\"description\" content=\"Terror fiskemagnet fra Magnetar. 360\u00b0 1000 kg trekkraft, som sett p\u00e5 YouTube! Bestill f\u00f8r kl. 23:00: Leveres i morgen!\" \/>\n<meta name=\"robots\" content=\"index, follow, max-snippet:-1, max-image-preview:large, max-video-preview:-1\" \/>\n<link rel=\"canonical\" href=\"https:\/\/magnetarmagnets.com\/no\/shop\/terror-magnet-1000kg-allround-360\/\" \/>\n<meta property=\"og:locale\" content=\"nb_NO\" \/>\n<meta property=\"og:type\" content=\"article\" \/>\n<meta property=\"og:title\" content=\"Terror Magnet \u00ae - 1000kg - Allround 360\u00b0\" \/>\n<meta property=\"og:description\" content=\"Terror fiskemagnet fra Magnetar. 360\u00b0 1000 kg trekkraft, som sett p\u00e5 YouTube! Bestill f\u00f8r kl. 23:00: Leveres i morgen!\" \/>\n<meta property=\"og:url\" content=\"https:\/\/magnetarmagnets.com\/no\/shop\/terror-magnet-1000kg-allround-360\/\" \/>\n<meta property=\"og:site_name\" content=\"Magnet fishing with a Magnetar fishing magnet\" \/>\n<meta property=\"article:publisher\" content=\"https:\/\/www.facebook.com\/fishingmagnets\/\" \/>\n<meta property=\"article:modified_time\" content=\"2026-04-03T08:14:32+00:00\" \/>\n<meta property=\"og:image\" content=\"https:\/\/magnetarmagnets.com\/wp-content\/uploads\/2018\/08\/Terror-magnet-360-Degrees-Neodymium.jpeg\" \/>\n\t<meta property=\"og:image:width\" content=\"1000\" \/>\n\t<meta property=\"og:image:height\" content=\"1000\" \/>\n\t<meta property=\"og:image:type\" content=\"image\/jpeg\" \/>\n<meta name=\"twitter:card\" content=\"summary_large_image\" \/>\n<meta name=\"twitter:label1\" content=\"Ansl. lesetid\" \/>\n\t<meta name=\"twitter:data1\" content=\"5 minutter\" \/>\n<script type=\"application\/ld+json\" class=\"yoast-schema-graph\">{\"@context\":\"https:\\\/\\\/schema.org\",\"@graph\":[{\"@type\":[\"WebPage\",\"ItemPage\"],\"@id\":\"https:\\\/\\\/magnetarmagnets.com\\\/no\\\/shop\\\/terror-magnet-1000kg-allround-360\\\/\",\"url\":\"https:\\\/\\\/magnetarmagnets.com\\\/no\\\/shop\\\/terror-magnet-1000kg-allround-360\\\/\",\"name\":\"Terror Magnet \u00ae - 1000kg - Allround 360\u00b0\",\"isPartOf\":{\"@id\":\"https:\\\/\\\/magnetarmagnets.com\\\/no\\\/#website\"},\"primaryImageOfPage\":{\"@id\":\"https:\\\/\\\/magnetarmagnets.com\\\/no\\\/shop\\\/terror-magnet-1000kg-allround-360\\\/#primaryimage\"},\"image\":{\"@id\":\"https:\\\/\\\/magnetarmagnets.com\\\/no\\\/shop\\\/terror-magnet-1000kg-allround-360\\\/#primaryimage\"},\"thumbnailUrl\":\"https:\\\/\\\/magnetarmagnets.com\\\/wp-content\\\/uploads\\\/2018\\\/08\\\/Terror-magnet-360-Degrees-Neodymium.jpeg\",\"datePublished\":\"2025-06-05T07:54:39+00:00\",\"dateModified\":\"2026-04-03T08:14:32+00:00\",\"description\":\"Terror fiskemagnet fra Magnetar. 360\u00b0 1000 kg trekkraft, som sett p\u00e5 YouTube! Bestill f\u00f8r kl. 23:00: Leveres i morgen!\",\"breadcrumb\":{\"@id\":\"https:\\\/\\\/magnetarmagnets.com\\\/no\\\/shop\\\/terror-magnet-1000kg-allround-360\\\/#breadcrumb\"},\"inLanguage\":\"nb-NO\",\"potentialAction\":[{\"@type\":\"ReadAction\",\"target\":[\"https:\\\/\\\/magnetarmagnets.com\\\/no\\\/shop\\\/terror-magnet-1000kg-allround-360\\\/\"]}]},{\"@type\":\"ImageObject\",\"inLanguage\":\"nb-NO\",\"@id\":\"https:\\\/\\\/magnetarmagnets.com\\\/no\\\/shop\\\/terror-magnet-1000kg-allround-360\\\/#primaryimage\",\"url\":\"https:\\\/\\\/magnetarmagnets.com\\\/wp-content\\\/uploads\\\/2018\\\/08\\\/Terror-magnet-360-Degrees-Neodymium.jpeg\",\"contentUrl\":\"https:\\\/\\\/magnetarmagnets.com\\\/wp-content\\\/uploads\\\/2018\\\/08\\\/Terror-magnet-360-Degrees-Neodymium.jpeg\",\"width\":1000,\"height\":1000,\"caption\":\"Terror magnet for magnet fishing with 360 Degree Neodymium pull power\"},{\"@type\":\"BreadcrumbList\",\"@id\":\"https:\\\/\\\/magnetarmagnets.com\\\/no\\\/shop\\\/terror-magnet-1000kg-allround-360\\\/#breadcrumb\",\"itemListElement\":[{\"@type\":\"ListItem\",\"position\":1,\"name\":\"Home\",\"item\":\"https:\\\/\\\/magnetarmagnets.com\\\/no\\\/\"},{\"@type\":\"ListItem\",\"position\":2,\"name\":\"Butikk\",\"item\":\"https:\\\/\\\/magnetarmagnets.com\\\/butikk\\\/\"},{\"@type\":\"ListItem\",\"position\":3,\"name\":\"Fiskemagneter\",\"item\":\"https:\\\/\\\/magnetarmagnets.com\\\/no\\\/collections\\\/fiskemagneter\\\/\"},{\"@type\":\"ListItem\",\"position\":4,\"name\":\"Allround fiskemagneter 360\u00b0\",\"item\":\"https:\\\/\\\/magnetarmagnets.com\\\/no\\\/collections\\\/fiskemagneter\\\/allround-fiskemagneter-360\\\/\"},{\"@type\":\"ListItem\",\"position\":5,\"name\":\"Terror Magnet \u00ae &#8211; 1000kg &#8211; Allround 360\u00b0\"}]},{\"@type\":\"WebSite\",\"@id\":\"https:\\\/\\\/magnetarmagnets.com\\\/no\\\/#website\",\"url\":\"https:\\\/\\\/magnetarmagnets.com\\\/no\\\/\",\"name\":\"Magnet fishing with a Magnetar fishing magnet\",\"description\":\"Kraftige magneter for magnetfiske\",\"publisher\":{\"@id\":\"https:\\\/\\\/magnetarmagnets.com\\\/no\\\/#organization\"},\"potentialAction\":[{\"@type\":\"SearchAction\",\"target\":{\"@type\":\"EntryPoint\",\"urlTemplate\":\"https:\\\/\\\/magnetarmagnets.com\\\/no\\\/?s={search_term_string}\"},\"query-input\":{\"@type\":\"PropertyValueSpecification\",\"valueRequired\":true,\"valueName\":\"search_term_string\"}}],\"inLanguage\":\"nb-NO\"},{\"@type\":\"Organization\",\"@id\":\"https:\\\/\\\/magnetarmagnets.com\\\/no\\\/#organization\",\"name\":\"Magnetar\",\"url\":\"https:\\\/\\\/magnetarmagnets.com\\\/no\\\/\",\"logo\":{\"@type\":\"ImageObject\",\"inLanguage\":\"nb-NO\",\"@id\":\"https:\\\/\\\/magnetarmagnets.com\\\/no\\\/#\\\/schema\\\/logo\\\/image\\\/\",\"url\":\"https:\\\/\\\/magnetarmagnets.com\\\/wp-content\\\/uploads\\\/2025\\\/05\\\/Logo-03_PNG-Black-scaled.png\",\"contentUrl\":\"https:\\\/\\\/magnetarmagnets.com\\\/wp-content\\\/uploads\\\/2025\\\/05\\\/Logo-03_PNG-Black-scaled.png\",\"width\":2560,\"height\":1658,\"caption\":\"Magnetar\"},\"image\":{\"@id\":\"https:\\\/\\\/magnetarmagnets.com\\\/no\\\/#\\\/schema\\\/logo\\\/image\\\/\"},\"sameAs\":[\"https:\\\/\\\/www.facebook.com\\\/fishingmagnets\\\/\",\"https:\\\/\\\/www.instagram.com\\\/magnetar_magnets\\\/\",\"https:\\\/\\\/www.linkedin.com\\\/company\\\/magnetarbv\\\/?originalSubdomain=nl\",\"https:\\\/\\\/www.youtube.com\\\/c\\\/MagnetarVismagneet\"]}]}<\/script>\n<!-- \/ Yoast SEO plugin. -->","yoast_head_json":{"title":"Terror Magnet \u00ae - 1000kg - Allround 360\u00b0","description":"Terror fiskemagnet fra Magnetar. 360\u00b0 1000 kg trekkraft, som sett p\u00e5 YouTube! Bestill f\u00f8r kl. 23:00: Leveres i morgen!","robots":{"index":"index","follow":"follow","max-snippet":"max-snippet:-1","max-image-preview":"max-image-preview:large","max-video-preview":"max-video-preview:-1"},"canonical":"https:\/\/magnetarmagnets.com\/no\/shop\/terror-magnet-1000kg-allround-360\/","og_locale":"nb_NO","og_type":"article","og_title":"Terror Magnet \u00ae - 1000kg - Allround 360\u00b0","og_description":"Terror fiskemagnet fra Magnetar. 360\u00b0 1000 kg trekkraft, som sett p\u00e5 YouTube! Bestill f\u00f8r kl. 23:00: Leveres i morgen!","og_url":"https:\/\/magnetarmagnets.com\/no\/shop\/terror-magnet-1000kg-allround-360\/","og_site_name":"Magnet fishing with a Magnetar fishing magnet","article_publisher":"https:\/\/www.facebook.com\/fishingmagnets\/","article_modified_time":"2026-04-03T08:14:32+00:00","og_image":[{"width":1000,"height":1000,"url":"https:\/\/magnetarmagnets.com\/wp-content\/uploads\/2018\/08\/Terror-magnet-360-Degrees-Neodymium.jpeg","type":"image\/jpeg"}],"twitter_card":"summary_large_image","twitter_misc":{"Ansl. lesetid":"5 minutter"},"schema":{"@context":"https:\/\/schema.org","@graph":[{"@type":["WebPage","ItemPage"],"@id":"https:\/\/magnetarmagnets.com\/no\/shop\/terror-magnet-1000kg-allround-360\/","url":"https:\/\/magnetarmagnets.com\/no\/shop\/terror-magnet-1000kg-allround-360\/","name":"Terror Magnet \u00ae - 1000kg - Allround 360\u00b0","isPartOf":{"@id":"https:\/\/magnetarmagnets.com\/no\/#website"},"primaryImageOfPage":{"@id":"https:\/\/magnetarmagnets.com\/no\/shop\/terror-magnet-1000kg-allround-360\/#primaryimage"},"image":{"@id":"https:\/\/magnetarmagnets.com\/no\/shop\/terror-magnet-1000kg-allround-360\/#primaryimage"},"thumbnailUrl":"https:\/\/magnetarmagnets.com\/wp-content\/uploads\/2018\/08\/Terror-magnet-360-Degrees-Neodymium.jpeg","datePublished":"2025-06-05T07:54:39+00:00","dateModified":"2026-04-03T08:14:32+00:00","description":"Terror fiskemagnet fra Magnetar. 360\u00b0 1000 kg trekkraft, som sett p\u00e5 YouTube! Bestill f\u00f8r kl. 23:00: Leveres i morgen!","breadcrumb":{"@id":"https:\/\/magnetarmagnets.com\/no\/shop\/terror-magnet-1000kg-allround-360\/#breadcrumb"},"inLanguage":"nb-NO","potentialAction":[{"@type":"ReadAction","target":["https:\/\/magnetarmagnets.com\/no\/shop\/terror-magnet-1000kg-allround-360\/"]}]},{"@type":"ImageObject","inLanguage":"nb-NO","@id":"https:\/\/magnetarmagnets.com\/no\/shop\/terror-magnet-1000kg-allround-360\/#primaryimage","url":"https:\/\/magnetarmagnets.com\/wp-content\/uploads\/2018\/08\/Terror-magnet-360-Degrees-Neodymium.jpeg","contentUrl":"https:\/\/magnetarmagnets.com\/wp-content\/uploads\/2018\/08\/Terror-magnet-360-Degrees-Neodymium.jpeg","width":1000,"height":1000,"caption":"Terror magnet for magnet fishing with 360 Degree Neodymium pull power"},{"@type":"BreadcrumbList","@id":"https:\/\/magnetarmagnets.com\/no\/shop\/terror-magnet-1000kg-allround-360\/#breadcrumb","itemListElement":[{"@type":"ListItem","position":1,"name":"Home","item":"https:\/\/magnetarmagnets.com\/no\/"},{"@type":"ListItem","position":2,"name":"Butikk","item":"https:\/\/magnetarmagnets.com\/butikk\/"},{"@type":"ListItem","position":3,"name":"Fiskemagneter","item":"https:\/\/magnetarmagnets.com\/no\/collections\/fiskemagneter\/"},{"@type":"ListItem","position":4,"name":"Allround fiskemagneter 360\u00b0","item":"https:\/\/magnetarmagnets.com\/no\/collections\/fiskemagneter\/allround-fiskemagneter-360\/"},{"@type":"ListItem","position":5,"name":"Terror Magnet \u00ae &#8211; 1000kg &#8211; Allround 360\u00b0"}]},{"@type":"WebSite","@id":"https:\/\/magnetarmagnets.com\/no\/#website","url":"https:\/\/magnetarmagnets.com\/no\/","name":"Magnet fishing with a Magnetar fishing magnet","description":"Kraftige magneter for magnetfiske","publisher":{"@id":"https:\/\/magnetarmagnets.com\/no\/#organization"},"potentialAction":[{"@type":"SearchAction","target":{"@type":"EntryPoint","urlTemplate":"https:\/\/magnetarmagnets.com\/no\/?s={search_term_string}"},"query-input":{"@type":"PropertyValueSpecification","valueRequired":true,"valueName":"search_term_string"}}],"inLanguage":"nb-NO"},{"@type":"Organization","@id":"https:\/\/magnetarmagnets.com\/no\/#organization","name":"Magnetar","url":"https:\/\/magnetarmagnets.com\/no\/","logo":{"@type":"ImageObject","inLanguage":"nb-NO","@id":"https:\/\/magnetarmagnets.com\/no\/#\/schema\/logo\/image\/","url":"https:\/\/magnetarmagnets.com\/wp-content\/uploads\/2025\/05\/Logo-03_PNG-Black-scaled.png","contentUrl":"https:\/\/magnetarmagnets.com\/wp-content\/uploads\/2025\/05\/Logo-03_PNG-Black-scaled.png","width":2560,"height":1658,"caption":"Magnetar"},"image":{"@id":"https:\/\/magnetarmagnets.com\/no\/#\/schema\/logo\/image\/"},"sameAs":["https:\/\/www.facebook.com\/fishingmagnets\/","https:\/\/www.instagram.com\/magnetar_magnets\/","https:\/\/www.linkedin.com\/company\/magnetarbv\/?originalSubdomain=nl","https:\/\/www.youtube.com\/c\/MagnetarVismagneet"]}]}},"_links":{"self":[{"href":"https:\/\/magnetarmagnets.com\/no\/wp-json\/wp\/v2\/product\/84248","targetHints":{"allow":["GET"]}}],"collection":[{"href":"https:\/\/magnetarmagnets.com\/no\/wp-json\/wp\/v2\/product"}],"about":[{"href":"https:\/\/magnetarmagnets.com\/no\/wp-json\/wp\/v2\/types\/product"}],"replies":[{"embeddable":true,"href":"https:\/\/magnetarmagnets.com\/no\/wp-json\/wp\/v2\/comments?post=84248"}],"version-history":[{"count":1,"href":"https:\/\/magnetarmagnets.com\/no\/wp-json\/wp\/v2\/product\/84248\/revisions"}],"predecessor-version":[{"id":94586,"href":"https:\/\/magnetarmagnets.com\/no\/wp-json\/wp\/v2\/product\/84248\/revisions\/94586"}],"wp:featuredmedia":[{"embeddable":true,"href":"https:\/\/magnetarmagnets.com\/no\/wp-json\/wp\/v2\/media\/78491"}],"wp:attachment":[{"href":"https:\/\/magnetarmagnets.com\/no\/wp-json\/wp\/v2\/media?parent=84248"}],"wp:term":[{"taxonomy":"product_brand","embeddable":true,"href":"https:\/\/magnetarmagnets.com\/no\/wp-json\/wp\/v2\/product_brand?post=84248"},{"taxonomy":"product_cat","embeddable":true,"href":"https:\/\/magnetarmagnets.com\/no\/wp-json\/wp\/v2\/product_cat?post=84248"},{"taxonomy":"product_tag","embeddable":true,"href":"https:\/\/magnetarmagnets.com\/no\/wp-json\/wp\/v2\/product_tag?post=84248"}],"curies":[{"name":"wp","href":"https:\/\/api.w.org\/{rel}","templated":true}]}}