{"id":84245,"date":"2025-06-05T09:54:40","date_gmt":"2025-06-05T07:54:40","guid":{"rendered":"https:\/\/magnetarmagnets.com\/?post_type=product&#038;p=84245"},"modified":"2026-04-07T18:48:02","modified_gmt":"2026-04-07T16:48:02","slug":"klassisk-fiskemagnet-110-kg-ensidig","status":"publish","type":"product","link":"https:\/\/magnetarmagnets.com\/no\/shop\/klassisk-fiskemagnet-110-kg-ensidig\/","title":{"rendered":"Klassisk fiskemagnet 110 KG &#8211; ensidig"},"content":{"rendered":"Den klassiske 110 fiskemagneten <span style=\"font-weight: 400;\">er en ensidig neodymmagnet med en maksimal trekkraft p\u00e5 110 kg. Vi anbefaler v\u00e5r klassiske 110 fiskemagnet til barn eller personer som bare trenger en magnet en eller noen f\u00e5 ganger for \u00e5 for eksempel fiske opp n\u00f8klene sine fra vannet. For dem som \u00f8nsker \u00e5 satse skikkelig p\u00e5 magnetfiske, anbefaler vi en kraftigere magnet.<\/span>\n\n<h2>Klassisk 110 fiskemagnet 110 kg<\/h2>\n\n<span style=\"font-weight: 400;\">Leter du etter en liten fiskemagnet til barnet ditt? Eller mistet du noe i vannet som du trenger tilbake? Klassisk 110 fiskemagnet er veien \u00e5 g\u00e5! Denne magneten er liten i st\u00f8rrelse for barn, men likevel kraftig. 110 kg h\u00f8res mye ut, men full trekkraft oppn\u00e5s bare under perfekte forhold. Disse forholdene er: flat metall med en tykkelse p\u00e5 2 cm, ingen rust og ingen skitt mellom magneten og metallet. Du kan trekke 110 kg rett opp under disse forholdene.<\/span>\n\n<span style=\"font-weight: 400;\">Spesielt mynter, n\u00f8kler og sm\u00e5 skatter kan finnes med denne magneten. Tyngre gjenstander enn disse kan ikke fiskes opp fra vannet. Vi mener 110 kg er i letteste laget for seri\u00f8s magnetfiske. Fordelen med klassisk 110 er at du kan f\u00e5 en fiskemagnet til en relativt lav pris. En annen fordel er at barn kan oppdage om magnetfiske er en morsom hobby for dem. N\u00e5r du vil satse p\u00e5 magnetfiske uten \u00e5 miste jordskatter, anbefaler vi en av v\u00e5re kraftigere magneter.<\/span>\n\n\u00d8nsker du \u00e5 bli seri\u00f8s med magnetfiske? Da anbefaler vi v\u00e5re sterkere magneter. Classic 300 og de allsidige 360\u00b0-magnetene Easy og Hardcore er utmerkede valg for den nybegynnende magnetfiskeren som \u00f8nsker \u00e5 f\u00e5 tak i et bredt utvalg objekter.\n\n<h2><span style=\"font-weight: 400;\">H\u00f8y kvalitet<\/span><\/h2>\n\n<span style=\"font-weight: 400;\">V\u00e5re magneter er laget av det beste neodymmet som finnes. Det betyr at Magnetar-magnetene v\u00e5re beholder sin magnetiske kraft og mister kun 1 % av den etter 100 \u00e5r! De fleste andre leverand\u00f8rer selger magneter som mister samme prosentandel p\u00e5 bare noen uker. Flere og flere av disse lavkvalitetsmagnetene dukker opp n\u00e5 til dags. Disse inneholder lavkvalitets neodym for \u00e5 senke prisen og f\u00e5 magneten til \u00e5 se st\u00f8rre ut. N\u00e5r du kj\u00f8per en slik magnet kaster du bort penger.<\/span>\n\n<span style=\"font-weight: 400;\">Alle v\u00e5re magneter er personlig tegnet og designet for at du skal f\u00e5 mest mulig ut av magnetfiskeopplevelsen. Vi tester magnetene v\u00e5re med profesjonelt utstyr slik at den angitte magnetskaften er n\u00f8yaktig. Vi vet n\u00f8yaktig hvordan man designer en magnet, basert p\u00e5 v\u00e5r erfaring med magnetfiske. Du kan selv oppleve dette med v\u00e5re h\u00f8ykvalitets, kraftige og p\u00e5litelige fiskemagneter. Nysgjerrig p\u00e5 hvordan vi tester trekkraften? <a href=\"https:\/\/www.youtube.com\/watch?v=2McW3RURDxs\">Se videoen v\u00e5r<\/a> her.<\/span>\n\n<h2><span style=\"font-weight: 400;\">Advarsel!<\/span><\/h2>\n\n<span style=\"font-weight: 400;\">V\u00e5re neodymmagneter er ekstremt kraftige og kan sl\u00e5 seg fast mot metallgjenstander med stor kraft n\u00e5r de kommer n\u00e6r. Du vil absolutt ikke ha fingrene mellom. Med noen av v\u00e5re kraftigste magneter kan du lett klemme, brekke eller f\u00e5 blemmer p\u00e5 fingrene dersom de kommer mellom magneten og et metallobjekt. V\u00e6r alltid forsiktig ved bruk av v\u00e5re magneter. Advarsel: Bruk av v\u00e5re magneter skjer p\u00e5 eget ansvar. Les alltid v\u00e5re <\/span><a href=\"https:\/\/magnetarmagnets.com\/how-do-you-use-fishing-magnets-in-a-safe-way\"><span style=\"font-weight: 400;\">sikkerhetsadvarsler<\/span><\/a><span style=\"font-weight: 400\"> f\u00f8r bruk. <\/span>","protected":false},"excerpt":{"rendered":"<p><span style=\"font-weight: 400;\"><strong>Sikker for barn<\/strong>, uunnv\u00e6rlig for vannsportsentusiaster for \u00e5 <strong>f\u00e5 tapte gjenstander opp til overflaten<\/strong>.<\/span><\/p>\n","protected":false},"featured_media":76763,"comment_status":"open","ping_status":"closed","template":"","meta":{"_acf_changed":false,"inline_featured_image":false},"product_brand":[],"product_cat":[605,602,614],"product_tag":[],"class_list":{"0":"post-84245","1":"product","2":"type-product","3":"status-publish","4":"has-post-thumbnail","6":"product_cat-ensidige-fiskemagneter","7":"product_cat-fiskemagneter","8":"product_cat-nybegynnere-og-barn","10":"first","11":"instock","12":"sale","13":"taxable","14":"shipping-taxable","15":"purchasable","16":"product-type-simple"},"acf":[],"yoast_head":"<!-- This site is optimized with the Yoast SEO plugin v27.4 - https:\/\/yoast.com\/product\/yoast-seo-wordpress\/ -->\n<title>Fiskemagnet for barn - 110 kg fiskemagnet spesielt for barn<\/title>\n<meta name=\"description\" content=\"Fiskemagnet for barn - 110 kg - Magnetar\" \/>\n<meta name=\"robots\" content=\"index, follow, max-snippet:-1, max-image-preview:large, max-video-preview:-1\" \/>\n<link rel=\"canonical\" href=\"https:\/\/magnetarmagnets.com\/no\/shop\/klassisk-fiskemagnet-110-kg-ensidig\/\" \/>\n<meta property=\"og:locale\" content=\"nb_NO\" \/>\n<meta property=\"og:type\" content=\"article\" \/>\n<meta property=\"og:title\" content=\"Fiskemagnet for barn - 110 kg fiskemagnet spesielt for barn\" \/>\n<meta property=\"og:description\" content=\"Fiskemagnet for barn - 110 kg - Magnetar\" \/>\n<meta property=\"og:url\" content=\"https:\/\/magnetarmagnets.com\/no\/shop\/klassisk-fiskemagnet-110-kg-ensidig\/\" \/>\n<meta property=\"og:site_name\" content=\"Magnet fishing with a Magnetar fishing magnet\" \/>\n<meta property=\"article:publisher\" content=\"https:\/\/www.facebook.com\/fishingmagnets\/\" \/>\n<meta property=\"article:modified_time\" content=\"2026-04-07T16:48:02+00:00\" \/>\n<meta property=\"og:image\" content=\"https:\/\/magnetarmagnets.com\/wp-content\/uploads\/2018\/02\/FOTO1499-1.jpg\" \/>\n\t<meta property=\"og:image:width\" content=\"1000\" \/>\n\t<meta property=\"og:image:height\" content=\"1000\" \/>\n\t<meta property=\"og:image:type\" content=\"image\/jpeg\" \/>\n<meta name=\"twitter:card\" content=\"summary_large_image\" \/>\n<meta name=\"twitter:label1\" content=\"Ansl. lesetid\" \/>\n\t<meta name=\"twitter:data1\" content=\"3 minutter\" \/>\n<script type=\"application\/ld+json\" class=\"yoast-schema-graph\">{\"@context\":\"https:\\\/\\\/schema.org\",\"@graph\":[{\"@type\":[\"WebPage\",\"ItemPage\"],\"@id\":\"https:\\\/\\\/magnetarmagnets.com\\\/no\\\/shop\\\/klassisk-fiskemagnet-110-kg-ensidig\\\/\",\"url\":\"https:\\\/\\\/magnetarmagnets.com\\\/no\\\/shop\\\/klassisk-fiskemagnet-110-kg-ensidig\\\/\",\"name\":\"Fiskemagnet for barn - 110 kg fiskemagnet spesielt for barn\",\"isPartOf\":{\"@id\":\"https:\\\/\\\/magnetarmagnets.com\\\/no\\\/#website\"},\"primaryImageOfPage\":{\"@id\":\"https:\\\/\\\/magnetarmagnets.com\\\/no\\\/shop\\\/klassisk-fiskemagnet-110-kg-ensidig\\\/#primaryimage\"},\"image\":{\"@id\":\"https:\\\/\\\/magnetarmagnets.com\\\/no\\\/shop\\\/klassisk-fiskemagnet-110-kg-ensidig\\\/#primaryimage\"},\"thumbnailUrl\":\"https:\\\/\\\/magnetarmagnets.com\\\/wp-content\\\/uploads\\\/2018\\\/02\\\/FOTO1499-1.jpg\",\"datePublished\":\"2025-06-05T07:54:40+00:00\",\"dateModified\":\"2026-04-07T16:48:02+00:00\",\"description\":\"Fiskemagnet for barn - 110 kg - Magnetar\",\"breadcrumb\":{\"@id\":\"https:\\\/\\\/magnetarmagnets.com\\\/no\\\/shop\\\/klassisk-fiskemagnet-110-kg-ensidig\\\/#breadcrumb\"},\"inLanguage\":\"nb-NO\",\"potentialAction\":[{\"@type\":\"ReadAction\",\"target\":[\"https:\\\/\\\/magnetarmagnets.com\\\/no\\\/shop\\\/klassisk-fiskemagnet-110-kg-ensidig\\\/\"]}]},{\"@type\":\"ImageObject\",\"inLanguage\":\"nb-NO\",\"@id\":\"https:\\\/\\\/magnetarmagnets.com\\\/no\\\/shop\\\/klassisk-fiskemagnet-110-kg-ensidig\\\/#primaryimage\",\"url\":\"https:\\\/\\\/magnetarmagnets.com\\\/wp-content\\\/uploads\\\/2018\\\/02\\\/FOTO1499-1.jpg\",\"contentUrl\":\"https:\\\/\\\/magnetarmagnets.com\\\/wp-content\\\/uploads\\\/2018\\\/02\\\/FOTO1499-1.jpg\",\"width\":1000,\"height\":1000,\"caption\":\"Classic 80\"},{\"@type\":\"BreadcrumbList\",\"@id\":\"https:\\\/\\\/magnetarmagnets.com\\\/no\\\/shop\\\/klassisk-fiskemagnet-110-kg-ensidig\\\/#breadcrumb\",\"itemListElement\":[{\"@type\":\"ListItem\",\"position\":1,\"name\":\"Home\",\"item\":\"https:\\\/\\\/magnetarmagnets.com\\\/no\\\/\"},{\"@type\":\"ListItem\",\"position\":2,\"name\":\"Butikk\",\"item\":\"https:\\\/\\\/magnetarmagnets.com\\\/butikk\\\/\"},{\"@type\":\"ListItem\",\"position\":3,\"name\":\"Nybegynnere og barn\",\"item\":\"https:\\\/\\\/magnetarmagnets.com\\\/no\\\/collections\\\/nybegynnere-og-barn\\\/\"},{\"@type\":\"ListItem\",\"position\":4,\"name\":\"Klassisk fiskemagnet 110 KG &#8211; ensidig\"}]},{\"@type\":\"WebSite\",\"@id\":\"https:\\\/\\\/magnetarmagnets.com\\\/no\\\/#website\",\"url\":\"https:\\\/\\\/magnetarmagnets.com\\\/no\\\/\",\"name\":\"Magnet fishing with a Magnetar fishing magnet\",\"description\":\"Kraftige magneter for magnetfiske\",\"publisher\":{\"@id\":\"https:\\\/\\\/magnetarmagnets.com\\\/no\\\/#organization\"},\"potentialAction\":[{\"@type\":\"SearchAction\",\"target\":{\"@type\":\"EntryPoint\",\"urlTemplate\":\"https:\\\/\\\/magnetarmagnets.com\\\/no\\\/?s={search_term_string}\"},\"query-input\":{\"@type\":\"PropertyValueSpecification\",\"valueRequired\":true,\"valueName\":\"search_term_string\"}}],\"inLanguage\":\"nb-NO\"},{\"@type\":\"Organization\",\"@id\":\"https:\\\/\\\/magnetarmagnets.com\\\/no\\\/#organization\",\"name\":\"Magnetar\",\"url\":\"https:\\\/\\\/magnetarmagnets.com\\\/no\\\/\",\"logo\":{\"@type\":\"ImageObject\",\"inLanguage\":\"nb-NO\",\"@id\":\"https:\\\/\\\/magnetarmagnets.com\\\/no\\\/#\\\/schema\\\/logo\\\/image\\\/\",\"url\":\"https:\\\/\\\/magnetarmagnets.com\\\/wp-content\\\/uploads\\\/2025\\\/05\\\/Logo-03_PNG-Black-scaled.png\",\"contentUrl\":\"https:\\\/\\\/magnetarmagnets.com\\\/wp-content\\\/uploads\\\/2025\\\/05\\\/Logo-03_PNG-Black-scaled.png\",\"width\":2560,\"height\":1658,\"caption\":\"Magnetar\"},\"image\":{\"@id\":\"https:\\\/\\\/magnetarmagnets.com\\\/no\\\/#\\\/schema\\\/logo\\\/image\\\/\"},\"sameAs\":[\"https:\\\/\\\/www.facebook.com\\\/fishingmagnets\\\/\",\"https:\\\/\\\/www.instagram.com\\\/magnetar_magnets\\\/\",\"https:\\\/\\\/www.linkedin.com\\\/company\\\/magnetarbv\\\/?originalSubdomain=nl\",\"https:\\\/\\\/www.youtube.com\\\/c\\\/MagnetarVismagneet\"]}]}<\/script>\n<!-- \/ Yoast SEO plugin. -->","yoast_head_json":{"title":"Fiskemagnet for barn - 110 kg fiskemagnet spesielt for barn","description":"Fiskemagnet for barn - 110 kg - Magnetar","robots":{"index":"index","follow":"follow","max-snippet":"max-snippet:-1","max-image-preview":"max-image-preview:large","max-video-preview":"max-video-preview:-1"},"canonical":"https:\/\/magnetarmagnets.com\/no\/shop\/klassisk-fiskemagnet-110-kg-ensidig\/","og_locale":"nb_NO","og_type":"article","og_title":"Fiskemagnet for barn - 110 kg fiskemagnet spesielt for barn","og_description":"Fiskemagnet for barn - 110 kg - Magnetar","og_url":"https:\/\/magnetarmagnets.com\/no\/shop\/klassisk-fiskemagnet-110-kg-ensidig\/","og_site_name":"Magnet fishing with a Magnetar fishing magnet","article_publisher":"https:\/\/www.facebook.com\/fishingmagnets\/","article_modified_time":"2026-04-07T16:48:02+00:00","og_image":[{"width":1000,"height":1000,"url":"https:\/\/magnetarmagnets.com\/wp-content\/uploads\/2018\/02\/FOTO1499-1.jpg","type":"image\/jpeg"}],"twitter_card":"summary_large_image","twitter_misc":{"Ansl. lesetid":"3 minutter"},"schema":{"@context":"https:\/\/schema.org","@graph":[{"@type":["WebPage","ItemPage"],"@id":"https:\/\/magnetarmagnets.com\/no\/shop\/klassisk-fiskemagnet-110-kg-ensidig\/","url":"https:\/\/magnetarmagnets.com\/no\/shop\/klassisk-fiskemagnet-110-kg-ensidig\/","name":"Fiskemagnet for barn - 110 kg fiskemagnet spesielt for barn","isPartOf":{"@id":"https:\/\/magnetarmagnets.com\/no\/#website"},"primaryImageOfPage":{"@id":"https:\/\/magnetarmagnets.com\/no\/shop\/klassisk-fiskemagnet-110-kg-ensidig\/#primaryimage"},"image":{"@id":"https:\/\/magnetarmagnets.com\/no\/shop\/klassisk-fiskemagnet-110-kg-ensidig\/#primaryimage"},"thumbnailUrl":"https:\/\/magnetarmagnets.com\/wp-content\/uploads\/2018\/02\/FOTO1499-1.jpg","datePublished":"2025-06-05T07:54:40+00:00","dateModified":"2026-04-07T16:48:02+00:00","description":"Fiskemagnet for barn - 110 kg - Magnetar","breadcrumb":{"@id":"https:\/\/magnetarmagnets.com\/no\/shop\/klassisk-fiskemagnet-110-kg-ensidig\/#breadcrumb"},"inLanguage":"nb-NO","potentialAction":[{"@type":"ReadAction","target":["https:\/\/magnetarmagnets.com\/no\/shop\/klassisk-fiskemagnet-110-kg-ensidig\/"]}]},{"@type":"ImageObject","inLanguage":"nb-NO","@id":"https:\/\/magnetarmagnets.com\/no\/shop\/klassisk-fiskemagnet-110-kg-ensidig\/#primaryimage","url":"https:\/\/magnetarmagnets.com\/wp-content\/uploads\/2018\/02\/FOTO1499-1.jpg","contentUrl":"https:\/\/magnetarmagnets.com\/wp-content\/uploads\/2018\/02\/FOTO1499-1.jpg","width":1000,"height":1000,"caption":"Classic 80"},{"@type":"BreadcrumbList","@id":"https:\/\/magnetarmagnets.com\/no\/shop\/klassisk-fiskemagnet-110-kg-ensidig\/#breadcrumb","itemListElement":[{"@type":"ListItem","position":1,"name":"Home","item":"https:\/\/magnetarmagnets.com\/no\/"},{"@type":"ListItem","position":2,"name":"Butikk","item":"https:\/\/magnetarmagnets.com\/butikk\/"},{"@type":"ListItem","position":3,"name":"Nybegynnere og barn","item":"https:\/\/magnetarmagnets.com\/no\/collections\/nybegynnere-og-barn\/"},{"@type":"ListItem","position":4,"name":"Klassisk fiskemagnet 110 KG &#8211; ensidig"}]},{"@type":"WebSite","@id":"https:\/\/magnetarmagnets.com\/no\/#website","url":"https:\/\/magnetarmagnets.com\/no\/","name":"Magnet fishing with a Magnetar fishing magnet","description":"Kraftige magneter for magnetfiske","publisher":{"@id":"https:\/\/magnetarmagnets.com\/no\/#organization"},"potentialAction":[{"@type":"SearchAction","target":{"@type":"EntryPoint","urlTemplate":"https:\/\/magnetarmagnets.com\/no\/?s={search_term_string}"},"query-input":{"@type":"PropertyValueSpecification","valueRequired":true,"valueName":"search_term_string"}}],"inLanguage":"nb-NO"},{"@type":"Organization","@id":"https:\/\/magnetarmagnets.com\/no\/#organization","name":"Magnetar","url":"https:\/\/magnetarmagnets.com\/no\/","logo":{"@type":"ImageObject","inLanguage":"nb-NO","@id":"https:\/\/magnetarmagnets.com\/no\/#\/schema\/logo\/image\/","url":"https:\/\/magnetarmagnets.com\/wp-content\/uploads\/2025\/05\/Logo-03_PNG-Black-scaled.png","contentUrl":"https:\/\/magnetarmagnets.com\/wp-content\/uploads\/2025\/05\/Logo-03_PNG-Black-scaled.png","width":2560,"height":1658,"caption":"Magnetar"},"image":{"@id":"https:\/\/magnetarmagnets.com\/no\/#\/schema\/logo\/image\/"},"sameAs":["https:\/\/www.facebook.com\/fishingmagnets\/","https:\/\/www.instagram.com\/magnetar_magnets\/","https:\/\/www.linkedin.com\/company\/magnetarbv\/?originalSubdomain=nl","https:\/\/www.youtube.com\/c\/MagnetarVismagneet"]}]}},"_links":{"self":[{"href":"https:\/\/magnetarmagnets.com\/no\/wp-json\/wp\/v2\/product\/84245","targetHints":{"allow":["GET"]}}],"collection":[{"href":"https:\/\/magnetarmagnets.com\/no\/wp-json\/wp\/v2\/product"}],"about":[{"href":"https:\/\/magnetarmagnets.com\/no\/wp-json\/wp\/v2\/types\/product"}],"replies":[{"embeddable":true,"href":"https:\/\/magnetarmagnets.com\/no\/wp-json\/wp\/v2\/comments?post=84245"}],"version-history":[{"count":0,"href":"https:\/\/magnetarmagnets.com\/no\/wp-json\/wp\/v2\/product\/84245\/revisions"}],"wp:featuredmedia":[{"embeddable":true,"href":"https:\/\/magnetarmagnets.com\/no\/wp-json\/wp\/v2\/media\/76763"}],"wp:attachment":[{"href":"https:\/\/magnetarmagnets.com\/no\/wp-json\/wp\/v2\/media?parent=84245"}],"wp:term":[{"taxonomy":"product_brand","embeddable":true,"href":"https:\/\/magnetarmagnets.com\/no\/wp-json\/wp\/v2\/product_brand?post=84245"},{"taxonomy":"product_cat","embeddable":true,"href":"https:\/\/magnetarmagnets.com\/no\/wp-json\/wp\/v2\/product_cat?post=84245"},{"taxonomy":"product_tag","embeddable":true,"href":"https:\/\/magnetarmagnets.com\/no\/wp-json\/wp\/v2\/product_tag?post=84245"}],"curies":[{"name":"wp","href":"https:\/\/api.w.org\/{rel}","templated":true}]}}