{"id":84243,"date":"2025-06-05T09:54:40","date_gmt":"2025-06-05T07:54:40","guid":{"rendered":"https:\/\/magnetarmagnets.com\/?post_type=product&#038;p=84243"},"modified":"2026-04-09T09:40:07","modified_gmt":"2026-04-09T07:40:07","slug":"easy-magnet-280-kg-allround-360","status":"publish","type":"product","link":"https:\/\/magnetarmagnets.com\/no\/shop\/easy-magnet-280-kg-allround-360\/","title":{"rendered":"Easy Magnet &#8211; 280 kg &#8211; Allround 360\u00b0"},"content":{"rendered":"* Beskytt magneten med et\u00a0<a href=\"https:\/\/magnetarmagnets.com\/shop\/protection-cover-easy\/\" target=\"_blank\" rel=\"noopener\"><b>beskyttelsesdeksel<\/b><\/a>\u00a0under fisking. Uten beskyttelsesdeksel kan magneten bli skadet ved st\u00f8t mot harde gjenstander. Beskyttelsesdekselet f\u00f8lger ikke med magneten.\n\n<h2><b>Easy Neodymmagnet for magnetfiske<\/b><\/h2>\n\n<span style=\"font-weight: 400;\">Leter du etter din f\u00f8rste <a href=\"https:\/\/magnetarmagnets.com\/\" target=\"_blank\" rel=\"noopener\">fiskemagnet<\/a> for \u00e5 bli \u00abhekta\u00bb p\u00e5 magnetfiske? Easy-magneten er perfekt for deg! Med sin lette kastvekt tilbyr den gode fangstmuligheter til en rimelig introduksjonspris. Ideell for nybegynnere innen magnetfiske som \u00f8nsker \u00e5 teste hobbyen f\u00f8r de investerer i en kraftigere magnet. Easy-magneten er egnet for \u00e5 finne mynter, hestesko, kuler, pistoler, kniver og andre mindre gjenstander.<\/span>\n\n<span style=\"font-weight: 400;\">Easy fiskemagnet er en allsidig magnet med magnetisk tiltrekning p\u00e5 alle sider og en trekkraft p\u00e5 280 kg (70 kg p\u00e5 hver side). Easy er den minste varianten i v\u00e5r Exclusive-serie og passer perfekt for magnetfiskere som \u00f8nsker gode fangstmuligheter til lav pris. Easy er den mindre s\u00f8skenmodellen til v\u00e5r <\/span><a href=\"https:\/\/magnetarmagnets.com\/shop\/hardcore-magnet-2\/\" target=\"_blank\" rel=\"noopener\"><span style=\"font-weight: 400;\">Hardcore<\/span><\/a><span style=\"font-weight: 400;\"> fiskemagnet, men likevel veldig effektiv i s\u00f8kefunksjonene sine.<\/span>\n\n<h2><b>Leter du etter din f\u00f8rste 360\u00b0 fiskemagnet?<\/b><\/h2>\n\n<span style=\"font-weight: 400;\">Easy-magneten er den minste versjonen av v\u00e5r allsidige 360\u00b0 fiskemagnet. Vi har laget denne magneten for nybegynnere som \u00f8nsker \u00e5 komme inn i det kraftigste magnetsegmentet til den mest overkommelige prisen. Vil du ha en kraftigere allsidig fiskemagnet? Ta en titt p\u00e5 v\u00e5re Hardcore, Terror eller The Beast magnetfiskemagneter. Er du ny innen magnetfiske, b\u00f8r du vurdere v\u00e5re <a href=\"https:\/\/magnetarmagnets.com\/collections\/fishing-magnets\/magnet-fishing-kit\/\" target=\"_blank\" rel=\"noopener\">magnetfiskesett<\/a>.<\/span>\n\n<h2><b>Magnetutvikling<\/b><\/h2>\n\n<span style=\"font-weight: 400;\">Mange magneter har kun tiltrekningskraft p\u00e5 \u00e9n side, den klassiske fiskemagneten. Magnetar var det f\u00f8rste selskapet som utviklet denne klassikeren til en dobbeltsidig magnet. I 2016 utviklet Magnetar den allsidige 360\u00b0 fiskemagneten. Magnetfiskere over hele EU har siden blitt tiltrukket til v\u00e5re 100% neodymmagneter, noe som har gjort oss til Europas ledende leverand\u00f8r. V\u00e5re magneter er laget med h\u00f8y kvalitet, design og omsorg av et lite team av magnetfiskeentusiaster. V\u00e5re kunder kommer tilbake fordi de vet at med Magnetar f\u00e5r de mer enn en magnet \u2014 de f\u00e5r skatter.<\/span>\n\n<h2><b>Kraftig 360\u00b0 trekkraft<\/b><\/h2>\n\n<span style=\"font-weight: 400;\">Easy-magneten er en av de sterkeste magnetene vi tilbyr. Trekkraften til en ensidig magnet kan ikke sammenlignes med en ren neodymmagnet med 360\u00b0 kraft som denne. St\u00e5lskallet p\u00e5 ensidige magneter p\u00e5virker trekkraften, som kun rettes i \u00e9n retning. Det gj\u00f8r at ensidige magneter har h\u00f8y trekkraft p\u00e5 flate metallplater p\u00e5 \u00e9n side, men v\u00e5r eksklusive Allround 360\u00b0 magnet tiltrekker objekter fra &#8220;alle kanter&#8221; med magnetisk kraft i hele omgivelsene. Klikk p\u00e5 linken for \u00e5 l\u00e6re mer om <a href=\"https:\/\/www.youtube.com\/watch?v=2McW3RURDxs\">v\u00e5r m\u00e5ling av trekkraft<\/a>.<\/span>\n\n<h2><b>H\u00f8y Kvalitet<\/b><\/h2>\n\n<span style=\"font-weight: 400;\">V\u00e5re fiskemagneter er laget av Neodymium. Magnetar-magneter beholder sin magnetiske trekkraft i ti\u00e5r med kun 1 % tap hvert 100. \u00e5r (ved riktig oppbevaring, omsorg og beskyttelse).<\/span>\n\n<span style=\"font-weight: 400;\">De fleste andre magnetleverand\u00f8rer viser allerede tap i trekkraft etter noen uker. Vi har de siste \u00e5rene sett flere lavkvalitetsmagneter p\u00e5 markedet: st\u00f8rre magneter med mindre trekkraft, d\u00e5rlig neodymium, villedende markedsf\u00f8ring. N\u00e5r du kj\u00f8per slike magneter billig eller fra store selskaper, blir du ofte skuffet selv om du sparte penger.<\/span>\n\n<span style=\"font-weight: 400;\">Magnetar er en liten familiebedrift som setter kvalitet f\u00f8rst i alt vi gj\u00f8r. Vi er magnetfiskeentusiaster, og alle v\u00e5re magneter blir designet og laget av v\u00e5rt team for \u00e5 sikre at du f\u00e5r mest mulig ut av din fiskemagnet \u2014 eller skatter fra magneten! \u00d8nsker du en p\u00e5litelig, effektiv og kraftig fiskemagnet, har du kommet til rett sted. Vi vil gjerne h\u00f8re fra deg, <a href=\"mailto:info@magnetarmagnets.com\">kontakt oss her<\/a>.<\/span>\n\n<h2><b>Beskyttelsesdeksel<\/b><\/h2>\n\nBeskyttelsesdeksler er en perfekt tillegg for magnetfiskere som \u00f8nsker \u00e5 beskytte sine neodymmagneter under bruk. Disse robuste dekslene er spesialdesignet for \u00e5 passe perfekt p\u00e5 magneten og gir ekstra beskyttelse mot riper, skader og brudd. V\u00e5re beskyttelsesdeksler er slitesterke og t\u00e5ler t\u00f8ffe forhold. Dekselet er laget av rustfritt st\u00e5l, noe som sikrer at magnetens 360\u00b0 magnetiske kraft beholdes. Med v\u00e5re beskyttelsesdeksler kan du magnetfiske uten bekymringer for skade p\u00e5 din verdifulle fiskemagnet. Dekselet kan kj\u00f8pes separat.\n\n(V\u00e6r oppmerksom p\u00e5 at bunnen av magneten ikke er beskyttet av dekselet)\n\n<h2><b>Bruk med forsiktighet<\/b><\/h2>\n\n<span style=\"font-weight: 400;\">V\u00e5re neodymmagneter er sv\u00e6rt kraftige og kan tiltrekke seg jernobjekter med h\u00f8y hastighet p\u00e5 kort avstand. Med sterkere magneter som 360\u00b0 allround, er det en risiko for \u00e5 f\u00e5 fingrene klemt mellom magneten og andre objekter. H\u00e5ndter magnetene forsiktig og bruk dem p\u00e5 eget ansvar. Les alltid v\u00e5re sikkerhetsadvarsler f\u00f8r bruk.<\/span>\n\n<span style=\"font-weight: 400;\">* Barn m\u00e5 bruke magneten under tilsyn av foreldre.<\/span>","protected":false},"excerpt":{"rendered":"<p><span style=\"font-weight: 400;\">En revolusjonerende 360\u00b0 magnet for barn med <strong>langtrekkende allsidig tiltrekning<\/strong>. Designet av Magnetar, denne <strong>rene neodymmagneten<\/strong> har en trekkraft p\u00e5 opptil 280 KG og er perfekt for <strong>sm\u00e5 barn med store dr\u00f8mmer om magnetfiske<\/strong>. Neste gang du tar med barnet ditt p\u00e5 eventyr, vil dere garantert finne <strong>spennende skatter<\/strong> og skape <strong>minner for livet<\/strong>.<\/span><\/p>\n","protected":false},"featured_media":80387,"comment_status":"open","ping_status":"closed","template":"","meta":{"_acf_changed":false,"inline_featured_image":false},"product_brand":[],"product_cat":[607,602,614],"product_tag":[],"class_list":{"0":"post-84243","1":"product","2":"type-product","3":"status-publish","4":"has-post-thumbnail","6":"product_cat-allround-fiskemagneter-360","7":"product_cat-fiskemagneter","8":"product_cat-nybegynnere-og-barn","10":"first","11":"instock","12":"sale","13":"taxable","14":"shipping-taxable","15":"purchasable","16":"product-type-simple"},"acf":[],"yoast_head":"<!-- This site is optimized with the Yoast SEO plugin v27.4 - https:\/\/yoast.com\/product\/yoast-seo-wordpress\/ -->\n<title>Easy Magnet - 280 kg - Allround 360\u00b0<\/title>\n<meta name=\"description\" content=\"Den eksklusive easy fiskemagneten: Den minste allsidige fiskemagneten! Men ikke undervurder denne lille. Veldig sterk og med flott fangstrate!\" \/>\n<meta name=\"robots\" content=\"index, follow, max-snippet:-1, max-image-preview:large, max-video-preview:-1\" \/>\n<link rel=\"canonical\" href=\"https:\/\/magnetarmagnets.com\/no\/shop\/easy-magnet-280-kg-allround-360\/\" \/>\n<meta property=\"og:locale\" content=\"nb_NO\" \/>\n<meta property=\"og:type\" content=\"article\" \/>\n<meta property=\"og:title\" content=\"Easy Magnet - 280 kg - Allround 360\u00b0\" \/>\n<meta property=\"og:description\" content=\"Den eksklusive easy fiskemagneten: Den minste allsidige fiskemagneten! Men ikke undervurder denne lille. Veldig sterk og med flott fangstrate!\" \/>\n<meta property=\"og:url\" content=\"https:\/\/magnetarmagnets.com\/no\/shop\/easy-magnet-280-kg-allround-360\/\" \/>\n<meta property=\"og:site_name\" content=\"Magnet fishing with a Magnetar fishing magnet\" \/>\n<meta property=\"article:publisher\" content=\"https:\/\/www.facebook.com\/fishingmagnets\/\" \/>\n<meta property=\"article:modified_time\" content=\"2026-04-09T07:40:07+00:00\" \/>\n<meta property=\"og:image\" content=\"https:\/\/magnetarmagnets.com\/wp-content\/uploads\/2023\/12\/The_Easy_Bergemagnet_fur_magnetfischen.jpeg.jpg\" \/>\n\t<meta property=\"og:image:width\" content=\"1000\" \/>\n\t<meta property=\"og:image:height\" content=\"1000\" \/>\n\t<meta property=\"og:image:type\" content=\"image\/jpeg\" \/>\n<meta name=\"twitter:card\" content=\"summary_large_image\" \/>\n<meta name=\"twitter:label1\" content=\"Ansl. lesetid\" \/>\n\t<meta name=\"twitter:data1\" content=\"4 minutter\" \/>\n<script type=\"application\/ld+json\" class=\"yoast-schema-graph\">{\"@context\":\"https:\\\/\\\/schema.org\",\"@graph\":[{\"@type\":[\"WebPage\",\"ItemPage\"],\"@id\":\"https:\\\/\\\/magnetarmagnets.com\\\/no\\\/shop\\\/easy-magnet-280-kg-allround-360\\\/\",\"url\":\"https:\\\/\\\/magnetarmagnets.com\\\/no\\\/shop\\\/easy-magnet-280-kg-allround-360\\\/\",\"name\":\"Easy Magnet - 280 kg - Allround 360\u00b0\",\"isPartOf\":{\"@id\":\"https:\\\/\\\/magnetarmagnets.com\\\/no\\\/#website\"},\"primaryImageOfPage\":{\"@id\":\"https:\\\/\\\/magnetarmagnets.com\\\/no\\\/shop\\\/easy-magnet-280-kg-allround-360\\\/#primaryimage\"},\"image\":{\"@id\":\"https:\\\/\\\/magnetarmagnets.com\\\/no\\\/shop\\\/easy-magnet-280-kg-allround-360\\\/#primaryimage\"},\"thumbnailUrl\":\"https:\\\/\\\/magnetarmagnets.com\\\/wp-content\\\/uploads\\\/2023\\\/12\\\/The_Easy_Bergemagnet_fur_magnetfischen.jpeg.jpg\",\"datePublished\":\"2025-06-05T07:54:40+00:00\",\"dateModified\":\"2026-04-09T07:40:07+00:00\",\"description\":\"Den eksklusive easy fiskemagneten: Den minste allsidige fiskemagneten! Men ikke undervurder denne lille. Veldig sterk og med flott fangstrate!\",\"breadcrumb\":{\"@id\":\"https:\\\/\\\/magnetarmagnets.com\\\/no\\\/shop\\\/easy-magnet-280-kg-allround-360\\\/#breadcrumb\"},\"inLanguage\":\"nb-NO\",\"potentialAction\":[{\"@type\":\"ReadAction\",\"target\":[\"https:\\\/\\\/magnetarmagnets.com\\\/no\\\/shop\\\/easy-magnet-280-kg-allround-360\\\/\"]}]},{\"@type\":\"ImageObject\",\"inLanguage\":\"nb-NO\",\"@id\":\"https:\\\/\\\/magnetarmagnets.com\\\/no\\\/shop\\\/easy-magnet-280-kg-allround-360\\\/#primaryimage\",\"url\":\"https:\\\/\\\/magnetarmagnets.com\\\/wp-content\\\/uploads\\\/2023\\\/12\\\/The_Easy_Bergemagnet_fur_magnetfischen.jpeg.jpg\",\"contentUrl\":\"https:\\\/\\\/magnetarmagnets.com\\\/wp-content\\\/uploads\\\/2023\\\/12\\\/The_Easy_Bergemagnet_fur_magnetfischen.jpeg.jpg\",\"width\":1000,\"height\":1000,\"caption\":\"The Easy fishing magnet for magnet fishing\"},{\"@type\":\"BreadcrumbList\",\"@id\":\"https:\\\/\\\/magnetarmagnets.com\\\/no\\\/shop\\\/easy-magnet-280-kg-allround-360\\\/#breadcrumb\",\"itemListElement\":[{\"@type\":\"ListItem\",\"position\":1,\"name\":\"Home\",\"item\":\"https:\\\/\\\/magnetarmagnets.com\\\/no\\\/\"},{\"@type\":\"ListItem\",\"position\":2,\"name\":\"Butikk\",\"item\":\"https:\\\/\\\/magnetarmagnets.com\\\/butikk\\\/\"},{\"@type\":\"ListItem\",\"position\":3,\"name\":\"Fiskemagneter\",\"item\":\"https:\\\/\\\/magnetarmagnets.com\\\/no\\\/collections\\\/fiskemagneter\\\/\"},{\"@type\":\"ListItem\",\"position\":4,\"name\":\"Allround fiskemagneter 360\u00b0\",\"item\":\"https:\\\/\\\/magnetarmagnets.com\\\/no\\\/collections\\\/fiskemagneter\\\/allround-fiskemagneter-360\\\/\"},{\"@type\":\"ListItem\",\"position\":5,\"name\":\"Easy Magnet &#8211; 280 kg &#8211; Allround 360\u00b0\"}]},{\"@type\":\"WebSite\",\"@id\":\"https:\\\/\\\/magnetarmagnets.com\\\/no\\\/#website\",\"url\":\"https:\\\/\\\/magnetarmagnets.com\\\/no\\\/\",\"name\":\"Magnet fishing with a Magnetar fishing magnet\",\"description\":\"Kraftige magneter for magnetfiske\",\"publisher\":{\"@id\":\"https:\\\/\\\/magnetarmagnets.com\\\/no\\\/#organization\"},\"potentialAction\":[{\"@type\":\"SearchAction\",\"target\":{\"@type\":\"EntryPoint\",\"urlTemplate\":\"https:\\\/\\\/magnetarmagnets.com\\\/no\\\/?s={search_term_string}\"},\"query-input\":{\"@type\":\"PropertyValueSpecification\",\"valueRequired\":true,\"valueName\":\"search_term_string\"}}],\"inLanguage\":\"nb-NO\"},{\"@type\":\"Organization\",\"@id\":\"https:\\\/\\\/magnetarmagnets.com\\\/no\\\/#organization\",\"name\":\"Magnetar\",\"url\":\"https:\\\/\\\/magnetarmagnets.com\\\/no\\\/\",\"logo\":{\"@type\":\"ImageObject\",\"inLanguage\":\"nb-NO\",\"@id\":\"https:\\\/\\\/magnetarmagnets.com\\\/no\\\/#\\\/schema\\\/logo\\\/image\\\/\",\"url\":\"https:\\\/\\\/magnetarmagnets.com\\\/wp-content\\\/uploads\\\/2025\\\/05\\\/Logo-03_PNG-Black-scaled.png\",\"contentUrl\":\"https:\\\/\\\/magnetarmagnets.com\\\/wp-content\\\/uploads\\\/2025\\\/05\\\/Logo-03_PNG-Black-scaled.png\",\"width\":2560,\"height\":1658,\"caption\":\"Magnetar\"},\"image\":{\"@id\":\"https:\\\/\\\/magnetarmagnets.com\\\/no\\\/#\\\/schema\\\/logo\\\/image\\\/\"},\"sameAs\":[\"https:\\\/\\\/www.facebook.com\\\/fishingmagnets\\\/\",\"https:\\\/\\\/www.instagram.com\\\/magnetar_magnets\\\/\",\"https:\\\/\\\/www.linkedin.com\\\/company\\\/magnetarbv\\\/?originalSubdomain=nl\",\"https:\\\/\\\/www.youtube.com\\\/c\\\/MagnetarVismagneet\"]}]}<\/script>\n<!-- \/ Yoast SEO plugin. -->","yoast_head_json":{"title":"Easy Magnet - 280 kg - Allround 360\u00b0","description":"Den eksklusive easy fiskemagneten: Den minste allsidige fiskemagneten! Men ikke undervurder denne lille. Veldig sterk og med flott fangstrate!","robots":{"index":"index","follow":"follow","max-snippet":"max-snippet:-1","max-image-preview":"max-image-preview:large","max-video-preview":"max-video-preview:-1"},"canonical":"https:\/\/magnetarmagnets.com\/no\/shop\/easy-magnet-280-kg-allround-360\/","og_locale":"nb_NO","og_type":"article","og_title":"Easy Magnet - 280 kg - Allround 360\u00b0","og_description":"Den eksklusive easy fiskemagneten: Den minste allsidige fiskemagneten! Men ikke undervurder denne lille. Veldig sterk og med flott fangstrate!","og_url":"https:\/\/magnetarmagnets.com\/no\/shop\/easy-magnet-280-kg-allround-360\/","og_site_name":"Magnet fishing with a Magnetar fishing magnet","article_publisher":"https:\/\/www.facebook.com\/fishingmagnets\/","article_modified_time":"2026-04-09T07:40:07+00:00","og_image":[{"width":1000,"height":1000,"url":"https:\/\/magnetarmagnets.com\/wp-content\/uploads\/2023\/12\/The_Easy_Bergemagnet_fur_magnetfischen.jpeg.jpg","type":"image\/jpeg"}],"twitter_card":"summary_large_image","twitter_misc":{"Ansl. lesetid":"4 minutter"},"schema":{"@context":"https:\/\/schema.org","@graph":[{"@type":["WebPage","ItemPage"],"@id":"https:\/\/magnetarmagnets.com\/no\/shop\/easy-magnet-280-kg-allround-360\/","url":"https:\/\/magnetarmagnets.com\/no\/shop\/easy-magnet-280-kg-allround-360\/","name":"Easy Magnet - 280 kg - Allround 360\u00b0","isPartOf":{"@id":"https:\/\/magnetarmagnets.com\/no\/#website"},"primaryImageOfPage":{"@id":"https:\/\/magnetarmagnets.com\/no\/shop\/easy-magnet-280-kg-allround-360\/#primaryimage"},"image":{"@id":"https:\/\/magnetarmagnets.com\/no\/shop\/easy-magnet-280-kg-allround-360\/#primaryimage"},"thumbnailUrl":"https:\/\/magnetarmagnets.com\/wp-content\/uploads\/2023\/12\/The_Easy_Bergemagnet_fur_magnetfischen.jpeg.jpg","datePublished":"2025-06-05T07:54:40+00:00","dateModified":"2026-04-09T07:40:07+00:00","description":"Den eksklusive easy fiskemagneten: Den minste allsidige fiskemagneten! Men ikke undervurder denne lille. Veldig sterk og med flott fangstrate!","breadcrumb":{"@id":"https:\/\/magnetarmagnets.com\/no\/shop\/easy-magnet-280-kg-allround-360\/#breadcrumb"},"inLanguage":"nb-NO","potentialAction":[{"@type":"ReadAction","target":["https:\/\/magnetarmagnets.com\/no\/shop\/easy-magnet-280-kg-allround-360\/"]}]},{"@type":"ImageObject","inLanguage":"nb-NO","@id":"https:\/\/magnetarmagnets.com\/no\/shop\/easy-magnet-280-kg-allround-360\/#primaryimage","url":"https:\/\/magnetarmagnets.com\/wp-content\/uploads\/2023\/12\/The_Easy_Bergemagnet_fur_magnetfischen.jpeg.jpg","contentUrl":"https:\/\/magnetarmagnets.com\/wp-content\/uploads\/2023\/12\/The_Easy_Bergemagnet_fur_magnetfischen.jpeg.jpg","width":1000,"height":1000,"caption":"The Easy fishing magnet for magnet fishing"},{"@type":"BreadcrumbList","@id":"https:\/\/magnetarmagnets.com\/no\/shop\/easy-magnet-280-kg-allround-360\/#breadcrumb","itemListElement":[{"@type":"ListItem","position":1,"name":"Home","item":"https:\/\/magnetarmagnets.com\/no\/"},{"@type":"ListItem","position":2,"name":"Butikk","item":"https:\/\/magnetarmagnets.com\/butikk\/"},{"@type":"ListItem","position":3,"name":"Fiskemagneter","item":"https:\/\/magnetarmagnets.com\/no\/collections\/fiskemagneter\/"},{"@type":"ListItem","position":4,"name":"Allround fiskemagneter 360\u00b0","item":"https:\/\/magnetarmagnets.com\/no\/collections\/fiskemagneter\/allround-fiskemagneter-360\/"},{"@type":"ListItem","position":5,"name":"Easy Magnet &#8211; 280 kg &#8211; Allround 360\u00b0"}]},{"@type":"WebSite","@id":"https:\/\/magnetarmagnets.com\/no\/#website","url":"https:\/\/magnetarmagnets.com\/no\/","name":"Magnet fishing with a Magnetar fishing magnet","description":"Kraftige magneter for magnetfiske","publisher":{"@id":"https:\/\/magnetarmagnets.com\/no\/#organization"},"potentialAction":[{"@type":"SearchAction","target":{"@type":"EntryPoint","urlTemplate":"https:\/\/magnetarmagnets.com\/no\/?s={search_term_string}"},"query-input":{"@type":"PropertyValueSpecification","valueRequired":true,"valueName":"search_term_string"}}],"inLanguage":"nb-NO"},{"@type":"Organization","@id":"https:\/\/magnetarmagnets.com\/no\/#organization","name":"Magnetar","url":"https:\/\/magnetarmagnets.com\/no\/","logo":{"@type":"ImageObject","inLanguage":"nb-NO","@id":"https:\/\/magnetarmagnets.com\/no\/#\/schema\/logo\/image\/","url":"https:\/\/magnetarmagnets.com\/wp-content\/uploads\/2025\/05\/Logo-03_PNG-Black-scaled.png","contentUrl":"https:\/\/magnetarmagnets.com\/wp-content\/uploads\/2025\/05\/Logo-03_PNG-Black-scaled.png","width":2560,"height":1658,"caption":"Magnetar"},"image":{"@id":"https:\/\/magnetarmagnets.com\/no\/#\/schema\/logo\/image\/"},"sameAs":["https:\/\/www.facebook.com\/fishingmagnets\/","https:\/\/www.instagram.com\/magnetar_magnets\/","https:\/\/www.linkedin.com\/company\/magnetarbv\/?originalSubdomain=nl","https:\/\/www.youtube.com\/c\/MagnetarVismagneet"]}]}},"_links":{"self":[{"href":"https:\/\/magnetarmagnets.com\/no\/wp-json\/wp\/v2\/product\/84243","targetHints":{"allow":["GET"]}}],"collection":[{"href":"https:\/\/magnetarmagnets.com\/no\/wp-json\/wp\/v2\/product"}],"about":[{"href":"https:\/\/magnetarmagnets.com\/no\/wp-json\/wp\/v2\/types\/product"}],"replies":[{"embeddable":true,"href":"https:\/\/magnetarmagnets.com\/no\/wp-json\/wp\/v2\/comments?post=84243"}],"version-history":[{"count":1,"href":"https:\/\/magnetarmagnets.com\/no\/wp-json\/wp\/v2\/product\/84243\/revisions"}],"predecessor-version":[{"id":94596,"href":"https:\/\/magnetarmagnets.com\/no\/wp-json\/wp\/v2\/product\/84243\/revisions\/94596"}],"wp:featuredmedia":[{"embeddable":true,"href":"https:\/\/magnetarmagnets.com\/no\/wp-json\/wp\/v2\/media\/80387"}],"wp:attachment":[{"href":"https:\/\/magnetarmagnets.com\/no\/wp-json\/wp\/v2\/media?parent=84243"}],"wp:term":[{"taxonomy":"product_brand","embeddable":true,"href":"https:\/\/magnetarmagnets.com\/no\/wp-json\/wp\/v2\/product_brand?post=84243"},{"taxonomy":"product_cat","embeddable":true,"href":"https:\/\/magnetarmagnets.com\/no\/wp-json\/wp\/v2\/product_cat?post=84243"},{"taxonomy":"product_tag","embeddable":true,"href":"https:\/\/magnetarmagnets.com\/no\/wp-json\/wp\/v2\/product_tag?post=84243"}],"curies":[{"name":"wp","href":"https:\/\/api.w.org\/{rel}","templated":true}]}}