{"id":84242,"date":"2025-06-05T09:54:40","date_gmt":"2025-06-05T07:54:40","guid":{"rendered":"https:\/\/magnetarmagnets.com\/?post_type=product&#038;p=84242"},"modified":"2026-04-07T18:25:01","modified_gmt":"2026-04-07T16:25:01","slug":"classic-fiskemagnet-300kg-enkelsidig","status":"publish","type":"product","link":"https:\/\/magnetarmagnets.com\/no\/shop\/classic-fiskemagnet-300kg-enkelsidig\/","title":{"rendered":"Classic Fiskemagnet &#8211; 300KG &#8211; Enkelsidig"},"content":{"rendered":"Classic 300 fiskemagnet er en enkelsidig neodymmagnet for magnetfiske. Den har en trekkraft p\u00e5 opptil 660LB\/300KG. Classic 300 fiskemagnet anbefales for nybegynnere som \u00f8nsker \u00e5 trekke st\u00f8rre gjenstander opp fra vannet. Denne magneten er st\u00f8tsikker og dekket av et st\u00e5lhus som beskytter mot st\u00f8t. Hvis du er p\u00e5 jakt etter en magnet som kan brukes av hele familien til en rimelig pris, er dette magneten du m\u00e5 ha.\n\n<h2><strong>Kraftig enkelsidig fiskemagnet 660LB\/300KG<\/strong><\/h2>\n\nMagneten er beskyttet mot st\u00f8t og fallskader. Derfor er magneten kun magnetisk p\u00e5 undersiden. All trekkraft er sentrert nedover, noe som gj\u00f8r magneten ekstremt kraftig. <span style=\"font-weight: 400;\">Hvis du ser etter en allsidig magnet med h\u00f8yere potensial? Sjekk v\u00e5re <a href=\"https:\/\/magnetarmagnets.com\/shop\/easy-magnet\">Easy<\/a> og <a href=\"https:\/\/magnetarmagnets.com\/shop\/hardcore-magnet-2\/\" target=\"_blank\" rel=\"noopener noreferrer\">Hardcore<\/a> magneter her.<\/span>\n\n<h2>Er ikke dette for mye trekkraft?<\/h2>\n\nIkke bekymre deg! Den lovede trekkraften p\u00e5 660LB\/300kg oppn\u00e5s kun under perfekte forhold. Disse forholdene er flatt metall med en tykkelse p\u00e5 0,78 tommer \/ 2 cm, ingen rust, og uten skitt mellom magneten og metallet. Sjansen for \u00e5 finne en ren metallplate i vannet er liten. Ofte er det rust p\u00e5 jernskattene.\n\n<h2><b>H\u00f8y kvalitet<\/b><\/h2>\n\nV\u00e5re fiskemagneter er laget av neodym. Magnetar magneter beholder sin magnetiske trekkraft i flere ti\u00e5r med kun 1 % tap hvert 100. \u00e5r (med riktig oppbevaring, pleie og beskyttelse). Derfor selger vi en av markedets <a href=\"https:\/\/magnetarmagnets.com\/\" target=\"_blank\" rel=\"noopener\">beste fiskemagneter<\/a>.\n\n\n\nDe fleste andre magnetleverand\u00f8rer viser allerede tap av trekkraft etter bare noen uker. De siste \u00e5rene har vi lagt merke til at det kommer flere og flere lavkvalitetsmagneter p\u00e5 markedet: st\u00f8rre magneter med lavere trekkraft, neodym av d\u00e5rligere kvalitet, og villedende reklame. N\u00e5r du kj\u00f8per en av disse magnetene til en lavere pris eller fra store konsernselskaper, vil du bli skuffet selv om du sparte litt penger.\n\n\n\nMagnetar er en liten familiebedrift som setter kvalitet f\u00f8rst i alt vi gj\u00f8r. Vi er entusiastiske magnetfiskere, og alle v\u00e5re magneter er tegnet, designet og laget av v\u00e5rt team for \u00e5 sikre at du f\u00e5r mest for pengene (eller skattene fra magneten!). Hvis du vil ha en p\u00e5litelig, effektiv og kraftig fiskemagnet, har du kommet til riktig sted. V\u00e5rt team h\u00f8rer gjerne fra deg, <a href=\"mailto:info@magnetarmagnets.nl\">kontakt oss her<\/a>.\n\n<h2><b>Bruk med forsiktighet<\/b><\/h2>\n\nV\u00e5re neodymmagneter er veldig kraftige og kan trekkes mot jernobjekter med h\u00f8y hastighet n\u00e5r de er i n\u00e6rheten. Med de sterkere fiskemagnetene som 360\u00b0 allround, kan det skje at fingrene dine kommer i klem mellom magneten og andre objekter. H\u00e5ndter magnetene forsiktig og bruk dem p\u00e5 eget ansvar. Les alltid v\u00e5re sikkerhetsadvarsler f\u00f8r bruk.\n\n\n\n* Barn m\u00e5 bruke magneten under tilsyn av foreldre.\n\n\n\nIkke glem \u00e5 sjekke ut v\u00e5re <a href=\"https:\/\/magnetarmagnets.com\/magnet-fishing-kit\/\" target=\"_blank\" rel=\"noopener\">magnetfiskesett<\/a> og v\u00e5re <a href=\"https:\/\/magnetarmagnets.com\/accessories\/\" target=\"_blank\" rel=\"noopener\">fiskemagnetverkt\u00f8y<\/a>.","protected":false},"excerpt":{"rendered":"<p>Kom i gang med ditt neste eventyr med denne <strong>enkelsidige fiskemagneten<\/strong>. Denne magneten er <strong>slagfast<\/strong>, egnet for hele familien, og <strong>lett \u00e5 bruke<\/strong>. Classic 300 fiskemagnet har vist seg \u00e5 v\u00e6re en <strong>p\u00e5litelig fiskemagnet<\/strong>.<\/p>\n","protected":false},"featured_media":80543,"comment_status":"open","ping_status":"closed","template":"","meta":{"_acf_changed":false,"inline_featured_image":false},"product_brand":[],"product_cat":[605,615,602,614],"product_tag":[],"class_list":{"0":"post-84242","1":"product","2":"type-product","3":"status-publish","4":"has-post-thumbnail","6":"product_cat-ensidige-fiskemagneter","7":"product_cat-erfarne-eventyrere","8":"product_cat-fiskemagneter","9":"product_cat-nybegynnere-og-barn","11":"first","12":"instock","13":"taxable","14":"shipping-taxable","15":"purchasable","16":"product-type-simple"},"acf":[],"yoast_head":"<!-- This site is optimized with the Yoast SEO plugin v27.4 - https:\/\/yoast.com\/product\/yoast-seo-wordpress\/ -->\n<title>Magnetar fiskemagnet 300kg, Veldig kraftig! Beste kvalitet!<\/title>\n<meta name=\"description\" content=\"Magnetar fiskemagnet 300kg for magnetfiske, Veldig kraftig! Beste kvalitet! Stort produktsortiment! Kom og ta en titt i v\u00e5r butikk\" \/>\n<meta name=\"robots\" content=\"index, follow, max-snippet:-1, max-image-preview:large, max-video-preview:-1\" \/>\n<link rel=\"canonical\" href=\"https:\/\/magnetarmagnets.com\/no\/shop\/classic-fiskemagnet-300kg-enkelsidig\/\" \/>\n<meta property=\"og:locale\" content=\"nb_NO\" \/>\n<meta property=\"og:type\" content=\"article\" \/>\n<meta property=\"og:title\" content=\"Magnetar fiskemagnet 300kg, Veldig kraftig! Beste kvalitet!\" \/>\n<meta property=\"og:description\" content=\"Magnetar fiskemagnet 300kg for magnetfiske, Veldig kraftig! Beste kvalitet! Stort produktsortiment! Kom og ta en titt i v\u00e5r butikk\" \/>\n<meta property=\"og:url\" content=\"https:\/\/magnetarmagnets.com\/no\/shop\/classic-fiskemagnet-300kg-enkelsidig\/\" \/>\n<meta property=\"og:site_name\" content=\"Magnet fishing with a Magnetar fishing magnet\" \/>\n<meta property=\"article:publisher\" content=\"https:\/\/www.facebook.com\/fishingmagnets\/\" \/>\n<meta property=\"article:modified_time\" content=\"2026-04-07T16:25:01+00:00\" \/>\n<meta property=\"og:image\" content=\"https:\/\/magnetarmagnets.com\/wp-content\/uploads\/2020\/05\/Classic-250.jpg\" \/>\n\t<meta property=\"og:image:width\" content=\"1000\" \/>\n\t<meta property=\"og:image:height\" content=\"1000\" \/>\n\t<meta property=\"og:image:type\" content=\"image\/jpeg\" \/>\n<meta name=\"twitter:card\" content=\"summary_large_image\" \/>\n<meta name=\"twitter:label1\" content=\"Ansl. lesetid\" \/>\n\t<meta name=\"twitter:data1\" content=\"3 minutter\" \/>\n<script type=\"application\/ld+json\" class=\"yoast-schema-graph\">{\"@context\":\"https:\\\/\\\/schema.org\",\"@graph\":[{\"@type\":[\"WebPage\",\"ItemPage\"],\"@id\":\"https:\\\/\\\/magnetarmagnets.com\\\/no\\\/shop\\\/classic-fiskemagnet-300kg-enkelsidig\\\/\",\"url\":\"https:\\\/\\\/magnetarmagnets.com\\\/no\\\/shop\\\/classic-fiskemagnet-300kg-enkelsidig\\\/\",\"name\":\"Magnetar fiskemagnet 300kg, Veldig kraftig! Beste kvalitet!\",\"isPartOf\":{\"@id\":\"https:\\\/\\\/magnetarmagnets.com\\\/no\\\/#website\"},\"primaryImageOfPage\":{\"@id\":\"https:\\\/\\\/magnetarmagnets.com\\\/no\\\/shop\\\/classic-fiskemagnet-300kg-enkelsidig\\\/#primaryimage\"},\"image\":{\"@id\":\"https:\\\/\\\/magnetarmagnets.com\\\/no\\\/shop\\\/classic-fiskemagnet-300kg-enkelsidig\\\/#primaryimage\"},\"thumbnailUrl\":\"https:\\\/\\\/magnetarmagnets.com\\\/wp-content\\\/uploads\\\/2020\\\/05\\\/Classic-250.jpg\",\"datePublished\":\"2025-06-05T07:54:40+00:00\",\"dateModified\":\"2026-04-07T16:25:01+00:00\",\"description\":\"Magnetar fiskemagnet 300kg for magnetfiske, Veldig kraftig! Beste kvalitet! Stort produktsortiment! Kom og ta en titt i v\u00e5r butikk\",\"breadcrumb\":{\"@id\":\"https:\\\/\\\/magnetarmagnets.com\\\/no\\\/shop\\\/classic-fiskemagnet-300kg-enkelsidig\\\/#breadcrumb\"},\"inLanguage\":\"nb-NO\",\"potentialAction\":[{\"@type\":\"ReadAction\",\"target\":[\"https:\\\/\\\/magnetarmagnets.com\\\/no\\\/shop\\\/classic-fiskemagnet-300kg-enkelsidig\\\/\"]}]},{\"@type\":\"ImageObject\",\"inLanguage\":\"nb-NO\",\"@id\":\"https:\\\/\\\/magnetarmagnets.com\\\/no\\\/shop\\\/classic-fiskemagnet-300kg-enkelsidig\\\/#primaryimage\",\"url\":\"https:\\\/\\\/magnetarmagnets.com\\\/wp-content\\\/uploads\\\/2020\\\/05\\\/Classic-250.jpg\",\"contentUrl\":\"https:\\\/\\\/magnetarmagnets.com\\\/wp-content\\\/uploads\\\/2020\\\/05\\\/Classic-250.jpg\",\"width\":1000,\"height\":1000,\"caption\":\"Classic 300 fishing magnet\"},{\"@type\":\"BreadcrumbList\",\"@id\":\"https:\\\/\\\/magnetarmagnets.com\\\/no\\\/shop\\\/classic-fiskemagnet-300kg-enkelsidig\\\/#breadcrumb\",\"itemListElement\":[{\"@type\":\"ListItem\",\"position\":1,\"name\":\"Home\",\"item\":\"https:\\\/\\\/magnetarmagnets.com\\\/no\\\/\"},{\"@type\":\"ListItem\",\"position\":2,\"name\":\"Butikk\",\"item\":\"https:\\\/\\\/magnetarmagnets.com\\\/butikk\\\/\"},{\"@type\":\"ListItem\",\"position\":3,\"name\":\"Fiskemagneter\",\"item\":\"https:\\\/\\\/magnetarmagnets.com\\\/no\\\/collections\\\/fiskemagneter\\\/\"},{\"@type\":\"ListItem\",\"position\":4,\"name\":\"Ensidige fiskemagneter\",\"item\":\"https:\\\/\\\/magnetarmagnets.com\\\/no\\\/collections\\\/fiskemagneter\\\/ensidige-fiskemagneter\\\/\"},{\"@type\":\"ListItem\",\"position\":5,\"name\":\"Classic Fiskemagnet &#8211; 300KG &#8211; Enkelsidig\"}]},{\"@type\":\"WebSite\",\"@id\":\"https:\\\/\\\/magnetarmagnets.com\\\/no\\\/#website\",\"url\":\"https:\\\/\\\/magnetarmagnets.com\\\/no\\\/\",\"name\":\"Magnet fishing with a Magnetar fishing magnet\",\"description\":\"Kraftige magneter for magnetfiske\",\"publisher\":{\"@id\":\"https:\\\/\\\/magnetarmagnets.com\\\/no\\\/#organization\"},\"potentialAction\":[{\"@type\":\"SearchAction\",\"target\":{\"@type\":\"EntryPoint\",\"urlTemplate\":\"https:\\\/\\\/magnetarmagnets.com\\\/no\\\/?s={search_term_string}\"},\"query-input\":{\"@type\":\"PropertyValueSpecification\",\"valueRequired\":true,\"valueName\":\"search_term_string\"}}],\"inLanguage\":\"nb-NO\"},{\"@type\":\"Organization\",\"@id\":\"https:\\\/\\\/magnetarmagnets.com\\\/no\\\/#organization\",\"name\":\"Magnetar\",\"url\":\"https:\\\/\\\/magnetarmagnets.com\\\/no\\\/\",\"logo\":{\"@type\":\"ImageObject\",\"inLanguage\":\"nb-NO\",\"@id\":\"https:\\\/\\\/magnetarmagnets.com\\\/no\\\/#\\\/schema\\\/logo\\\/image\\\/\",\"url\":\"https:\\\/\\\/magnetarmagnets.com\\\/wp-content\\\/uploads\\\/2025\\\/05\\\/Logo-03_PNG-Black-scaled.png\",\"contentUrl\":\"https:\\\/\\\/magnetarmagnets.com\\\/wp-content\\\/uploads\\\/2025\\\/05\\\/Logo-03_PNG-Black-scaled.png\",\"width\":2560,\"height\":1658,\"caption\":\"Magnetar\"},\"image\":{\"@id\":\"https:\\\/\\\/magnetarmagnets.com\\\/no\\\/#\\\/schema\\\/logo\\\/image\\\/\"},\"sameAs\":[\"https:\\\/\\\/www.facebook.com\\\/fishingmagnets\\\/\",\"https:\\\/\\\/www.instagram.com\\\/magnetar_magnets\\\/\",\"https:\\\/\\\/www.linkedin.com\\\/company\\\/magnetarbv\\\/?originalSubdomain=nl\",\"https:\\\/\\\/www.youtube.com\\\/c\\\/MagnetarVismagneet\"]}]}<\/script>\n<!-- \/ Yoast SEO plugin. -->","yoast_head_json":{"title":"Magnetar fiskemagnet 300kg, Veldig kraftig! Beste kvalitet!","description":"Magnetar fiskemagnet 300kg for magnetfiske, Veldig kraftig! Beste kvalitet! Stort produktsortiment! Kom og ta en titt i v\u00e5r butikk","robots":{"index":"index","follow":"follow","max-snippet":"max-snippet:-1","max-image-preview":"max-image-preview:large","max-video-preview":"max-video-preview:-1"},"canonical":"https:\/\/magnetarmagnets.com\/no\/shop\/classic-fiskemagnet-300kg-enkelsidig\/","og_locale":"nb_NO","og_type":"article","og_title":"Magnetar fiskemagnet 300kg, Veldig kraftig! Beste kvalitet!","og_description":"Magnetar fiskemagnet 300kg for magnetfiske, Veldig kraftig! Beste kvalitet! Stort produktsortiment! Kom og ta en titt i v\u00e5r butikk","og_url":"https:\/\/magnetarmagnets.com\/no\/shop\/classic-fiskemagnet-300kg-enkelsidig\/","og_site_name":"Magnet fishing with a Magnetar fishing magnet","article_publisher":"https:\/\/www.facebook.com\/fishingmagnets\/","article_modified_time":"2026-04-07T16:25:01+00:00","og_image":[{"width":1000,"height":1000,"url":"https:\/\/magnetarmagnets.com\/wp-content\/uploads\/2020\/05\/Classic-250.jpg","type":"image\/jpeg"}],"twitter_card":"summary_large_image","twitter_misc":{"Ansl. lesetid":"3 minutter"},"schema":{"@context":"https:\/\/schema.org","@graph":[{"@type":["WebPage","ItemPage"],"@id":"https:\/\/magnetarmagnets.com\/no\/shop\/classic-fiskemagnet-300kg-enkelsidig\/","url":"https:\/\/magnetarmagnets.com\/no\/shop\/classic-fiskemagnet-300kg-enkelsidig\/","name":"Magnetar fiskemagnet 300kg, Veldig kraftig! Beste kvalitet!","isPartOf":{"@id":"https:\/\/magnetarmagnets.com\/no\/#website"},"primaryImageOfPage":{"@id":"https:\/\/magnetarmagnets.com\/no\/shop\/classic-fiskemagnet-300kg-enkelsidig\/#primaryimage"},"image":{"@id":"https:\/\/magnetarmagnets.com\/no\/shop\/classic-fiskemagnet-300kg-enkelsidig\/#primaryimage"},"thumbnailUrl":"https:\/\/magnetarmagnets.com\/wp-content\/uploads\/2020\/05\/Classic-250.jpg","datePublished":"2025-06-05T07:54:40+00:00","dateModified":"2026-04-07T16:25:01+00:00","description":"Magnetar fiskemagnet 300kg for magnetfiske, Veldig kraftig! Beste kvalitet! Stort produktsortiment! Kom og ta en titt i v\u00e5r butikk","breadcrumb":{"@id":"https:\/\/magnetarmagnets.com\/no\/shop\/classic-fiskemagnet-300kg-enkelsidig\/#breadcrumb"},"inLanguage":"nb-NO","potentialAction":[{"@type":"ReadAction","target":["https:\/\/magnetarmagnets.com\/no\/shop\/classic-fiskemagnet-300kg-enkelsidig\/"]}]},{"@type":"ImageObject","inLanguage":"nb-NO","@id":"https:\/\/magnetarmagnets.com\/no\/shop\/classic-fiskemagnet-300kg-enkelsidig\/#primaryimage","url":"https:\/\/magnetarmagnets.com\/wp-content\/uploads\/2020\/05\/Classic-250.jpg","contentUrl":"https:\/\/magnetarmagnets.com\/wp-content\/uploads\/2020\/05\/Classic-250.jpg","width":1000,"height":1000,"caption":"Classic 300 fishing magnet"},{"@type":"BreadcrumbList","@id":"https:\/\/magnetarmagnets.com\/no\/shop\/classic-fiskemagnet-300kg-enkelsidig\/#breadcrumb","itemListElement":[{"@type":"ListItem","position":1,"name":"Home","item":"https:\/\/magnetarmagnets.com\/no\/"},{"@type":"ListItem","position":2,"name":"Butikk","item":"https:\/\/magnetarmagnets.com\/butikk\/"},{"@type":"ListItem","position":3,"name":"Fiskemagneter","item":"https:\/\/magnetarmagnets.com\/no\/collections\/fiskemagneter\/"},{"@type":"ListItem","position":4,"name":"Ensidige fiskemagneter","item":"https:\/\/magnetarmagnets.com\/no\/collections\/fiskemagneter\/ensidige-fiskemagneter\/"},{"@type":"ListItem","position":5,"name":"Classic Fiskemagnet &#8211; 300KG &#8211; Enkelsidig"}]},{"@type":"WebSite","@id":"https:\/\/magnetarmagnets.com\/no\/#website","url":"https:\/\/magnetarmagnets.com\/no\/","name":"Magnet fishing with a Magnetar fishing magnet","description":"Kraftige magneter for magnetfiske","publisher":{"@id":"https:\/\/magnetarmagnets.com\/no\/#organization"},"potentialAction":[{"@type":"SearchAction","target":{"@type":"EntryPoint","urlTemplate":"https:\/\/magnetarmagnets.com\/no\/?s={search_term_string}"},"query-input":{"@type":"PropertyValueSpecification","valueRequired":true,"valueName":"search_term_string"}}],"inLanguage":"nb-NO"},{"@type":"Organization","@id":"https:\/\/magnetarmagnets.com\/no\/#organization","name":"Magnetar","url":"https:\/\/magnetarmagnets.com\/no\/","logo":{"@type":"ImageObject","inLanguage":"nb-NO","@id":"https:\/\/magnetarmagnets.com\/no\/#\/schema\/logo\/image\/","url":"https:\/\/magnetarmagnets.com\/wp-content\/uploads\/2025\/05\/Logo-03_PNG-Black-scaled.png","contentUrl":"https:\/\/magnetarmagnets.com\/wp-content\/uploads\/2025\/05\/Logo-03_PNG-Black-scaled.png","width":2560,"height":1658,"caption":"Magnetar"},"image":{"@id":"https:\/\/magnetarmagnets.com\/no\/#\/schema\/logo\/image\/"},"sameAs":["https:\/\/www.facebook.com\/fishingmagnets\/","https:\/\/www.instagram.com\/magnetar_magnets\/","https:\/\/www.linkedin.com\/company\/magnetarbv\/?originalSubdomain=nl","https:\/\/www.youtube.com\/c\/MagnetarVismagneet"]}]}},"_links":{"self":[{"href":"https:\/\/magnetarmagnets.com\/no\/wp-json\/wp\/v2\/product\/84242","targetHints":{"allow":["GET"]}}],"collection":[{"href":"https:\/\/magnetarmagnets.com\/no\/wp-json\/wp\/v2\/product"}],"about":[{"href":"https:\/\/magnetarmagnets.com\/no\/wp-json\/wp\/v2\/types\/product"}],"replies":[{"embeddable":true,"href":"https:\/\/magnetarmagnets.com\/no\/wp-json\/wp\/v2\/comments?post=84242"}],"version-history":[{"count":1,"href":"https:\/\/magnetarmagnets.com\/no\/wp-json\/wp\/v2\/product\/84242\/revisions"}],"predecessor-version":[{"id":95657,"href":"https:\/\/magnetarmagnets.com\/no\/wp-json\/wp\/v2\/product\/84242\/revisions\/95657"}],"wp:featuredmedia":[{"embeddable":true,"href":"https:\/\/magnetarmagnets.com\/no\/wp-json\/wp\/v2\/media\/80543"}],"wp:attachment":[{"href":"https:\/\/magnetarmagnets.com\/no\/wp-json\/wp\/v2\/media?parent=84242"}],"wp:term":[{"taxonomy":"product_brand","embeddable":true,"href":"https:\/\/magnetarmagnets.com\/no\/wp-json\/wp\/v2\/product_brand?post=84242"},{"taxonomy":"product_cat","embeddable":true,"href":"https:\/\/magnetarmagnets.com\/no\/wp-json\/wp\/v2\/product_cat?post=84242"},{"taxonomy":"product_tag","embeddable":true,"href":"https:\/\/magnetarmagnets.com\/no\/wp-json\/wp\/v2\/product_tag?post=84242"}],"curies":[{"name":"wp","href":"https:\/\/api.w.org\/{rel}","templated":true}]}}