{"id":84241,"date":"2025-06-05T09:54:41","date_gmt":"2025-06-05T07:54:41","guid":{"rendered":"https:\/\/magnetarmagnets.com\/?post_type=product&#038;p=84241"},"modified":"2026-04-07T18:37:05","modified_gmt":"2026-04-07T16:37:05","slug":"klassisk-fiskemagnet-200kg-ensidig","status":"publish","type":"product","link":"https:\/\/magnetarmagnets.com\/no\/shop\/klassisk-fiskemagnet-200kg-ensidig\/","title":{"rendered":"Klassisk fiskemagnet 200KG &#8211; Ensidig"},"content":{"rendered":"Den klassiske 200 fiskemagneten <span style=\"font-weight: 400;\">er en ensidig neodymmagnet for magnetfiske med en maksimal trekkraft p\u00e5 200 kg. Den klassiske 200 fiskemagneten anbefales for nybegynnere som \u00f8nsker \u00e5 finne ut om magnetfiske kan bli deres nye hobby. Hvis du vil bli ekspert p\u00e5 magnetfiske, anbefaler vi at du kj\u00f8per en kraftigere fiskemagnet, for eksempel en fra v\u00e5rt eksklusive produktsortiment. <\/span>\n\n<h2><strong>Klassisk 200 fiskemagnet 200kg \/ 440lb<\/strong><\/h2>\n\n<span style=\"font-weight: 400;\">Leter du etter en flott gave til barnet ditt? Eller vil du begynne med magnetfiske selv? Da b\u00f8r du sjekke ut klassisk 200! Magnetar klassisk 200 er en neodymmagnet med en maksimal trekkraft p\u00e5 200 kilogram. Det er en av de lettere fiskemagnetene i v\u00e5rt sortiment. Denne magneten er veldig egnet for nybegynnere som vil samle sm\u00e5 objekt. <\/span>\n\n\n\n<span style=\"font-weight: 400;\">Bunnen av denne fiskemagneten er fullstendig magnetisk og har et metallhus. Huset beskytter magneten mot st\u00f8t eller fallskader. V\u00e5r anbefaling for magnetfiske er \u00e5 velge en fiskemagnet med minst 200 kg trekkraft. 200 kg h\u00f8res kanskje mye ut, men full trekkraft oppn\u00e5s kun under perfekte forhold. Disse er: jevnt metall med en tykkelse p\u00e5 2 cm, uten rust og uten smuss mellom magneten og metallet. Du kan trekke 200 kg rett opp under disse forholdene. <\/span><span style=\"font-weight: 400;\">200 kg trekkraft er minste anbefalte styrke for \u00e5 dra opp store gjenstander fra vannet. Er du p\u00e5 jakt etter en rimelig allround fiskemagnet? Sjekk v\u00e5r eksklusive <a href=\"https:\/\/magnetarmagnets.com\/shop\/easy-magnet\">easy fishing magnet<\/a> her.\u00a0<\/span>\n\n<h2>H\u00f8y kvalitet<\/h2>\n\nV\u00e5re fiskemagneter er laget av den beste neodymmet som finnes. Det betyr at Magnetar-magnetene v\u00e5re beholder sin magnetiske kraft og vil bare miste 1 % av den kraften etter 100 \u00e5r! De fleste andre leverand\u00f8rer selger magneter som taper denne prosentandelen allerede etter noen f\u00e5 uker. Flere og flere av disse lavkvalitetsmagnetene dukker opp n\u00e5 til dags. De inneholder neodym av lav kvalitet. Dette gj\u00f8res for \u00e5 senke prisen og f\u00e5 magneten til \u00e5 se st\u00f8rre ut. N\u00e5r du kj\u00f8per en slik magnet kaster du penger ut av vinduet.\n\n\n\nAlle v\u00e5re magneter er personlig designet for at du skal f\u00e5 mest mulig ut av magnetfiskeopplevelsen. Vi tester magnetene v\u00e5re med profesjonelt utstyr for \u00e5 sikre at oppgitt trekkraft er korrekt. Vi vet akkurat hvordan man designer en effektiv fiskemagnet takket v\u00e6re v\u00e5r erfaring med magnetfiske. Du kan oppleve dette selv med v\u00e5re kvalitetssterke, kraftfulle og p\u00e5litelige fiskemagneter. Nysgjerrig p\u00e5 hvordan vi tester trekkraften? Se v\u00e5r <a href=\"https:\/\/www.youtube.com\/watch?v=2McW3RURDxs\">video om m\u00e5ling av trekkraft<\/a>.\n\n<h2>Advarsel!<\/h2>\n\nV\u00e5re neodymmagneter er ekstremt kraftige og kan feste seg til metallgjenstander med stor kraft n\u00e5r de er i n\u00e6r rekkevidde. Du vil absolutt ikke f\u00e5 fingrene i klem. Med noen av v\u00e5re kraftigste fiskemagneter kan fingrene dine lett knuses, brekke eller bli gnags\u00e5r hvis de kommer mellom magneten og metallet. V\u00e6r alltid forsiktig n\u00e5r du bruker fiskemagneter. Advarsel: Bruk av v\u00e5re magneter skjer p\u00e5 eget ansvar. Les alltid v\u00e5re <a href=\"https:\/\/magnetarmagnets.com\/how-do-you-use-fishing-magnets-in-a-safe-way?v=796834e7a283\">sikkerhetsadvarsler<\/a> f\u00f8r bruk.","protected":false},"excerpt":{"rendered":"<p><span style=\"font-weight: 400;\">Den ekte klassikeren, den <strong>slagfast<\/strong> og <strong>trygge<\/strong> fiskemagneten. N\u00e5 ekstra <strong>rimelig<\/strong>!<\/span><\/p>\n","protected":false},"featured_media":80547,"comment_status":"open","ping_status":"closed","template":"","meta":{"_acf_changed":false,"inline_featured_image":false},"product_brand":[],"product_cat":[605,602,614],"product_tag":[],"class_list":{"0":"post-84241","1":"product","2":"type-product","3":"status-publish","4":"has-post-thumbnail","6":"product_cat-ensidige-fiskemagneter","7":"product_cat-fiskemagneter","8":"product_cat-nybegynnere-og-barn","10":"first","11":"instock","12":"taxable","13":"shipping-taxable","14":"purchasable","15":"product-type-simple"},"acf":[],"yoast_head":"<!-- This site is optimized with the Yoast SEO plugin v27.4 - https:\/\/yoast.com\/product\/yoast-seo-wordpress\/ -->\n<title>Klassisk fiskemagnet 200KG - Ensidig - Magnet fishing with a Magnetar fishing magnet<\/title>\n<meta name=\"description\" content=\"Classic Fishing Magnet 200 Kg - av Magnetar\" \/>\n<meta name=\"robots\" content=\"index, follow, max-snippet:-1, max-image-preview:large, max-video-preview:-1\" \/>\n<link rel=\"canonical\" href=\"https:\/\/magnetarmagnets.com\/no\/shop\/klassisk-fiskemagnet-200kg-ensidig\/\" \/>\n<meta property=\"og:locale\" content=\"nb_NO\" \/>\n<meta property=\"og:type\" content=\"article\" \/>\n<meta property=\"og:title\" content=\"Klassisk fiskemagnet 200KG - Ensidig - Magnet fishing with a Magnetar fishing magnet\" \/>\n<meta property=\"og:description\" content=\"Classic Fishing Magnet 200 Kg - av Magnetar\" \/>\n<meta property=\"og:url\" content=\"https:\/\/magnetarmagnets.com\/no\/shop\/klassisk-fiskemagnet-200kg-ensidig\/\" \/>\n<meta property=\"og:site_name\" content=\"Magnet fishing with a Magnetar fishing magnet\" \/>\n<meta property=\"article:publisher\" content=\"https:\/\/www.facebook.com\/fishingmagnets\/\" \/>\n<meta property=\"article:modified_time\" content=\"2026-04-07T16:37:05+00:00\" \/>\n<meta property=\"og:image\" content=\"https:\/\/magnetarmagnets.com\/wp-content\/uploads\/2020\/05\/hoofdafbeelding-classic-200.jpg\" \/>\n\t<meta property=\"og:image:width\" content=\"1000\" \/>\n\t<meta property=\"og:image:height\" content=\"1000\" \/>\n\t<meta property=\"og:image:type\" content=\"image\/jpeg\" \/>\n<meta name=\"twitter:card\" content=\"summary_large_image\" \/>\n<meta name=\"twitter:label1\" content=\"Ansl. lesetid\" \/>\n\t<meta name=\"twitter:data1\" content=\"3 minutter\" \/>\n<script type=\"application\/ld+json\" class=\"yoast-schema-graph\">{\"@context\":\"https:\\\/\\\/schema.org\",\"@graph\":[{\"@type\":[\"WebPage\",\"ItemPage\"],\"@id\":\"https:\\\/\\\/magnetarmagnets.com\\\/no\\\/shop\\\/klassisk-fiskemagnet-200kg-ensidig\\\/\",\"url\":\"https:\\\/\\\/magnetarmagnets.com\\\/no\\\/shop\\\/klassisk-fiskemagnet-200kg-ensidig\\\/\",\"name\":\"Klassisk fiskemagnet 200KG - Ensidig - Magnet fishing with a Magnetar fishing magnet\",\"isPartOf\":{\"@id\":\"https:\\\/\\\/magnetarmagnets.com\\\/no\\\/#website\"},\"primaryImageOfPage\":{\"@id\":\"https:\\\/\\\/magnetarmagnets.com\\\/no\\\/shop\\\/klassisk-fiskemagnet-200kg-ensidig\\\/#primaryimage\"},\"image\":{\"@id\":\"https:\\\/\\\/magnetarmagnets.com\\\/no\\\/shop\\\/klassisk-fiskemagnet-200kg-ensidig\\\/#primaryimage\"},\"thumbnailUrl\":\"https:\\\/\\\/magnetarmagnets.com\\\/wp-content\\\/uploads\\\/2020\\\/05\\\/hoofdafbeelding-classic-200.jpg\",\"datePublished\":\"2025-06-05T07:54:41+00:00\",\"dateModified\":\"2026-04-07T16:37:05+00:00\",\"description\":\"Classic Fishing Magnet 200 Kg - av Magnetar\",\"breadcrumb\":{\"@id\":\"https:\\\/\\\/magnetarmagnets.com\\\/no\\\/shop\\\/klassisk-fiskemagnet-200kg-ensidig\\\/#breadcrumb\"},\"inLanguage\":\"nb-NO\",\"potentialAction\":[{\"@type\":\"ReadAction\",\"target\":[\"https:\\\/\\\/magnetarmagnets.com\\\/no\\\/shop\\\/klassisk-fiskemagnet-200kg-ensidig\\\/\"]}]},{\"@type\":\"ImageObject\",\"inLanguage\":\"nb-NO\",\"@id\":\"https:\\\/\\\/magnetarmagnets.com\\\/no\\\/shop\\\/klassisk-fiskemagnet-200kg-ensidig\\\/#primaryimage\",\"url\":\"https:\\\/\\\/magnetarmagnets.com\\\/wp-content\\\/uploads\\\/2020\\\/05\\\/hoofdafbeelding-classic-200.jpg\",\"contentUrl\":\"https:\\\/\\\/magnetarmagnets.com\\\/wp-content\\\/uploads\\\/2020\\\/05\\\/hoofdafbeelding-classic-200.jpg\",\"width\":1000,\"height\":1000,\"caption\":\"Classic 200 fishing magnet\"},{\"@type\":\"BreadcrumbList\",\"@id\":\"https:\\\/\\\/magnetarmagnets.com\\\/no\\\/shop\\\/klassisk-fiskemagnet-200kg-ensidig\\\/#breadcrumb\",\"itemListElement\":[{\"@type\":\"ListItem\",\"position\":1,\"name\":\"Home\",\"item\":\"https:\\\/\\\/magnetarmagnets.com\\\/no\\\/\"},{\"@type\":\"ListItem\",\"position\":2,\"name\":\"Butikk\",\"item\":\"https:\\\/\\\/magnetarmagnets.com\\\/butikk\\\/\"},{\"@type\":\"ListItem\",\"position\":3,\"name\":\"Fiskemagneter\",\"item\":\"https:\\\/\\\/magnetarmagnets.com\\\/no\\\/collections\\\/fiskemagneter\\\/\"},{\"@type\":\"ListItem\",\"position\":4,\"name\":\"Ensidige fiskemagneter\",\"item\":\"https:\\\/\\\/magnetarmagnets.com\\\/no\\\/collections\\\/fiskemagneter\\\/ensidige-fiskemagneter\\\/\"},{\"@type\":\"ListItem\",\"position\":5,\"name\":\"Klassisk fiskemagnet 200KG &#8211; Ensidig\"}]},{\"@type\":\"WebSite\",\"@id\":\"https:\\\/\\\/magnetarmagnets.com\\\/no\\\/#website\",\"url\":\"https:\\\/\\\/magnetarmagnets.com\\\/no\\\/\",\"name\":\"Magnet fishing with a Magnetar fishing magnet\",\"description\":\"Kraftige magneter for magnetfiske\",\"publisher\":{\"@id\":\"https:\\\/\\\/magnetarmagnets.com\\\/no\\\/#organization\"},\"potentialAction\":[{\"@type\":\"SearchAction\",\"target\":{\"@type\":\"EntryPoint\",\"urlTemplate\":\"https:\\\/\\\/magnetarmagnets.com\\\/no\\\/?s={search_term_string}\"},\"query-input\":{\"@type\":\"PropertyValueSpecification\",\"valueRequired\":true,\"valueName\":\"search_term_string\"}}],\"inLanguage\":\"nb-NO\"},{\"@type\":\"Organization\",\"@id\":\"https:\\\/\\\/magnetarmagnets.com\\\/no\\\/#organization\",\"name\":\"Magnetar\",\"url\":\"https:\\\/\\\/magnetarmagnets.com\\\/no\\\/\",\"logo\":{\"@type\":\"ImageObject\",\"inLanguage\":\"nb-NO\",\"@id\":\"https:\\\/\\\/magnetarmagnets.com\\\/no\\\/#\\\/schema\\\/logo\\\/image\\\/\",\"url\":\"https:\\\/\\\/magnetarmagnets.com\\\/wp-content\\\/uploads\\\/2025\\\/05\\\/Logo-03_PNG-Black-scaled.png\",\"contentUrl\":\"https:\\\/\\\/magnetarmagnets.com\\\/wp-content\\\/uploads\\\/2025\\\/05\\\/Logo-03_PNG-Black-scaled.png\",\"width\":2560,\"height\":1658,\"caption\":\"Magnetar\"},\"image\":{\"@id\":\"https:\\\/\\\/magnetarmagnets.com\\\/no\\\/#\\\/schema\\\/logo\\\/image\\\/\"},\"sameAs\":[\"https:\\\/\\\/www.facebook.com\\\/fishingmagnets\\\/\",\"https:\\\/\\\/www.instagram.com\\\/magnetar_magnets\\\/\",\"https:\\\/\\\/www.linkedin.com\\\/company\\\/magnetarbv\\\/?originalSubdomain=nl\",\"https:\\\/\\\/www.youtube.com\\\/c\\\/MagnetarVismagneet\"]}]}<\/script>\n<!-- \/ Yoast SEO plugin. -->","yoast_head_json":{"title":"Klassisk fiskemagnet 200KG - Ensidig - Magnet fishing with a Magnetar fishing magnet","description":"Classic Fishing Magnet 200 Kg - av Magnetar","robots":{"index":"index","follow":"follow","max-snippet":"max-snippet:-1","max-image-preview":"max-image-preview:large","max-video-preview":"max-video-preview:-1"},"canonical":"https:\/\/magnetarmagnets.com\/no\/shop\/klassisk-fiskemagnet-200kg-ensidig\/","og_locale":"nb_NO","og_type":"article","og_title":"Klassisk fiskemagnet 200KG - Ensidig - Magnet fishing with a Magnetar fishing magnet","og_description":"Classic Fishing Magnet 200 Kg - av Magnetar","og_url":"https:\/\/magnetarmagnets.com\/no\/shop\/klassisk-fiskemagnet-200kg-ensidig\/","og_site_name":"Magnet fishing with a Magnetar fishing magnet","article_publisher":"https:\/\/www.facebook.com\/fishingmagnets\/","article_modified_time":"2026-04-07T16:37:05+00:00","og_image":[{"width":1000,"height":1000,"url":"https:\/\/magnetarmagnets.com\/wp-content\/uploads\/2020\/05\/hoofdafbeelding-classic-200.jpg","type":"image\/jpeg"}],"twitter_card":"summary_large_image","twitter_misc":{"Ansl. lesetid":"3 minutter"},"schema":{"@context":"https:\/\/schema.org","@graph":[{"@type":["WebPage","ItemPage"],"@id":"https:\/\/magnetarmagnets.com\/no\/shop\/klassisk-fiskemagnet-200kg-ensidig\/","url":"https:\/\/magnetarmagnets.com\/no\/shop\/klassisk-fiskemagnet-200kg-ensidig\/","name":"Klassisk fiskemagnet 200KG - Ensidig - Magnet fishing with a Magnetar fishing magnet","isPartOf":{"@id":"https:\/\/magnetarmagnets.com\/no\/#website"},"primaryImageOfPage":{"@id":"https:\/\/magnetarmagnets.com\/no\/shop\/klassisk-fiskemagnet-200kg-ensidig\/#primaryimage"},"image":{"@id":"https:\/\/magnetarmagnets.com\/no\/shop\/klassisk-fiskemagnet-200kg-ensidig\/#primaryimage"},"thumbnailUrl":"https:\/\/magnetarmagnets.com\/wp-content\/uploads\/2020\/05\/hoofdafbeelding-classic-200.jpg","datePublished":"2025-06-05T07:54:41+00:00","dateModified":"2026-04-07T16:37:05+00:00","description":"Classic Fishing Magnet 200 Kg - av Magnetar","breadcrumb":{"@id":"https:\/\/magnetarmagnets.com\/no\/shop\/klassisk-fiskemagnet-200kg-ensidig\/#breadcrumb"},"inLanguage":"nb-NO","potentialAction":[{"@type":"ReadAction","target":["https:\/\/magnetarmagnets.com\/no\/shop\/klassisk-fiskemagnet-200kg-ensidig\/"]}]},{"@type":"ImageObject","inLanguage":"nb-NO","@id":"https:\/\/magnetarmagnets.com\/no\/shop\/klassisk-fiskemagnet-200kg-ensidig\/#primaryimage","url":"https:\/\/magnetarmagnets.com\/wp-content\/uploads\/2020\/05\/hoofdafbeelding-classic-200.jpg","contentUrl":"https:\/\/magnetarmagnets.com\/wp-content\/uploads\/2020\/05\/hoofdafbeelding-classic-200.jpg","width":1000,"height":1000,"caption":"Classic 200 fishing magnet"},{"@type":"BreadcrumbList","@id":"https:\/\/magnetarmagnets.com\/no\/shop\/klassisk-fiskemagnet-200kg-ensidig\/#breadcrumb","itemListElement":[{"@type":"ListItem","position":1,"name":"Home","item":"https:\/\/magnetarmagnets.com\/no\/"},{"@type":"ListItem","position":2,"name":"Butikk","item":"https:\/\/magnetarmagnets.com\/butikk\/"},{"@type":"ListItem","position":3,"name":"Fiskemagneter","item":"https:\/\/magnetarmagnets.com\/no\/collections\/fiskemagneter\/"},{"@type":"ListItem","position":4,"name":"Ensidige fiskemagneter","item":"https:\/\/magnetarmagnets.com\/no\/collections\/fiskemagneter\/ensidige-fiskemagneter\/"},{"@type":"ListItem","position":5,"name":"Klassisk fiskemagnet 200KG &#8211; Ensidig"}]},{"@type":"WebSite","@id":"https:\/\/magnetarmagnets.com\/no\/#website","url":"https:\/\/magnetarmagnets.com\/no\/","name":"Magnet fishing with a Magnetar fishing magnet","description":"Kraftige magneter for magnetfiske","publisher":{"@id":"https:\/\/magnetarmagnets.com\/no\/#organization"},"potentialAction":[{"@type":"SearchAction","target":{"@type":"EntryPoint","urlTemplate":"https:\/\/magnetarmagnets.com\/no\/?s={search_term_string}"},"query-input":{"@type":"PropertyValueSpecification","valueRequired":true,"valueName":"search_term_string"}}],"inLanguage":"nb-NO"},{"@type":"Organization","@id":"https:\/\/magnetarmagnets.com\/no\/#organization","name":"Magnetar","url":"https:\/\/magnetarmagnets.com\/no\/","logo":{"@type":"ImageObject","inLanguage":"nb-NO","@id":"https:\/\/magnetarmagnets.com\/no\/#\/schema\/logo\/image\/","url":"https:\/\/magnetarmagnets.com\/wp-content\/uploads\/2025\/05\/Logo-03_PNG-Black-scaled.png","contentUrl":"https:\/\/magnetarmagnets.com\/wp-content\/uploads\/2025\/05\/Logo-03_PNG-Black-scaled.png","width":2560,"height":1658,"caption":"Magnetar"},"image":{"@id":"https:\/\/magnetarmagnets.com\/no\/#\/schema\/logo\/image\/"},"sameAs":["https:\/\/www.facebook.com\/fishingmagnets\/","https:\/\/www.instagram.com\/magnetar_magnets\/","https:\/\/www.linkedin.com\/company\/magnetarbv\/?originalSubdomain=nl","https:\/\/www.youtube.com\/c\/MagnetarVismagneet"]}]}},"_links":{"self":[{"href":"https:\/\/magnetarmagnets.com\/no\/wp-json\/wp\/v2\/product\/84241","targetHints":{"allow":["GET"]}}],"collection":[{"href":"https:\/\/magnetarmagnets.com\/no\/wp-json\/wp\/v2\/product"}],"about":[{"href":"https:\/\/magnetarmagnets.com\/no\/wp-json\/wp\/v2\/types\/product"}],"replies":[{"embeddable":true,"href":"https:\/\/magnetarmagnets.com\/no\/wp-json\/wp\/v2\/comments?post=84241"}],"version-history":[{"count":1,"href":"https:\/\/magnetarmagnets.com\/no\/wp-json\/wp\/v2\/product\/84241\/revisions"}],"predecessor-version":[{"id":95665,"href":"https:\/\/magnetarmagnets.com\/no\/wp-json\/wp\/v2\/product\/84241\/revisions\/95665"}],"wp:featuredmedia":[{"embeddable":true,"href":"https:\/\/magnetarmagnets.com\/no\/wp-json\/wp\/v2\/media\/80547"}],"wp:attachment":[{"href":"https:\/\/magnetarmagnets.com\/no\/wp-json\/wp\/v2\/media?parent=84241"}],"wp:term":[{"taxonomy":"product_brand","embeddable":true,"href":"https:\/\/magnetarmagnets.com\/no\/wp-json\/wp\/v2\/product_brand?post=84241"},{"taxonomy":"product_cat","embeddable":true,"href":"https:\/\/magnetarmagnets.com\/no\/wp-json\/wp\/v2\/product_cat?post=84241"},{"taxonomy":"product_tag","embeddable":true,"href":"https:\/\/magnetarmagnets.com\/no\/wp-json\/wp\/v2\/product_tag?post=84241"}],"curies":[{"name":"wp","href":"https:\/\/api.w.org\/{rel}","templated":true}]}}