{"id":84240,"date":"2025-06-05T09:54:41","date_gmt":"2025-06-05T07:54:41","guid":{"rendered":"https:\/\/magnetarmagnets.com\/?post_type=product&#038;p=84240"},"modified":"2026-04-04T21:46:15","modified_gmt":"2026-04-04T19:46:15","slug":"klassisk-fiskemagnet-400kg-enkeltsidig","status":"publish","type":"product","link":"https:\/\/magnetarmagnets.com\/no\/shop\/klassisk-fiskemagnet-400kg-enkeltsidig\/","title":{"rendered":"Klassisk fiskemagnet &#8211; 400KG &#8211; Enkeltsidig"},"content":{"rendered":"The Classic 400 fiskemagnet <span style=\"font-weight: 400;\">er en enkeltsidig neodymmagnet for magnetfiske med en maksimal trekkraft p\u00e5 400KG. Classic 400 fiskemagnet anbefales for nybegynnere som \u00f8nsker \u00e5 starte fullutstyrt, eller for mer erfarne magnetfiskere som \u00f8nsker en kraftig og beskyttet magnet. Den ekstra tykke magneten er innkapslet i et solid metallhus, som sikrer at magneten oppn\u00e5r enorme trekkrefter p\u00e5 undersiden. Denne magneten tilh\u00f8rer en av v\u00e5re kraftigere modeller i v\u00e5rt utvalg av enkeltsidige magneter.<\/span>\n\n\n\nIkke glem \u00e5 sjekke ut v\u00e5re <a href=\"https:\/\/magnetarmagnets.com\/magnet-fishing-kit\/\">magnetfiskesett<\/a> og <a href=\"https:\/\/magnetarmagnets.com\/accessories\/\">magnetfiskeutstyr<\/a>.\n\n<h2><span style=\"font-weight: 400;\"><strong style=\"font-size: 24px;\">Kraftig enkeltsidig fiskemagnet 400KG<\/strong><\/span><\/h2>\n\nClassic 400 er en av Magnetars kraftigste enkeltsidige fiskemagneter. Dette eksepsjonelle produktet er beskyttet av en holdbar kapsling, som sikrer beskyttelse mot slag og utilsiktede skader. Fordi magneten er enkeltsidig, konsentreres den magnetiske kraften kun p\u00e5 undersiden av magneten, noe som gj\u00f8r den ekstremt sterk. Slik styrke kan gj\u00f8re det litt utfordrende \u00e5 l\u00f8sne gjenstander fra grepet, men det er likevel enkelt \u00e5 hente opp tunge objekter med flate overflater, som safer, bildeler og st\u00e5lbjelker fra vannet. Den h\u00e5ndterer ogs\u00e5 ulike mindre historiske gjenstander med letthet.\n\n\n\nClassic fiskemagnet 400 kg brukes vanligvis med 8mm eller 10mm tau. M\u00e5 du utforske dypere vann og gj\u00f8rmete sedimenter p\u00e5 spesifikke steder? I slike tilfeller kan denne fiskemagneten brukes med v\u00e5r magnetfiskespiss, som kan forlenges opptil tre meter og utvider mulighetene dine for magnetfiske.\n\n\n\nHvis du leter etter en fiskemagnet som har magnetisk kraft p\u00e5 alle sider og tilbyr tilsvarende trekkraft, inviterer vi deg til \u00e5 utforske v\u00e5re <a href=\"https:\/\/magnetarmagnets.com\/shop\/easy-magnet\">Easy<\/a>, <a href=\"https:\/\/magnetarmagnets.com\/shop\/hardcore-magnet-2\/?v=796834e7a283\">Hardcore<\/a> og <a href=\"https:\/\/magnetarmagnets.com\/shop\/exclusive-terror-magnet\/?v=796834e7a283\">Terror<\/a> allsidige 360\u00b0 fiskemagneter.\n\n<h2>Er ikke dette for mye trekkraft?<\/h2>\n\n<span style=\"font-weight: 400;\">Ikke bekymre deg! Den lovede trekkraften p\u00e5 400KG oppn\u00e5s kun under perfekte forhold. Disse forholdene er: flatt metall med en tykkelse p\u00e5 2 cm, ingen rust og ingen smuss mellom magneten og metallet. Sjansen for \u00e5 st\u00f8te p\u00e5 en ren metallplate i vannet er liten. Ofte er det rust p\u00e5 jernskattene.<\/span>\n\n<h2><b>H\u00f8y kvalitet<\/b><\/h2>\n\nV\u00e5re fiskemagneter er laget av Neodymmagneter. Magnetar magneter beholder sin magnetiske trekkraft i flere ti\u00e5r med kun 1% tap hvert 100. \u00e5r (med riktig oppbevaring, pleie og beskyttelse). Derfor selger vi en av de\u00a0<a href=\"https:\/\/magnetarmagnets.com\/\" target=\"_blank\" rel=\"noopener\">beste fiskemagnetene<\/a> p\u00e5 markedet.\n\n\n\nDe fleste andre leverand\u00f8rer viser tap av trekkraft etter bare noen uker. De siste \u00e5rene har vi merket at det kommer flere og flere lavkvalitetsmagneter p\u00e5 markedet: st\u00f8rre magneter med lavere trekkraft, neodymmagneter av d\u00e5rlig kvalitet, falsk reklame. Hvis du kj\u00f8per en av disse magnetene til en lavere pris eller fra et stort konsern, vil du til slutt bli skuffet, selv om du sparte litt penger.\n\n\n\nMagnetar er en liten familiebedrift som setter kvalitet f\u00f8rst i alt vi gj\u00f8r. Vi er magnetfiskeentusiaster, og alle v\u00e5re magneter er designet, tegnet og produsert av v\u00e5rt team for \u00e5 sikre at du f\u00e5r mest mulig for pengene (eller skatter fra magneten!). Hvis du vil ha en p\u00e5litelig, effektiv og kraftig fiskemagnet, har du kommet til riktig sted. V\u00e5rt team h\u00f8rer gjerne fra deg, <a href=\"mailto:info@magnetarmagnets.nl\">kontakt oss her<\/a>.\n\n<h2><b>Bruk med forsiktighet<\/b><\/h2>\n\nV\u00e5re neodymmagneter er sv\u00e6rt kraftige og kan trekkes mot jernobjekter med h\u00f8y hastighet n\u00e5r de er i n\u00e6rheten. Med de sterkere fiskemagnetene som 360\u00b0 allround, er det mulig at fingrene kan komme i klem mellom magneten og andre objekter. H\u00e5ndter magnetene med forsiktighet og bruk dem p\u00e5 egen risiko. Les alltid v\u00e5re sikkerhetsadvarsler f\u00f8r bruk.\n\n\n\n* Barn m\u00e5 bruke magneten under tilsyn av voksne.","protected":false},"excerpt":{"rendered":"<p><span style=\"font-weight: 400;\">Denne <strong>kraftige beskyttede fiskemagneten<\/strong> gj\u00f8r akkurat det den skal. De tyngste gjenstandene dras inn med en <strong>enorm trekkraft<\/strong> p\u00e5 undersiden av magneten. Denne magneten er <strong>elsket av b\u00e5de nybegynnere og erfarne magnetfiskere<\/strong>.<\/span><\/p>\n","protected":false},"featured_media":76607,"comment_status":"open","ping_status":"closed","template":"","meta":{"_acf_changed":false,"inline_featured_image":false},"product_brand":[],"product_cat":[605,615,602],"product_tag":[],"class_list":{"0":"post-84240","1":"product","2":"type-product","3":"status-publish","4":"has-post-thumbnail","6":"product_cat-ensidige-fiskemagneter","7":"product_cat-erfarne-eventyrere","8":"product_cat-fiskemagneter","10":"first","11":"instock","12":"sale","13":"taxable","14":"shipping-taxable","15":"purchasable","16":"product-type-simple"},"acf":[],"yoast_head":"<!-- This site is optimized with the Yoast SEO plugin v27.4 - https:\/\/yoast.com\/product\/yoast-seo-wordpress\/ -->\n<title>Klassisk fiskemagnet - 400KG - Enkeltsidig - Magnet fishing with a Magnetar fishing magnet<\/title>\n<meta name=\"description\" content=\"Enkeltsidig fiskemagnet - 400 Kg - Magnetar\" \/>\n<meta name=\"robots\" content=\"index, follow, max-snippet:-1, max-image-preview:large, max-video-preview:-1\" \/>\n<link rel=\"canonical\" href=\"https:\/\/magnetarmagnets.com\/no\/shop\/klassisk-fiskemagnet-400kg-enkeltsidig\/\" \/>\n<meta property=\"og:locale\" content=\"nb_NO\" \/>\n<meta property=\"og:type\" content=\"article\" \/>\n<meta property=\"og:title\" content=\"Klassisk fiskemagnet - 400KG - Enkeltsidig - Magnet fishing with a Magnetar fishing magnet\" \/>\n<meta property=\"og:description\" content=\"Enkeltsidig fiskemagnet - 400 Kg - Magnetar\" \/>\n<meta property=\"og:url\" content=\"https:\/\/magnetarmagnets.com\/no\/shop\/klassisk-fiskemagnet-400kg-enkeltsidig\/\" \/>\n<meta property=\"og:site_name\" content=\"Magnet fishing with a Magnetar fishing magnet\" \/>\n<meta property=\"article:publisher\" content=\"https:\/\/www.facebook.com\/fishingmagnets\/\" \/>\n<meta property=\"article:modified_time\" content=\"2026-04-04T19:46:15+00:00\" \/>\n<meta property=\"og:image\" content=\"https:\/\/magnetarmagnets.com\/wp-content\/uploads\/2017\/07\/vismagneet-350-met-gereedschap.png\" \/>\n\t<meta property=\"og:image:width\" content=\"1000\" \/>\n\t<meta property=\"og:image:height\" content=\"1000\" \/>\n\t<meta property=\"og:image:type\" content=\"image\/png\" \/>\n<meta name=\"twitter:card\" content=\"summary_large_image\" \/>\n<meta name=\"twitter:label1\" content=\"Ansl. lesetid\" \/>\n\t<meta name=\"twitter:data1\" content=\"3 minutter\" \/>\n<script type=\"application\/ld+json\" class=\"yoast-schema-graph\">{\"@context\":\"https:\\\/\\\/schema.org\",\"@graph\":[{\"@type\":[\"WebPage\",\"ItemPage\"],\"@id\":\"https:\\\/\\\/magnetarmagnets.com\\\/no\\\/shop\\\/klassisk-fiskemagnet-400kg-enkeltsidig\\\/\",\"url\":\"https:\\\/\\\/magnetarmagnets.com\\\/no\\\/shop\\\/klassisk-fiskemagnet-400kg-enkeltsidig\\\/\",\"name\":\"Klassisk fiskemagnet - 400KG - Enkeltsidig - Magnet fishing with a Magnetar fishing magnet\",\"isPartOf\":{\"@id\":\"https:\\\/\\\/magnetarmagnets.com\\\/no\\\/#website\"},\"primaryImageOfPage\":{\"@id\":\"https:\\\/\\\/magnetarmagnets.com\\\/no\\\/shop\\\/klassisk-fiskemagnet-400kg-enkeltsidig\\\/#primaryimage\"},\"image\":{\"@id\":\"https:\\\/\\\/magnetarmagnets.com\\\/no\\\/shop\\\/klassisk-fiskemagnet-400kg-enkeltsidig\\\/#primaryimage\"},\"thumbnailUrl\":\"https:\\\/\\\/magnetarmagnets.com\\\/wp-content\\\/uploads\\\/2017\\\/07\\\/vismagneet-350-met-gereedschap.png\",\"datePublished\":\"2025-06-05T07:54:41+00:00\",\"dateModified\":\"2026-04-04T19:46:15+00:00\",\"description\":\"Enkeltsidig fiskemagnet - 400 Kg - Magnetar\",\"breadcrumb\":{\"@id\":\"https:\\\/\\\/magnetarmagnets.com\\\/no\\\/shop\\\/klassisk-fiskemagnet-400kg-enkeltsidig\\\/#breadcrumb\"},\"inLanguage\":\"nb-NO\",\"potentialAction\":[{\"@type\":\"ReadAction\",\"target\":[\"https:\\\/\\\/magnetarmagnets.com\\\/no\\\/shop\\\/klassisk-fiskemagnet-400kg-enkeltsidig\\\/\"]}]},{\"@type\":\"ImageObject\",\"inLanguage\":\"nb-NO\",\"@id\":\"https:\\\/\\\/magnetarmagnets.com\\\/no\\\/shop\\\/klassisk-fiskemagnet-400kg-enkeltsidig\\\/#primaryimage\",\"url\":\"https:\\\/\\\/magnetarmagnets.com\\\/wp-content\\\/uploads\\\/2017\\\/07\\\/vismagneet-350-met-gereedschap.png\",\"contentUrl\":\"https:\\\/\\\/magnetarmagnets.com\\\/wp-content\\\/uploads\\\/2017\\\/07\\\/vismagneet-350-met-gereedschap.png\",\"width\":1000,\"height\":1000,\"caption\":\"vismagneet 350 met gereedschap\"},{\"@type\":\"BreadcrumbList\",\"@id\":\"https:\\\/\\\/magnetarmagnets.com\\\/no\\\/shop\\\/klassisk-fiskemagnet-400kg-enkeltsidig\\\/#breadcrumb\",\"itemListElement\":[{\"@type\":\"ListItem\",\"position\":1,\"name\":\"Home\",\"item\":\"https:\\\/\\\/magnetarmagnets.com\\\/no\\\/\"},{\"@type\":\"ListItem\",\"position\":2,\"name\":\"Butikk\",\"item\":\"https:\\\/\\\/magnetarmagnets.com\\\/butikk\\\/\"},{\"@type\":\"ListItem\",\"position\":3,\"name\":\"Fiskemagneter\",\"item\":\"https:\\\/\\\/magnetarmagnets.com\\\/no\\\/collections\\\/fiskemagneter\\\/\"},{\"@type\":\"ListItem\",\"position\":4,\"name\":\"Ensidige fiskemagneter\",\"item\":\"https:\\\/\\\/magnetarmagnets.com\\\/no\\\/collections\\\/fiskemagneter\\\/ensidige-fiskemagneter\\\/\"},{\"@type\":\"ListItem\",\"position\":5,\"name\":\"Klassisk fiskemagnet &#8211; 400KG &#8211; Enkeltsidig\"}]},{\"@type\":\"WebSite\",\"@id\":\"https:\\\/\\\/magnetarmagnets.com\\\/no\\\/#website\",\"url\":\"https:\\\/\\\/magnetarmagnets.com\\\/no\\\/\",\"name\":\"Magnet fishing with a Magnetar fishing magnet\",\"description\":\"Kraftige magneter for magnetfiske\",\"publisher\":{\"@id\":\"https:\\\/\\\/magnetarmagnets.com\\\/no\\\/#organization\"},\"potentialAction\":[{\"@type\":\"SearchAction\",\"target\":{\"@type\":\"EntryPoint\",\"urlTemplate\":\"https:\\\/\\\/magnetarmagnets.com\\\/no\\\/?s={search_term_string}\"},\"query-input\":{\"@type\":\"PropertyValueSpecification\",\"valueRequired\":true,\"valueName\":\"search_term_string\"}}],\"inLanguage\":\"nb-NO\"},{\"@type\":\"Organization\",\"@id\":\"https:\\\/\\\/magnetarmagnets.com\\\/no\\\/#organization\",\"name\":\"Magnetar\",\"url\":\"https:\\\/\\\/magnetarmagnets.com\\\/no\\\/\",\"logo\":{\"@type\":\"ImageObject\",\"inLanguage\":\"nb-NO\",\"@id\":\"https:\\\/\\\/magnetarmagnets.com\\\/no\\\/#\\\/schema\\\/logo\\\/image\\\/\",\"url\":\"https:\\\/\\\/magnetarmagnets.com\\\/wp-content\\\/uploads\\\/2025\\\/05\\\/Logo-03_PNG-Black-scaled.png\",\"contentUrl\":\"https:\\\/\\\/magnetarmagnets.com\\\/wp-content\\\/uploads\\\/2025\\\/05\\\/Logo-03_PNG-Black-scaled.png\",\"width\":2560,\"height\":1658,\"caption\":\"Magnetar\"},\"image\":{\"@id\":\"https:\\\/\\\/magnetarmagnets.com\\\/no\\\/#\\\/schema\\\/logo\\\/image\\\/\"},\"sameAs\":[\"https:\\\/\\\/www.facebook.com\\\/fishingmagnets\\\/\",\"https:\\\/\\\/www.instagram.com\\\/magnetar_magnets\\\/\",\"https:\\\/\\\/www.linkedin.com\\\/company\\\/magnetarbv\\\/?originalSubdomain=nl\",\"https:\\\/\\\/www.youtube.com\\\/c\\\/MagnetarVismagneet\"]}]}<\/script>\n<!-- \/ Yoast SEO plugin. -->","yoast_head_json":{"title":"Klassisk fiskemagnet - 400KG - Enkeltsidig - Magnet fishing with a Magnetar fishing magnet","description":"Enkeltsidig fiskemagnet - 400 Kg - Magnetar","robots":{"index":"index","follow":"follow","max-snippet":"max-snippet:-1","max-image-preview":"max-image-preview:large","max-video-preview":"max-video-preview:-1"},"canonical":"https:\/\/magnetarmagnets.com\/no\/shop\/klassisk-fiskemagnet-400kg-enkeltsidig\/","og_locale":"nb_NO","og_type":"article","og_title":"Klassisk fiskemagnet - 400KG - Enkeltsidig - Magnet fishing with a Magnetar fishing magnet","og_description":"Enkeltsidig fiskemagnet - 400 Kg - Magnetar","og_url":"https:\/\/magnetarmagnets.com\/no\/shop\/klassisk-fiskemagnet-400kg-enkeltsidig\/","og_site_name":"Magnet fishing with a Magnetar fishing magnet","article_publisher":"https:\/\/www.facebook.com\/fishingmagnets\/","article_modified_time":"2026-04-04T19:46:15+00:00","og_image":[{"width":1000,"height":1000,"url":"https:\/\/magnetarmagnets.com\/wp-content\/uploads\/2017\/07\/vismagneet-350-met-gereedschap.png","type":"image\/png"}],"twitter_card":"summary_large_image","twitter_misc":{"Ansl. lesetid":"3 minutter"},"schema":{"@context":"https:\/\/schema.org","@graph":[{"@type":["WebPage","ItemPage"],"@id":"https:\/\/magnetarmagnets.com\/no\/shop\/klassisk-fiskemagnet-400kg-enkeltsidig\/","url":"https:\/\/magnetarmagnets.com\/no\/shop\/klassisk-fiskemagnet-400kg-enkeltsidig\/","name":"Klassisk fiskemagnet - 400KG - Enkeltsidig - Magnet fishing with a Magnetar fishing magnet","isPartOf":{"@id":"https:\/\/magnetarmagnets.com\/no\/#website"},"primaryImageOfPage":{"@id":"https:\/\/magnetarmagnets.com\/no\/shop\/klassisk-fiskemagnet-400kg-enkeltsidig\/#primaryimage"},"image":{"@id":"https:\/\/magnetarmagnets.com\/no\/shop\/klassisk-fiskemagnet-400kg-enkeltsidig\/#primaryimage"},"thumbnailUrl":"https:\/\/magnetarmagnets.com\/wp-content\/uploads\/2017\/07\/vismagneet-350-met-gereedschap.png","datePublished":"2025-06-05T07:54:41+00:00","dateModified":"2026-04-04T19:46:15+00:00","description":"Enkeltsidig fiskemagnet - 400 Kg - Magnetar","breadcrumb":{"@id":"https:\/\/magnetarmagnets.com\/no\/shop\/klassisk-fiskemagnet-400kg-enkeltsidig\/#breadcrumb"},"inLanguage":"nb-NO","potentialAction":[{"@type":"ReadAction","target":["https:\/\/magnetarmagnets.com\/no\/shop\/klassisk-fiskemagnet-400kg-enkeltsidig\/"]}]},{"@type":"ImageObject","inLanguage":"nb-NO","@id":"https:\/\/magnetarmagnets.com\/no\/shop\/klassisk-fiskemagnet-400kg-enkeltsidig\/#primaryimage","url":"https:\/\/magnetarmagnets.com\/wp-content\/uploads\/2017\/07\/vismagneet-350-met-gereedschap.png","contentUrl":"https:\/\/magnetarmagnets.com\/wp-content\/uploads\/2017\/07\/vismagneet-350-met-gereedschap.png","width":1000,"height":1000,"caption":"vismagneet 350 met gereedschap"},{"@type":"BreadcrumbList","@id":"https:\/\/magnetarmagnets.com\/no\/shop\/klassisk-fiskemagnet-400kg-enkeltsidig\/#breadcrumb","itemListElement":[{"@type":"ListItem","position":1,"name":"Home","item":"https:\/\/magnetarmagnets.com\/no\/"},{"@type":"ListItem","position":2,"name":"Butikk","item":"https:\/\/magnetarmagnets.com\/butikk\/"},{"@type":"ListItem","position":3,"name":"Fiskemagneter","item":"https:\/\/magnetarmagnets.com\/no\/collections\/fiskemagneter\/"},{"@type":"ListItem","position":4,"name":"Ensidige fiskemagneter","item":"https:\/\/magnetarmagnets.com\/no\/collections\/fiskemagneter\/ensidige-fiskemagneter\/"},{"@type":"ListItem","position":5,"name":"Klassisk fiskemagnet &#8211; 400KG &#8211; Enkeltsidig"}]},{"@type":"WebSite","@id":"https:\/\/magnetarmagnets.com\/no\/#website","url":"https:\/\/magnetarmagnets.com\/no\/","name":"Magnet fishing with a Magnetar fishing magnet","description":"Kraftige magneter for magnetfiske","publisher":{"@id":"https:\/\/magnetarmagnets.com\/no\/#organization"},"potentialAction":[{"@type":"SearchAction","target":{"@type":"EntryPoint","urlTemplate":"https:\/\/magnetarmagnets.com\/no\/?s={search_term_string}"},"query-input":{"@type":"PropertyValueSpecification","valueRequired":true,"valueName":"search_term_string"}}],"inLanguage":"nb-NO"},{"@type":"Organization","@id":"https:\/\/magnetarmagnets.com\/no\/#organization","name":"Magnetar","url":"https:\/\/magnetarmagnets.com\/no\/","logo":{"@type":"ImageObject","inLanguage":"nb-NO","@id":"https:\/\/magnetarmagnets.com\/no\/#\/schema\/logo\/image\/","url":"https:\/\/magnetarmagnets.com\/wp-content\/uploads\/2025\/05\/Logo-03_PNG-Black-scaled.png","contentUrl":"https:\/\/magnetarmagnets.com\/wp-content\/uploads\/2025\/05\/Logo-03_PNG-Black-scaled.png","width":2560,"height":1658,"caption":"Magnetar"},"image":{"@id":"https:\/\/magnetarmagnets.com\/no\/#\/schema\/logo\/image\/"},"sameAs":["https:\/\/www.facebook.com\/fishingmagnets\/","https:\/\/www.instagram.com\/magnetar_magnets\/","https:\/\/www.linkedin.com\/company\/magnetarbv\/?originalSubdomain=nl","https:\/\/www.youtube.com\/c\/MagnetarVismagneet"]}]}},"_links":{"self":[{"href":"https:\/\/magnetarmagnets.com\/no\/wp-json\/wp\/v2\/product\/84240","targetHints":{"allow":["GET"]}}],"collection":[{"href":"https:\/\/magnetarmagnets.com\/no\/wp-json\/wp\/v2\/product"}],"about":[{"href":"https:\/\/magnetarmagnets.com\/no\/wp-json\/wp\/v2\/types\/product"}],"replies":[{"embeddable":true,"href":"https:\/\/magnetarmagnets.com\/no\/wp-json\/wp\/v2\/comments?post=84240"}],"version-history":[{"count":1,"href":"https:\/\/magnetarmagnets.com\/no\/wp-json\/wp\/v2\/product\/84240\/revisions"}],"predecessor-version":[{"id":95409,"href":"https:\/\/magnetarmagnets.com\/no\/wp-json\/wp\/v2\/product\/84240\/revisions\/95409"}],"wp:featuredmedia":[{"embeddable":true,"href":"https:\/\/magnetarmagnets.com\/no\/wp-json\/wp\/v2\/media\/76607"}],"wp:attachment":[{"href":"https:\/\/magnetarmagnets.com\/no\/wp-json\/wp\/v2\/media?parent=84240"}],"wp:term":[{"taxonomy":"product_brand","embeddable":true,"href":"https:\/\/magnetarmagnets.com\/no\/wp-json\/wp\/v2\/product_brand?post=84240"},{"taxonomy":"product_cat","embeddable":true,"href":"https:\/\/magnetarmagnets.com\/no\/wp-json\/wp\/v2\/product_cat?post=84240"},{"taxonomy":"product_tag","embeddable":true,"href":"https:\/\/magnetarmagnets.com\/no\/wp-json\/wp\/v2\/product_tag?post=84240"}],"curies":[{"name":"wp","href":"https:\/\/api.w.org\/{rel}","templated":true}]}}