{"id":84238,"date":"2025-06-05T09:54:40","date_gmt":"2025-06-05T07:54:40","guid":{"rendered":"https:\/\/magnetarmagnets.com\/?post_type=product&#038;p=84238"},"modified":"2026-04-03T11:44:44","modified_gmt":"2026-04-03T09:44:44","slug":"hardcore-magnet-600-kg-allround-360","status":"publish","type":"product","link":"https:\/\/magnetarmagnets.com\/no\/shop\/hardcore-magnet-600-kg-allround-360\/","title":{"rendered":"Hardcore Magnet\u00ae &#8211; 600 kg &#8211; Allround 360\u00b0"},"content":{"rendered":"<span style=\"font-weight: 400;\">* Beskytt magneten med et <\/span><a href=\"https:\/\/magnetarmagnets.com\/shop\/protection-cover-hardcore\/\" target=\"_blank\" rel=\"noopener\"><b>beskyttelsesdeksel<\/b><\/a><span style=\"font-weight: 400;\"> under fisking. Uten beskyttelsesdeksel kan magneten bli skadet ved st\u00f8t mot harde gjenstander. Beskyttelsesdekselet f\u00f8lger ikke med magneten.<\/span>\n\n<h2><b>Hardcore Neodymmagnet for fisking<\/b><\/h2>\n\n<span style=\"font-weight: 400;\">V\u00e5r allround 360\u00b0 Neodymmagnet har en enorm magnetisk trekkraft! Dette er en av de <a href=\"https:\/\/magnetarmagnets.com\/strong-fishing-magnets\/\" target=\"_blank\" rel=\"noopener\">sterkeste fiskemagnetene<\/a> og mest konkurransedyktige priset fiskemagnetene p\u00e5 markedet. <\/span><b>Med en tiltrekningskraft p\u00e5 14 cm rundt magneten<\/b><span style=\"font-weight: 400;\">, gir den langtrekkende tiltrekningen deg stor sjanse for \u00e5 finne st\u00f8rre og bedre skatter. Mange magnetfiskere roser allround hardcore magneten for sine effektive fangstresultater &#8211; se hva ekspertene sier p\u00e5 <\/span><a href=\"https:\/\/www.youtube.com\/watch?v=1izvqgYbtd8\" target=\"_blank\" rel=\"noopener\"><span style=\"font-weight: 400;\">YouTube<\/span><\/a><span style=\"font-weight: 400;\">! Den allround Hardcore fiskemagneten er perfekt for magnetfiskere som \u00f8nsker \u00e5 oppgradere sin en- eller tosidige fiskemagnet med enda h\u00f8yere total trekkraft. <\/span>\n\n<h2><b>Er du klar for \u00e5 g\u00e5 Hardcore?<\/b><\/h2>\n\n<span style=\"font-weight: 400;\">Bli en Hardcore magnetfisker! Navnet p\u00e5 magneten sier alt, denne magneten er veldig sterk! Hardcore fiskemagneten griper tak i alle gjenstander fra alle sider, gjennom gj\u00f8rme og setter seg ikke lett fast p\u00e5 steiner. Ikke for tung, ikke for lett, du kan kaste denne magneten i timevis uten problemer.\u00a0<\/span>\n\n\n\n<span style=\"font-weight: 400;\">Hardcore magneten har blitt en av v\u00e5re bestselgere og mest popul\u00e6re blant avanserte magnetfiskere. Magneten er laget av 100 % ren Neodymium &#8211; den mest kraftfulle permanente magneten som kan l\u00f8fte mer enn andre magnetmaterialer i samme st\u00f8rrelse. Dette \u00f8ker den samlede tiltrekningen fra alle retninger og rekkevidde av gjenstander du kan finne.<\/span>\n\n<h2><b>Magnetutvikling<\/b><\/h2>\n\nMange magneter har kun tiltrekningskraft p\u00e5 \u00e9n side. Denne en-sidige magneten er den klassiske fiskemagneten. Magnetar var det f\u00f8rste selskapet som utviklet denne klassiske magneten til en tosidig magnet. Deretter, i 2016, utviklet Magnetar allround fiskemagnet med 360\u00b0 magnetisk trekkraft. Magnetfiskere over hele EU har siden blitt tiltrukket av v\u00e5re 100 % Neodymmagneter, og gj\u00f8r oss til Europas #1 leverand\u00f8r. V\u00e5re magneter er laget med h\u00f8yeste kvalitet, design og omsorg av et lite team magnetfiskeentusiaster. V\u00e5re kunder kommer tilbake fordi de vet at med Magnetar f\u00e5r de mer enn en magnet, de finner skatter.\n\n<h2><strong>Kraftig 360\u00b0 trekkraft<\/strong><\/h2>\n\n<span style=\"font-weight: 400;\">Hardcore magneten er en av de sterkeste magnetene vi tilbyr. Trekkraften til en \u00e9n-sidig magnet kan ikke sammenlignes med en ren neodymmagnet med 360\u00b0 trekkraft som Hardcore magneten. Dette fordi st\u00e5lhuset p\u00e5 \u00e9n-sidige magneter p\u00e5virker trekkraften og kraften er rettet i \u00e9n retning. Dette gj\u00f8r \u00e9n-sidige magneter gode for h\u00f8y trekkraft p\u00e5 flate metallplater p\u00e5 \u00e9n side, men v\u00e5r eksklusive allround 360\u00b0 magnet tiltrekker gjenstander fra alle vinkler med en magnetisk trekkraft til hele omgivelsene rundt. Nysgjerrig p\u00e5 m\u00e5ling av trekkraften? <\/span><a href=\"https:\/\/www.youtube.com\/watch?v=2McW3RURDxs\" target=\"_blank\" rel=\"noopener\"><span style=\"font-weight: 400;\">Se videoen v\u00e5r her<\/span><\/a><span style=\"font-weight: 400\">.<\/span>\n\n<h2><b>H\u00f8y kvalitet<\/b><\/h2>\n\n<span style=\"font-weight: 400;\">V\u00e5re fiskemagneter er laget av Neodymium. Magnetar magneter beholder sin magnetiske trekkraft i flere ti\u00e5r med kun 1 % tap per 100 \u00e5r (med riktig lagring, pleie og beskyttelse). Derfor selger vi en av de <a href=\"https:\/\/magnetarmagnets.com\/\" target=\"_blank\" rel=\"noopener\">beste fiskemagnetene<\/a> p\u00e5 markedet.<\/span>\n\n\n\n<span style=\"font-weight: 400;\">De fleste andre magnetleverand\u00f8rer opplever tap av trekkraft allerede etter noen uker. De siste \u00e5rene har vi merket at markedet fylles med stadig flere lavkvalitetsmagneter: st\u00f8rre magneter med lavere trekkraft, d\u00e5rlig kvalitet p\u00e5 neodymium, falsk markedsf\u00f8ring. N\u00e5r du kj\u00f8per slike magneter billigere eller fra store konsern vil du sannsynligvis bli skuffet selv om du sparer noen kroner.\u00a0<\/span>\n\n\n\n<span style=\"font-weight: 400;\">Magnetar er en liten familiebedrift som setter kvalitet f\u00f8rst i alt vi gj\u00f8r. Vi er magnetfiskeentusiaster, og alle magneter tegnes, designes og lages av v\u00e5rt team for \u00e5 sikre at du f\u00e5r best mulig ytelse (og flere skatter!). Om du \u00f8nsker en p\u00e5litelig, effektiv og kraftig fiskemagnet har du kommet til rett sted. Vi h\u00f8rer gjerne fra deg, <a href=\"mailto:info@magnetarmagnets.nl\">kontakt oss her<\/a>.\u00a0<\/span>\n\n<h2><b>Beskyttelsesdeksel<\/b><\/h2>\n\nBeskyttelsesdeksler er det perfekte tilbeh\u00f8ret for magnetfiskere som \u00f8nsker \u00e5 beskytte sine neodymmagneter under bruk. Disse slitesterke dekslene er spesielt designet for \u00e5 passe perfekt p\u00e5 magneten og gir et ekstra lag av beskyttelse mot riper, brudd og andre typer skader. V\u00e5re beskyttelsesdeksler er bygget for \u00e5 vare og t\u00e5ler de t\u00f8ffeste forholdene. Beskyttelsesdekselet er laget av rustfritt st\u00e5l. Dette sikrer at magneten din forblir magnetisk 360\u00b0. Med v\u00e5re beskyttelsesdeksler kan du nyte magnetfiske uten bekymring for skader p\u00e5 din verdifulle fiskemagnet. Dekselet kan legges til separat for denne magneten.\n\n\n\n(V\u00e6r oppmerksom p\u00e5 at bunnen av magneten ikke er beskyttet av dekselet)\n\n<h2><b>Bruk med forsiktighet<\/b><\/h2>\n\n<span style=\"font-weight: 400;\">V\u00e5re neodymmagneter er veldig kraftige og kan bli dratt mot jernobjekter med h\u00f8y hastighet n\u00e5r de er i n\u00e6rheten. Med sterkere fiskemagneter som 360\u00b0 allround, er det mulig at fingrene dine kan bli klemt mellom magneten og andre gjenstander. H\u00e5ndter magnetene med forsiktighet og bruk dem p\u00e5 eget ansvar. Les alltid v\u00e5re sikkerhetsadvarsler f\u00f8r bruk.<\/span>\n\n\n\n<span style=\"font-weight: 400;\">* Barn m\u00e5 bruke magneten under tilsyn av voksne.<\/span>\n\n\n\nIkke glem \u00e5 sjekke ut de <a href=\"https:\/\/magnetarmagnets.com\/collections\/fishing-magnets\/magnet-fishing-kit\/\" target=\"_blank\" rel=\"noopener\">beste magnetfiskekitene<\/a> og <a href=\"https:\/\/magnetarmagnets.com\/accessories\/\" target=\"_blank\" rel=\"noopener\">magnetisk fisketilbeh\u00f8r<\/a>.","protected":false},"excerpt":{"rendered":"<p>Pr\u00f8v v\u00e5r <strong>bestselgende fiskemagnet<\/strong> med et 360\u00b0 magnetfelt. Designet av Magnetar, er denne <strong>rene Neodymmagneten<\/strong> <strong>ekstremt kraftig<\/strong> med en trekkraft p\u00e5 opptil 600 kg. G\u00e5 Hardcore med denne magneten!<\/p>\n","protected":false},"featured_media":80399,"comment_status":"open","ping_status":"closed","template":"","meta":{"_acf_changed":false,"inline_featured_image":false},"product_brand":[],"product_cat":[607,615,602,614],"product_tag":[],"class_list":{"0":"post-84238","1":"product","2":"type-product","3":"status-publish","4":"has-post-thumbnail","6":"product_cat-allround-fiskemagneter-360","7":"product_cat-erfarne-eventyrere","8":"product_cat-fiskemagneter","9":"product_cat-nybegynnere-og-barn","11":"first","12":"instock","13":"sale","14":"taxable","15":"shipping-taxable","16":"purchasable","17":"product-type-simple"},"acf":[],"yoast_head":"<!-- This site is optimized with the Yoast SEO plugin v27.4 - https:\/\/yoast.com\/product\/yoast-seo-wordpress\/ -->\n<title>Hardcore Magnet\u00ae - 600 kg - Allround 360\u00b0<\/title>\n<meta name=\"description\" content=\"Hardcore fiskemagnet er den mest kjente allround magneten. Veldig sterk, god kvalitet, perfekt vekt \u00e5 kaste, og har 360\u00b0 magnetisk trekkraft.\" \/>\n<meta name=\"robots\" content=\"index, follow, max-snippet:-1, max-image-preview:large, max-video-preview:-1\" \/>\n<link rel=\"canonical\" href=\"https:\/\/magnetarmagnets.com\/no\/shop\/hardcore-magnet-600-kg-allround-360\/\" \/>\n<meta property=\"og:locale\" content=\"nb_NO\" \/>\n<meta property=\"og:type\" content=\"article\" \/>\n<meta property=\"og:title\" content=\"Hardcore Magnet\u00ae - 600 kg - Allround 360\u00b0\" \/>\n<meta property=\"og:description\" content=\"Hardcore fiskemagnet er den mest kjente allround magneten. Veldig sterk, god kvalitet, perfekt vekt \u00e5 kaste, og har 360\u00b0 magnetisk trekkraft.\" \/>\n<meta property=\"og:url\" content=\"https:\/\/magnetarmagnets.com\/no\/shop\/hardcore-magnet-600-kg-allround-360\/\" \/>\n<meta property=\"og:site_name\" content=\"Magnet fishing with a Magnetar fishing magnet\" \/>\n<meta property=\"article:publisher\" content=\"https:\/\/www.facebook.com\/fishingmagnets\/\" \/>\n<meta property=\"article:modified_time\" content=\"2026-04-03T09:44:44+00:00\" \/>\n<meta property=\"og:image\" content=\"https:\/\/magnetarmagnets.com\/wp-content\/uploads\/2023\/12\/The_Hardcore_fishing_magnet_Triangle.jpeg.jpg\" \/>\n\t<meta property=\"og:image:width\" content=\"1000\" \/>\n\t<meta property=\"og:image:height\" content=\"1000\" \/>\n\t<meta property=\"og:image:type\" content=\"image\/jpeg\" \/>\n<meta name=\"twitter:card\" content=\"summary_large_image\" \/>\n<meta name=\"twitter:label1\" content=\"Ansl. lesetid\" \/>\n\t<meta name=\"twitter:data1\" content=\"5 minutter\" \/>\n<script type=\"application\/ld+json\" class=\"yoast-schema-graph\">{\"@context\":\"https:\\\/\\\/schema.org\",\"@graph\":[{\"@type\":[\"WebPage\",\"ItemPage\"],\"@id\":\"https:\\\/\\\/magnetarmagnets.com\\\/no\\\/shop\\\/hardcore-magnet-600-kg-allround-360\\\/\",\"url\":\"https:\\\/\\\/magnetarmagnets.com\\\/no\\\/shop\\\/hardcore-magnet-600-kg-allround-360\\\/\",\"name\":\"Hardcore Magnet\u00ae - 600 kg - Allround 360\u00b0\",\"isPartOf\":{\"@id\":\"https:\\\/\\\/magnetarmagnets.com\\\/no\\\/#website\"},\"primaryImageOfPage\":{\"@id\":\"https:\\\/\\\/magnetarmagnets.com\\\/no\\\/shop\\\/hardcore-magnet-600-kg-allround-360\\\/#primaryimage\"},\"image\":{\"@id\":\"https:\\\/\\\/magnetarmagnets.com\\\/no\\\/shop\\\/hardcore-magnet-600-kg-allround-360\\\/#primaryimage\"},\"thumbnailUrl\":\"https:\\\/\\\/magnetarmagnets.com\\\/wp-content\\\/uploads\\\/2023\\\/12\\\/The_Hardcore_fishing_magnet_Triangle.jpeg.jpg\",\"datePublished\":\"2025-06-05T07:54:40+00:00\",\"dateModified\":\"2026-04-03T09:44:44+00:00\",\"description\":\"Hardcore fiskemagnet er den mest kjente allround magneten. Veldig sterk, god kvalitet, perfekt vekt \u00e5 kaste, og har 360\u00b0 magnetisk trekkraft.\",\"breadcrumb\":{\"@id\":\"https:\\\/\\\/magnetarmagnets.com\\\/no\\\/shop\\\/hardcore-magnet-600-kg-allround-360\\\/#breadcrumb\"},\"inLanguage\":\"nb-NO\",\"potentialAction\":[{\"@type\":\"ReadAction\",\"target\":[\"https:\\\/\\\/magnetarmagnets.com\\\/no\\\/shop\\\/hardcore-magnet-600-kg-allround-360\\\/\"]}]},{\"@type\":\"ImageObject\",\"inLanguage\":\"nb-NO\",\"@id\":\"https:\\\/\\\/magnetarmagnets.com\\\/no\\\/shop\\\/hardcore-magnet-600-kg-allround-360\\\/#primaryimage\",\"url\":\"https:\\\/\\\/magnetarmagnets.com\\\/wp-content\\\/uploads\\\/2023\\\/12\\\/The_Hardcore_fishing_magnet_Triangle.jpeg.jpg\",\"contentUrl\":\"https:\\\/\\\/magnetarmagnets.com\\\/wp-content\\\/uploads\\\/2023\\\/12\\\/The_Hardcore_fishing_magnet_Triangle.jpeg.jpg\",\"width\":1000,\"height\":1000,\"caption\":\"The Hardcore fishing magnet for magnet fishing\"},{\"@type\":\"BreadcrumbList\",\"@id\":\"https:\\\/\\\/magnetarmagnets.com\\\/no\\\/shop\\\/hardcore-magnet-600-kg-allround-360\\\/#breadcrumb\",\"itemListElement\":[{\"@type\":\"ListItem\",\"position\":1,\"name\":\"Home\",\"item\":\"https:\\\/\\\/magnetarmagnets.com\\\/no\\\/\"},{\"@type\":\"ListItem\",\"position\":2,\"name\":\"Butikk\",\"item\":\"https:\\\/\\\/magnetarmagnets.com\\\/butikk\\\/\"},{\"@type\":\"ListItem\",\"position\":3,\"name\":\"Fiskemagneter\",\"item\":\"https:\\\/\\\/magnetarmagnets.com\\\/no\\\/collections\\\/fiskemagneter\\\/\"},{\"@type\":\"ListItem\",\"position\":4,\"name\":\"Allround fiskemagneter 360\u00b0\",\"item\":\"https:\\\/\\\/magnetarmagnets.com\\\/no\\\/collections\\\/fiskemagneter\\\/allround-fiskemagneter-360\\\/\"},{\"@type\":\"ListItem\",\"position\":5,\"name\":\"Hardcore Magnet\u00ae &#8211; 600 kg &#8211; Allround 360\u00b0\"}]},{\"@type\":\"WebSite\",\"@id\":\"https:\\\/\\\/magnetarmagnets.com\\\/no\\\/#website\",\"url\":\"https:\\\/\\\/magnetarmagnets.com\\\/no\\\/\",\"name\":\"Magnet fishing with a Magnetar fishing magnet\",\"description\":\"Kraftige magneter for magnetfiske\",\"publisher\":{\"@id\":\"https:\\\/\\\/magnetarmagnets.com\\\/no\\\/#organization\"},\"potentialAction\":[{\"@type\":\"SearchAction\",\"target\":{\"@type\":\"EntryPoint\",\"urlTemplate\":\"https:\\\/\\\/magnetarmagnets.com\\\/no\\\/?s={search_term_string}\"},\"query-input\":{\"@type\":\"PropertyValueSpecification\",\"valueRequired\":true,\"valueName\":\"search_term_string\"}}],\"inLanguage\":\"nb-NO\"},{\"@type\":\"Organization\",\"@id\":\"https:\\\/\\\/magnetarmagnets.com\\\/no\\\/#organization\",\"name\":\"Magnetar\",\"url\":\"https:\\\/\\\/magnetarmagnets.com\\\/no\\\/\",\"logo\":{\"@type\":\"ImageObject\",\"inLanguage\":\"nb-NO\",\"@id\":\"https:\\\/\\\/magnetarmagnets.com\\\/no\\\/#\\\/schema\\\/logo\\\/image\\\/\",\"url\":\"https:\\\/\\\/magnetarmagnets.com\\\/wp-content\\\/uploads\\\/2025\\\/05\\\/Logo-03_PNG-Black-scaled.png\",\"contentUrl\":\"https:\\\/\\\/magnetarmagnets.com\\\/wp-content\\\/uploads\\\/2025\\\/05\\\/Logo-03_PNG-Black-scaled.png\",\"width\":2560,\"height\":1658,\"caption\":\"Magnetar\"},\"image\":{\"@id\":\"https:\\\/\\\/magnetarmagnets.com\\\/no\\\/#\\\/schema\\\/logo\\\/image\\\/\"},\"sameAs\":[\"https:\\\/\\\/www.facebook.com\\\/fishingmagnets\\\/\",\"https:\\\/\\\/www.instagram.com\\\/magnetar_magnets\\\/\",\"https:\\\/\\\/www.linkedin.com\\\/company\\\/magnetarbv\\\/?originalSubdomain=nl\",\"https:\\\/\\\/www.youtube.com\\\/c\\\/MagnetarVismagneet\"]}]}<\/script>\n<!-- \/ Yoast SEO plugin. -->","yoast_head_json":{"title":"Hardcore Magnet\u00ae - 600 kg - Allround 360\u00b0","description":"Hardcore fiskemagnet er den mest kjente allround magneten. Veldig sterk, god kvalitet, perfekt vekt \u00e5 kaste, og har 360\u00b0 magnetisk trekkraft.","robots":{"index":"index","follow":"follow","max-snippet":"max-snippet:-1","max-image-preview":"max-image-preview:large","max-video-preview":"max-video-preview:-1"},"canonical":"https:\/\/magnetarmagnets.com\/no\/shop\/hardcore-magnet-600-kg-allround-360\/","og_locale":"nb_NO","og_type":"article","og_title":"Hardcore Magnet\u00ae - 600 kg - Allround 360\u00b0","og_description":"Hardcore fiskemagnet er den mest kjente allround magneten. Veldig sterk, god kvalitet, perfekt vekt \u00e5 kaste, og har 360\u00b0 magnetisk trekkraft.","og_url":"https:\/\/magnetarmagnets.com\/no\/shop\/hardcore-magnet-600-kg-allround-360\/","og_site_name":"Magnet fishing with a Magnetar fishing magnet","article_publisher":"https:\/\/www.facebook.com\/fishingmagnets\/","article_modified_time":"2026-04-03T09:44:44+00:00","og_image":[{"width":1000,"height":1000,"url":"https:\/\/magnetarmagnets.com\/wp-content\/uploads\/2023\/12\/The_Hardcore_fishing_magnet_Triangle.jpeg.jpg","type":"image\/jpeg"}],"twitter_card":"summary_large_image","twitter_misc":{"Ansl. lesetid":"5 minutter"},"schema":{"@context":"https:\/\/schema.org","@graph":[{"@type":["WebPage","ItemPage"],"@id":"https:\/\/magnetarmagnets.com\/no\/shop\/hardcore-magnet-600-kg-allround-360\/","url":"https:\/\/magnetarmagnets.com\/no\/shop\/hardcore-magnet-600-kg-allround-360\/","name":"Hardcore Magnet\u00ae - 600 kg - Allround 360\u00b0","isPartOf":{"@id":"https:\/\/magnetarmagnets.com\/no\/#website"},"primaryImageOfPage":{"@id":"https:\/\/magnetarmagnets.com\/no\/shop\/hardcore-magnet-600-kg-allround-360\/#primaryimage"},"image":{"@id":"https:\/\/magnetarmagnets.com\/no\/shop\/hardcore-magnet-600-kg-allround-360\/#primaryimage"},"thumbnailUrl":"https:\/\/magnetarmagnets.com\/wp-content\/uploads\/2023\/12\/The_Hardcore_fishing_magnet_Triangle.jpeg.jpg","datePublished":"2025-06-05T07:54:40+00:00","dateModified":"2026-04-03T09:44:44+00:00","description":"Hardcore fiskemagnet er den mest kjente allround magneten. Veldig sterk, god kvalitet, perfekt vekt \u00e5 kaste, og har 360\u00b0 magnetisk trekkraft.","breadcrumb":{"@id":"https:\/\/magnetarmagnets.com\/no\/shop\/hardcore-magnet-600-kg-allround-360\/#breadcrumb"},"inLanguage":"nb-NO","potentialAction":[{"@type":"ReadAction","target":["https:\/\/magnetarmagnets.com\/no\/shop\/hardcore-magnet-600-kg-allround-360\/"]}]},{"@type":"ImageObject","inLanguage":"nb-NO","@id":"https:\/\/magnetarmagnets.com\/no\/shop\/hardcore-magnet-600-kg-allround-360\/#primaryimage","url":"https:\/\/magnetarmagnets.com\/wp-content\/uploads\/2023\/12\/The_Hardcore_fishing_magnet_Triangle.jpeg.jpg","contentUrl":"https:\/\/magnetarmagnets.com\/wp-content\/uploads\/2023\/12\/The_Hardcore_fishing_magnet_Triangle.jpeg.jpg","width":1000,"height":1000,"caption":"The Hardcore fishing magnet for magnet fishing"},{"@type":"BreadcrumbList","@id":"https:\/\/magnetarmagnets.com\/no\/shop\/hardcore-magnet-600-kg-allround-360\/#breadcrumb","itemListElement":[{"@type":"ListItem","position":1,"name":"Home","item":"https:\/\/magnetarmagnets.com\/no\/"},{"@type":"ListItem","position":2,"name":"Butikk","item":"https:\/\/magnetarmagnets.com\/butikk\/"},{"@type":"ListItem","position":3,"name":"Fiskemagneter","item":"https:\/\/magnetarmagnets.com\/no\/collections\/fiskemagneter\/"},{"@type":"ListItem","position":4,"name":"Allround fiskemagneter 360\u00b0","item":"https:\/\/magnetarmagnets.com\/no\/collections\/fiskemagneter\/allround-fiskemagneter-360\/"},{"@type":"ListItem","position":5,"name":"Hardcore Magnet\u00ae &#8211; 600 kg &#8211; Allround 360\u00b0"}]},{"@type":"WebSite","@id":"https:\/\/magnetarmagnets.com\/no\/#website","url":"https:\/\/magnetarmagnets.com\/no\/","name":"Magnet fishing with a Magnetar fishing magnet","description":"Kraftige magneter for magnetfiske","publisher":{"@id":"https:\/\/magnetarmagnets.com\/no\/#organization"},"potentialAction":[{"@type":"SearchAction","target":{"@type":"EntryPoint","urlTemplate":"https:\/\/magnetarmagnets.com\/no\/?s={search_term_string}"},"query-input":{"@type":"PropertyValueSpecification","valueRequired":true,"valueName":"search_term_string"}}],"inLanguage":"nb-NO"},{"@type":"Organization","@id":"https:\/\/magnetarmagnets.com\/no\/#organization","name":"Magnetar","url":"https:\/\/magnetarmagnets.com\/no\/","logo":{"@type":"ImageObject","inLanguage":"nb-NO","@id":"https:\/\/magnetarmagnets.com\/no\/#\/schema\/logo\/image\/","url":"https:\/\/magnetarmagnets.com\/wp-content\/uploads\/2025\/05\/Logo-03_PNG-Black-scaled.png","contentUrl":"https:\/\/magnetarmagnets.com\/wp-content\/uploads\/2025\/05\/Logo-03_PNG-Black-scaled.png","width":2560,"height":1658,"caption":"Magnetar"},"image":{"@id":"https:\/\/magnetarmagnets.com\/no\/#\/schema\/logo\/image\/"},"sameAs":["https:\/\/www.facebook.com\/fishingmagnets\/","https:\/\/www.instagram.com\/magnetar_magnets\/","https:\/\/www.linkedin.com\/company\/magnetarbv\/?originalSubdomain=nl","https:\/\/www.youtube.com\/c\/MagnetarVismagneet"]}]}},"_links":{"self":[{"href":"https:\/\/magnetarmagnets.com\/no\/wp-json\/wp\/v2\/product\/84238","targetHints":{"allow":["GET"]}}],"collection":[{"href":"https:\/\/magnetarmagnets.com\/no\/wp-json\/wp\/v2\/product"}],"about":[{"href":"https:\/\/magnetarmagnets.com\/no\/wp-json\/wp\/v2\/types\/product"}],"replies":[{"embeddable":true,"href":"https:\/\/magnetarmagnets.com\/no\/wp-json\/wp\/v2\/comments?post=84238"}],"version-history":[{"count":0,"href":"https:\/\/magnetarmagnets.com\/no\/wp-json\/wp\/v2\/product\/84238\/revisions"}],"wp:featuredmedia":[{"embeddable":true,"href":"https:\/\/magnetarmagnets.com\/no\/wp-json\/wp\/v2\/media\/80399"}],"wp:attachment":[{"href":"https:\/\/magnetarmagnets.com\/no\/wp-json\/wp\/v2\/media?parent=84238"}],"wp:term":[{"taxonomy":"product_brand","embeddable":true,"href":"https:\/\/magnetarmagnets.com\/no\/wp-json\/wp\/v2\/product_brand?post=84238"},{"taxonomy":"product_cat","embeddable":true,"href":"https:\/\/magnetarmagnets.com\/no\/wp-json\/wp\/v2\/product_cat?post=84238"},{"taxonomy":"product_tag","embeddable":true,"href":"https:\/\/magnetarmagnets.com\/no\/wp-json\/wp\/v2\/product_tag?post=84238"}],"curies":[{"name":"wp","href":"https:\/\/api.w.org\/{rel}","templated":true}]}}