{"id":84236,"date":"2025-06-05T09:54:42","date_gmt":"2025-06-05T07:54:42","guid":{"rendered":"https:\/\/magnetarmagnets.com\/?post_type=product&#038;p=84236"},"modified":"2026-04-04T21:25:55","modified_gmt":"2026-04-04T19:25:55","slug":"classic-fiskemagnet-500kg-enkelsidig","status":"publish","type":"product","link":"https:\/\/magnetarmagnets.com\/no\/shop\/classic-fiskemagnet-500kg-enkelsidig\/","title":{"rendered":"Classic Fiskemagnet 500KG &#8211; Enkelsidig"},"content":{"rendered":"Den klassiske 500 fiskemagneten <span style=\"font-weight: 400;\">er en enkelsidig neodymmagnet til magnetfiske med en maksimal trekkraft p\u00e5 1100lb\/500kg. Den klassiske 500 er en kraftpakke i klassisk produktsortiment. Det er den nest kraftigste magneten i dette produktutvalget. <\/span><span style=\"font-weight: 400;\">Vi anbefaler den klassiske 500 til magnetfiskere som kan dra opp safes og andre tunge gjenstander uten problemer. Leter du fortsatt etter en mindre eller st\u00f8rre magnet? Se p\u00e5 <a href=\"https:\/\/magnetarmagnets.com\/shop\/classic-fishing-magnet-660lb-300kg\">Classic 300<\/a><\/span><span style=\"font-weight: 400;\"> eller <a href=\"https:\/\/magnetarmagnets.com\/shop\/exclusive-terror-magnet\">Terror<\/a>, en allsidig fiskemagnet.<\/span>\n\n<h2><strong>Classic 500 fiskemagnet 500kg\/1100lb<\/strong><\/h2>\n\n<span style=\"font-weight: 400;\">Leter du etter en ekte kraftpakke? Vil du fiske opp st\u00f8rre og tyngre gjenstander fra vannet? Da kan classic 500 v\u00e6re magneten for deg! Magnetar classic 500 er en neodymmagnet med en maksimal trekkraft p\u00e5 500kg\/1100lb. Den h\u00f8ye magnetiske kraften gj\u00f8r denne magneten til en ekte kraftpakke. <\/span>\n\n<span style=\"font-weight: 400;\">Denne magneten er spesielt designet for \u00e5 \u00f8ke sjansen for \u00e5 fiske opp gjenstander fra vannet. Ved \u00e5 holde diameteren p\u00e5 magneten s\u00e5 liten som mulig glir magneten mye jevnere over objekter og hjelper deg med \u00e5 samle disse objektene mye raskere. Denne magneten anbefales for erfarne magnetfiskere eller modige nybegynnere som \u00f8nsker \u00e5 starte med en sv\u00e6rt kraftig magnet.<\/span>\n\n<span style=\"font-weight: 400;\">Magneten har et solid metallhus som beskytter den mot st\u00f8t og fallskader. Den lovede trekkraften p\u00e5 500kg oppn\u00e5s kun i perfekte forhold. Disse forholdene er: flatt metall med en tykkelse p\u00e5 2 cm, ingen rust og ingen smuss mellom magneten og metallet. Du kan dra 500kg rett opp under disse forholdene. Ser du etter en allsidig kraftig magnet som ogs\u00e5 lett fester seg p\u00e5 runde og rustne gjenstander? Sjekk ut v\u00e5r eksklusive <\/span><span style=\"font-weight: 400;\"><a href=\"https:\/\/magnetarmagnets.com\/shop\/beast-magnet\">Beast<\/a>-fiskemagnet og <a href=\"https:\/\/magnetarmagnets.com\/shop\/protection-covers-all-round-magnets\/\">beskyttelsesdeksler<\/a>.<\/span>\n\n<h2>H\u00f8y kvalitet<\/h2>\n\nMagnetene v\u00e5re er laget av den beste neodym som finnes. Dette betyr at v\u00e5re Magnetar-magneter beholder sin magnetkraft og mister bare 1 % av denne kraften etter 100 \u00e5r! De fleste andre leverand\u00f8rer selger magneter som mister en slik andel p\u00e5 bare noen f\u00e5 uker. Flere og flere av slike lavkvalitetsmagneter dukker opp n\u00e5. Disse inneholder neodym av lav kvalitet for \u00e5 senke prisen og f\u00e5 magneten til \u00e5 se st\u00f8rre ut. Ved kj\u00f8p av slik magnet kaster du bort penger.\n\nAlle v\u00e5re magneter er personlig designet for at du skal f\u00e5 mest mulig ut av magnetfiskeopplevelsen. Vi tester magnetene v\u00e5re med profesjonelt utstyr slik at den magnetiske kraften vi oppgir er n\u00f8yaktig. Vi vet akkurat hvordan magnetdesign skal v\u00e6re, basert p\u00e5 v\u00e5r erfaring med magnetfiske. Du kan oppleve dette selv med v\u00e5re h\u00f8ykvalitets, kraftige og p\u00e5litelige fiskemagneter. Nysgjerrig p\u00e5 hvordan vi tester magnetkraften? Se videoen v\u00e5r <a href=\"https:\/\/www.youtube.com\/watch?v=2McW3RURDxs\" target=\"_blank\" rel=\"noopener noreferrer\">her<\/a>.\n\n<h2>Advarsel!<\/h2>\n\nV\u00e5re neodymmagneter er ekstremt kraftige og kan klistre seg til metallobjekter med h\u00f8y hastighet n\u00e5r de er n\u00e6rt. Du vil absolutt ikke f\u00e5 fingrene i klem. Med noen av v\u00e5re kraftigste magneter kan du lett knekke bein, brekke eller f\u00e5 blemmer p\u00e5 fingrene hvis de kommer mellom en magnet og et metallobjekt. V\u00e6r alltid forsiktig ved bruk av magnetene v\u00e5re. Advarsel: Bruk av v\u00e5re magneter skjer p\u00e5 eget ansvar. Les alltid v\u00e5re sikkerhetsadvarsler f\u00f8r bruk.","protected":false},"excerpt":{"rendered":"<p><span style=\"font-weight: 400;\">En <strong>ekte kraftpakke<\/strong>, denne <strong>slagfast<\/strong> fiskemagneten for tunge gjenstander.<\/span><\/p>\n","protected":false},"featured_media":76863,"comment_status":"open","ping_status":"closed","template":"","meta":{"_acf_changed":false,"inline_featured_image":false},"product_brand":[],"product_cat":[605,602,604],"product_tag":[],"class_list":{"0":"post-84236","1":"product","2":"type-product","3":"status-publish","4":"has-post-thumbnail","6":"product_cat-ensidige-fiskemagneter","7":"product_cat-fiskemagneter","8":"product_cat-sterkeste-fiskemagneter","10":"first","11":"instock","12":"taxable","13":"shipping-taxable","14":"purchasable","15":"product-type-simple"},"acf":[],"yoast_head":"<!-- This site is optimized with the Yoast SEO plugin v27.4 - https:\/\/yoast.com\/product\/yoast-seo-wordpress\/ -->\n<title>Classic Fiskemagnet 500KG - Enkelsidig - Magnet fishing with a Magnetar fishing magnet<\/title>\n<meta name=\"description\" content=\"Classic Fiskemagnet 500 Kg - Magnetar\" \/>\n<meta name=\"robots\" content=\"index, follow, max-snippet:-1, max-image-preview:large, max-video-preview:-1\" \/>\n<link rel=\"canonical\" href=\"https:\/\/magnetarmagnets.com\/no\/shop\/classic-fiskemagnet-500kg-enkelsidig\/\" \/>\n<meta property=\"og:locale\" content=\"nb_NO\" \/>\n<meta property=\"og:type\" content=\"article\" \/>\n<meta property=\"og:title\" content=\"Classic Fiskemagnet 500KG - Enkelsidig - Magnet fishing with a Magnetar fishing magnet\" \/>\n<meta property=\"og:description\" content=\"Classic Fiskemagnet 500 Kg - Magnetar\" \/>\n<meta property=\"og:url\" content=\"https:\/\/magnetarmagnets.com\/no\/shop\/classic-fiskemagnet-500kg-enkelsidig\/\" \/>\n<meta property=\"og:site_name\" content=\"Magnet fishing with a Magnetar fishing magnet\" \/>\n<meta property=\"article:publisher\" content=\"https:\/\/www.facebook.com\/fishingmagnets\/\" \/>\n<meta property=\"article:modified_time\" content=\"2026-04-04T19:25:55+00:00\" \/>\n<meta property=\"og:image\" content=\"https:\/\/magnetarmagnets.com\/wp-content\/uploads\/2016\/12\/FOTO1483.jpg\" \/>\n\t<meta property=\"og:image:width\" content=\"1000\" \/>\n\t<meta property=\"og:image:height\" content=\"1000\" \/>\n\t<meta property=\"og:image:type\" content=\"image\/jpeg\" \/>\n<meta name=\"twitter:card\" content=\"summary_large_image\" \/>\n<meta name=\"twitter:label1\" content=\"Ansl. lesetid\" \/>\n\t<meta name=\"twitter:data1\" content=\"3 minutter\" \/>\n<script type=\"application\/ld+json\" class=\"yoast-schema-graph\">{\"@context\":\"https:\\\/\\\/schema.org\",\"@graph\":[{\"@type\":[\"WebPage\",\"ItemPage\"],\"@id\":\"https:\\\/\\\/magnetarmagnets.com\\\/no\\\/shop\\\/classic-fiskemagnet-500kg-enkelsidig\\\/\",\"url\":\"https:\\\/\\\/magnetarmagnets.com\\\/no\\\/shop\\\/classic-fiskemagnet-500kg-enkelsidig\\\/\",\"name\":\"Classic Fiskemagnet 500KG - Enkelsidig - Magnet fishing with a Magnetar fishing magnet\",\"isPartOf\":{\"@id\":\"https:\\\/\\\/magnetarmagnets.com\\\/no\\\/#website\"},\"primaryImageOfPage\":{\"@id\":\"https:\\\/\\\/magnetarmagnets.com\\\/no\\\/shop\\\/classic-fiskemagnet-500kg-enkelsidig\\\/#primaryimage\"},\"image\":{\"@id\":\"https:\\\/\\\/magnetarmagnets.com\\\/no\\\/shop\\\/classic-fiskemagnet-500kg-enkelsidig\\\/#primaryimage\"},\"thumbnailUrl\":\"https:\\\/\\\/magnetarmagnets.com\\\/wp-content\\\/uploads\\\/2016\\\/12\\\/FOTO1483.jpg\",\"datePublished\":\"2025-06-05T07:54:42+00:00\",\"dateModified\":\"2026-04-04T19:25:55+00:00\",\"description\":\"Classic Fiskemagnet 500 Kg - Magnetar\",\"breadcrumb\":{\"@id\":\"https:\\\/\\\/magnetarmagnets.com\\\/no\\\/shop\\\/classic-fiskemagnet-500kg-enkelsidig\\\/#breadcrumb\"},\"inLanguage\":\"nb-NO\",\"potentialAction\":[{\"@type\":\"ReadAction\",\"target\":[\"https:\\\/\\\/magnetarmagnets.com\\\/no\\\/shop\\\/classic-fiskemagnet-500kg-enkelsidig\\\/\"]}]},{\"@type\":\"ImageObject\",\"inLanguage\":\"nb-NO\",\"@id\":\"https:\\\/\\\/magnetarmagnets.com\\\/no\\\/shop\\\/classic-fiskemagnet-500kg-enkelsidig\\\/#primaryimage\",\"url\":\"https:\\\/\\\/magnetarmagnets.com\\\/wp-content\\\/uploads\\\/2016\\\/12\\\/FOTO1483.jpg\",\"contentUrl\":\"https:\\\/\\\/magnetarmagnets.com\\\/wp-content\\\/uploads\\\/2016\\\/12\\\/FOTO1483.jpg\",\"width\":1000,\"height\":1000,\"caption\":\"Classic 550\"},{\"@type\":\"BreadcrumbList\",\"@id\":\"https:\\\/\\\/magnetarmagnets.com\\\/no\\\/shop\\\/classic-fiskemagnet-500kg-enkelsidig\\\/#breadcrumb\",\"itemListElement\":[{\"@type\":\"ListItem\",\"position\":1,\"name\":\"Home\",\"item\":\"https:\\\/\\\/magnetarmagnets.com\\\/no\\\/\"},{\"@type\":\"ListItem\",\"position\":2,\"name\":\"Butikk\",\"item\":\"https:\\\/\\\/magnetarmagnets.com\\\/butikk\\\/\"},{\"@type\":\"ListItem\",\"position\":3,\"name\":\"Fiskemagneter\",\"item\":\"https:\\\/\\\/magnetarmagnets.com\\\/no\\\/collections\\\/fiskemagneter\\\/\"},{\"@type\":\"ListItem\",\"position\":4,\"name\":\"Ensidige fiskemagneter\",\"item\":\"https:\\\/\\\/magnetarmagnets.com\\\/no\\\/collections\\\/fiskemagneter\\\/ensidige-fiskemagneter\\\/\"},{\"@type\":\"ListItem\",\"position\":5,\"name\":\"Classic Fiskemagnet 500KG &#8211; Enkelsidig\"}]},{\"@type\":\"WebSite\",\"@id\":\"https:\\\/\\\/magnetarmagnets.com\\\/no\\\/#website\",\"url\":\"https:\\\/\\\/magnetarmagnets.com\\\/no\\\/\",\"name\":\"Magnet fishing with a Magnetar fishing magnet\",\"description\":\"Kraftige magneter for magnetfiske\",\"publisher\":{\"@id\":\"https:\\\/\\\/magnetarmagnets.com\\\/no\\\/#organization\"},\"potentialAction\":[{\"@type\":\"SearchAction\",\"target\":{\"@type\":\"EntryPoint\",\"urlTemplate\":\"https:\\\/\\\/magnetarmagnets.com\\\/no\\\/?s={search_term_string}\"},\"query-input\":{\"@type\":\"PropertyValueSpecification\",\"valueRequired\":true,\"valueName\":\"search_term_string\"}}],\"inLanguage\":\"nb-NO\"},{\"@type\":\"Organization\",\"@id\":\"https:\\\/\\\/magnetarmagnets.com\\\/no\\\/#organization\",\"name\":\"Magnetar\",\"url\":\"https:\\\/\\\/magnetarmagnets.com\\\/no\\\/\",\"logo\":{\"@type\":\"ImageObject\",\"inLanguage\":\"nb-NO\",\"@id\":\"https:\\\/\\\/magnetarmagnets.com\\\/no\\\/#\\\/schema\\\/logo\\\/image\\\/\",\"url\":\"https:\\\/\\\/magnetarmagnets.com\\\/wp-content\\\/uploads\\\/2025\\\/05\\\/Logo-03_PNG-Black-scaled.png\",\"contentUrl\":\"https:\\\/\\\/magnetarmagnets.com\\\/wp-content\\\/uploads\\\/2025\\\/05\\\/Logo-03_PNG-Black-scaled.png\",\"width\":2560,\"height\":1658,\"caption\":\"Magnetar\"},\"image\":{\"@id\":\"https:\\\/\\\/magnetarmagnets.com\\\/no\\\/#\\\/schema\\\/logo\\\/image\\\/\"},\"sameAs\":[\"https:\\\/\\\/www.facebook.com\\\/fishingmagnets\\\/\",\"https:\\\/\\\/www.instagram.com\\\/magnetar_magnets\\\/\",\"https:\\\/\\\/www.linkedin.com\\\/company\\\/magnetarbv\\\/?originalSubdomain=nl\",\"https:\\\/\\\/www.youtube.com\\\/c\\\/MagnetarVismagneet\"]}]}<\/script>\n<!-- \/ Yoast SEO plugin. -->","yoast_head_json":{"title":"Classic Fiskemagnet 500KG - Enkelsidig - Magnet fishing with a Magnetar fishing magnet","description":"Classic Fiskemagnet 500 Kg - Magnetar","robots":{"index":"index","follow":"follow","max-snippet":"max-snippet:-1","max-image-preview":"max-image-preview:large","max-video-preview":"max-video-preview:-1"},"canonical":"https:\/\/magnetarmagnets.com\/no\/shop\/classic-fiskemagnet-500kg-enkelsidig\/","og_locale":"nb_NO","og_type":"article","og_title":"Classic Fiskemagnet 500KG - Enkelsidig - Magnet fishing with a Magnetar fishing magnet","og_description":"Classic Fiskemagnet 500 Kg - Magnetar","og_url":"https:\/\/magnetarmagnets.com\/no\/shop\/classic-fiskemagnet-500kg-enkelsidig\/","og_site_name":"Magnet fishing with a Magnetar fishing magnet","article_publisher":"https:\/\/www.facebook.com\/fishingmagnets\/","article_modified_time":"2026-04-04T19:25:55+00:00","og_image":[{"width":1000,"height":1000,"url":"https:\/\/magnetarmagnets.com\/wp-content\/uploads\/2016\/12\/FOTO1483.jpg","type":"image\/jpeg"}],"twitter_card":"summary_large_image","twitter_misc":{"Ansl. lesetid":"3 minutter"},"schema":{"@context":"https:\/\/schema.org","@graph":[{"@type":["WebPage","ItemPage"],"@id":"https:\/\/magnetarmagnets.com\/no\/shop\/classic-fiskemagnet-500kg-enkelsidig\/","url":"https:\/\/magnetarmagnets.com\/no\/shop\/classic-fiskemagnet-500kg-enkelsidig\/","name":"Classic Fiskemagnet 500KG - Enkelsidig - Magnet fishing with a Magnetar fishing magnet","isPartOf":{"@id":"https:\/\/magnetarmagnets.com\/no\/#website"},"primaryImageOfPage":{"@id":"https:\/\/magnetarmagnets.com\/no\/shop\/classic-fiskemagnet-500kg-enkelsidig\/#primaryimage"},"image":{"@id":"https:\/\/magnetarmagnets.com\/no\/shop\/classic-fiskemagnet-500kg-enkelsidig\/#primaryimage"},"thumbnailUrl":"https:\/\/magnetarmagnets.com\/wp-content\/uploads\/2016\/12\/FOTO1483.jpg","datePublished":"2025-06-05T07:54:42+00:00","dateModified":"2026-04-04T19:25:55+00:00","description":"Classic Fiskemagnet 500 Kg - Magnetar","breadcrumb":{"@id":"https:\/\/magnetarmagnets.com\/no\/shop\/classic-fiskemagnet-500kg-enkelsidig\/#breadcrumb"},"inLanguage":"nb-NO","potentialAction":[{"@type":"ReadAction","target":["https:\/\/magnetarmagnets.com\/no\/shop\/classic-fiskemagnet-500kg-enkelsidig\/"]}]},{"@type":"ImageObject","inLanguage":"nb-NO","@id":"https:\/\/magnetarmagnets.com\/no\/shop\/classic-fiskemagnet-500kg-enkelsidig\/#primaryimage","url":"https:\/\/magnetarmagnets.com\/wp-content\/uploads\/2016\/12\/FOTO1483.jpg","contentUrl":"https:\/\/magnetarmagnets.com\/wp-content\/uploads\/2016\/12\/FOTO1483.jpg","width":1000,"height":1000,"caption":"Classic 550"},{"@type":"BreadcrumbList","@id":"https:\/\/magnetarmagnets.com\/no\/shop\/classic-fiskemagnet-500kg-enkelsidig\/#breadcrumb","itemListElement":[{"@type":"ListItem","position":1,"name":"Home","item":"https:\/\/magnetarmagnets.com\/no\/"},{"@type":"ListItem","position":2,"name":"Butikk","item":"https:\/\/magnetarmagnets.com\/butikk\/"},{"@type":"ListItem","position":3,"name":"Fiskemagneter","item":"https:\/\/magnetarmagnets.com\/no\/collections\/fiskemagneter\/"},{"@type":"ListItem","position":4,"name":"Ensidige fiskemagneter","item":"https:\/\/magnetarmagnets.com\/no\/collections\/fiskemagneter\/ensidige-fiskemagneter\/"},{"@type":"ListItem","position":5,"name":"Classic Fiskemagnet 500KG &#8211; Enkelsidig"}]},{"@type":"WebSite","@id":"https:\/\/magnetarmagnets.com\/no\/#website","url":"https:\/\/magnetarmagnets.com\/no\/","name":"Magnet fishing with a Magnetar fishing magnet","description":"Kraftige magneter for magnetfiske","publisher":{"@id":"https:\/\/magnetarmagnets.com\/no\/#organization"},"potentialAction":[{"@type":"SearchAction","target":{"@type":"EntryPoint","urlTemplate":"https:\/\/magnetarmagnets.com\/no\/?s={search_term_string}"},"query-input":{"@type":"PropertyValueSpecification","valueRequired":true,"valueName":"search_term_string"}}],"inLanguage":"nb-NO"},{"@type":"Organization","@id":"https:\/\/magnetarmagnets.com\/no\/#organization","name":"Magnetar","url":"https:\/\/magnetarmagnets.com\/no\/","logo":{"@type":"ImageObject","inLanguage":"nb-NO","@id":"https:\/\/magnetarmagnets.com\/no\/#\/schema\/logo\/image\/","url":"https:\/\/magnetarmagnets.com\/wp-content\/uploads\/2025\/05\/Logo-03_PNG-Black-scaled.png","contentUrl":"https:\/\/magnetarmagnets.com\/wp-content\/uploads\/2025\/05\/Logo-03_PNG-Black-scaled.png","width":2560,"height":1658,"caption":"Magnetar"},"image":{"@id":"https:\/\/magnetarmagnets.com\/no\/#\/schema\/logo\/image\/"},"sameAs":["https:\/\/www.facebook.com\/fishingmagnets\/","https:\/\/www.instagram.com\/magnetar_magnets\/","https:\/\/www.linkedin.com\/company\/magnetarbv\/?originalSubdomain=nl","https:\/\/www.youtube.com\/c\/MagnetarVismagneet"]}]}},"_links":{"self":[{"href":"https:\/\/magnetarmagnets.com\/no\/wp-json\/wp\/v2\/product\/84236","targetHints":{"allow":["GET"]}}],"collection":[{"href":"https:\/\/magnetarmagnets.com\/no\/wp-json\/wp\/v2\/product"}],"about":[{"href":"https:\/\/magnetarmagnets.com\/no\/wp-json\/wp\/v2\/types\/product"}],"replies":[{"embeddable":true,"href":"https:\/\/magnetarmagnets.com\/no\/wp-json\/wp\/v2\/comments?post=84236"}],"version-history":[{"count":0,"href":"https:\/\/magnetarmagnets.com\/no\/wp-json\/wp\/v2\/product\/84236\/revisions"}],"wp:featuredmedia":[{"embeddable":true,"href":"https:\/\/magnetarmagnets.com\/no\/wp-json\/wp\/v2\/media\/76863"}],"wp:attachment":[{"href":"https:\/\/magnetarmagnets.com\/no\/wp-json\/wp\/v2\/media?parent=84236"}],"wp:term":[{"taxonomy":"product_brand","embeddable":true,"href":"https:\/\/magnetarmagnets.com\/no\/wp-json\/wp\/v2\/product_brand?post=84236"},{"taxonomy":"product_cat","embeddable":true,"href":"https:\/\/magnetarmagnets.com\/no\/wp-json\/wp\/v2\/product_cat?post=84236"},{"taxonomy":"product_tag","embeddable":true,"href":"https:\/\/magnetarmagnets.com\/no\/wp-json\/wp\/v2\/product_tag?post=84236"}],"curies":[{"name":"wp","href":"https:\/\/api.w.org\/{rel}","templated":true}]}}