{"id":84235,"date":"2025-06-05T09:54:41","date_gmt":"2025-06-05T07:54:41","guid":{"rendered":"https:\/\/magnetarmagnets.com\/?post_type=product&#038;p=84235"},"modified":"2026-04-12T01:42:36","modified_gmt":"2026-04-11T23:42:36","slug":"avansert-pakke-400-kg-ensidig","status":"publish","type":"product","link":"https:\/\/magnetarmagnets.com\/no\/shop\/avansert-pakke-400-kg-ensidig\/","title":{"rendered":"Avansert pakke &#8211; 400 kg &#8211; Ensidig"},"content":{"rendered":"Er du ute etter en alt-i-ett pakke for magnetfiske? Den avanserte pakken 880 lb \/ 400 kg &#8211; ensidig inneholder alt du trenger ved vannkanten. Dette magnetfiskesettet best\u00e5r av en Classic fiskemagnet 400, et par magnetfiskehansker, et unikt designet tau, en huggkrok og magnetlim, som forbereder deg p\u00e5 bokstavelig talt alt.\n\n<h2>Avansert pakke 880 lb \/ 400 kg &#8211; innhold<\/h2>\n\n<a href=\"https:\/\/magnetarmagnets.com\/shop\/classic-fishing-magnet-880lb-400kg\/\"><strong>Classic <\/strong><\/a><a href=\"https:\/\/magnetarmagnets.com\/shop\/classic-fishing-magnet-880lb-400kg\/\"><strong>Fiskemagnet <\/strong><\/a><a href=\"https:\/\/magnetarmagnets.com\/shop\/classic-fishing-magnet-880lb-400kg\/\"><strong>400 kg<\/strong><\/a>\u00a0er en av Magnetar sin kraftigste ensidige fiskemagneter. Dette produktet er beskyttet med et deksel for \u00e5 forhindre skade ved fall eller st\u00f8t. Det konsentrerer ogs\u00e5 all magnetkraft p\u00e5 bunnen av magneten. \u00c5 samle den magnetiske trekken p\u00e5 \u00e9n side gj\u00f8r denne magneten ekstremt kraftig. S\u00e5 kraftig at det kan v\u00e6re vanskelig \u00e5 f\u00e5 gjenstander bort fra magneten. Med denne magneten er det enkelt \u00e5 trekke opp tunge objekter med flate flater, som sikringer, bildeler og metallbjelker. Mindre historiske objekter har heller ikke en sjanse mot denne fiskemagneten.\n\nTrekkeffekten p\u00e5 880 lb (400 kg) kan bare oppn\u00e5s under perfekte forhold. Dette er tilfelle n\u00e5r magneten ber\u00f8rer en 2 cm tykk uoksidert metallplate. Sjansen for at dette skjer under magnetfiske, er vanligvis ikke s\u00e5 h\u00f8y. Vil du vite hvordan vi fastsetter trekkeffekten til en fiskemagnet? Se v\u00e5r video om <a href=\"https:\/\/www.youtube.com\/watch?v=2McW3RURDxs&amp;t=14s\"><strong>magnetisk trekktest<\/strong><\/a> vi bruker.\n\nDet medf\u00f8lgende tauet er designet med magnetfiske i tankene. Tauet har b\u00e5de en forh\u00e5ndsfestet l\u00f8kke og en karabin, noe som eliminerer behovet for vanskelige knuter. Pakken inneholder ogs\u00e5 en huggkrok for \u00e5 dra opp ikke-magnetiske og tunge objekter fra vannet. Det f\u00f8lger med en flaske med magnetlim som brukes for \u00e5 holde n\u00f8ttene og boltene sikkert festet til magneten. Bruk alltid de medf\u00f8lgende hanskene for \u00e5 beskytte hendene dine under magnetfisking.\n\nLeter du etter en mer barnevennlig alt-i-ett magnetfiskepakke? Sjekk v\u00e5r <a href=\"https:\/\/magnetarmagnets.com\/shop\/starterpackage\/\"><strong>Starterpakke<\/strong><\/a>. Er du egentlig interessert i en 360\u00b0 allsidig magnet? V\u00e5r <a href=\"https:\/\/magnetarmagnets.com\/shop\/fishmagnet-package-pro\/\"><strong>Pro-pakke<\/strong><\/a> med <a href=\"https:\/\/magnetarmagnets.com\/shop\/hardcore-magnet-2\/\"><strong>Hardcore<\/strong><\/a>-magneten kan passe perfekt for deg. Ikke glem \u00e5 sjekke ut de <a href=\"https:\/\/magnetarmagnets.com\/magnet-fishing-kit\/\" target=\"_blank\" rel=\"noopener\">beste magnetfiskekitene<\/a> og v\u00e5rt <a href=\"https:\/\/magnetarmagnets.com\/accessories\/\" target=\"_blank\" rel=\"noopener\">magnetfiskeutstyr<\/a>.\n\n<h2>H\u00f8y kvalitet<\/h2>\n\nAlle Magnetars fiskemagneter er laget av neodym. Dette materialet sikrer en langvarig magnetkraft. Med riktig bruk og lagring mister disse magnetene kun \u00e9n prosent av sin kraft p\u00e5 100 \u00e5r. Derfor er vi sikre p\u00e5 at vi tilbyr de h\u00f8yeste kvalitets <a href=\"https:\/\/magnetarmagnets.com\/collections\/fishing-magnets\/\"><strong>fiskemagnetene<\/strong><\/a> p\u00e5 markedet.\n\nDe siste \u00e5rene har markedet blitt oversv\u00f8mt med produkter av lav kvalitet. Mange fiskemagneter fra andre selgere mister ofte kraften etter f\u00e5 uker. Vanligvis ser vi magnetst\u00f8rrelser som er st\u00f8rre, men laget av lavere kvalitet neodym og markedsf\u00f8res med misvisende annonser. Slike produkter kan virke billig, men vil skuffe deg p\u00e5 lang sikt.\n\nMagnetar er et lite familieeid firma av ekte magnetfiske-entusiaster. Kvalitet kommer f\u00f8rst hos oss, og det gjenspeiles i v\u00e5re produkter. Alle v\u00e5re fiskemagneter er designet internt for \u00e5 sikre produkter av h\u00f8y kvalitet. Ser du etter en p\u00e5litelig, effektiv og kvalitetsrik fiskemagnet? Se etter en Magnetar!\n\n<h2>Advarsel:<\/h2>\n\nV\u00e5re neodym-fiskemagneter er sv\u00e6rt kraftige. Dette kan f\u00f8re til at andre objekter trekkes mot magneten i h\u00f8y hastighet. Dette kan utvilsomt f\u00f8re til farlige situasjoner, da fingre kan komme i klem mellom magneten og objekter. Vi anbefaler at du alltid h\u00e5ndterer disse magnetene med forsiktighet og understreker at du gj\u00f8r det p\u00e5 eget ansvar. Les v\u00e5re sikkerhetsadvarsler f\u00f8r bruk.","protected":false},"excerpt":{"rendered":"<p>Settet som passer for <strong>alle magnetfiskere<\/strong>. Start eventyret ditt med denne <strong>komplette pakken<\/strong> som <strong>inkluderer alt du trenger<\/strong>.<\/p>\n","protected":false},"featured_media":78867,"comment_status":"open","ping_status":"closed","template":"","meta":{"_acf_changed":false,"inline_featured_image":false},"product_brand":[],"product_cat":[605,615,602,608],"product_tag":[],"class_list":{"0":"post-84235","1":"product","2":"type-product","3":"status-publish","4":"has-post-thumbnail","6":"product_cat-ensidige-fiskemagneter","7":"product_cat-erfarne-eventyrere","8":"product_cat-fiskemagneter","9":"product_cat-magnetfiske-sett","11":"first","12":"instock","13":"sale","14":"taxable","15":"shipping-taxable","16":"purchasable","17":"product-type-simple"},"acf":[],"yoast_head":"<!-- This site is optimized with the Yoast SEO plugin v27.4 - https:\/\/yoast.com\/product\/yoast-seo-wordpress\/ -->\n<title>Avansert pakke - 400 kg - Ensidig - Magnet fishing with a Magnetar fishing magnet<\/title>\n<meta name=\"description\" content=\"Avansert pakke - 400 kg fiskemagnet - Magnetar\" \/>\n<meta name=\"robots\" content=\"index, follow, max-snippet:-1, max-image-preview:large, max-video-preview:-1\" \/>\n<link rel=\"canonical\" href=\"https:\/\/magnetarmagnets.com\/no\/shop\/avansert-pakke-400-kg-ensidig\/\" \/>\n<meta property=\"og:locale\" content=\"nb_NO\" \/>\n<meta property=\"og:type\" content=\"article\" \/>\n<meta property=\"og:title\" content=\"Avansert pakke - 400 kg - Ensidig - Magnet fishing with a Magnetar fishing magnet\" \/>\n<meta property=\"og:description\" content=\"Avansert pakke - 400 kg fiskemagnet - Magnetar\" \/>\n<meta property=\"og:url\" content=\"https:\/\/magnetarmagnets.com\/no\/shop\/avansert-pakke-400-kg-ensidig\/\" \/>\n<meta property=\"og:site_name\" content=\"Magnet fishing with a Magnetar fishing magnet\" \/>\n<meta property=\"article:publisher\" content=\"https:\/\/www.facebook.com\/fishingmagnets\/\" \/>\n<meta property=\"article:modified_time\" content=\"2026-04-11T23:42:36+00:00\" \/>\n<meta property=\"og:image\" content=\"https:\/\/magnetarmagnets.com\/wp-content\/uploads\/2021\/10\/MAGNETAR-ADVANCED-KIT-GOOGLE.jpg\" \/>\n\t<meta property=\"og:image:width\" content=\"1500\" \/>\n\t<meta property=\"og:image:height\" content=\"1500\" \/>\n\t<meta property=\"og:image:type\" content=\"image\/jpeg\" \/>\n<meta name=\"twitter:card\" content=\"summary_large_image\" \/>\n<meta name=\"twitter:label1\" content=\"Ansl. lesetid\" \/>\n\t<meta name=\"twitter:data1\" content=\"3 minutter\" \/>\n<script type=\"application\/ld+json\" class=\"yoast-schema-graph\">{\"@context\":\"https:\\\/\\\/schema.org\",\"@graph\":[{\"@type\":[\"WebPage\",\"ItemPage\"],\"@id\":\"https:\\\/\\\/magnetarmagnets.com\\\/no\\\/shop\\\/avansert-pakke-400-kg-ensidig\\\/\",\"url\":\"https:\\\/\\\/magnetarmagnets.com\\\/no\\\/shop\\\/avansert-pakke-400-kg-ensidig\\\/\",\"name\":\"Avansert pakke - 400 kg - Ensidig - Magnet fishing with a Magnetar fishing magnet\",\"isPartOf\":{\"@id\":\"https:\\\/\\\/magnetarmagnets.com\\\/no\\\/#website\"},\"primaryImageOfPage\":{\"@id\":\"https:\\\/\\\/magnetarmagnets.com\\\/no\\\/shop\\\/avansert-pakke-400-kg-ensidig\\\/#primaryimage\"},\"image\":{\"@id\":\"https:\\\/\\\/magnetarmagnets.com\\\/no\\\/shop\\\/avansert-pakke-400-kg-ensidig\\\/#primaryimage\"},\"thumbnailUrl\":\"https:\\\/\\\/magnetarmagnets.com\\\/wp-content\\\/uploads\\\/2021\\\/10\\\/MAGNETAR-ADVANCED-KIT-GOOGLE.jpg\",\"datePublished\":\"2025-06-05T07:54:41+00:00\",\"dateModified\":\"2026-04-11T23:42:36+00:00\",\"description\":\"Avansert pakke - 400 kg fiskemagnet - Magnetar\",\"breadcrumb\":{\"@id\":\"https:\\\/\\\/magnetarmagnets.com\\\/no\\\/shop\\\/avansert-pakke-400-kg-ensidig\\\/#breadcrumb\"},\"inLanguage\":\"nb-NO\",\"potentialAction\":[{\"@type\":\"ReadAction\",\"target\":[\"https:\\\/\\\/magnetarmagnets.com\\\/no\\\/shop\\\/avansert-pakke-400-kg-ensidig\\\/\"]}]},{\"@type\":\"ImageObject\",\"inLanguage\":\"nb-NO\",\"@id\":\"https:\\\/\\\/magnetarmagnets.com\\\/no\\\/shop\\\/avansert-pakke-400-kg-ensidig\\\/#primaryimage\",\"url\":\"https:\\\/\\\/magnetarmagnets.com\\\/wp-content\\\/uploads\\\/2021\\\/10\\\/MAGNETAR-ADVANCED-KIT-GOOGLE.jpg\",\"contentUrl\":\"https:\\\/\\\/magnetarmagnets.com\\\/wp-content\\\/uploads\\\/2021\\\/10\\\/MAGNETAR-ADVANCED-KIT-GOOGLE.jpg\",\"width\":1500,\"height\":1500,\"caption\":\"MAGNETAR-ADVANCED-KIT\"},{\"@type\":\"BreadcrumbList\",\"@id\":\"https:\\\/\\\/magnetarmagnets.com\\\/no\\\/shop\\\/avansert-pakke-400-kg-ensidig\\\/#breadcrumb\",\"itemListElement\":[{\"@type\":\"ListItem\",\"position\":1,\"name\":\"Home\",\"item\":\"https:\\\/\\\/magnetarmagnets.com\\\/no\\\/\"},{\"@type\":\"ListItem\",\"position\":2,\"name\":\"Butikk\",\"item\":\"https:\\\/\\\/magnetarmagnets.com\\\/butikk\\\/\"},{\"@type\":\"ListItem\",\"position\":3,\"name\":\"Fiskemagneter\",\"item\":\"https:\\\/\\\/magnetarmagnets.com\\\/no\\\/collections\\\/fiskemagneter\\\/\"},{\"@type\":\"ListItem\",\"position\":4,\"name\":\"Magnetfiske-sett\",\"item\":\"https:\\\/\\\/magnetarmagnets.com\\\/no\\\/collections\\\/fiskemagneter\\\/magnetfiske-sett\\\/\"},{\"@type\":\"ListItem\",\"position\":5,\"name\":\"Avansert pakke &#8211; 400 kg &#8211; Ensidig\"}]},{\"@type\":\"WebSite\",\"@id\":\"https:\\\/\\\/magnetarmagnets.com\\\/no\\\/#website\",\"url\":\"https:\\\/\\\/magnetarmagnets.com\\\/no\\\/\",\"name\":\"Magnet fishing with a Magnetar fishing magnet\",\"description\":\"Kraftige magneter for magnetfiske\",\"publisher\":{\"@id\":\"https:\\\/\\\/magnetarmagnets.com\\\/no\\\/#organization\"},\"potentialAction\":[{\"@type\":\"SearchAction\",\"target\":{\"@type\":\"EntryPoint\",\"urlTemplate\":\"https:\\\/\\\/magnetarmagnets.com\\\/no\\\/?s={search_term_string}\"},\"query-input\":{\"@type\":\"PropertyValueSpecification\",\"valueRequired\":true,\"valueName\":\"search_term_string\"}}],\"inLanguage\":\"nb-NO\"},{\"@type\":\"Organization\",\"@id\":\"https:\\\/\\\/magnetarmagnets.com\\\/no\\\/#organization\",\"name\":\"Magnetar\",\"url\":\"https:\\\/\\\/magnetarmagnets.com\\\/no\\\/\",\"logo\":{\"@type\":\"ImageObject\",\"inLanguage\":\"nb-NO\",\"@id\":\"https:\\\/\\\/magnetarmagnets.com\\\/no\\\/#\\\/schema\\\/logo\\\/image\\\/\",\"url\":\"https:\\\/\\\/magnetarmagnets.com\\\/wp-content\\\/uploads\\\/2025\\\/05\\\/Logo-03_PNG-Black-scaled.png\",\"contentUrl\":\"https:\\\/\\\/magnetarmagnets.com\\\/wp-content\\\/uploads\\\/2025\\\/05\\\/Logo-03_PNG-Black-scaled.png\",\"width\":2560,\"height\":1658,\"caption\":\"Magnetar\"},\"image\":{\"@id\":\"https:\\\/\\\/magnetarmagnets.com\\\/no\\\/#\\\/schema\\\/logo\\\/image\\\/\"},\"sameAs\":[\"https:\\\/\\\/www.facebook.com\\\/fishingmagnets\\\/\",\"https:\\\/\\\/www.instagram.com\\\/magnetar_magnets\\\/\",\"https:\\\/\\\/www.linkedin.com\\\/company\\\/magnetarbv\\\/?originalSubdomain=nl\",\"https:\\\/\\\/www.youtube.com\\\/c\\\/MagnetarVismagneet\"]}]}<\/script>\n<!-- \/ Yoast SEO plugin. -->","yoast_head_json":{"title":"Avansert pakke - 400 kg - Ensidig - Magnet fishing with a Magnetar fishing magnet","description":"Avansert pakke - 400 kg fiskemagnet - Magnetar","robots":{"index":"index","follow":"follow","max-snippet":"max-snippet:-1","max-image-preview":"max-image-preview:large","max-video-preview":"max-video-preview:-1"},"canonical":"https:\/\/magnetarmagnets.com\/no\/shop\/avansert-pakke-400-kg-ensidig\/","og_locale":"nb_NO","og_type":"article","og_title":"Avansert pakke - 400 kg - Ensidig - Magnet fishing with a Magnetar fishing magnet","og_description":"Avansert pakke - 400 kg fiskemagnet - Magnetar","og_url":"https:\/\/magnetarmagnets.com\/no\/shop\/avansert-pakke-400-kg-ensidig\/","og_site_name":"Magnet fishing with a Magnetar fishing magnet","article_publisher":"https:\/\/www.facebook.com\/fishingmagnets\/","article_modified_time":"2026-04-11T23:42:36+00:00","og_image":[{"width":1500,"height":1500,"url":"https:\/\/magnetarmagnets.com\/wp-content\/uploads\/2021\/10\/MAGNETAR-ADVANCED-KIT-GOOGLE.jpg","type":"image\/jpeg"}],"twitter_card":"summary_large_image","twitter_misc":{"Ansl. lesetid":"3 minutter"},"schema":{"@context":"https:\/\/schema.org","@graph":[{"@type":["WebPage","ItemPage"],"@id":"https:\/\/magnetarmagnets.com\/no\/shop\/avansert-pakke-400-kg-ensidig\/","url":"https:\/\/magnetarmagnets.com\/no\/shop\/avansert-pakke-400-kg-ensidig\/","name":"Avansert pakke - 400 kg - Ensidig - Magnet fishing with a Magnetar fishing magnet","isPartOf":{"@id":"https:\/\/magnetarmagnets.com\/no\/#website"},"primaryImageOfPage":{"@id":"https:\/\/magnetarmagnets.com\/no\/shop\/avansert-pakke-400-kg-ensidig\/#primaryimage"},"image":{"@id":"https:\/\/magnetarmagnets.com\/no\/shop\/avansert-pakke-400-kg-ensidig\/#primaryimage"},"thumbnailUrl":"https:\/\/magnetarmagnets.com\/wp-content\/uploads\/2021\/10\/MAGNETAR-ADVANCED-KIT-GOOGLE.jpg","datePublished":"2025-06-05T07:54:41+00:00","dateModified":"2026-04-11T23:42:36+00:00","description":"Avansert pakke - 400 kg fiskemagnet - Magnetar","breadcrumb":{"@id":"https:\/\/magnetarmagnets.com\/no\/shop\/avansert-pakke-400-kg-ensidig\/#breadcrumb"},"inLanguage":"nb-NO","potentialAction":[{"@type":"ReadAction","target":["https:\/\/magnetarmagnets.com\/no\/shop\/avansert-pakke-400-kg-ensidig\/"]}]},{"@type":"ImageObject","inLanguage":"nb-NO","@id":"https:\/\/magnetarmagnets.com\/no\/shop\/avansert-pakke-400-kg-ensidig\/#primaryimage","url":"https:\/\/magnetarmagnets.com\/wp-content\/uploads\/2021\/10\/MAGNETAR-ADVANCED-KIT-GOOGLE.jpg","contentUrl":"https:\/\/magnetarmagnets.com\/wp-content\/uploads\/2021\/10\/MAGNETAR-ADVANCED-KIT-GOOGLE.jpg","width":1500,"height":1500,"caption":"MAGNETAR-ADVANCED-KIT"},{"@type":"BreadcrumbList","@id":"https:\/\/magnetarmagnets.com\/no\/shop\/avansert-pakke-400-kg-ensidig\/#breadcrumb","itemListElement":[{"@type":"ListItem","position":1,"name":"Home","item":"https:\/\/magnetarmagnets.com\/no\/"},{"@type":"ListItem","position":2,"name":"Butikk","item":"https:\/\/magnetarmagnets.com\/butikk\/"},{"@type":"ListItem","position":3,"name":"Fiskemagneter","item":"https:\/\/magnetarmagnets.com\/no\/collections\/fiskemagneter\/"},{"@type":"ListItem","position":4,"name":"Magnetfiske-sett","item":"https:\/\/magnetarmagnets.com\/no\/collections\/fiskemagneter\/magnetfiske-sett\/"},{"@type":"ListItem","position":5,"name":"Avansert pakke &#8211; 400 kg &#8211; Ensidig"}]},{"@type":"WebSite","@id":"https:\/\/magnetarmagnets.com\/no\/#website","url":"https:\/\/magnetarmagnets.com\/no\/","name":"Magnet fishing with a Magnetar fishing magnet","description":"Kraftige magneter for magnetfiske","publisher":{"@id":"https:\/\/magnetarmagnets.com\/no\/#organization"},"potentialAction":[{"@type":"SearchAction","target":{"@type":"EntryPoint","urlTemplate":"https:\/\/magnetarmagnets.com\/no\/?s={search_term_string}"},"query-input":{"@type":"PropertyValueSpecification","valueRequired":true,"valueName":"search_term_string"}}],"inLanguage":"nb-NO"},{"@type":"Organization","@id":"https:\/\/magnetarmagnets.com\/no\/#organization","name":"Magnetar","url":"https:\/\/magnetarmagnets.com\/no\/","logo":{"@type":"ImageObject","inLanguage":"nb-NO","@id":"https:\/\/magnetarmagnets.com\/no\/#\/schema\/logo\/image\/","url":"https:\/\/magnetarmagnets.com\/wp-content\/uploads\/2025\/05\/Logo-03_PNG-Black-scaled.png","contentUrl":"https:\/\/magnetarmagnets.com\/wp-content\/uploads\/2025\/05\/Logo-03_PNG-Black-scaled.png","width":2560,"height":1658,"caption":"Magnetar"},"image":{"@id":"https:\/\/magnetarmagnets.com\/no\/#\/schema\/logo\/image\/"},"sameAs":["https:\/\/www.facebook.com\/fishingmagnets\/","https:\/\/www.instagram.com\/magnetar_magnets\/","https:\/\/www.linkedin.com\/company\/magnetarbv\/?originalSubdomain=nl","https:\/\/www.youtube.com\/c\/MagnetarVismagneet"]}]}},"_links":{"self":[{"href":"https:\/\/magnetarmagnets.com\/no\/wp-json\/wp\/v2\/product\/84235","targetHints":{"allow":["GET"]}}],"collection":[{"href":"https:\/\/magnetarmagnets.com\/no\/wp-json\/wp\/v2\/product"}],"about":[{"href":"https:\/\/magnetarmagnets.com\/no\/wp-json\/wp\/v2\/types\/product"}],"replies":[{"embeddable":true,"href":"https:\/\/magnetarmagnets.com\/no\/wp-json\/wp\/v2\/comments?post=84235"}],"version-history":[{"count":1,"href":"https:\/\/magnetarmagnets.com\/no\/wp-json\/wp\/v2\/product\/84235\/revisions"}],"predecessor-version":[{"id":95394,"href":"https:\/\/magnetarmagnets.com\/no\/wp-json\/wp\/v2\/product\/84235\/revisions\/95394"}],"wp:featuredmedia":[{"embeddable":true,"href":"https:\/\/magnetarmagnets.com\/no\/wp-json\/wp\/v2\/media\/78867"}],"wp:attachment":[{"href":"https:\/\/magnetarmagnets.com\/no\/wp-json\/wp\/v2\/media?parent=84235"}],"wp:term":[{"taxonomy":"product_brand","embeddable":true,"href":"https:\/\/magnetarmagnets.com\/no\/wp-json\/wp\/v2\/product_brand?post=84235"},{"taxonomy":"product_cat","embeddable":true,"href":"https:\/\/magnetarmagnets.com\/no\/wp-json\/wp\/v2\/product_cat?post=84235"},{"taxonomy":"product_tag","embeddable":true,"href":"https:\/\/magnetarmagnets.com\/no\/wp-json\/wp\/v2\/product_tag?post=84235"}],"curies":[{"name":"wp","href":"https:\/\/api.w.org\/{rel}","templated":true}]}}