{"id":84233,"date":"2025-06-05T09:54:42","date_gmt":"2025-06-05T07:54:42","guid":{"rendered":"https:\/\/magnetarmagnets.com\/?post_type=product&#038;p=84233"},"modified":"2026-04-07T06:20:18","modified_gmt":"2026-04-07T04:20:18","slug":"den-beste-kroken-for-magnetfiske","status":"publish","type":"product","link":"https:\/\/magnetarmagnets.com\/no\/shop\/den-beste-kroken-for-magnetfiske\/","title":{"rendered":"Den beste kroken for magnetfiske"},"content":{"rendered":"<h2><strong>Hva er dreghaker?<\/strong><\/h2>\n\n<span style=\"font-weight: 400;\">Det er et redskap som festes til et tau og kastes eller senkes ned i vannet for \u00e5 fange, holde, gripe og dra opp en gjenstand fra vannet. Ulike dreghaker brukes til for eksempel treklatring, men vi anbefaler dette eventyrverkt\u00f8yet for magnetfiske i t\u00f8ffe forhold.<\/span>\n\n\n\n<span style=\"font-weight: 400;\">De kan brukes sammen med en <\/span><span style=\"font-weight: 400;\">Neodymmagnet<\/span><span style=\"font-weight: 400;\"> eller i stedet for magneten n\u00e5r du leter etter skatter under vann. Hvis du er interessert i \u00e5 f\u00e5 tak i overdimensjonerte, ikke-magnetiske, tunge eller merkelig formede gjenstander, vil en dreghake hjelpe deg med \u00e5 f\u00e5 dem opp til overflaten.\u00a0<\/span>\n\n<h2><strong>Har jeg allerede en magnet, trenger jeg en dreghake?<\/strong><\/h2>\n\n<span style=\"font-weight: 400;\">Ikke n\u00f8dvendigvis, men det anbefales p\u00e5 det sterkeste.\u00a0<\/span>\n\n\n\n<span style=\"font-weight: 400;\">De fleste som driver med magnetfiske vil si at en magnetfiske dreghake er essensiell. V\u00e5re <\/span><span style=\"font-weight: 400;\">Neodymmagneter<\/span><span style=\"font-weight: 400;\"> er ideelle for \u00e5 fange magnetiske metallgjenstander i ulike st\u00f8rrelser, former og tettheter. Men noen ganger trenger du de skarpe kantene p\u00e5 en dreghake for \u00e5 f\u00e5 en gjenstand ut fra under en stein eller \u00e5 bringe gjenstanden til overflaten.\u00a0<\/span>\n\n\n\n<span style=\"font-weight: 400;\">Det er som med alt annet &#8211; du trenger de rette verkt\u00f8yene for \u00e5 f\u00e5 jobben gjort under ulike forhold. \u00c5 ha ekstra verkt\u00f8y som v\u00e5r dreghake i rustfritt st\u00e5l vil hjelpe deg \u00e5 \u00f8ke rekkevidden og allsidigheten i hvilke typer skatter du kan finne. B\u00e5de dreghaken og fiskemagneten fungerer alene, men de er sterkere sammen.\u00a0<\/span>\n\n<h2><strong>Hvilke materialer er ikke-magnetiske?<\/strong><\/h2>\n\n<span style=\"font-weight: 400;\">Magneter hjelper deg \u00e5 fange magnetiske materialer. Mens alle magnetiske materialer er metall, er ikke alt metall magnetisk. Tabellen under gir en oversikt over materialer og gjenstander du kan tiltrekke med magneten din eller fange med kroken:<\/span>\n\n<table>\n\n<tbody>\n\n<tr>\n\n<td><b>Magnetisk<\/b><\/td>\n\n<td><b>Ikke-magnetisk<\/b><\/td>\n\n<\/tr>\n\n<tr>\n\n<td><span style=\"font-weight: 400;\">Jern (gryter, panner)<\/span><\/td>\n\n<td><span style=\"font-weight: 400;\">Aluminium (bokser, redskaper)<\/span><\/td>\n\n<\/tr>\n\n<tr>\n\n<td><span style=\"font-weight: 400;\">Nikkel (mynter)<\/span><\/td>\n\n<td><span style=\"font-weight: 400;\">Kobber (mynter)<\/span><\/td>\n\n<\/tr>\n\n<tr>\n\n<td><span style=\"font-weight: 400;\">Kobolt (skruer, bolter, verkt\u00f8y)<\/span><\/td>\n\n<td><span style=\"font-weight: 400;\">Bly (batterier, vekter)<\/span><\/td>\n\n<\/tr>\n\n<tr>\n\n<td><span style=\"font-weight: 400;\">St\u00e5l (r\u00f8r, jernbane, biler)<\/span><\/td>\n\n<td><span style=\"font-weight: 400;\">Messing (musikkinstrumenter)<\/span><\/td>\n\n<\/tr>\n\n<\/tbody>\n\n<\/table>\n\n&nbsp;\n\n<h2><strong>Hva kan jeg finne med dreghake under magnetfiske?<\/strong><\/h2>\n\n<span style=\"font-weight: 400;\">Overdimensjonerte eller tunge funn<\/span><span style=\"font-weight: 400\"> &#8211; hvis du finner en tung gjenstand med fiskemagneten din, vil bruken av en krok hjelpe med \u00e5 \u00f8ke trekkraften til magneten og f\u00e5 objektet opp av vannet. Du kan ogs\u00e5 ha bedre kontroll n\u00e5r du trekker objektet opp av vannet.<\/span>\n\n<ul>\n\n  \t<li><strong>Ikke-magnetiske gjenstander<\/strong><span style=\"font-weight: 400;\"> &#8211; inkluderer materialer som kobber, aluminium og gull. Gjenstander som inneholder disse materialene kan v\u00e6re vanskelige \u00e5 f\u00e5 opp uten en krok. Det kan sammenlignes med fiskekroker, du trenger ikke n\u00f8dvendigvis agn, men det hjelper deg \u00e5 finne mange flere arter! <\/span><\/li>\n\n  \t<li><strong>Dels magnetiske gjenstander<\/strong> &#8211; Hvis en gjenstand best\u00e5r av magnetiske og ikke-magnetiske materialer, vil en magnet hjelpe deg \u00e5 finne den, men du vil sannsynligvis ikke ha like stram line eller sterkt grep.<\/li>\n\n  \t<li><strong>Merkelige formede gjenstander<\/strong> &#8211; enten det er h\u00e5ndv\u00e5pen, ueksploderte bomber, utstyr, verkt\u00f8y og andre st\u00f8rre funn &#8211; du vil bli overrasket over hva du kan finne!<\/li>\n\n<\/ul>\n\n<span style=\"font-weight: 400;\">Og mye mer!\u00a0<\/span>\n\n<h2><strong>Hvordan bruke magnetiske fiskekroker?\u00a0<\/strong><\/h2>\n\n<span style=\"font-weight: 400;\">Hvis det er noe magneten din ikke klarer \u00e5 trekke opp av vannet, enten det er for tungt, klumpete eller ikke-magnetisk, er det p\u00e5 tide \u00e5 bruke dreghaken din.\u00a0<\/span>\n\n\n\n<span style=\"font-weight: 400;\">Slik fester du kroken til tauet:<\/span><span style=\"font-weight: 400;\"> Fest tauet ditt i enden av kroken med karabinkroken (inkludert ved kj\u00f8p av v\u00e5r <\/span><a href=\"https:\/\/magnetarmagnets.com\/shop\/magnet-fishing-rope\/\" target=\"_blank\" rel=\"noopener\"><span style=\"font-weight: 400;\">Magnet fishing Rope<\/span><\/a><span style=\"font-weight: 400\">). Eller, knyt en l\u00f8kke gjennom kroken med en Palomarknute (se <a href=\"https:\/\/magnetarmagnets.com\/how-to-make-the-perfect-knot\/\">Reinouts veiledning<\/a><\/span><span style=\"font-weight: 400\">). Pass p\u00e5 at tauet sitter godt fast i kroken din.<\/span>\n\n\n\n<span style=\"font-weight: 400;\">Slik bruker du kroken med en magnet: <\/span><span style=\"font-weight: 400;\">Magneten din kan finne noe under vann som den ikke klarer \u00e5 hente opp alene. Hvis dette skjer, la magneten og linen ligge i vannet. Fest kroken til tauet (se instruksjoner over) og kast den i vannet i samme retning som magneten. N\u00e5r en gjenstand blir fanget som magneten er festet til, dra begge linen samtidig for \u00e5 f\u00f8re gjenstanden tilbake til land.\u00a0<\/span>\n\n\n\n<span style=\"font-weight: 400;\">Slik bruker du kroken alene: <\/span><span style=\"font-weight: 400;\">Hvis du bruker kroken alene, fest den til et tau (se instruksjoner over), kast kroken i vannet og la den synke. Dra kroken langs bunnen mens du f\u00f8rer tauet mot deg. Hvis kloene fanger noe med kanter, vil du kunne dra det i land. Ved neste kast, kast tauet \u00e9n meter fra forrige sted for \u00e5 dekke et rimelig omr\u00e5de.<\/span>\n\n\n\n<span style=\"font-weight: 400;\"><strong>Husk:<\/strong> v\u00e6r t\u00e5lmodig og dra kroken langsomt opp av vannet for \u00e5 sikre at gjenstandene ikke glipper av.\u00a0<\/span>\n\n<h2><strong>Hva b\u00f8r man se etter i en krok?<\/strong><\/h2>\n\n<span style=\"font-weight: 400;\">Det er to ting du b\u00f8r v\u00e6re oppmerksom p\u00e5 n\u00e5r du kj\u00f8per en krok:<\/span>\n\n<ol>\n\n  \t<li style=\"font-weight: 400;\"><b>Materiale<\/b><span style=\"font-weight: 400;\"> &#8211; Se etter kroker som er laget av h\u00f8ykvalitets rustfritt st\u00e5l fordi det er sterkt, lett, holdbart og motstandsdyktig mot rust og annen skade.<\/span><\/li>\n\n  \t<li style=\"font-weight: 400;\"><b>M\u00e5l<\/b><span style=\"font-weight: 400;\"> &#8211; Magnetar-kroken er 19 cm lang og 15,5 cm bred. Etter mange \u00e5rs testing av ulike kroker er v\u00e5rt team enige om at dette er de perfekte dimensjonene for reise, kasting, b\u00e6ring og \u00e5 dra opp store eller merkelig formede gjenstander fra vannet. Hvis den er mye st\u00f8rre enn dette kan den v\u00e6re tungvint eller for tung \u00e5 kaste. Dersom den er mindre kan kroken v\u00e6re for smal for gjenstander under vann.<\/span><\/li>\n\n<\/ol>","protected":false},"excerpt":{"rendered":"<p><span style=\"font-weight: 400;\">V\u00e5r <strong>avanserte dreghake<\/strong> er perfekt for \u00e5 hente opp gjenstander under vann som er <strong>ikke-magnetiske, overdimensjonerte, tunge, delvis magnetiske eller merkelig formede<\/strong>. Enten du st\u00e5r p\u00e5 land eller er ute p\u00e5 b\u00e5t, kan den hjelpe deg med \u00e5 f\u00e5 opp mange interessante funn. <\/span><\/p>\n<p><span style=\"font-weight: 400;\">Vi har erfart at den er mest nyttig som et <strong>tilbeh\u00f8r til din <\/strong><\/span><strong><a href=\"https:\/\/magnetarmagnets.com\/\" target=\"_blank\" rel=\"noopener\">fiskemagnet<\/a><\/strong><span style=\"font-weight: 400;\">. Det er ingenting mer frustrerende enn at magneten din henger fast i utstyret ditt, og du ikke klarer \u00e5 trekke opp funnet. Med en krok kan du <strong>\u00f8ke bruksomr\u00e5det og trekkraften<\/strong> til magneten for \u00e5 <strong>finne enda st\u00f8rre, bedre og mer minneverdige skatter<\/strong>.\u00a0<\/span><\/p>\n","protected":false},"featured_media":75947,"comment_status":"open","ping_status":"closed","template":"","meta":{"_acf_changed":false,"inline_featured_image":false},"product_brand":[],"product_cat":[610,609],"product_tag":[],"class_list":{"0":"post-84233","1":"product","2":"type-product","3":"status-publish","4":"has-post-thumbnail","6":"product_cat-magnetfiskeutstyr","7":"product_cat-utstyr","9":"first","10":"instock","11":"sale","12":"taxable","13":"shipping-taxable","14":"purchasable","15":"product-type-simple"},"acf":[],"yoast_head":"<!-- This site is optimized with the Yoast SEO plugin v27.3 - https:\/\/yoast.com\/product\/yoast-seo-wordpress\/ -->\n<title>Magnetfiske Dreghake - Magnetar \u00ae [KJ\u00d8P N\u00c5]<\/title>\n<meta name=\"description\" content=\"Handle den beste magnetfiske dreghaken \u27a4 Magnetar \u00ae. Butikken for alt utstyret du trenger til magnetfiske. Sendes samme dag!\" \/>\n<meta name=\"robots\" content=\"index, follow, max-snippet:-1, max-image-preview:large, max-video-preview:-1\" \/>\n<link rel=\"canonical\" href=\"https:\/\/magnetarmagnets.com\/no\/shop\/den-beste-kroken-for-magnetfiske\/\" \/>\n<meta property=\"og:locale\" content=\"nb_NO\" \/>\n<meta property=\"og:type\" content=\"article\" \/>\n<meta property=\"og:title\" content=\"Magnetfiske Dreghake - Magnetar \u00ae [KJ\u00d8P N\u00c5]\" \/>\n<meta property=\"og:description\" content=\"Handle den beste magnetfiske dreghaken \u27a4 Magnetar \u00ae. Butikken for alt utstyret du trenger til magnetfiske. Sendes samme dag!\" \/>\n<meta property=\"og:url\" content=\"https:\/\/magnetarmagnets.com\/no\/shop\/den-beste-kroken-for-magnetfiske\/\" \/>\n<meta property=\"og:site_name\" content=\"Magnet fishing with a Magnetar fishing magnet\" \/>\n<meta property=\"article:publisher\" content=\"https:\/\/www.facebook.com\/fishingmagnets\/\" \/>\n<meta property=\"article:modified_time\" content=\"2026-04-07T04:20:18+00:00\" \/>\n<meta property=\"og:image\" content=\"https:\/\/magnetarmagnets.com\/wp-content\/uploads\/2015\/09\/wurfanker.jpg\" \/>\n\t<meta property=\"og:image:width\" content=\"1570\" \/>\n\t<meta property=\"og:image:height\" content=\"1570\" \/>\n\t<meta property=\"og:image:type\" content=\"image\/jpeg\" \/>\n<meta name=\"twitter:card\" content=\"summary_large_image\" \/>\n<meta name=\"twitter:label1\" content=\"Ansl. lesetid\" \/>\n\t<meta name=\"twitter:data1\" content=\"6 minutter\" \/>\n<script type=\"application\/ld+json\" class=\"yoast-schema-graph\">{\"@context\":\"https:\\\/\\\/schema.org\",\"@graph\":[{\"@type\":[\"WebPage\",\"ItemPage\"],\"@id\":\"https:\\\/\\\/magnetarmagnets.com\\\/no\\\/shop\\\/den-beste-kroken-for-magnetfiske\\\/\",\"url\":\"https:\\\/\\\/magnetarmagnets.com\\\/no\\\/shop\\\/den-beste-kroken-for-magnetfiske\\\/\",\"name\":\"Magnetfiske Dreghake - Magnetar \u00ae [KJ\u00d8P N\u00c5]\",\"isPartOf\":{\"@id\":\"https:\\\/\\\/magnetarmagnets.com\\\/no\\\/#website\"},\"primaryImageOfPage\":{\"@id\":\"https:\\\/\\\/magnetarmagnets.com\\\/no\\\/shop\\\/den-beste-kroken-for-magnetfiske\\\/#primaryimage\"},\"image\":{\"@id\":\"https:\\\/\\\/magnetarmagnets.com\\\/no\\\/shop\\\/den-beste-kroken-for-magnetfiske\\\/#primaryimage\"},\"thumbnailUrl\":\"https:\\\/\\\/magnetarmagnets.com\\\/wp-content\\\/uploads\\\/2015\\\/09\\\/wurfanker.jpg\",\"datePublished\":\"2025-06-05T07:54:42+00:00\",\"dateModified\":\"2026-04-07T04:20:18+00:00\",\"description\":\"Handle den beste magnetfiske dreghaken \u27a4 Magnetar \u00ae. Butikken for alt utstyret du trenger til magnetfiske. Sendes samme dag!\",\"breadcrumb\":{\"@id\":\"https:\\\/\\\/magnetarmagnets.com\\\/no\\\/shop\\\/den-beste-kroken-for-magnetfiske\\\/#breadcrumb\"},\"inLanguage\":\"nb-NO\",\"potentialAction\":[{\"@type\":\"ReadAction\",\"target\":[\"https:\\\/\\\/magnetarmagnets.com\\\/no\\\/shop\\\/den-beste-kroken-for-magnetfiske\\\/\"]}]},{\"@type\":\"ImageObject\",\"inLanguage\":\"nb-NO\",\"@id\":\"https:\\\/\\\/magnetarmagnets.com\\\/no\\\/shop\\\/den-beste-kroken-for-magnetfiske\\\/#primaryimage\",\"url\":\"https:\\\/\\\/magnetarmagnets.com\\\/wp-content\\\/uploads\\\/2015\\\/09\\\/wurfanker.jpg\",\"contentUrl\":\"https:\\\/\\\/magnetarmagnets.com\\\/wp-content\\\/uploads\\\/2015\\\/09\\\/wurfanker.jpg\",\"width\":1570,\"height\":1570,\"caption\":\"magnet-fishing-grappling-hook\"},{\"@type\":\"BreadcrumbList\",\"@id\":\"https:\\\/\\\/magnetarmagnets.com\\\/no\\\/shop\\\/den-beste-kroken-for-magnetfiske\\\/#breadcrumb\",\"itemListElement\":[{\"@type\":\"ListItem\",\"position\":1,\"name\":\"Home\",\"item\":\"https:\\\/\\\/magnetarmagnets.com\\\/no\\\/\"},{\"@type\":\"ListItem\",\"position\":2,\"name\":\"Butikk\",\"item\":\"https:\\\/\\\/magnetarmagnets.com\\\/butikk\\\/\"},{\"@type\":\"ListItem\",\"position\":3,\"name\":\"Utstyr\",\"item\":\"https:\\\/\\\/magnetarmagnets.com\\\/no\\\/collections\\\/utstyr\\\/\"},{\"@type\":\"ListItem\",\"position\":4,\"name\":\"Magnetfiskeutstyr\",\"item\":\"https:\\\/\\\/magnetarmagnets.com\\\/no\\\/collections\\\/utstyr\\\/magnetfiskeutstyr\\\/\"},{\"@type\":\"ListItem\",\"position\":5,\"name\":\"Den beste kroken for magnetfiske\"}]},{\"@type\":\"WebSite\",\"@id\":\"https:\\\/\\\/magnetarmagnets.com\\\/no\\\/#website\",\"url\":\"https:\\\/\\\/magnetarmagnets.com\\\/no\\\/\",\"name\":\"Magnet fishing with a Magnetar fishing magnet\",\"description\":\"Kraftige magneter for magnetfiske\",\"publisher\":{\"@id\":\"https:\\\/\\\/magnetarmagnets.com\\\/no\\\/#organization\"},\"potentialAction\":[{\"@type\":\"SearchAction\",\"target\":{\"@type\":\"EntryPoint\",\"urlTemplate\":\"https:\\\/\\\/magnetarmagnets.com\\\/no\\\/?s={search_term_string}\"},\"query-input\":{\"@type\":\"PropertyValueSpecification\",\"valueRequired\":true,\"valueName\":\"search_term_string\"}}],\"inLanguage\":\"nb-NO\"},{\"@type\":\"Organization\",\"@id\":\"https:\\\/\\\/magnetarmagnets.com\\\/no\\\/#organization\",\"name\":\"Magnetar\",\"url\":\"https:\\\/\\\/magnetarmagnets.com\\\/no\\\/\",\"logo\":{\"@type\":\"ImageObject\",\"inLanguage\":\"nb-NO\",\"@id\":\"https:\\\/\\\/magnetarmagnets.com\\\/no\\\/#\\\/schema\\\/logo\\\/image\\\/\",\"url\":\"https:\\\/\\\/magnetarmagnets.com\\\/wp-content\\\/uploads\\\/2025\\\/05\\\/Logo-03_PNG-Black-scaled.png\",\"contentUrl\":\"https:\\\/\\\/magnetarmagnets.com\\\/wp-content\\\/uploads\\\/2025\\\/05\\\/Logo-03_PNG-Black-scaled.png\",\"width\":2560,\"height\":1658,\"caption\":\"Magnetar\"},\"image\":{\"@id\":\"https:\\\/\\\/magnetarmagnets.com\\\/no\\\/#\\\/schema\\\/logo\\\/image\\\/\"},\"sameAs\":[\"https:\\\/\\\/www.facebook.com\\\/fishingmagnets\\\/\",\"https:\\\/\\\/www.instagram.com\\\/magnetar_magnets\\\/\",\"https:\\\/\\\/www.linkedin.com\\\/company\\\/magnetarbv\\\/?originalSubdomain=nl\",\"https:\\\/\\\/www.youtube.com\\\/c\\\/MagnetarVismagneet\"]}]}<\/script>\n<!-- \/ Yoast SEO plugin. -->","yoast_head_json":{"title":"Magnetfiske Dreghake - Magnetar \u00ae [KJ\u00d8P N\u00c5]","description":"Handle den beste magnetfiske dreghaken \u27a4 Magnetar \u00ae. Butikken for alt utstyret du trenger til magnetfiske. Sendes samme dag!","robots":{"index":"index","follow":"follow","max-snippet":"max-snippet:-1","max-image-preview":"max-image-preview:large","max-video-preview":"max-video-preview:-1"},"canonical":"https:\/\/magnetarmagnets.com\/no\/shop\/den-beste-kroken-for-magnetfiske\/","og_locale":"nb_NO","og_type":"article","og_title":"Magnetfiske Dreghake - Magnetar \u00ae [KJ\u00d8P N\u00c5]","og_description":"Handle den beste magnetfiske dreghaken \u27a4 Magnetar \u00ae. Butikken for alt utstyret du trenger til magnetfiske. Sendes samme dag!","og_url":"https:\/\/magnetarmagnets.com\/no\/shop\/den-beste-kroken-for-magnetfiske\/","og_site_name":"Magnet fishing with a Magnetar fishing magnet","article_publisher":"https:\/\/www.facebook.com\/fishingmagnets\/","article_modified_time":"2026-04-07T04:20:18+00:00","og_image":[{"width":1570,"height":1570,"url":"https:\/\/magnetarmagnets.com\/wp-content\/uploads\/2015\/09\/wurfanker.jpg","type":"image\/jpeg"}],"twitter_card":"summary_large_image","twitter_misc":{"Ansl. lesetid":"6 minutter"},"schema":{"@context":"https:\/\/schema.org","@graph":[{"@type":["WebPage","ItemPage"],"@id":"https:\/\/magnetarmagnets.com\/no\/shop\/den-beste-kroken-for-magnetfiske\/","url":"https:\/\/magnetarmagnets.com\/no\/shop\/den-beste-kroken-for-magnetfiske\/","name":"Magnetfiske Dreghake - Magnetar \u00ae [KJ\u00d8P N\u00c5]","isPartOf":{"@id":"https:\/\/magnetarmagnets.com\/no\/#website"},"primaryImageOfPage":{"@id":"https:\/\/magnetarmagnets.com\/no\/shop\/den-beste-kroken-for-magnetfiske\/#primaryimage"},"image":{"@id":"https:\/\/magnetarmagnets.com\/no\/shop\/den-beste-kroken-for-magnetfiske\/#primaryimage"},"thumbnailUrl":"https:\/\/magnetarmagnets.com\/wp-content\/uploads\/2015\/09\/wurfanker.jpg","datePublished":"2025-06-05T07:54:42+00:00","dateModified":"2026-04-07T04:20:18+00:00","description":"Handle den beste magnetfiske dreghaken \u27a4 Magnetar \u00ae. Butikken for alt utstyret du trenger til magnetfiske. Sendes samme dag!","breadcrumb":{"@id":"https:\/\/magnetarmagnets.com\/no\/shop\/den-beste-kroken-for-magnetfiske\/#breadcrumb"},"inLanguage":"nb-NO","potentialAction":[{"@type":"ReadAction","target":["https:\/\/magnetarmagnets.com\/no\/shop\/den-beste-kroken-for-magnetfiske\/"]}]},{"@type":"ImageObject","inLanguage":"nb-NO","@id":"https:\/\/magnetarmagnets.com\/no\/shop\/den-beste-kroken-for-magnetfiske\/#primaryimage","url":"https:\/\/magnetarmagnets.com\/wp-content\/uploads\/2015\/09\/wurfanker.jpg","contentUrl":"https:\/\/magnetarmagnets.com\/wp-content\/uploads\/2015\/09\/wurfanker.jpg","width":1570,"height":1570,"caption":"magnet-fishing-grappling-hook"},{"@type":"BreadcrumbList","@id":"https:\/\/magnetarmagnets.com\/no\/shop\/den-beste-kroken-for-magnetfiske\/#breadcrumb","itemListElement":[{"@type":"ListItem","position":1,"name":"Home","item":"https:\/\/magnetarmagnets.com\/no\/"},{"@type":"ListItem","position":2,"name":"Butikk","item":"https:\/\/magnetarmagnets.com\/butikk\/"},{"@type":"ListItem","position":3,"name":"Utstyr","item":"https:\/\/magnetarmagnets.com\/no\/collections\/utstyr\/"},{"@type":"ListItem","position":4,"name":"Magnetfiskeutstyr","item":"https:\/\/magnetarmagnets.com\/no\/collections\/utstyr\/magnetfiskeutstyr\/"},{"@type":"ListItem","position":5,"name":"Den beste kroken for magnetfiske"}]},{"@type":"WebSite","@id":"https:\/\/magnetarmagnets.com\/no\/#website","url":"https:\/\/magnetarmagnets.com\/no\/","name":"Magnet fishing with a Magnetar fishing magnet","description":"Kraftige magneter for magnetfiske","publisher":{"@id":"https:\/\/magnetarmagnets.com\/no\/#organization"},"potentialAction":[{"@type":"SearchAction","target":{"@type":"EntryPoint","urlTemplate":"https:\/\/magnetarmagnets.com\/no\/?s={search_term_string}"},"query-input":{"@type":"PropertyValueSpecification","valueRequired":true,"valueName":"search_term_string"}}],"inLanguage":"nb-NO"},{"@type":"Organization","@id":"https:\/\/magnetarmagnets.com\/no\/#organization","name":"Magnetar","url":"https:\/\/magnetarmagnets.com\/no\/","logo":{"@type":"ImageObject","inLanguage":"nb-NO","@id":"https:\/\/magnetarmagnets.com\/no\/#\/schema\/logo\/image\/","url":"https:\/\/magnetarmagnets.com\/wp-content\/uploads\/2025\/05\/Logo-03_PNG-Black-scaled.png","contentUrl":"https:\/\/magnetarmagnets.com\/wp-content\/uploads\/2025\/05\/Logo-03_PNG-Black-scaled.png","width":2560,"height":1658,"caption":"Magnetar"},"image":{"@id":"https:\/\/magnetarmagnets.com\/no\/#\/schema\/logo\/image\/"},"sameAs":["https:\/\/www.facebook.com\/fishingmagnets\/","https:\/\/www.instagram.com\/magnetar_magnets\/","https:\/\/www.linkedin.com\/company\/magnetarbv\/?originalSubdomain=nl","https:\/\/www.youtube.com\/c\/MagnetarVismagneet"]}]}},"_links":{"self":[{"href":"https:\/\/magnetarmagnets.com\/no\/wp-json\/wp\/v2\/product\/84233","targetHints":{"allow":["GET"]}}],"collection":[{"href":"https:\/\/magnetarmagnets.com\/no\/wp-json\/wp\/v2\/product"}],"about":[{"href":"https:\/\/magnetarmagnets.com\/no\/wp-json\/wp\/v2\/types\/product"}],"replies":[{"embeddable":true,"href":"https:\/\/magnetarmagnets.com\/no\/wp-json\/wp\/v2\/comments?post=84233"}],"version-history":[{"count":1,"href":"https:\/\/magnetarmagnets.com\/no\/wp-json\/wp\/v2\/product\/84233\/revisions"}],"predecessor-version":[{"id":94694,"href":"https:\/\/magnetarmagnets.com\/no\/wp-json\/wp\/v2\/product\/84233\/revisions\/94694"}],"wp:featuredmedia":[{"embeddable":true,"href":"https:\/\/magnetarmagnets.com\/no\/wp-json\/wp\/v2\/media\/75947"}],"wp:attachment":[{"href":"https:\/\/magnetarmagnets.com\/no\/wp-json\/wp\/v2\/media?parent=84233"}],"wp:term":[{"taxonomy":"product_brand","embeddable":true,"href":"https:\/\/magnetarmagnets.com\/no\/wp-json\/wp\/v2\/product_brand?post=84233"},{"taxonomy":"product_cat","embeddable":true,"href":"https:\/\/magnetarmagnets.com\/no\/wp-json\/wp\/v2\/product_cat?post=84233"},{"taxonomy":"product_tag","embeddable":true,"href":"https:\/\/magnetarmagnets.com\/no\/wp-json\/wp\/v2\/product_tag?post=84233"}],"curies":[{"name":"wp","href":"https:\/\/api.w.org\/{rel}","templated":true}]}}