{"id":84230,"date":"2025-06-05T09:54:42","date_gmt":"2025-06-05T07:54:42","guid":{"rendered":"https:\/\/magnetarmagnets.com\/?post_type=product&#038;p=84230"},"modified":"2026-04-07T19:28:08","modified_gmt":"2026-04-07T17:28:08","slug":"jaktmagnet-fjerner-stalkuler","status":"publish","type":"product","link":"https:\/\/magnetarmagnets.com\/no\/shop\/jaktmagnet-fjerner-stalkuler\/","title":{"rendered":"Jaktmagnet &#8211; Fjerner st\u00e5lkuler"},"content":{"rendered":"Oppdag den ultimate forberedelsen av vilt med v\u00e5r jaktmagnet og magnet for st\u00e5lkuler. \u00c5 fjerne st\u00e5lkuler fra dine viltretter har aldri v\u00e6rt s\u00e5 enkelt! Glem de ubehagelige overraskelsene mellom tennene mens du nyter et deilig viltm\u00e5ltid. *Antall millimeter angir magnetens deteksjonsrekkevidde.\r\n\r\n\u00c5 fjerne st\u00e5lkuler fra dine viltretter har aldri v\u00e6rt s\u00e5 enkelt! Glem de ubehagelige overraskelsene mellom tennene mens du nyter et herlig viltm\u00e5ltid. Med v\u00e5rt utvalg av innovative jaktmagneter og magnet for st\u00e5lkuler er dette problemet fortid. Det er vanlig \u00e5 finne st\u00e5lkuler i vilt, noe som ikke bare er irriterende, men ogs\u00e5 kan skade tennene dine. V\u00e5re kraftige jaktmagneter og magnet for st\u00e5lkuler fjerner lett og raskt st\u00e5lkulene som sitter i kj\u00f8ttet. Tenk p\u00e5 hare, g\u00e5s, due, fasan og mer.\r\n\r\nHvorfor velge v\u00e5re jaktmagneter og magnet for st\u00e5lkuler?\r\n\r\nUtvalg av magnetstyrker: V\u00e5rt sortiment inkluderer tre forskjellige typer jaktmagneter med varierende magnetisk kraft. Jo kraftigere magnet, desto lenger kan st\u00e5lkulene trekkes ut av viltet. Velg typen som passer dine behov best.\r\n\r\nLett \u00e5 bruke: Dekk magneten enkelt med folie og f\u00f8r den forsiktig over stykket av vilt. V\u00e5re kraftige jaktmagneter og magnet for st\u00e5lkuler trekker effektivt ut de innbakte st\u00e5lkulene fra kj\u00f8ttet.\r\n\r\nSikkerhet for tennene dine: Du trenger ikke lenger bekymre deg for harde st\u00e5lkuler som kan skade tennene dine. Nyt viltretten uten ubehagelige overraskelser.\r\n\r\nBred anvendelighet: Enten du tilbereder and, g\u00e5s, due, fasan eller annet vilt, er v\u00e5re jaktmagneter og magnet for st\u00e5lkuler alltid klare til \u00e5 hjelpe.","protected":false},"excerpt":{"rendered":"<p><strong>Oppdag den ultimate forberedelsen av vilt<\/strong> med v\u00e5r jaktmagnet og fjerner av st\u00e5lkuler. \u00c5 fjerne st\u00e5lkuler fra dine viltretter har aldri v\u00e6rt s\u00e5 <strong>enkelt<\/strong>! Velg den fjerneren for st\u00e5lkuler som passer deg best. Jo st\u00f8rre magneten er, desto lengre kan kulene oppdages. *Antall millimeter angir magnetens deteksjonsrekkevidde.<\/p>\n","protected":false},"featured_media":79714,"comment_status":"open","ping_status":"closed","template":"","meta":{"_acf_changed":false,"inline_featured_image":false},"product_brand":[],"product_cat":[721,718],"product_tag":[599],"class_list":{"0":"post-84230","1":"product","2":"type-product","3":"status-publish","4":"has-post-thumbnail","6":"product_cat-magneettiset-lisavarusteet","7":"product_cat-varusteet","8":"product_tag-gratis-frakt","10":"first","11":"instock","12":"taxable","13":"shipping-taxable","14":"purchasable","15":"product-type-variable"},"acf":[],"yoast_head":"<!-- This site is optimized with the Yoast SEO plugin v27.3 - https:\/\/yoast.com\/product\/yoast-seo-wordpress\/ -->\n<title>Fjerning av st\u00e5lkuler gj\u00f8res enkelt og raskt med jaktmagneten (video)<\/title>\n<meta name=\"description\" content=\"Fjern st\u00e5lkuler enkelt med jaktmagneten\" \/>\n<meta name=\"robots\" content=\"index, follow, max-snippet:-1, max-image-preview:large, max-video-preview:-1\" \/>\n<link rel=\"canonical\" href=\"https:\/\/magnetarmagnets.com\/no\/shop\/jaktmagnet-fjerner-stalkuler\/\" \/>\n<meta property=\"og:locale\" content=\"nb_NO\" \/>\n<meta property=\"og:type\" content=\"article\" \/>\n<meta property=\"og:title\" content=\"Fjerning av st\u00e5lkuler gj\u00f8res enkelt og raskt med jaktmagneten (video)\" \/>\n<meta property=\"og:description\" content=\"Fjern st\u00e5lkuler enkelt med jaktmagneten\" \/>\n<meta property=\"og:url\" content=\"https:\/\/magnetarmagnets.com\/no\/shop\/jaktmagnet-fjerner-stalkuler\/\" \/>\n<meta property=\"og:site_name\" content=\"Magnet fishing with a Magnetar fishing magnet\" \/>\n<meta property=\"article:publisher\" content=\"https:\/\/www.facebook.com\/fishingmagnets\/\" \/>\n<meta property=\"article:modified_time\" content=\"2026-04-07T17:28:08+00:00\" \/>\n<meta property=\"og:image\" content=\"https:\/\/magnetarmagnets.com\/wp-content\/uploads\/2023\/09\/JNF-Magnetar-Bedrijfsfotografie-01-09-2023-Foto-0142.jpg\" \/>\n\t<meta property=\"og:image:width\" content=\"1000\" \/>\n\t<meta property=\"og:image:height\" content=\"1000\" \/>\n\t<meta property=\"og:image:type\" content=\"image\/jpeg\" \/>\n<meta name=\"twitter:card\" content=\"summary_large_image\" \/>\n<meta name=\"twitter:label1\" content=\"Ansl. lesetid\" \/>\n\t<meta name=\"twitter:data1\" content=\"2 minutter\" \/>\n<script type=\"application\/ld+json\" class=\"yoast-schema-graph\">{\"@context\":\"https:\\\/\\\/schema.org\",\"@graph\":[{\"@type\":[\"WebPage\",\"ItemPage\"],\"@id\":\"https:\\\/\\\/magnetarmagnets.com\\\/no\\\/shop\\\/jaktmagnet-fjerner-stalkuler\\\/\",\"url\":\"https:\\\/\\\/magnetarmagnets.com\\\/no\\\/shop\\\/jaktmagnet-fjerner-stalkuler\\\/\",\"name\":\"Fjerning av st\u00e5lkuler gj\u00f8res enkelt og raskt med jaktmagneten (video)\",\"isPartOf\":{\"@id\":\"https:\\\/\\\/magnetarmagnets.com\\\/no\\\/#website\"},\"primaryImageOfPage\":{\"@id\":\"https:\\\/\\\/magnetarmagnets.com\\\/no\\\/shop\\\/jaktmagnet-fjerner-stalkuler\\\/#primaryimage\"},\"image\":{\"@id\":\"https:\\\/\\\/magnetarmagnets.com\\\/no\\\/shop\\\/jaktmagnet-fjerner-stalkuler\\\/#primaryimage\"},\"thumbnailUrl\":\"https:\\\/\\\/magnetarmagnets.com\\\/wp-content\\\/uploads\\\/2023\\\/09\\\/JNF-Magnetar-Bedrijfsfotografie-01-09-2023-Foto-0142.jpg\",\"datePublished\":\"2025-06-05T07:54:42+00:00\",\"dateModified\":\"2026-04-07T17:28:08+00:00\",\"description\":\"Fjern st\u00e5lkuler enkelt med jaktmagneten\",\"breadcrumb\":{\"@id\":\"https:\\\/\\\/magnetarmagnets.com\\\/no\\\/shop\\\/jaktmagnet-fjerner-stalkuler\\\/#breadcrumb\"},\"inLanguage\":\"nb-NO\",\"potentialAction\":[{\"@type\":\"ReadAction\",\"target\":[\"https:\\\/\\\/magnetarmagnets.com\\\/no\\\/shop\\\/jaktmagnet-fjerner-stalkuler\\\/\"]}]},{\"@type\":\"ImageObject\",\"inLanguage\":\"nb-NO\",\"@id\":\"https:\\\/\\\/magnetarmagnets.com\\\/no\\\/shop\\\/jaktmagnet-fjerner-stalkuler\\\/#primaryimage\",\"url\":\"https:\\\/\\\/magnetarmagnets.com\\\/wp-content\\\/uploads\\\/2023\\\/09\\\/JNF-Magnetar-Bedrijfsfotografie-01-09-2023-Foto-0142.jpg\",\"contentUrl\":\"https:\\\/\\\/magnetarmagnets.com\\\/wp-content\\\/uploads\\\/2023\\\/09\\\/JNF-Magnetar-Bedrijfsfotografie-01-09-2023-Foto-0142.jpg\",\"width\":1000,\"height\":1000},{\"@type\":\"BreadcrumbList\",\"@id\":\"https:\\\/\\\/magnetarmagnets.com\\\/no\\\/shop\\\/jaktmagnet-fjerner-stalkuler\\\/#breadcrumb\",\"itemListElement\":[{\"@type\":\"ListItem\",\"position\":1,\"name\":\"Home\",\"item\":\"https:\\\/\\\/magnetarmagnets.com\\\/no\\\/\"},{\"@type\":\"ListItem\",\"position\":2,\"name\":\"Butikk\",\"item\":\"https:\\\/\\\/magnetarmagnets.com\\\/butikk\\\/\"},{\"@type\":\"ListItem\",\"position\":3,\"name\":\"Utstyr\",\"item\":\"https:\\\/\\\/magnetarmagnets.com\\\/no\\\/collections\\\/utstyr\\\/\"},{\"@type\":\"ListItem\",\"position\":4,\"name\":\"Magnetiske tilbeh\u00f8r\",\"item\":\"https:\\\/\\\/magnetarmagnets.com\\\/no\\\/collections\\\/utstyr\\\/magnetiske-tilbehor\\\/\"},{\"@type\":\"ListItem\",\"position\":5,\"name\":\"Jaktmagnet &#8211; Fjerner st\u00e5lkuler\"}]},{\"@type\":\"WebSite\",\"@id\":\"https:\\\/\\\/magnetarmagnets.com\\\/no\\\/#website\",\"url\":\"https:\\\/\\\/magnetarmagnets.com\\\/no\\\/\",\"name\":\"Magnet fishing with a Magnetar fishing magnet\",\"description\":\"Kraftige magneter for magnetfiske\",\"publisher\":{\"@id\":\"https:\\\/\\\/magnetarmagnets.com\\\/no\\\/#organization\"},\"potentialAction\":[{\"@type\":\"SearchAction\",\"target\":{\"@type\":\"EntryPoint\",\"urlTemplate\":\"https:\\\/\\\/magnetarmagnets.com\\\/no\\\/?s={search_term_string}\"},\"query-input\":{\"@type\":\"PropertyValueSpecification\",\"valueRequired\":true,\"valueName\":\"search_term_string\"}}],\"inLanguage\":\"nb-NO\"},{\"@type\":\"Organization\",\"@id\":\"https:\\\/\\\/magnetarmagnets.com\\\/no\\\/#organization\",\"name\":\"Magnetar\",\"url\":\"https:\\\/\\\/magnetarmagnets.com\\\/no\\\/\",\"logo\":{\"@type\":\"ImageObject\",\"inLanguage\":\"nb-NO\",\"@id\":\"https:\\\/\\\/magnetarmagnets.com\\\/no\\\/#\\\/schema\\\/logo\\\/image\\\/\",\"url\":\"https:\\\/\\\/magnetarmagnets.com\\\/wp-content\\\/uploads\\\/2025\\\/05\\\/Logo-03_PNG-Black-scaled.png\",\"contentUrl\":\"https:\\\/\\\/magnetarmagnets.com\\\/wp-content\\\/uploads\\\/2025\\\/05\\\/Logo-03_PNG-Black-scaled.png\",\"width\":2560,\"height\":1658,\"caption\":\"Magnetar\"},\"image\":{\"@id\":\"https:\\\/\\\/magnetarmagnets.com\\\/no\\\/#\\\/schema\\\/logo\\\/image\\\/\"},\"sameAs\":[\"https:\\\/\\\/www.facebook.com\\\/fishingmagnets\\\/\",\"https:\\\/\\\/www.instagram.com\\\/magnetar_magnets\\\/\",\"https:\\\/\\\/www.linkedin.com\\\/company\\\/magnetarbv\\\/?originalSubdomain=nl\",\"https:\\\/\\\/www.youtube.com\\\/c\\\/MagnetarVismagneet\"]}]}<\/script>\n<!-- \/ Yoast SEO plugin. -->","yoast_head_json":{"title":"Fjerning av st\u00e5lkuler gj\u00f8res enkelt og raskt med jaktmagneten (video)","description":"Fjern st\u00e5lkuler enkelt med jaktmagneten","robots":{"index":"index","follow":"follow","max-snippet":"max-snippet:-1","max-image-preview":"max-image-preview:large","max-video-preview":"max-video-preview:-1"},"canonical":"https:\/\/magnetarmagnets.com\/no\/shop\/jaktmagnet-fjerner-stalkuler\/","og_locale":"nb_NO","og_type":"article","og_title":"Fjerning av st\u00e5lkuler gj\u00f8res enkelt og raskt med jaktmagneten (video)","og_description":"Fjern st\u00e5lkuler enkelt med jaktmagneten","og_url":"https:\/\/magnetarmagnets.com\/no\/shop\/jaktmagnet-fjerner-stalkuler\/","og_site_name":"Magnet fishing with a Magnetar fishing magnet","article_publisher":"https:\/\/www.facebook.com\/fishingmagnets\/","article_modified_time":"2026-04-07T17:28:08+00:00","og_image":[{"width":1000,"height":1000,"url":"https:\/\/magnetarmagnets.com\/wp-content\/uploads\/2023\/09\/JNF-Magnetar-Bedrijfsfotografie-01-09-2023-Foto-0142.jpg","type":"image\/jpeg"}],"twitter_card":"summary_large_image","twitter_misc":{"Ansl. lesetid":"2 minutter"},"schema":{"@context":"https:\/\/schema.org","@graph":[{"@type":["WebPage","ItemPage"],"@id":"https:\/\/magnetarmagnets.com\/no\/shop\/jaktmagnet-fjerner-stalkuler\/","url":"https:\/\/magnetarmagnets.com\/no\/shop\/jaktmagnet-fjerner-stalkuler\/","name":"Fjerning av st\u00e5lkuler gj\u00f8res enkelt og raskt med jaktmagneten (video)","isPartOf":{"@id":"https:\/\/magnetarmagnets.com\/no\/#website"},"primaryImageOfPage":{"@id":"https:\/\/magnetarmagnets.com\/no\/shop\/jaktmagnet-fjerner-stalkuler\/#primaryimage"},"image":{"@id":"https:\/\/magnetarmagnets.com\/no\/shop\/jaktmagnet-fjerner-stalkuler\/#primaryimage"},"thumbnailUrl":"https:\/\/magnetarmagnets.com\/wp-content\/uploads\/2023\/09\/JNF-Magnetar-Bedrijfsfotografie-01-09-2023-Foto-0142.jpg","datePublished":"2025-06-05T07:54:42+00:00","dateModified":"2026-04-07T17:28:08+00:00","description":"Fjern st\u00e5lkuler enkelt med jaktmagneten","breadcrumb":{"@id":"https:\/\/magnetarmagnets.com\/no\/shop\/jaktmagnet-fjerner-stalkuler\/#breadcrumb"},"inLanguage":"nb-NO","potentialAction":[{"@type":"ReadAction","target":["https:\/\/magnetarmagnets.com\/no\/shop\/jaktmagnet-fjerner-stalkuler\/"]}]},{"@type":"ImageObject","inLanguage":"nb-NO","@id":"https:\/\/magnetarmagnets.com\/no\/shop\/jaktmagnet-fjerner-stalkuler\/#primaryimage","url":"https:\/\/magnetarmagnets.com\/wp-content\/uploads\/2023\/09\/JNF-Magnetar-Bedrijfsfotografie-01-09-2023-Foto-0142.jpg","contentUrl":"https:\/\/magnetarmagnets.com\/wp-content\/uploads\/2023\/09\/JNF-Magnetar-Bedrijfsfotografie-01-09-2023-Foto-0142.jpg","width":1000,"height":1000},{"@type":"BreadcrumbList","@id":"https:\/\/magnetarmagnets.com\/no\/shop\/jaktmagnet-fjerner-stalkuler\/#breadcrumb","itemListElement":[{"@type":"ListItem","position":1,"name":"Home","item":"https:\/\/magnetarmagnets.com\/no\/"},{"@type":"ListItem","position":2,"name":"Butikk","item":"https:\/\/magnetarmagnets.com\/butikk\/"},{"@type":"ListItem","position":3,"name":"Utstyr","item":"https:\/\/magnetarmagnets.com\/no\/collections\/utstyr\/"},{"@type":"ListItem","position":4,"name":"Magnetiske tilbeh\u00f8r","item":"https:\/\/magnetarmagnets.com\/no\/collections\/utstyr\/magnetiske-tilbehor\/"},{"@type":"ListItem","position":5,"name":"Jaktmagnet &#8211; Fjerner st\u00e5lkuler"}]},{"@type":"WebSite","@id":"https:\/\/magnetarmagnets.com\/no\/#website","url":"https:\/\/magnetarmagnets.com\/no\/","name":"Magnet fishing with a Magnetar fishing magnet","description":"Kraftige magneter for magnetfiske","publisher":{"@id":"https:\/\/magnetarmagnets.com\/no\/#organization"},"potentialAction":[{"@type":"SearchAction","target":{"@type":"EntryPoint","urlTemplate":"https:\/\/magnetarmagnets.com\/no\/?s={search_term_string}"},"query-input":{"@type":"PropertyValueSpecification","valueRequired":true,"valueName":"search_term_string"}}],"inLanguage":"nb-NO"},{"@type":"Organization","@id":"https:\/\/magnetarmagnets.com\/no\/#organization","name":"Magnetar","url":"https:\/\/magnetarmagnets.com\/no\/","logo":{"@type":"ImageObject","inLanguage":"nb-NO","@id":"https:\/\/magnetarmagnets.com\/no\/#\/schema\/logo\/image\/","url":"https:\/\/magnetarmagnets.com\/wp-content\/uploads\/2025\/05\/Logo-03_PNG-Black-scaled.png","contentUrl":"https:\/\/magnetarmagnets.com\/wp-content\/uploads\/2025\/05\/Logo-03_PNG-Black-scaled.png","width":2560,"height":1658,"caption":"Magnetar"},"image":{"@id":"https:\/\/magnetarmagnets.com\/no\/#\/schema\/logo\/image\/"},"sameAs":["https:\/\/www.facebook.com\/fishingmagnets\/","https:\/\/www.instagram.com\/magnetar_magnets\/","https:\/\/www.linkedin.com\/company\/magnetarbv\/?originalSubdomain=nl","https:\/\/www.youtube.com\/c\/MagnetarVismagneet"]}]}},"_links":{"self":[{"href":"https:\/\/magnetarmagnets.com\/no\/wp-json\/wp\/v2\/product\/84230","targetHints":{"allow":["GET"]}}],"collection":[{"href":"https:\/\/magnetarmagnets.com\/no\/wp-json\/wp\/v2\/product"}],"about":[{"href":"https:\/\/magnetarmagnets.com\/no\/wp-json\/wp\/v2\/types\/product"}],"replies":[{"embeddable":true,"href":"https:\/\/magnetarmagnets.com\/no\/wp-json\/wp\/v2\/comments?post=84230"}],"version-history":[{"count":1,"href":"https:\/\/magnetarmagnets.com\/no\/wp-json\/wp\/v2\/product\/84230\/revisions"}],"predecessor-version":[{"id":95720,"href":"https:\/\/magnetarmagnets.com\/no\/wp-json\/wp\/v2\/product\/84230\/revisions\/95720"}],"wp:featuredmedia":[{"embeddable":true,"href":"https:\/\/magnetarmagnets.com\/no\/wp-json\/wp\/v2\/media\/79714"}],"wp:attachment":[{"href":"https:\/\/magnetarmagnets.com\/no\/wp-json\/wp\/v2\/media?parent=84230"}],"wp:term":[{"taxonomy":"product_brand","embeddable":true,"href":"https:\/\/magnetarmagnets.com\/no\/wp-json\/wp\/v2\/product_brand?post=84230"},{"taxonomy":"product_cat","embeddable":true,"href":"https:\/\/magnetarmagnets.com\/no\/wp-json\/wp\/v2\/product_cat?post=84230"},{"taxonomy":"product_tag","embeddable":true,"href":"https:\/\/magnetarmagnets.com\/no\/wp-json\/wp\/v2\/product_tag?post=84230"}],"curies":[{"name":"wp","href":"https:\/\/api.w.org\/{rel}","templated":true}]}}