{"id":83003,"date":"2014-04-08T08:47:46","date_gmt":"2014-04-08T06:47:46","guid":{"rendered":"https:\/\/magnetarmagnets.com\/?page_id=83003"},"modified":"2025-07-17T10:15:08","modified_gmt":"2025-07-17T08:15:08","slug":"personvernerklaering","status":"publish","type":"page","link":"https:\/\/magnetarmagnets.com\/no\/personvernerklaering\/","title":{"rendered":"Personvernerkl\u00e6ring"},"content":{"rendered":"\n<p>Sist oppdatert: 19. november 2021<\/p>\n\n\n\n<p>Dette er personvernerkl\u00e6ringen til Magnetar US, Inc., heretter kalt Magnetar. Dette dokumentet forklarer hvordan Magnetar h\u00e5ndterer behandlingen av dine personopplysninger. Ved behandling av dine personopplysninger vil Magnetar utvise st\u00f8rst mulig forsiktighet.<\/p>\n\n\n\n<h2 class=\"wp-block-heading\">Innhenting av personopplysninger<\/h2>\n\n\n\n<p>N\u00e5r du benytter deg av Magnetars tjenester, oppgir du selv flere personopplysninger til Magnetar, eller dine opplysninger samles inn som en del av avtalen. Med personopplysninger menes all informasjon som gjelder en identifisert eller identifiserbar fysisk person.<\/p>\n\n\n\n<h2 class=\"wp-block-heading\">Kategorier av personopplysninger<\/h2>\n\n\n\n<p>Magnetar behandler f\u00f8lgende kategorier av personopplysninger:<\/p>\n\n\n\n<ul class=\"wp-block-list\">\n<li>Kontaktopplysninger, inkludert adressen din, posisjonsdata, telefonnummer og e-postadresse.<\/li>\n\n\n\n<li>Firmainformasjon, inkludert MVA-nummer og organisasjonsnummer.<\/li>\n\n\n\n<li>Alternativ leveringsadresse.<\/li>\n\n\n\n<li>Kontoinformasjon, inkludert brukernavn og passord.<\/li>\n\n\n\n<li>Andre personopplysninger som du har oppgitt.<\/li>\n<\/ul>\n\n\n\n<h2 class=\"wp-block-heading\">Form\u00e5l med behandlingen<\/h2>\n\n\n\n<p>Personopplysningene som behandles av Magnetar, brukes til f\u00f8lgende form\u00e5l:<\/p>\n\n\n\n<ul class=\"wp-block-list\">\n<li>Kontakte deg for \u00e5 informere om tjenestene du har kj\u00f8pt og leveringen av disse.<\/li>\n\n\n\n<li>Muliggj\u00f8re levering av Magnetars tjenester.<\/li>\n\n\n\n<li>Forbedre v\u00e5re tjenester.<\/li>\n\n\n\n<li>Behandle betalinger.<\/li>\n\n\n\n<li>Overholde juridiske forpliktelser.<\/li>\n\n\n\n<li>Markedsf\u00f8ring og kommunikasjon, inkludert forbedring av nettsiden ved analyse av bes\u00f8ksadferd.<\/li>\n\n\n\n<li>Sende ut nyhetsbrev.<\/li>\n\n\n\n<li>Utveksle data med tredjeparter der det er n\u00f8dvendig for \u00e5 levere tjenestene.<\/li>\n<\/ul>\n\n\n\n<h2 class=\"wp-block-heading\">Behandlingsgrunnlag<\/h2>\n\n\n\n<p>Personopplysninger kan kun behandles p\u00e5 grunnlag av f\u00f8lgende: (i) juridisk forpliktelse, (ii) oppfyllelse av avtale, (iii) innhentet (uttrykkelig) samtykke fra deg, og (iv) berettiget interesse. Ved levering av tjenester behandler Magnetar personopplysninger som er n\u00f8dvendige for tjenestene. Magnetar behandler kun data som anses n\u00f8dvendige for (\u00e5 forbedre) tjenestene og behandler dine (personlige) data med forsiktighet. Behandlingsgrunnlaget er avtalen du har inng\u00e5tt med Magnetar. Personopplysninger kan ogs\u00e5 behandles ved bes\u00f8k p\u00e5 nettstedet <a class=\"\" href=\"https:\/\/magnetarmagnets.com\/no\/\">https:\/\/magnetarmagnets.com\/<\/a> dersom du har gitt samtykke til dette.<\/p>\n\n\n\n<h2 class=\"wp-block-heading\">N\u00f8dvendighet av behandling<\/h2>\n\n\n\n<p>Behandling av dine personopplysninger er n\u00f8dvendig for levering av v\u00e5re tjenester.<\/p>\n\n\n\n<h2 class=\"wp-block-heading\">Automatisert beslutningstaking<\/h2>\n\n\n\n<p>Det foreg\u00e5r ingen automatisert beslutningstaking.<\/p>\n\n\n\n<h2 class=\"wp-block-heading\">Lagringsperiode<\/h2>\n\n\n\n<p>Personopplysningene som behandles av Magnetar, lagres i samsvar med gjeldende lover og forskrifter. Hvis en lengre lagringsperiode er p\u00e5krevd i henhold til lovgivning eller reguleringer, lagres personopplysningene tilsvarende lenger i samsvar med disse kravene. Alle personopplysninger lagres ikke lenger enn det som er strengt n\u00f8dvendig.<\/p>\n\n\n\n<h2 class=\"wp-block-heading\">Behandling av tredjeparter<\/h2>\n\n\n\n<p>Magnetar deler kun personopplysninger med tredjeparter dersom dette er strengt n\u00f8dvendig for \u00e5 oppfylle en avtale eller for \u00e5 overholde gjeldende lover og forskrifter. Personopplysninger selges aldri. Magnetar kan v\u00e6re rettslig forpliktet til \u00e5 dele personopplysninger med tredjeparter. Dersom personopplysninger deles med tredjeparter, inng\u00e5s databehandleravtaler for dette form\u00e5let. Tredjeparter som mottar personopplysninger er:<\/p>\n\n\n\n<ul class=\"wp-block-list\">\n<li>Transporttjenester, for gjennomf\u00f8ring av avtalen. Kategorier av personopplysninger som behandles: kontakt-, navn- og adresseopplysninger.<\/li>\n\n\n\n<li>Betalingsleverand\u00f8r, for gjennomf\u00f8ring av avtalen. Kategorier av personopplysninger som behandles: \u00f8konomiske data.<\/li>\n\n\n\n<li>Regnskapsf\u00f8rer, for gjennomf\u00f8ring av avtalen. Kategorier av personopplysninger som behandles: kontakt-, navn- og adresseopplysninger samt \u00f8konomiske data.<\/li>\n\n\n\n<li>Programvareleverand\u00f8rer, for gjennomf\u00f8ring av avtalen. Kategorier av personopplysninger som behandles: kontakt-, navn- og adresseopplysninger.<\/li>\n\n\n\n<li>Nettstedsadministrator, for gjennomf\u00f8ring av avtalen. Kategorier av personopplysninger som behandles: kontakt-, navn- og adresseopplysninger.<\/li>\n\n\n\n<li>Engasjerte tredjeparter, for gjennomf\u00f8ring av avtalen. Kategorier av personopplysninger som behandles: kontakt-, navn- og adresseopplysninger.<\/li>\n<\/ul>\n\n\n\n<h2 class=\"wp-block-heading\">Sikkerhet av personopplysninger<\/h2>\n\n\n\n<p>Magnetar tar beskyttelsen av dine personopplysninger p\u00e5 alvor og vil iverksette n\u00f8dvendige tiltak, med hensyn til dagens teknologiske niv\u00e5, implementeringskostnader, samt behandlingens art, omfang, kontekst og form\u00e5l, samt risikoene for individers rettigheter og friheter, for \u00e5 sikre et sikkerhetsniv\u00e5 som er tilpasset risikoen. Magnetar benytter egnede tekniske og organisatoriske tiltak for \u00e5 ivareta sikkerheten til dine personopplysninger.<\/p>\n\n\n\n<h2 class=\"wp-block-heading\">Ansvarsfraskrivelse<\/h2>\n\n\n\n<p>Ved \u00e5 bruke nettstedet godtar du denne ansvarsfraskrivelsen. Magnetar forbeholder seg retten til n\u00e5r som helst \u00e5 endre innholdet p\u00e5 sitt nettsted og\/eller denne ansvarsfraskrivelsen uten \u00e5 informere kunder og\/eller brukere om slike endringer. Innholdet p\u00e5 nettstedet er utarbeidet med st\u00f8rst mulig omhu, men kan likevel inneholde un\u00f8yaktigheter eller v\u00e6re ufullstendig. Magnetar p\u00e5tar seg intet ansvar for skader som skyldes eller oppst\u00e5r som f\u00f8lge av bruk av nettstedet. Bruken av nettstedet skjer helt p\u00e5 brukerens egen risiko. Ingen rettigheter kan utledes av innholdet p\u00e5 nettstedet. Alle tekster p\u00e5 nettstedet er beskyttet av opphavsrett og tilh\u00f8rer Magnetar, med mindre de tilh\u00f8rer tredjepart.<\/p>\n\n\n\n<h2 class=\"wp-block-heading\">Informasjonskapsler (Cookies)<\/h2>\n\n\n\n<p>Magnetar benytter tekniske og funksjonelle informasjonskapsler for \u00e5 optimalisere sitt nettsted. Informasjonskapsler er sm\u00e5 tekstfiler som sendes n\u00e5r et nettsted bes\u00f8kes, for \u00e5 gj\u00f8re brukeropplevelsen mer effektiv. Magnetar har etter loven rett til \u00e5 lagre informasjonskapsler p\u00e5 enheten din dersom disse er strengt n\u00f8dvendige for \u00e5 kunne bruke nettstedet. For andre typer informasjonskapsler kreves ditt samtykke. Magnetar anbefaler \u00e5 akseptere informasjonskapslene for \u00e5 sikre best mulig brukervennlighet. Bes\u00f8kende p\u00e5 nettstedet har mulighet til \u00e5 krysse av for valg. De informasjonskapslene Magnetar bruker er funksjonelle: disse sikrer at nettstedet fungerer som det skal. Disse p\u00e5virker ikke personvernet, s\u00e5 det er ikke n\u00f8dvendig \u00e5 be om tillatelse. Med disse kapslene lagres for eksempel nettleserinnstillinger slik at nettsiden vises riktig, eller nettsiden forblir tilgjengelig (lastbalansering), samt kapsler som s\u00f8rger for at ingen andre kapsler kan plasseres (no-follow). Med ditt samtykke plasserer Magnetar ogs\u00e5 s\u00e5kalte \u201ctracking cookies\u201d p\u00e5 datamaskinen din. Disse brukes til \u00e5 registrere hvilke sider du bes\u00f8ker, for \u00e5 bygge en profil over din nettatferd. Dette profilen knyttes ikke til navn, adresse, e-post eller lignende, men brukes kun til \u00e5 tilpasse annonser til profilen din. Google-informasjonskapsler plasseres ogs\u00e5 via Magnetars nettsted til fordel for Google Analytics. Dette inneb\u00e6rer at Magnetar ikke kan knytte informasjonen til enkeltpersoner. Magnetar lagrer ikke hva du gj\u00f8r p\u00e5 internett. Google Analytics kan v\u00e6re forpliktet til \u00e5 gi tilgang til disse dataene i henhold til gjeldende lover og forskrifter. Har du sp\u00f8rsm\u00e5l om dette, kontakt oss p\u00e5 <a>info@magnetarmagnets.com<\/a>.<\/p>\n\n\n\n<h2 class=\"wp-block-heading\">Bruk av sosiale medier<\/h2>\n\n\n\n<p>Magnetar bruker informasjonskapsler fra tredjeparter for \u00e5 optimalisere nettstedet. Noen informasjonskapsler settes av tredjepartstjenester som vises p\u00e5 nettsiden, slik som Google Analytics og sosiale medier (Facebook, Instagram og YouTube). Bruk av informasjonskapsler fra andre selskaper reguleres av personvernerkl\u00e6ringen og cookie-policyen til det aktuelle selskapet. N\u00e5r du klikker p\u00e5 en sosial medieknapp p\u00e5 nettstedet, plasseres en sosial medie-cookie. Dette gj\u00f8r at den sosiale medie-parten kan gjenkjenne IP-adressen din n\u00e5r du deler en artikkel fra nettstedet. N\u00e5r det gjelder disse cookies og personopplysninger de samler inn, henviser Magnetar til personvernerkl\u00e6ringen til de aktuelle sosiale medie-plattformene.<\/p>\n\n\n\n<h2 class=\"wp-block-heading\">Nyhetsbrev og annen markedsf\u00f8ring p\u00e5 e-post<\/h2>\n\n\n\n<p>Du kan registrere deg for nyhetsbrev og\/eller andre kommersielle tilbud via nettsiden. N\u00e5r du registrerer deg, ber Magnetar om ditt samtykke til \u00e5 behandle e-postadressen din med form\u00e5l \u00e5 sende deg markedsf\u00f8rings-e-poster med den nyeste informasjonen om produkter og tjenester, spesialtilbud og markedsf\u00f8ringskampanjer. Du mottar kun markedsf\u00f8rings-e-post dersom du har gitt ditt samtykke. Ditt samtykke inneb\u00e6rer ogs\u00e5 at Magnetar kan tilpasse markedsf\u00f8rings-e-poster til dine behov og interesser basert p\u00e5 en eventuell brukerprofil. Du kan n\u00e5r som helst trekke tilbake samtykket ditt ved \u00e5 klikke p\u00e5 \u201cAvslutt abonnement\u201d nederst i markedsf\u00f8rings-e-posten. Tilbaketrekking av samtykket p\u00e5virker ikke lovligheten av tidligere behandling.<\/p>\n\n\n\n<h2 class=\"wp-block-heading\">Nettleserinnstillinger<\/h2>\n\n\n\n<p>Hvis du ikke \u00f8nsker at nettsteder skal plassere informasjonskapsler p\u00e5 enheten du bruker til \u00e5 bes\u00f8ke nettstedet, kan du justere innstillingene i nettleseren din. F\u00f8r en informasjonskapsel plasseres, vil du motta et varsel og m\u00e5 samtykke til bruk av informasjonskapsler. Dersom du ikke gir samtykke, kan det f\u00f8re til at nettstedet fungerer d\u00e5rligere. Du kan stille inn nettleseren slik at alle informasjonskapsler, inkludert tredjepartskapsler, blokkeres. Du kan ogs\u00e5 slette lagrede informasjonskapsler. Dette gj\u00f8r du ved \u00e5 justere personverninnstillingene i nettleseren. Denne personvernerkl\u00e6ringen gjelder ikke for tredjeparts nettsteder som er koblet til dette nettstedet via lenker. Magnetar kan ikke garantere at disse tredjepartene h\u00e5ndterer personopplysningene dine p\u00e5 en p\u00e5litelig eller sikker m\u00e5te. Magnetar anbefaler at du leser personvernerkl\u00e6ringene p\u00e5 disse nettstedene f\u00f8r du tar dem i bruk.<\/p>\n\n\n\n<h2 class=\"wp-block-heading\">Rettigheter for registrerte<\/h2>\n\n\n\n<p>Som registrert har du f\u00f8lgende rettigheter:<\/p>\n\n\n\n<p>Rettigheter for registrerte<\/p>\n\n\n\n<p>Som registrert har du f\u00f8lgende rettigheter:<\/p>\n\n\n\n<p>Innsynsrett<br>Du har rett til \u00e5 f\u00e5 vite om dine personopplysninger behandles, og i s\u00e5 fall f\u00e5 innsyn i behandlingen.<\/p>\n\n\n\n<p>Rett til retting<br>Du har rett til \u00e5 f\u00e5 uriktige personopplysninger rettet og mangelfulle personopplysninger supplert.<\/p>\n\n\n\n<p>Rett til sletting (retten til \u00e5 bli glemt)<br>Du har rett til \u00e5 f\u00e5 personopplysninger slettet uten un\u00f8dig opphold.<\/p>\n\n\n\n<p>Rett til begrensning av behandling<br>Du har rett til \u00e5 kreve begrensning i behandlingen av dine personopplysninger. Kontakt Magnetar for \u00e5 gj\u00f8re dette.<\/p>\n\n\n\n<p>Rett til dataportabilitet<br>Du har rett til \u00e5 f\u00e5 utlevert personopplysninger du har gitt til Magnetar i et strukturert, vanlig brukt og maskinlesbart format, slik at du om n\u00f8dvendig kan overf\u00f8re opplysningene til en tredjepart. Du kan ogs\u00e5 be Magnetar overf\u00f8re disse dataene direkte til en tredjepart.<\/p>\n\n\n\n<p>Rett til \u00e5 protestere<br>Du har til enhver tid rett til \u00e5 protestere mot behandling av personopplysninger som er basert p\u00e5 dine spesifikke forhold, inkludert profilering. Magnetar vil stanse behandlingen med mindre det foreligger tvingende berettigede grunner som veier tyngre enn dine interesser, rettigheter og friheter, eller behandlingen er n\u00f8dvendig for rettskrav.<\/p>\n\n\n\n<h2 class=\"wp-block-heading\">Klage<\/h2>\n\n\n\n<p>Dersom du har en klage p\u00e5 hvordan Magnetar behandler dine personopplysninger, eller \u00f8nsker \u00e5 ut\u00f8ve en av rettighetene dine, kan du kontakte oss via nettstedet eller p\u00e5 e-post til <a>info@magnetarmagnets.com<\/a>. For \u00e5 bekrefte identiteten din ber Magnetar om en kopi av gyldig legitimasjon. Du kan gjerne sladde passbildet og MRZ-linjen (numrene nederst i passet) for \u00e5 beskytte personvernet ditt. Magnetar vil behandle henvendelsen s\u00e5 raskt som mulig og senest innen 4 uker. Du kan ogs\u00e5 sende klage til den nederlandske datatilsynsmyndigheten (Autoriteit Persoonsgegevens), som er det kompetente tilsynsorganet. Kontakt dem via denne lenken: <a class=\"\" href=\"https:\/\/autoriteitpersoonsgegevens.nl\/nl\/contact-met-de-autoriteit-persoonsgegevens\/tip-ons\">https:\/\/autoriteitpersoonsgegevens.nl\/nl\/contact-met-de-autoriteit-persoonsgegevens\/tip-ons<\/a><\/p>\n\n\n\n<h2 class=\"wp-block-heading\">Endringer i personvernerkl\u00e6ringen<\/h2>\n\n\n\n<p>Magnetar forbeholder seg retten til \u00e5 endre denne personvernerkl\u00e6ringen n\u00e5r som helst. Den nyeste versjonen er gjeldende.<\/p>\n","protected":false},"excerpt":{"rendered":"<p>Sist oppdatert: 19. november 2021 Dette er personvernerkl\u00e6ringen til Magnetar US, Inc., heretter kalt Magnetar. Dette dokumentet forklarer hvordan Magnetar h\u00e5ndterer behandlingen av dine personopplysninger. Ved behandling av dine personopplysninger vil Magnetar utvise st\u00f8rst mulig forsiktighet. Innhenting av personopplysninger N\u00e5r du benytter deg av Magnetars tjenester, oppgir du selv flere personopplysninger til Magnetar, eller dine [&hellip;]<\/p>\n","protected":false},"author":1,"featured_media":0,"parent":0,"menu_order":0,"comment_status":"open","ping_status":"open","template":"","meta":{"_acf_changed":false,"inline_featured_image":false,"footnotes":""},"class_list":["post-83003","page","type-page","status-publish","hentry"],"acf":[],"yoast_head":"<!-- This site is optimized with the Yoast SEO plugin v27.3 - https:\/\/yoast.com\/product\/yoast-seo-wordpress\/ -->\n<title>Personvernerkl\u00e6ring - Magnet fishing with a Magnetar fishing magnet<\/title>\n<meta name=\"robots\" content=\"noindex, nofollow\" \/>\n<meta property=\"og:locale\" content=\"nb_NO\" \/>\n<meta property=\"og:type\" content=\"article\" \/>\n<meta property=\"og:title\" content=\"Personvernerkl\u00e6ring - Magnet fishing with a Magnetar fishing magnet\" \/>\n<meta property=\"og:description\" content=\"Sist oppdatert: 19. november 2021 Dette er personvernerkl\u00e6ringen til Magnetar US, Inc., heretter kalt Magnetar. Dette dokumentet forklarer hvordan Magnetar h\u00e5ndterer behandlingen av dine personopplysninger. Ved behandling av dine personopplysninger vil Magnetar utvise st\u00f8rst mulig forsiktighet. Innhenting av personopplysninger N\u00e5r du benytter deg av Magnetars tjenester, oppgir du selv flere personopplysninger til Magnetar, eller dine [&hellip;]\" \/>\n<meta property=\"og:url\" content=\"https:\/\/magnetarmagnets.com\/no\/personvernerklaering\/\" \/>\n<meta property=\"og:site_name\" content=\"Magnet fishing with a Magnetar fishing magnet\" \/>\n<meta property=\"article:publisher\" content=\"https:\/\/www.facebook.com\/fishingmagnets\/\" \/>\n<meta property=\"article:modified_time\" content=\"2025-07-17T08:15:08+00:00\" \/>\n<meta property=\"og:image\" content=\"https:\/\/magnetarmagnets.com\/wp-content\/uploads\/2025\/05\/Logo-03_PNG-Black-scaled.png\" \/>\n\t<meta property=\"og:image:width\" content=\"2560\" \/>\n\t<meta property=\"og:image:height\" content=\"1658\" \/>\n\t<meta property=\"og:image:type\" content=\"image\/png\" \/>\n<meta name=\"twitter:card\" content=\"summary_large_image\" \/>\n<meta name=\"twitter:label1\" content=\"Ansl. lesetid\" \/>\n\t<meta name=\"twitter:data1\" content=\"7 minutter\" \/>\n<script type=\"application\/ld+json\" class=\"yoast-schema-graph\">{\"@context\":\"https:\\\/\\\/schema.org\",\"@graph\":[{\"@type\":\"WebPage\",\"@id\":\"https:\\\/\\\/magnetarmagnets.com\\\/no\\\/personvernerklaering\\\/\",\"url\":\"https:\\\/\\\/magnetarmagnets.com\\\/no\\\/personvernerklaering\\\/\",\"name\":\"Personvernerkl\u00e6ring - Magnet fishing with a Magnetar fishing magnet\",\"isPartOf\":{\"@id\":\"https:\\\/\\\/magnetarmagnets.com\\\/no\\\/#website\"},\"datePublished\":\"2014-04-08T06:47:46+00:00\",\"dateModified\":\"2025-07-17T08:15:08+00:00\",\"breadcrumb\":{\"@id\":\"https:\\\/\\\/magnetarmagnets.com\\\/no\\\/personvernerklaering\\\/#breadcrumb\"},\"inLanguage\":\"nb-NO\",\"potentialAction\":[{\"@type\":\"ReadAction\",\"target\":[\"https:\\\/\\\/magnetarmagnets.com\\\/no\\\/personvernerklaering\\\/\"]}]},{\"@type\":\"BreadcrumbList\",\"@id\":\"https:\\\/\\\/magnetarmagnets.com\\\/no\\\/personvernerklaering\\\/#breadcrumb\",\"itemListElement\":[{\"@type\":\"ListItem\",\"position\":1,\"name\":\"Home\",\"item\":\"https:\\\/\\\/magnetarmagnets.com\\\/no\\\/\"},{\"@type\":\"ListItem\",\"position\":2,\"name\":\"Personvernerkl\u00e6ring\"}]},{\"@type\":\"WebSite\",\"@id\":\"https:\\\/\\\/magnetarmagnets.com\\\/no\\\/#website\",\"url\":\"https:\\\/\\\/magnetarmagnets.com\\\/no\\\/\",\"name\":\"Magnet fishing with a Magnetar fishing magnet\",\"description\":\"Kraftige magneter for magnetfiske\",\"publisher\":{\"@id\":\"https:\\\/\\\/magnetarmagnets.com\\\/no\\\/#organization\"},\"potentialAction\":[{\"@type\":\"SearchAction\",\"target\":{\"@type\":\"EntryPoint\",\"urlTemplate\":\"https:\\\/\\\/magnetarmagnets.com\\\/no\\\/?s={search_term_string}\"},\"query-input\":{\"@type\":\"PropertyValueSpecification\",\"valueRequired\":true,\"valueName\":\"search_term_string\"}}],\"inLanguage\":\"nb-NO\"},{\"@type\":\"Organization\",\"@id\":\"https:\\\/\\\/magnetarmagnets.com\\\/no\\\/#organization\",\"name\":\"Magnetar\",\"url\":\"https:\\\/\\\/magnetarmagnets.com\\\/no\\\/\",\"logo\":{\"@type\":\"ImageObject\",\"inLanguage\":\"nb-NO\",\"@id\":\"https:\\\/\\\/magnetarmagnets.com\\\/no\\\/#\\\/schema\\\/logo\\\/image\\\/\",\"url\":\"https:\\\/\\\/magnetarmagnets.com\\\/wp-content\\\/uploads\\\/2025\\\/05\\\/Logo-03_PNG-Black-scaled.png\",\"contentUrl\":\"https:\\\/\\\/magnetarmagnets.com\\\/wp-content\\\/uploads\\\/2025\\\/05\\\/Logo-03_PNG-Black-scaled.png\",\"width\":2560,\"height\":1658,\"caption\":\"Magnetar\"},\"image\":{\"@id\":\"https:\\\/\\\/magnetarmagnets.com\\\/no\\\/#\\\/schema\\\/logo\\\/image\\\/\"},\"sameAs\":[\"https:\\\/\\\/www.facebook.com\\\/fishingmagnets\\\/\",\"https:\\\/\\\/www.instagram.com\\\/magnetar_magnets\\\/\",\"https:\\\/\\\/www.linkedin.com\\\/company\\\/magnetarbv\\\/?originalSubdomain=nl\",\"https:\\\/\\\/www.youtube.com\\\/c\\\/MagnetarVismagneet\"]}]}<\/script>\n<!-- \/ Yoast SEO plugin. -->","yoast_head_json":{"title":"Personvernerkl\u00e6ring - Magnet fishing with a Magnetar fishing magnet","robots":{"index":"noindex","follow":"nofollow"},"og_locale":"nb_NO","og_type":"article","og_title":"Personvernerkl\u00e6ring - Magnet fishing with a Magnetar fishing magnet","og_description":"Sist oppdatert: 19. november 2021 Dette er personvernerkl\u00e6ringen til Magnetar US, Inc., heretter kalt Magnetar. Dette dokumentet forklarer hvordan Magnetar h\u00e5ndterer behandlingen av dine personopplysninger. Ved behandling av dine personopplysninger vil Magnetar utvise st\u00f8rst mulig forsiktighet. Innhenting av personopplysninger N\u00e5r du benytter deg av Magnetars tjenester, oppgir du selv flere personopplysninger til Magnetar, eller dine [&hellip;]","og_url":"https:\/\/magnetarmagnets.com\/no\/personvernerklaering\/","og_site_name":"Magnet fishing with a Magnetar fishing magnet","article_publisher":"https:\/\/www.facebook.com\/fishingmagnets\/","article_modified_time":"2025-07-17T08:15:08+00:00","og_image":[{"width":2560,"height":1658,"url":"https:\/\/magnetarmagnets.com\/wp-content\/uploads\/2025\/05\/Logo-03_PNG-Black-scaled.png","type":"image\/png"}],"twitter_card":"summary_large_image","twitter_misc":{"Ansl. lesetid":"7 minutter"},"schema":{"@context":"https:\/\/schema.org","@graph":[{"@type":"WebPage","@id":"https:\/\/magnetarmagnets.com\/no\/personvernerklaering\/","url":"https:\/\/magnetarmagnets.com\/no\/personvernerklaering\/","name":"Personvernerkl\u00e6ring - Magnet fishing with a Magnetar fishing magnet","isPartOf":{"@id":"https:\/\/magnetarmagnets.com\/no\/#website"},"datePublished":"2014-04-08T06:47:46+00:00","dateModified":"2025-07-17T08:15:08+00:00","breadcrumb":{"@id":"https:\/\/magnetarmagnets.com\/no\/personvernerklaering\/#breadcrumb"},"inLanguage":"nb-NO","potentialAction":[{"@type":"ReadAction","target":["https:\/\/magnetarmagnets.com\/no\/personvernerklaering\/"]}]},{"@type":"BreadcrumbList","@id":"https:\/\/magnetarmagnets.com\/no\/personvernerklaering\/#breadcrumb","itemListElement":[{"@type":"ListItem","position":1,"name":"Home","item":"https:\/\/magnetarmagnets.com\/no\/"},{"@type":"ListItem","position":2,"name":"Personvernerkl\u00e6ring"}]},{"@type":"WebSite","@id":"https:\/\/magnetarmagnets.com\/no\/#website","url":"https:\/\/magnetarmagnets.com\/no\/","name":"Magnet fishing with a Magnetar fishing magnet","description":"Kraftige magneter for magnetfiske","publisher":{"@id":"https:\/\/magnetarmagnets.com\/no\/#organization"},"potentialAction":[{"@type":"SearchAction","target":{"@type":"EntryPoint","urlTemplate":"https:\/\/magnetarmagnets.com\/no\/?s={search_term_string}"},"query-input":{"@type":"PropertyValueSpecification","valueRequired":true,"valueName":"search_term_string"}}],"inLanguage":"nb-NO"},{"@type":"Organization","@id":"https:\/\/magnetarmagnets.com\/no\/#organization","name":"Magnetar","url":"https:\/\/magnetarmagnets.com\/no\/","logo":{"@type":"ImageObject","inLanguage":"nb-NO","@id":"https:\/\/magnetarmagnets.com\/no\/#\/schema\/logo\/image\/","url":"https:\/\/magnetarmagnets.com\/wp-content\/uploads\/2025\/05\/Logo-03_PNG-Black-scaled.png","contentUrl":"https:\/\/magnetarmagnets.com\/wp-content\/uploads\/2025\/05\/Logo-03_PNG-Black-scaled.png","width":2560,"height":1658,"caption":"Magnetar"},"image":{"@id":"https:\/\/magnetarmagnets.com\/no\/#\/schema\/logo\/image\/"},"sameAs":["https:\/\/www.facebook.com\/fishingmagnets\/","https:\/\/www.instagram.com\/magnetar_magnets\/","https:\/\/www.linkedin.com\/company\/magnetarbv\/?originalSubdomain=nl","https:\/\/www.youtube.com\/c\/MagnetarVismagneet"]}]}},"_links":{"self":[{"href":"https:\/\/magnetarmagnets.com\/no\/wp-json\/wp\/v2\/pages\/83003","targetHints":{"allow":["GET"]}}],"collection":[{"href":"https:\/\/magnetarmagnets.com\/no\/wp-json\/wp\/v2\/pages"}],"about":[{"href":"https:\/\/magnetarmagnets.com\/no\/wp-json\/wp\/v2\/types\/page"}],"author":[{"embeddable":true,"href":"https:\/\/magnetarmagnets.com\/no\/wp-json\/wp\/v2\/users\/1"}],"replies":[{"embeddable":true,"href":"https:\/\/magnetarmagnets.com\/no\/wp-json\/wp\/v2\/comments?post=83003"}],"version-history":[{"count":0,"href":"https:\/\/magnetarmagnets.com\/no\/wp-json\/wp\/v2\/pages\/83003\/revisions"}],"wp:attachment":[{"href":"https:\/\/magnetarmagnets.com\/no\/wp-json\/wp\/v2\/media?parent=83003"}],"curies":[{"name":"wp","href":"https:\/\/api.w.org\/{rel}","templated":true}]}}