{"id":82949,"date":"2014-04-08T08:07:37","date_gmt":"2014-04-08T06:07:37","guid":{"rendered":"https:\/\/magnetarmagnets.com\/returpolicy\/"},"modified":"2025-07-16T15:05:29","modified_gmt":"2025-07-16T13:05:29","slug":"returpolicy","status":"publish","type":"page","link":"https:\/\/magnetarmagnets.com\/no\/returpolicy\/","title":{"rendered":"Returpolicy"},"content":{"rendered":"\n<p>Har du bestilt et produkt som ikke lever opp til forventningene dine? Vi tilbyr muligheten til \u00e5 returnere produkter innen 30 dager etter mottak, uten \u00e5 m\u00e5tte oppgi noen grunn. Den ene viktige betingelsen er at produktet ikke er brukt.  <\/p>\n\n<p>Magnetar ber deg om \u00e5 legge ved (en kopi av) ordrebekreftelsen sammen med varen du returnerer. Hvis alle betingelser er oppfylt, vil hele kj\u00f8pesummen bli refundert til kontoen din innen 10 virkedager. <\/p>\n\n<p><strong>&#8211;<\/strong><\/p>\n\n<p>&#8211;<\/p>\n\n<p><strong>Returer fra Europa kan sendes til f\u00f8lgende adresse:<\/strong><\/p>\n\n<p>Active Ants<br\/>Magnetar Retouren,<br\/>Borchwerf 5,<br\/>4704 RG Roosendaal,<br\/>The Netherlands<\/p>\n\n<h2 class=\"wp-block-heading\"><strong>Angrerett<\/strong><\/h2>\n\n<p>Du har rett til \u00e5 heve kj\u00f8pet innen 30 dager uten \u00e5 oppgi grunn. Angrefristen utl\u00f8per 14 dager etter den dagen du mottok produktene. <\/p>\n\n<p>Du kan benytte deg av angreretten ved \u00e5 informere Magnetar om at du \u00f8nsker \u00e5 heve kj\u00f8pet. Dette kan gj\u00f8res via e-post eller kontaktskjemaet p\u00e5 nettsiden v\u00e5r. Det er mulig \u00e5 bruke et standard angrerettskjema.  <\/p>\n\n<h2 class=\"wp-block-heading\"><strong>F\u00f8lger av angreretten<\/strong><\/h2>\n\n<p>Etter at kj\u00f8pet er hevet, refunderer Magnetar alle betalingene dine, inkludert fraktkostnader. Eventuelle ekstra kostnader som skyldes valg av en annen leveringsm\u00e5te enn den standardmetoden vi tilbyr, vil ikke bli refundert. <\/p>\n\n<p>Refusjonen skjer senest 10 dager etter heving av kj\u00f8pet. Tilbakebetalingen skjer med samme betalingsmetode som ble brukt ved kj\u00f8pet. Ingen kostnader belastes for tilbakebetalingen. Magnetar forbeholder seg retten til \u00e5 nekte tilbakebetaling inntil varene er mottatt, eller du har fremlagt bevis p\u00e5 at produktene er sendt tilbake.   <\/p>\n\n<p>Ved heving skal produktene leveres til oss uten un\u00f8dvendig forsinkelse og senest innen 30 dager etter kj\u00f8pet. Du oppfyller denne fristen hvis du sender varene innen 30 dager. <\/p>\n\n<p>Du m\u00e5 selv betale kostnadene ved returforsendelsen. Eventuelt verditap p\u00e5 produktene vil bli belastet deg dersom tapet skyldes h\u00e5ndtering som g\u00e5r lenger enn n\u00f8dvendig for \u00e5 fastsl\u00e5 varenes art, egenskaper og funksjon. <a id=\"_msocom_1\"><\/a><\/p>\n\n<h2 class=\"wp-block-heading\"><strong>S\u00e6rlige vilk\u00e5r<\/strong><\/h2>\n\n<p>Dersom du finansierer kj\u00f8pet ditt med et l\u00e5n og trekker dette tilbake senere, vil du ikke lenger v\u00e6re bundet av avtalen. Dette gjelder n\u00e5r Magnetar er din kredittgiver, eller n\u00e5r kredittgiveren bruker Magnetars samarbeid for \u00e5 finansiere kj\u00f8pet ditt. <\/p>\n\n<p>Dersom kj\u00f8pet er kreditert oss f\u00f8r angreretten benyttes, blir avtalen automatisk hevet.<\/p>\n\n<p>Har du fortsatt sp\u00f8rsm\u00e5l om retur? Kontakt oss via v\u00e5rt <strong><a href=\"https:\/\/magnetarmagnets.com\/contact\/\" target=\"_blank\" rel=\"noreferrer noopener nofollow\">kontaktskjema<\/a><\/strong>.<\/p>\n\n<hr class=\"wp-block-separator has-alpha-channel-opacity\"\/>\n","protected":false},"excerpt":{"rendered":"<p>Har du bestilt et produkt som ikke lever opp til forventningene dine? Vi tilbyr muligheten til \u00e5 returnere produkter innen 30 dager etter mottak, uten \u00e5 m\u00e5tte oppgi noen grunn. Den ene viktige betingelsen er at produktet ikke er brukt. Magnetar ber deg om \u00e5 legge ved (en kopi av) ordrebekreftelsen sammen med varen du [&hellip;]<\/p>\n","protected":false},"author":1,"featured_media":0,"parent":0,"menu_order":0,"comment_status":"open","ping_status":"open","template":"","meta":{"_acf_changed":false,"inline_featured_image":false,"footnotes":""},"class_list":["post-82949","page","type-page","status-publish","hentry"],"acf":[],"yoast_head":"<!-- This site is optimized with the Yoast SEO plugin v27.3 - https:\/\/yoast.com\/product\/yoast-seo-wordpress\/ -->\n<title>Returpolicy - Magnet fishing with a Magnetar fishing magnet<\/title>\n<meta name=\"robots\" content=\"noindex, nofollow\" \/>\n<meta property=\"og:locale\" content=\"nb_NO\" \/>\n<meta property=\"og:type\" content=\"article\" \/>\n<meta property=\"og:title\" content=\"Returpolicy - Magnet fishing with a Magnetar fishing magnet\" \/>\n<meta property=\"og:description\" content=\"Har du bestilt et produkt som ikke lever opp til forventningene dine? Vi tilbyr muligheten til \u00e5 returnere produkter innen 30 dager etter mottak, uten \u00e5 m\u00e5tte oppgi noen grunn. Den ene viktige betingelsen er at produktet ikke er brukt. Magnetar ber deg om \u00e5 legge ved (en kopi av) ordrebekreftelsen sammen med varen du [&hellip;]\" \/>\n<meta property=\"og:url\" content=\"https:\/\/magnetarmagnets.com\/no\/returpolicy\/\" \/>\n<meta property=\"og:site_name\" content=\"Magnet fishing with a Magnetar fishing magnet\" \/>\n<meta property=\"article:publisher\" content=\"https:\/\/www.facebook.com\/fishingmagnets\/\" \/>\n<meta property=\"article:modified_time\" content=\"2025-07-16T13:05:29+00:00\" \/>\n<meta property=\"og:image\" content=\"https:\/\/magnetarmagnets.com\/wp-content\/uploads\/2025\/05\/Logo-03_PNG-Black-scaled.png\" \/>\n\t<meta property=\"og:image:width\" content=\"2560\" \/>\n\t<meta property=\"og:image:height\" content=\"1658\" \/>\n\t<meta property=\"og:image:type\" content=\"image\/png\" \/>\n<meta name=\"twitter:card\" content=\"summary_large_image\" \/>\n<meta name=\"twitter:label1\" content=\"Ansl. lesetid\" \/>\n\t<meta name=\"twitter:data1\" content=\"2 minutter\" \/>\n<script type=\"application\/ld+json\" class=\"yoast-schema-graph\">{\"@context\":\"https:\\\/\\\/schema.org\",\"@graph\":[{\"@type\":\"WebPage\",\"@id\":\"https:\\\/\\\/magnetarmagnets.com\\\/no\\\/returpolicy\\\/\",\"url\":\"https:\\\/\\\/magnetarmagnets.com\\\/no\\\/returpolicy\\\/\",\"name\":\"Returpolicy - Magnet fishing with a Magnetar fishing magnet\",\"isPartOf\":{\"@id\":\"https:\\\/\\\/magnetarmagnets.com\\\/no\\\/#website\"},\"datePublished\":\"2014-04-08T06:07:37+00:00\",\"dateModified\":\"2025-07-16T13:05:29+00:00\",\"breadcrumb\":{\"@id\":\"https:\\\/\\\/magnetarmagnets.com\\\/no\\\/returpolicy\\\/#breadcrumb\"},\"inLanguage\":\"nb-NO\",\"potentialAction\":[{\"@type\":\"ReadAction\",\"target\":[\"https:\\\/\\\/magnetarmagnets.com\\\/no\\\/returpolicy\\\/\"]}]},{\"@type\":\"BreadcrumbList\",\"@id\":\"https:\\\/\\\/magnetarmagnets.com\\\/no\\\/returpolicy\\\/#breadcrumb\",\"itemListElement\":[{\"@type\":\"ListItem\",\"position\":1,\"name\":\"Home\",\"item\":\"https:\\\/\\\/magnetarmagnets.com\\\/no\\\/\"},{\"@type\":\"ListItem\",\"position\":2,\"name\":\"Returpolicy\"}]},{\"@type\":\"WebSite\",\"@id\":\"https:\\\/\\\/magnetarmagnets.com\\\/no\\\/#website\",\"url\":\"https:\\\/\\\/magnetarmagnets.com\\\/no\\\/\",\"name\":\"Magnet fishing with a Magnetar fishing magnet\",\"description\":\"Kraftige magneter for magnetfiske\",\"publisher\":{\"@id\":\"https:\\\/\\\/magnetarmagnets.com\\\/no\\\/#organization\"},\"potentialAction\":[{\"@type\":\"SearchAction\",\"target\":{\"@type\":\"EntryPoint\",\"urlTemplate\":\"https:\\\/\\\/magnetarmagnets.com\\\/no\\\/?s={search_term_string}\"},\"query-input\":{\"@type\":\"PropertyValueSpecification\",\"valueRequired\":true,\"valueName\":\"search_term_string\"}}],\"inLanguage\":\"nb-NO\"},{\"@type\":\"Organization\",\"@id\":\"https:\\\/\\\/magnetarmagnets.com\\\/no\\\/#organization\",\"name\":\"Magnetar\",\"url\":\"https:\\\/\\\/magnetarmagnets.com\\\/no\\\/\",\"logo\":{\"@type\":\"ImageObject\",\"inLanguage\":\"nb-NO\",\"@id\":\"https:\\\/\\\/magnetarmagnets.com\\\/no\\\/#\\\/schema\\\/logo\\\/image\\\/\",\"url\":\"https:\\\/\\\/magnetarmagnets.com\\\/wp-content\\\/uploads\\\/2025\\\/05\\\/Logo-03_PNG-Black-scaled.png\",\"contentUrl\":\"https:\\\/\\\/magnetarmagnets.com\\\/wp-content\\\/uploads\\\/2025\\\/05\\\/Logo-03_PNG-Black-scaled.png\",\"width\":2560,\"height\":1658,\"caption\":\"Magnetar\"},\"image\":{\"@id\":\"https:\\\/\\\/magnetarmagnets.com\\\/no\\\/#\\\/schema\\\/logo\\\/image\\\/\"},\"sameAs\":[\"https:\\\/\\\/www.facebook.com\\\/fishingmagnets\\\/\",\"https:\\\/\\\/www.instagram.com\\\/magnetar_magnets\\\/\",\"https:\\\/\\\/www.linkedin.com\\\/company\\\/magnetarbv\\\/?originalSubdomain=nl\",\"https:\\\/\\\/www.youtube.com\\\/c\\\/MagnetarVismagneet\"]}]}<\/script>\n<!-- \/ Yoast SEO plugin. -->","yoast_head_json":{"title":"Returpolicy - Magnet fishing with a Magnetar fishing magnet","robots":{"index":"noindex","follow":"nofollow"},"og_locale":"nb_NO","og_type":"article","og_title":"Returpolicy - Magnet fishing with a Magnetar fishing magnet","og_description":"Har du bestilt et produkt som ikke lever opp til forventningene dine? Vi tilbyr muligheten til \u00e5 returnere produkter innen 30 dager etter mottak, uten \u00e5 m\u00e5tte oppgi noen grunn. Den ene viktige betingelsen er at produktet ikke er brukt. Magnetar ber deg om \u00e5 legge ved (en kopi av) ordrebekreftelsen sammen med varen du [&hellip;]","og_url":"https:\/\/magnetarmagnets.com\/no\/returpolicy\/","og_site_name":"Magnet fishing with a Magnetar fishing magnet","article_publisher":"https:\/\/www.facebook.com\/fishingmagnets\/","article_modified_time":"2025-07-16T13:05:29+00:00","og_image":[{"width":2560,"height":1658,"url":"https:\/\/magnetarmagnets.com\/wp-content\/uploads\/2025\/05\/Logo-03_PNG-Black-scaled.png","type":"image\/png"}],"twitter_card":"summary_large_image","twitter_misc":{"Ansl. lesetid":"2 minutter"},"schema":{"@context":"https:\/\/schema.org","@graph":[{"@type":"WebPage","@id":"https:\/\/magnetarmagnets.com\/no\/returpolicy\/","url":"https:\/\/magnetarmagnets.com\/no\/returpolicy\/","name":"Returpolicy - Magnet fishing with a Magnetar fishing magnet","isPartOf":{"@id":"https:\/\/magnetarmagnets.com\/no\/#website"},"datePublished":"2014-04-08T06:07:37+00:00","dateModified":"2025-07-16T13:05:29+00:00","breadcrumb":{"@id":"https:\/\/magnetarmagnets.com\/no\/returpolicy\/#breadcrumb"},"inLanguage":"nb-NO","potentialAction":[{"@type":"ReadAction","target":["https:\/\/magnetarmagnets.com\/no\/returpolicy\/"]}]},{"@type":"BreadcrumbList","@id":"https:\/\/magnetarmagnets.com\/no\/returpolicy\/#breadcrumb","itemListElement":[{"@type":"ListItem","position":1,"name":"Home","item":"https:\/\/magnetarmagnets.com\/no\/"},{"@type":"ListItem","position":2,"name":"Returpolicy"}]},{"@type":"WebSite","@id":"https:\/\/magnetarmagnets.com\/no\/#website","url":"https:\/\/magnetarmagnets.com\/no\/","name":"Magnet fishing with a Magnetar fishing magnet","description":"Kraftige magneter for magnetfiske","publisher":{"@id":"https:\/\/magnetarmagnets.com\/no\/#organization"},"potentialAction":[{"@type":"SearchAction","target":{"@type":"EntryPoint","urlTemplate":"https:\/\/magnetarmagnets.com\/no\/?s={search_term_string}"},"query-input":{"@type":"PropertyValueSpecification","valueRequired":true,"valueName":"search_term_string"}}],"inLanguage":"nb-NO"},{"@type":"Organization","@id":"https:\/\/magnetarmagnets.com\/no\/#organization","name":"Magnetar","url":"https:\/\/magnetarmagnets.com\/no\/","logo":{"@type":"ImageObject","inLanguage":"nb-NO","@id":"https:\/\/magnetarmagnets.com\/no\/#\/schema\/logo\/image\/","url":"https:\/\/magnetarmagnets.com\/wp-content\/uploads\/2025\/05\/Logo-03_PNG-Black-scaled.png","contentUrl":"https:\/\/magnetarmagnets.com\/wp-content\/uploads\/2025\/05\/Logo-03_PNG-Black-scaled.png","width":2560,"height":1658,"caption":"Magnetar"},"image":{"@id":"https:\/\/magnetarmagnets.com\/no\/#\/schema\/logo\/image\/"},"sameAs":["https:\/\/www.facebook.com\/fishingmagnets\/","https:\/\/www.instagram.com\/magnetar_magnets\/","https:\/\/www.linkedin.com\/company\/magnetarbv\/?originalSubdomain=nl","https:\/\/www.youtube.com\/c\/MagnetarVismagneet"]}]}},"_links":{"self":[{"href":"https:\/\/magnetarmagnets.com\/no\/wp-json\/wp\/v2\/pages\/82949","targetHints":{"allow":["GET"]}}],"collection":[{"href":"https:\/\/magnetarmagnets.com\/no\/wp-json\/wp\/v2\/pages"}],"about":[{"href":"https:\/\/magnetarmagnets.com\/no\/wp-json\/wp\/v2\/types\/page"}],"author":[{"embeddable":true,"href":"https:\/\/magnetarmagnets.com\/no\/wp-json\/wp\/v2\/users\/1"}],"replies":[{"embeddable":true,"href":"https:\/\/magnetarmagnets.com\/no\/wp-json\/wp\/v2\/comments?post=82949"}],"version-history":[{"count":0,"href":"https:\/\/magnetarmagnets.com\/no\/wp-json\/wp\/v2\/pages\/82949\/revisions"}],"wp:attachment":[{"href":"https:\/\/magnetarmagnets.com\/no\/wp-json\/wp\/v2\/media?parent=82949"}],"curies":[{"name":"wp","href":"https:\/\/api.w.org\/{rel}","templated":true}]}}