{"id":81896,"date":"2025-06-05T09:53:04","date_gmt":"2025-06-05T07:53:04","guid":{"rendered":"https:\/\/magnetarmagnets.com\/shop\/magnetar-3d-t-shirt-per-la-pesca-con-magnete\/"},"modified":"2026-04-03T12:19:54","modified_gmt":"2026-04-03T10:19:54","slug":"magnetar-3d-t-shirt-per-la-pesca-con-magnete","status":"publish","type":"product","link":"https:\/\/magnetarmagnets.com\/it\/shop\/magnetar-3d-t-shirt-per-la-pesca-con-magnete\/","title":{"rendered":"Magnetar 3D T-shirt per la pesca con magnete"},"content":{"rendered":"Cosa indossi durante una sessione di pesca con magnete? Una t-shirt Magnetar, naturalmente! Ora tutti i fan hanno l&#8217;opportunit\u00e0 di acquistare una t-shirt Magnetar. In questo modo, puoi essere elegante lungo le rive e mostrare il tuo sostegno al nostro marchio.\n\n<h2>Vestibilit\u00e0 Confortevole e Qualit\u00e0 Eccellente<\/h2>\n\nNello sviluppo di ogni prodotto, puntiamo alla massima qualit\u00e0. Non fa eccezione questa t-shirt. La maglietta Magnetar \u00e8 realizzata con un tessuto spesso e di alta qualit\u00e0, rendendola resistente, caratteristica indispensabile per il magnete da pesca!\n\n\n\nLa pesca con magnete \u00e8 un hobby naturalmente attivo. Ti muovi molto e ti sporchi. Per questo motivo la t-shirt Magnetar ha una vestibilit\u00e0 leggermente pi\u00f9 ampia. Questo ti permette di muoverti senza restrizioni e garantisce che non suderai in fretta. La maglietta \u00e8 in cotone.\n\n<h2>Logo 3D di Alta Qualit\u00e0<\/h2>\n\nLa t-shirt Magnetar presenta un logo 3D di alta qualit\u00e0. Il logo Magnetar rimane sempre visibile poich\u00e9 \u00e8 completamente ricamato. Sul retro \u00e8 presente anche una stampa con il testo &#8220;MAGNETAR&#8221; e il logo.\n\n<h2>Qualit\u00e0 Magnetar<\/h2>\n\nMagnetar \u00e8 una piccola azienda familiare guidata da veri appassionati di magnete da pesca. La qualit\u00e0 \u00e8 la nostra massima priorit\u00e0, e si vede nei nostri prodotti. Tutti i nostri articoli sono progettati dal nostro team per garantire qualit\u00e0. Cerchi un equipaggiamento affidabile, efficace e di alta qualit\u00e0 per la pesca con magnete? Allora sei nel posto giusto con Magnetar!","protected":false},"excerpt":{"rendered":"<p>Con questa t-shirt per la pesca con magnete mostri il tuo <strong>sostegno<\/strong> a Magnetar. La maglietta presenta un <strong>bellissimo logo 3D ricamato<\/strong> sul davanti.<\/p>\n","protected":false},"featured_media":73597,"comment_status":"open","ping_status":"closed","template":"","meta":{"_acf_changed":false,"inline_featured_image":false},"product_brand":[],"product_cat":[486,474,513,515],"product_tag":[],"class_list":{"0":"post-81896","1":"product","2":"type-product","3":"status-publish","4":"has-post-thumbnail","6":"product_cat-articoli-promozionali","7":"product_cat-attrezzatura","8":"product_cat-equipement","9":"product_cat-produits-derives","11":"first","12":"instock","13":"taxable","14":"shipping-taxable","15":"purchasable","16":"product-type-variable"},"acf":[],"yoast_head":"<!-- This site is optimized with the Yoast SEO plugin v27.3 - https:\/\/yoast.com\/product\/yoast-seo-wordpress\/ -->\n<title>Magnetar 3D T-shirt per la pesca con magnete - Magnet fishing with a Magnetar fishing magnet<\/title>\n<meta name=\"description\" content=\"Magnetar 3D T-shirt - Abbigliamento alla moda per la pesca con magnete\" \/>\n<meta name=\"robots\" content=\"index, follow, max-snippet:-1, max-image-preview:large, max-video-preview:-1\" \/>\n<link rel=\"canonical\" href=\"https:\/\/magnetarmagnets.com\/it\/shop\/magnetar-3d-t-shirt-per-la-pesca-con-magnete\/\" \/>\n<meta property=\"og:locale\" content=\"it_IT\" \/>\n<meta property=\"og:type\" content=\"article\" \/>\n<meta property=\"og:title\" content=\"Magnetar 3D T-shirt per la pesca con magnete - Magnet fishing with a Magnetar fishing magnet\" \/>\n<meta property=\"og:description\" content=\"Magnetar 3D T-shirt - Abbigliamento alla moda per la pesca con magnete\" \/>\n<meta property=\"og:url\" content=\"https:\/\/magnetarmagnets.com\/it\/shop\/magnetar-3d-t-shirt-per-la-pesca-con-magnete\/\" \/>\n<meta property=\"og:site_name\" content=\"Magnet fishing with a Magnetar fishing magnet\" \/>\n<meta property=\"article:publisher\" content=\"https:\/\/www.facebook.com\/fishingmagnets\/\" \/>\n<meta property=\"article:modified_time\" content=\"2026-04-03T10:19:54+00:00\" \/>\n<meta property=\"og:image\" content=\"https:\/\/magnetarmagnets.com\/wp-content\/uploads\/2023\/09\/JNF-Magnetar-Bedrijfsfotografie-01-09-2023-Foto-0544.jpg\" \/>\n\t<meta property=\"og:image:width\" content=\"1000\" \/>\n\t<meta property=\"og:image:height\" content=\"1000\" \/>\n\t<meta property=\"og:image:type\" content=\"image\/jpeg\" \/>\n<meta name=\"twitter:card\" content=\"summary_large_image\" \/>\n<meta name=\"twitter:label1\" content=\"Tempo di lettura stimato\" \/>\n\t<meta name=\"twitter:data1\" content=\"2 minuti\" \/>\n<script type=\"application\/ld+json\" class=\"yoast-schema-graph\">{\"@context\":\"https:\\\/\\\/schema.org\",\"@graph\":[{\"@type\":[\"WebPage\",\"ItemPage\"],\"@id\":\"https:\\\/\\\/magnetarmagnets.com\\\/it\\\/shop\\\/magnetar-3d-t-shirt-per-la-pesca-con-magnete\\\/\",\"url\":\"https:\\\/\\\/magnetarmagnets.com\\\/it\\\/shop\\\/magnetar-3d-t-shirt-per-la-pesca-con-magnete\\\/\",\"name\":\"Magnetar 3D T-shirt per la pesca con magnete - Magnet fishing with a Magnetar fishing magnet\",\"isPartOf\":{\"@id\":\"https:\\\/\\\/magnetarmagnets.com\\\/it\\\/#website\"},\"primaryImageOfPage\":{\"@id\":\"https:\\\/\\\/magnetarmagnets.com\\\/it\\\/shop\\\/magnetar-3d-t-shirt-per-la-pesca-con-magnete\\\/#primaryimage\"},\"image\":{\"@id\":\"https:\\\/\\\/magnetarmagnets.com\\\/it\\\/shop\\\/magnetar-3d-t-shirt-per-la-pesca-con-magnete\\\/#primaryimage\"},\"thumbnailUrl\":\"https:\\\/\\\/magnetarmagnets.com\\\/wp-content\\\/uploads\\\/2023\\\/09\\\/JNF-Magnetar-Bedrijfsfotografie-01-09-2023-Foto-0544.jpg\",\"datePublished\":\"2025-06-05T07:53:04+00:00\",\"dateModified\":\"2026-04-03T10:19:54+00:00\",\"description\":\"Magnetar 3D T-shirt - Abbigliamento alla moda per la pesca con magnete\",\"breadcrumb\":{\"@id\":\"https:\\\/\\\/magnetarmagnets.com\\\/it\\\/shop\\\/magnetar-3d-t-shirt-per-la-pesca-con-magnete\\\/#breadcrumb\"},\"inLanguage\":\"it-IT\",\"potentialAction\":[{\"@type\":\"ReadAction\",\"target\":[\"https:\\\/\\\/magnetarmagnets.com\\\/it\\\/shop\\\/magnetar-3d-t-shirt-per-la-pesca-con-magnete\\\/\"]}]},{\"@type\":\"ImageObject\",\"inLanguage\":\"it-IT\",\"@id\":\"https:\\\/\\\/magnetarmagnets.com\\\/it\\\/shop\\\/magnetar-3d-t-shirt-per-la-pesca-con-magnete\\\/#primaryimage\",\"url\":\"https:\\\/\\\/magnetarmagnets.com\\\/wp-content\\\/uploads\\\/2023\\\/09\\\/JNF-Magnetar-Bedrijfsfotografie-01-09-2023-Foto-0544.jpg\",\"contentUrl\":\"https:\\\/\\\/magnetarmagnets.com\\\/wp-content\\\/uploads\\\/2023\\\/09\\\/JNF-Magnetar-Bedrijfsfotografie-01-09-2023-Foto-0544.jpg\",\"width\":1000,\"height\":1000,\"caption\":\"With this Magnetar t-shirt, you show off your belonging to team Magnetar while magnetic fishing.\"},{\"@type\":\"BreadcrumbList\",\"@id\":\"https:\\\/\\\/magnetarmagnets.com\\\/it\\\/shop\\\/magnetar-3d-t-shirt-per-la-pesca-con-magnete\\\/#breadcrumb\",\"itemListElement\":[{\"@type\":\"ListItem\",\"position\":1,\"name\":\"Home\",\"item\":\"https:\\\/\\\/magnetarmagnets.com\\\/it\\\/\"},{\"@type\":\"ListItem\",\"position\":2,\"name\":\"negozio\",\"item\":\"https:\\\/\\\/magnetarmagnets.com\\\/negozio\\\/\"},{\"@type\":\"ListItem\",\"position\":3,\"name\":\"All products\",\"item\":\"https:\\\/\\\/magnetarmagnets.com\\\/collections\\\/all-products\\\/\"},{\"@type\":\"ListItem\",\"position\":4,\"name\":\"Magnetar 3D T-shirt per la pesca con magnete\"}]},{\"@type\":\"WebSite\",\"@id\":\"https:\\\/\\\/magnetarmagnets.com\\\/it\\\/#website\",\"url\":\"https:\\\/\\\/magnetarmagnets.com\\\/it\\\/\",\"name\":\"Magnet fishing with a Magnetar fishing magnet\",\"description\":\"Magneti potenti per la pesca magnetica\",\"publisher\":{\"@id\":\"https:\\\/\\\/magnetarmagnets.com\\\/it\\\/#organization\"},\"potentialAction\":[{\"@type\":\"SearchAction\",\"target\":{\"@type\":\"EntryPoint\",\"urlTemplate\":\"https:\\\/\\\/magnetarmagnets.com\\\/it\\\/?s={search_term_string}\"},\"query-input\":{\"@type\":\"PropertyValueSpecification\",\"valueRequired\":true,\"valueName\":\"search_term_string\"}}],\"inLanguage\":\"it-IT\"},{\"@type\":\"Organization\",\"@id\":\"https:\\\/\\\/magnetarmagnets.com\\\/it\\\/#organization\",\"name\":\"Magnetar\",\"url\":\"https:\\\/\\\/magnetarmagnets.com\\\/it\\\/\",\"logo\":{\"@type\":\"ImageObject\",\"inLanguage\":\"it-IT\",\"@id\":\"https:\\\/\\\/magnetarmagnets.com\\\/it\\\/#\\\/schema\\\/logo\\\/image\\\/\",\"url\":\"https:\\\/\\\/magnetarmagnets.com\\\/wp-content\\\/uploads\\\/2025\\\/05\\\/Logo-03_PNG-Black-scaled.png\",\"contentUrl\":\"https:\\\/\\\/magnetarmagnets.com\\\/wp-content\\\/uploads\\\/2025\\\/05\\\/Logo-03_PNG-Black-scaled.png\",\"width\":2560,\"height\":1658,\"caption\":\"Magnetar\"},\"image\":{\"@id\":\"https:\\\/\\\/magnetarmagnets.com\\\/it\\\/#\\\/schema\\\/logo\\\/image\\\/\"},\"sameAs\":[\"https:\\\/\\\/www.facebook.com\\\/fishingmagnets\\\/\",\"https:\\\/\\\/www.instagram.com\\\/magnetar_magnets\\\/\",\"https:\\\/\\\/www.linkedin.com\\\/company\\\/magnetarbv\\\/?originalSubdomain=nl\",\"https:\\\/\\\/www.youtube.com\\\/c\\\/MagnetarVismagneet\"]}]}<\/script>\n<!-- \/ Yoast SEO plugin. -->","yoast_head_json":{"title":"Magnetar 3D T-shirt per la pesca con magnete - Magnet fishing with a Magnetar fishing magnet","description":"Magnetar 3D T-shirt - Abbigliamento alla moda per la pesca con magnete","robots":{"index":"index","follow":"follow","max-snippet":"max-snippet:-1","max-image-preview":"max-image-preview:large","max-video-preview":"max-video-preview:-1"},"canonical":"https:\/\/magnetarmagnets.com\/it\/shop\/magnetar-3d-t-shirt-per-la-pesca-con-magnete\/","og_locale":"it_IT","og_type":"article","og_title":"Magnetar 3D T-shirt per la pesca con magnete - Magnet fishing with a Magnetar fishing magnet","og_description":"Magnetar 3D T-shirt - Abbigliamento alla moda per la pesca con magnete","og_url":"https:\/\/magnetarmagnets.com\/it\/shop\/magnetar-3d-t-shirt-per-la-pesca-con-magnete\/","og_site_name":"Magnet fishing with a Magnetar fishing magnet","article_publisher":"https:\/\/www.facebook.com\/fishingmagnets\/","article_modified_time":"2026-04-03T10:19:54+00:00","og_image":[{"width":1000,"height":1000,"url":"https:\/\/magnetarmagnets.com\/wp-content\/uploads\/2023\/09\/JNF-Magnetar-Bedrijfsfotografie-01-09-2023-Foto-0544.jpg","type":"image\/jpeg"}],"twitter_card":"summary_large_image","twitter_misc":{"Tempo di lettura stimato":"2 minuti"},"schema":{"@context":"https:\/\/schema.org","@graph":[{"@type":["WebPage","ItemPage"],"@id":"https:\/\/magnetarmagnets.com\/it\/shop\/magnetar-3d-t-shirt-per-la-pesca-con-magnete\/","url":"https:\/\/magnetarmagnets.com\/it\/shop\/magnetar-3d-t-shirt-per-la-pesca-con-magnete\/","name":"Magnetar 3D T-shirt per la pesca con magnete - Magnet fishing with a Magnetar fishing magnet","isPartOf":{"@id":"https:\/\/magnetarmagnets.com\/it\/#website"},"primaryImageOfPage":{"@id":"https:\/\/magnetarmagnets.com\/it\/shop\/magnetar-3d-t-shirt-per-la-pesca-con-magnete\/#primaryimage"},"image":{"@id":"https:\/\/magnetarmagnets.com\/it\/shop\/magnetar-3d-t-shirt-per-la-pesca-con-magnete\/#primaryimage"},"thumbnailUrl":"https:\/\/magnetarmagnets.com\/wp-content\/uploads\/2023\/09\/JNF-Magnetar-Bedrijfsfotografie-01-09-2023-Foto-0544.jpg","datePublished":"2025-06-05T07:53:04+00:00","dateModified":"2026-04-03T10:19:54+00:00","description":"Magnetar 3D T-shirt - Abbigliamento alla moda per la pesca con magnete","breadcrumb":{"@id":"https:\/\/magnetarmagnets.com\/it\/shop\/magnetar-3d-t-shirt-per-la-pesca-con-magnete\/#breadcrumb"},"inLanguage":"it-IT","potentialAction":[{"@type":"ReadAction","target":["https:\/\/magnetarmagnets.com\/it\/shop\/magnetar-3d-t-shirt-per-la-pesca-con-magnete\/"]}]},{"@type":"ImageObject","inLanguage":"it-IT","@id":"https:\/\/magnetarmagnets.com\/it\/shop\/magnetar-3d-t-shirt-per-la-pesca-con-magnete\/#primaryimage","url":"https:\/\/magnetarmagnets.com\/wp-content\/uploads\/2023\/09\/JNF-Magnetar-Bedrijfsfotografie-01-09-2023-Foto-0544.jpg","contentUrl":"https:\/\/magnetarmagnets.com\/wp-content\/uploads\/2023\/09\/JNF-Magnetar-Bedrijfsfotografie-01-09-2023-Foto-0544.jpg","width":1000,"height":1000,"caption":"With this Magnetar t-shirt, you show off your belonging to team Magnetar while magnetic fishing."},{"@type":"BreadcrumbList","@id":"https:\/\/magnetarmagnets.com\/it\/shop\/magnetar-3d-t-shirt-per-la-pesca-con-magnete\/#breadcrumb","itemListElement":[{"@type":"ListItem","position":1,"name":"Home","item":"https:\/\/magnetarmagnets.com\/it\/"},{"@type":"ListItem","position":2,"name":"negozio","item":"https:\/\/magnetarmagnets.com\/negozio\/"},{"@type":"ListItem","position":3,"name":"All products","item":"https:\/\/magnetarmagnets.com\/collections\/all-products\/"},{"@type":"ListItem","position":4,"name":"Magnetar 3D T-shirt per la pesca con magnete"}]},{"@type":"WebSite","@id":"https:\/\/magnetarmagnets.com\/it\/#website","url":"https:\/\/magnetarmagnets.com\/it\/","name":"Magnet fishing with a Magnetar fishing magnet","description":"Magneti potenti per la pesca magnetica","publisher":{"@id":"https:\/\/magnetarmagnets.com\/it\/#organization"},"potentialAction":[{"@type":"SearchAction","target":{"@type":"EntryPoint","urlTemplate":"https:\/\/magnetarmagnets.com\/it\/?s={search_term_string}"},"query-input":{"@type":"PropertyValueSpecification","valueRequired":true,"valueName":"search_term_string"}}],"inLanguage":"it-IT"},{"@type":"Organization","@id":"https:\/\/magnetarmagnets.com\/it\/#organization","name":"Magnetar","url":"https:\/\/magnetarmagnets.com\/it\/","logo":{"@type":"ImageObject","inLanguage":"it-IT","@id":"https:\/\/magnetarmagnets.com\/it\/#\/schema\/logo\/image\/","url":"https:\/\/magnetarmagnets.com\/wp-content\/uploads\/2025\/05\/Logo-03_PNG-Black-scaled.png","contentUrl":"https:\/\/magnetarmagnets.com\/wp-content\/uploads\/2025\/05\/Logo-03_PNG-Black-scaled.png","width":2560,"height":1658,"caption":"Magnetar"},"image":{"@id":"https:\/\/magnetarmagnets.com\/it\/#\/schema\/logo\/image\/"},"sameAs":["https:\/\/www.facebook.com\/fishingmagnets\/","https:\/\/www.instagram.com\/magnetar_magnets\/","https:\/\/www.linkedin.com\/company\/magnetarbv\/?originalSubdomain=nl","https:\/\/www.youtube.com\/c\/MagnetarVismagneet"]}]}},"_links":{"self":[{"href":"https:\/\/magnetarmagnets.com\/it\/wp-json\/wp\/v2\/product\/81896","targetHints":{"allow":["GET"]}}],"collection":[{"href":"https:\/\/magnetarmagnets.com\/it\/wp-json\/wp\/v2\/product"}],"about":[{"href":"https:\/\/magnetarmagnets.com\/it\/wp-json\/wp\/v2\/types\/product"}],"replies":[{"embeddable":true,"href":"https:\/\/magnetarmagnets.com\/it\/wp-json\/wp\/v2\/comments?post=81896"}],"version-history":[{"count":1,"href":"https:\/\/magnetarmagnets.com\/it\/wp-json\/wp\/v2\/product\/81896\/revisions"}],"predecessor-version":[{"id":94612,"href":"https:\/\/magnetarmagnets.com\/it\/wp-json\/wp\/v2\/product\/81896\/revisions\/94612"}],"wp:featuredmedia":[{"embeddable":true,"href":"https:\/\/magnetarmagnets.com\/it\/wp-json\/wp\/v2\/media\/73597"}],"wp:attachment":[{"href":"https:\/\/magnetarmagnets.com\/it\/wp-json\/wp\/v2\/media?parent=81896"}],"wp:term":[{"taxonomy":"product_brand","embeddable":true,"href":"https:\/\/magnetarmagnets.com\/it\/wp-json\/wp\/v2\/product_brand?post=81896"},{"taxonomy":"product_cat","embeddable":true,"href":"https:\/\/magnetarmagnets.com\/it\/wp-json\/wp\/v2\/product_cat?post=81896"},{"taxonomy":"product_tag","embeddable":true,"href":"https:\/\/magnetarmagnets.com\/it\/wp-json\/wp\/v2\/product_tag?post=81896"}],"curies":[{"name":"wp","href":"https:\/\/api.w.org\/{rel}","templated":true}]}}