{"id":81895,"date":"2025-07-07T15:31:12","date_gmt":"2025-07-07T13:31:12","guid":{"rendered":"https:\/\/magnetarmagnets.com\/shop\/gilet-riscaldato\/"},"modified":"2026-03-12T18:08:55","modified_gmt":"2026-03-12T17:08:55","slug":"gilet-riscaldato","status":"publish","type":"product","link":"https:\/\/magnetarmagnets.com\/it\/shop\/gilet-riscaldato\/","title":{"rendered":"Gilet riscaldato"},"content":{"rendered":"Durante l&#8217;autunno e l&#8217;inverno, affronterai molte giornate fredde e rigide. Vuoi sfidare il freddo in questo periodo? Puoi farlo con il gilet riscaldato Lava di Magnetar Heat. L&#8217;abbigliamento Magnetar Heat mantiene il corpo piacevolmente caldo. Lasciati stupire dalle tre zone riscaldabili, dalla batteria potente e dall&#8217;eccellente qualit\u00e0.\n\n<h2>Tre zone riscaldabili e impostazioni di calore<\/h2>\n\nIl gilet riscaldato Lava \u00e8 dotato di tre zone riscaldabili. Due si trovano nella parte anteriore e una nella parte posteriore, garantendo che l&#8217;intero busto rimanga piacevolmente caldo. Le zone possono essere impostate su tre diverse temperature: 40\u00b0C, 50\u00b0C e 60\u00b0C.\n\n\n\nRegolare le impostazioni di calore \u00e8 sorprendentemente semplice. Basta utilizzare il pulsante sul davanti del gilet. Una pressione attiva il riscaldamento e ogni pressione successiva aumenta la temperatura di un livello. Se diventi troppo caldo, puoi facilmente spegnere il gilet.\n\n<h2>Calore duraturo grazie a una batteria potente<\/h2>\n\nGoditi il calore tutto il giorno con Magnetar Heat. La batteria potente offre calore fino a un impressionante 10 ore. La durata effettiva dipende dall&#8217;impostazione termica. Ecco una panoramica dell&#8217;autonomia della batteria in base alle impostazioni:\n\n<ul>\n\n \t<li>40\u00b0C: 10 ore<\/li>\n\n \t<li>50\u00b0C: 8 ore<\/li>\n\n \t<li>60\u00b0C: 6 ore<\/li>\n\n<\/ul>\n\nLa batteria\/power bank (6700mAh) \u00e8 fornita con un caricabatterie ed \u00e8 facilmente sostituibile. Ci\u00f2 significa che puoi teoricamente utilizzare pi\u00f9 batterie per goderti il gilet riscaldato Lava ancora pi\u00f9 a lungo. Inoltre, la batteria dispone di uscite USB e DC 4.0 e di un ingresso USB-C.\n\n<h2>Resistente al vento e all&#8217;acqua<\/h2>\n\nIl vento e l&#8217;acqua non sono un problema per il gilet riscaldato. Nella produzione viene utilizzato nylon di alta qualit\u00e0, sia all&#8217;interno che all&#8217;esterno. L&#8217;uso del nylon garantisce inoltre che questo capo rimanga leggero e abbia l&#8217;aspetto di un normale gilet di alta qualit\u00e0.\n\n<h2>Adatto alla lavatrice<\/h2>\n\nDopo una giornata di attivit\u00e0 all&#8217;aperto, se devi pulire il gilet, puoi farlo! Puoi tranquillamente metterlo in lavatrice. Tuttavia, ricorda di rimuovere prima la batteria!","protected":false},"excerpt":{"rendered":"<p>Questo <strong>riscaldato<\/strong> <strong>gilet<\/strong> mantiene il tuo corpo alla temperatura ideale con <strong>tre zone di riscaldamento<\/strong>, una <strong>batteria potente<\/strong> e <strong>tre impostazioni di calore<\/strong>.<\/p>\n","protected":false},"featured_media":81017,"comment_status":"open","ping_status":"closed","template":"","meta":{"_acf_changed":false,"inline_featured_image":false},"product_brand":[],"product_cat":[489,474],"product_tag":[],"class_list":{"0":"post-81895","1":"product","2":"type-product","3":"status-publish","4":"has-post-thumbnail","6":"product_cat-abbigliamento-termico","7":"product_cat-attrezzatura","9":"first","10":"instock","11":"sale","12":"taxable","13":"shipping-taxable","14":"purchasable","15":"product-type-variable"},"acf":[],"yoast_head":"<!-- This site is optimized with the Yoast SEO plugin v27.3 - https:\/\/yoast.com\/product\/yoast-seo-wordpress\/ -->\n<title>Gilet riscaldato - Magnet fishing with a Magnetar fishing magnet<\/title>\n<meta name=\"description\" content=\"Gilet riscaldato - Resta al caldo durante la pesca magnetica\" \/>\n<meta name=\"robots\" content=\"index, follow, max-snippet:-1, max-image-preview:large, max-video-preview:-1\" \/>\n<link rel=\"canonical\" href=\"https:\/\/magnetarmagnets.com\/it\/shop\/gilet-riscaldato\/\" \/>\n<meta property=\"og:locale\" content=\"it_IT\" \/>\n<meta property=\"og:type\" content=\"article\" \/>\n<meta property=\"og:title\" content=\"Gilet riscaldato - Magnet fishing with a Magnetar fishing magnet\" \/>\n<meta property=\"og:description\" content=\"Gilet riscaldato - Resta al caldo durante la pesca magnetica\" \/>\n<meta property=\"og:url\" content=\"https:\/\/magnetarmagnets.com\/it\/shop\/gilet-riscaldato\/\" \/>\n<meta property=\"og:site_name\" content=\"Magnet fishing with a Magnetar fishing magnet\" \/>\n<meta property=\"article:publisher\" content=\"https:\/\/www.facebook.com\/fishingmagnets\/\" \/>\n<meta property=\"article:modified_time\" content=\"2026-03-12T17:08:55+00:00\" \/>\n<meta property=\"og:image\" content=\"https:\/\/magnetarmagnets.com\/wp-content\/uploads\/2023\/09\/1-1.jpg\" \/>\n\t<meta property=\"og:image:width\" content=\"1500\" \/>\n\t<meta property=\"og:image:height\" content=\"1500\" \/>\n\t<meta property=\"og:image:type\" content=\"image\/jpeg\" \/>\n<meta name=\"twitter:card\" content=\"summary_large_image\" \/>\n<meta name=\"twitter:label1\" content=\"Tempo di lettura stimato\" \/>\n\t<meta name=\"twitter:data1\" content=\"2 minuti\" \/>\n<script type=\"application\/ld+json\" class=\"yoast-schema-graph\">{\"@context\":\"https:\\\/\\\/schema.org\",\"@graph\":[{\"@type\":[\"WebPage\",\"ItemPage\"],\"@id\":\"https:\\\/\\\/magnetarmagnets.com\\\/it\\\/shop\\\/gilet-riscaldato\\\/\",\"url\":\"https:\\\/\\\/magnetarmagnets.com\\\/it\\\/shop\\\/gilet-riscaldato\\\/\",\"name\":\"Gilet riscaldato - Magnet fishing with a Magnetar fishing magnet\",\"isPartOf\":{\"@id\":\"https:\\\/\\\/magnetarmagnets.com\\\/it\\\/#website\"},\"primaryImageOfPage\":{\"@id\":\"https:\\\/\\\/magnetarmagnets.com\\\/it\\\/shop\\\/gilet-riscaldato\\\/#primaryimage\"},\"image\":{\"@id\":\"https:\\\/\\\/magnetarmagnets.com\\\/it\\\/shop\\\/gilet-riscaldato\\\/#primaryimage\"},\"thumbnailUrl\":\"https:\\\/\\\/magnetarmagnets.com\\\/wp-content\\\/uploads\\\/2023\\\/09\\\/1-1.jpg\",\"datePublished\":\"2025-07-07T13:31:12+00:00\",\"dateModified\":\"2026-03-12T17:08:55+00:00\",\"description\":\"Gilet riscaldato - Resta al caldo durante la pesca magnetica\",\"breadcrumb\":{\"@id\":\"https:\\\/\\\/magnetarmagnets.com\\\/it\\\/shop\\\/gilet-riscaldato\\\/#breadcrumb\"},\"inLanguage\":\"it-IT\",\"potentialAction\":[{\"@type\":\"ReadAction\",\"target\":[\"https:\\\/\\\/magnetarmagnets.com\\\/it\\\/shop\\\/gilet-riscaldato\\\/\"]}]},{\"@type\":\"ImageObject\",\"inLanguage\":\"it-IT\",\"@id\":\"https:\\\/\\\/magnetarmagnets.com\\\/it\\\/shop\\\/gilet-riscaldato\\\/#primaryimage\",\"url\":\"https:\\\/\\\/magnetarmagnets.com\\\/wp-content\\\/uploads\\\/2023\\\/09\\\/1-1.jpg\",\"contentUrl\":\"https:\\\/\\\/magnetarmagnets.com\\\/wp-content\\\/uploads\\\/2023\\\/09\\\/1-1.jpg\",\"width\":1500,\"height\":1500,\"caption\":\"LAVA Heated Bodywarmer Magnetar Heat Front\"},{\"@type\":\"BreadcrumbList\",\"@id\":\"https:\\\/\\\/magnetarmagnets.com\\\/it\\\/shop\\\/gilet-riscaldato\\\/#breadcrumb\",\"itemListElement\":[{\"@type\":\"ListItem\",\"position\":1,\"name\":\"Home\",\"item\":\"https:\\\/\\\/magnetarmagnets.com\\\/it\\\/\"},{\"@type\":\"ListItem\",\"position\":2,\"name\":\"negozio\",\"item\":\"https:\\\/\\\/magnetarmagnets.com\\\/negozio\\\/\"},{\"@type\":\"ListItem\",\"position\":3,\"name\":\"Attrezzatura\",\"item\":\"https:\\\/\\\/magnetarmagnets.com\\\/it\\\/collections\\\/attrezzatura\\\/\"},{\"@type\":\"ListItem\",\"position\":4,\"name\":\"Abbigliamento Termico\",\"item\":\"https:\\\/\\\/magnetarmagnets.com\\\/it\\\/collections\\\/attrezzatura\\\/abbigliamento-termico\\\/\"},{\"@type\":\"ListItem\",\"position\":5,\"name\":\"Gilet riscaldato\"}]},{\"@type\":\"WebSite\",\"@id\":\"https:\\\/\\\/magnetarmagnets.com\\\/it\\\/#website\",\"url\":\"https:\\\/\\\/magnetarmagnets.com\\\/it\\\/\",\"name\":\"Magnet fishing with a Magnetar fishing magnet\",\"description\":\"Magneti potenti per la pesca magnetica\",\"publisher\":{\"@id\":\"https:\\\/\\\/magnetarmagnets.com\\\/it\\\/#organization\"},\"potentialAction\":[{\"@type\":\"SearchAction\",\"target\":{\"@type\":\"EntryPoint\",\"urlTemplate\":\"https:\\\/\\\/magnetarmagnets.com\\\/it\\\/?s={search_term_string}\"},\"query-input\":{\"@type\":\"PropertyValueSpecification\",\"valueRequired\":true,\"valueName\":\"search_term_string\"}}],\"inLanguage\":\"it-IT\"},{\"@type\":\"Organization\",\"@id\":\"https:\\\/\\\/magnetarmagnets.com\\\/it\\\/#organization\",\"name\":\"Magnetar\",\"url\":\"https:\\\/\\\/magnetarmagnets.com\\\/it\\\/\",\"logo\":{\"@type\":\"ImageObject\",\"inLanguage\":\"it-IT\",\"@id\":\"https:\\\/\\\/magnetarmagnets.com\\\/it\\\/#\\\/schema\\\/logo\\\/image\\\/\",\"url\":\"https:\\\/\\\/magnetarmagnets.com\\\/wp-content\\\/uploads\\\/2025\\\/05\\\/Logo-03_PNG-Black-scaled.png\",\"contentUrl\":\"https:\\\/\\\/magnetarmagnets.com\\\/wp-content\\\/uploads\\\/2025\\\/05\\\/Logo-03_PNG-Black-scaled.png\",\"width\":2560,\"height\":1658,\"caption\":\"Magnetar\"},\"image\":{\"@id\":\"https:\\\/\\\/magnetarmagnets.com\\\/it\\\/#\\\/schema\\\/logo\\\/image\\\/\"},\"sameAs\":[\"https:\\\/\\\/www.facebook.com\\\/fishingmagnets\\\/\",\"https:\\\/\\\/www.instagram.com\\\/magnetar_magnets\\\/\",\"https:\\\/\\\/www.linkedin.com\\\/company\\\/magnetarbv\\\/?originalSubdomain=nl\",\"https:\\\/\\\/www.youtube.com\\\/c\\\/MagnetarVismagneet\"]}]}<\/script>\n<!-- \/ Yoast SEO plugin. -->","yoast_head_json":{"title":"Gilet riscaldato - Magnet fishing with a Magnetar fishing magnet","description":"Gilet riscaldato - Resta al caldo durante la pesca magnetica","robots":{"index":"index","follow":"follow","max-snippet":"max-snippet:-1","max-image-preview":"max-image-preview:large","max-video-preview":"max-video-preview:-1"},"canonical":"https:\/\/magnetarmagnets.com\/it\/shop\/gilet-riscaldato\/","og_locale":"it_IT","og_type":"article","og_title":"Gilet riscaldato - Magnet fishing with a Magnetar fishing magnet","og_description":"Gilet riscaldato - Resta al caldo durante la pesca magnetica","og_url":"https:\/\/magnetarmagnets.com\/it\/shop\/gilet-riscaldato\/","og_site_name":"Magnet fishing with a Magnetar fishing magnet","article_publisher":"https:\/\/www.facebook.com\/fishingmagnets\/","article_modified_time":"2026-03-12T17:08:55+00:00","og_image":[{"width":1500,"height":1500,"url":"https:\/\/magnetarmagnets.com\/wp-content\/uploads\/2023\/09\/1-1.jpg","type":"image\/jpeg"}],"twitter_card":"summary_large_image","twitter_misc":{"Tempo di lettura stimato":"2 minuti"},"schema":{"@context":"https:\/\/schema.org","@graph":[{"@type":["WebPage","ItemPage"],"@id":"https:\/\/magnetarmagnets.com\/it\/shop\/gilet-riscaldato\/","url":"https:\/\/magnetarmagnets.com\/it\/shop\/gilet-riscaldato\/","name":"Gilet riscaldato - Magnet fishing with a Magnetar fishing magnet","isPartOf":{"@id":"https:\/\/magnetarmagnets.com\/it\/#website"},"primaryImageOfPage":{"@id":"https:\/\/magnetarmagnets.com\/it\/shop\/gilet-riscaldato\/#primaryimage"},"image":{"@id":"https:\/\/magnetarmagnets.com\/it\/shop\/gilet-riscaldato\/#primaryimage"},"thumbnailUrl":"https:\/\/magnetarmagnets.com\/wp-content\/uploads\/2023\/09\/1-1.jpg","datePublished":"2025-07-07T13:31:12+00:00","dateModified":"2026-03-12T17:08:55+00:00","description":"Gilet riscaldato - Resta al caldo durante la pesca magnetica","breadcrumb":{"@id":"https:\/\/magnetarmagnets.com\/it\/shop\/gilet-riscaldato\/#breadcrumb"},"inLanguage":"it-IT","potentialAction":[{"@type":"ReadAction","target":["https:\/\/magnetarmagnets.com\/it\/shop\/gilet-riscaldato\/"]}]},{"@type":"ImageObject","inLanguage":"it-IT","@id":"https:\/\/magnetarmagnets.com\/it\/shop\/gilet-riscaldato\/#primaryimage","url":"https:\/\/magnetarmagnets.com\/wp-content\/uploads\/2023\/09\/1-1.jpg","contentUrl":"https:\/\/magnetarmagnets.com\/wp-content\/uploads\/2023\/09\/1-1.jpg","width":1500,"height":1500,"caption":"LAVA Heated Bodywarmer Magnetar Heat Front"},{"@type":"BreadcrumbList","@id":"https:\/\/magnetarmagnets.com\/it\/shop\/gilet-riscaldato\/#breadcrumb","itemListElement":[{"@type":"ListItem","position":1,"name":"Home","item":"https:\/\/magnetarmagnets.com\/it\/"},{"@type":"ListItem","position":2,"name":"negozio","item":"https:\/\/magnetarmagnets.com\/negozio\/"},{"@type":"ListItem","position":3,"name":"Attrezzatura","item":"https:\/\/magnetarmagnets.com\/it\/collections\/attrezzatura\/"},{"@type":"ListItem","position":4,"name":"Abbigliamento Termico","item":"https:\/\/magnetarmagnets.com\/it\/collections\/attrezzatura\/abbigliamento-termico\/"},{"@type":"ListItem","position":5,"name":"Gilet riscaldato"}]},{"@type":"WebSite","@id":"https:\/\/magnetarmagnets.com\/it\/#website","url":"https:\/\/magnetarmagnets.com\/it\/","name":"Magnet fishing with a Magnetar fishing magnet","description":"Magneti potenti per la pesca magnetica","publisher":{"@id":"https:\/\/magnetarmagnets.com\/it\/#organization"},"potentialAction":[{"@type":"SearchAction","target":{"@type":"EntryPoint","urlTemplate":"https:\/\/magnetarmagnets.com\/it\/?s={search_term_string}"},"query-input":{"@type":"PropertyValueSpecification","valueRequired":true,"valueName":"search_term_string"}}],"inLanguage":"it-IT"},{"@type":"Organization","@id":"https:\/\/magnetarmagnets.com\/it\/#organization","name":"Magnetar","url":"https:\/\/magnetarmagnets.com\/it\/","logo":{"@type":"ImageObject","inLanguage":"it-IT","@id":"https:\/\/magnetarmagnets.com\/it\/#\/schema\/logo\/image\/","url":"https:\/\/magnetarmagnets.com\/wp-content\/uploads\/2025\/05\/Logo-03_PNG-Black-scaled.png","contentUrl":"https:\/\/magnetarmagnets.com\/wp-content\/uploads\/2025\/05\/Logo-03_PNG-Black-scaled.png","width":2560,"height":1658,"caption":"Magnetar"},"image":{"@id":"https:\/\/magnetarmagnets.com\/it\/#\/schema\/logo\/image\/"},"sameAs":["https:\/\/www.facebook.com\/fishingmagnets\/","https:\/\/www.instagram.com\/magnetar_magnets\/","https:\/\/www.linkedin.com\/company\/magnetarbv\/?originalSubdomain=nl","https:\/\/www.youtube.com\/c\/MagnetarVismagneet"]}]}},"_links":{"self":[{"href":"https:\/\/magnetarmagnets.com\/it\/wp-json\/wp\/v2\/product\/81895","targetHints":{"allow":["GET"]}}],"collection":[{"href":"https:\/\/magnetarmagnets.com\/it\/wp-json\/wp\/v2\/product"}],"about":[{"href":"https:\/\/magnetarmagnets.com\/it\/wp-json\/wp\/v2\/types\/product"}],"replies":[{"embeddable":true,"href":"https:\/\/magnetarmagnets.com\/it\/wp-json\/wp\/v2\/comments?post=81895"}],"version-history":[{"count":0,"href":"https:\/\/magnetarmagnets.com\/it\/wp-json\/wp\/v2\/product\/81895\/revisions"}],"wp:featuredmedia":[{"embeddable":true,"href":"https:\/\/magnetarmagnets.com\/it\/wp-json\/wp\/v2\/media\/81017"}],"wp:attachment":[{"href":"https:\/\/magnetarmagnets.com\/it\/wp-json\/wp\/v2\/media?parent=81895"}],"wp:term":[{"taxonomy":"product_brand","embeddable":true,"href":"https:\/\/magnetarmagnets.com\/it\/wp-json\/wp\/v2\/product_brand?post=81895"},{"taxonomy":"product_cat","embeddable":true,"href":"https:\/\/magnetarmagnets.com\/it\/wp-json\/wp\/v2\/product_cat?post=81895"},{"taxonomy":"product_tag","embeddable":true,"href":"https:\/\/magnetarmagnets.com\/it\/wp-json\/wp\/v2\/product_tag?post=81895"}],"curies":[{"name":"wp","href":"https:\/\/api.w.org\/{rel}","templated":true}]}}