{"id":81889,"date":"2025-06-05T09:53:04","date_gmt":"2025-06-05T07:53:04","guid":{"rendered":"https:\/\/magnetarmagnets.com\/?post_type=product&#038;p=81889"},"modified":"2026-04-03T16:39:24","modified_gmt":"2026-04-03T14:39:24","slug":"pacchetto-double-impact-per-pesca-con-magnete","status":"publish","type":"product","link":"https:\/\/magnetarmagnets.com\/it\/shop\/pacchetto-double-impact-per-pesca-con-magnete\/","title":{"rendered":"Pacchetto Double Impact per pesca con magnete"},"content":{"rendered":"Utilizzare non uno, ma due magneti per la pesca con magnete? Pu\u00f2 sembrare insolito, ma cambierai idea dopo aver provato Double Impact! Questo pacchetto ti permette di cercare splendidi tesori sommersi con due magneti da pesca Magnetar.\r\n<h2>Aumenta il tuo potenziale di recupero con i pacchetti Double Impact<\/h2>\r\nSe utilizzi un magnete da pesca Magnetar, sai gi\u00e0 che puoi recuperare facilmente la maggior parte degli oggetti dall\u2019acqua. Tuttavia, cerchiamo sempre nuovi modi per aumentare il potenziale di recupero degli appassionati di pesca con magnete, ed \u00e8 qui che entrano in gioco i pacchetti Double Impact.\r\n\r\nDouble Impact \u00e8 un nuovo strumento per la pesca con magnete. Si tratta di un anello che collega due aste metalliche. I due magneti da pesca Magnetar inclusi possono essere fissati a queste aste.\r\n\r\nCon Double Impact hai il doppio del potenziale di recupero. I campi magnetici dei magneti da pesca si respingono reciprocamente, aumentando significativamente il campo magnetico complessivo, con un impatto positivo sul potenziale di recupero. Oltre al campo magnetico pi\u00f9 ampio, questo prodotto offre due magneti che lavorano insieme per recuperare oggetti ancora pi\u00f9 grandi.\r\n<h2>Come si usa Double Impact?<\/h2>\r\nLa pesca con magnete pu\u00f2 essere praticata in vari modi e Double Impact pu\u00f2 essere utilizzato in pi\u00f9 modalit\u00e0. Tuttavia, questo strumento \u00e8 pi\u00f9 efficace se impiegato tramite trascinamento. In questo modo puoi coprire facilmente un\u2019area pi\u00f9 ampia in acqua.\r\n<h2>Pacchetto Double Impact 1 e Pacchetto Double Impact 2<\/h2>\r\nSono disponibili due pacchetti Double Impact. Il primo pacchetto include i seguenti prodotti: due <a href=\"https:\/\/magnetarmagnets.com\/shop\/easy-magnet\">Easy<\/a> magneti da pesca, due coperture protettive Easy, un tubo di adesivo, un paio di guanti e una corda da 6 mm.\r\n\r\nIl secondo pacchetto, pi\u00f9 potente, \u00e8 composto da: due <a href=\"https:\/\/magnetarmagnets.com\/shop\/hardcore-magnet-2\">Hardcore<\/a> magneti da pesca, due coperture protettive Hardcore, un tubo di adesivo, un paio di guanti e una corda da 8 mm.\r\n<h2>Avvertenza di sicurezza<\/h2>\r\nIn Magnetar la sicurezza \u00e8 una priorit\u00e0 assoluta. Per questo vogliamo avvisarti prima di utilizzare Double Impact. Avvicinare magneti potenti tra loro pu\u00f2 causare situazioni pericolose. Presta attenzione ai rischi durante il montaggio del prodotto. Magnetar non pu\u00f2 essere ritenuta responsabile per eventuali infortuni derivanti da un uso imprudente.\r\n\r\n\u00c8 teoricamente possibile utilizzare Double Impact in combinazione con i <a href=\"https:\/\/magnetarmagnets.com\/shop\/exclusive-terror-magnet\">Terror<\/a>, <a href=\"https:\/\/magnetarmagnets.com\/shop\/beast-magnet\">Beast<\/a> e <a href=\"https:\/\/magnetarmagnets.com\/shop\/barbarian-magnet\">Barbarian<\/a>. Tuttavia, in tal caso Magnetar non si assume alcuna responsabilit\u00e0 per eventuali incidenti.","protected":false},"excerpt":{"rendered":"<p><strong>Raddoppia le tue possibilit\u00e0<\/strong> di recupero durante la pesca con magnete con i <strong>pacchetti Double Impact<\/strong> di Magnetar! Con questo accessorio puoi <strong>combinare due magneti da pesca<\/strong>.<\/p>\n","protected":false},"featured_media":73942,"comment_status":"open","ping_status":"closed","template":"","meta":{"_acf_changed":false,"inline_featured_image":false},"product_brand":[],"product_cat":[473,476,488,480,480,473,476,488,483],"product_tag":[],"class_list":{"0":"post-81889","1":"product","2":"type-product","3":"status-publish","4":"has-post-thumbnail","6":"product_cat-magneti-da-pesca","7":"product_cat-magneti-da-pesca-360-allround","8":"product_cat-magneti-da-pesca-piu-potenti","9":"product_cat-kit-per-la-pesca-magnetica","14":"product_cat-per-professionisti","16":"first","17":"instock","18":"sale","19":"taxable","20":"shipping-taxable","21":"purchasable","22":"product-type-variable"},"acf":[],"yoast_head":"<!-- This site is optimized with the Yoast SEO plugin v27.3 - https:\/\/yoast.com\/product\/yoast-seo-wordpress\/ -->\n<title>Pacchetto Double Impact per pesca con magnete - Magnet fishing with a Magnetar fishing magnet<\/title>\n<meta name=\"description\" content=\"Pacchetto Double Impact - Gli essenziali di Magnetar per la pesca con magnete\" \/>\n<meta name=\"robots\" content=\"index, follow, max-snippet:-1, max-image-preview:large, max-video-preview:-1\" \/>\n<link rel=\"canonical\" href=\"https:\/\/magnetarmagnets.com\/it\/shop\/pacchetto-double-impact-per-pesca-con-magnete\/\" \/>\n<meta property=\"og:locale\" content=\"it_IT\" \/>\n<meta property=\"og:type\" content=\"article\" \/>\n<meta property=\"og:title\" content=\"Pacchetto Double Impact per pesca con magnete - Magnet fishing with a Magnetar fishing magnet\" \/>\n<meta property=\"og:description\" content=\"Pacchetto Double Impact - Gli essenziali di Magnetar per la pesca con magnete\" \/>\n<meta property=\"og:url\" content=\"https:\/\/magnetarmagnets.com\/it\/shop\/pacchetto-double-impact-per-pesca-con-magnete\/\" \/>\n<meta property=\"og:site_name\" content=\"Magnet fishing with a Magnetar fishing magnet\" \/>\n<meta property=\"article:publisher\" content=\"https:\/\/www.facebook.com\/fishingmagnets\/\" \/>\n<meta property=\"article:modified_time\" content=\"2026-04-03T14:39:24+00:00\" \/>\n<meta property=\"og:image\" content=\"https:\/\/magnetarmagnets.com\/wp-content\/uploads\/2023\/10\/DOUBLE-TROUBLE-HARDCORE.png\" \/>\n\t<meta property=\"og:image:width\" content=\"1500\" \/>\n\t<meta property=\"og:image:height\" content=\"1500\" \/>\n\t<meta property=\"og:image:type\" content=\"image\/png\" \/>\n<meta name=\"twitter:card\" content=\"summary_large_image\" \/>\n<meta name=\"twitter:label1\" content=\"Tempo di lettura stimato\" \/>\n\t<meta name=\"twitter:data1\" content=\"2 minuti\" \/>\n<script type=\"application\/ld+json\" class=\"yoast-schema-graph\">{\"@context\":\"https:\\\/\\\/schema.org\",\"@graph\":[{\"@type\":[\"WebPage\",\"ItemPage\"],\"@id\":\"https:\\\/\\\/magnetarmagnets.com\\\/it\\\/shop\\\/pacchetto-double-impact-per-pesca-con-magnete\\\/\",\"url\":\"https:\\\/\\\/magnetarmagnets.com\\\/it\\\/shop\\\/pacchetto-double-impact-per-pesca-con-magnete\\\/\",\"name\":\"Pacchetto Double Impact per pesca con magnete - Magnet fishing with a Magnetar fishing magnet\",\"isPartOf\":{\"@id\":\"https:\\\/\\\/magnetarmagnets.com\\\/it\\\/#website\"},\"primaryImageOfPage\":{\"@id\":\"https:\\\/\\\/magnetarmagnets.com\\\/it\\\/shop\\\/pacchetto-double-impact-per-pesca-con-magnete\\\/#primaryimage\"},\"image\":{\"@id\":\"https:\\\/\\\/magnetarmagnets.com\\\/it\\\/shop\\\/pacchetto-double-impact-per-pesca-con-magnete\\\/#primaryimage\"},\"thumbnailUrl\":\"https:\\\/\\\/magnetarmagnets.com\\\/wp-content\\\/uploads\\\/2023\\\/10\\\/DOUBLE-TROUBLE-HARDCORE.png\",\"datePublished\":\"2025-06-05T07:53:04+00:00\",\"dateModified\":\"2026-04-03T14:39:24+00:00\",\"description\":\"Pacchetto Double Impact - Gli essenziali di Magnetar per la pesca con magnete\",\"breadcrumb\":{\"@id\":\"https:\\\/\\\/magnetarmagnets.com\\\/it\\\/shop\\\/pacchetto-double-impact-per-pesca-con-magnete\\\/#breadcrumb\"},\"inLanguage\":\"it-IT\",\"potentialAction\":[{\"@type\":\"ReadAction\",\"target\":[\"https:\\\/\\\/magnetarmagnets.com\\\/it\\\/shop\\\/pacchetto-double-impact-per-pesca-con-magnete\\\/\"]}]},{\"@type\":\"ImageObject\",\"inLanguage\":\"it-IT\",\"@id\":\"https:\\\/\\\/magnetarmagnets.com\\\/it\\\/shop\\\/pacchetto-double-impact-per-pesca-con-magnete\\\/#primaryimage\",\"url\":\"https:\\\/\\\/magnetarmagnets.com\\\/wp-content\\\/uploads\\\/2023\\\/10\\\/DOUBLE-TROUBLE-HARDCORE.png\",\"contentUrl\":\"https:\\\/\\\/magnetarmagnets.com\\\/wp-content\\\/uploads\\\/2023\\\/10\\\/DOUBLE-TROUBLE-HARDCORE.png\",\"width\":1500,\"height\":1500,\"caption\":\"Double package 360 magnet\"},{\"@type\":\"BreadcrumbList\",\"@id\":\"https:\\\/\\\/magnetarmagnets.com\\\/it\\\/shop\\\/pacchetto-double-impact-per-pesca-con-magnete\\\/#breadcrumb\",\"itemListElement\":[{\"@type\":\"ListItem\",\"position\":1,\"name\":\"Home\",\"item\":\"https:\\\/\\\/magnetarmagnets.com\\\/it\\\/\"},{\"@type\":\"ListItem\",\"position\":2,\"name\":\"negozio\",\"item\":\"https:\\\/\\\/magnetarmagnets.com\\\/negozio\\\/\"},{\"@type\":\"ListItem\",\"position\":3,\"name\":\"Magneti da Pesca\",\"item\":\"https:\\\/\\\/magnetarmagnets.com\\\/it\\\/collections\\\/magneti-da-pesca\\\/\"},{\"@type\":\"ListItem\",\"position\":4,\"name\":\"Kit per la Pesca Magnetica\",\"item\":\"https:\\\/\\\/magnetarmagnets.com\\\/it\\\/collections\\\/magneti-da-pesca\\\/kit-per-la-pesca-magnetica\\\/\"},{\"@type\":\"ListItem\",\"position\":5,\"name\":\"Pacchetto Double Impact per pesca con magnete\"}]},{\"@type\":\"WebSite\",\"@id\":\"https:\\\/\\\/magnetarmagnets.com\\\/it\\\/#website\",\"url\":\"https:\\\/\\\/magnetarmagnets.com\\\/it\\\/\",\"name\":\"Magnet fishing with a Magnetar fishing magnet\",\"description\":\"Magneti potenti per la pesca magnetica\",\"publisher\":{\"@id\":\"https:\\\/\\\/magnetarmagnets.com\\\/it\\\/#organization\"},\"potentialAction\":[{\"@type\":\"SearchAction\",\"target\":{\"@type\":\"EntryPoint\",\"urlTemplate\":\"https:\\\/\\\/magnetarmagnets.com\\\/it\\\/?s={search_term_string}\"},\"query-input\":{\"@type\":\"PropertyValueSpecification\",\"valueRequired\":true,\"valueName\":\"search_term_string\"}}],\"inLanguage\":\"it-IT\"},{\"@type\":\"Organization\",\"@id\":\"https:\\\/\\\/magnetarmagnets.com\\\/it\\\/#organization\",\"name\":\"Magnetar\",\"url\":\"https:\\\/\\\/magnetarmagnets.com\\\/it\\\/\",\"logo\":{\"@type\":\"ImageObject\",\"inLanguage\":\"it-IT\",\"@id\":\"https:\\\/\\\/magnetarmagnets.com\\\/it\\\/#\\\/schema\\\/logo\\\/image\\\/\",\"url\":\"https:\\\/\\\/magnetarmagnets.com\\\/wp-content\\\/uploads\\\/2025\\\/05\\\/Logo-03_PNG-Black-scaled.png\",\"contentUrl\":\"https:\\\/\\\/magnetarmagnets.com\\\/wp-content\\\/uploads\\\/2025\\\/05\\\/Logo-03_PNG-Black-scaled.png\",\"width\":2560,\"height\":1658,\"caption\":\"Magnetar\"},\"image\":{\"@id\":\"https:\\\/\\\/magnetarmagnets.com\\\/it\\\/#\\\/schema\\\/logo\\\/image\\\/\"},\"sameAs\":[\"https:\\\/\\\/www.facebook.com\\\/fishingmagnets\\\/\",\"https:\\\/\\\/www.instagram.com\\\/magnetar_magnets\\\/\",\"https:\\\/\\\/www.linkedin.com\\\/company\\\/magnetarbv\\\/?originalSubdomain=nl\",\"https:\\\/\\\/www.youtube.com\\\/c\\\/MagnetarVismagneet\"]}]}<\/script>\n<!-- \/ Yoast SEO plugin. -->","yoast_head_json":{"title":"Pacchetto Double Impact per pesca con magnete - Magnet fishing with a Magnetar fishing magnet","description":"Pacchetto Double Impact - Gli essenziali di Magnetar per la pesca con magnete","robots":{"index":"index","follow":"follow","max-snippet":"max-snippet:-1","max-image-preview":"max-image-preview:large","max-video-preview":"max-video-preview:-1"},"canonical":"https:\/\/magnetarmagnets.com\/it\/shop\/pacchetto-double-impact-per-pesca-con-magnete\/","og_locale":"it_IT","og_type":"article","og_title":"Pacchetto Double Impact per pesca con magnete - Magnet fishing with a Magnetar fishing magnet","og_description":"Pacchetto Double Impact - Gli essenziali di Magnetar per la pesca con magnete","og_url":"https:\/\/magnetarmagnets.com\/it\/shop\/pacchetto-double-impact-per-pesca-con-magnete\/","og_site_name":"Magnet fishing with a Magnetar fishing magnet","article_publisher":"https:\/\/www.facebook.com\/fishingmagnets\/","article_modified_time":"2026-04-03T14:39:24+00:00","og_image":[{"width":1500,"height":1500,"url":"https:\/\/magnetarmagnets.com\/wp-content\/uploads\/2023\/10\/DOUBLE-TROUBLE-HARDCORE.png","type":"image\/png"}],"twitter_card":"summary_large_image","twitter_misc":{"Tempo di lettura stimato":"2 minuti"},"schema":{"@context":"https:\/\/schema.org","@graph":[{"@type":["WebPage","ItemPage"],"@id":"https:\/\/magnetarmagnets.com\/it\/shop\/pacchetto-double-impact-per-pesca-con-magnete\/","url":"https:\/\/magnetarmagnets.com\/it\/shop\/pacchetto-double-impact-per-pesca-con-magnete\/","name":"Pacchetto Double Impact per pesca con magnete - Magnet fishing with a Magnetar fishing magnet","isPartOf":{"@id":"https:\/\/magnetarmagnets.com\/it\/#website"},"primaryImageOfPage":{"@id":"https:\/\/magnetarmagnets.com\/it\/shop\/pacchetto-double-impact-per-pesca-con-magnete\/#primaryimage"},"image":{"@id":"https:\/\/magnetarmagnets.com\/it\/shop\/pacchetto-double-impact-per-pesca-con-magnete\/#primaryimage"},"thumbnailUrl":"https:\/\/magnetarmagnets.com\/wp-content\/uploads\/2023\/10\/DOUBLE-TROUBLE-HARDCORE.png","datePublished":"2025-06-05T07:53:04+00:00","dateModified":"2026-04-03T14:39:24+00:00","description":"Pacchetto Double Impact - Gli essenziali di Magnetar per la pesca con magnete","breadcrumb":{"@id":"https:\/\/magnetarmagnets.com\/it\/shop\/pacchetto-double-impact-per-pesca-con-magnete\/#breadcrumb"},"inLanguage":"it-IT","potentialAction":[{"@type":"ReadAction","target":["https:\/\/magnetarmagnets.com\/it\/shop\/pacchetto-double-impact-per-pesca-con-magnete\/"]}]},{"@type":"ImageObject","inLanguage":"it-IT","@id":"https:\/\/magnetarmagnets.com\/it\/shop\/pacchetto-double-impact-per-pesca-con-magnete\/#primaryimage","url":"https:\/\/magnetarmagnets.com\/wp-content\/uploads\/2023\/10\/DOUBLE-TROUBLE-HARDCORE.png","contentUrl":"https:\/\/magnetarmagnets.com\/wp-content\/uploads\/2023\/10\/DOUBLE-TROUBLE-HARDCORE.png","width":1500,"height":1500,"caption":"Double package 360 magnet"},{"@type":"BreadcrumbList","@id":"https:\/\/magnetarmagnets.com\/it\/shop\/pacchetto-double-impact-per-pesca-con-magnete\/#breadcrumb","itemListElement":[{"@type":"ListItem","position":1,"name":"Home","item":"https:\/\/magnetarmagnets.com\/it\/"},{"@type":"ListItem","position":2,"name":"negozio","item":"https:\/\/magnetarmagnets.com\/negozio\/"},{"@type":"ListItem","position":3,"name":"Magneti da Pesca","item":"https:\/\/magnetarmagnets.com\/it\/collections\/magneti-da-pesca\/"},{"@type":"ListItem","position":4,"name":"Kit per la Pesca Magnetica","item":"https:\/\/magnetarmagnets.com\/it\/collections\/magneti-da-pesca\/kit-per-la-pesca-magnetica\/"},{"@type":"ListItem","position":5,"name":"Pacchetto Double Impact per pesca con magnete"}]},{"@type":"WebSite","@id":"https:\/\/magnetarmagnets.com\/it\/#website","url":"https:\/\/magnetarmagnets.com\/it\/","name":"Magnet fishing with a Magnetar fishing magnet","description":"Magneti potenti per la pesca magnetica","publisher":{"@id":"https:\/\/magnetarmagnets.com\/it\/#organization"},"potentialAction":[{"@type":"SearchAction","target":{"@type":"EntryPoint","urlTemplate":"https:\/\/magnetarmagnets.com\/it\/?s={search_term_string}"},"query-input":{"@type":"PropertyValueSpecification","valueRequired":true,"valueName":"search_term_string"}}],"inLanguage":"it-IT"},{"@type":"Organization","@id":"https:\/\/magnetarmagnets.com\/it\/#organization","name":"Magnetar","url":"https:\/\/magnetarmagnets.com\/it\/","logo":{"@type":"ImageObject","inLanguage":"it-IT","@id":"https:\/\/magnetarmagnets.com\/it\/#\/schema\/logo\/image\/","url":"https:\/\/magnetarmagnets.com\/wp-content\/uploads\/2025\/05\/Logo-03_PNG-Black-scaled.png","contentUrl":"https:\/\/magnetarmagnets.com\/wp-content\/uploads\/2025\/05\/Logo-03_PNG-Black-scaled.png","width":2560,"height":1658,"caption":"Magnetar"},"image":{"@id":"https:\/\/magnetarmagnets.com\/it\/#\/schema\/logo\/image\/"},"sameAs":["https:\/\/www.facebook.com\/fishingmagnets\/","https:\/\/www.instagram.com\/magnetar_magnets\/","https:\/\/www.linkedin.com\/company\/magnetarbv\/?originalSubdomain=nl","https:\/\/www.youtube.com\/c\/MagnetarVismagneet"]}]}},"_links":{"self":[{"href":"https:\/\/magnetarmagnets.com\/it\/wp-json\/wp\/v2\/product\/81889","targetHints":{"allow":["GET"]}}],"collection":[{"href":"https:\/\/magnetarmagnets.com\/it\/wp-json\/wp\/v2\/product"}],"about":[{"href":"https:\/\/magnetarmagnets.com\/it\/wp-json\/wp\/v2\/types\/product"}],"replies":[{"embeddable":true,"href":"https:\/\/magnetarmagnets.com\/it\/wp-json\/wp\/v2\/comments?post=81889"}],"version-history":[{"count":1,"href":"https:\/\/magnetarmagnets.com\/it\/wp-json\/wp\/v2\/product\/81889\/revisions"}],"predecessor-version":[{"id":95151,"href":"https:\/\/magnetarmagnets.com\/it\/wp-json\/wp\/v2\/product\/81889\/revisions\/95151"}],"wp:featuredmedia":[{"embeddable":true,"href":"https:\/\/magnetarmagnets.com\/it\/wp-json\/wp\/v2\/media\/73942"}],"wp:attachment":[{"href":"https:\/\/magnetarmagnets.com\/it\/wp-json\/wp\/v2\/media?parent=81889"}],"wp:term":[{"taxonomy":"product_brand","embeddable":true,"href":"https:\/\/magnetarmagnets.com\/it\/wp-json\/wp\/v2\/product_brand?post=81889"},{"taxonomy":"product_cat","embeddable":true,"href":"https:\/\/magnetarmagnets.com\/it\/wp-json\/wp\/v2\/product_cat?post=81889"},{"taxonomy":"product_tag","embeddable":true,"href":"https:\/\/magnetarmagnets.com\/it\/wp-json\/wp\/v2\/product_tag?post=81889"}],"curies":[{"name":"wp","href":"https:\/\/api.w.org\/{rel}","templated":true}]}}