{"id":81888,"date":"2025-06-05T09:53:03","date_gmt":"2025-06-05T07:53:03","guid":{"rendered":"https:\/\/magnetarmagnets.com\/?post_type=product&#038;p=81888"},"modified":"2026-04-05T06:18:32","modified_gmt":"2026-04-05T04:18:32","slug":"kit-megacube-2700-kg-magnete-da-pesca-360-a-blocco","status":"publish","type":"product","link":"https:\/\/magnetarmagnets.com\/it\/shop\/kit-megacube-2700-kg-magnete-da-pesca-360-a-blocco\/","title":{"rendered":"Kit MEGACUBE\u2122 &#8211; 2700 kg &#8211; Magnete da pesca 360\u00b0 a blocco"},"content":{"rendered":"Il MEGACUBE\u2122 \u00e8 il magnete da pesca pi\u00f9 <strong>potente<\/strong> al mondo! Con 6 x 1000 lb \/ 450 kg di superfici di contatto magnetico, hai le <strong>migliori probabilit\u00e0 di recupero<\/strong>. Il nostro magnete da pesca a blocco \u00e8 la scelta migliore per il pescatore professionista.\r\n<h2>Perch\u00e9 scegliere il MEGACUBE\u2122?<\/h2>\r\nCi sono molti magneti da pesca potenti. Allora perch\u00e9 scegliere il MEGACUBE\u2122 di Magnetar invece di un <a href=\"https:\/\/magnetarmagnets.com\/collections\/fishing-magnets\/single-sided-classic\/\">magnete singola faccia<\/a>, <a href=\"https:\/\/magnetarmagnets.com\/double-sided-fishing-magnet\/\">magnete doppia faccia<\/a> o <a href=\"https:\/\/magnetarmagnets.com\/collections\/fishing-magnets\/allround-magnets-360\/\">magnete all-round<\/a>?\r\n<ul>\r\n \t<li><strong>Maggiori probabilit\u00e0 di recupero<\/strong>: il MEGACUBE\u2122 \u00e8 magnetico su sei lati. Questo genera un campo magnetico pi\u00f9 ampio rispetto a un magnete da pesca all-round;<\/li>\r\n \t<li><strong>Design<\/strong>: le sei superfici piane offrono pi\u00f9 presa rispetto ai magneti tondi. Questo aumenta la possibilit\u00e0 di recuperare oggetti come casseforti dall&#8217;acqua;<\/li>\r\n \t<li><strong>Indistruttibile<\/strong>: a differenza di altri magneti da pesca in neodimio, questo blocco \u00e8 100% protetto. Inoltre, conserva il 100% della sua forza di trazione;<\/li>\r\n \t<li><strong>Distanza di attrazione maggiore<\/strong>: la distanza di attrazione \u00e8 di ben 9 pollici \/ 22,5 cm, notevolmente superiore ad altri magneti da pesca;<\/li>\r\n \t<li><strong>Pronto all&#8217;azione<\/strong>: completamente assemblato, incollato e sicuro. Il MEGACUBE\u2122 \u00e8 pronto all&#8217;uso immediatamente;<\/li>\r\n \t<li><strong>Completo<\/strong>: il MEGACUBE\u2122 viene fornito con una robusta custodia, <a href=\"https:\/\/magnetarmagnets.com\/shop\/magnet-fishing-rope\/\">corda da 10 mm<\/a> e <a href=\"https:\/\/magnetarmagnets.com\/shop\/magnet-fishing-glove\/\">guanti<\/a>.<\/li>\r\n<\/ul>\r\n<h2>Innovazione nel mondo della pesca con magnete<\/h2>\r\nIl MEGACUBE\u2122 non ha eguali. Nessun altro magnete da pesca si avvicina. I suoi tratti distintivi sono la potenza di attrazione a 360\u00b0, le sei superfici di contatto magnetico, la durabilit\u00e0 e l&#8217;enorme distanza di attrazione del nostro cubo. Questa potenza, con dimensioni di 3x3x3 pollici \/ 74x74x74 mm, \u00e8 un magnete di notevoli dimensioni. La distanza di attrazione di 9 pollici \/ 22,5 cm e la forza totale di trazione di 6000 lb \/ 2700 kg garantiscono che tu possa recuperare ogni tesoro dal fondale.\r\n<h2>Attenzione!<\/h2>\r\nI nostri magneti in neodimio sono estremamente potenti. Di conseguenza, oggetti ferrosi posti a breve distanza possono essere attratti verso i magneti a velocit\u00e0 elevate. In alcuni casi, un dito pu\u00f2 restare intrappolato tra il magnete e l&#8217;oggetto. Pertanto, maneggia sempre i magneti con cura e usali a tuo rischio. Leggi le nostre avvertenze di sicurezza prima dell&#8217;uso.\r\n\r\n*Questo prodotto non \u00e8 adatto ai bambini.\r\n<p class=\"x_elementToProof\" data-ogsb=\"rgb(255, 255, 255)\"><em>Protetto da Registered Community Design (015054920-0001 \/ -0004)<\/em><\/p>","protected":false},"excerpt":{"rendered":"<p>Il magnete da pesca MEGACUBE\u2122. <strong>Pesca con magnete<\/strong> con 6 volte pi\u00f9 potenza. Risultato: divertimento!<\/p>\n<p>Il <strong>magnete pi\u00f9 potente al mondo<\/strong> \u00e8 fornito <strong>completo<\/strong> in un astuccio professionale con corda e guanti.<\/p>\n","protected":false},"featured_media":74202,"comment_status":"open","ping_status":"closed","template":"","meta":{"_acf_changed":false,"inline_featured_image":false},"product_brand":[],"product_cat":[475,480,473,488,483],"product_tag":[],"class_list":{"0":"post-81888","1":"product","2":"type-product","3":"status-publish","4":"has-post-thumbnail","6":"product_cat-blocchi-magneti-da-pesca-360","7":"product_cat-kit-per-la-pesca-magnetica","8":"product_cat-magneti-da-pesca","9":"product_cat-magneti-da-pesca-piu-potenti","10":"product_cat-per-professionisti","12":"first","13":"instock","14":"taxable","15":"shipping-taxable","16":"purchasable","17":"product-type-simple"},"acf":[],"yoast_head":"<!-- This site is optimized with the Yoast SEO plugin v27.3 - https:\/\/yoast.com\/product\/yoast-seo-wordpress\/ -->\n<title>Kit MEGACUBE\u2122 - magnete da pesca 6000 lb \/ 2700 kg - Blocco 360\u00b0 - Magnet fishing with a Magnetar fishing magnet<\/title>\n<meta name=\"description\" content=\"Il MEGACUBE\u2122 \u00e8 il magnete da pesca pi\u00f9 potente al mondo. Questo blocco \u00e8 pronto all&#039;uso in un unico pacchetto. La scelta migliore per la pesca con magnete.\" \/>\n<meta name=\"robots\" content=\"index, follow, max-snippet:-1, max-image-preview:large, max-video-preview:-1\" \/>\n<link rel=\"canonical\" href=\"https:\/\/magnetarmagnets.com\/it\/shop\/kit-megacube-2700-kg-magnete-da-pesca-360-a-blocco\/\" \/>\n<meta property=\"og:locale\" content=\"it_IT\" \/>\n<meta property=\"og:type\" content=\"article\" \/>\n<meta property=\"og:title\" content=\"Kit MEGACUBE\u2122 - magnete da pesca 6000 lb \/ 2700 kg - Blocco 360\u00b0 - Magnet fishing with a Magnetar fishing magnet\" \/>\n<meta property=\"og:description\" content=\"Il MEGACUBE\u2122 \u00e8 il magnete da pesca pi\u00f9 potente al mondo. Questo blocco \u00e8 pronto all&#039;uso in un unico pacchetto. La scelta migliore per la pesca con magnete.\" \/>\n<meta property=\"og:url\" content=\"https:\/\/magnetarmagnets.com\/it\/shop\/kit-megacube-2700-kg-magnete-da-pesca-360-a-blocco\/\" \/>\n<meta property=\"og:site_name\" content=\"Magnet fishing with a Magnetar fishing magnet\" \/>\n<meta property=\"article:publisher\" content=\"https:\/\/www.facebook.com\/fishingmagnets\/\" \/>\n<meta property=\"article:modified_time\" content=\"2026-04-05T04:18:32+00:00\" \/>\n<meta property=\"og:image\" content=\"https:\/\/magnetarmagnets.com\/wp-content\/uploads\/2024\/04\/3.png\" \/>\n\t<meta property=\"og:image:width\" content=\"1500\" \/>\n\t<meta property=\"og:image:height\" content=\"1500\" \/>\n\t<meta property=\"og:image:type\" content=\"image\/png\" \/>\n<meta name=\"twitter:card\" content=\"summary_large_image\" \/>\n<meta name=\"twitter:label1\" content=\"Tempo di lettura stimato\" \/>\n\t<meta name=\"twitter:data1\" content=\"3 minuti\" \/>\n<script type=\"application\/ld+json\" class=\"yoast-schema-graph\">{\"@context\":\"https:\\\/\\\/schema.org\",\"@graph\":[{\"@type\":[\"WebPage\",\"ItemPage\"],\"@id\":\"https:\\\/\\\/magnetarmagnets.com\\\/it\\\/shop\\\/kit-megacube-2700-kg-magnete-da-pesca-360-a-blocco\\\/\",\"url\":\"https:\\\/\\\/magnetarmagnets.com\\\/it\\\/shop\\\/kit-megacube-2700-kg-magnete-da-pesca-360-a-blocco\\\/\",\"name\":\"Kit MEGACUBE\u2122 - magnete da pesca 6000 lb \\\/ 2700 kg - Blocco 360\u00b0 - Magnet fishing with a Magnetar fishing magnet\",\"isPartOf\":{\"@id\":\"https:\\\/\\\/magnetarmagnets.com\\\/it\\\/#website\"},\"primaryImageOfPage\":{\"@id\":\"https:\\\/\\\/magnetarmagnets.com\\\/it\\\/shop\\\/kit-megacube-2700-kg-magnete-da-pesca-360-a-blocco\\\/#primaryimage\"},\"image\":{\"@id\":\"https:\\\/\\\/magnetarmagnets.com\\\/it\\\/shop\\\/kit-megacube-2700-kg-magnete-da-pesca-360-a-blocco\\\/#primaryimage\"},\"thumbnailUrl\":\"https:\\\/\\\/magnetarmagnets.com\\\/wp-content\\\/uploads\\\/2024\\\/04\\\/3.png\",\"datePublished\":\"2025-06-05T07:53:03+00:00\",\"dateModified\":\"2026-04-05T04:18:32+00:00\",\"description\":\"Il MEGACUBE\u2122 \u00e8 il magnete da pesca pi\u00f9 potente al mondo. Questo blocco \u00e8 pronto all'uso in un unico pacchetto. La scelta migliore per la pesca con magnete.\",\"breadcrumb\":{\"@id\":\"https:\\\/\\\/magnetarmagnets.com\\\/it\\\/shop\\\/kit-megacube-2700-kg-magnete-da-pesca-360-a-blocco\\\/#breadcrumb\"},\"inLanguage\":\"it-IT\",\"potentialAction\":[{\"@type\":\"ReadAction\",\"target\":[\"https:\\\/\\\/magnetarmagnets.com\\\/it\\\/shop\\\/kit-megacube-2700-kg-magnete-da-pesca-360-a-blocco\\\/\"]}]},{\"@type\":\"ImageObject\",\"inLanguage\":\"it-IT\",\"@id\":\"https:\\\/\\\/magnetarmagnets.com\\\/it\\\/shop\\\/kit-megacube-2700-kg-magnete-da-pesca-360-a-blocco\\\/#primaryimage\",\"url\":\"https:\\\/\\\/magnetarmagnets.com\\\/wp-content\\\/uploads\\\/2024\\\/04\\\/3.png\",\"contentUrl\":\"https:\\\/\\\/magnetarmagnets.com\\\/wp-content\\\/uploads\\\/2024\\\/04\\\/3.png\",\"width\":1500,\"height\":1500,\"caption\":\"MEGACUBE KIT\"},{\"@type\":\"BreadcrumbList\",\"@id\":\"https:\\\/\\\/magnetarmagnets.com\\\/it\\\/shop\\\/kit-megacube-2700-kg-magnete-da-pesca-360-a-blocco\\\/#breadcrumb\",\"itemListElement\":[{\"@type\":\"ListItem\",\"position\":1,\"name\":\"Home\",\"item\":\"https:\\\/\\\/magnetarmagnets.com\\\/it\\\/\"},{\"@type\":\"ListItem\",\"position\":2,\"name\":\"negozio\",\"item\":\"https:\\\/\\\/magnetarmagnets.com\\\/negozio\\\/\"},{\"@type\":\"ListItem\",\"position\":3,\"name\":\"Magneti da Pesca\",\"item\":\"https:\\\/\\\/magnetarmagnets.com\\\/it\\\/collections\\\/magneti-da-pesca\\\/\"},{\"@type\":\"ListItem\",\"position\":4,\"name\":\"Blocchi Magneti da Pesca 360\u00b0\",\"item\":\"https:\\\/\\\/magnetarmagnets.com\\\/it\\\/collections\\\/magneti-da-pesca\\\/blocchi-magneti-da-pesca-360\\\/\"},{\"@type\":\"ListItem\",\"position\":5,\"name\":\"Kit MEGACUBE\u2122 &#8211; 2700 kg &#8211; Magnete da pesca 360\u00b0 a blocco\"}]},{\"@type\":\"WebSite\",\"@id\":\"https:\\\/\\\/magnetarmagnets.com\\\/it\\\/#website\",\"url\":\"https:\\\/\\\/magnetarmagnets.com\\\/it\\\/\",\"name\":\"Magnet fishing with a Magnetar fishing magnet\",\"description\":\"Magneti potenti per la pesca magnetica\",\"publisher\":{\"@id\":\"https:\\\/\\\/magnetarmagnets.com\\\/it\\\/#organization\"},\"potentialAction\":[{\"@type\":\"SearchAction\",\"target\":{\"@type\":\"EntryPoint\",\"urlTemplate\":\"https:\\\/\\\/magnetarmagnets.com\\\/it\\\/?s={search_term_string}\"},\"query-input\":{\"@type\":\"PropertyValueSpecification\",\"valueRequired\":true,\"valueName\":\"search_term_string\"}}],\"inLanguage\":\"it-IT\"},{\"@type\":\"Organization\",\"@id\":\"https:\\\/\\\/magnetarmagnets.com\\\/it\\\/#organization\",\"name\":\"Magnetar\",\"url\":\"https:\\\/\\\/magnetarmagnets.com\\\/it\\\/\",\"logo\":{\"@type\":\"ImageObject\",\"inLanguage\":\"it-IT\",\"@id\":\"https:\\\/\\\/magnetarmagnets.com\\\/it\\\/#\\\/schema\\\/logo\\\/image\\\/\",\"url\":\"https:\\\/\\\/magnetarmagnets.com\\\/wp-content\\\/uploads\\\/2025\\\/05\\\/Logo-03_PNG-Black-scaled.png\",\"contentUrl\":\"https:\\\/\\\/magnetarmagnets.com\\\/wp-content\\\/uploads\\\/2025\\\/05\\\/Logo-03_PNG-Black-scaled.png\",\"width\":2560,\"height\":1658,\"caption\":\"Magnetar\"},\"image\":{\"@id\":\"https:\\\/\\\/magnetarmagnets.com\\\/it\\\/#\\\/schema\\\/logo\\\/image\\\/\"},\"sameAs\":[\"https:\\\/\\\/www.facebook.com\\\/fishingmagnets\\\/\",\"https:\\\/\\\/www.instagram.com\\\/magnetar_magnets\\\/\",\"https:\\\/\\\/www.linkedin.com\\\/company\\\/magnetarbv\\\/?originalSubdomain=nl\",\"https:\\\/\\\/www.youtube.com\\\/c\\\/MagnetarVismagneet\"]}]}<\/script>\n<!-- \/ Yoast SEO plugin. -->","yoast_head_json":{"title":"Kit MEGACUBE\u2122 - magnete da pesca 6000 lb \/ 2700 kg - Blocco 360\u00b0 - Magnet fishing with a Magnetar fishing magnet","description":"Il MEGACUBE\u2122 \u00e8 il magnete da pesca pi\u00f9 potente al mondo. Questo blocco \u00e8 pronto all'uso in un unico pacchetto. La scelta migliore per la pesca con magnete.","robots":{"index":"index","follow":"follow","max-snippet":"max-snippet:-1","max-image-preview":"max-image-preview:large","max-video-preview":"max-video-preview:-1"},"canonical":"https:\/\/magnetarmagnets.com\/it\/shop\/kit-megacube-2700-kg-magnete-da-pesca-360-a-blocco\/","og_locale":"it_IT","og_type":"article","og_title":"Kit MEGACUBE\u2122 - magnete da pesca 6000 lb \/ 2700 kg - Blocco 360\u00b0 - Magnet fishing with a Magnetar fishing magnet","og_description":"Il MEGACUBE\u2122 \u00e8 il magnete da pesca pi\u00f9 potente al mondo. Questo blocco \u00e8 pronto all'uso in un unico pacchetto. La scelta migliore per la pesca con magnete.","og_url":"https:\/\/magnetarmagnets.com\/it\/shop\/kit-megacube-2700-kg-magnete-da-pesca-360-a-blocco\/","og_site_name":"Magnet fishing with a Magnetar fishing magnet","article_publisher":"https:\/\/www.facebook.com\/fishingmagnets\/","article_modified_time":"2026-04-05T04:18:32+00:00","og_image":[{"width":1500,"height":1500,"url":"https:\/\/magnetarmagnets.com\/wp-content\/uploads\/2024\/04\/3.png","type":"image\/png"}],"twitter_card":"summary_large_image","twitter_misc":{"Tempo di lettura stimato":"3 minuti"},"schema":{"@context":"https:\/\/schema.org","@graph":[{"@type":["WebPage","ItemPage"],"@id":"https:\/\/magnetarmagnets.com\/it\/shop\/kit-megacube-2700-kg-magnete-da-pesca-360-a-blocco\/","url":"https:\/\/magnetarmagnets.com\/it\/shop\/kit-megacube-2700-kg-magnete-da-pesca-360-a-blocco\/","name":"Kit MEGACUBE\u2122 - magnete da pesca 6000 lb \/ 2700 kg - Blocco 360\u00b0 - Magnet fishing with a Magnetar fishing magnet","isPartOf":{"@id":"https:\/\/magnetarmagnets.com\/it\/#website"},"primaryImageOfPage":{"@id":"https:\/\/magnetarmagnets.com\/it\/shop\/kit-megacube-2700-kg-magnete-da-pesca-360-a-blocco\/#primaryimage"},"image":{"@id":"https:\/\/magnetarmagnets.com\/it\/shop\/kit-megacube-2700-kg-magnete-da-pesca-360-a-blocco\/#primaryimage"},"thumbnailUrl":"https:\/\/magnetarmagnets.com\/wp-content\/uploads\/2024\/04\/3.png","datePublished":"2025-06-05T07:53:03+00:00","dateModified":"2026-04-05T04:18:32+00:00","description":"Il MEGACUBE\u2122 \u00e8 il magnete da pesca pi\u00f9 potente al mondo. Questo blocco \u00e8 pronto all'uso in un unico pacchetto. La scelta migliore per la pesca con magnete.","breadcrumb":{"@id":"https:\/\/magnetarmagnets.com\/it\/shop\/kit-megacube-2700-kg-magnete-da-pesca-360-a-blocco\/#breadcrumb"},"inLanguage":"it-IT","potentialAction":[{"@type":"ReadAction","target":["https:\/\/magnetarmagnets.com\/it\/shop\/kit-megacube-2700-kg-magnete-da-pesca-360-a-blocco\/"]}]},{"@type":"ImageObject","inLanguage":"it-IT","@id":"https:\/\/magnetarmagnets.com\/it\/shop\/kit-megacube-2700-kg-magnete-da-pesca-360-a-blocco\/#primaryimage","url":"https:\/\/magnetarmagnets.com\/wp-content\/uploads\/2024\/04\/3.png","contentUrl":"https:\/\/magnetarmagnets.com\/wp-content\/uploads\/2024\/04\/3.png","width":1500,"height":1500,"caption":"MEGACUBE KIT"},{"@type":"BreadcrumbList","@id":"https:\/\/magnetarmagnets.com\/it\/shop\/kit-megacube-2700-kg-magnete-da-pesca-360-a-blocco\/#breadcrumb","itemListElement":[{"@type":"ListItem","position":1,"name":"Home","item":"https:\/\/magnetarmagnets.com\/it\/"},{"@type":"ListItem","position":2,"name":"negozio","item":"https:\/\/magnetarmagnets.com\/negozio\/"},{"@type":"ListItem","position":3,"name":"Magneti da Pesca","item":"https:\/\/magnetarmagnets.com\/it\/collections\/magneti-da-pesca\/"},{"@type":"ListItem","position":4,"name":"Blocchi Magneti da Pesca 360\u00b0","item":"https:\/\/magnetarmagnets.com\/it\/collections\/magneti-da-pesca\/blocchi-magneti-da-pesca-360\/"},{"@type":"ListItem","position":5,"name":"Kit MEGACUBE\u2122 &#8211; 2700 kg &#8211; Magnete da pesca 360\u00b0 a blocco"}]},{"@type":"WebSite","@id":"https:\/\/magnetarmagnets.com\/it\/#website","url":"https:\/\/magnetarmagnets.com\/it\/","name":"Magnet fishing with a Magnetar fishing magnet","description":"Magneti potenti per la pesca magnetica","publisher":{"@id":"https:\/\/magnetarmagnets.com\/it\/#organization"},"potentialAction":[{"@type":"SearchAction","target":{"@type":"EntryPoint","urlTemplate":"https:\/\/magnetarmagnets.com\/it\/?s={search_term_string}"},"query-input":{"@type":"PropertyValueSpecification","valueRequired":true,"valueName":"search_term_string"}}],"inLanguage":"it-IT"},{"@type":"Organization","@id":"https:\/\/magnetarmagnets.com\/it\/#organization","name":"Magnetar","url":"https:\/\/magnetarmagnets.com\/it\/","logo":{"@type":"ImageObject","inLanguage":"it-IT","@id":"https:\/\/magnetarmagnets.com\/it\/#\/schema\/logo\/image\/","url":"https:\/\/magnetarmagnets.com\/wp-content\/uploads\/2025\/05\/Logo-03_PNG-Black-scaled.png","contentUrl":"https:\/\/magnetarmagnets.com\/wp-content\/uploads\/2025\/05\/Logo-03_PNG-Black-scaled.png","width":2560,"height":1658,"caption":"Magnetar"},"image":{"@id":"https:\/\/magnetarmagnets.com\/it\/#\/schema\/logo\/image\/"},"sameAs":["https:\/\/www.facebook.com\/fishingmagnets\/","https:\/\/www.instagram.com\/magnetar_magnets\/","https:\/\/www.linkedin.com\/company\/magnetarbv\/?originalSubdomain=nl","https:\/\/www.youtube.com\/c\/MagnetarVismagneet"]}]}},"_links":{"self":[{"href":"https:\/\/magnetarmagnets.com\/it\/wp-json\/wp\/v2\/product\/81888","targetHints":{"allow":["GET"]}}],"collection":[{"href":"https:\/\/magnetarmagnets.com\/it\/wp-json\/wp\/v2\/product"}],"about":[{"href":"https:\/\/magnetarmagnets.com\/it\/wp-json\/wp\/v2\/types\/product"}],"replies":[{"embeddable":true,"href":"https:\/\/magnetarmagnets.com\/it\/wp-json\/wp\/v2\/comments?post=81888"}],"version-history":[{"count":0,"href":"https:\/\/magnetarmagnets.com\/it\/wp-json\/wp\/v2\/product\/81888\/revisions"}],"wp:featuredmedia":[{"embeddable":true,"href":"https:\/\/magnetarmagnets.com\/it\/wp-json\/wp\/v2\/media\/74202"}],"wp:attachment":[{"href":"https:\/\/magnetarmagnets.com\/it\/wp-json\/wp\/v2\/media?parent=81888"}],"wp:term":[{"taxonomy":"product_brand","embeddable":true,"href":"https:\/\/magnetarmagnets.com\/it\/wp-json\/wp\/v2\/product_brand?post=81888"},{"taxonomy":"product_cat","embeddable":true,"href":"https:\/\/magnetarmagnets.com\/it\/wp-json\/wp\/v2\/product_cat?post=81888"},{"taxonomy":"product_tag","embeddable":true,"href":"https:\/\/magnetarmagnets.com\/it\/wp-json\/wp\/v2\/product_tag?post=81888"}],"curies":[{"name":"wp","href":"https:\/\/api.w.org\/{rel}","templated":true}]}}