{"id":81867,"date":"2025-06-05T09:53:05","date_gmt":"2025-06-05T07:53:05","guid":{"rendered":"https:\/\/magnetarmagnets.com\/?post_type=product&#038;p=81867"},"modified":"2026-04-04T07:20:50","modified_gmt":"2026-04-04T05:20:50","slug":"scopa-magnetica-2-0-per-uso-intensivo","status":"publish","type":"product","link":"https:\/\/magnetarmagnets.com\/it\/shop\/scopa-magnetica-2-0-per-uso-intensivo\/","title":{"rendered":"Scopa magnetica 2.0 &#8211; Per uso intensivo"},"content":{"rendered":"Stai perdendo troppo tempo a pulire? Investi nella Scopa Magnetica 2.0 di Magnetar! Questo strumento ti aiuter\u00e0 a rimuovere efficacemente gli oggetti metallici dal pavimento. La tua officina in disordine ti d\u00e0 fastidio? Ci sono troppi rifiuti nel tuo deposito? La scopa magnetica aggiornata \u00e8 proprio ci\u00f2 che stai cercando!\n\n\n\nInnumerevoli professionisti gi\u00e0 si affidano quotidianamente alla Scopa Magnetica 2.0. I tornitori metalmeccanici utilizzano questa spazzatrice per rimuovere trucioli e scarti metallici, e i falegnami raccolgono chiodi, viti e graffette dal pavimento della loro officina. Questo prodotto \u00e8 impiegato anche per la pulizia di parcheggi e aree per eventi.\n\n<h2>Vantaggi della Scopa Magnetica 2.0<\/h2>\n\n\u00c8 la semplicit\u00e0 della Scopa Magnetica 2.0 che la rende unica. Gli oggetti metallici possono essere raccolti facilmente grazie al potente magnete di Magnetar. La tua scopa magnetica si \u00e8 riempita? Disattivare il magnetismo \u00e8 ora semplicissimo grazie al meccanismo integrato nell\u2019impugnatura. Ci\u00f2 fa risparmiare tempo ed evita sforzi alla schiena.\n\n\n\nInoltre, la Scopa Magnetica 2.0 \u00e8 uno strumento molto maneggevole. Le ruote poste ai lati della barra magnetica ti permettono di coprire il pavimento nel modo pi\u00f9 efficiente possibile. Il potente magnete funziona altrettanto bene su terreni sconnessi come su pavimenti in cemento.\n\n<h2>Modello aggiornato<\/h2>\n\nLa Scopa Magnetica 2.0 presenta un modello aggiornato. Magnetar ha sviluppato un magnete ancora pi\u00f9 potente per migliorare l\u2019efficacia della spazzatrice. L\u2019attrazione magnetica \u00e8 sufficiente per attirare oggetti metallici anche a qualche centimetro di distanza, rendendo la scopa ideale anche per raccogliere oggetti pi\u00f9 pesanti.\n\n\n\nInoltre, l\u2019interruttore on-off \u00e8 ora comodamente posizionato sul manico. Ci\u00f2 elimina la necessit\u00e0 di piegarsi per rilasciare i metalli raccolti.\n\n<h2>Standard di qualit\u00e0 Magnetar<\/h2>\n\nMagnetar mira a offrire qualit\u00e0 eccellente. Questo \u00e8 dimostrato dalla durabilit\u00e0 comprovata dei nostri <a href=\"https:\/\/magnetarmagnets.com\/collections\/fishing-magnets\/\">prodotti per la pesca con magnete<\/a>. Vendiamo articoli potenti e resistenti per questa attivit\u00e0 all\u2019aperto.\n\n\n\nTuttavia, la nostra garanzia di qualit\u00e0 non si limita alla pesca con magnete. Tutti gli apparecchi e gli strumenti che vendiamo sono progettati per offrire le migliori soluzioni ai nostri clienti. Ogni acquisto Magnetar \u00e8 un prodotto garantito di qualit\u00e0.","protected":false},"excerpt":{"rendered":"<p>La Scopa Magnetica 2.0 \u00e8 lo strumento ideale per <strong>ripulire officine, campi sportivi, spazi di stoccaggio o parcheggi<\/strong> da materiale magnetico indesiderato.<\/p>\n<p>&nbsp;<\/p>\n","protected":false},"featured_media":74332,"comment_status":"open","ping_status":"closed","template":"","meta":{"_acf_changed":false,"inline_featured_image":false},"product_brand":[],"product_cat":[517,521,513],"product_tag":[],"class_list":{"0":"post-81867","1":"product","2":"type-product","3":"status-publish","4":"has-post-thumbnail","6":"product_cat-accessoires-magnetiques","7":"product_cat-autres","8":"product_cat-equipement","10":"first","11":"instock","12":"sale","13":"taxable","14":"shipping-taxable","15":"purchasable","16":"product-type-simple"},"acf":[],"yoast_head":"<!-- This site is optimized with the Yoast SEO plugin v27.3 - https:\/\/yoast.com\/product\/yoast-seo-wordpress\/ -->\n<title>Scopa magnetica 2.0 - Per uso intensivo - Magnet fishing with a Magnetar fishing magnet<\/title>\n<meta name=\"description\" content=\"La Scopa Magnetica 2.0 \u00e8 lo strumento ideale per ripulire officine, campi sportivi, spazi di stoccaggio o parcheggi da materiale magnetico indesiderato.\" \/>\n<meta name=\"robots\" content=\"index, follow, max-snippet:-1, max-image-preview:large, max-video-preview:-1\" \/>\n<link rel=\"canonical\" href=\"https:\/\/magnetarmagnets.com\/it\/shop\/scopa-magnetica-2-0-per-uso-intensivo\/\" \/>\n<meta property=\"og:locale\" content=\"it_IT\" \/>\n<meta property=\"og:type\" content=\"article\" \/>\n<meta property=\"og:title\" content=\"Scopa magnetica 2.0 - Per uso intensivo - Magnet fishing with a Magnetar fishing magnet\" \/>\n<meta property=\"og:description\" content=\"La Scopa Magnetica 2.0 \u00e8 lo strumento ideale per ripulire officine, campi sportivi, spazi di stoccaggio o parcheggi da materiale magnetico indesiderato.\" \/>\n<meta property=\"og:url\" content=\"https:\/\/magnetarmagnets.com\/it\/shop\/scopa-magnetica-2-0-per-uso-intensivo\/\" \/>\n<meta property=\"og:site_name\" content=\"Magnet fishing with a Magnetar fishing magnet\" \/>\n<meta property=\"article:publisher\" content=\"https:\/\/www.facebook.com\/fishingmagnets\/\" \/>\n<meta property=\"article:modified_time\" content=\"2026-04-04T05:20:50+00:00\" \/>\n<meta property=\"og:image\" content=\"https:\/\/magnetarmagnets.com\/wp-content\/uploads\/2023\/08\/B0CMDF9D4B.MAIN_.jpg\" \/>\n\t<meta property=\"og:image:width\" content=\"1500\" \/>\n\t<meta property=\"og:image:height\" content=\"1500\" \/>\n\t<meta property=\"og:image:type\" content=\"image\/jpeg\" \/>\n<meta name=\"twitter:card\" content=\"summary_large_image\" \/>\n<meta name=\"twitter:label1\" content=\"Tempo di lettura stimato\" \/>\n\t<meta name=\"twitter:data1\" content=\"2 minuti\" \/>\n<script type=\"application\/ld+json\" class=\"yoast-schema-graph\">{\"@context\":\"https:\\\/\\\/schema.org\",\"@graph\":[{\"@type\":[\"WebPage\",\"ItemPage\"],\"@id\":\"https:\\\/\\\/magnetarmagnets.com\\\/it\\\/shop\\\/scopa-magnetica-2-0-per-uso-intensivo\\\/\",\"url\":\"https:\\\/\\\/magnetarmagnets.com\\\/it\\\/shop\\\/scopa-magnetica-2-0-per-uso-intensivo\\\/\",\"name\":\"Scopa magnetica 2.0 - Per uso intensivo - Magnet fishing with a Magnetar fishing magnet\",\"isPartOf\":{\"@id\":\"https:\\\/\\\/magnetarmagnets.com\\\/it\\\/#website\"},\"primaryImageOfPage\":{\"@id\":\"https:\\\/\\\/magnetarmagnets.com\\\/it\\\/shop\\\/scopa-magnetica-2-0-per-uso-intensivo\\\/#primaryimage\"},\"image\":{\"@id\":\"https:\\\/\\\/magnetarmagnets.com\\\/it\\\/shop\\\/scopa-magnetica-2-0-per-uso-intensivo\\\/#primaryimage\"},\"thumbnailUrl\":\"https:\\\/\\\/magnetarmagnets.com\\\/wp-content\\\/uploads\\\/2023\\\/08\\\/B0CMDF9D4B.MAIN_.jpg\",\"datePublished\":\"2025-06-05T07:53:05+00:00\",\"dateModified\":\"2026-04-04T05:20:50+00:00\",\"description\":\"La Scopa Magnetica 2.0 \u00e8 lo strumento ideale per ripulire officine, campi sportivi, spazi di stoccaggio o parcheggi da materiale magnetico indesiderato.\",\"breadcrumb\":{\"@id\":\"https:\\\/\\\/magnetarmagnets.com\\\/it\\\/shop\\\/scopa-magnetica-2-0-per-uso-intensivo\\\/#breadcrumb\"},\"inLanguage\":\"it-IT\",\"potentialAction\":[{\"@type\":\"ReadAction\",\"target\":[\"https:\\\/\\\/magnetarmagnets.com\\\/it\\\/shop\\\/scopa-magnetica-2-0-per-uso-intensivo\\\/\"]}]},{\"@type\":\"ImageObject\",\"inLanguage\":\"it-IT\",\"@id\":\"https:\\\/\\\/magnetarmagnets.com\\\/it\\\/shop\\\/scopa-magnetica-2-0-per-uso-intensivo\\\/#primaryimage\",\"url\":\"https:\\\/\\\/magnetarmagnets.com\\\/wp-content\\\/uploads\\\/2023\\\/08\\\/B0CMDF9D4B.MAIN_.jpg\",\"contentUrl\":\"https:\\\/\\\/magnetarmagnets.com\\\/wp-content\\\/uploads\\\/2023\\\/08\\\/B0CMDF9D4B.MAIN_.jpg\",\"width\":1500,\"height\":1500,\"caption\":\"Magnet Broom 2.0\"},{\"@type\":\"BreadcrumbList\",\"@id\":\"https:\\\/\\\/magnetarmagnets.com\\\/it\\\/shop\\\/scopa-magnetica-2-0-per-uso-intensivo\\\/#breadcrumb\",\"itemListElement\":[{\"@type\":\"ListItem\",\"position\":1,\"name\":\"Home\",\"item\":\"https:\\\/\\\/magnetarmagnets.com\\\/it\\\/\"},{\"@type\":\"ListItem\",\"position\":2,\"name\":\"negozio\",\"item\":\"https:\\\/\\\/magnetarmagnets.com\\\/negozio\\\/\"},{\"@type\":\"ListItem\",\"position\":3,\"name\":\"Attrezzatura\",\"item\":\"https:\\\/\\\/magnetarmagnets.com\\\/it\\\/collections\\\/attrezzatura\\\/\"},{\"@type\":\"ListItem\",\"position\":4,\"name\":\"Accessori Magnetici\",\"item\":\"https:\\\/\\\/magnetarmagnets.com\\\/it\\\/collections\\\/attrezzatura\\\/accessori-magnetici\\\/\"},{\"@type\":\"ListItem\",\"position\":5,\"name\":\"Scopa magnetica 2.0 &#8211; Per uso intensivo\"}]},{\"@type\":\"WebSite\",\"@id\":\"https:\\\/\\\/magnetarmagnets.com\\\/it\\\/#website\",\"url\":\"https:\\\/\\\/magnetarmagnets.com\\\/it\\\/\",\"name\":\"Magnet fishing with a Magnetar fishing magnet\",\"description\":\"Magneti potenti per la pesca magnetica\",\"publisher\":{\"@id\":\"https:\\\/\\\/magnetarmagnets.com\\\/it\\\/#organization\"},\"potentialAction\":[{\"@type\":\"SearchAction\",\"target\":{\"@type\":\"EntryPoint\",\"urlTemplate\":\"https:\\\/\\\/magnetarmagnets.com\\\/it\\\/?s={search_term_string}\"},\"query-input\":{\"@type\":\"PropertyValueSpecification\",\"valueRequired\":true,\"valueName\":\"search_term_string\"}}],\"inLanguage\":\"it-IT\"},{\"@type\":\"Organization\",\"@id\":\"https:\\\/\\\/magnetarmagnets.com\\\/it\\\/#organization\",\"name\":\"Magnetar\",\"url\":\"https:\\\/\\\/magnetarmagnets.com\\\/it\\\/\",\"logo\":{\"@type\":\"ImageObject\",\"inLanguage\":\"it-IT\",\"@id\":\"https:\\\/\\\/magnetarmagnets.com\\\/it\\\/#\\\/schema\\\/logo\\\/image\\\/\",\"url\":\"https:\\\/\\\/magnetarmagnets.com\\\/wp-content\\\/uploads\\\/2025\\\/05\\\/Logo-03_PNG-Black-scaled.png\",\"contentUrl\":\"https:\\\/\\\/magnetarmagnets.com\\\/wp-content\\\/uploads\\\/2025\\\/05\\\/Logo-03_PNG-Black-scaled.png\",\"width\":2560,\"height\":1658,\"caption\":\"Magnetar\"},\"image\":{\"@id\":\"https:\\\/\\\/magnetarmagnets.com\\\/it\\\/#\\\/schema\\\/logo\\\/image\\\/\"},\"sameAs\":[\"https:\\\/\\\/www.facebook.com\\\/fishingmagnets\\\/\",\"https:\\\/\\\/www.instagram.com\\\/magnetar_magnets\\\/\",\"https:\\\/\\\/www.linkedin.com\\\/company\\\/magnetarbv\\\/?originalSubdomain=nl\",\"https:\\\/\\\/www.youtube.com\\\/c\\\/MagnetarVismagneet\"]}]}<\/script>\n<!-- \/ Yoast SEO plugin. -->","yoast_head_json":{"title":"Scopa magnetica 2.0 - Per uso intensivo - Magnet fishing with a Magnetar fishing magnet","description":"La Scopa Magnetica 2.0 \u00e8 lo strumento ideale per ripulire officine, campi sportivi, spazi di stoccaggio o parcheggi da materiale magnetico indesiderato.","robots":{"index":"index","follow":"follow","max-snippet":"max-snippet:-1","max-image-preview":"max-image-preview:large","max-video-preview":"max-video-preview:-1"},"canonical":"https:\/\/magnetarmagnets.com\/it\/shop\/scopa-magnetica-2-0-per-uso-intensivo\/","og_locale":"it_IT","og_type":"article","og_title":"Scopa magnetica 2.0 - Per uso intensivo - Magnet fishing with a Magnetar fishing magnet","og_description":"La Scopa Magnetica 2.0 \u00e8 lo strumento ideale per ripulire officine, campi sportivi, spazi di stoccaggio o parcheggi da materiale magnetico indesiderato.","og_url":"https:\/\/magnetarmagnets.com\/it\/shop\/scopa-magnetica-2-0-per-uso-intensivo\/","og_site_name":"Magnet fishing with a Magnetar fishing magnet","article_publisher":"https:\/\/www.facebook.com\/fishingmagnets\/","article_modified_time":"2026-04-04T05:20:50+00:00","og_image":[{"width":1500,"height":1500,"url":"https:\/\/magnetarmagnets.com\/wp-content\/uploads\/2023\/08\/B0CMDF9D4B.MAIN_.jpg","type":"image\/jpeg"}],"twitter_card":"summary_large_image","twitter_misc":{"Tempo di lettura stimato":"2 minuti"},"schema":{"@context":"https:\/\/schema.org","@graph":[{"@type":["WebPage","ItemPage"],"@id":"https:\/\/magnetarmagnets.com\/it\/shop\/scopa-magnetica-2-0-per-uso-intensivo\/","url":"https:\/\/magnetarmagnets.com\/it\/shop\/scopa-magnetica-2-0-per-uso-intensivo\/","name":"Scopa magnetica 2.0 - Per uso intensivo - Magnet fishing with a Magnetar fishing magnet","isPartOf":{"@id":"https:\/\/magnetarmagnets.com\/it\/#website"},"primaryImageOfPage":{"@id":"https:\/\/magnetarmagnets.com\/it\/shop\/scopa-magnetica-2-0-per-uso-intensivo\/#primaryimage"},"image":{"@id":"https:\/\/magnetarmagnets.com\/it\/shop\/scopa-magnetica-2-0-per-uso-intensivo\/#primaryimage"},"thumbnailUrl":"https:\/\/magnetarmagnets.com\/wp-content\/uploads\/2023\/08\/B0CMDF9D4B.MAIN_.jpg","datePublished":"2025-06-05T07:53:05+00:00","dateModified":"2026-04-04T05:20:50+00:00","description":"La Scopa Magnetica 2.0 \u00e8 lo strumento ideale per ripulire officine, campi sportivi, spazi di stoccaggio o parcheggi da materiale magnetico indesiderato.","breadcrumb":{"@id":"https:\/\/magnetarmagnets.com\/it\/shop\/scopa-magnetica-2-0-per-uso-intensivo\/#breadcrumb"},"inLanguage":"it-IT","potentialAction":[{"@type":"ReadAction","target":["https:\/\/magnetarmagnets.com\/it\/shop\/scopa-magnetica-2-0-per-uso-intensivo\/"]}]},{"@type":"ImageObject","inLanguage":"it-IT","@id":"https:\/\/magnetarmagnets.com\/it\/shop\/scopa-magnetica-2-0-per-uso-intensivo\/#primaryimage","url":"https:\/\/magnetarmagnets.com\/wp-content\/uploads\/2023\/08\/B0CMDF9D4B.MAIN_.jpg","contentUrl":"https:\/\/magnetarmagnets.com\/wp-content\/uploads\/2023\/08\/B0CMDF9D4B.MAIN_.jpg","width":1500,"height":1500,"caption":"Magnet Broom 2.0"},{"@type":"BreadcrumbList","@id":"https:\/\/magnetarmagnets.com\/it\/shop\/scopa-magnetica-2-0-per-uso-intensivo\/#breadcrumb","itemListElement":[{"@type":"ListItem","position":1,"name":"Home","item":"https:\/\/magnetarmagnets.com\/it\/"},{"@type":"ListItem","position":2,"name":"negozio","item":"https:\/\/magnetarmagnets.com\/negozio\/"},{"@type":"ListItem","position":3,"name":"Attrezzatura","item":"https:\/\/magnetarmagnets.com\/it\/collections\/attrezzatura\/"},{"@type":"ListItem","position":4,"name":"Accessori Magnetici","item":"https:\/\/magnetarmagnets.com\/it\/collections\/attrezzatura\/accessori-magnetici\/"},{"@type":"ListItem","position":5,"name":"Scopa magnetica 2.0 &#8211; Per uso intensivo"}]},{"@type":"WebSite","@id":"https:\/\/magnetarmagnets.com\/it\/#website","url":"https:\/\/magnetarmagnets.com\/it\/","name":"Magnet fishing with a Magnetar fishing magnet","description":"Magneti potenti per la pesca magnetica","publisher":{"@id":"https:\/\/magnetarmagnets.com\/it\/#organization"},"potentialAction":[{"@type":"SearchAction","target":{"@type":"EntryPoint","urlTemplate":"https:\/\/magnetarmagnets.com\/it\/?s={search_term_string}"},"query-input":{"@type":"PropertyValueSpecification","valueRequired":true,"valueName":"search_term_string"}}],"inLanguage":"it-IT"},{"@type":"Organization","@id":"https:\/\/magnetarmagnets.com\/it\/#organization","name":"Magnetar","url":"https:\/\/magnetarmagnets.com\/it\/","logo":{"@type":"ImageObject","inLanguage":"it-IT","@id":"https:\/\/magnetarmagnets.com\/it\/#\/schema\/logo\/image\/","url":"https:\/\/magnetarmagnets.com\/wp-content\/uploads\/2025\/05\/Logo-03_PNG-Black-scaled.png","contentUrl":"https:\/\/magnetarmagnets.com\/wp-content\/uploads\/2025\/05\/Logo-03_PNG-Black-scaled.png","width":2560,"height":1658,"caption":"Magnetar"},"image":{"@id":"https:\/\/magnetarmagnets.com\/it\/#\/schema\/logo\/image\/"},"sameAs":["https:\/\/www.facebook.com\/fishingmagnets\/","https:\/\/www.instagram.com\/magnetar_magnets\/","https:\/\/www.linkedin.com\/company\/magnetarbv\/?originalSubdomain=nl","https:\/\/www.youtube.com\/c\/MagnetarVismagneet"]}]}},"_links":{"self":[{"href":"https:\/\/magnetarmagnets.com\/it\/wp-json\/wp\/v2\/product\/81867","targetHints":{"allow":["GET"]}}],"collection":[{"href":"https:\/\/magnetarmagnets.com\/it\/wp-json\/wp\/v2\/product"}],"about":[{"href":"https:\/\/magnetarmagnets.com\/it\/wp-json\/wp\/v2\/types\/product"}],"replies":[{"embeddable":true,"href":"https:\/\/magnetarmagnets.com\/it\/wp-json\/wp\/v2\/comments?post=81867"}],"version-history":[{"count":1,"href":"https:\/\/magnetarmagnets.com\/it\/wp-json\/wp\/v2\/product\/81867\/revisions"}],"predecessor-version":[{"id":95322,"href":"https:\/\/magnetarmagnets.com\/it\/wp-json\/wp\/v2\/product\/81867\/revisions\/95322"}],"wp:featuredmedia":[{"embeddable":true,"href":"https:\/\/magnetarmagnets.com\/it\/wp-json\/wp\/v2\/media\/74332"}],"wp:attachment":[{"href":"https:\/\/magnetarmagnets.com\/it\/wp-json\/wp\/v2\/media?parent=81867"}],"wp:term":[{"taxonomy":"product_brand","embeddable":true,"href":"https:\/\/magnetarmagnets.com\/it\/wp-json\/wp\/v2\/product_brand?post=81867"},{"taxonomy":"product_cat","embeddable":true,"href":"https:\/\/magnetarmagnets.com\/it\/wp-json\/wp\/v2\/product_cat?post=81867"},{"taxonomy":"product_tag","embeddable":true,"href":"https:\/\/magnetarmagnets.com\/it\/wp-json\/wp\/v2\/product_tag?post=81867"}],"curies":[{"name":"wp","href":"https:\/\/api.w.org\/{rel}","templated":true}]}}