{"id":81831,"date":"2025-06-05T09:53:46","date_gmt":"2025-06-05T07:53:46","guid":{"rendered":"https:\/\/magnetarmagnets.com\/?post_type=product&#038;p=81831"},"modified":"2026-04-03T16:19:47","modified_gmt":"2026-04-03T14:19:47","slug":"batteria-per-abbigliamento-riscaldabile","status":"publish","type":"product","link":"https:\/\/magnetarmagnets.com\/it\/shop\/batteria-per-abbigliamento-riscaldabile\/","title":{"rendered":"Batteria per abbigliamento riscaldabile"},"content":{"rendered":"Tutti i prodotti di Magnetar Heat includono di serie una power bank. Con questa batteria per abbigliamento riscaldabile puoi riscaldare giacche, scaldavivande e gilet. Su richiesta popolare, questo prodotto pu\u00f2 ora anche essere acquistato separatamente. Ci\u00f2 aumenta la durata della nostra gamma e ti permette di godere di un calore avvolgente per periodi ancora pi\u00f9 lunghi.\n\n<h2>Power bank Magnetar Heat<\/h2>\n\nLa batteria per abbigliamento riscaldabile di Magnetar Heat \u00e8 una power bank. Questa power bank ha una capacit\u00e0 di 6700 mAh. Di conseguenza, i prodotti della gamma possono fornire calore fino a nove ore. La durata esatta dipende dalle impostazioni di riscaldamento selezionate. Pi\u00f9 alta \u00e8 l&#8217;impostazione, pi\u00f9 velocemente viene consumata la capacit\u00e0.\n\nQuesto prodotto presenta una potente batteria Li-Ion da 7.4V. Con questa batteria, l&#8217;abbigliamento di Magnetar Heat pu\u00f2 riscaldarsi in modo pi\u00f9 rapido ed efficace rispetto a una batteria Li-Ion standard da 5V.\n\n<h2>Batteria versatile per abbigliamento riscaldabile<\/h2>\n\nLa power bank Magnetar Heat \u00e8 versatile. I clienti utilizzano questo prodotto non solo per riscaldare il loro abbigliamento, ma anche per ricaricare smartphone, tablet o altri dispositivi elettronici. Ci\u00f2 \u00e8 reso possibile dalle diverse opzioni di uscita. La power bank dispone di uscite USB, DC 4.0 e USB-C. Ci\u00f2 ti permette di utilizzarla con le attrezzature pi\u00f9 moderne.\n\n<h2>Abbigliamento Magnetar Heat<\/h2>\n\nL&#8217;abbigliamento Magnetar Heat ti tiene al caldo nelle giornate fredde. La giacca Vulcan, il gilet Etna e gli scaldavivande Magma e Lava dispongono di diverse zone di riscaldamento. Tutti i nostri prodotti sono conformi agli standard CE (Conformit\u00e9 Europ\u00e9enne), garanzia di un prodotto sicuro che soddisfa i requisiti delle linee guida europee. Poich\u00e9 puntiamo a un prodotto di alta qualit\u00e0, offriamo ai nostri clienti una garanzia di un anno su tutto il nostro abbigliamento riscaldabile. Sei pronto a sperimentare il calore di Magnetar Heat?","protected":false},"excerpt":{"rendered":"<p>Il <strong>potente power bank da 13000 mAh<\/strong> con batteria Li-Ion da 7.4V che funge da batteria per <strong>abbigliamento Magnetar Heat<\/strong>.<\/p>\n","protected":false},"featured_media":74756,"comment_status":"open","ping_status":"closed","template":"","meta":{"_acf_changed":false,"inline_featured_image":false},"product_brand":[],"product_cat":[489,474],"product_tag":[],"class_list":{"0":"post-81831","1":"product","2":"type-product","3":"status-publish","4":"has-post-thumbnail","6":"product_cat-abbigliamento-termico","7":"product_cat-attrezzatura","9":"first","10":"instock","11":"taxable","12":"shipping-taxable","13":"purchasable","14":"product-type-simple"},"acf":[],"yoast_head":"<!-- This site is optimized with the Yoast SEO plugin v27.3 - https:\/\/yoast.com\/product\/yoast-seo-wordpress\/ -->\n<title>Batteria per abbigliamento riscaldabile - Magnet fishing with a Magnetar fishing magnet<\/title>\n<meta name=\"description\" content=\"Batteria per abbigliamento riscaldabile - Alimenta il tuo equipaggiamento Magnetar\" \/>\n<meta name=\"robots\" content=\"index, follow, max-snippet:-1, max-image-preview:large, max-video-preview:-1\" \/>\n<link rel=\"canonical\" href=\"https:\/\/magnetarmagnets.com\/it\/shop\/batteria-per-abbigliamento-riscaldabile\/\" \/>\n<meta property=\"og:locale\" content=\"it_IT\" \/>\n<meta property=\"og:type\" content=\"article\" \/>\n<meta property=\"og:title\" content=\"Batteria per abbigliamento riscaldabile - Magnet fishing with a Magnetar fishing magnet\" \/>\n<meta property=\"og:description\" content=\"Batteria per abbigliamento riscaldabile - Alimenta il tuo equipaggiamento Magnetar\" \/>\n<meta property=\"og:url\" content=\"https:\/\/magnetarmagnets.com\/it\/shop\/batteria-per-abbigliamento-riscaldabile\/\" \/>\n<meta property=\"og:site_name\" content=\"Magnet fishing with a Magnetar fishing magnet\" \/>\n<meta property=\"article:publisher\" content=\"https:\/\/www.facebook.com\/fishingmagnets\/\" \/>\n<meta property=\"article:modified_time\" content=\"2026-04-03T14:19:47+00:00\" \/>\n<meta property=\"og:image\" content=\"https:\/\/magnetarmagnets.com\/wp-content\/uploads\/2023\/10\/H-AT.jpg\" \/>\n\t<meta property=\"og:image:width\" content=\"1000\" \/>\n\t<meta property=\"og:image:height\" content=\"1000\" \/>\n\t<meta property=\"og:image:type\" content=\"image\/jpeg\" \/>\n<meta name=\"twitter:card\" content=\"summary_large_image\" \/>\n<meta name=\"twitter:label1\" content=\"Tempo di lettura stimato\" \/>\n\t<meta name=\"twitter:data1\" content=\"2 minuti\" \/>\n<script type=\"application\/ld+json\" class=\"yoast-schema-graph\">{\"@context\":\"https:\\\/\\\/schema.org\",\"@graph\":[{\"@type\":[\"WebPage\",\"ItemPage\"],\"@id\":\"https:\\\/\\\/magnetarmagnets.com\\\/it\\\/shop\\\/batteria-per-abbigliamento-riscaldabile\\\/\",\"url\":\"https:\\\/\\\/magnetarmagnets.com\\\/it\\\/shop\\\/batteria-per-abbigliamento-riscaldabile\\\/\",\"name\":\"Batteria per abbigliamento riscaldabile - Magnet fishing with a Magnetar fishing magnet\",\"isPartOf\":{\"@id\":\"https:\\\/\\\/magnetarmagnets.com\\\/it\\\/#website\"},\"primaryImageOfPage\":{\"@id\":\"https:\\\/\\\/magnetarmagnets.com\\\/it\\\/shop\\\/batteria-per-abbigliamento-riscaldabile\\\/#primaryimage\"},\"image\":{\"@id\":\"https:\\\/\\\/magnetarmagnets.com\\\/it\\\/shop\\\/batteria-per-abbigliamento-riscaldabile\\\/#primaryimage\"},\"thumbnailUrl\":\"https:\\\/\\\/magnetarmagnets.com\\\/wp-content\\\/uploads\\\/2023\\\/10\\\/H-AT.jpg\",\"datePublished\":\"2025-06-05T07:53:46+00:00\",\"dateModified\":\"2026-04-03T14:19:47+00:00\",\"description\":\"Batteria per abbigliamento riscaldabile - Alimenta il tuo equipaggiamento Magnetar\",\"breadcrumb\":{\"@id\":\"https:\\\/\\\/magnetarmagnets.com\\\/it\\\/shop\\\/batteria-per-abbigliamento-riscaldabile\\\/#breadcrumb\"},\"inLanguage\":\"it-IT\",\"potentialAction\":[{\"@type\":\"ReadAction\",\"target\":[\"https:\\\/\\\/magnetarmagnets.com\\\/it\\\/shop\\\/batteria-per-abbigliamento-riscaldabile\\\/\"]}]},{\"@type\":\"ImageObject\",\"inLanguage\":\"it-IT\",\"@id\":\"https:\\\/\\\/magnetarmagnets.com\\\/it\\\/shop\\\/batteria-per-abbigliamento-riscaldabile\\\/#primaryimage\",\"url\":\"https:\\\/\\\/magnetarmagnets.com\\\/wp-content\\\/uploads\\\/2023\\\/10\\\/H-AT.jpg\",\"contentUrl\":\"https:\\\/\\\/magnetarmagnets.com\\\/wp-content\\\/uploads\\\/2023\\\/10\\\/H-AT.jpg\",\"width\":1000,\"height\":1000,\"caption\":\"Powerbank Heated Clothing\"},{\"@type\":\"BreadcrumbList\",\"@id\":\"https:\\\/\\\/magnetarmagnets.com\\\/it\\\/shop\\\/batteria-per-abbigliamento-riscaldabile\\\/#breadcrumb\",\"itemListElement\":[{\"@type\":\"ListItem\",\"position\":1,\"name\":\"Home\",\"item\":\"https:\\\/\\\/magnetarmagnets.com\\\/it\\\/\"},{\"@type\":\"ListItem\",\"position\":2,\"name\":\"negozio\",\"item\":\"https:\\\/\\\/magnetarmagnets.com\\\/negozio\\\/\"},{\"@type\":\"ListItem\",\"position\":3,\"name\":\"Attrezzatura\",\"item\":\"https:\\\/\\\/magnetarmagnets.com\\\/it\\\/collections\\\/attrezzatura\\\/\"},{\"@type\":\"ListItem\",\"position\":4,\"name\":\"Abbigliamento Termico\",\"item\":\"https:\\\/\\\/magnetarmagnets.com\\\/it\\\/collections\\\/attrezzatura\\\/abbigliamento-termico\\\/\"},{\"@type\":\"ListItem\",\"position\":5,\"name\":\"Batteria per abbigliamento riscaldabile\"}]},{\"@type\":\"WebSite\",\"@id\":\"https:\\\/\\\/magnetarmagnets.com\\\/it\\\/#website\",\"url\":\"https:\\\/\\\/magnetarmagnets.com\\\/it\\\/\",\"name\":\"Magnet fishing with a Magnetar fishing magnet\",\"description\":\"Magneti potenti per la pesca magnetica\",\"publisher\":{\"@id\":\"https:\\\/\\\/magnetarmagnets.com\\\/it\\\/#organization\"},\"potentialAction\":[{\"@type\":\"SearchAction\",\"target\":{\"@type\":\"EntryPoint\",\"urlTemplate\":\"https:\\\/\\\/magnetarmagnets.com\\\/it\\\/?s={search_term_string}\"},\"query-input\":{\"@type\":\"PropertyValueSpecification\",\"valueRequired\":true,\"valueName\":\"search_term_string\"}}],\"inLanguage\":\"it-IT\"},{\"@type\":\"Organization\",\"@id\":\"https:\\\/\\\/magnetarmagnets.com\\\/it\\\/#organization\",\"name\":\"Magnetar\",\"url\":\"https:\\\/\\\/magnetarmagnets.com\\\/it\\\/\",\"logo\":{\"@type\":\"ImageObject\",\"inLanguage\":\"it-IT\",\"@id\":\"https:\\\/\\\/magnetarmagnets.com\\\/it\\\/#\\\/schema\\\/logo\\\/image\\\/\",\"url\":\"https:\\\/\\\/magnetarmagnets.com\\\/wp-content\\\/uploads\\\/2025\\\/05\\\/Logo-03_PNG-Black-scaled.png\",\"contentUrl\":\"https:\\\/\\\/magnetarmagnets.com\\\/wp-content\\\/uploads\\\/2025\\\/05\\\/Logo-03_PNG-Black-scaled.png\",\"width\":2560,\"height\":1658,\"caption\":\"Magnetar\"},\"image\":{\"@id\":\"https:\\\/\\\/magnetarmagnets.com\\\/it\\\/#\\\/schema\\\/logo\\\/image\\\/\"},\"sameAs\":[\"https:\\\/\\\/www.facebook.com\\\/fishingmagnets\\\/\",\"https:\\\/\\\/www.instagram.com\\\/magnetar_magnets\\\/\",\"https:\\\/\\\/www.linkedin.com\\\/company\\\/magnetarbv\\\/?originalSubdomain=nl\",\"https:\\\/\\\/www.youtube.com\\\/c\\\/MagnetarVismagneet\"]}]}<\/script>\n<!-- \/ Yoast SEO plugin. -->","yoast_head_json":{"title":"Batteria per abbigliamento riscaldabile - Magnet fishing with a Magnetar fishing magnet","description":"Batteria per abbigliamento riscaldabile - Alimenta il tuo equipaggiamento Magnetar","robots":{"index":"index","follow":"follow","max-snippet":"max-snippet:-1","max-image-preview":"max-image-preview:large","max-video-preview":"max-video-preview:-1"},"canonical":"https:\/\/magnetarmagnets.com\/it\/shop\/batteria-per-abbigliamento-riscaldabile\/","og_locale":"it_IT","og_type":"article","og_title":"Batteria per abbigliamento riscaldabile - Magnet fishing with a Magnetar fishing magnet","og_description":"Batteria per abbigliamento riscaldabile - Alimenta il tuo equipaggiamento Magnetar","og_url":"https:\/\/magnetarmagnets.com\/it\/shop\/batteria-per-abbigliamento-riscaldabile\/","og_site_name":"Magnet fishing with a Magnetar fishing magnet","article_publisher":"https:\/\/www.facebook.com\/fishingmagnets\/","article_modified_time":"2026-04-03T14:19:47+00:00","og_image":[{"width":1000,"height":1000,"url":"https:\/\/magnetarmagnets.com\/wp-content\/uploads\/2023\/10\/H-AT.jpg","type":"image\/jpeg"}],"twitter_card":"summary_large_image","twitter_misc":{"Tempo di lettura stimato":"2 minuti"},"schema":{"@context":"https:\/\/schema.org","@graph":[{"@type":["WebPage","ItemPage"],"@id":"https:\/\/magnetarmagnets.com\/it\/shop\/batteria-per-abbigliamento-riscaldabile\/","url":"https:\/\/magnetarmagnets.com\/it\/shop\/batteria-per-abbigliamento-riscaldabile\/","name":"Batteria per abbigliamento riscaldabile - Magnet fishing with a Magnetar fishing magnet","isPartOf":{"@id":"https:\/\/magnetarmagnets.com\/it\/#website"},"primaryImageOfPage":{"@id":"https:\/\/magnetarmagnets.com\/it\/shop\/batteria-per-abbigliamento-riscaldabile\/#primaryimage"},"image":{"@id":"https:\/\/magnetarmagnets.com\/it\/shop\/batteria-per-abbigliamento-riscaldabile\/#primaryimage"},"thumbnailUrl":"https:\/\/magnetarmagnets.com\/wp-content\/uploads\/2023\/10\/H-AT.jpg","datePublished":"2025-06-05T07:53:46+00:00","dateModified":"2026-04-03T14:19:47+00:00","description":"Batteria per abbigliamento riscaldabile - Alimenta il tuo equipaggiamento Magnetar","breadcrumb":{"@id":"https:\/\/magnetarmagnets.com\/it\/shop\/batteria-per-abbigliamento-riscaldabile\/#breadcrumb"},"inLanguage":"it-IT","potentialAction":[{"@type":"ReadAction","target":["https:\/\/magnetarmagnets.com\/it\/shop\/batteria-per-abbigliamento-riscaldabile\/"]}]},{"@type":"ImageObject","inLanguage":"it-IT","@id":"https:\/\/magnetarmagnets.com\/it\/shop\/batteria-per-abbigliamento-riscaldabile\/#primaryimage","url":"https:\/\/magnetarmagnets.com\/wp-content\/uploads\/2023\/10\/H-AT.jpg","contentUrl":"https:\/\/magnetarmagnets.com\/wp-content\/uploads\/2023\/10\/H-AT.jpg","width":1000,"height":1000,"caption":"Powerbank Heated Clothing"},{"@type":"BreadcrumbList","@id":"https:\/\/magnetarmagnets.com\/it\/shop\/batteria-per-abbigliamento-riscaldabile\/#breadcrumb","itemListElement":[{"@type":"ListItem","position":1,"name":"Home","item":"https:\/\/magnetarmagnets.com\/it\/"},{"@type":"ListItem","position":2,"name":"negozio","item":"https:\/\/magnetarmagnets.com\/negozio\/"},{"@type":"ListItem","position":3,"name":"Attrezzatura","item":"https:\/\/magnetarmagnets.com\/it\/collections\/attrezzatura\/"},{"@type":"ListItem","position":4,"name":"Abbigliamento Termico","item":"https:\/\/magnetarmagnets.com\/it\/collections\/attrezzatura\/abbigliamento-termico\/"},{"@type":"ListItem","position":5,"name":"Batteria per abbigliamento riscaldabile"}]},{"@type":"WebSite","@id":"https:\/\/magnetarmagnets.com\/it\/#website","url":"https:\/\/magnetarmagnets.com\/it\/","name":"Magnet fishing with a Magnetar fishing magnet","description":"Magneti potenti per la pesca magnetica","publisher":{"@id":"https:\/\/magnetarmagnets.com\/it\/#organization"},"potentialAction":[{"@type":"SearchAction","target":{"@type":"EntryPoint","urlTemplate":"https:\/\/magnetarmagnets.com\/it\/?s={search_term_string}"},"query-input":{"@type":"PropertyValueSpecification","valueRequired":true,"valueName":"search_term_string"}}],"inLanguage":"it-IT"},{"@type":"Organization","@id":"https:\/\/magnetarmagnets.com\/it\/#organization","name":"Magnetar","url":"https:\/\/magnetarmagnets.com\/it\/","logo":{"@type":"ImageObject","inLanguage":"it-IT","@id":"https:\/\/magnetarmagnets.com\/it\/#\/schema\/logo\/image\/","url":"https:\/\/magnetarmagnets.com\/wp-content\/uploads\/2025\/05\/Logo-03_PNG-Black-scaled.png","contentUrl":"https:\/\/magnetarmagnets.com\/wp-content\/uploads\/2025\/05\/Logo-03_PNG-Black-scaled.png","width":2560,"height":1658,"caption":"Magnetar"},"image":{"@id":"https:\/\/magnetarmagnets.com\/it\/#\/schema\/logo\/image\/"},"sameAs":["https:\/\/www.facebook.com\/fishingmagnets\/","https:\/\/www.instagram.com\/magnetar_magnets\/","https:\/\/www.linkedin.com\/company\/magnetarbv\/?originalSubdomain=nl","https:\/\/www.youtube.com\/c\/MagnetarVismagneet"]}]}},"_links":{"self":[{"href":"https:\/\/magnetarmagnets.com\/it\/wp-json\/wp\/v2\/product\/81831","targetHints":{"allow":["GET"]}}],"collection":[{"href":"https:\/\/magnetarmagnets.com\/it\/wp-json\/wp\/v2\/product"}],"about":[{"href":"https:\/\/magnetarmagnets.com\/it\/wp-json\/wp\/v2\/types\/product"}],"replies":[{"embeddable":true,"href":"https:\/\/magnetarmagnets.com\/it\/wp-json\/wp\/v2\/comments?post=81831"}],"version-history":[{"count":1,"href":"https:\/\/magnetarmagnets.com\/it\/wp-json\/wp\/v2\/product\/81831\/revisions"}],"predecessor-version":[{"id":95126,"href":"https:\/\/magnetarmagnets.com\/it\/wp-json\/wp\/v2\/product\/81831\/revisions\/95126"}],"wp:featuredmedia":[{"embeddable":true,"href":"https:\/\/magnetarmagnets.com\/it\/wp-json\/wp\/v2\/media\/74756"}],"wp:attachment":[{"href":"https:\/\/magnetarmagnets.com\/it\/wp-json\/wp\/v2\/media?parent=81831"}],"wp:term":[{"taxonomy":"product_brand","embeddable":true,"href":"https:\/\/magnetarmagnets.com\/it\/wp-json\/wp\/v2\/product_brand?post=81831"},{"taxonomy":"product_cat","embeddable":true,"href":"https:\/\/magnetarmagnets.com\/it\/wp-json\/wp\/v2\/product_cat?post=81831"},{"taxonomy":"product_tag","embeddable":true,"href":"https:\/\/magnetarmagnets.com\/it\/wp-json\/wp\/v2\/product_tag?post=81831"}],"curies":[{"name":"wp","href":"https:\/\/api.w.org\/{rel}","templated":true}]}}