{"id":81824,"date":"2025-06-05T09:53:47","date_gmt":"2025-06-05T07:53:47","guid":{"rendered":"https:\/\/magnetarmagnets.com\/?post_type=product&#038;p=81824"},"modified":"2026-04-12T01:43:37","modified_gmt":"2026-04-11T23:43:37","slug":"pacchetto-magnete-da-pesca-per-bambini-360-280-kg-easy-allround-360","status":"publish","type":"product","link":"https:\/\/magnetarmagnets.com\/it\/shop\/pacchetto-magnete-da-pesca-per-bambini-360-280-kg-easy-allround-360\/","title":{"rendered":"Pacchetto magnete da pesca per bambini 360\u00b0 &#8211; 280 kg &#8211; Easy &#8211; Allround 360\u00b0"},"content":{"rendered":"Pesca con magnete per bambini? Quel sogno diventa realt\u00e0 con il Pacchetto Easy di Magnetar. Questo set completo di magnete da pesca contiene tutto il necessario per recuperare i ritrovamenti pi\u00f9 belli. Il nostro magnete Easy ha una forza di trazione totale di 280 kg (600 lb) in un angolo completo di 360\u00b0. Oltre al magnete da pesca, riceverai anche una copertura protettiva, un paio di guanti e una corda appositamente progettata per la pesca con magnete.\r\n<h2>Magnete neodimio da pesca Easy<\/h2>\r\nIl <a href=\"https:\/\/magnetarmagnets.com\/it\/shop\/easy-magnet-magnete-da-pesca-280-kg-allround-360\/\">magnete neodimio da pesca Easy<\/a> \u00e8 rinomato per il suo basso peso di lancio. Allo stesso tempo, il prodotto mostra una forte forza di trazione, rendendo l&#8217;Easy un&#8217;opzione ideale per principianti e bambini che prendono sul serio il loro hobby. Ogni lato di questo magnete da pesca \u00e8 magnetico, aumentando le probabilit\u00e0 di tirare fuori dall&#8217;acqua oggetti straordinari.\r\n<h2>Pronto per l&#8217;Easy?<\/h2>\r\nQuesto magnete da pesca \u00e8 il nostro modello di avviamento nella serie di magneti Allround 360\u00b0. Ogni lato ha una forza di trazione di 70 kg (150 lb), per un totale di 280 kg (600 lb) per l&#8217;intero magnete. Gli oggetti pi\u00f9 piccoli saranno attratti dal magnete a una distanza di 10 cm (4 inch), ottimizzando le tue possibilit\u00e0 di trovare cose.\r\n\r\nCon l&#8217;Easy, i bambini a partire dai sei anni possono iniziare la pesca con magnete sotto la supervisione di un adulto. Preferisci un magnete da pesca con una forza di trazione maggiore? Dai un&#8217;occhiata all&#8217;Hardcore o al Terror. Entrambi fanno parte della nostra serie di modelli Allround 360\u00b0 e sono estremamente popolari tra i pescatori con magnete di tutto il mondo.\r\n<h2>Magnet evolution<\/h2>\r\nMolti <a href=\"https:\/\/magnetarmagnets.com\/?v=796834e7a283\" target=\"_blank\" rel=\"noopener\">magneti da pesca<\/a> hanno una forza attrattiva solo da un lato. Questo magnete a faccia singola \u00e8 il classico magnete da pesca. Magnetar \u00e8 stata la prima azienda a riprogettare questo magnete classico in un <a href=\"https:\/\/magnetarmmagnets.com\/double-sided-fishing-magnet\/?v=796834e7a283\" target=\"_blank\" rel=\"noopener\">magnete da pesca a doppia faccia<\/a>. Poi, nel 2016, Magnetar ha sviluppato il magnete Allround con trazione magnetica a 360\u00b0. I pescatori con magnete in tutta l&#8217;UE sono stati attratti dai nostri magneti al 100% in neodimio da allora, rendendoci il fornitore n.1 in Europa. I nostri magneti sono realizzati con materiali, design e cura di altissima qualit\u00e0 da un piccolo team di appassionati di pesca con magnete. I nostri clienti tornano sempre perch\u00e9 sanno che con Magnetar otterranno pi\u00f9 di un magnete: troveranno un tesoro.\r\n<h2><strong>Potente forza di trazione a 360\u00b0<\/strong><\/h2>\r\nIl magnete Hardcore \u00e8 uno dei magneti pi\u00f9 potenti che offriamo. La forza di trazione di un magnete a faccia singola non pu\u00f2 essere paragonata a un puro magnete in neodimio a 360\u00b0 come l&#8217;Hardcore. Questo perch\u00e9 l&#8217;involucro in acciaio del magnete a faccia singola influenza la forza di trazione e la concentra in una direzione. Ci\u00f2 permette ai magneti a faccia singola di raggiungere elevate forze di trazione su lastre di metallo piatto da un lato, ma il nostro esclusivo magnete Allround 360\u00b0 attrae oggetti da \u201ctutto intorno\u201d poich\u00e9 la forza magnetica agisce su tutta l&#8217;area circostante. Curioso della nostra misurazione della forza di trazione? <a href=\"https:\/\/www.youtube.com\/watch?v=2McW3RURDxs\" target=\"_blank\" rel=\"noopener\">Guarda il nostro video di misurazione della forza di trazione<\/a>.","protected":false},"excerpt":{"rendered":"<p>Inizia con questo pacchetto magnete da pesca 360\u00b0 per bambini <strong>conveniente<\/strong> che include il <strong>magnete Easy<\/strong>, la copertura protettiva, una corda, la colla e i guanti.<\/p>\n","protected":false},"featured_media":74899,"comment_status":"open","ping_status":"closed","template":"","meta":{"_acf_changed":false,"inline_featured_image":false},"product_brand":[],"product_cat":[480,473,476,482,1006],"product_tag":[],"class_list":{"0":"post-81824","1":"product","2":"type-product","3":"status-publish","4":"has-post-thumbnail","6":"product_cat-kit-per-la-pesca-magnetica","7":"product_cat-magneti-da-pesca","8":"product_cat-magneti-da-pesca-360-allround","9":"product_cat-per-principianti-e-bambini","10":"product_cat-tutti-i-prodotti","12":"first","13":"instock","14":"sale","15":"taxable","16":"shipping-taxable","17":"purchasable","18":"product-type-simple"},"acf":[],"yoast_head":"<!-- This site is optimized with the Yoast SEO plugin v27.4 - https:\/\/yoast.com\/product\/yoast-seo-wordpress\/ -->\n<title>Pacchetto magnete da pesca per bambini 360\u00b0 - 280 kg - Easy - Allround 360\u00b0 -<\/title>\n<meta name=\"description\" content=\"Pesca con magnete per bambini? Quel sogno diventa realt\u00e0 con il Pacchetto Easy di Magnetar. Questo set completo contiene tutto ci\u00f2 di cui hai bisogno.\" \/>\n<meta name=\"robots\" content=\"index, follow, max-snippet:-1, max-image-preview:large, max-video-preview:-1\" \/>\n<link rel=\"canonical\" href=\"https:\/\/magnetarmagnets.com\/it\/shop\/pacchetto-magnete-da-pesca-per-bambini-360-280-kg-easy-allround-360\/\" \/>\n<meta property=\"og:locale\" content=\"it_IT\" \/>\n<meta property=\"og:type\" content=\"article\" \/>\n<meta property=\"og:title\" content=\"Pacchetto magnete da pesca per bambini 360\u00b0 - 280 kg - Easy - Allround 360\u00b0 -\" \/>\n<meta property=\"og:description\" content=\"Pesca con magnete per bambini? Quel sogno diventa realt\u00e0 con il Pacchetto Easy di Magnetar. Questo set completo contiene tutto ci\u00f2 di cui hai bisogno.\" \/>\n<meta property=\"og:url\" content=\"https:\/\/magnetarmagnets.com\/it\/shop\/pacchetto-magnete-da-pesca-per-bambini-360-280-kg-easy-allround-360\/\" \/>\n<meta property=\"og:site_name\" content=\"Magnet fishing with a Magnetar fishing magnet\" \/>\n<meta property=\"article:publisher\" content=\"https:\/\/www.facebook.com\/fishingmagnets\/\" \/>\n<meta property=\"article:modified_time\" content=\"2026-04-11T23:43:37+00:00\" \/>\n<meta property=\"og:image\" content=\"https:\/\/magnetarmagnets.com\/wp-content\/uploads\/2025\/06\/easy-360-magnetar-pakket.png\" \/>\n\t<meta property=\"og:image:width\" content=\"1000\" \/>\n\t<meta property=\"og:image:height\" content=\"1000\" \/>\n\t<meta property=\"og:image:type\" content=\"image\/png\" \/>\n<meta name=\"twitter:card\" content=\"summary_large_image\" \/>\n<meta name=\"twitter:label1\" content=\"Tempo di lettura stimato\" \/>\n\t<meta name=\"twitter:data1\" content=\"3 minuti\" \/>\n<script type=\"application\/ld+json\" class=\"yoast-schema-graph\">{\"@context\":\"https:\\\/\\\/schema.org\",\"@graph\":[{\"@type\":[\"WebPage\",\"ItemPage\"],\"@id\":\"https:\\\/\\\/magnetarmagnets.com\\\/it\\\/shop\\\/pacchetto-magnete-da-pesca-per-bambini-360-280-kg-easy-allround-360\\\/\",\"url\":\"https:\\\/\\\/magnetarmagnets.com\\\/it\\\/shop\\\/pacchetto-magnete-da-pesca-per-bambini-360-280-kg-easy-allround-360\\\/\",\"name\":\"Pacchetto magnete da pesca per bambini 360\u00b0 - 280 kg - Easy - Allround 360\u00b0 -\",\"isPartOf\":{\"@id\":\"https:\\\/\\\/magnetarmagnets.com\\\/it\\\/#website\"},\"primaryImageOfPage\":{\"@id\":\"https:\\\/\\\/magnetarmagnets.com\\\/it\\\/shop\\\/pacchetto-magnete-da-pesca-per-bambini-360-280-kg-easy-allround-360\\\/#primaryimage\"},\"image\":{\"@id\":\"https:\\\/\\\/magnetarmagnets.com\\\/it\\\/shop\\\/pacchetto-magnete-da-pesca-per-bambini-360-280-kg-easy-allround-360\\\/#primaryimage\"},\"thumbnailUrl\":\"https:\\\/\\\/magnetarmagnets.com\\\/wp-content\\\/uploads\\\/2025\\\/06\\\/easy-360-magnetar-pakket.png\",\"datePublished\":\"2025-06-05T07:53:47+00:00\",\"dateModified\":\"2026-04-11T23:43:37+00:00\",\"description\":\"Pesca con magnete per bambini? Quel sogno diventa realt\u00e0 con il Pacchetto Easy di Magnetar. Questo set completo contiene tutto ci\u00f2 di cui hai bisogno.\",\"breadcrumb\":{\"@id\":\"https:\\\/\\\/magnetarmagnets.com\\\/it\\\/shop\\\/pacchetto-magnete-da-pesca-per-bambini-360-280-kg-easy-allround-360\\\/#breadcrumb\"},\"inLanguage\":\"it-IT\",\"potentialAction\":[{\"@type\":\"ReadAction\",\"target\":[\"https:\\\/\\\/magnetarmagnets.com\\\/it\\\/shop\\\/pacchetto-magnete-da-pesca-per-bambini-360-280-kg-easy-allround-360\\\/\"]}]},{\"@type\":\"ImageObject\",\"inLanguage\":\"it-IT\",\"@id\":\"https:\\\/\\\/magnetarmagnets.com\\\/it\\\/shop\\\/pacchetto-magnete-da-pesca-per-bambini-360-280-kg-easy-allround-360\\\/#primaryimage\",\"url\":\"https:\\\/\\\/magnetarmagnets.com\\\/wp-content\\\/uploads\\\/2025\\\/06\\\/easy-360-magnetar-pakket.png\",\"contentUrl\":\"https:\\\/\\\/magnetarmagnets.com\\\/wp-content\\\/uploads\\\/2025\\\/06\\\/easy-360-magnetar-pakket.png\",\"width\":1000,\"height\":1000},{\"@type\":\"BreadcrumbList\",\"@id\":\"https:\\\/\\\/magnetarmagnets.com\\\/it\\\/shop\\\/pacchetto-magnete-da-pesca-per-bambini-360-280-kg-easy-allround-360\\\/#breadcrumb\",\"itemListElement\":[{\"@type\":\"ListItem\",\"position\":1,\"name\":\"Home\",\"item\":\"https:\\\/\\\/magnetarmagnets.com\\\/it\\\/\"},{\"@type\":\"ListItem\",\"position\":2,\"name\":\"negozio\",\"item\":\"https:\\\/\\\/magnetarmagnets.com\\\/negozio\\\/\"},{\"@type\":\"ListItem\",\"position\":3,\"name\":\"Tutti i prodotti\",\"item\":\"https:\\\/\\\/magnetarmagnets.com\\\/it\\\/collections\\\/tutti-i-prodotti\\\/\"},{\"@type\":\"ListItem\",\"position\":4,\"name\":\"Pacchetto magnete da pesca per bambini 360\u00b0 &#8211; 280 kg &#8211; Easy &#8211; Allround 360\u00b0\"}]},{\"@type\":\"WebSite\",\"@id\":\"https:\\\/\\\/magnetarmagnets.com\\\/it\\\/#website\",\"url\":\"https:\\\/\\\/magnetarmagnets.com\\\/it\\\/\",\"name\":\"Magnet fishing with a Magnetar fishing magnet\",\"description\":\"Magneti potenti per la pesca magnetica\",\"publisher\":{\"@id\":\"https:\\\/\\\/magnetarmagnets.com\\\/it\\\/#organization\"},\"potentialAction\":[{\"@type\":\"SearchAction\",\"target\":{\"@type\":\"EntryPoint\",\"urlTemplate\":\"https:\\\/\\\/magnetarmagnets.com\\\/it\\\/?s={search_term_string}\"},\"query-input\":{\"@type\":\"PropertyValueSpecification\",\"valueRequired\":true,\"valueName\":\"search_term_string\"}}],\"inLanguage\":\"it-IT\"},{\"@type\":\"Organization\",\"@id\":\"https:\\\/\\\/magnetarmagnets.com\\\/it\\\/#organization\",\"name\":\"Magnetar\",\"url\":\"https:\\\/\\\/magnetarmagnets.com\\\/it\\\/\",\"logo\":{\"@type\":\"ImageObject\",\"inLanguage\":\"it-IT\",\"@id\":\"https:\\\/\\\/magnetarmagnets.com\\\/it\\\/#\\\/schema\\\/logo\\\/image\\\/\",\"url\":\"https:\\\/\\\/magnetarmagnets.com\\\/wp-content\\\/uploads\\\/2025\\\/05\\\/Logo-03_PNG-Black-scaled.png\",\"contentUrl\":\"https:\\\/\\\/magnetarmagnets.com\\\/wp-content\\\/uploads\\\/2025\\\/05\\\/Logo-03_PNG-Black-scaled.png\",\"width\":2560,\"height\":1658,\"caption\":\"Magnetar\"},\"image\":{\"@id\":\"https:\\\/\\\/magnetarmagnets.com\\\/it\\\/#\\\/schema\\\/logo\\\/image\\\/\"},\"sameAs\":[\"https:\\\/\\\/www.facebook.com\\\/fishingmagnets\\\/\",\"https:\\\/\\\/www.instagram.com\\\/magnetar_magnets\\\/\",\"https:\\\/\\\/www.linkedin.com\\\/company\\\/magnetarbv\\\/?originalSubdomain=nl\",\"https:\\\/\\\/www.youtube.com\\\/c\\\/MagnetarVismagneet\"]}]}<\/script>\n<!-- \/ Yoast SEO plugin. -->","yoast_head_json":{"title":"Pacchetto magnete da pesca per bambini 360\u00b0 - 280 kg - Easy - Allround 360\u00b0 -","description":"Pesca con magnete per bambini? Quel sogno diventa realt\u00e0 con il Pacchetto Easy di Magnetar. Questo set completo contiene tutto ci\u00f2 di cui hai bisogno.","robots":{"index":"index","follow":"follow","max-snippet":"max-snippet:-1","max-image-preview":"max-image-preview:large","max-video-preview":"max-video-preview:-1"},"canonical":"https:\/\/magnetarmagnets.com\/it\/shop\/pacchetto-magnete-da-pesca-per-bambini-360-280-kg-easy-allround-360\/","og_locale":"it_IT","og_type":"article","og_title":"Pacchetto magnete da pesca per bambini 360\u00b0 - 280 kg - Easy - Allround 360\u00b0 -","og_description":"Pesca con magnete per bambini? Quel sogno diventa realt\u00e0 con il Pacchetto Easy di Magnetar. Questo set completo contiene tutto ci\u00f2 di cui hai bisogno.","og_url":"https:\/\/magnetarmagnets.com\/it\/shop\/pacchetto-magnete-da-pesca-per-bambini-360-280-kg-easy-allround-360\/","og_site_name":"Magnet fishing with a Magnetar fishing magnet","article_publisher":"https:\/\/www.facebook.com\/fishingmagnets\/","article_modified_time":"2026-04-11T23:43:37+00:00","og_image":[{"width":1000,"height":1000,"url":"https:\/\/magnetarmagnets.com\/wp-content\/uploads\/2025\/06\/easy-360-magnetar-pakket.png","type":"image\/png"}],"twitter_card":"summary_large_image","twitter_misc":{"Tempo di lettura stimato":"3 minuti"},"schema":{"@context":"https:\/\/schema.org","@graph":[{"@type":["WebPage","ItemPage"],"@id":"https:\/\/magnetarmagnets.com\/it\/shop\/pacchetto-magnete-da-pesca-per-bambini-360-280-kg-easy-allround-360\/","url":"https:\/\/magnetarmagnets.com\/it\/shop\/pacchetto-magnete-da-pesca-per-bambini-360-280-kg-easy-allround-360\/","name":"Pacchetto magnete da pesca per bambini 360\u00b0 - 280 kg - Easy - Allround 360\u00b0 -","isPartOf":{"@id":"https:\/\/magnetarmagnets.com\/it\/#website"},"primaryImageOfPage":{"@id":"https:\/\/magnetarmagnets.com\/it\/shop\/pacchetto-magnete-da-pesca-per-bambini-360-280-kg-easy-allround-360\/#primaryimage"},"image":{"@id":"https:\/\/magnetarmagnets.com\/it\/shop\/pacchetto-magnete-da-pesca-per-bambini-360-280-kg-easy-allround-360\/#primaryimage"},"thumbnailUrl":"https:\/\/magnetarmagnets.com\/wp-content\/uploads\/2025\/06\/easy-360-magnetar-pakket.png","datePublished":"2025-06-05T07:53:47+00:00","dateModified":"2026-04-11T23:43:37+00:00","description":"Pesca con magnete per bambini? Quel sogno diventa realt\u00e0 con il Pacchetto Easy di Magnetar. Questo set completo contiene tutto ci\u00f2 di cui hai bisogno.","breadcrumb":{"@id":"https:\/\/magnetarmagnets.com\/it\/shop\/pacchetto-magnete-da-pesca-per-bambini-360-280-kg-easy-allround-360\/#breadcrumb"},"inLanguage":"it-IT","potentialAction":[{"@type":"ReadAction","target":["https:\/\/magnetarmagnets.com\/it\/shop\/pacchetto-magnete-da-pesca-per-bambini-360-280-kg-easy-allround-360\/"]}]},{"@type":"ImageObject","inLanguage":"it-IT","@id":"https:\/\/magnetarmagnets.com\/it\/shop\/pacchetto-magnete-da-pesca-per-bambini-360-280-kg-easy-allround-360\/#primaryimage","url":"https:\/\/magnetarmagnets.com\/wp-content\/uploads\/2025\/06\/easy-360-magnetar-pakket.png","contentUrl":"https:\/\/magnetarmagnets.com\/wp-content\/uploads\/2025\/06\/easy-360-magnetar-pakket.png","width":1000,"height":1000},{"@type":"BreadcrumbList","@id":"https:\/\/magnetarmagnets.com\/it\/shop\/pacchetto-magnete-da-pesca-per-bambini-360-280-kg-easy-allround-360\/#breadcrumb","itemListElement":[{"@type":"ListItem","position":1,"name":"Home","item":"https:\/\/magnetarmagnets.com\/it\/"},{"@type":"ListItem","position":2,"name":"negozio","item":"https:\/\/magnetarmagnets.com\/negozio\/"},{"@type":"ListItem","position":3,"name":"Tutti i prodotti","item":"https:\/\/magnetarmagnets.com\/it\/collections\/tutti-i-prodotti\/"},{"@type":"ListItem","position":4,"name":"Pacchetto magnete da pesca per bambini 360\u00b0 &#8211; 280 kg &#8211; Easy &#8211; Allround 360\u00b0"}]},{"@type":"WebSite","@id":"https:\/\/magnetarmagnets.com\/it\/#website","url":"https:\/\/magnetarmagnets.com\/it\/","name":"Magnet fishing with a Magnetar fishing magnet","description":"Magneti potenti per la pesca magnetica","publisher":{"@id":"https:\/\/magnetarmagnets.com\/it\/#organization"},"potentialAction":[{"@type":"SearchAction","target":{"@type":"EntryPoint","urlTemplate":"https:\/\/magnetarmagnets.com\/it\/?s={search_term_string}"},"query-input":{"@type":"PropertyValueSpecification","valueRequired":true,"valueName":"search_term_string"}}],"inLanguage":"it-IT"},{"@type":"Organization","@id":"https:\/\/magnetarmagnets.com\/it\/#organization","name":"Magnetar","url":"https:\/\/magnetarmagnets.com\/it\/","logo":{"@type":"ImageObject","inLanguage":"it-IT","@id":"https:\/\/magnetarmagnets.com\/it\/#\/schema\/logo\/image\/","url":"https:\/\/magnetarmagnets.com\/wp-content\/uploads\/2025\/05\/Logo-03_PNG-Black-scaled.png","contentUrl":"https:\/\/magnetarmagnets.com\/wp-content\/uploads\/2025\/05\/Logo-03_PNG-Black-scaled.png","width":2560,"height":1658,"caption":"Magnetar"},"image":{"@id":"https:\/\/magnetarmagnets.com\/it\/#\/schema\/logo\/image\/"},"sameAs":["https:\/\/www.facebook.com\/fishingmagnets\/","https:\/\/www.instagram.com\/magnetar_magnets\/","https:\/\/www.linkedin.com\/company\/magnetarbv\/?originalSubdomain=nl","https:\/\/www.youtube.com\/c\/MagnetarVismagneet"]}]}},"_links":{"self":[{"href":"https:\/\/magnetarmagnets.com\/it\/wp-json\/wp\/v2\/product\/81824","targetHints":{"allow":["GET"]}}],"collection":[{"href":"https:\/\/magnetarmagnets.com\/it\/wp-json\/wp\/v2\/product"}],"about":[{"href":"https:\/\/magnetarmagnets.com\/it\/wp-json\/wp\/v2\/types\/product"}],"replies":[{"embeddable":true,"href":"https:\/\/magnetarmagnets.com\/it\/wp-json\/wp\/v2\/comments?post=81824"}],"version-history":[{"count":2,"href":"https:\/\/magnetarmagnets.com\/it\/wp-json\/wp\/v2\/product\/81824\/revisions"}],"predecessor-version":[{"id":95357,"href":"https:\/\/magnetarmagnets.com\/it\/wp-json\/wp\/v2\/product\/81824\/revisions\/95357"}],"wp:featuredmedia":[{"embeddable":true,"href":"https:\/\/magnetarmagnets.com\/it\/wp-json\/wp\/v2\/media\/74899"}],"wp:attachment":[{"href":"https:\/\/magnetarmagnets.com\/it\/wp-json\/wp\/v2\/media?parent=81824"}],"wp:term":[{"taxonomy":"product_brand","embeddable":true,"href":"https:\/\/magnetarmagnets.com\/it\/wp-json\/wp\/v2\/product_brand?post=81824"},{"taxonomy":"product_cat","embeddable":true,"href":"https:\/\/magnetarmagnets.com\/it\/wp-json\/wp\/v2\/product_cat?post=81824"},{"taxonomy":"product_tag","embeddable":true,"href":"https:\/\/magnetarmagnets.com\/it\/wp-json\/wp\/v2\/product_tag?post=81824"}],"curies":[{"name":"wp","href":"https:\/\/api.w.org\/{rel}","templated":true}]}}