{"id":81815,"date":"2025-06-05T09:54:13","date_gmt":"2025-06-05T07:54:13","guid":{"rendered":"https:\/\/magnetarmagnets.com\/?post_type=product&#038;p=81815"},"modified":"2026-04-04T20:24:15","modified_gmt":"2026-04-04T18:24:15","slug":"bulldog-500-magnete-da-pesca-doppia-faccia-500-kg","status":"publish","type":"product","link":"https:\/\/magnetarmagnets.com\/it\/shop\/bulldog-500-magnete-da-pesca-doppia-faccia-500-kg\/","title":{"rendered":"Bulldog 500 &#8211; magnete da pesca doppia faccia &#8211; 500 KG"},"content":{"rendered":"<span style=\"font-weight: 400;\">Il magnete da pesca Magnetar <\/span>Bulldog 500<span style=\"font-weight: 400;\"> \u00e8 il fratellino del Magnetar <\/span>Bulldog 800<span style=\"font-weight: 400;\">, magnete da pesca doppia faccia. Il nostro magnete da pesca Bulldog attira tutti gli oggetti presenti in acqua grazie alla forza di trazione combinata di 500 kg. La forza magnetica \u00e8 suddivisa su due magneti con una trazione di 250 kg ciascuno: in questo modo peschi sempre con 250 kg di pull per lato. Questo aumenta le probabilit\u00e0 di trovare oggetti grazie all\u2019ampliamento del campo magnetico. Il Bulldog ha una forza di trazione doppia faccia ed \u00e8 protetto da un anello in acciaio che avvolge il magnete. Cerchi un magnete doppia faccia pi\u00f9 potente? Scopri il nostro <\/span><a href=\"https:\/\/magnetarmmagnets.com\/shop\/bulldog-800-double-sided\/\" target=\"_blank\" rel=\"noopener noreferrer\"><span style=\"font-weight: 400;\">Bulldog 800<\/span><\/a><span style=\"font-weight: 400;\"> qui.<\/span>\r\n<h2><strong>Il Bulldog 500 doppia faccia<\/strong><\/h2>\r\n<span style=\"font-weight: 400;\">Il nostro magnete da pesca Bulldog attira tutti gli oggetti presenti in acqua grazie alla forza di trazione combinata di 500 kg. Questa forza \u00e8 suddivisa su due magneti con 250 kg di pull ciascuno. La forza dichiarata di 250 kg si ottiene solo in condizioni perfette: metallo piatto spesso 2 cm, senza ruggine n\u00e9 impurit\u00e0 tra il magnete e il metallo. In queste condizioni puoi sollevare 250 kg verticalmente.<\/span>\r\n\r\n<span style=\"font-weight: 400;\">La differenza tra il <a href=\"https:\/\/magnetarmmagnets.com\/double-sided-fishing-magnet\/\" target=\"_blank\" rel=\"noopener\">magnete doppia faccia<\/a> e i magneti a faccia singola \u00e8 che puoi pescare in due modi invece di uno. Puoi fissare gli occhielli a vite inclusi come preferisci. Se vuoi trascinare il magnete orizzontalmente nell\u2019acqua (aumentando le possibilit\u00e0 di trovare oggetti), puoi avvitare l\u2019occhiello sul lato del magnete. Grazie ai due magneti, il doppia faccia si orienter\u00e0 sempre verso i potenziali tesori.<\/span>\r\n\r\n<span style=\"font-weight: 400;\">Un effetto negativo della pesca con magnete orizzontale \u00e8 che il magnete esercita meno trazione su un oggetto. La forza massima si ottiene nella pesca verticale. Se desideri un extra di potenza magnetica, avvita l\u2019occhiello verticalmente sulla superficie del magnete. In questo modo potrai estrarre oggetti pi\u00f9 pesanti, proprio come con i nostri magneti classici. Le diverse modalit\u00e0 d\u2019uso rendono questo magnete multifunzionale.<\/span>\r\n\r\nNon dimenticare di dare un\u2019occhiata ai nostri <a href=\"https:\/\/magnetarmmagnets.com\/accessories\/\" target=\"_blank\" rel=\"noopener\">accessori per pesca con magnete<\/a> o di scegliere i <a href=\"https:\/\/magnetarmmagnets.com\/magnet-fishing-kit\/\" target=\"_blank\" rel=\"noopener\">migliori kit per pesca con magnete<\/a>.\r\n<h2>Alta qualit\u00e0<\/h2>\r\nI nostri magneti da pesca sono realizzati con il miglior neodimio disponibile, rendendoli uno dei <a href=\"https:\/\/magnetarmmagnets.com\/\" target=\"_blank\" rel=\"noopener\">migliori magneti da pesca<\/a> sul mercato. Ci\u00f2 significa che i nostri magneti Magnetar mantengono la loro forza magnetica perdendo solo l\u20191% dopo 100 anni! La maggior parte degli altri fornitori vende magneti che perdono questa percentuale in poche settimane. Oggigiorno circolano sempre pi\u00f9 magneti di bassa qualit\u00e0 contenenti neodimio scadente per ridurre costi e far sembrare il magnete pi\u00f9 grande. Acquistando un magnete del genere, butti via i tuoi soldi.\r\n\r\nTutti i nostri magneti sono progettati e disegnati personalmente per offrirti la migliore esperienza di pesca con magnete. Li testiamo con attrezzature professionali per garantire l\u2019accuratezza della forza di trazione dichiarata. Sappiamo esattamente come realizzare il magnete ideale grazie alla nostra esperienza nella pesca con magnete. Potrai verificarne tu stesso la qualit\u00e0 con i nostri magneti potenti, affidabili e di alta precisione. Curioso di scoprire come misuriamo la forza magnetica? Guarda il nostro video <a href=\"https:\/\/www.youtube.com\/watch?v=2McW3RURDxs\" target=\"_blank\" rel=\"noopener noreferrer\">sulle misurazioni della forza di trazione<\/a>.\r\n<h2>Avvertenze!<\/h2>\r\nI nostri magneti in neodimio sono estremamente potenti e possono agganciarsi a oggetti metallici con grande velocit\u00e0 quando sono a breve distanza. Assicurati di non schiacciare le dita. Con alcuni dei nostri magneti pi\u00f9 potenti potresti frantumare, rompere o provocare vesciche alle dita se rimangono intrappolate tra magnete e metallo. Maneggiali sempre con cautela e utilizza adeguate protezioni. Attenzione: l\u2019uso dei nostri magneti da pesca \u00e8 a tuo rischio e pericolo. Leggi sempre le nostre avvertenze prima dell\u2019uso.","protected":false},"excerpt":{"rendered":"<p><span style=\"font-weight: 400;\">Potere attrattivo doppio con 2 x 250 kg di forza di trazione. <strong>Raddoppia le tue possibilit\u00e0 di recupero con la pesca con magnete<\/strong>!<\/span><\/p>\n","protected":false},"featured_media":74134,"comment_status":"open","ping_status":"closed","template":"","meta":{"_acf_changed":false,"inline_featured_image":false},"product_brand":[],"product_cat":[473,478,481,482,1006],"product_tag":[],"class_list":{"0":"post-81815","1":"product","2":"type-product","3":"status-publish","4":"has-post-thumbnail","6":"product_cat-magneti-da-pesca","7":"product_cat-magneti-da-pesca-a-doppia-faccia","8":"product_cat-per-avventurieri-esperti","9":"product_cat-per-principianti-e-bambini","10":"product_cat-tutti-i-prodotti","12":"first","13":"instock","14":"taxable","15":"shipping-taxable","16":"purchasable","17":"product-type-simple"},"acf":[],"yoast_head":"<!-- This site is optimized with the Yoast SEO plugin v27.5 - https:\/\/yoast.com\/product\/yoast-seo-wordpress\/ -->\n<title>Magnete Bulldog 400 doppia faccia di Magnetar magnets<\/title>\n<meta name=\"description\" content=\"Questa forza di trazione \u00e8 suddivisa su due magneti con 250 kg ciascuno: in questo modo peschi sempre con 250 kg di forza per lato.\" \/>\n<meta name=\"robots\" content=\"index, follow, max-snippet:-1, max-image-preview:large, max-video-preview:-1\" \/>\n<link rel=\"canonical\" href=\"https:\/\/magnetarmagnets.com\/it\/shop\/bulldog-500-magnete-da-pesca-doppia-faccia-500-kg\/\" \/>\n<meta property=\"og:locale\" content=\"it_IT\" \/>\n<meta property=\"og:type\" content=\"article\" \/>\n<meta property=\"og:title\" content=\"Magnete Bulldog 400 doppia faccia di Magnetar magnets\" \/>\n<meta property=\"og:description\" content=\"Questa forza di trazione \u00e8 suddivisa su due magneti con 250 kg ciascuno: in questo modo peschi sempre con 250 kg di forza per lato.\" \/>\n<meta property=\"og:url\" content=\"https:\/\/magnetarmagnets.com\/it\/shop\/bulldog-500-magnete-da-pesca-doppia-faccia-500-kg\/\" \/>\n<meta property=\"og:site_name\" content=\"Magnet fishing with a Magnetar fishing magnet\" \/>\n<meta property=\"article:publisher\" content=\"https:\/\/www.facebook.com\/fishingmagnets\/\" \/>\n<meta property=\"article:modified_time\" content=\"2026-04-04T18:24:15+00:00\" \/>\n<meta property=\"og:image\" content=\"https:\/\/magnetarmagnets.com\/wp-content\/uploads\/2020\/05\/FOTO1491.jpg\" \/>\n\t<meta property=\"og:image:width\" content=\"1000\" \/>\n\t<meta property=\"og:image:height\" content=\"1000\" \/>\n\t<meta property=\"og:image:type\" content=\"image\/jpeg\" \/>\n<meta name=\"twitter:card\" content=\"summary_large_image\" \/>\n<meta name=\"twitter:label1\" content=\"Tempo di lettura stimato\" \/>\n\t<meta name=\"twitter:data1\" content=\"4 minuti\" \/>\n<script type=\"application\/ld+json\" class=\"yoast-schema-graph\">{\"@context\":\"https:\\\/\\\/schema.org\",\"@graph\":[{\"@type\":[\"WebPage\",\"ItemPage\"],\"@id\":\"https:\\\/\\\/magnetarmagnets.com\\\/it\\\/shop\\\/bulldog-500-magnete-da-pesca-doppia-faccia-500-kg\\\/\",\"url\":\"https:\\\/\\\/magnetarmagnets.com\\\/it\\\/shop\\\/bulldog-500-magnete-da-pesca-doppia-faccia-500-kg\\\/\",\"name\":\"Magnete Bulldog 400 doppia faccia di Magnetar magnets\",\"isPartOf\":{\"@id\":\"https:\\\/\\\/magnetarmagnets.com\\\/it\\\/#website\"},\"primaryImageOfPage\":{\"@id\":\"https:\\\/\\\/magnetarmagnets.com\\\/it\\\/shop\\\/bulldog-500-magnete-da-pesca-doppia-faccia-500-kg\\\/#primaryimage\"},\"image\":{\"@id\":\"https:\\\/\\\/magnetarmagnets.com\\\/it\\\/shop\\\/bulldog-500-magnete-da-pesca-doppia-faccia-500-kg\\\/#primaryimage\"},\"thumbnailUrl\":\"https:\\\/\\\/magnetarmagnets.com\\\/wp-content\\\/uploads\\\/2020\\\/05\\\/FOTO1491.jpg\",\"datePublished\":\"2025-06-05T07:54:13+00:00\",\"dateModified\":\"2026-04-04T18:24:15+00:00\",\"description\":\"Questa forza di trazione \u00e8 suddivisa su due magneti con 250 kg ciascuno: in questo modo peschi sempre con 250 kg di forza per lato.\",\"breadcrumb\":{\"@id\":\"https:\\\/\\\/magnetarmagnets.com\\\/it\\\/shop\\\/bulldog-500-magnete-da-pesca-doppia-faccia-500-kg\\\/#breadcrumb\"},\"inLanguage\":\"it-IT\",\"potentialAction\":[{\"@type\":\"ReadAction\",\"target\":[\"https:\\\/\\\/magnetarmagnets.com\\\/it\\\/shop\\\/bulldog-500-magnete-da-pesca-doppia-faccia-500-kg\\\/\"]}]},{\"@type\":\"ImageObject\",\"inLanguage\":\"it-IT\",\"@id\":\"https:\\\/\\\/magnetarmagnets.com\\\/it\\\/shop\\\/bulldog-500-magnete-da-pesca-doppia-faccia-500-kg\\\/#primaryimage\",\"url\":\"https:\\\/\\\/magnetarmagnets.com\\\/wp-content\\\/uploads\\\/2020\\\/05\\\/FOTO1491.jpg\",\"contentUrl\":\"https:\\\/\\\/magnetarmagnets.com\\\/wp-content\\\/uploads\\\/2020\\\/05\\\/FOTO1491.jpg\",\"width\":1000,\"height\":1000,\"caption\":\"BULLDOG 500 fishing magnet\"},{\"@type\":\"BreadcrumbList\",\"@id\":\"https:\\\/\\\/magnetarmagnets.com\\\/it\\\/shop\\\/bulldog-500-magnete-da-pesca-doppia-faccia-500-kg\\\/#breadcrumb\",\"itemListElement\":[{\"@type\":\"ListItem\",\"position\":1,\"name\":\"Home\",\"item\":\"https:\\\/\\\/magnetarmagnets.com\\\/it\\\/\"},{\"@type\":\"ListItem\",\"position\":2,\"name\":\"negozio\",\"item\":\"https:\\\/\\\/magnetarmagnets.com\\\/negozio\\\/\"},{\"@type\":\"ListItem\",\"position\":3,\"name\":\"Magneti da Pesca\",\"item\":\"https:\\\/\\\/magnetarmagnets.com\\\/it\\\/collections\\\/magneti-da-pesca\\\/\"},{\"@type\":\"ListItem\",\"position\":4,\"name\":\"Magneti da Pesca a Doppia Faccia\",\"item\":\"https:\\\/\\\/magnetarmagnets.com\\\/it\\\/collections\\\/magneti-da-pesca\\\/magneti-da-pesca-a-doppia-faccia\\\/\"},{\"@type\":\"ListItem\",\"position\":5,\"name\":\"Bulldog 500 &#8211; magnete da pesca doppia faccia &#8211; 500 KG\"}]},{\"@type\":\"WebSite\",\"@id\":\"https:\\\/\\\/magnetarmagnets.com\\\/it\\\/#website\",\"url\":\"https:\\\/\\\/magnetarmagnets.com\\\/it\\\/\",\"name\":\"Magnet fishing with a Magnetar fishing magnet\",\"description\":\"Magneti potenti per la pesca magnetica\",\"publisher\":{\"@id\":\"https:\\\/\\\/magnetarmagnets.com\\\/it\\\/#organization\"},\"potentialAction\":[{\"@type\":\"SearchAction\",\"target\":{\"@type\":\"EntryPoint\",\"urlTemplate\":\"https:\\\/\\\/magnetarmagnets.com\\\/it\\\/?s={search_term_string}\"},\"query-input\":{\"@type\":\"PropertyValueSpecification\",\"valueRequired\":true,\"valueName\":\"search_term_string\"}}],\"inLanguage\":\"it-IT\"},{\"@type\":\"Organization\",\"@id\":\"https:\\\/\\\/magnetarmagnets.com\\\/it\\\/#organization\",\"name\":\"Magnetar\",\"url\":\"https:\\\/\\\/magnetarmagnets.com\\\/it\\\/\",\"logo\":{\"@type\":\"ImageObject\",\"inLanguage\":\"it-IT\",\"@id\":\"https:\\\/\\\/magnetarmagnets.com\\\/it\\\/#\\\/schema\\\/logo\\\/image\\\/\",\"url\":\"https:\\\/\\\/magnetarmagnets.com\\\/wp-content\\\/uploads\\\/2025\\\/05\\\/Logo-03_PNG-Black-scaled.png\",\"contentUrl\":\"https:\\\/\\\/magnetarmagnets.com\\\/wp-content\\\/uploads\\\/2025\\\/05\\\/Logo-03_PNG-Black-scaled.png\",\"width\":2560,\"height\":1658,\"caption\":\"Magnetar\"},\"image\":{\"@id\":\"https:\\\/\\\/magnetarmagnets.com\\\/it\\\/#\\\/schema\\\/logo\\\/image\\\/\"},\"sameAs\":[\"https:\\\/\\\/www.facebook.com\\\/fishingmagnets\\\/\",\"https:\\\/\\\/www.instagram.com\\\/magnetar_magnets\\\/\",\"https:\\\/\\\/www.linkedin.com\\\/company\\\/magnetarbv\\\/?originalSubdomain=nl\",\"https:\\\/\\\/www.youtube.com\\\/c\\\/MagnetarVismagneet\"]}]}<\/script>\n<!-- \/ Yoast SEO plugin. -->","yoast_head_json":{"title":"Magnete Bulldog 400 doppia faccia di Magnetar magnets","description":"Questa forza di trazione \u00e8 suddivisa su due magneti con 250 kg ciascuno: in questo modo peschi sempre con 250 kg di forza per lato.","robots":{"index":"index","follow":"follow","max-snippet":"max-snippet:-1","max-image-preview":"max-image-preview:large","max-video-preview":"max-video-preview:-1"},"canonical":"https:\/\/magnetarmagnets.com\/it\/shop\/bulldog-500-magnete-da-pesca-doppia-faccia-500-kg\/","og_locale":"it_IT","og_type":"article","og_title":"Magnete Bulldog 400 doppia faccia di Magnetar magnets","og_description":"Questa forza di trazione \u00e8 suddivisa su due magneti con 250 kg ciascuno: in questo modo peschi sempre con 250 kg di forza per lato.","og_url":"https:\/\/magnetarmagnets.com\/it\/shop\/bulldog-500-magnete-da-pesca-doppia-faccia-500-kg\/","og_site_name":"Magnet fishing with a Magnetar fishing magnet","article_publisher":"https:\/\/www.facebook.com\/fishingmagnets\/","article_modified_time":"2026-04-04T18:24:15+00:00","og_image":[{"width":1000,"height":1000,"url":"https:\/\/magnetarmagnets.com\/wp-content\/uploads\/2020\/05\/FOTO1491.jpg","type":"image\/jpeg"}],"twitter_card":"summary_large_image","twitter_misc":{"Tempo di lettura stimato":"4 minuti"},"schema":{"@context":"https:\/\/schema.org","@graph":[{"@type":["WebPage","ItemPage"],"@id":"https:\/\/magnetarmagnets.com\/it\/shop\/bulldog-500-magnete-da-pesca-doppia-faccia-500-kg\/","url":"https:\/\/magnetarmagnets.com\/it\/shop\/bulldog-500-magnete-da-pesca-doppia-faccia-500-kg\/","name":"Magnete Bulldog 400 doppia faccia di Magnetar magnets","isPartOf":{"@id":"https:\/\/magnetarmagnets.com\/it\/#website"},"primaryImageOfPage":{"@id":"https:\/\/magnetarmagnets.com\/it\/shop\/bulldog-500-magnete-da-pesca-doppia-faccia-500-kg\/#primaryimage"},"image":{"@id":"https:\/\/magnetarmagnets.com\/it\/shop\/bulldog-500-magnete-da-pesca-doppia-faccia-500-kg\/#primaryimage"},"thumbnailUrl":"https:\/\/magnetarmagnets.com\/wp-content\/uploads\/2020\/05\/FOTO1491.jpg","datePublished":"2025-06-05T07:54:13+00:00","dateModified":"2026-04-04T18:24:15+00:00","description":"Questa forza di trazione \u00e8 suddivisa su due magneti con 250 kg ciascuno: in questo modo peschi sempre con 250 kg di forza per lato.","breadcrumb":{"@id":"https:\/\/magnetarmagnets.com\/it\/shop\/bulldog-500-magnete-da-pesca-doppia-faccia-500-kg\/#breadcrumb"},"inLanguage":"it-IT","potentialAction":[{"@type":"ReadAction","target":["https:\/\/magnetarmagnets.com\/it\/shop\/bulldog-500-magnete-da-pesca-doppia-faccia-500-kg\/"]}]},{"@type":"ImageObject","inLanguage":"it-IT","@id":"https:\/\/magnetarmagnets.com\/it\/shop\/bulldog-500-magnete-da-pesca-doppia-faccia-500-kg\/#primaryimage","url":"https:\/\/magnetarmagnets.com\/wp-content\/uploads\/2020\/05\/FOTO1491.jpg","contentUrl":"https:\/\/magnetarmagnets.com\/wp-content\/uploads\/2020\/05\/FOTO1491.jpg","width":1000,"height":1000,"caption":"BULLDOG 500 fishing magnet"},{"@type":"BreadcrumbList","@id":"https:\/\/magnetarmagnets.com\/it\/shop\/bulldog-500-magnete-da-pesca-doppia-faccia-500-kg\/#breadcrumb","itemListElement":[{"@type":"ListItem","position":1,"name":"Home","item":"https:\/\/magnetarmagnets.com\/it\/"},{"@type":"ListItem","position":2,"name":"negozio","item":"https:\/\/magnetarmagnets.com\/negozio\/"},{"@type":"ListItem","position":3,"name":"Magneti da Pesca","item":"https:\/\/magnetarmagnets.com\/it\/collections\/magneti-da-pesca\/"},{"@type":"ListItem","position":4,"name":"Magneti da Pesca a Doppia Faccia","item":"https:\/\/magnetarmagnets.com\/it\/collections\/magneti-da-pesca\/magneti-da-pesca-a-doppia-faccia\/"},{"@type":"ListItem","position":5,"name":"Bulldog 500 &#8211; magnete da pesca doppia faccia &#8211; 500 KG"}]},{"@type":"WebSite","@id":"https:\/\/magnetarmagnets.com\/it\/#website","url":"https:\/\/magnetarmagnets.com\/it\/","name":"Magnet fishing with a Magnetar fishing magnet","description":"Magneti potenti per la pesca magnetica","publisher":{"@id":"https:\/\/magnetarmagnets.com\/it\/#organization"},"potentialAction":[{"@type":"SearchAction","target":{"@type":"EntryPoint","urlTemplate":"https:\/\/magnetarmagnets.com\/it\/?s={search_term_string}"},"query-input":{"@type":"PropertyValueSpecification","valueRequired":true,"valueName":"search_term_string"}}],"inLanguage":"it-IT"},{"@type":"Organization","@id":"https:\/\/magnetarmagnets.com\/it\/#organization","name":"Magnetar","url":"https:\/\/magnetarmagnets.com\/it\/","logo":{"@type":"ImageObject","inLanguage":"it-IT","@id":"https:\/\/magnetarmagnets.com\/it\/#\/schema\/logo\/image\/","url":"https:\/\/magnetarmagnets.com\/wp-content\/uploads\/2025\/05\/Logo-03_PNG-Black-scaled.png","contentUrl":"https:\/\/magnetarmagnets.com\/wp-content\/uploads\/2025\/05\/Logo-03_PNG-Black-scaled.png","width":2560,"height":1658,"caption":"Magnetar"},"image":{"@id":"https:\/\/magnetarmagnets.com\/it\/#\/schema\/logo\/image\/"},"sameAs":["https:\/\/www.facebook.com\/fishingmagnets\/","https:\/\/www.instagram.com\/magnetar_magnets\/","https:\/\/www.linkedin.com\/company\/magnetarbv\/?originalSubdomain=nl","https:\/\/www.youtube.com\/c\/MagnetarVismagneet"]}]}},"_links":{"self":[{"href":"https:\/\/magnetarmagnets.com\/it\/wp-json\/wp\/v2\/product\/81815","targetHints":{"allow":["GET"]}}],"collection":[{"href":"https:\/\/magnetarmagnets.com\/it\/wp-json\/wp\/v2\/product"}],"about":[{"href":"https:\/\/magnetarmagnets.com\/it\/wp-json\/wp\/v2\/types\/product"}],"replies":[{"embeddable":true,"href":"https:\/\/magnetarmagnets.com\/it\/wp-json\/wp\/v2\/comments?post=81815"}],"version-history":[{"count":1,"href":"https:\/\/magnetarmagnets.com\/it\/wp-json\/wp\/v2\/product\/81815\/revisions"}],"predecessor-version":[{"id":95388,"href":"https:\/\/magnetarmagnets.com\/it\/wp-json\/wp\/v2\/product\/81815\/revisions\/95388"}],"wp:featuredmedia":[{"embeddable":true,"href":"https:\/\/magnetarmagnets.com\/it\/wp-json\/wp\/v2\/media\/74134"}],"wp:attachment":[{"href":"https:\/\/magnetarmagnets.com\/it\/wp-json\/wp\/v2\/media?parent=81815"}],"wp:term":[{"taxonomy":"product_brand","embeddable":true,"href":"https:\/\/magnetarmagnets.com\/it\/wp-json\/wp\/v2\/product_brand?post=81815"},{"taxonomy":"product_cat","embeddable":true,"href":"https:\/\/magnetarmagnets.com\/it\/wp-json\/wp\/v2\/product_cat?post=81815"},{"taxonomy":"product_tag","embeddable":true,"href":"https:\/\/magnetarmagnets.com\/it\/wp-json\/wp\/v2\/product_tag?post=81815"}],"curies":[{"name":"wp","href":"https:\/\/api.w.org\/{rel}","templated":true}]}}