{"id":81813,"date":"2025-06-05T09:54:13","date_gmt":"2025-06-05T07:54:13","guid":{"rendered":"https:\/\/magnetarmagnets.com\/?post_type=product&#038;p=81813"},"modified":"2026-04-04T19:54:44","modified_gmt":"2026-04-04T17:54:44","slug":"kit-magnete-neodimio-da-pesca-doppia-faccia-880-kg-bulldog","status":"publish","type":"product","link":"https:\/\/magnetarmagnets.com\/it\/shop\/kit-magnete-neodimio-da-pesca-doppia-faccia-880-kg-bulldog\/","title":{"rendered":"Kit magnete neodimio da pesca doppia faccia \u2013 880 kg \u2013 Bulldog"},"content":{"rendered":"Con il Bulldog 800 inizierai sicuramente a scoprire i tesori subacquei pi\u00f9 unici. Questo pacchetto tutto-in-uno contiene tutto il necessario per evitare spiacevoli sorprese sulla riva. Il nostro magnete da pesca doppia faccia Bulldog 800, <a href=\"https:\/\/magnetarmagnets.com\/shop\/magnet-fishing-glove\/?v=796834e7a283\">guanti<\/a>, una <a href=\"https:\/\/magnetarmagnets.com\/shop\/magnet-fishing-rope\/?v=796834e7a283\">fune per magnete da pesca<\/a> e colla metallica sono tutti inclusi in questo set completo. Cerchi un magnete 360\u00b0 a tutto tondo? Dai un&#8217;occhiata al nostro <a href=\"https:\/\/magnetarmagnets.com\/shop\/fishmagnet-package-pro\/\"><strong>Pacchetto Pro<\/strong><\/a>.\r\n<h2>Magnete da pesca doppia faccia Bulldog 800<\/h2>\r\nTutti i nostri magneti da pesca Bulldog sono a doppia faccia. Il Bulldog 800 ha una forza di trazione totale di 1940 lb (880 kg), ovvero 970 lb (440 kg) per lato. Oggetti pesanti come casseforti, parti di auto e segnali stradali non rappresentano un problema per questa potenza. Rispetto ai magneti a singola faccia, le due facce magnetiche aumentano significativamente le probabilit\u00e0 di trovare grandi tesori.\r\n\r\nI magneti doppia faccia possono essere utilizzati in diversi modi. Vuoi far scorrere il magnete in orizzontale nell\u2019acqua? Monta l\u2019occhiolo sul lato del magnete. Solitamente questa tecnica offre maggiori possibilit\u00e0 di agganciare il tesoro, poich\u00e9 una delle due facce \u00e8 sempre rivolta verso il fondo. Lo svantaggio \u00e8 che il movimento orizzontale esercita meno trazione sugli oggetti. La pesca verticale, al contrario, garantisce sempre una forza magnetica pi\u00f9 ottimale.\r\n\r\nQuando individui un oggetto e desideri applicare maggiore forza, l\u2019occhiolo pu\u00f2 essere avvitato in verticale. Questo facilita una forza di sollevamento pi\u00f9 efficace per tirare su oggetti pi\u00f9 pesanti. L\u2019uso versatile dei magneti doppia faccia li rende i nostri magneti pi\u00f9 multifunzionali.\r\n\r\nSe sei un principiante e cerchi la versatilit\u00e0 di questo magnete con potenza leggermente inferiore, dai un\u2019occhiata al <a href=\"https:\/\/magnetarmagnets.com\/shop\/bulldog-500-kit\/\"><strong>Bulldog 500<\/strong><\/a>, un magnete doppia faccia con forza di trazione combinata di 1100 lb (500 kg). Hai sentito parlare dei nostri magneti a 360 gradi? Il <a href=\"https:\/\/magnetarmagnets.com\/shop\/exclusive-terror-magnet\/\"><strong>Terror<\/strong><\/a> \u00e8 un\u2019ottima scelta comparabile.","protected":false},"excerpt":{"rendered":"<p>Con il Bulldog 800 inizierai sicuramente a scoprire i tesori subacquei pi\u00f9 unici. Questo pacchetto tutto-in-uno contiene tutto il necessario per evitare spiacevoli sorprese sulla riva. Il nostro magnete da pesca doppia faccia Bulldog 800, guanti, una fune per magnete da pesca e colla metallica sono tutti inclusi in questo set completo. Cerchi un magnete [&hellip;]<\/p>\n","protected":false},"featured_media":72549,"comment_status":"open","ping_status":"closed","template":"","meta":{"_acf_changed":false,"inline_featured_image":false},"product_brand":[],"product_cat":[506,510,508,519,512,520],"product_tag":[],"class_list":{"0":"post-81813","1":"product","2":"type-product","3":"status-publish","4":"has-post-thumbnail","6":"product_cat-aimants-de-peche","7":"product_cat-aimants-de-peche-a-double-face","8":"product_cat-aimants-de-peche-les-plus-puissants","9":"product_cat-aventuriers-confirmes","10":"product_cat-kit-de-peche-a-laimant","11":"product_cat-professionnels","13":"first","14":"instock","15":"sale","16":"taxable","17":"shipping-taxable","18":"purchasable","19":"product-type-simple"},"acf":[],"yoast_head":"<!-- This site is optimized with the Yoast SEO plugin v27.3 - https:\/\/yoast.com\/product\/yoast-seo-wordpress\/ -->\n<title>Kit magnete neodimio da pesca doppia faccia \u2013 880 kg \u2013 Bulldog - Magnet fishing with a Magnetar fishing magnet<\/title>\n<meta name=\"description\" content=\"Kit magnete da pesca doppia faccia \u2013 880 KG \u2013 Bulldog \u2013 Magnetar\" \/>\n<meta name=\"robots\" content=\"index, follow, max-snippet:-1, max-image-preview:large, max-video-preview:-1\" \/>\n<link rel=\"canonical\" href=\"https:\/\/magnetarmagnets.com\/it\/shop\/kit-magnete-neodimio-da-pesca-doppia-faccia-880-kg-bulldog\/\" \/>\n<meta property=\"og:locale\" content=\"it_IT\" \/>\n<meta property=\"og:type\" content=\"article\" \/>\n<meta property=\"og:title\" content=\"Kit magnete neodimio da pesca doppia faccia \u2013 880 kg \u2013 Bulldog - Magnet fishing with a Magnetar fishing magnet\" \/>\n<meta property=\"og:description\" content=\"Kit magnete da pesca doppia faccia \u2013 880 KG \u2013 Bulldog \u2013 Magnetar\" \/>\n<meta property=\"og:url\" content=\"https:\/\/magnetarmagnets.com\/it\/shop\/kit-magnete-neodimio-da-pesca-doppia-faccia-880-kg-bulldog\/\" \/>\n<meta property=\"og:site_name\" content=\"Magnet fishing with a Magnetar fishing magnet\" \/>\n<meta property=\"article:publisher\" content=\"https:\/\/www.facebook.com\/fishingmagnets\/\" \/>\n<meta property=\"article:modified_time\" content=\"2026-04-04T17:54:44+00:00\" \/>\n<meta property=\"og:image\" content=\"https:\/\/magnetarmagnets.com\/wp-content\/uploads\/2021\/10\/MAGNETAR-BULLDOG-800-KIT-GOOGLE.jpg\" \/>\n\t<meta property=\"og:image:width\" content=\"1500\" \/>\n\t<meta property=\"og:image:height\" content=\"1500\" \/>\n\t<meta property=\"og:image:type\" content=\"image\/jpeg\" \/>\n<meta name=\"twitter:card\" content=\"summary_large_image\" \/>\n<meta name=\"twitter:label1\" content=\"Tempo di lettura stimato\" \/>\n\t<meta name=\"twitter:data1\" content=\"2 minuti\" \/>\n<script type=\"application\/ld+json\" class=\"yoast-schema-graph\">{\"@context\":\"https:\\\/\\\/schema.org\",\"@graph\":[{\"@type\":[\"WebPage\",\"ItemPage\"],\"@id\":\"https:\\\/\\\/magnetarmagnets.com\\\/it\\\/shop\\\/kit-magnete-neodimio-da-pesca-doppia-faccia-880-kg-bulldog\\\/\",\"url\":\"https:\\\/\\\/magnetarmagnets.com\\\/it\\\/shop\\\/kit-magnete-neodimio-da-pesca-doppia-faccia-880-kg-bulldog\\\/\",\"name\":\"Kit magnete neodimio da pesca doppia faccia \u2013 880 kg \u2013 Bulldog - Magnet fishing with a Magnetar fishing magnet\",\"isPartOf\":{\"@id\":\"https:\\\/\\\/magnetarmagnets.com\\\/it\\\/#website\"},\"primaryImageOfPage\":{\"@id\":\"https:\\\/\\\/magnetarmagnets.com\\\/it\\\/shop\\\/kit-magnete-neodimio-da-pesca-doppia-faccia-880-kg-bulldog\\\/#primaryimage\"},\"image\":{\"@id\":\"https:\\\/\\\/magnetarmagnets.com\\\/it\\\/shop\\\/kit-magnete-neodimio-da-pesca-doppia-faccia-880-kg-bulldog\\\/#primaryimage\"},\"thumbnailUrl\":\"https:\\\/\\\/magnetarmagnets.com\\\/wp-content\\\/uploads\\\/2021\\\/10\\\/MAGNETAR-BULLDOG-800-KIT-GOOGLE.jpg\",\"datePublished\":\"2025-06-05T07:54:13+00:00\",\"dateModified\":\"2026-04-04T17:54:44+00:00\",\"description\":\"Kit magnete da pesca doppia faccia \u2013 880 KG \u2013 Bulldog \u2013 Magnetar\",\"breadcrumb\":{\"@id\":\"https:\\\/\\\/magnetarmagnets.com\\\/it\\\/shop\\\/kit-magnete-neodimio-da-pesca-doppia-faccia-880-kg-bulldog\\\/#breadcrumb\"},\"inLanguage\":\"it-IT\",\"potentialAction\":[{\"@type\":\"ReadAction\",\"target\":[\"https:\\\/\\\/magnetarmagnets.com\\\/it\\\/shop\\\/kit-magnete-neodimio-da-pesca-doppia-faccia-880-kg-bulldog\\\/\"]}]},{\"@type\":\"ImageObject\",\"inLanguage\":\"it-IT\",\"@id\":\"https:\\\/\\\/magnetarmagnets.com\\\/it\\\/shop\\\/kit-magnete-neodimio-da-pesca-doppia-faccia-880-kg-bulldog\\\/#primaryimage\",\"url\":\"https:\\\/\\\/magnetarmagnets.com\\\/wp-content\\\/uploads\\\/2021\\\/10\\\/MAGNETAR-BULLDOG-800-KIT-GOOGLE.jpg\",\"contentUrl\":\"https:\\\/\\\/magnetarmagnets.com\\\/wp-content\\\/uploads\\\/2021\\\/10\\\/MAGNETAR-BULLDOG-800-KIT-GOOGLE.jpg\",\"width\":1500,\"height\":1500,\"caption\":\"MAGNETAR-BULLDOG-800-KIT\"},{\"@type\":\"BreadcrumbList\",\"@id\":\"https:\\\/\\\/magnetarmagnets.com\\\/it\\\/shop\\\/kit-magnete-neodimio-da-pesca-doppia-faccia-880-kg-bulldog\\\/#breadcrumb\",\"itemListElement\":[{\"@type\":\"ListItem\",\"position\":1,\"name\":\"Home\",\"item\":\"https:\\\/\\\/magnetarmagnets.com\\\/it\\\/\"},{\"@type\":\"ListItem\",\"position\":2,\"name\":\"negozio\",\"item\":\"https:\\\/\\\/magnetarmagnets.com\\\/negozio\\\/\"},{\"@type\":\"ListItem\",\"position\":3,\"name\":\"Magneti da Pesca\",\"item\":\"https:\\\/\\\/magnetarmagnets.com\\\/it\\\/collections\\\/magneti-da-pesca\\\/\"},{\"@type\":\"ListItem\",\"position\":4,\"name\":\"Kit per la Pesca Magnetica\",\"item\":\"https:\\\/\\\/magnetarmagnets.com\\\/it\\\/collections\\\/magneti-da-pesca\\\/kit-per-la-pesca-magnetica\\\/\"},{\"@type\":\"ListItem\",\"position\":5,\"name\":\"Kit magnete neodimio da pesca doppia faccia \u2013 880 kg \u2013 Bulldog\"}]},{\"@type\":\"WebSite\",\"@id\":\"https:\\\/\\\/magnetarmagnets.com\\\/it\\\/#website\",\"url\":\"https:\\\/\\\/magnetarmagnets.com\\\/it\\\/\",\"name\":\"Magnet fishing with a Magnetar fishing magnet\",\"description\":\"Magneti potenti per la pesca magnetica\",\"publisher\":{\"@id\":\"https:\\\/\\\/magnetarmagnets.com\\\/it\\\/#organization\"},\"potentialAction\":[{\"@type\":\"SearchAction\",\"target\":{\"@type\":\"EntryPoint\",\"urlTemplate\":\"https:\\\/\\\/magnetarmagnets.com\\\/it\\\/?s={search_term_string}\"},\"query-input\":{\"@type\":\"PropertyValueSpecification\",\"valueRequired\":true,\"valueName\":\"search_term_string\"}}],\"inLanguage\":\"it-IT\"},{\"@type\":\"Organization\",\"@id\":\"https:\\\/\\\/magnetarmagnets.com\\\/it\\\/#organization\",\"name\":\"Magnetar\",\"url\":\"https:\\\/\\\/magnetarmagnets.com\\\/it\\\/\",\"logo\":{\"@type\":\"ImageObject\",\"inLanguage\":\"it-IT\",\"@id\":\"https:\\\/\\\/magnetarmagnets.com\\\/it\\\/#\\\/schema\\\/logo\\\/image\\\/\",\"url\":\"https:\\\/\\\/magnetarmagnets.com\\\/wp-content\\\/uploads\\\/2025\\\/05\\\/Logo-03_PNG-Black-scaled.png\",\"contentUrl\":\"https:\\\/\\\/magnetarmagnets.com\\\/wp-content\\\/uploads\\\/2025\\\/05\\\/Logo-03_PNG-Black-scaled.png\",\"width\":2560,\"height\":1658,\"caption\":\"Magnetar\"},\"image\":{\"@id\":\"https:\\\/\\\/magnetarmagnets.com\\\/it\\\/#\\\/schema\\\/logo\\\/image\\\/\"},\"sameAs\":[\"https:\\\/\\\/www.facebook.com\\\/fishingmagnets\\\/\",\"https:\\\/\\\/www.instagram.com\\\/magnetar_magnets\\\/\",\"https:\\\/\\\/www.linkedin.com\\\/company\\\/magnetarbv\\\/?originalSubdomain=nl\",\"https:\\\/\\\/www.youtube.com\\\/c\\\/MagnetarVismagneet\"]}]}<\/script>\n<!-- \/ Yoast SEO plugin. -->","yoast_head_json":{"title":"Kit magnete neodimio da pesca doppia faccia \u2013 880 kg \u2013 Bulldog - Magnet fishing with a Magnetar fishing magnet","description":"Kit magnete da pesca doppia faccia \u2013 880 KG \u2013 Bulldog \u2013 Magnetar","robots":{"index":"index","follow":"follow","max-snippet":"max-snippet:-1","max-image-preview":"max-image-preview:large","max-video-preview":"max-video-preview:-1"},"canonical":"https:\/\/magnetarmagnets.com\/it\/shop\/kit-magnete-neodimio-da-pesca-doppia-faccia-880-kg-bulldog\/","og_locale":"it_IT","og_type":"article","og_title":"Kit magnete neodimio da pesca doppia faccia \u2013 880 kg \u2013 Bulldog - Magnet fishing with a Magnetar fishing magnet","og_description":"Kit magnete da pesca doppia faccia \u2013 880 KG \u2013 Bulldog \u2013 Magnetar","og_url":"https:\/\/magnetarmagnets.com\/it\/shop\/kit-magnete-neodimio-da-pesca-doppia-faccia-880-kg-bulldog\/","og_site_name":"Magnet fishing with a Magnetar fishing magnet","article_publisher":"https:\/\/www.facebook.com\/fishingmagnets\/","article_modified_time":"2026-04-04T17:54:44+00:00","og_image":[{"width":1500,"height":1500,"url":"https:\/\/magnetarmagnets.com\/wp-content\/uploads\/2021\/10\/MAGNETAR-BULLDOG-800-KIT-GOOGLE.jpg","type":"image\/jpeg"}],"twitter_card":"summary_large_image","twitter_misc":{"Tempo di lettura stimato":"2 minuti"},"schema":{"@context":"https:\/\/schema.org","@graph":[{"@type":["WebPage","ItemPage"],"@id":"https:\/\/magnetarmagnets.com\/it\/shop\/kit-magnete-neodimio-da-pesca-doppia-faccia-880-kg-bulldog\/","url":"https:\/\/magnetarmagnets.com\/it\/shop\/kit-magnete-neodimio-da-pesca-doppia-faccia-880-kg-bulldog\/","name":"Kit magnete neodimio da pesca doppia faccia \u2013 880 kg \u2013 Bulldog - Magnet fishing with a Magnetar fishing magnet","isPartOf":{"@id":"https:\/\/magnetarmagnets.com\/it\/#website"},"primaryImageOfPage":{"@id":"https:\/\/magnetarmagnets.com\/it\/shop\/kit-magnete-neodimio-da-pesca-doppia-faccia-880-kg-bulldog\/#primaryimage"},"image":{"@id":"https:\/\/magnetarmagnets.com\/it\/shop\/kit-magnete-neodimio-da-pesca-doppia-faccia-880-kg-bulldog\/#primaryimage"},"thumbnailUrl":"https:\/\/magnetarmagnets.com\/wp-content\/uploads\/2021\/10\/MAGNETAR-BULLDOG-800-KIT-GOOGLE.jpg","datePublished":"2025-06-05T07:54:13+00:00","dateModified":"2026-04-04T17:54:44+00:00","description":"Kit magnete da pesca doppia faccia \u2013 880 KG \u2013 Bulldog \u2013 Magnetar","breadcrumb":{"@id":"https:\/\/magnetarmagnets.com\/it\/shop\/kit-magnete-neodimio-da-pesca-doppia-faccia-880-kg-bulldog\/#breadcrumb"},"inLanguage":"it-IT","potentialAction":[{"@type":"ReadAction","target":["https:\/\/magnetarmagnets.com\/it\/shop\/kit-magnete-neodimio-da-pesca-doppia-faccia-880-kg-bulldog\/"]}]},{"@type":"ImageObject","inLanguage":"it-IT","@id":"https:\/\/magnetarmagnets.com\/it\/shop\/kit-magnete-neodimio-da-pesca-doppia-faccia-880-kg-bulldog\/#primaryimage","url":"https:\/\/magnetarmagnets.com\/wp-content\/uploads\/2021\/10\/MAGNETAR-BULLDOG-800-KIT-GOOGLE.jpg","contentUrl":"https:\/\/magnetarmagnets.com\/wp-content\/uploads\/2021\/10\/MAGNETAR-BULLDOG-800-KIT-GOOGLE.jpg","width":1500,"height":1500,"caption":"MAGNETAR-BULLDOG-800-KIT"},{"@type":"BreadcrumbList","@id":"https:\/\/magnetarmagnets.com\/it\/shop\/kit-magnete-neodimio-da-pesca-doppia-faccia-880-kg-bulldog\/#breadcrumb","itemListElement":[{"@type":"ListItem","position":1,"name":"Home","item":"https:\/\/magnetarmagnets.com\/it\/"},{"@type":"ListItem","position":2,"name":"negozio","item":"https:\/\/magnetarmagnets.com\/negozio\/"},{"@type":"ListItem","position":3,"name":"Magneti da Pesca","item":"https:\/\/magnetarmagnets.com\/it\/collections\/magneti-da-pesca\/"},{"@type":"ListItem","position":4,"name":"Kit per la Pesca Magnetica","item":"https:\/\/magnetarmagnets.com\/it\/collections\/magneti-da-pesca\/kit-per-la-pesca-magnetica\/"},{"@type":"ListItem","position":5,"name":"Kit magnete neodimio da pesca doppia faccia \u2013 880 kg \u2013 Bulldog"}]},{"@type":"WebSite","@id":"https:\/\/magnetarmagnets.com\/it\/#website","url":"https:\/\/magnetarmagnets.com\/it\/","name":"Magnet fishing with a Magnetar fishing magnet","description":"Magneti potenti per la pesca magnetica","publisher":{"@id":"https:\/\/magnetarmagnets.com\/it\/#organization"},"potentialAction":[{"@type":"SearchAction","target":{"@type":"EntryPoint","urlTemplate":"https:\/\/magnetarmagnets.com\/it\/?s={search_term_string}"},"query-input":{"@type":"PropertyValueSpecification","valueRequired":true,"valueName":"search_term_string"}}],"inLanguage":"it-IT"},{"@type":"Organization","@id":"https:\/\/magnetarmagnets.com\/it\/#organization","name":"Magnetar","url":"https:\/\/magnetarmagnets.com\/it\/","logo":{"@type":"ImageObject","inLanguage":"it-IT","@id":"https:\/\/magnetarmagnets.com\/it\/#\/schema\/logo\/image\/","url":"https:\/\/magnetarmagnets.com\/wp-content\/uploads\/2025\/05\/Logo-03_PNG-Black-scaled.png","contentUrl":"https:\/\/magnetarmagnets.com\/wp-content\/uploads\/2025\/05\/Logo-03_PNG-Black-scaled.png","width":2560,"height":1658,"caption":"Magnetar"},"image":{"@id":"https:\/\/magnetarmagnets.com\/it\/#\/schema\/logo\/image\/"},"sameAs":["https:\/\/www.facebook.com\/fishingmagnets\/","https:\/\/www.instagram.com\/magnetar_magnets\/","https:\/\/www.linkedin.com\/company\/magnetarbv\/?originalSubdomain=nl","https:\/\/www.youtube.com\/c\/MagnetarVismagneet"]}]}},"_links":{"self":[{"href":"https:\/\/magnetarmagnets.com\/it\/wp-json\/wp\/v2\/product\/81813","targetHints":{"allow":["GET"]}}],"collection":[{"href":"https:\/\/magnetarmagnets.com\/it\/wp-json\/wp\/v2\/product"}],"about":[{"href":"https:\/\/magnetarmagnets.com\/it\/wp-json\/wp\/v2\/types\/product"}],"replies":[{"embeddable":true,"href":"https:\/\/magnetarmagnets.com\/it\/wp-json\/wp\/v2\/comments?post=81813"}],"version-history":[{"count":0,"href":"https:\/\/magnetarmagnets.com\/it\/wp-json\/wp\/v2\/product\/81813\/revisions"}],"wp:featuredmedia":[{"embeddable":true,"href":"https:\/\/magnetarmagnets.com\/it\/wp-json\/wp\/v2\/media\/72549"}],"wp:attachment":[{"href":"https:\/\/magnetarmagnets.com\/it\/wp-json\/wp\/v2\/media?parent=81813"}],"wp:term":[{"taxonomy":"product_brand","embeddable":true,"href":"https:\/\/magnetarmagnets.com\/it\/wp-json\/wp\/v2\/product_brand?post=81813"},{"taxonomy":"product_cat","embeddable":true,"href":"https:\/\/magnetarmagnets.com\/it\/wp-json\/wp\/v2\/product_cat?post=81813"},{"taxonomy":"product_tag","embeddable":true,"href":"https:\/\/magnetarmagnets.com\/it\/wp-json\/wp\/v2\/product_tag?post=81813"}],"curies":[{"name":"wp","href":"https:\/\/api.w.org\/{rel}","templated":true}]}}