{"id":81811,"date":"2025-07-07T15:27:29","date_gmt":"2025-07-07T13:27:29","guid":{"rendered":"https:\/\/magnetarmagnets.com\/?post_type=product&#038;p=81811"},"modified":"2026-01-13T12:59:49","modified_gmt":"2026-01-13T11:59:49","slug":"kit-magnete-da-pesca-a-doppia-faccia-500-kg-bulldog","status":"publish","type":"product","link":"https:\/\/magnetarmagnets.com\/it\/shop\/kit-magnete-da-pesca-a-doppia-faccia-500-kg-bulldog\/","title":{"rendered":"Kit magnete da pesca a doppia faccia &#8211; 500 kg &#8211; Bulldog"},"content":{"rendered":"Vuoi iniziare con la pesca con magnete? Il kit Bulldog 500 per pesca con magnete ti offre proprio questo. Questo pacchetto all-in-one contiene tutto il necessario per evitare spiacevoli sorprese sulla riva. Il nostro magnete da pesca Bulldog 500 a doppia faccia, guanti, una corda per magnete e colla metallica sono tutti inclusi in questo set completo. Cerchi un magnete a 360\u00b0? Scopri il nostro <a href=\"https:\/\/magnetarmagnets.com\/shop\/fishmagnet-package-pro\/\"><strong>Pro <\/strong><\/a><a href=\"https:\/\/magnetarmagnets.com\/shop\/fishmagnet-package-pro\/\"><strong>P<\/strong><\/a><a href=\"https:\/\/magnetarmagnets.com\/shop\/fishmagnet-package-pro\/\"><strong>ackage<\/strong><\/a>.\r\n<h2>Magnete da pesca Bulldog 500 a doppia faccia<\/h2>\r\nTutti i nostri magneti da pesca Bulldog hanno due facce magnetiche. Il Bulldog 500 ha una forza di trazione totale di 1100 lb \/ 500 kg, ovvero 550 lb \/ 250 kg per lato. Questo magnete \u00e8 abbastanza potente da estrarre dall&#8217;acqua gli oggetti pi\u00f9 sorprendenti. Rispetto ai magneti a faccia singola, le due facce magnetiche aumentano significativamente le probabilit\u00e0 di trovare tesori straordinari.\r\n\r\nI magneti a doppia faccia possono essere utilizzati in diversi modi. Se preferisci trascinare il magnete piatto attraverso l&#8217;acqua \u2014ottenendo maggiori possibilit\u00e0 di agganciare il tesoro\u2014 il perno ad occhiello pu\u00f2 essere montato sul lato del magnete. Le due facce magnetiche assicurano che ci sia sempre una forza attrattiva diretta verso i potenziali tesori sul fondo. Lo svantaggio \u00e8 che il movimento orizzontale esercita una forza di trazione inferiore sugli oggetti recuperati. Al contrario, la pesca verticale garantisce sempre una forza magnetica pi\u00f9 ottimale.\r\n\r\nQuando hai agganciato qualcosa e vuoi applicare maggiore forza, l&#8217;occhiello pu\u00f2 essere fissato verticalmente. Ci\u00f2 facilita una forza verticale pi\u00f9 intensa per sollevare oggetti pi\u00f9 pesanti, praticamente nello stesso modo dei nostri <a href=\"https:\/\/magnetarmagnets.com\/collections\/fishing-magnets\/single-sided-classic\/\"><strong>magneti classici<\/strong><\/a>. L&#8217;uso versatile dei magneti a doppia faccia li rende, una volta montati, i magneti pi\u00f9 multifunzionali che offriamo.\r\n\r\nStai cercando un magnete a doppia faccia ma hai dubbi sulla sua potenza? Dai un&#8217;occhiata al nostro <a href=\"https:\/\/magnetarmagnets.com\/shop\/bulldog-800-double-sided\/\"><strong>Bulldog 800<\/strong><\/a>. Si tratta di un modello pi\u00f9 pesante e potente con una forza di trazione combinata di ben 1760 lb \/ 800 kg. Preferisci un magnete a 360\u00b0 tutt&#8217;intorno? Scopri il <a href=\"https:\/\/magnetarmagnets.com\/shop\/exclusive-terror-magnet\/\"><strong>Terror<\/strong><\/a>. Non dimenticare di dare un&#8217;occhiata ai <a href=\"https:\/\/magnetarmagnets.com\/collections\/fishing-magnets\/magnet-fishing-kit\/\" target=\"_blank\" rel=\"noopener\">migliori kit per pesca con magnete<\/a> o ai nostri <a href=\"https:\/\/magnetarmagnets.com\/accessories\/\" target=\"_blank\" rel=\"noopener\">accessori per pesca con magnete<\/a>.","protected":false},"excerpt":{"rendered":"<p>Vuoi iniziare con la pesca con magnete? Il kit Bulldog 500 per pesca con magnete ti offre proprio questo. Questo pacchetto all-in-one contiene tutto il necessario per evitare spiacevoli sorprese sulla riva. Il nostro magnete da pesca Bulldog 500 a doppia faccia, guanti, una corda per magnete e colla metallica sono tutti inclusi in questo [&hellip;]<\/p>\n","protected":false},"featured_media":78869,"comment_status":"open","ping_status":"closed","template":"","meta":{"_acf_changed":false,"inline_featured_image":false},"product_brand":[],"product_cat":[480,473,478,481],"product_tag":[],"class_list":{"0":"post-81811","1":"product","2":"type-product","3":"status-publish","4":"has-post-thumbnail","6":"product_cat-kit-per-la-pesca-magnetica","7":"product_cat-magneti-da-pesca","8":"product_cat-magneti-da-pesca-a-doppia-faccia","9":"product_cat-per-avventurieri-esperti","11":"first","12":"instock","13":"sale","14":"taxable","15":"shipping-taxable","16":"purchasable","17":"product-type-simple"},"acf":[],"yoast_head":"<!-- This site is optimized with the Yoast SEO plugin v27.3 - https:\/\/yoast.com\/product\/yoast-seo-wordpress\/ -->\n<title>Kit magnete da pesca a doppia faccia - 500 kg - Bulldog - Magnet fishing with a Magnetar fishing magnet<\/title>\n<meta name=\"description\" content=\"Magnete da pesca a doppia faccia - 500 Kg - Bulldog - Magnetar\" \/>\n<meta name=\"robots\" content=\"index, follow, max-snippet:-1, max-image-preview:large, max-video-preview:-1\" \/>\n<link rel=\"canonical\" href=\"https:\/\/magnetarmagnets.com\/it\/shop\/kit-magnete-da-pesca-a-doppia-faccia-500-kg-bulldog\/\" \/>\n<meta property=\"og:locale\" content=\"it_IT\" \/>\n<meta property=\"og:type\" content=\"article\" \/>\n<meta property=\"og:title\" content=\"Kit magnete da pesca a doppia faccia - 500 kg - Bulldog - Magnet fishing with a Magnetar fishing magnet\" \/>\n<meta property=\"og:description\" content=\"Magnete da pesca a doppia faccia - 500 Kg - Bulldog - Magnetar\" \/>\n<meta property=\"og:url\" content=\"https:\/\/magnetarmagnets.com\/it\/shop\/kit-magnete-da-pesca-a-doppia-faccia-500-kg-bulldog\/\" \/>\n<meta property=\"og:site_name\" content=\"Magnet fishing with a Magnetar fishing magnet\" \/>\n<meta property=\"article:publisher\" content=\"https:\/\/www.facebook.com\/fishingmagnets\/\" \/>\n<meta property=\"article:modified_time\" content=\"2026-01-13T11:59:49+00:00\" \/>\n<meta property=\"og:image\" content=\"https:\/\/magnetarmagnets.com\/wp-content\/uploads\/2021\/10\/MAGNETAR-BULLDOG-500-KIT-GOOGLE.jpg\" \/>\n\t<meta property=\"og:image:width\" content=\"1500\" \/>\n\t<meta property=\"og:image:height\" content=\"1500\" \/>\n\t<meta property=\"og:image:type\" content=\"image\/jpeg\" \/>\n<meta name=\"twitter:card\" content=\"summary_large_image\" \/>\n<meta name=\"twitter:label1\" content=\"Tempo di lettura stimato\" \/>\n\t<meta name=\"twitter:data1\" content=\"3 minuti\" \/>\n<script type=\"application\/ld+json\" class=\"yoast-schema-graph\">{\"@context\":\"https:\\\/\\\/schema.org\",\"@graph\":[{\"@type\":[\"WebPage\",\"ItemPage\"],\"@id\":\"https:\\\/\\\/magnetarmagnets.com\\\/it\\\/shop\\\/kit-magnete-da-pesca-a-doppia-faccia-500-kg-bulldog\\\/\",\"url\":\"https:\\\/\\\/magnetarmagnets.com\\\/it\\\/shop\\\/kit-magnete-da-pesca-a-doppia-faccia-500-kg-bulldog\\\/\",\"name\":\"Kit magnete da pesca a doppia faccia - 500 kg - Bulldog - Magnet fishing with a Magnetar fishing magnet\",\"isPartOf\":{\"@id\":\"https:\\\/\\\/magnetarmagnets.com\\\/it\\\/#website\"},\"primaryImageOfPage\":{\"@id\":\"https:\\\/\\\/magnetarmagnets.com\\\/it\\\/shop\\\/kit-magnete-da-pesca-a-doppia-faccia-500-kg-bulldog\\\/#primaryimage\"},\"image\":{\"@id\":\"https:\\\/\\\/magnetarmagnets.com\\\/it\\\/shop\\\/kit-magnete-da-pesca-a-doppia-faccia-500-kg-bulldog\\\/#primaryimage\"},\"thumbnailUrl\":\"https:\\\/\\\/magnetarmagnets.com\\\/wp-content\\\/uploads\\\/2021\\\/10\\\/MAGNETAR-BULLDOG-500-KIT-GOOGLE.jpg\",\"datePublished\":\"2025-07-07T13:27:29+00:00\",\"dateModified\":\"2026-01-13T11:59:49+00:00\",\"description\":\"Magnete da pesca a doppia faccia - 500 Kg - Bulldog - Magnetar\",\"breadcrumb\":{\"@id\":\"https:\\\/\\\/magnetarmagnets.com\\\/it\\\/shop\\\/kit-magnete-da-pesca-a-doppia-faccia-500-kg-bulldog\\\/#breadcrumb\"},\"inLanguage\":\"it-IT\",\"potentialAction\":[{\"@type\":\"ReadAction\",\"target\":[\"https:\\\/\\\/magnetarmagnets.com\\\/it\\\/shop\\\/kit-magnete-da-pesca-a-doppia-faccia-500-kg-bulldog\\\/\"]}]},{\"@type\":\"ImageObject\",\"inLanguage\":\"it-IT\",\"@id\":\"https:\\\/\\\/magnetarmagnets.com\\\/it\\\/shop\\\/kit-magnete-da-pesca-a-doppia-faccia-500-kg-bulldog\\\/#primaryimage\",\"url\":\"https:\\\/\\\/magnetarmagnets.com\\\/wp-content\\\/uploads\\\/2021\\\/10\\\/MAGNETAR-BULLDOG-500-KIT-GOOGLE.jpg\",\"contentUrl\":\"https:\\\/\\\/magnetarmagnets.com\\\/wp-content\\\/uploads\\\/2021\\\/10\\\/MAGNETAR-BULLDOG-500-KIT-GOOGLE.jpg\",\"width\":1500,\"height\":1500,\"caption\":\"MAGNETAR-BULLDOG-500-KIT\"},{\"@type\":\"BreadcrumbList\",\"@id\":\"https:\\\/\\\/magnetarmagnets.com\\\/it\\\/shop\\\/kit-magnete-da-pesca-a-doppia-faccia-500-kg-bulldog\\\/#breadcrumb\",\"itemListElement\":[{\"@type\":\"ListItem\",\"position\":1,\"name\":\"Home\",\"item\":\"https:\\\/\\\/magnetarmagnets.com\\\/it\\\/\"},{\"@type\":\"ListItem\",\"position\":2,\"name\":\"negozio\",\"item\":\"https:\\\/\\\/magnetarmagnets.com\\\/negozio\\\/\"},{\"@type\":\"ListItem\",\"position\":3,\"name\":\"Magneti da Pesca\",\"item\":\"https:\\\/\\\/magnetarmagnets.com\\\/it\\\/collections\\\/magneti-da-pesca\\\/\"},{\"@type\":\"ListItem\",\"position\":4,\"name\":\"Kit per la Pesca Magnetica\",\"item\":\"https:\\\/\\\/magnetarmagnets.com\\\/it\\\/collections\\\/magneti-da-pesca\\\/kit-per-la-pesca-magnetica\\\/\"},{\"@type\":\"ListItem\",\"position\":5,\"name\":\"Kit magnete da pesca a doppia faccia &#8211; 500 kg &#8211; Bulldog\"}]},{\"@type\":\"WebSite\",\"@id\":\"https:\\\/\\\/magnetarmagnets.com\\\/it\\\/#website\",\"url\":\"https:\\\/\\\/magnetarmagnets.com\\\/it\\\/\",\"name\":\"Magnet fishing with a Magnetar fishing magnet\",\"description\":\"Magneti potenti per la pesca magnetica\",\"publisher\":{\"@id\":\"https:\\\/\\\/magnetarmagnets.com\\\/it\\\/#organization\"},\"potentialAction\":[{\"@type\":\"SearchAction\",\"target\":{\"@type\":\"EntryPoint\",\"urlTemplate\":\"https:\\\/\\\/magnetarmagnets.com\\\/it\\\/?s={search_term_string}\"},\"query-input\":{\"@type\":\"PropertyValueSpecification\",\"valueRequired\":true,\"valueName\":\"search_term_string\"}}],\"inLanguage\":\"it-IT\"},{\"@type\":\"Organization\",\"@id\":\"https:\\\/\\\/magnetarmagnets.com\\\/it\\\/#organization\",\"name\":\"Magnetar\",\"url\":\"https:\\\/\\\/magnetarmagnets.com\\\/it\\\/\",\"logo\":{\"@type\":\"ImageObject\",\"inLanguage\":\"it-IT\",\"@id\":\"https:\\\/\\\/magnetarmagnets.com\\\/it\\\/#\\\/schema\\\/logo\\\/image\\\/\",\"url\":\"https:\\\/\\\/magnetarmagnets.com\\\/wp-content\\\/uploads\\\/2025\\\/05\\\/Logo-03_PNG-Black-scaled.png\",\"contentUrl\":\"https:\\\/\\\/magnetarmagnets.com\\\/wp-content\\\/uploads\\\/2025\\\/05\\\/Logo-03_PNG-Black-scaled.png\",\"width\":2560,\"height\":1658,\"caption\":\"Magnetar\"},\"image\":{\"@id\":\"https:\\\/\\\/magnetarmagnets.com\\\/it\\\/#\\\/schema\\\/logo\\\/image\\\/\"},\"sameAs\":[\"https:\\\/\\\/www.facebook.com\\\/fishingmagnets\\\/\",\"https:\\\/\\\/www.instagram.com\\\/magnetar_magnets\\\/\",\"https:\\\/\\\/www.linkedin.com\\\/company\\\/magnetarbv\\\/?originalSubdomain=nl\",\"https:\\\/\\\/www.youtube.com\\\/c\\\/MagnetarVismagneet\"]}]}<\/script>\n<!-- \/ Yoast SEO plugin. -->","yoast_head_json":{"title":"Kit magnete da pesca a doppia faccia - 500 kg - Bulldog - Magnet fishing with a Magnetar fishing magnet","description":"Magnete da pesca a doppia faccia - 500 Kg - Bulldog - Magnetar","robots":{"index":"index","follow":"follow","max-snippet":"max-snippet:-1","max-image-preview":"max-image-preview:large","max-video-preview":"max-video-preview:-1"},"canonical":"https:\/\/magnetarmagnets.com\/it\/shop\/kit-magnete-da-pesca-a-doppia-faccia-500-kg-bulldog\/","og_locale":"it_IT","og_type":"article","og_title":"Kit magnete da pesca a doppia faccia - 500 kg - Bulldog - Magnet fishing with a Magnetar fishing magnet","og_description":"Magnete da pesca a doppia faccia - 500 Kg - Bulldog - Magnetar","og_url":"https:\/\/magnetarmagnets.com\/it\/shop\/kit-magnete-da-pesca-a-doppia-faccia-500-kg-bulldog\/","og_site_name":"Magnet fishing with a Magnetar fishing magnet","article_publisher":"https:\/\/www.facebook.com\/fishingmagnets\/","article_modified_time":"2026-01-13T11:59:49+00:00","og_image":[{"width":1500,"height":1500,"url":"https:\/\/magnetarmagnets.com\/wp-content\/uploads\/2021\/10\/MAGNETAR-BULLDOG-500-KIT-GOOGLE.jpg","type":"image\/jpeg"}],"twitter_card":"summary_large_image","twitter_misc":{"Tempo di lettura stimato":"3 minuti"},"schema":{"@context":"https:\/\/schema.org","@graph":[{"@type":["WebPage","ItemPage"],"@id":"https:\/\/magnetarmagnets.com\/it\/shop\/kit-magnete-da-pesca-a-doppia-faccia-500-kg-bulldog\/","url":"https:\/\/magnetarmagnets.com\/it\/shop\/kit-magnete-da-pesca-a-doppia-faccia-500-kg-bulldog\/","name":"Kit magnete da pesca a doppia faccia - 500 kg - Bulldog - Magnet fishing with a Magnetar fishing magnet","isPartOf":{"@id":"https:\/\/magnetarmagnets.com\/it\/#website"},"primaryImageOfPage":{"@id":"https:\/\/magnetarmagnets.com\/it\/shop\/kit-magnete-da-pesca-a-doppia-faccia-500-kg-bulldog\/#primaryimage"},"image":{"@id":"https:\/\/magnetarmagnets.com\/it\/shop\/kit-magnete-da-pesca-a-doppia-faccia-500-kg-bulldog\/#primaryimage"},"thumbnailUrl":"https:\/\/magnetarmagnets.com\/wp-content\/uploads\/2021\/10\/MAGNETAR-BULLDOG-500-KIT-GOOGLE.jpg","datePublished":"2025-07-07T13:27:29+00:00","dateModified":"2026-01-13T11:59:49+00:00","description":"Magnete da pesca a doppia faccia - 500 Kg - Bulldog - Magnetar","breadcrumb":{"@id":"https:\/\/magnetarmagnets.com\/it\/shop\/kit-magnete-da-pesca-a-doppia-faccia-500-kg-bulldog\/#breadcrumb"},"inLanguage":"it-IT","potentialAction":[{"@type":"ReadAction","target":["https:\/\/magnetarmagnets.com\/it\/shop\/kit-magnete-da-pesca-a-doppia-faccia-500-kg-bulldog\/"]}]},{"@type":"ImageObject","inLanguage":"it-IT","@id":"https:\/\/magnetarmagnets.com\/it\/shop\/kit-magnete-da-pesca-a-doppia-faccia-500-kg-bulldog\/#primaryimage","url":"https:\/\/magnetarmagnets.com\/wp-content\/uploads\/2021\/10\/MAGNETAR-BULLDOG-500-KIT-GOOGLE.jpg","contentUrl":"https:\/\/magnetarmagnets.com\/wp-content\/uploads\/2021\/10\/MAGNETAR-BULLDOG-500-KIT-GOOGLE.jpg","width":1500,"height":1500,"caption":"MAGNETAR-BULLDOG-500-KIT"},{"@type":"BreadcrumbList","@id":"https:\/\/magnetarmagnets.com\/it\/shop\/kit-magnete-da-pesca-a-doppia-faccia-500-kg-bulldog\/#breadcrumb","itemListElement":[{"@type":"ListItem","position":1,"name":"Home","item":"https:\/\/magnetarmagnets.com\/it\/"},{"@type":"ListItem","position":2,"name":"negozio","item":"https:\/\/magnetarmagnets.com\/negozio\/"},{"@type":"ListItem","position":3,"name":"Magneti da Pesca","item":"https:\/\/magnetarmagnets.com\/it\/collections\/magneti-da-pesca\/"},{"@type":"ListItem","position":4,"name":"Kit per la Pesca Magnetica","item":"https:\/\/magnetarmagnets.com\/it\/collections\/magneti-da-pesca\/kit-per-la-pesca-magnetica\/"},{"@type":"ListItem","position":5,"name":"Kit magnete da pesca a doppia faccia &#8211; 500 kg &#8211; Bulldog"}]},{"@type":"WebSite","@id":"https:\/\/magnetarmagnets.com\/it\/#website","url":"https:\/\/magnetarmagnets.com\/it\/","name":"Magnet fishing with a Magnetar fishing magnet","description":"Magneti potenti per la pesca magnetica","publisher":{"@id":"https:\/\/magnetarmagnets.com\/it\/#organization"},"potentialAction":[{"@type":"SearchAction","target":{"@type":"EntryPoint","urlTemplate":"https:\/\/magnetarmagnets.com\/it\/?s={search_term_string}"},"query-input":{"@type":"PropertyValueSpecification","valueRequired":true,"valueName":"search_term_string"}}],"inLanguage":"it-IT"},{"@type":"Organization","@id":"https:\/\/magnetarmagnets.com\/it\/#organization","name":"Magnetar","url":"https:\/\/magnetarmagnets.com\/it\/","logo":{"@type":"ImageObject","inLanguage":"it-IT","@id":"https:\/\/magnetarmagnets.com\/it\/#\/schema\/logo\/image\/","url":"https:\/\/magnetarmagnets.com\/wp-content\/uploads\/2025\/05\/Logo-03_PNG-Black-scaled.png","contentUrl":"https:\/\/magnetarmagnets.com\/wp-content\/uploads\/2025\/05\/Logo-03_PNG-Black-scaled.png","width":2560,"height":1658,"caption":"Magnetar"},"image":{"@id":"https:\/\/magnetarmagnets.com\/it\/#\/schema\/logo\/image\/"},"sameAs":["https:\/\/www.facebook.com\/fishingmagnets\/","https:\/\/www.instagram.com\/magnetar_magnets\/","https:\/\/www.linkedin.com\/company\/magnetarbv\/?originalSubdomain=nl","https:\/\/www.youtube.com\/c\/MagnetarVismagneet"]}]}},"_links":{"self":[{"href":"https:\/\/magnetarmagnets.com\/it\/wp-json\/wp\/v2\/product\/81811","targetHints":{"allow":["GET"]}}],"collection":[{"href":"https:\/\/magnetarmagnets.com\/it\/wp-json\/wp\/v2\/product"}],"about":[{"href":"https:\/\/magnetarmagnets.com\/it\/wp-json\/wp\/v2\/types\/product"}],"replies":[{"embeddable":true,"href":"https:\/\/magnetarmagnets.com\/it\/wp-json\/wp\/v2\/comments?post=81811"}],"version-history":[{"count":0,"href":"https:\/\/magnetarmagnets.com\/it\/wp-json\/wp\/v2\/product\/81811\/revisions"}],"wp:featuredmedia":[{"embeddable":true,"href":"https:\/\/magnetarmagnets.com\/it\/wp-json\/wp\/v2\/media\/78869"}],"wp:attachment":[{"href":"https:\/\/magnetarmagnets.com\/it\/wp-json\/wp\/v2\/media?parent=81811"}],"wp:term":[{"taxonomy":"product_brand","embeddable":true,"href":"https:\/\/magnetarmagnets.com\/it\/wp-json\/wp\/v2\/product_brand?post=81811"},{"taxonomy":"product_cat","embeddable":true,"href":"https:\/\/magnetarmagnets.com\/it\/wp-json\/wp\/v2\/product_cat?post=81811"},{"taxonomy":"product_tag","embeddable":true,"href":"https:\/\/magnetarmagnets.com\/it\/wp-json\/wp\/v2\/product_tag?post=81811"}],"curies":[{"name":"wp","href":"https:\/\/api.w.org\/{rel}","templated":true}]}}