{"id":81802,"date":"2025-06-05T09:54:16","date_gmt":"2025-06-05T07:54:16","guid":{"rendered":"https:\/\/magnetarmagnets.com\/?post_type=product&#038;p=81802"},"modified":"2026-04-03T13:02:56","modified_gmt":"2026-04-03T11:02:56","slug":"gancio-da-recupero-per-canna-da-pesca-con-magnete","status":"publish","type":"product","link":"https:\/\/magnetarmagnets.com\/it\/shop\/gancio-da-recupero-per-canna-da-pesca-con-magnete\/","title":{"rendered":"Gancio da recupero per canna da pesca con magnete"},"content":{"rendered":"Talvolta potresti trovare in acqua un oggetto che non riesci a recuperare solo con un magnete da pesca. Cosa fare in questi casi? Usa un gancio da recupero Magnetar! Con questo accessorio, potrai ottenere una presa salda anche sugli oggetti pi\u00f9 impegnativi. Il gancio da recupero \u00e8 dotato di un&#8217;estremit\u00e0 filettata, che ti consente di collegarlo al nostro &#8220;Lange Jan&#8221;, un&#8217;asta per pesca con magnete progettata appositamente per la pesca con magnete.\n\n<h2>Gancio da recupero di alta qualit\u00e0 con estremit\u00e0 filettata<\/h2>\n\nQuesto gancio da recupero per pesca con magnete \u00e8 realizzato interamente in acciaio inossidabile. Ci\u00f2 garantisce che il gancio stesso sia non magnetico e resistente alla ruggine, o che arrugginisca in modo minimo. Puoi usare questo accessorio in combinazione con il tuo magnete da pesca Magnetar senza problemi. Molto comodo, vero?\n\nQuesto strumento \u00e8 stato specificamente progettato per essere utilizzato con il Lange Jan. Il Lange Jan \u00e8 un&#8217;asta da sondaggio tipicamente utilizzata insieme a un <a href=\"https:\/\/magnetarmagnets.com\/strong-fishing-magnets\">magnete da pesca<\/a> Magnetar. D&#8217;ora in poi potrai anche montare un gancio da recupero sul Lange Jan, rendendo pi\u00f9 semplice rimuovere oggetti sommersi rispetto al solo utilizzo di una corda.\n\n<h2>Come si utilizza il gancio da recupero filettato?<\/h2>\n\nUtilizzi inizialmente il gancio da recupero per recuperare oggetti non magnetici dall&#8217;acqua. Con l&#8217;asta da sondaggio, puoi cercare di agganciare una delle punte dietro l&#8217;oggetto. Quindi, tira delicatamente l&#8217;oggetto verso l&#8217;alto.\n\nTalvolta potresti non ottenere una presa sufficiente su un oggetto usando solo un magnete da pesca. In questo caso, un gancio da recupero Magnetar ti viene in aiuto. Abbassa con attenzione il gancio da recupero e prova ad agganciarlo dietro l&#8217;oggetto. Successivamente, tira contemporaneamente su magnete e gancio da recupero.\n\n<h2>Qualit\u00e0 Magnetar<\/h2>\n\nMagnetar \u00e8 una piccola azienda a conduzione familiare guidata da veri appassionati di pesca con magnete. La qualit\u00e0 \u00e8 la nostra massima priorit\u00e0 e la puoi notare nei nostri prodotti. Tutti i prodotti sono progettati dal nostro team interno per garantire qualit\u00e0. Cerchi attrezzatura affidabile, efficace e di alta qualit\u00e0 per la pesca con magnete? Allora sei nel posto giusto con Magnetar!\n\n<h2>Nota bene!<\/h2>\n\nIl gancio da recupero filettato deve essere usato con cautela durante e dopo la pesca con magnete. \u00c8 consigliabile pulire questo prodotto dopo l&#8217;uso per prolungarne la durata. Inoltre, fai attenzione alle punte affilate del gancio da recupero. Assicurati di conservare il prodotto in modo che queste punte non rappresentino pericolo.","protected":false},"excerpt":{"rendered":"<p>Monti questo <strong>gancio da recupero filettato<\/strong> sulla nostra canna da pesca con magnete &#8216;Lange Jan&#8217;. Ci\u00f2 ti permette di usare un <strong>gancio da recupero<\/strong> in modo <strong>ancora pi\u00f9 efficiente<\/strong>.<\/p>\n","protected":false},"featured_media":73381,"comment_status":"open","ping_status":"closed","template":"","meta":{"_acf_changed":false,"inline_featured_image":false},"product_brand":[],"product_cat":[718,720],"product_tag":[],"class_list":{"0":"post-81802","1":"product","2":"type-product","3":"status-publish","4":"has-post-thumbnail","6":"product_cat-varusteet","7":"product_cat-kalastusmagneettivarusteet","9":"first","10":"instock","11":"taxable","12":"shipping-taxable","13":"purchasable","14":"product-type-simple"},"acf":[],"yoast_head":"<!-- This site is optimized with the Yoast SEO plugin v27.4 - https:\/\/yoast.com\/product\/yoast-seo-wordpress\/ -->\n<title>Gancio da recupero per canna da pesca con magnete<\/title>\n<meta name=\"description\" content=\"Gancio da recupero per pesca con magnete - Essenziali Magnetar\" \/>\n<meta name=\"robots\" content=\"index, follow, max-snippet:-1, max-image-preview:large, max-video-preview:-1\" \/>\n<link rel=\"canonical\" href=\"https:\/\/magnetarmagnets.com\/it\/shop\/gancio-da-recupero-per-canna-da-pesca-con-magnete\/\" \/>\n<meta property=\"og:locale\" content=\"it_IT\" \/>\n<meta property=\"og:type\" content=\"article\" \/>\n<meta property=\"og:title\" content=\"Gancio da recupero per canna da pesca con magnete\" \/>\n<meta property=\"og:description\" content=\"Gancio da recupero per pesca con magnete - Essenziali Magnetar\" \/>\n<meta property=\"og:url\" content=\"https:\/\/magnetarmagnets.com\/it\/shop\/gancio-da-recupero-per-canna-da-pesca-con-magnete\/\" \/>\n<meta property=\"og:site_name\" content=\"Magnet fishing with a Magnetar fishing magnet\" \/>\n<meta property=\"article:publisher\" content=\"https:\/\/www.facebook.com\/fishingmagnets\/\" \/>\n<meta property=\"article:modified_time\" content=\"2026-04-03T11:02:56+00:00\" \/>\n<meta property=\"og:image\" content=\"https:\/\/magnetarmagnets.com\/wp-content\/uploads\/2023\/09\/JNF-Magnetar-Bedrijfsfotografie-01-09-2023-Foto-0172.jpg\" \/>\n\t<meta property=\"og:image:width\" content=\"1000\" \/>\n\t<meta property=\"og:image:height\" content=\"1000\" \/>\n\t<meta property=\"og:image:type\" content=\"image\/jpeg\" \/>\n<meta name=\"twitter:card\" content=\"summary_large_image\" \/>\n<meta name=\"twitter:label1\" content=\"Tempo di lettura stimato\" \/>\n\t<meta name=\"twitter:data1\" content=\"2 minuti\" \/>\n<script type=\"application\/ld+json\" class=\"yoast-schema-graph\">{\"@context\":\"https:\\\/\\\/schema.org\",\"@graph\":[{\"@type\":[\"WebPage\",\"ItemPage\"],\"@id\":\"https:\\\/\\\/magnetarmagnets.com\\\/it\\\/shop\\\/gancio-da-recupero-per-canna-da-pesca-con-magnete\\\/\",\"url\":\"https:\\\/\\\/magnetarmagnets.com\\\/it\\\/shop\\\/gancio-da-recupero-per-canna-da-pesca-con-magnete\\\/\",\"name\":\"Gancio da recupero per canna da pesca con magnete\",\"isPartOf\":{\"@id\":\"https:\\\/\\\/magnetarmagnets.com\\\/it\\\/#website\"},\"primaryImageOfPage\":{\"@id\":\"https:\\\/\\\/magnetarmagnets.com\\\/it\\\/shop\\\/gancio-da-recupero-per-canna-da-pesca-con-magnete\\\/#primaryimage\"},\"image\":{\"@id\":\"https:\\\/\\\/magnetarmagnets.com\\\/it\\\/shop\\\/gancio-da-recupero-per-canna-da-pesca-con-magnete\\\/#primaryimage\"},\"thumbnailUrl\":\"https:\\\/\\\/magnetarmagnets.com\\\/wp-content\\\/uploads\\\/2023\\\/09\\\/JNF-Magnetar-Bedrijfsfotografie-01-09-2023-Foto-0172.jpg\",\"datePublished\":\"2025-06-05T07:54:16+00:00\",\"dateModified\":\"2026-04-03T11:02:56+00:00\",\"description\":\"Gancio da recupero per pesca con magnete - Essenziali Magnetar\",\"breadcrumb\":{\"@id\":\"https:\\\/\\\/magnetarmagnets.com\\\/it\\\/shop\\\/gancio-da-recupero-per-canna-da-pesca-con-magnete\\\/#breadcrumb\"},\"inLanguage\":\"it-IT\",\"potentialAction\":[{\"@type\":\"ReadAction\",\"target\":[\"https:\\\/\\\/magnetarmagnets.com\\\/it\\\/shop\\\/gancio-da-recupero-per-canna-da-pesca-con-magnete\\\/\"]}]},{\"@type\":\"ImageObject\",\"inLanguage\":\"it-IT\",\"@id\":\"https:\\\/\\\/magnetarmagnets.com\\\/it\\\/shop\\\/gancio-da-recupero-per-canna-da-pesca-con-magnete\\\/#primaryimage\",\"url\":\"https:\\\/\\\/magnetarmagnets.com\\\/wp-content\\\/uploads\\\/2023\\\/09\\\/JNF-Magnetar-Bedrijfsfotografie-01-09-2023-Foto-0172.jpg\",\"contentUrl\":\"https:\\\/\\\/magnetarmagnets.com\\\/wp-content\\\/uploads\\\/2023\\\/09\\\/JNF-Magnetar-Bedrijfsfotografie-01-09-2023-Foto-0172.jpg\",\"width\":1000,\"height\":1000,\"caption\":\"The grappling hook with a thread for magnet fishing\"},{\"@type\":\"BreadcrumbList\",\"@id\":\"https:\\\/\\\/magnetarmagnets.com\\\/it\\\/shop\\\/gancio-da-recupero-per-canna-da-pesca-con-magnete\\\/#breadcrumb\",\"itemListElement\":[{\"@type\":\"ListItem\",\"position\":1,\"name\":\"Home\",\"item\":\"https:\\\/\\\/magnetarmagnets.com\\\/it\\\/\"},{\"@type\":\"ListItem\",\"position\":2,\"name\":\"negozio\",\"item\":\"https:\\\/\\\/magnetarmagnets.com\\\/negozio\\\/\"},{\"@type\":\"ListItem\",\"position\":3,\"name\":\"Attrezzatura\",\"item\":\"https:\\\/\\\/magnetarmagnets.com\\\/it\\\/collections\\\/attrezzatura\\\/\"},{\"@type\":\"ListItem\",\"position\":4,\"name\":\"Attrezzatura per la Pesca Magnetica\",\"item\":\"https:\\\/\\\/magnetarmagnets.com\\\/it\\\/collections\\\/attrezzatura\\\/attrezzatura-per-la-pesca-magnetica\\\/\"},{\"@type\":\"ListItem\",\"position\":5,\"name\":\"Gancio da recupero per canna da pesca con magnete\"}]},{\"@type\":\"WebSite\",\"@id\":\"https:\\\/\\\/magnetarmagnets.com\\\/it\\\/#website\",\"url\":\"https:\\\/\\\/magnetarmagnets.com\\\/it\\\/\",\"name\":\"Magnet fishing with a Magnetar fishing magnet\",\"description\":\"Magneti potenti per la pesca magnetica\",\"publisher\":{\"@id\":\"https:\\\/\\\/magnetarmagnets.com\\\/it\\\/#organization\"},\"potentialAction\":[{\"@type\":\"SearchAction\",\"target\":{\"@type\":\"EntryPoint\",\"urlTemplate\":\"https:\\\/\\\/magnetarmagnets.com\\\/it\\\/?s={search_term_string}\"},\"query-input\":{\"@type\":\"PropertyValueSpecification\",\"valueRequired\":true,\"valueName\":\"search_term_string\"}}],\"inLanguage\":\"it-IT\"},{\"@type\":\"Organization\",\"@id\":\"https:\\\/\\\/magnetarmagnets.com\\\/it\\\/#organization\",\"name\":\"Magnetar\",\"url\":\"https:\\\/\\\/magnetarmagnets.com\\\/it\\\/\",\"logo\":{\"@type\":\"ImageObject\",\"inLanguage\":\"it-IT\",\"@id\":\"https:\\\/\\\/magnetarmagnets.com\\\/it\\\/#\\\/schema\\\/logo\\\/image\\\/\",\"url\":\"https:\\\/\\\/magnetarmagnets.com\\\/wp-content\\\/uploads\\\/2025\\\/05\\\/Logo-03_PNG-Black-scaled.png\",\"contentUrl\":\"https:\\\/\\\/magnetarmagnets.com\\\/wp-content\\\/uploads\\\/2025\\\/05\\\/Logo-03_PNG-Black-scaled.png\",\"width\":2560,\"height\":1658,\"caption\":\"Magnetar\"},\"image\":{\"@id\":\"https:\\\/\\\/magnetarmagnets.com\\\/it\\\/#\\\/schema\\\/logo\\\/image\\\/\"},\"sameAs\":[\"https:\\\/\\\/www.facebook.com\\\/fishingmagnets\\\/\",\"https:\\\/\\\/www.instagram.com\\\/magnetar_magnets\\\/\",\"https:\\\/\\\/www.linkedin.com\\\/company\\\/magnetarbv\\\/?originalSubdomain=nl\",\"https:\\\/\\\/www.youtube.com\\\/c\\\/MagnetarVismagneet\"]}]}<\/script>\n<!-- \/ Yoast SEO plugin. -->","yoast_head_json":{"title":"Gancio da recupero per canna da pesca con magnete","description":"Gancio da recupero per pesca con magnete - Essenziali Magnetar","robots":{"index":"index","follow":"follow","max-snippet":"max-snippet:-1","max-image-preview":"max-image-preview:large","max-video-preview":"max-video-preview:-1"},"canonical":"https:\/\/magnetarmagnets.com\/it\/shop\/gancio-da-recupero-per-canna-da-pesca-con-magnete\/","og_locale":"it_IT","og_type":"article","og_title":"Gancio da recupero per canna da pesca con magnete","og_description":"Gancio da recupero per pesca con magnete - Essenziali Magnetar","og_url":"https:\/\/magnetarmagnets.com\/it\/shop\/gancio-da-recupero-per-canna-da-pesca-con-magnete\/","og_site_name":"Magnet fishing with a Magnetar fishing magnet","article_publisher":"https:\/\/www.facebook.com\/fishingmagnets\/","article_modified_time":"2026-04-03T11:02:56+00:00","og_image":[{"width":1000,"height":1000,"url":"https:\/\/magnetarmagnets.com\/wp-content\/uploads\/2023\/09\/JNF-Magnetar-Bedrijfsfotografie-01-09-2023-Foto-0172.jpg","type":"image\/jpeg"}],"twitter_card":"summary_large_image","twitter_misc":{"Tempo di lettura stimato":"2 minuti"},"schema":{"@context":"https:\/\/schema.org","@graph":[{"@type":["WebPage","ItemPage"],"@id":"https:\/\/magnetarmagnets.com\/it\/shop\/gancio-da-recupero-per-canna-da-pesca-con-magnete\/","url":"https:\/\/magnetarmagnets.com\/it\/shop\/gancio-da-recupero-per-canna-da-pesca-con-magnete\/","name":"Gancio da recupero per canna da pesca con magnete","isPartOf":{"@id":"https:\/\/magnetarmagnets.com\/it\/#website"},"primaryImageOfPage":{"@id":"https:\/\/magnetarmagnets.com\/it\/shop\/gancio-da-recupero-per-canna-da-pesca-con-magnete\/#primaryimage"},"image":{"@id":"https:\/\/magnetarmagnets.com\/it\/shop\/gancio-da-recupero-per-canna-da-pesca-con-magnete\/#primaryimage"},"thumbnailUrl":"https:\/\/magnetarmagnets.com\/wp-content\/uploads\/2023\/09\/JNF-Magnetar-Bedrijfsfotografie-01-09-2023-Foto-0172.jpg","datePublished":"2025-06-05T07:54:16+00:00","dateModified":"2026-04-03T11:02:56+00:00","description":"Gancio da recupero per pesca con magnete - Essenziali Magnetar","breadcrumb":{"@id":"https:\/\/magnetarmagnets.com\/it\/shop\/gancio-da-recupero-per-canna-da-pesca-con-magnete\/#breadcrumb"},"inLanguage":"it-IT","potentialAction":[{"@type":"ReadAction","target":["https:\/\/magnetarmagnets.com\/it\/shop\/gancio-da-recupero-per-canna-da-pesca-con-magnete\/"]}]},{"@type":"ImageObject","inLanguage":"it-IT","@id":"https:\/\/magnetarmagnets.com\/it\/shop\/gancio-da-recupero-per-canna-da-pesca-con-magnete\/#primaryimage","url":"https:\/\/magnetarmagnets.com\/wp-content\/uploads\/2023\/09\/JNF-Magnetar-Bedrijfsfotografie-01-09-2023-Foto-0172.jpg","contentUrl":"https:\/\/magnetarmagnets.com\/wp-content\/uploads\/2023\/09\/JNF-Magnetar-Bedrijfsfotografie-01-09-2023-Foto-0172.jpg","width":1000,"height":1000,"caption":"The grappling hook with a thread for magnet fishing"},{"@type":"BreadcrumbList","@id":"https:\/\/magnetarmagnets.com\/it\/shop\/gancio-da-recupero-per-canna-da-pesca-con-magnete\/#breadcrumb","itemListElement":[{"@type":"ListItem","position":1,"name":"Home","item":"https:\/\/magnetarmagnets.com\/it\/"},{"@type":"ListItem","position":2,"name":"negozio","item":"https:\/\/magnetarmagnets.com\/negozio\/"},{"@type":"ListItem","position":3,"name":"Attrezzatura","item":"https:\/\/magnetarmagnets.com\/it\/collections\/attrezzatura\/"},{"@type":"ListItem","position":4,"name":"Attrezzatura per la Pesca Magnetica","item":"https:\/\/magnetarmagnets.com\/it\/collections\/attrezzatura\/attrezzatura-per-la-pesca-magnetica\/"},{"@type":"ListItem","position":5,"name":"Gancio da recupero per canna da pesca con magnete"}]},{"@type":"WebSite","@id":"https:\/\/magnetarmagnets.com\/it\/#website","url":"https:\/\/magnetarmagnets.com\/it\/","name":"Magnet fishing with a Magnetar fishing magnet","description":"Magneti potenti per la pesca magnetica","publisher":{"@id":"https:\/\/magnetarmagnets.com\/it\/#organization"},"potentialAction":[{"@type":"SearchAction","target":{"@type":"EntryPoint","urlTemplate":"https:\/\/magnetarmagnets.com\/it\/?s={search_term_string}"},"query-input":{"@type":"PropertyValueSpecification","valueRequired":true,"valueName":"search_term_string"}}],"inLanguage":"it-IT"},{"@type":"Organization","@id":"https:\/\/magnetarmagnets.com\/it\/#organization","name":"Magnetar","url":"https:\/\/magnetarmagnets.com\/it\/","logo":{"@type":"ImageObject","inLanguage":"it-IT","@id":"https:\/\/magnetarmagnets.com\/it\/#\/schema\/logo\/image\/","url":"https:\/\/magnetarmagnets.com\/wp-content\/uploads\/2025\/05\/Logo-03_PNG-Black-scaled.png","contentUrl":"https:\/\/magnetarmagnets.com\/wp-content\/uploads\/2025\/05\/Logo-03_PNG-Black-scaled.png","width":2560,"height":1658,"caption":"Magnetar"},"image":{"@id":"https:\/\/magnetarmagnets.com\/it\/#\/schema\/logo\/image\/"},"sameAs":["https:\/\/www.facebook.com\/fishingmagnets\/","https:\/\/www.instagram.com\/magnetar_magnets\/","https:\/\/www.linkedin.com\/company\/magnetarbv\/?originalSubdomain=nl","https:\/\/www.youtube.com\/c\/MagnetarVismagneet"]}]}},"_links":{"self":[{"href":"https:\/\/magnetarmagnets.com\/it\/wp-json\/wp\/v2\/product\/81802","targetHints":{"allow":["GET"]}}],"collection":[{"href":"https:\/\/magnetarmagnets.com\/it\/wp-json\/wp\/v2\/product"}],"about":[{"href":"https:\/\/magnetarmagnets.com\/it\/wp-json\/wp\/v2\/types\/product"}],"replies":[{"embeddable":true,"href":"https:\/\/magnetarmagnets.com\/it\/wp-json\/wp\/v2\/comments?post=81802"}],"version-history":[{"count":0,"href":"https:\/\/magnetarmagnets.com\/it\/wp-json\/wp\/v2\/product\/81802\/revisions"}],"wp:featuredmedia":[{"embeddable":true,"href":"https:\/\/magnetarmagnets.com\/it\/wp-json\/wp\/v2\/media\/73381"}],"wp:attachment":[{"href":"https:\/\/magnetarmagnets.com\/it\/wp-json\/wp\/v2\/media?parent=81802"}],"wp:term":[{"taxonomy":"product_brand","embeddable":true,"href":"https:\/\/magnetarmagnets.com\/it\/wp-json\/wp\/v2\/product_brand?post=81802"},{"taxonomy":"product_cat","embeddable":true,"href":"https:\/\/magnetarmagnets.com\/it\/wp-json\/wp\/v2\/product_cat?post=81802"},{"taxonomy":"product_tag","embeddable":true,"href":"https:\/\/magnetarmagnets.com\/it\/wp-json\/wp\/v2\/product_tag?post=81802"}],"curies":[{"name":"wp","href":"https:\/\/api.w.org\/{rel}","templated":true}]}}